{"id":89,"date":"2023-04-18T13:49:12","date_gmt":"2023-04-18T12:49:12","guid":{"rendered":"https:\/\/multi-mam.com\/pt\/?page_id=89"},"modified":"2023-04-19T08:59:47","modified_gmt":"2023-04-19T07:59:47","slug":"dor-na-mama-durante-a-amamentacao","status":"publish","type":"page","link":"https:\/\/multi-mam.com\/pt\/artigos\/amamentacao\/dor-na-mama-durante-a-amamentacao\/","title":{"rendered":"Dor na mama durante a amamenta\u00e7\u00e3o"},"content":{"rendered":"\n<div class=\"wp-block-karopharma-free-text pt-large pb-large bg-center bg-cover bg-no-repeat  is-style-primary\" style=\"background-image:url()\"><div class=\"free-text-wrapper container max-w-medium text-left\">\n<h1 class=\"wp-block-heading\">Dor na mama durante a amamenta\u00e7\u00e3o<\/h1>\n\n\n\n<p class=\"is-style-paragraph-preamble\">Muitas m\u00e3es cessam a amamenta\u00e7\u00e3o mais cedo do que o recomendado devido a dor e desconfortos que sentem diariamente. Compreendemos que ter dor na mama durante a amamenta\u00e7\u00e3o pode deix\u00e1-la com medo da pr\u00f3xima sess\u00e3o, e por isso compil\u00e1mos um guia com as causas mais comuns para dor no mamilo.<\/p>\n<\/div><\/div>\n\n\n\n<div class=\"wp-block-karopharma-free-text pt-large pb-large bg-center bg-cover bg-no-repeat\" style=\"background-image:url()\"><div class=\"free-text-wrapper container max-w-medium text-left\">\n<h2 class=\"is-style-heading-h2 wp-block-heading\">O reflexo da descida do leite<\/h2>\n\n\n\n<p>\u00c9 uma sensa\u00e7\u00e3o normal \u2013 poder\u00e1 sentir dor nos seus peitos causada pelas c\u00e9lulas musculares espremerem leite durante a amamenta\u00e7\u00e3o. A sensa\u00e7\u00e3o pode ser suave, parecida com formigueiro, ou pode ser uma forte press\u00e3o. Com o passar do tempo ir\u00e1 habituar-se a essas sensa\u00e7\u00f5es at\u00e9 que parem de a incomodar.<\/p>\n\n\n\n<h2 class=\"is-style-heading-h2 wp-block-heading\">Mamilos doridos<\/h2>\n\n\n\n<p>A raz\u00e3o mais comum para mamilos doridos \u00e9 o beb\u00e9 n\u00e3o mamar corretamente. Isto faz com que o beb\u00e9 consiga roer e mastigar o mamilo em vez de mamar de forma apropriada, o que resulta em pequenas fissuras e escoria\u00e7\u00f5es na pele sens\u00edvel do mamilo. Este tipo de problemas podem ser bastante dolorosos, por isso aconselhamos que em primeiro lugar, encontre uma posi\u00e7\u00e3o em que o seu beb\u00e9 mame corretamente no mamilo todo, e parte do peito tambem deve estar dentro da sua boca. O mamilo deve estar posicionado perto da parte de tr\u00e1s da boca do beb\u00e9 para que o leite v\u00e1 diretamente para a sua garganta. Incline ligeiramente a cabe\u00e7a do beb\u00e9 e pressione o seu queixo ao peito, mantenha o nariz longe do peito para que o beb\u00e9 possa respirar sem dificuldades. Ponha o seu bra\u00e7o por baixo dos ombros do beb\u00e9 para que a cabe\u00e7a possa estar inclinada ligeiramente para tr\u00e1s. Mantenha o seu beb\u00e9 bastante junto de si. Com estas indica\u00e7\u00f5es, experimente diferentes posi\u00e7\u00f5es e encontre a que melhor se adapta aos dois \u2013 pode tentar sentar-se numa cadeira inclinada, deitando-se com o seu beb\u00e9 pr\u00f3ximo de si ou sentar-se com o seu beb\u00e9 deitado numa almofada \u00e0 sua frente. Se os mamilos j\u00e1 estiverem gretados, aplique uma compressa que ir\u00e1 acelerar o processo de cura. Pode tamb\u00e9m proteger os seus mamilos entre mamadas, aplicando um b\u00e1lsamo \u2013 assegure-se que \u00e9 seguro para o seu beb\u00e9, para que possa n\u00e3o ter que limpar antes de dar de mamar.<\/p>\n\n\n\n<h2 class=\"is-style-heading-h2 wp-block-heading\">Infe\u00e7\u00e3o f\u00fangica<\/h2>\n\n\n\n<p>Uma infe\u00e7\u00e3o f\u00fangica que se desenvolve nos seus mamilos e na boca do seu beb\u00e9, pode por vezes entrar nos ductos do leite e causar dor. Este problema requer um tratamento adequado prescrito por um m\u00e9dico.<\/p>\n\n\n\n<h2 class=\"is-style-heading-h2 wp-block-heading\">Ingurgitamento<\/h2>\n\n\n\n<p>Este problema acontece frequentemente nos primeiros dias ap\u00f3s o seu beb\u00e9 nascer, ou se n\u00e3o der de mamar as vezes necess\u00e1rias (ex: viajar, esquecer de retirar o leite, ou saltar uma sess\u00e3o de amamenta\u00e7\u00e3o). Isto faz com que os seus peitos fiquem cheios de leite, aumentem, quentes ao toque e doridos. Se tem um rec\u00e9m-nascido, n\u00e3o se preocupe, este problema ir\u00e1 desaparecer assim que estabelecer um plano de rotina de amamenta\u00e7\u00e3o. Se viaja ou tem um hor\u00e1rio ocupado, considere em retirar o leite com uma bomba para evitar o ingurgitamento.<\/p>\n\n\n\n<h2 class=\"is-style-heading-h2 wp-block-heading\">Mastite<\/h2>\n\n\n\n<p>Se verificar que possui vermelhid\u00e3o, incha\u00e7o, dor e formigueiro numa parte do seu peito, e algumas vezes acompanhado de febre e dores no corpo, provavelmente ter\u00e1 mastite \u2013 uma inflama\u00e7\u00e3o do peito causada por uma infe\u00e7\u00e3o. As causas de mastite s\u00e3o maioritariamente devido a uma m\u00e1 t\u00e9cnica de amamenta\u00e7\u00e3o que faz com que o leite fique preso no peito. Outras causas s\u00e3o: um ducto entupido que faz com que o leite volte para tr\u00e1s e provoca infe\u00e7\u00f5es; e bact\u00e9rias que entram no peito atrav\u00e9s de uma falha ou greta na pele do mamilo ou atrav\u00e9s da abertura do ducto de leite. Pode amamentar o seu beb\u00e9 independentemente da inflama\u00e7\u00e3o, mas deve consultar o seu m\u00e9dico para receber tratamento apropriado.<\/p>\n<\/div><\/div>\n","protected":false},"excerpt":{"rendered":"","protected":false},"author":2,"featured_media":0,"parent":76,"menu_order":5,"comment_status":"closed","ping_status":"closed","template":"","meta":{"_acf_changed":false,"footnotes":""},"from-article-database":[],"class_list":["post-89","page","type-page","status-publish","hentry"],"acf":[],"yoast_head":"<!-- This site is optimized with the Yoast SEO plugin v26.6 - https:\/\/yoast.com\/wordpress\/plugins\/seo\/ -->\n<title>Dor na mama durante a amamenta\u00e7\u00e3o - Multi-Mam<\/title>\n<meta name=\"description\" content=\"Muitas m\u00e3es cessam a amamenta\u00e7\u00e3o mais cedo do que o recomendado devido a dor e desconfortos que sentem diariamente.\" \/>\n<meta name=\"robots\" content=\"index, follow, max-snippet:-1, max-image-preview:large, max-video-preview:-1\" \/>\n<link rel=\"canonical\" href=\"https:\/\/multi-mam.com\/pt\/artigos\/amamentacao\/dor-na-mama-durante-a-amamentacao\/\" \/>\n<meta property=\"og:locale\" content=\"pt_PT\" \/>\n<meta property=\"og:type\" content=\"article\" \/>\n<meta property=\"og:title\" content=\"Dor na mama durante a amamenta\u00e7\u00e3o - Multi-Mam\" \/>\n<meta property=\"og:description\" content=\"Muitas m\u00e3es cessam a amamenta\u00e7\u00e3o mais cedo do que o recomendado devido a dor e desconfortos que sentem diariamente.\" \/>\n<meta property=\"og:url\" content=\"https:\/\/multi-mam.com\/pt\/artigos\/amamentacao\/dor-na-mama-durante-a-amamentacao\/\" \/>\n<meta property=\"og:site_name\" content=\"Multi-Mam\" \/>\n<meta property=\"article:modified_time\" content=\"2023-04-19T07:59:47+00:00\" \/>\n<meta name=\"twitter:card\" content=\"summary_large_image\" \/>\n<meta name=\"twitter:label1\" content=\"Tempo estimado de leitura\" \/>\n\t<meta name=\"twitter:data1\" content=\"4 minutos\" \/>\n<script type=\"application\/ld+json\" class=\"yoast-schema-graph\">{\"@context\":\"https:\/\/schema.org\",\"@graph\":[{\"@type\":\"WebPage\",\"@id\":\"https:\/\/multi-mam.com\/pt\/artigos\/amamentacao\/dor-na-mama-durante-a-amamentacao\/\",\"url\":\"https:\/\/multi-mam.com\/pt\/artigos\/amamentacao\/dor-na-mama-durante-a-amamentacao\/\",\"name\":\"Dor na mama durante a amamenta\u00e7\u00e3o - Multi-Mam\",\"isPartOf\":{\"@id\":\"https:\/\/multi-mam.com\/pt\/#website\"},\"datePublished\":\"2023-04-18T12:49:12+00:00\",\"dateModified\":\"2023-04-19T07:59:47+00:00\",\"description\":\"Muitas m\u00e3es cessam a amamenta\u00e7\u00e3o mais cedo do que o recomendado devido a dor e desconfortos que sentem diariamente.\",\"breadcrumb\":{\"@id\":\"https:\/\/multi-mam.com\/pt\/artigos\/amamentacao\/dor-na-mama-durante-a-amamentacao\/#breadcrumb\"},\"inLanguage\":\"pt-PT\",\"potentialAction\":[{\"@type\":\"ReadAction\",\"target\":[\"https:\/\/multi-mam.com\/pt\/artigos\/amamentacao\/dor-na-mama-durante-a-amamentacao\/\"]}]},{\"@type\":\"BreadcrumbList\",\"@id\":\"https:\/\/multi-mam.com\/pt\/artigos\/amamentacao\/dor-na-mama-durante-a-amamentacao\/#breadcrumb\",\"itemListElement\":[{\"@type\":\"ListItem\",\"position\":1,\"name\":\"Home\",\"item\":\"https:\/\/multi-mam.com\/pt\/\"},{\"@type\":\"ListItem\",\"position\":2,\"name\":\"Artigos\",\"item\":\"https:\/\/multi-mam.com\/pt\/artigos\/\"},{\"@type\":\"ListItem\",\"position\":3,\"name\":\"Amamenta\u00e7\u00e3o\",\"item\":\"https:\/\/multi-mam.com\/pt\/artigos\/amamentacao\/\"},{\"@type\":\"ListItem\",\"position\":4,\"name\":\"Dor na mama durante a amamenta\u00e7\u00e3o\"}]},{\"@type\":\"WebSite\",\"@id\":\"https:\/\/multi-mam.com\/pt\/#website\",\"url\":\"https:\/\/multi-mam.com\/pt\/\",\"name\":\"Multi-Mam\",\"description\":\"\",\"publisher\":{\"@id\":\"https:\/\/multi-mam.com\/pt\/#organization\"},\"potentialAction\":[{\"@type\":\"SearchAction\",\"target\":{\"@type\":\"EntryPoint\",\"urlTemplate\":\"https:\/\/multi-mam.com\/pt\/?s={search_term_string}\"},\"query-input\":{\"@type\":\"PropertyValueSpecification\",\"valueRequired\":true,\"valueName\":\"search_term_string\"}}],\"inLanguage\":\"pt-PT\"},{\"@type\":\"Organization\",\"@id\":\"https:\/\/multi-mam.com\/pt\/#organization\",\"name\":\"Multi-Mam\",\"url\":\"https:\/\/multi-mam.com\/pt\/\",\"logo\":{\"@type\":\"ImageObject\",\"inLanguage\":\"pt-PT\",\"@id\":\"https:\/\/multi-mam.com\/pt\/#\/schema\/logo\/image\/\",\"url\":\"https:\/\/multi-mam.com\/app\/uploads\/sites\/26\/2023\/04\/multi-mam-logotype.png\",\"contentUrl\":\"https:\/\/multi-mam.com\/app\/uploads\/sites\/26\/2023\/04\/multi-mam-logotype.png\",\"width\":70,\"height\":96,\"caption\":\"Multi-Mam\"},\"image\":{\"@id\":\"https:\/\/multi-mam.com\/pt\/#\/schema\/logo\/image\/\"}}]}<\/script>\n<!-- \/ Yoast SEO plugin. -->","yoast_head_json":{"title":"Dor na mama durante a amamenta\u00e7\u00e3o - Multi-Mam","description":"Muitas m\u00e3es cessam a amamenta\u00e7\u00e3o mais cedo do que o recomendado devido a dor e desconfortos que sentem diariamente.","robots":{"index":"index","follow":"follow","max-snippet":"max-snippet:-1","max-image-preview":"max-image-preview:large","max-video-preview":"max-video-preview:-1"},"canonical":"https:\/\/multi-mam.com\/pt\/artigos\/amamentacao\/dor-na-mama-durante-a-amamentacao\/","og_locale":"pt_PT","og_type":"article","og_title":"Dor na mama durante a amamenta\u00e7\u00e3o - Multi-Mam","og_description":"Muitas m\u00e3es cessam a amamenta\u00e7\u00e3o mais cedo do que o recomendado devido a dor e desconfortos que sentem diariamente.","og_url":"https:\/\/multi-mam.com\/pt\/artigos\/amamentacao\/dor-na-mama-durante-a-amamentacao\/","og_site_name":"Multi-Mam","article_modified_time":"2023-04-19T07:59:47+00:00","twitter_card":"summary_large_image","twitter_misc":{"Tempo estimado de leitura":"4 minutos"},"schema":{"@context":"https:\/\/schema.org","@graph":[{"@type":"WebPage","@id":"https:\/\/multi-mam.com\/pt\/artigos\/amamentacao\/dor-na-mama-durante-a-amamentacao\/","url":"https:\/\/multi-mam.com\/pt\/artigos\/amamentacao\/dor-na-mama-durante-a-amamentacao\/","name":"Dor na mama durante a amamenta\u00e7\u00e3o - Multi-Mam","isPartOf":{"@id":"https:\/\/multi-mam.com\/pt\/#website"},"datePublished":"2023-04-18T12:49:12+00:00","dateModified":"2023-04-19T07:59:47+00:00","description":"Muitas m\u00e3es cessam a amamenta\u00e7\u00e3o mais cedo do que o recomendado devido a dor e desconfortos que sentem diariamente.","breadcrumb":{"@id":"https:\/\/multi-mam.com\/pt\/artigos\/amamentacao\/dor-na-mama-durante-a-amamentacao\/#breadcrumb"},"inLanguage":"pt-PT","potentialAction":[{"@type":"ReadAction","target":["https:\/\/multi-mam.com\/pt\/artigos\/amamentacao\/dor-na-mama-durante-a-amamentacao\/"]}]},{"@type":"BreadcrumbList","@id":"https:\/\/multi-mam.com\/pt\/artigos\/amamentacao\/dor-na-mama-durante-a-amamentacao\/#breadcrumb","itemListElement":[{"@type":"ListItem","position":1,"name":"Home","item":"https:\/\/multi-mam.com\/pt\/"},{"@type":"ListItem","position":2,"name":"Artigos","item":"https:\/\/multi-mam.com\/pt\/artigos\/"},{"@type":"ListItem","position":3,"name":"Amamenta\u00e7\u00e3o","item":"https:\/\/multi-mam.com\/pt\/artigos\/amamentacao\/"},{"@type":"ListItem","position":4,"name":"Dor na mama durante a amamenta\u00e7\u00e3o"}]},{"@type":"WebSite","@id":"https:\/\/multi-mam.com\/pt\/#website","url":"https:\/\/multi-mam.com\/pt\/","name":"Multi-Mam","description":"","publisher":{"@id":"https:\/\/multi-mam.com\/pt\/#organization"},"potentialAction":[{"@type":"SearchAction","target":{"@type":"EntryPoint","urlTemplate":"https:\/\/multi-mam.com\/pt\/?s={search_term_string}"},"query-input":{"@type":"PropertyValueSpecification","valueRequired":true,"valueName":"search_term_string"}}],"inLanguage":"pt-PT"},{"@type":"Organization","@id":"https:\/\/multi-mam.com\/pt\/#organization","name":"Multi-Mam","url":"https:\/\/multi-mam.com\/pt\/","logo":{"@type":"ImageObject","inLanguage":"pt-PT","@id":"https:\/\/multi-mam.com\/pt\/#\/schema\/logo\/image\/","url":"https:\/\/multi-mam.com\/app\/uploads\/sites\/26\/2023\/04\/multi-mam-logotype.png","contentUrl":"https:\/\/multi-mam.com\/app\/uploads\/sites\/26\/2023\/04\/multi-mam-logotype.png","width":70,"height":96,"caption":"Multi-Mam"},"image":{"@id":"https:\/\/multi-mam.com\/pt\/#\/schema\/logo\/image\/"}}]}},"_links":{"self":[{"href":"https:\/\/multi-mam.com\/pt\/wp-json\/wp\/v2\/pages\/89","targetHints":{"allow":["GET"]}}],"collection":[{"href":"https:\/\/multi-mam.com\/pt\/wp-json\/wp\/v2\/pages"}],"about":[{"href":"https:\/\/multi-mam.com\/pt\/wp-json\/wp\/v2\/types\/page"}],"author":[{"embeddable":true,"href":"https:\/\/multi-mam.com\/pt\/wp-json\/wp\/v2\/users\/2"}],"replies":[{"embeddable":true,"href":"https:\/\/multi-mam.com\/pt\/wp-json\/wp\/v2\/comments?post=89"}],"version-history":[{"count":2,"href":"https:\/\/multi-mam.com\/pt\/wp-json\/wp\/v2\/pages\/89\/revisions"}],"predecessor-version":[{"id":205,"href":"https:\/\/multi-mam.com\/pt\/wp-json\/wp\/v2\/pages\/89\/revisions\/205"}],"up":[{"embeddable":true,"href":"https:\/\/multi-mam.com\/pt\/wp-json\/wp\/v2\/pages\/76"}],"wp:attachment":[{"href":"https:\/\/multi-mam.com\/pt\/wp-json\/wp\/v2\/media?parent=89"}],"wp:term":[{"taxonomy":"from-article-database","embeddable":true,"href":"https:\/\/multi-mam.com\/pt\/wp-json\/wp\/v2\/from-article-database?post=89"}],"curies":[{"name":"wp","href":"https:\/\/api.w.org\/{rel}","templated":true}]}}