{"id":83,"date":"2023-04-18T13:48:17","date_gmt":"2023-04-18T12:48:17","guid":{"rendered":"https:\/\/multi-mam.com\/pt\/?page_id=83"},"modified":"2023-04-18T14:33:24","modified_gmt":"2023-04-18T13:33:24","slug":"bebe-mordedor","status":"publish","type":"page","link":"https:\/\/multi-mam.com\/pt\/artigos\/amamentacao\/bebe-mordedor\/","title":{"rendered":"Beb\u00e9 mordedor"},"content":{"rendered":"\n<div class=\"wp-block-karopharma-free-text pt-large pb-large bg-center bg-cover bg-no-repeat  is-style-primary\" style=\"background-image:url()\"><div class=\"free-text-wrapper container max-w-medium text-left\">\n<h1 class=\"wp-block-heading\">Beb\u00e9 mordedor<\/h1>\n\n\n\n<p class=\"is-style-paragraph-preamble\">Morder enquanto amamenta n\u00e3o \u00e9 apenas muito doloroso, mas tamb\u00e9m faz com que amamentar se torne bastante desagrad\u00e1vel para si. Isto pode fazer com que deixe de apreciar os momentos calmos e de liga\u00e7\u00e3o com o seu beb\u00e9, quer seja devido aos mamilos estarem doridos das dentadas, ou devido ao medo que aconte\u00e7a novamente.<\/p>\n<\/div><\/div>\n\n\n\n<div class=\"wp-block-karopharma-free-text pt-large pb-large bg-center bg-cover bg-no-repeat\" style=\"background-image:url()\"><div class=\"free-text-wrapper container max-w-medium text-left\">\n<h2 class=\"is-style-heading-h2 wp-block-heading\">Como prevenir que o beb\u00e9 morda durante a amamenta\u00e7\u00e3o<\/h2>\n\n\n\n<p>Morder enquanto amamenta n\u00e3o \u00e9 apenas muito doloroso, mas tamb\u00e9m faz com que amamentar se torne bastante desagrad\u00e1vel para si. Isto pode fazer com que deixe de apreciar os momentos calmos e de liga\u00e7\u00e3o com o seu beb\u00e9, quer seja devido aos mamilos estarem doridos das dentadas, ou devido ao medo que aconte\u00e7a novamente.<\/p>\n\n\n\n<p>Como prevenir que o beb\u00e9 morda durante a amamenta\u00e7\u00e3o<\/p>\n\n\n\n<p>\u00c9 imposs\u00edvel que um beb\u00e9 morda se estiver a mamar ativamente. Durante a amamenta\u00e7\u00e3o, a l\u00edngua do beb\u00e9 cobre a ponta dos dentes por isso \u00e9 fisicamente imposs\u00edvel morder no mamilo. Por isso, a coisa mais importante que pode fazer para prevenir que ele morda \u00e9 observar o seu beb\u00e9. Muitas vezes as dentadas acontecem no fim das mamadas, quando o seu beb\u00e9 est\u00e1 cheio e n\u00e3o concentrado em mamar. Observe o seu beb\u00e9 atentamente e assim que verifique alguma altera\u00e7\u00e3o na tens\u00e3o do maxilar ou sinta a l\u00edngua a movimentar-se para tr\u00e1s, termine a mamada e retire o beb\u00e9 da mama, assim reduz o risco de ele morder. Caso a dentada aconte\u00e7a no in\u00edcio da mamada, assegure-se que o seu beb\u00e9 mama da forma adequada \u2013 tente alterar as posi\u00e7\u00f5es de mamar e encontre uma que permita ao seu beb\u00e9 colocar o mamilo de forma apropriada na boca.<\/p>\n\n\n\n<p>Apesar do medo que muitas m\u00e3es t\u00eam, o in\u00edcio do processo de denti\u00e7\u00e3o n\u00e3o \u00e9 necessariamente o fim da amamenta\u00e7\u00e3o. Se as dentadas s\u00e3o causadas devido a desconfortos da denti\u00e7\u00e3o, retire o beb\u00e9 da sua mama e d\u00ea-lhe um brinquedo adequado para os desconfortos da denti\u00e7\u00e3o.<\/p>\n\n\n\n<p>Por vezes, se est\u00e1 a ver televis\u00e3o ou ao telefone enquanto amamenta, o seu beb\u00e9 poder\u00e1 morder para chamar \u00e0 aten\u00e7\u00e3o. Dedique o tempo de amamentar apenas para o seu beb\u00e9 e foque-se nele. Escolha um quarto sossegado com uma luz fraca, sem distra\u00e7\u00f5es. Isto ir\u00e1 ajud\u00e1-la a manter a aten\u00e7\u00e3o no seu beb\u00e9, bem como ajudar a que ele se acalme e relaxe. Fale com o seu beb\u00e9, mantenha o contacto visual ou aconchegue-o. Isto ir\u00e1 proporcionar aten\u00e7\u00e3o suficiente para o seu beb\u00e9, e ir\u00e1 tamb\u00e9m ajudar a reconhecer os sinais de quando uma dentada poder\u00e1 estar prestes a acontecer.<\/p>\n\n\n\n<p>Se o seu beb\u00e9 est\u00e1 constipado, tente amamenta-lo numa posi\u00e7\u00e3o vertical para tornar a respira\u00e7\u00e3o mais f\u00e1cil.<\/p>\n\n\n\n<p>Todas as crian\u00e7as conseguem aprender a n\u00e3o morder, seja qual for a sua idade \u2013 apenas necessita de refor\u00e7o positivo e persist\u00eancia. Use um tom gentil e positivo para elogiar o seu beb\u00e9 quando ele come\u00e7a e terminar de amamentar.<\/p>\n\n\n\n<h2 class=\"is-style-heading-h2 wp-block-heading\">O que fazer caso o seu beb\u00e9 morda<\/h2>\n\n\n\n<p>Pare a sua sess\u00e3o de amamenta\u00e7\u00e3o imediatamente. Tente n\u00e3o puxar repentinamente (apesar de ser uma rea\u00e7\u00e3o instintiva), pois pode causar mais danos no mamilo. Puxe o beb\u00e9 para perto do mamilo, deslize o dedo gentilmente para o canto dos l\u00e1bios do seu beb\u00e9, entre os dentes, e por fim puxe o mamilo para fora. Fa\u00e7a uma pausa durante a sess\u00e3o de amamenta\u00e7\u00e3o, ou caso j\u00e1 esteja praticamente no fim, pare a sess\u00e3o por completo. Se a dentada causou dano ao mamilo, \u00e9 importante aplicar um tratamento adequado o mais rapidamente poss\u00edvel, antes que se desenvolva numa infe\u00e7\u00e3o. Pode acalmar o seu mamilo aplicando gelo, que ajudar\u00e1 na dor, e de seguida poder\u00e1 aplicar uma compressa que ir\u00e1 adiantar o processo de cura. Entre cada mamada aplique um b\u00e1lsamo protetor do mamilo que ir\u00e1 suavizar e nutrir a pele, e tamb\u00e9m fornece prote\u00e7\u00e3o a futuras dores.<\/p>\n<\/div><\/div>\n","protected":false},"excerpt":{"rendered":"","protected":false},"author":2,"featured_media":0,"parent":76,"menu_order":2,"comment_status":"closed","ping_status":"closed","template":"","meta":{"_acf_changed":false,"footnotes":""},"from-article-database":[],"class_list":["post-83","page","type-page","status-publish","hentry"],"acf":[],"yoast_head":"<!-- This site is optimized with the Yoast SEO plugin v26.6 - https:\/\/yoast.com\/wordpress\/plugins\/seo\/ -->\n<title>Beb\u00e9 mordedor - Multi-Mam<\/title>\n<meta name=\"description\" content=\"Morder enquanto amamenta n\u00e3o \u00e9 apenas muito doloroso, mas tamb\u00e9m faz com que amamentar se torne bastante desagrad\u00e1vel para si.\" \/>\n<meta name=\"robots\" content=\"index, follow, max-snippet:-1, max-image-preview:large, max-video-preview:-1\" \/>\n<link rel=\"canonical\" href=\"https:\/\/multi-mam.com\/pt\/artigos\/amamentacao\/bebe-mordedor\/\" \/>\n<meta property=\"og:locale\" content=\"pt_PT\" \/>\n<meta property=\"og:type\" content=\"article\" \/>\n<meta property=\"og:title\" content=\"Beb\u00e9 mordedor - Multi-Mam\" \/>\n<meta property=\"og:description\" content=\"Morder enquanto amamenta n\u00e3o \u00e9 apenas muito doloroso, mas tamb\u00e9m faz com que amamentar se torne bastante desagrad\u00e1vel para si.\" \/>\n<meta property=\"og:url\" content=\"https:\/\/multi-mam.com\/pt\/artigos\/amamentacao\/bebe-mordedor\/\" \/>\n<meta property=\"og:site_name\" content=\"Multi-Mam\" \/>\n<meta property=\"article:modified_time\" content=\"2023-04-18T13:33:24+00:00\" \/>\n<meta name=\"twitter:card\" content=\"summary_large_image\" \/>\n<meta name=\"twitter:label1\" content=\"Tempo estimado de leitura\" \/>\n\t<meta name=\"twitter:data1\" content=\"4 minutos\" \/>\n<script type=\"application\/ld+json\" class=\"yoast-schema-graph\">{\"@context\":\"https:\/\/schema.org\",\"@graph\":[{\"@type\":\"WebPage\",\"@id\":\"https:\/\/multi-mam.com\/pt\/artigos\/amamentacao\/bebe-mordedor\/\",\"url\":\"https:\/\/multi-mam.com\/pt\/artigos\/amamentacao\/bebe-mordedor\/\",\"name\":\"Beb\u00e9 mordedor - Multi-Mam\",\"isPartOf\":{\"@id\":\"https:\/\/multi-mam.com\/pt\/#website\"},\"datePublished\":\"2023-04-18T12:48:17+00:00\",\"dateModified\":\"2023-04-18T13:33:24+00:00\",\"description\":\"Morder enquanto amamenta n\u00e3o \u00e9 apenas muito doloroso, mas tamb\u00e9m faz com que amamentar se torne bastante desagrad\u00e1vel para si.\",\"breadcrumb\":{\"@id\":\"https:\/\/multi-mam.com\/pt\/artigos\/amamentacao\/bebe-mordedor\/#breadcrumb\"},\"inLanguage\":\"pt-PT\",\"potentialAction\":[{\"@type\":\"ReadAction\",\"target\":[\"https:\/\/multi-mam.com\/pt\/artigos\/amamentacao\/bebe-mordedor\/\"]}]},{\"@type\":\"BreadcrumbList\",\"@id\":\"https:\/\/multi-mam.com\/pt\/artigos\/amamentacao\/bebe-mordedor\/#breadcrumb\",\"itemListElement\":[{\"@type\":\"ListItem\",\"position\":1,\"name\":\"Home\",\"item\":\"https:\/\/multi-mam.com\/pt\/\"},{\"@type\":\"ListItem\",\"position\":2,\"name\":\"Artigos\",\"item\":\"https:\/\/multi-mam.com\/pt\/artigos\/\"},{\"@type\":\"ListItem\",\"position\":3,\"name\":\"Amamenta\u00e7\u00e3o\",\"item\":\"https:\/\/multi-mam.com\/pt\/artigos\/amamentacao\/\"},{\"@type\":\"ListItem\",\"position\":4,\"name\":\"Beb\u00e9 mordedor\"}]},{\"@type\":\"WebSite\",\"@id\":\"https:\/\/multi-mam.com\/pt\/#website\",\"url\":\"https:\/\/multi-mam.com\/pt\/\",\"name\":\"Multi-Mam\",\"description\":\"\",\"publisher\":{\"@id\":\"https:\/\/multi-mam.com\/pt\/#organization\"},\"potentialAction\":[{\"@type\":\"SearchAction\",\"target\":{\"@type\":\"EntryPoint\",\"urlTemplate\":\"https:\/\/multi-mam.com\/pt\/?s={search_term_string}\"},\"query-input\":{\"@type\":\"PropertyValueSpecification\",\"valueRequired\":true,\"valueName\":\"search_term_string\"}}],\"inLanguage\":\"pt-PT\"},{\"@type\":\"Organization\",\"@id\":\"https:\/\/multi-mam.com\/pt\/#organization\",\"name\":\"Multi-Mam\",\"url\":\"https:\/\/multi-mam.com\/pt\/\",\"logo\":{\"@type\":\"ImageObject\",\"inLanguage\":\"pt-PT\",\"@id\":\"https:\/\/multi-mam.com\/pt\/#\/schema\/logo\/image\/\",\"url\":\"https:\/\/multi-mam.com\/app\/uploads\/sites\/26\/2023\/04\/multi-mam-logotype.png\",\"contentUrl\":\"https:\/\/multi-mam.com\/app\/uploads\/sites\/26\/2023\/04\/multi-mam-logotype.png\",\"width\":70,\"height\":96,\"caption\":\"Multi-Mam\"},\"image\":{\"@id\":\"https:\/\/multi-mam.com\/pt\/#\/schema\/logo\/image\/\"}}]}<\/script>\n<!-- \/ Yoast SEO plugin. -->","yoast_head_json":{"title":"Beb\u00e9 mordedor - Multi-Mam","description":"Morder enquanto amamenta n\u00e3o \u00e9 apenas muito doloroso, mas tamb\u00e9m faz com que amamentar se torne bastante desagrad\u00e1vel para si.","robots":{"index":"index","follow":"follow","max-snippet":"max-snippet:-1","max-image-preview":"max-image-preview:large","max-video-preview":"max-video-preview:-1"},"canonical":"https:\/\/multi-mam.com\/pt\/artigos\/amamentacao\/bebe-mordedor\/","og_locale":"pt_PT","og_type":"article","og_title":"Beb\u00e9 mordedor - Multi-Mam","og_description":"Morder enquanto amamenta n\u00e3o \u00e9 apenas muito doloroso, mas tamb\u00e9m faz com que amamentar se torne bastante desagrad\u00e1vel para si.","og_url":"https:\/\/multi-mam.com\/pt\/artigos\/amamentacao\/bebe-mordedor\/","og_site_name":"Multi-Mam","article_modified_time":"2023-04-18T13:33:24+00:00","twitter_card":"summary_large_image","twitter_misc":{"Tempo estimado de leitura":"4 minutos"},"schema":{"@context":"https:\/\/schema.org","@graph":[{"@type":"WebPage","@id":"https:\/\/multi-mam.com\/pt\/artigos\/amamentacao\/bebe-mordedor\/","url":"https:\/\/multi-mam.com\/pt\/artigos\/amamentacao\/bebe-mordedor\/","name":"Beb\u00e9 mordedor - Multi-Mam","isPartOf":{"@id":"https:\/\/multi-mam.com\/pt\/#website"},"datePublished":"2023-04-18T12:48:17+00:00","dateModified":"2023-04-18T13:33:24+00:00","description":"Morder enquanto amamenta n\u00e3o \u00e9 apenas muito doloroso, mas tamb\u00e9m faz com que amamentar se torne bastante desagrad\u00e1vel para si.","breadcrumb":{"@id":"https:\/\/multi-mam.com\/pt\/artigos\/amamentacao\/bebe-mordedor\/#breadcrumb"},"inLanguage":"pt-PT","potentialAction":[{"@type":"ReadAction","target":["https:\/\/multi-mam.com\/pt\/artigos\/amamentacao\/bebe-mordedor\/"]}]},{"@type":"BreadcrumbList","@id":"https:\/\/multi-mam.com\/pt\/artigos\/amamentacao\/bebe-mordedor\/#breadcrumb","itemListElement":[{"@type":"ListItem","position":1,"name":"Home","item":"https:\/\/multi-mam.com\/pt\/"},{"@type":"ListItem","position":2,"name":"Artigos","item":"https:\/\/multi-mam.com\/pt\/artigos\/"},{"@type":"ListItem","position":3,"name":"Amamenta\u00e7\u00e3o","item":"https:\/\/multi-mam.com\/pt\/artigos\/amamentacao\/"},{"@type":"ListItem","position":4,"name":"Beb\u00e9 mordedor"}]},{"@type":"WebSite","@id":"https:\/\/multi-mam.com\/pt\/#website","url":"https:\/\/multi-mam.com\/pt\/","name":"Multi-Mam","description":"","publisher":{"@id":"https:\/\/multi-mam.com\/pt\/#organization"},"potentialAction":[{"@type":"SearchAction","target":{"@type":"EntryPoint","urlTemplate":"https:\/\/multi-mam.com\/pt\/?s={search_term_string}"},"query-input":{"@type":"PropertyValueSpecification","valueRequired":true,"valueName":"search_term_string"}}],"inLanguage":"pt-PT"},{"@type":"Organization","@id":"https:\/\/multi-mam.com\/pt\/#organization","name":"Multi-Mam","url":"https:\/\/multi-mam.com\/pt\/","logo":{"@type":"ImageObject","inLanguage":"pt-PT","@id":"https:\/\/multi-mam.com\/pt\/#\/schema\/logo\/image\/","url":"https:\/\/multi-mam.com\/app\/uploads\/sites\/26\/2023\/04\/multi-mam-logotype.png","contentUrl":"https:\/\/multi-mam.com\/app\/uploads\/sites\/26\/2023\/04\/multi-mam-logotype.png","width":70,"height":96,"caption":"Multi-Mam"},"image":{"@id":"https:\/\/multi-mam.com\/pt\/#\/schema\/logo\/image\/"}}]}},"_links":{"self":[{"href":"https:\/\/multi-mam.com\/pt\/wp-json\/wp\/v2\/pages\/83","targetHints":{"allow":["GET"]}}],"collection":[{"href":"https:\/\/multi-mam.com\/pt\/wp-json\/wp\/v2\/pages"}],"about":[{"href":"https:\/\/multi-mam.com\/pt\/wp-json\/wp\/v2\/types\/page"}],"author":[{"embeddable":true,"href":"https:\/\/multi-mam.com\/pt\/wp-json\/wp\/v2\/users\/2"}],"replies":[{"embeddable":true,"href":"https:\/\/multi-mam.com\/pt\/wp-json\/wp\/v2\/comments?post=83"}],"version-history":[{"count":2,"href":"https:\/\/multi-mam.com\/pt\/wp-json\/wp\/v2\/pages\/83\/revisions"}],"predecessor-version":[{"id":197,"href":"https:\/\/multi-mam.com\/pt\/wp-json\/wp\/v2\/pages\/83\/revisions\/197"}],"up":[{"embeddable":true,"href":"https:\/\/multi-mam.com\/pt\/wp-json\/wp\/v2\/pages\/76"}],"wp:attachment":[{"href":"https:\/\/multi-mam.com\/pt\/wp-json\/wp\/v2\/media?parent=83"}],"wp:term":[{"taxonomy":"from-article-database","embeddable":true,"href":"https:\/\/multi-mam.com\/pt\/wp-json\/wp\/v2\/from-article-database?post=83"}],"curies":[{"name":"wp","href":"https:\/\/api.w.org\/{rel}","templated":true}]}}