{"id":76,"date":"2023-04-18T13:46:23","date_gmt":"2023-04-18T12:46:23","guid":{"rendered":"https:\/\/multi-mam.com\/pt\/?page_id=76"},"modified":"2023-04-20T13:28:41","modified_gmt":"2023-04-20T12:28:41","slug":"amamentacao","status":"publish","type":"page","link":"https:\/\/multi-mam.com\/pt\/artigos\/amamentacao\/","title":{"rendered":"Amamenta\u00e7\u00e3o"},"content":{"rendered":"\n<div class=\"wp-block-karopharma-free-text pt-large pb-large bg-center bg-cover bg-no-repeat  is-style-primary\" style=\"background-image:url()\"><div class=\"free-text-wrapper container max-w-medium text-left\">\n<h1 class=\"wp-block-heading\">Amamenta\u00e7\u00e3o<\/h1>\n<\/div><\/div>\n\n\n\n<div class=\"wp-block-karopharma-free-text pt-small pb-large bg-center bg-cover bg-no-repeat\" style=\"background-image:url()\"><div class=\"free-text-wrapper container max-w-medium text-left\"><div class=\"menu-nav-list widget widget_nav_menu\">\n            <h3 class=\"widget_title\">Ler artigos:<\/h3>\n                <ul class=\"menu\">\n                            <li class=\"menu-item\">\n                    <a href=\"https:\/\/multi-mam.com\/pt\/artigos\/amamentacao\/dicas-de-amamentacao\/\" title=\"Dicas de amamenta\u00e7\u00e3o\">Dicas de amamenta\u00e7\u00e3o<\/a>\n                <\/li>\n                            <li class=\"menu-item\">\n                    <a href=\"https:\/\/multi-mam.com\/pt\/artigos\/amamentacao\/bebe-mordedor\/\" title=\"Beb\u00e9 mordedor\">Beb\u00e9 mordedor<\/a>\n                <\/li>\n                            <li class=\"menu-item\">\n                    <a href=\"https:\/\/multi-mam.com\/pt\/artigos\/amamentacao\/evolucao-alimentar-do-bebe\/\" title=\"Evolu\u00e7\u00e3o alimentar do Beb\u00e9\">Evolu\u00e7\u00e3o alimentar do Beb\u00e9<\/a>\n                <\/li>\n                            <li class=\"menu-item\">\n                    <a href=\"https:\/\/multi-mam.com\/pt\/artigos\/amamentacao\/alcool-e-amamentacao\/\" title=\"\u00c1lcool e amamenta\u00e7\u00e3o\">\u00c1lcool e amamenta\u00e7\u00e3o<\/a>\n                <\/li>\n                            <li class=\"menu-item\">\n                    <a href=\"https:\/\/multi-mam.com\/pt\/artigos\/amamentacao\/dor-na-mama-durante-a-amamentacao\/\" title=\"Dor na mama durante a amamenta\u00e7\u00e3o\">Dor na mama durante a amamenta\u00e7\u00e3o<\/a>\n                <\/li>\n                            <li class=\"menu-item\">\n                    <a href=\"https:\/\/multi-mam.com\/pt\/artigos\/amamentacao\/desmame\/\" title=\"Desmame\">Desmame<\/a>\n                <\/li>\n                            <li class=\"menu-item\">\n                    <a href=\"https:\/\/multi-mam.com\/pt\/artigos\/amamentacao\/os-beneficios-de-amamentar\/\" title=\"Os benef\u00edcios de amamentar\">Os benef\u00edcios de amamentar<\/a>\n                <\/li>\n                            <li class=\"menu-item\">\n                    <a href=\"https:\/\/multi-mam.com\/pt\/artigos\/amamentacao\/alivio-para-amamentacao-dolorosa\/\" title=\"Al\u00edvio para amamenta\u00e7\u00e3o dolorosa\">Al\u00edvio para amamenta\u00e7\u00e3o dolorosa<\/a>\n                <\/li>\n                            <li class=\"menu-item\">\n                    <a href=\"https:\/\/multi-mam.com\/pt\/artigos\/amamentacao\/a-anatomia-do-peito\/\" title=\"A anatomia do peito\">A anatomia do peito<\/a>\n                <\/li>\n                            <li class=\"menu-item\">\n                    <a href=\"https:\/\/multi-mam.com\/pt\/artigos\/amamentacao\/refluxo\/\" title=\"Refluxo\">Refluxo<\/a>\n                <\/li>\n                            <li class=\"menu-item\">\n                    <a href=\"https:\/\/multi-mam.com\/pt\/artigos\/amamentacao\/ducto-de-leite-entupido\/\" title=\"Ducto de leite entupido\">Ducto de leite entupido<\/a>\n                <\/li>\n                            <li class=\"menu-item\">\n                    <a href=\"https:\/\/multi-mam.com\/pt\/artigos\/amamentacao\/retirar-leite-do-peito\/\" title=\"Retirar leite do peito\">Retirar leite do peito<\/a>\n                <\/li>\n                            <li class=\"menu-item\">\n                    <a href=\"https:\/\/multi-mam.com\/pt\/artigos\/amamentacao\/cuidado-do-mamilo\/\" title=\"Cuidado do Mamilo\">Cuidado do Mamilo<\/a>\n                <\/li>\n                            <li class=\"menu-item\">\n                    <a href=\"https:\/\/multi-mam.com\/pt\/artigos\/amamentacao\/problemas-de-lactacao\/\" title=\"Problemas de Lacta\u00e7\u00e3o\">Problemas de Lacta\u00e7\u00e3o<\/a>\n                <\/li>\n                            <li class=\"menu-item\">\n                    <a href=\"https:\/\/multi-mam.com\/pt\/artigos\/amamentacao\/mastite\/\" title=\"Mastite\">Mastite<\/a>\n                <\/li>\n                            <li class=\"menu-item\">\n                    <a href=\"https:\/\/multi-mam.com\/pt\/artigos\/amamentacao\/lactacao\/\" title=\"Lacta\u00e7\u00e3o\">Lacta\u00e7\u00e3o<\/a>\n                <\/li>\n                            <li class=\"menu-item\">\n                    <a href=\"https:\/\/multi-mam.com\/pt\/artigos\/amamentacao\/como-aumentar-a-oferta-de-leite-materno\/\" title=\"Como aumentar a oferta de leite materno\">Como aumentar a oferta de leite materno<\/a>\n                <\/li>\n                            <li class=\"menu-item\">\n                    <a href=\"https:\/\/multi-mam.com\/pt\/artigos\/amamentacao\/como-cessar-a-amamentacao\/\" title=\"Como cessar a amamenta\u00e7\u00e3o\">Como cessar a amamenta\u00e7\u00e3o<\/a>\n                <\/li>\n                            <li class=\"menu-item\">\n                    <a href=\"https:\/\/multi-mam.com\/pt\/artigos\/amamentacao\/alimentar-o-seu-bebe\/\" title=\"Alimentar o seu Beb\u00e9\">Alimentar o seu Beb\u00e9<\/a>\n                <\/li>\n                            <li class=\"menu-item\">\n                    <a href=\"https:\/\/multi-mam.com\/pt\/artigos\/amamentacao\/amamentar-recem-nascidos\/\" title=\"Amamentar rec\u00e9m-nascidos\">Amamentar rec\u00e9m-nascidos<\/a>\n                <\/li>\n                            <li class=\"menu-item\">\n                    <a href=\"https:\/\/multi-mam.com\/pt\/artigos\/amamentacao\/ingurgitamento\/\" title=\"Ingurgitamento\">Ingurgitamento<\/a>\n                <\/li>\n                            <li class=\"menu-item\">\n                    <a href=\"https:\/\/multi-mam.com\/pt\/artigos\/amamentacao\/dieta-de-amamentacao\/\" title=\"Dieta de amamenta\u00e7\u00e3o\">Dieta de amamenta\u00e7\u00e3o<\/a>\n                <\/li>\n                    <\/ul>\n    <\/div>\n<\/div><\/div>\n","protected":false},"excerpt":{"rendered":"","protected":false},"author":2,"featured_media":0,"parent":74,"menu_order":1,"comment_status":"closed","ping_status":"closed","template":"","meta":{"_acf_changed":false,"footnotes":""},"from-article-database":[],"class_list":["post-76","page","type-page","status-publish","hentry"],"acf":[],"yoast_head":"<!-- This site is optimized with the Yoast SEO plugin v26.6 - https:\/\/yoast.com\/wordpress\/plugins\/seo\/ -->\n<title>Amamenta\u00e7\u00e3o - Multi-Mam<\/title>\n<meta name=\"description\" content=\"Leia artigos sobre Amamenta\u00e7\u00e3o\" \/>\n<meta name=\"robots\" content=\"index, follow, max-snippet:-1, max-image-preview:large, max-video-preview:-1\" \/>\n<link rel=\"canonical\" href=\"https:\/\/multi-mam.com\/pt\/artigos\/amamentacao\/\" \/>\n<meta property=\"og:locale\" content=\"pt_PT\" \/>\n<meta property=\"og:type\" content=\"article\" \/>\n<meta property=\"og:title\" content=\"Amamenta\u00e7\u00e3o - Multi-Mam\" \/>\n<meta property=\"og:description\" content=\"Leia artigos sobre Amamenta\u00e7\u00e3o\" \/>\n<meta property=\"og:url\" content=\"https:\/\/multi-mam.com\/pt\/artigos\/amamentacao\/\" \/>\n<meta property=\"og:site_name\" content=\"Multi-Mam\" \/>\n<meta property=\"article:modified_time\" content=\"2023-04-20T12:28:41+00:00\" \/>\n<meta name=\"twitter:card\" content=\"summary_large_image\" \/>\n<meta name=\"twitter:label1\" content=\"Tempo estimado de leitura\" \/>\n\t<meta name=\"twitter:data1\" content=\"1 minuto\" \/>\n<script type=\"application\/ld+json\" class=\"yoast-schema-graph\">{\"@context\":\"https:\/\/schema.org\",\"@graph\":[{\"@type\":\"WebPage\",\"@id\":\"https:\/\/multi-mam.com\/pt\/artigos\/amamentacao\/\",\"url\":\"https:\/\/multi-mam.com\/pt\/artigos\/amamentacao\/\",\"name\":\"Amamenta\u00e7\u00e3o - Multi-Mam\",\"isPartOf\":{\"@id\":\"https:\/\/multi-mam.com\/pt\/#website\"},\"datePublished\":\"2023-04-18T12:46:23+00:00\",\"dateModified\":\"2023-04-20T12:28:41+00:00\",\"description\":\"Leia artigos sobre Amamenta\u00e7\u00e3o\",\"breadcrumb\":{\"@id\":\"https:\/\/multi-mam.com\/pt\/artigos\/amamentacao\/#breadcrumb\"},\"inLanguage\":\"pt-PT\",\"potentialAction\":[{\"@type\":\"ReadAction\",\"target\":[\"https:\/\/multi-mam.com\/pt\/artigos\/amamentacao\/\"]}]},{\"@type\":\"BreadcrumbList\",\"@id\":\"https:\/\/multi-mam.com\/pt\/artigos\/amamentacao\/#breadcrumb\",\"itemListElement\":[{\"@type\":\"ListItem\",\"position\":1,\"name\":\"Home\",\"item\":\"https:\/\/multi-mam.com\/pt\/\"},{\"@type\":\"ListItem\",\"position\":2,\"name\":\"Artigos\",\"item\":\"https:\/\/multi-mam.com\/pt\/artigos\/\"},{\"@type\":\"ListItem\",\"position\":3,\"name\":\"Amamenta\u00e7\u00e3o\"}]},{\"@type\":\"WebSite\",\"@id\":\"https:\/\/multi-mam.com\/pt\/#website\",\"url\":\"https:\/\/multi-mam.com\/pt\/\",\"name\":\"Multi-Mam\",\"description\":\"\",\"publisher\":{\"@id\":\"https:\/\/multi-mam.com\/pt\/#organization\"},\"potentialAction\":[{\"@type\":\"SearchAction\",\"target\":{\"@type\":\"EntryPoint\",\"urlTemplate\":\"https:\/\/multi-mam.com\/pt\/?s={search_term_string}\"},\"query-input\":{\"@type\":\"PropertyValueSpecification\",\"valueRequired\":true,\"valueName\":\"search_term_string\"}}],\"inLanguage\":\"pt-PT\"},{\"@type\":\"Organization\",\"@id\":\"https:\/\/multi-mam.com\/pt\/#organization\",\"name\":\"Multi-Mam\",\"url\":\"https:\/\/multi-mam.com\/pt\/\",\"logo\":{\"@type\":\"ImageObject\",\"inLanguage\":\"pt-PT\",\"@id\":\"https:\/\/multi-mam.com\/pt\/#\/schema\/logo\/image\/\",\"url\":\"https:\/\/multi-mam.com\/app\/uploads\/sites\/26\/2023\/04\/multi-mam-logotype.png\",\"contentUrl\":\"https:\/\/multi-mam.com\/app\/uploads\/sites\/26\/2023\/04\/multi-mam-logotype.png\",\"width\":70,\"height\":96,\"caption\":\"Multi-Mam\"},\"image\":{\"@id\":\"https:\/\/multi-mam.com\/pt\/#\/schema\/logo\/image\/\"}}]}<\/script>\n<!-- \/ Yoast SEO plugin. -->","yoast_head_json":{"title":"Amamenta\u00e7\u00e3o - Multi-Mam","description":"Leia artigos sobre Amamenta\u00e7\u00e3o","robots":{"index":"index","follow":"follow","max-snippet":"max-snippet:-1","max-image-preview":"max-image-preview:large","max-video-preview":"max-video-preview:-1"},"canonical":"https:\/\/multi-mam.com\/pt\/artigos\/amamentacao\/","og_locale":"pt_PT","og_type":"article","og_title":"Amamenta\u00e7\u00e3o - Multi-Mam","og_description":"Leia artigos sobre Amamenta\u00e7\u00e3o","og_url":"https:\/\/multi-mam.com\/pt\/artigos\/amamentacao\/","og_site_name":"Multi-Mam","article_modified_time":"2023-04-20T12:28:41+00:00","twitter_card":"summary_large_image","twitter_misc":{"Tempo estimado de leitura":"1 minuto"},"schema":{"@context":"https:\/\/schema.org","@graph":[{"@type":"WebPage","@id":"https:\/\/multi-mam.com\/pt\/artigos\/amamentacao\/","url":"https:\/\/multi-mam.com\/pt\/artigos\/amamentacao\/","name":"Amamenta\u00e7\u00e3o - Multi-Mam","isPartOf":{"@id":"https:\/\/multi-mam.com\/pt\/#website"},"datePublished":"2023-04-18T12:46:23+00:00","dateModified":"2023-04-20T12:28:41+00:00","description":"Leia artigos sobre Amamenta\u00e7\u00e3o","breadcrumb":{"@id":"https:\/\/multi-mam.com\/pt\/artigos\/amamentacao\/#breadcrumb"},"inLanguage":"pt-PT","potentialAction":[{"@type":"ReadAction","target":["https:\/\/multi-mam.com\/pt\/artigos\/amamentacao\/"]}]},{"@type":"BreadcrumbList","@id":"https:\/\/multi-mam.com\/pt\/artigos\/amamentacao\/#breadcrumb","itemListElement":[{"@type":"ListItem","position":1,"name":"Home","item":"https:\/\/multi-mam.com\/pt\/"},{"@type":"ListItem","position":2,"name":"Artigos","item":"https:\/\/multi-mam.com\/pt\/artigos\/"},{"@type":"ListItem","position":3,"name":"Amamenta\u00e7\u00e3o"}]},{"@type":"WebSite","@id":"https:\/\/multi-mam.com\/pt\/#website","url":"https:\/\/multi-mam.com\/pt\/","name":"Multi-Mam","description":"","publisher":{"@id":"https:\/\/multi-mam.com\/pt\/#organization"},"potentialAction":[{"@type":"SearchAction","target":{"@type":"EntryPoint","urlTemplate":"https:\/\/multi-mam.com\/pt\/?s={search_term_string}"},"query-input":{"@type":"PropertyValueSpecification","valueRequired":true,"valueName":"search_term_string"}}],"inLanguage":"pt-PT"},{"@type":"Organization","@id":"https:\/\/multi-mam.com\/pt\/#organization","name":"Multi-Mam","url":"https:\/\/multi-mam.com\/pt\/","logo":{"@type":"ImageObject","inLanguage":"pt-PT","@id":"https:\/\/multi-mam.com\/pt\/#\/schema\/logo\/image\/","url":"https:\/\/multi-mam.com\/app\/uploads\/sites\/26\/2023\/04\/multi-mam-logotype.png","contentUrl":"https:\/\/multi-mam.com\/app\/uploads\/sites\/26\/2023\/04\/multi-mam-logotype.png","width":70,"height":96,"caption":"Multi-Mam"},"image":{"@id":"https:\/\/multi-mam.com\/pt\/#\/schema\/logo\/image\/"}}]}},"_links":{"self":[{"href":"https:\/\/multi-mam.com\/pt\/wp-json\/wp\/v2\/pages\/76","targetHints":{"allow":["GET"]}}],"collection":[{"href":"https:\/\/multi-mam.com\/pt\/wp-json\/wp\/v2\/pages"}],"about":[{"href":"https:\/\/multi-mam.com\/pt\/wp-json\/wp\/v2\/types\/page"}],"author":[{"embeddable":true,"href":"https:\/\/multi-mam.com\/pt\/wp-json\/wp\/v2\/users\/2"}],"replies":[{"embeddable":true,"href":"https:\/\/multi-mam.com\/pt\/wp-json\/wp\/v2\/comments?post=76"}],"version-history":[{"count":4,"href":"https:\/\/multi-mam.com\/pt\/wp-json\/wp\/v2\/pages\/76\/revisions"}],"predecessor-version":[{"id":270,"href":"https:\/\/multi-mam.com\/pt\/wp-json\/wp\/v2\/pages\/76\/revisions\/270"}],"up":[{"embeddable":true,"href":"https:\/\/multi-mam.com\/pt\/wp-json\/wp\/v2\/pages\/74"}],"wp:attachment":[{"href":"https:\/\/multi-mam.com\/pt\/wp-json\/wp\/v2\/media?parent=76"}],"wp:term":[{"taxonomy":"from-article-database","embeddable":true,"href":"https:\/\/multi-mam.com\/pt\/wp-json\/wp\/v2\/from-article-database?post=76"}],"curies":[{"name":"wp","href":"https:\/\/api.w.org\/{rel}","templated":true}]}}