{"id":71,"date":"2023-04-18T13:28:29","date_gmt":"2023-04-18T12:28:29","guid":{"rendered":"https:\/\/multi-mam.com\/pt\/?page_id=71"},"modified":"2023-06-12T13:23:51","modified_gmt":"2023-06-12T12:23:51","slug":"perguntas-frequentes","status":"publish","type":"page","link":"https:\/\/multi-mam.com\/pt\/perguntas-frequentes\/","title":{"rendered":"FAQ"},"content":{"rendered":"\n<div class=\"wp-block-karopharma-background-image-with-text-v2 background-image-with-text-v2 undefined content-position-center fixed-height-layout\" datatest=\"root\"><div class=\"background-image-with-text-wrapper\"><picture class=\"background-image-with-text-image\"><source media=\"(max-width: 560px)\" srcset=\"https:\/\/multi-mam.com\/cdn-cgi\/image\/format=auto,width=560\/app\/uploads\/sites\/26\/2023\/04\/faq.jpeg\"\/><source media=\"(max-width: 800px)\" srcset=\"https:\/\/multi-mam.com\/cdn-cgi\/image\/format=auto,width=800\/app\/uploads\/sites\/26\/2023\/04\/faq.jpeg\"\/><source media=\"(max-width: 1920px)\" srcset=\"https:\/\/multi-mam.com\/cdn-cgi\/image\/format=auto,width=1920\/app\/uploads\/sites\/26\/2023\/04\/faq.jpeg\"\/><img decoding=\"async\" width=\"1400\" height=\"933\" datatest=\"background-image\" loading=\"lazy\" class=\"object-center object-cover\" src=\"https:\/\/multi-mam.com\/cdn-cgi\/image\/format=auto\/app\/uploads\/sites\/26\/2023\/04\/faq.jpeg\" alt=\"faq\"\/><\/picture><div datatest=\"content-wrapper\" class=\"background-image-with-text-content-wrapper container max-w-medium text-alignment-center  pt-large pb-large\"><div class=\"content\"><h1 datatest=\"heading\" class=\"responsive-heading\">FAQ<\/h1><p class=\"body\" datatest=\"body\">Perguntas frequentes<\/p>\n<div class=\"wp-block-buttons is-layout-flex wp-block-buttons-is-layout-flex\"><\/div>\n<\/div><\/div><\/div><\/div>\n\n\n\n<div class=\"wp-block-karopharma-accordions\"><div class=\"container\">\n<details class=\"wp-block-karopharma-accordion\"><summary><h2 class=\"accordion-title\">Preciso de remover Multi-Mam Protect antes de amamentar?<\/h2><\/summary><div class=\"accordion-content\">\n<p>N\u00e3o, \u00e9 inofensivo quando engolido e tem um cheiro e sabor natural. \u00c9 especialmente recomendado aplicar Multi-Mam Protect logo ap\u00f3s a mamada \u2013 caso seja colocado antes da mamada, pode dificultar a suc\u00e7\u00e3o do beb\u00e9.<\/p>\n<\/div><\/details>\n\n\n\n<details class=\"wp-block-karopharma-accordion\"><summary><h2 class=\"accordion-title\">Com que frequ\u00eancia necessito de utilizar Multi-Mam Protect?<\/h2><\/summary><div class=\"accordion-content\">\n<p>O n\u00famero de vezes que desejar. \u00c9 especialmente recomendado aplicar o Protect logo ap\u00f3s a amamenta\u00e7\u00e3o \u2013 caso seja colocado antes da mamada, pode dificultar a suc\u00e7\u00e3o do beb\u00e9.<\/p>\n<\/div><\/details>\n\n\n\n<details class=\"wp-block-karopharma-accordion\"><summary><h2 class=\"accordion-title\">Sofro constantemente de mamilos gretados, o que \u00e9 bastante doloroso. O que posso fazer?<\/h2><\/summary><div class=\"accordion-content\">\n<p>A melhor solu\u00e7\u00e3o \u00e9 utilizar Multi-Mam Compressas no in\u00edcio do tratamento das gretas, pois proporciona humidade para a cura. Para prevenir gretas e amaciar a pele, pode utilizar Multi-Mam Protect. Multi-Mam Protect \u00e9 um b\u00e1lsamo que refor\u00e7a e hidrata o tecido da pele. \u00c9 baseado em ingredientes de plantas, e tem um cheiro e sabor neutros. \u00c9 inofensivo quando engolido, por isso proporciona-lhe uma \u00f3tima prote\u00e7\u00e3o durante a mamada e ao longo do dia.<\/p>\n<\/div><\/details>\n\n\n\n<details class=\"wp-block-karopharma-accordion\"><summary><h2 class=\"accordion-title\">O que causa os problemas nos mamilos?<\/h2><\/summary><div class=\"accordion-content\">\n<p>A maioria dos danos nos mamilos surge de t\u00e9cnicas de suc\u00e7\u00e3o erradas. \u00c9 importante que a parte mais sens\u00edvel do tecido do mamilo esteja completamente dentro da boca do seu beb\u00e9. H\u00e1 produtos que danificam a prote\u00e7\u00e3o natural da pele, como por exemplo sab\u00e3o e champ\u00f4s, podem causar mamilos gretados. Por fim, infe\u00e7\u00f5es f\u00fangicas, eczemas, ou tend\u00eancia para pele seca, s\u00e3o potenciais causas para problemas no mamilo.<\/p>\n<\/div><\/details>\n\n\n\n<details class=\"wp-block-karopharma-accordion\"><summary><h2 class=\"accordion-title\">Quando \u00e9 que devo aplicar as Compressas, antes ou depois da amamenta\u00e7\u00e3o?<\/h2><\/summary><div class=\"accordion-content\">\n<p>Recomendamos que aplique a compressa ap\u00f3s a mamada \u2013 caso aplique antes da mamada, a hidrata\u00e7\u00e3o pode dificultar a suc\u00e7\u00e3o do seu beb\u00e9.<\/p>\n<\/div><\/details>\n\n\n\n<details class=\"wp-block-karopharma-accordion\"><summary><h2 class=\"accordion-title\">Quanto tempo devo deixar a Compressa no mamilo?<\/h2><\/summary><div class=\"accordion-content\">\n<p>O ideal ser\u00e1 durante 30 minutos, mas no m\u00ednimo 10 minutos e no m\u00e1ximo 1 hora.<\/p>\n<\/div><\/details>\n\n\n\n<details class=\"wp-block-karopharma-accordion\"><summary><h2 class=\"accordion-title\">Quantas vezes posso utilizar a mesma Compressa?<\/h2><\/summary><div class=\"accordion-content\">\n<p>Cada compressa deve ser utilizada apenas uma vez. Deve ser deitada fora ap\u00f3s ser utilizada, por quest\u00f5es de higiene.<\/p>\n<\/div><\/details>\n\n\n\n<details class=\"wp-block-karopharma-accordion\"><summary><h2 class=\"accordion-title\">N\u00e3o tenho problemas ainda. \u00c9 bom utilizar as compressas como precau\u00e7\u00e3o?<\/h2><\/summary><div class=\"accordion-content\">\n<p>Sim, se os seus mamilos est\u00e3o doridos ap\u00f3s a amamenta\u00e7\u00e3o, as compressas proporcionam al\u00edvio. Se quiser utilizar um produto apenas como precau\u00e7\u00e3o recomendamos utilizar o <a href=\"https:\/\/multi-mam.com\/pt\/produtos\/multi-mam-protect\/\">Multi-Mam Protect<\/a>. Devido \u00e0 suc\u00e7\u00e3o, a gordura protetora natural \u00e9 removida. Com o Multi-Mam Protect consegue repor a gordura natural da pele, que oferece prote\u00e7\u00e3o.<\/p>\n<\/div><\/details>\n\n\n\n<details class=\"wp-block-karopharma-accordion\"><summary><h2 class=\"accordion-title\">Se o meu beb\u00e9 engolir parte do gel das compressas, pode ser perigoso?<\/h2><\/summary><div class=\"accordion-content\">\n<p>N\u00e3o, o gel \u00e9 seguro para o seu beb\u00e9. N\u00e3o necessita de remover nenhum excesso de gel antes da amamenta\u00e7\u00e3o.<\/p>\n<\/div><\/details>\n<\/div><\/div>\n","protected":false},"excerpt":{"rendered":"","protected":false},"author":2,"featured_media":0,"parent":0,"menu_order":0,"comment_status":"closed","ping_status":"closed","template":"","meta":{"_acf_changed":false,"footnotes":""},"from-article-database":[],"class_list":["post-71","page","type-page","status-publish","hentry"],"acf":[],"yoast_head":"<!-- This site is optimized with the Yoast SEO plugin v26.6 - https:\/\/yoast.com\/wordpress\/plugins\/seo\/ -->\n<title>FAQ - Multi-Mam<\/title>\n<meta name=\"description\" content=\"Perguntas frequentes: Preciso de remover Multi-Mam Balm antes de amamentar? Com que frequ\u00eancia necessito de utilizar Multi-Mam Balm\" \/>\n<meta name=\"robots\" content=\"index, follow, max-snippet:-1, max-image-preview:large, max-video-preview:-1\" \/>\n<link rel=\"canonical\" href=\"https:\/\/multi-mam.com\/pt\/perguntas-frequentes\/\" \/>\n<meta property=\"og:locale\" content=\"pt_PT\" \/>\n<meta property=\"og:type\" content=\"article\" \/>\n<meta property=\"og:title\" content=\"FAQ - Multi-Mam\" \/>\n<meta property=\"og:description\" content=\"Perguntas frequentes: Preciso de remover Multi-Mam Balm antes de amamentar? Com que frequ\u00eancia necessito de utilizar Multi-Mam Balm\" \/>\n<meta property=\"og:url\" content=\"https:\/\/multi-mam.com\/pt\/perguntas-frequentes\/\" \/>\n<meta property=\"og:site_name\" content=\"Multi-Mam\" \/>\n<meta property=\"article:modified_time\" content=\"2023-06-12T12:23:51+00:00\" \/>\n<meta property=\"og:image\" content=\"https:\/\/multi-mam.com\/cdn-cgi\/image\/format=auto\/app\/uploads\/sites\/26\/2023\/04\/faq.jpeg\" \/>\n<meta name=\"twitter:card\" content=\"summary_large_image\" \/>\n<meta name=\"twitter:label1\" content=\"Tempo estimado de leitura\" \/>\n\t<meta name=\"twitter:data1\" content=\"3 minutos\" \/>\n<script type=\"application\/ld+json\" class=\"yoast-schema-graph\">{\"@context\":\"https:\/\/schema.org\",\"@graph\":[{\"@type\":\"WebPage\",\"@id\":\"https:\/\/multi-mam.com\/pt\/perguntas-frequentes\/\",\"url\":\"https:\/\/multi-mam.com\/pt\/perguntas-frequentes\/\",\"name\":\"FAQ - Multi-Mam\",\"isPartOf\":{\"@id\":\"https:\/\/multi-mam.com\/pt\/#website\"},\"primaryImageOfPage\":{\"@id\":\"https:\/\/multi-mam.com\/pt\/perguntas-frequentes\/#primaryimage\"},\"image\":{\"@id\":\"https:\/\/multi-mam.com\/pt\/perguntas-frequentes\/#primaryimage\"},\"thumbnailUrl\":\"https:\/\/multi-mam.com\/cdn-cgi\/image\/format=auto\/app\/uploads\/sites\/26\/2023\/04\/faq.jpeg\",\"datePublished\":\"2023-04-18T12:28:29+00:00\",\"dateModified\":\"2023-06-12T12:23:51+00:00\",\"description\":\"Perguntas frequentes: Preciso de remover Multi-Mam Balm antes de amamentar? Com que frequ\u00eancia necessito de utilizar Multi-Mam Balm\",\"breadcrumb\":{\"@id\":\"https:\/\/multi-mam.com\/pt\/perguntas-frequentes\/#breadcrumb\"},\"inLanguage\":\"pt-PT\",\"potentialAction\":[{\"@type\":\"ReadAction\",\"target\":[\"https:\/\/multi-mam.com\/pt\/perguntas-frequentes\/\"]}]},{\"@type\":\"ImageObject\",\"inLanguage\":\"pt-PT\",\"@id\":\"https:\/\/multi-mam.com\/pt\/perguntas-frequentes\/#primaryimage\",\"url\":\"https:\/\/multi-mam.com\/cdn-cgi\/image\/format=auto\/app\/uploads\/sites\/26\/2023\/04\/faq.jpeg\",\"contentUrl\":\"https:\/\/multi-mam.com\/cdn-cgi\/image\/format=auto\/app\/uploads\/sites\/26\/2023\/04\/faq.jpeg\"},{\"@type\":\"BreadcrumbList\",\"@id\":\"https:\/\/multi-mam.com\/pt\/perguntas-frequentes\/#breadcrumb\",\"itemListElement\":[{\"@type\":\"ListItem\",\"position\":1,\"name\":\"Home\",\"item\":\"https:\/\/multi-mam.com\/pt\/\"},{\"@type\":\"ListItem\",\"position\":2,\"name\":\"FAQ\"}]},{\"@type\":\"WebSite\",\"@id\":\"https:\/\/multi-mam.com\/pt\/#website\",\"url\":\"https:\/\/multi-mam.com\/pt\/\",\"name\":\"Multi-Mam\",\"description\":\"\",\"publisher\":{\"@id\":\"https:\/\/multi-mam.com\/pt\/#organization\"},\"potentialAction\":[{\"@type\":\"SearchAction\",\"target\":{\"@type\":\"EntryPoint\",\"urlTemplate\":\"https:\/\/multi-mam.com\/pt\/?s={search_term_string}\"},\"query-input\":{\"@type\":\"PropertyValueSpecification\",\"valueRequired\":true,\"valueName\":\"search_term_string\"}}],\"inLanguage\":\"pt-PT\"},{\"@type\":\"Organization\",\"@id\":\"https:\/\/multi-mam.com\/pt\/#organization\",\"name\":\"Multi-Mam\",\"url\":\"https:\/\/multi-mam.com\/pt\/\",\"logo\":{\"@type\":\"ImageObject\",\"inLanguage\":\"pt-PT\",\"@id\":\"https:\/\/multi-mam.com\/pt\/#\/schema\/logo\/image\/\",\"url\":\"https:\/\/multi-mam.com\/app\/uploads\/sites\/26\/2023\/04\/multi-mam-logotype.png\",\"contentUrl\":\"https:\/\/multi-mam.com\/app\/uploads\/sites\/26\/2023\/04\/multi-mam-logotype.png\",\"width\":70,\"height\":96,\"caption\":\"Multi-Mam\"},\"image\":{\"@id\":\"https:\/\/multi-mam.com\/pt\/#\/schema\/logo\/image\/\"}}]}<\/script>\n<!-- \/ Yoast SEO plugin. -->","yoast_head_json":{"title":"FAQ - Multi-Mam","description":"Perguntas frequentes: Preciso de remover Multi-Mam Balm antes de amamentar? Com que frequ\u00eancia necessito de utilizar Multi-Mam Balm","robots":{"index":"index","follow":"follow","max-snippet":"max-snippet:-1","max-image-preview":"max-image-preview:large","max-video-preview":"max-video-preview:-1"},"canonical":"https:\/\/multi-mam.com\/pt\/perguntas-frequentes\/","og_locale":"pt_PT","og_type":"article","og_title":"FAQ - Multi-Mam","og_description":"Perguntas frequentes: Preciso de remover Multi-Mam Balm antes de amamentar? Com que frequ\u00eancia necessito de utilizar Multi-Mam Balm","og_url":"https:\/\/multi-mam.com\/pt\/perguntas-frequentes\/","og_site_name":"Multi-Mam","article_modified_time":"2023-06-12T12:23:51+00:00","og_image":[{"url":"https:\/\/multi-mam.com\/cdn-cgi\/image\/format=auto\/app\/uploads\/sites\/26\/2023\/04\/faq.jpeg","type":"","width":"","height":""}],"twitter_card":"summary_large_image","twitter_misc":{"Tempo estimado de leitura":"3 minutos"},"schema":{"@context":"https:\/\/schema.org","@graph":[{"@type":"WebPage","@id":"https:\/\/multi-mam.com\/pt\/perguntas-frequentes\/","url":"https:\/\/multi-mam.com\/pt\/perguntas-frequentes\/","name":"FAQ - Multi-Mam","isPartOf":{"@id":"https:\/\/multi-mam.com\/pt\/#website"},"primaryImageOfPage":{"@id":"https:\/\/multi-mam.com\/pt\/perguntas-frequentes\/#primaryimage"},"image":{"@id":"https:\/\/multi-mam.com\/pt\/perguntas-frequentes\/#primaryimage"},"thumbnailUrl":"https:\/\/multi-mam.com\/cdn-cgi\/image\/format=auto\/app\/uploads\/sites\/26\/2023\/04\/faq.jpeg","datePublished":"2023-04-18T12:28:29+00:00","dateModified":"2023-06-12T12:23:51+00:00","description":"Perguntas frequentes: Preciso de remover Multi-Mam Balm antes de amamentar? Com que frequ\u00eancia necessito de utilizar Multi-Mam Balm","breadcrumb":{"@id":"https:\/\/multi-mam.com\/pt\/perguntas-frequentes\/#breadcrumb"},"inLanguage":"pt-PT","potentialAction":[{"@type":"ReadAction","target":["https:\/\/multi-mam.com\/pt\/perguntas-frequentes\/"]}]},{"@type":"ImageObject","inLanguage":"pt-PT","@id":"https:\/\/multi-mam.com\/pt\/perguntas-frequentes\/#primaryimage","url":"https:\/\/multi-mam.com\/cdn-cgi\/image\/format=auto\/app\/uploads\/sites\/26\/2023\/04\/faq.jpeg","contentUrl":"https:\/\/multi-mam.com\/cdn-cgi\/image\/format=auto\/app\/uploads\/sites\/26\/2023\/04\/faq.jpeg"},{"@type":"BreadcrumbList","@id":"https:\/\/multi-mam.com\/pt\/perguntas-frequentes\/#breadcrumb","itemListElement":[{"@type":"ListItem","position":1,"name":"Home","item":"https:\/\/multi-mam.com\/pt\/"},{"@type":"ListItem","position":2,"name":"FAQ"}]},{"@type":"WebSite","@id":"https:\/\/multi-mam.com\/pt\/#website","url":"https:\/\/multi-mam.com\/pt\/","name":"Multi-Mam","description":"","publisher":{"@id":"https:\/\/multi-mam.com\/pt\/#organization"},"potentialAction":[{"@type":"SearchAction","target":{"@type":"EntryPoint","urlTemplate":"https:\/\/multi-mam.com\/pt\/?s={search_term_string}"},"query-input":{"@type":"PropertyValueSpecification","valueRequired":true,"valueName":"search_term_string"}}],"inLanguage":"pt-PT"},{"@type":"Organization","@id":"https:\/\/multi-mam.com\/pt\/#organization","name":"Multi-Mam","url":"https:\/\/multi-mam.com\/pt\/","logo":{"@type":"ImageObject","inLanguage":"pt-PT","@id":"https:\/\/multi-mam.com\/pt\/#\/schema\/logo\/image\/","url":"https:\/\/multi-mam.com\/app\/uploads\/sites\/26\/2023\/04\/multi-mam-logotype.png","contentUrl":"https:\/\/multi-mam.com\/app\/uploads\/sites\/26\/2023\/04\/multi-mam-logotype.png","width":70,"height":96,"caption":"Multi-Mam"},"image":{"@id":"https:\/\/multi-mam.com\/pt\/#\/schema\/logo\/image\/"}}]}},"_links":{"self":[{"href":"https:\/\/multi-mam.com\/pt\/wp-json\/wp\/v2\/pages\/71","targetHints":{"allow":["GET"]}}],"collection":[{"href":"https:\/\/multi-mam.com\/pt\/wp-json\/wp\/v2\/pages"}],"about":[{"href":"https:\/\/multi-mam.com\/pt\/wp-json\/wp\/v2\/types\/page"}],"author":[{"embeddable":true,"href":"https:\/\/multi-mam.com\/pt\/wp-json\/wp\/v2\/users\/2"}],"replies":[{"embeddable":true,"href":"https:\/\/multi-mam.com\/pt\/wp-json\/wp\/v2\/comments?post=71"}],"version-history":[{"count":7,"href":"https:\/\/multi-mam.com\/pt\/wp-json\/wp\/v2\/pages\/71\/revisions"}],"predecessor-version":[{"id":352,"href":"https:\/\/multi-mam.com\/pt\/wp-json\/wp\/v2\/pages\/71\/revisions\/352"}],"wp:attachment":[{"href":"https:\/\/multi-mam.com\/pt\/wp-json\/wp\/v2\/media?parent=71"}],"wp:term":[{"taxonomy":"from-article-database","embeddable":true,"href":"https:\/\/multi-mam.com\/pt\/wp-json\/wp\/v2\/from-article-database?post=71"}],"curies":[{"name":"wp","href":"https:\/\/api.w.org\/{rel}","templated":true}]}}