{"id":169,"date":"2023-04-18T14:15:54","date_gmt":"2023-04-18T13:15:54","guid":{"rendered":"https:\/\/multi-mam.com\/pt\/?page_id=169"},"modified":"2023-04-20T07:43:52","modified_gmt":"2023-04-20T06:43:52","slug":"sinais-da-primeira-denticao","status":"publish","type":"page","link":"https:\/\/multi-mam.com\/pt\/artigos\/primeira-denticao\/sinais-da-primeira-denticao\/","title":{"rendered":"Sinais da primeira denti\u00e7\u00e3o"},"content":{"rendered":"\n<div class=\"wp-block-karopharma-free-text pt-large pb-large bg-center bg-cover bg-no-repeat  is-style-primary\" style=\"background-image:url()\"><div class=\"free-text-wrapper container max-w-medium text-left\">\n<h1 class=\"wp-block-heading\">Sinais da primeira denti\u00e7\u00e3o<\/h1>\n\n\n\n<p class=\"is-style-paragraph-preamble\">O per\u00edodo da denti\u00e7\u00e3o pode ser bastante stressante tanto para a crian\u00e7a como para os pais. Os sinais de denti\u00e7\u00e3o geralmente aparecem pela primeira vez nos seis meses de idade, mas por vezes podem aparecer mais cedo. O processo de denti\u00e7\u00e3o normal encerra aos tr\u00eas anos de idade, quando todos os dentes de leite se desenvolverem. Mas por volta dos seis anos de idade o processo come\u00e7a novamente, mas desta vez com a reposi\u00e7\u00e3o dos dentes de leite pelos dentes definitivos. .<\/p>\n<\/div><\/div>\n\n\n\n<div class=\"wp-block-karopharma-free-text pt-large pb-large bg-center bg-cover bg-no-repeat\" style=\"background-image:url()\"><div class=\"free-text-wrapper container max-w-medium text-left\">\n<p>O processo de denti\u00e7\u00e3o \u00e9 normalmente acompanhado por um conjunto de sintomas, que ocorrem cerca de quatro dias antes do dente nascer, e dura mais cerca de tr\u00eas dias. Os dentes normalmente crescem aos pares e na maioria das crian\u00e7as o primeiro dente a nascer \u00e9 o incisivo central inferior, ou os dois dentes frontais inferiores. O intervalo de tempo entre cada nascimento de dentes \u00e9 muito individual e difere de crian\u00e7a para crian\u00e7a. No entanto, existe um calend\u00e1rio espec\u00edfico que pode acompanhar para saber o que esperar no que toca \u00e0 primeira denti\u00e7\u00e3o.<\/p>\n\n\n\n<h2 class=\"is-style-heading-h2 wp-block-heading\">Sintomas da primeira denti\u00e7\u00e3o<\/h2>\n\n\n\n<p>Os sintomas da primeira denti\u00e7\u00e3o variam bastante em cada crian\u00e7a, pode ser um processo com desconforto suave que dura poucos dias, e outros podem ter um processo bastante doloroso e mais longo.<\/p>\n\n\n\n<p><strong>Os sintomas e sinais comuns s\u00e3o:<\/strong><\/p>\n\n\n\n<ul class=\"is-style-default wp-block-list\"><li>Gengivas inchadas, vermelhas<\/li><li>Babar (mais do que o normal)<\/li><li>Esfregar as gengivas<\/li><li>Morder, mastigar ou sugar qualquer coisa que consiga atingir. Brinquedos, dedos, utens\u00edlios dom\u00e9sticos, etc.<\/li><li>Bochechas e cara avermelhadas, algumas vezes t\u00eam tamb\u00e9m as bochechas quentes<\/li><li>Esfregar o ouvido do lado em que o dente ir\u00e1 nascer<\/li><li>Redu\u00e7\u00e3o do apetite, especialmente em alimentos s\u00f3lidos, pois mastigar torna-se desconfort\u00e1vel<\/li><li>Problemas em dormir e acordar mais vezes durante a noite. Alguns pais afirmam que os sintomas pioram durante a noite. A raz\u00e3o est\u00e1 provavelmente ligada ao facto da crian\u00e7a se encontrar ensonada e cansada, por isso mais enervada, fazendo com que tudo seja mais exagerado do que durante o dia.<\/li><li>Irritabilidade<\/li><li>Chorar mais que o normal<\/li><li>Refluxo de tosse ou engasgamento &#8211; babar excessivamente pode fazer com que o seu beb\u00e9 tussa ou se engasgue. A n\u00e3o ser que a sua crian\u00e7a tenha outros problemas, como por exemplo constipa\u00e7\u00e3o ou alergias, isto n\u00e3o deve causar problemas com a respira\u00e7\u00e3o.<\/li><\/ul>\n\n\n\n<h2 class=\"is-style-heading-h2 wp-block-heading\">O que pode fazer para ajudar o seu beb\u00e9<\/h2>\n\n\n\n<p>Sabemos que \u00e9 dif\u00edcil ouvir o seu beb\u00e9 chorar inconsolavelmente, sentindo que n\u00e3o existe nada que pode fazer para o ajudar. Um pouco de conforto ajuda sempre, por isso n\u00e3o hesite em oferecer ao seu beb\u00e9 muitos mimos.<\/p>\n\n\n\n<p>Existem algumas coisas adicionais que poder\u00e1 considerar para fazer do processo da primeira denti\u00e7\u00e3o um pouco mais f\u00e1cil. Saiba mais sobre rem\u00e9dios para a primeira denti\u00e7\u00e3o que podem ajudar a reduzir os sintomas, como g\u00e9is calmantes para gengivas doridas. Ofere\u00e7a tamb\u00e9m ao seu beb\u00e9 brinquedos seguros onde ele possa morder e massajar a gengiva. .<\/p>\n\n\n\n<p>O babar excessivamente pode fazer com que o queixo do seu beb\u00e9 fique irritado, por isso assegure-se que limpa o queixo dele com um tecido suave o mais frequentemente poss\u00edvel. Pode tamb\u00e9m proteger gentilmente a pele do queixo do seu beb\u00e9 com um creme oleoso (creme para os mamilos tamb\u00e9m serve).<\/p>\n\n\n\n<h2 class=\"is-style-heading-h2 wp-block-heading\">Mais uma nota importante<\/h2>\n\n\n\n<p>Alguns especialistas ligam a diarreia e febre a sintomas da primeira denti\u00e7\u00e3o, no entanto, lembre-se que uma febre superior a 38,9\u2070C n\u00e3o deve ser considerada como um sintoma da denti\u00e7\u00e3o, mas sim um sintoma que deve ter ajuda m\u00e9dica. Diarreia ligeira pode ser causada devido \u00e0 cria\u00e7\u00e3o de baba excessiva durante o processo da primeira denti\u00e7\u00e3o, contudo, n\u00e3o deve ser ignorada. Se verificar algum destes dois sintomas, contacte o seu m\u00e9dico para determinar a causa real destes problemas.<\/p>\n<\/div><\/div>\n","protected":false},"excerpt":{"rendered":"","protected":false},"author":2,"featured_media":0,"parent":78,"menu_order":11,"comment_status":"closed","ping_status":"closed","template":"","meta":{"_acf_changed":false,"footnotes":""},"from-article-database":[],"class_list":["post-169","page","type-page","status-publish","hentry"],"acf":[],"yoast_head":"<!-- This site is optimized with the Yoast SEO plugin v26.6 - https:\/\/yoast.com\/wordpress\/plugins\/seo\/ -->\n<title>Sinais da primeira denti\u00e7\u00e3o - Multi-Mam<\/title>\n<meta name=\"description\" content=\"O processo de denti\u00e7\u00e3o \u00e9 normalmente acompanhado por um conjunto de sintomas, que ocorrem cerca de quatro dias antes do dente nascer, e dura mais cerca de tr\u00eas dias.\" \/>\n<meta name=\"robots\" content=\"index, follow, max-snippet:-1, max-image-preview:large, max-video-preview:-1\" \/>\n<link rel=\"canonical\" href=\"https:\/\/multi-mam.com\/pt\/artigos\/primeira-denticao\/sinais-da-primeira-denticao\/\" \/>\n<meta property=\"og:locale\" content=\"pt_PT\" \/>\n<meta property=\"og:type\" content=\"article\" \/>\n<meta property=\"og:title\" content=\"Sinais da primeira denti\u00e7\u00e3o - Multi-Mam\" \/>\n<meta property=\"og:description\" content=\"O processo de denti\u00e7\u00e3o \u00e9 normalmente acompanhado por um conjunto de sintomas, que ocorrem cerca de quatro dias antes do dente nascer, e dura mais cerca de tr\u00eas dias.\" \/>\n<meta property=\"og:url\" content=\"https:\/\/multi-mam.com\/pt\/artigos\/primeira-denticao\/sinais-da-primeira-denticao\/\" \/>\n<meta property=\"og:site_name\" content=\"Multi-Mam\" \/>\n<meta property=\"article:modified_time\" content=\"2023-04-20T06:43:52+00:00\" \/>\n<meta name=\"twitter:card\" content=\"summary_large_image\" \/>\n<meta name=\"twitter:label1\" content=\"Tempo estimado de leitura\" \/>\n\t<meta name=\"twitter:data1\" content=\"4 minutos\" \/>\n<script type=\"application\/ld+json\" class=\"yoast-schema-graph\">{\"@context\":\"https:\/\/schema.org\",\"@graph\":[{\"@type\":\"WebPage\",\"@id\":\"https:\/\/multi-mam.com\/pt\/artigos\/primeira-denticao\/sinais-da-primeira-denticao\/\",\"url\":\"https:\/\/multi-mam.com\/pt\/artigos\/primeira-denticao\/sinais-da-primeira-denticao\/\",\"name\":\"Sinais da primeira denti\u00e7\u00e3o - Multi-Mam\",\"isPartOf\":{\"@id\":\"https:\/\/multi-mam.com\/pt\/#website\"},\"datePublished\":\"2023-04-18T13:15:54+00:00\",\"dateModified\":\"2023-04-20T06:43:52+00:00\",\"description\":\"O processo de denti\u00e7\u00e3o \u00e9 normalmente acompanhado por um conjunto de sintomas, que ocorrem cerca de quatro dias antes do dente nascer, e dura mais cerca de tr\u00eas dias.\",\"breadcrumb\":{\"@id\":\"https:\/\/multi-mam.com\/pt\/artigos\/primeira-denticao\/sinais-da-primeira-denticao\/#breadcrumb\"},\"inLanguage\":\"pt-PT\",\"potentialAction\":[{\"@type\":\"ReadAction\",\"target\":[\"https:\/\/multi-mam.com\/pt\/artigos\/primeira-denticao\/sinais-da-primeira-denticao\/\"]}]},{\"@type\":\"BreadcrumbList\",\"@id\":\"https:\/\/multi-mam.com\/pt\/artigos\/primeira-denticao\/sinais-da-primeira-denticao\/#breadcrumb\",\"itemListElement\":[{\"@type\":\"ListItem\",\"position\":1,\"name\":\"Home\",\"item\":\"https:\/\/multi-mam.com\/pt\/\"},{\"@type\":\"ListItem\",\"position\":2,\"name\":\"Artigos\",\"item\":\"https:\/\/multi-mam.com\/pt\/artigos\/\"},{\"@type\":\"ListItem\",\"position\":3,\"name\":\"Primeira denti\u00e7\u00e3o\",\"item\":\"https:\/\/multi-mam.com\/pt\/artigos\/primeira-denticao\/\"},{\"@type\":\"ListItem\",\"position\":4,\"name\":\"Sinais da primeira denti\u00e7\u00e3o\"}]},{\"@type\":\"WebSite\",\"@id\":\"https:\/\/multi-mam.com\/pt\/#website\",\"url\":\"https:\/\/multi-mam.com\/pt\/\",\"name\":\"Multi-Mam\",\"description\":\"\",\"publisher\":{\"@id\":\"https:\/\/multi-mam.com\/pt\/#organization\"},\"potentialAction\":[{\"@type\":\"SearchAction\",\"target\":{\"@type\":\"EntryPoint\",\"urlTemplate\":\"https:\/\/multi-mam.com\/pt\/?s={search_term_string}\"},\"query-input\":{\"@type\":\"PropertyValueSpecification\",\"valueRequired\":true,\"valueName\":\"search_term_string\"}}],\"inLanguage\":\"pt-PT\"},{\"@type\":\"Organization\",\"@id\":\"https:\/\/multi-mam.com\/pt\/#organization\",\"name\":\"Multi-Mam\",\"url\":\"https:\/\/multi-mam.com\/pt\/\",\"logo\":{\"@type\":\"ImageObject\",\"inLanguage\":\"pt-PT\",\"@id\":\"https:\/\/multi-mam.com\/pt\/#\/schema\/logo\/image\/\",\"url\":\"https:\/\/multi-mam.com\/app\/uploads\/sites\/26\/2023\/04\/multi-mam-logotype.png\",\"contentUrl\":\"https:\/\/multi-mam.com\/app\/uploads\/sites\/26\/2023\/04\/multi-mam-logotype.png\",\"width\":70,\"height\":96,\"caption\":\"Multi-Mam\"},\"image\":{\"@id\":\"https:\/\/multi-mam.com\/pt\/#\/schema\/logo\/image\/\"}}]}<\/script>\n<!-- \/ Yoast SEO plugin. -->","yoast_head_json":{"title":"Sinais da primeira denti\u00e7\u00e3o - Multi-Mam","description":"O processo de denti\u00e7\u00e3o \u00e9 normalmente acompanhado por um conjunto de sintomas, que ocorrem cerca de quatro dias antes do dente nascer, e dura mais cerca de tr\u00eas dias.","robots":{"index":"index","follow":"follow","max-snippet":"max-snippet:-1","max-image-preview":"max-image-preview:large","max-video-preview":"max-video-preview:-1"},"canonical":"https:\/\/multi-mam.com\/pt\/artigos\/primeira-denticao\/sinais-da-primeira-denticao\/","og_locale":"pt_PT","og_type":"article","og_title":"Sinais da primeira denti\u00e7\u00e3o - Multi-Mam","og_description":"O processo de denti\u00e7\u00e3o \u00e9 normalmente acompanhado por um conjunto de sintomas, que ocorrem cerca de quatro dias antes do dente nascer, e dura mais cerca de tr\u00eas dias.","og_url":"https:\/\/multi-mam.com\/pt\/artigos\/primeira-denticao\/sinais-da-primeira-denticao\/","og_site_name":"Multi-Mam","article_modified_time":"2023-04-20T06:43:52+00:00","twitter_card":"summary_large_image","twitter_misc":{"Tempo estimado de leitura":"4 minutos"},"schema":{"@context":"https:\/\/schema.org","@graph":[{"@type":"WebPage","@id":"https:\/\/multi-mam.com\/pt\/artigos\/primeira-denticao\/sinais-da-primeira-denticao\/","url":"https:\/\/multi-mam.com\/pt\/artigos\/primeira-denticao\/sinais-da-primeira-denticao\/","name":"Sinais da primeira denti\u00e7\u00e3o - Multi-Mam","isPartOf":{"@id":"https:\/\/multi-mam.com\/pt\/#website"},"datePublished":"2023-04-18T13:15:54+00:00","dateModified":"2023-04-20T06:43:52+00:00","description":"O processo de denti\u00e7\u00e3o \u00e9 normalmente acompanhado por um conjunto de sintomas, que ocorrem cerca de quatro dias antes do dente nascer, e dura mais cerca de tr\u00eas dias.","breadcrumb":{"@id":"https:\/\/multi-mam.com\/pt\/artigos\/primeira-denticao\/sinais-da-primeira-denticao\/#breadcrumb"},"inLanguage":"pt-PT","potentialAction":[{"@type":"ReadAction","target":["https:\/\/multi-mam.com\/pt\/artigos\/primeira-denticao\/sinais-da-primeira-denticao\/"]}]},{"@type":"BreadcrumbList","@id":"https:\/\/multi-mam.com\/pt\/artigos\/primeira-denticao\/sinais-da-primeira-denticao\/#breadcrumb","itemListElement":[{"@type":"ListItem","position":1,"name":"Home","item":"https:\/\/multi-mam.com\/pt\/"},{"@type":"ListItem","position":2,"name":"Artigos","item":"https:\/\/multi-mam.com\/pt\/artigos\/"},{"@type":"ListItem","position":3,"name":"Primeira denti\u00e7\u00e3o","item":"https:\/\/multi-mam.com\/pt\/artigos\/primeira-denticao\/"},{"@type":"ListItem","position":4,"name":"Sinais da primeira denti\u00e7\u00e3o"}]},{"@type":"WebSite","@id":"https:\/\/multi-mam.com\/pt\/#website","url":"https:\/\/multi-mam.com\/pt\/","name":"Multi-Mam","description":"","publisher":{"@id":"https:\/\/multi-mam.com\/pt\/#organization"},"potentialAction":[{"@type":"SearchAction","target":{"@type":"EntryPoint","urlTemplate":"https:\/\/multi-mam.com\/pt\/?s={search_term_string}"},"query-input":{"@type":"PropertyValueSpecification","valueRequired":true,"valueName":"search_term_string"}}],"inLanguage":"pt-PT"},{"@type":"Organization","@id":"https:\/\/multi-mam.com\/pt\/#organization","name":"Multi-Mam","url":"https:\/\/multi-mam.com\/pt\/","logo":{"@type":"ImageObject","inLanguage":"pt-PT","@id":"https:\/\/multi-mam.com\/pt\/#\/schema\/logo\/image\/","url":"https:\/\/multi-mam.com\/app\/uploads\/sites\/26\/2023\/04\/multi-mam-logotype.png","contentUrl":"https:\/\/multi-mam.com\/app\/uploads\/sites\/26\/2023\/04\/multi-mam-logotype.png","width":70,"height":96,"caption":"Multi-Mam"},"image":{"@id":"https:\/\/multi-mam.com\/pt\/#\/schema\/logo\/image\/"}}]}},"_links":{"self":[{"href":"https:\/\/multi-mam.com\/pt\/wp-json\/wp\/v2\/pages\/169","targetHints":{"allow":["GET"]}}],"collection":[{"href":"https:\/\/multi-mam.com\/pt\/wp-json\/wp\/v2\/pages"}],"about":[{"href":"https:\/\/multi-mam.com\/pt\/wp-json\/wp\/v2\/types\/page"}],"author":[{"embeddable":true,"href":"https:\/\/multi-mam.com\/pt\/wp-json\/wp\/v2\/users\/2"}],"replies":[{"embeddable":true,"href":"https:\/\/multi-mam.com\/pt\/wp-json\/wp\/v2\/comments?post=169"}],"version-history":[{"count":3,"href":"https:\/\/multi-mam.com\/pt\/wp-json\/wp\/v2\/pages\/169\/revisions"}],"predecessor-version":[{"id":294,"href":"https:\/\/multi-mam.com\/pt\/wp-json\/wp\/v2\/pages\/169\/revisions\/294"}],"up":[{"embeddable":true,"href":"https:\/\/multi-mam.com\/pt\/wp-json\/wp\/v2\/pages\/78"}],"wp:attachment":[{"href":"https:\/\/multi-mam.com\/pt\/wp-json\/wp\/v2\/media?parent=169"}],"wp:term":[{"taxonomy":"from-article-database","embeddable":true,"href":"https:\/\/multi-mam.com\/pt\/wp-json\/wp\/v2\/from-article-database?post=169"}],"curies":[{"name":"wp","href":"https:\/\/api.w.org\/{rel}","templated":true}]}}