{"id":165,"date":"2023-04-18T14:15:10","date_gmt":"2023-04-18T13:15:10","guid":{"rendered":"https:\/\/multi-mam.com\/pt\/?page_id=165"},"modified":"2023-04-20T07:33:15","modified_gmt":"2023-04-20T06:33:15","slug":"denticao-e-assaduras-da-fralda-tem-ligacao","status":"publish","type":"page","link":"https:\/\/multi-mam.com\/pt\/artigos\/primeira-denticao\/denticao-e-assaduras-da-fralda-tem-ligacao\/","title":{"rendered":"Denti\u00e7\u00e3o e assaduras da fralda \u2013 t\u00eam liga\u00e7\u00e3o?"},"content":{"rendered":"\n<div class=\"wp-block-karopharma-free-text pt-large pb-large bg-center bg-cover bg-no-repeat  is-style-primary\" style=\"background-image:url()\"><div class=\"free-text-wrapper container max-w-medium text-left\">\n<h1 class=\"wp-block-heading\">Denti\u00e7\u00e3o e assaduras da fralda \u2013 t\u00eam liga\u00e7\u00e3o?<\/h1>\n\n\n\n<p class=\"is-style-paragraph-preamble\">Assim que a primeira denti\u00e7\u00e3o come\u00e7a, muitos beb\u00e9s experienciam um grande conjunto de sintomas: babar, morder, esfregar a cara, irritabilidade, gengivas inchadas, etc. No entanto, existe um sintoma que tem sido assunto de discuss\u00e3o entre pais, e tamb\u00e9m respons\u00e1vel por dividir pediatras em termos de opini\u00e3o em todo o mundo. A liga\u00e7\u00e3o entre a primeira denti\u00e7\u00e3o e a assadura da fralda n\u00e3o \u00e9 totalmente clara, e os m\u00e9dicos t\u00eam diferentes teorias sobre a correla\u00e7\u00e3o entre ambos os sintomas.<\/p>\n<\/div><\/div>\n\n\n\n<div class=\"wp-block-karopharma-free-text pt-large pb-large bg-center bg-cover bg-no-repeat\" style=\"background-image:url()\"><div class=\"free-text-wrapper container max-w-medium text-left\">\n<h2 class=\"is-style-heading-h2 wp-block-heading\">O que \u00e9 uma assadura da fralda?<\/h2>\n\n\n\n<p>A assadura da fralda \u00e9 f\u00e1cil de reconhecer. Poder\u00e1 reparar em manchas vermelhas e brilhantes na pele em s\u00edtios que est\u00e3o em contacto direto com a fralda molhada. A principal causa \u00e9 a pele h\u00famida que \u00e9 suscet\u00edvel a danificar-se devido a fric\u00e7\u00e3o e atrito. A pele danificada \u00e9 uma porta aberta para bact\u00e9rias, enzimas e outros componentes agressivos que s\u00e3o normalmente encontrados na urina e fezes.<\/p>\n\n\n\n<h2 class=\"is-style-heading-h2 wp-block-heading\">A primeira denti\u00e7\u00e3o causa assadura da fralda?<\/h2>\n\n\n\n<p>Como indic\u00e1mos anteriormente, n\u00e3o existe uma resposta de \u201cSim\u201d ou \u201cN\u00e3o\u201d para esta pergunta. Alguns m\u00e9dicos acreditam que o processo \u00e9 bastante claro e geralmente aparece nesta ordem: Denti\u00e7\u00e3o -&gt; Diarreia -&gt; Assadura da fralda<\/p>\n\n\n\n<p>O processo da primeira denti\u00e7\u00e3o provoca uma quantidade excessiva de baba, em que parte dela ser\u00e1 engolida pelo seu pequeno. Esta grande quantidade de baba na barriga do seu beb\u00e9 pode interferir com a sua digest\u00e3o e causar diarreia ligeira, que poder\u00e1 resultar em pele irritada e assaduras da fralda. Mesmo que a sua experi\u00eancia a leve a concordar com esta teoria, existe uma coisa importante que deve lembrar-se. Diarreia intensa, especialmente acompanhada de letargia, v\u00f3mitos ou febre alta superior a 38,9\u2070C, deve ser justifica\u00e7\u00e3o suficiente para ir ao m\u00e9dico urgentemente, uma vez que os sintomas apresentados n\u00e3o t\u00eam nada a ver com a primeira denti\u00e7\u00e3o do seu beb\u00e9, mas sim com outra coisa.<\/p>\n\n\n\n<p>Durante o per\u00edodo em que o primeiro dente aparece, muitas m\u00e3es reduzem a amamenta\u00e7\u00e3o ou cessam completamente. Por isso a imunidade dada pela m\u00e3e atrav\u00e9s da amamenta\u00e7\u00e3o \u00e9 diminu\u00edda. O seu beb\u00e9 fica mais suscet\u00edvel a v\u00e1rias infe\u00e7\u00f5es. Isto poder\u00e1 confundir sintomas. Por isso as m\u00e3es podem relacionar a diarreia com a primeira denti\u00e7\u00e3o, em vez de considerarem de poder ser um sinal do sistema imunit\u00e1rio do beb\u00e9 a responder. Se o seu beb\u00e9 tem diarreia, primeiro verifique se existe alguma altera\u00e7\u00e3o no padr\u00e3o de amamenta\u00e7\u00e3o, se sim a diarreia estar\u00e1 provavelmente relacionada com uma infe\u00e7\u00e3o. Se n\u00e3o existem altera\u00e7\u00f5es, verifique se existem outros sinais da primeira denti\u00e7\u00e3o. Lembre-se que a diarreia poder\u00e1 conduzir a desidrata\u00e7\u00e3o nos beb\u00e9s muito mais rapidamente do que nos adultos e se for relacionada com a primeira denti\u00e7\u00e3o, n\u00e3o dever\u00e1 demorar mais do que tr\u00eas dias.<\/p>\n\n\n\n<p>A diarreia \u00e9 muito stressante para a pele. A humidade e \u00e1cido podem ser bastante prejudiciais para a pele, sendo a assadura da fralda o resultado.<\/p>\n\n\n\n<p>Apesar de muitos pais verificarem o mesmo sintoma nos seus filhos (primeira denti\u00e7\u00e3o, diarreia e assaduras), alguns especialistas continuam a descordar com esta teoria. Eles assumem que a diarreia e a assadura da fralda n\u00e3o s\u00e3o causadas pela primeira denti\u00e7\u00e3o, mas sim por outros fatores, como altera\u00e7\u00f5es na dieta (comer s\u00f3lidos ou beber muitos sumos de frutas), toma de antibi\u00f3ticos, infe\u00e7\u00f5es f\u00fangicas ou bacterianas, irrita\u00e7\u00f5es causadas por um novo produto ou exposi\u00e7\u00e3o prolongada a fezes ou urina. Uma poss\u00edvel explica\u00e7\u00e3o pode estar na necessidade dos beb\u00e9s mastigarem: mastigar objetos dom\u00e9sticos e materiais n\u00e3o lavados, significa que o beb\u00e9 pode estar a ingerir germes que podem levar a diarreia ligeira.<\/p>\n<\/div><\/div>\n","protected":false},"excerpt":{"rendered":"","protected":false},"author":2,"featured_media":0,"parent":78,"menu_order":9,"comment_status":"closed","ping_status":"closed","template":"","meta":{"_acf_changed":false,"footnotes":""},"from-article-database":[],"class_list":["post-165","page","type-page","status-publish","hentry"],"acf":[],"yoast_head":"<!-- This site is optimized with the Yoast SEO plugin v26.6 - https:\/\/yoast.com\/wordpress\/plugins\/seo\/ -->\n<title>Denti\u00e7\u00e3o e assaduras da fralda \u2013 t\u00eam liga\u00e7\u00e3o? - Multi-Mam<\/title>\n<meta name=\"description\" content=\"Assim que a primeira denti\u00e7\u00e3o come\u00e7a, muitos beb\u00e9s experienciam um grande conjunto de sintomas: babar, morder, esfregar a cara, irritabilidade, gengivas inchadas, etc.\" \/>\n<meta name=\"robots\" content=\"index, follow, max-snippet:-1, max-image-preview:large, max-video-preview:-1\" \/>\n<link rel=\"canonical\" href=\"https:\/\/multi-mam.com\/pt\/artigos\/primeira-denticao\/denticao-e-assaduras-da-fralda-tem-ligacao\/\" \/>\n<meta property=\"og:locale\" content=\"pt_PT\" \/>\n<meta property=\"og:type\" content=\"article\" \/>\n<meta property=\"og:title\" content=\"Denti\u00e7\u00e3o e assaduras da fralda \u2013 t\u00eam liga\u00e7\u00e3o? - Multi-Mam\" \/>\n<meta property=\"og:description\" content=\"Assim que a primeira denti\u00e7\u00e3o come\u00e7a, muitos beb\u00e9s experienciam um grande conjunto de sintomas: babar, morder, esfregar a cara, irritabilidade, gengivas inchadas, etc.\" \/>\n<meta property=\"og:url\" content=\"https:\/\/multi-mam.com\/pt\/artigos\/primeira-denticao\/denticao-e-assaduras-da-fralda-tem-ligacao\/\" \/>\n<meta property=\"og:site_name\" content=\"Multi-Mam\" \/>\n<meta property=\"article:modified_time\" content=\"2023-04-20T06:33:15+00:00\" \/>\n<meta name=\"twitter:card\" content=\"summary_large_image\" \/>\n<meta name=\"twitter:label1\" content=\"Tempo estimado de leitura\" \/>\n\t<meta name=\"twitter:data1\" content=\"4 minutos\" \/>\n<script type=\"application\/ld+json\" class=\"yoast-schema-graph\">{\"@context\":\"https:\/\/schema.org\",\"@graph\":[{\"@type\":\"WebPage\",\"@id\":\"https:\/\/multi-mam.com\/pt\/artigos\/primeira-denticao\/denticao-e-assaduras-da-fralda-tem-ligacao\/\",\"url\":\"https:\/\/multi-mam.com\/pt\/artigos\/primeira-denticao\/denticao-e-assaduras-da-fralda-tem-ligacao\/\",\"name\":\"Denti\u00e7\u00e3o e assaduras da fralda \u2013 t\u00eam liga\u00e7\u00e3o? - Multi-Mam\",\"isPartOf\":{\"@id\":\"https:\/\/multi-mam.com\/pt\/#website\"},\"datePublished\":\"2023-04-18T13:15:10+00:00\",\"dateModified\":\"2023-04-20T06:33:15+00:00\",\"description\":\"Assim que a primeira denti\u00e7\u00e3o come\u00e7a, muitos beb\u00e9s experienciam um grande conjunto de sintomas: babar, morder, esfregar a cara, irritabilidade, gengivas inchadas, etc.\",\"breadcrumb\":{\"@id\":\"https:\/\/multi-mam.com\/pt\/artigos\/primeira-denticao\/denticao-e-assaduras-da-fralda-tem-ligacao\/#breadcrumb\"},\"inLanguage\":\"pt-PT\",\"potentialAction\":[{\"@type\":\"ReadAction\",\"target\":[\"https:\/\/multi-mam.com\/pt\/artigos\/primeira-denticao\/denticao-e-assaduras-da-fralda-tem-ligacao\/\"]}]},{\"@type\":\"BreadcrumbList\",\"@id\":\"https:\/\/multi-mam.com\/pt\/artigos\/primeira-denticao\/denticao-e-assaduras-da-fralda-tem-ligacao\/#breadcrumb\",\"itemListElement\":[{\"@type\":\"ListItem\",\"position\":1,\"name\":\"Home\",\"item\":\"https:\/\/multi-mam.com\/pt\/\"},{\"@type\":\"ListItem\",\"position\":2,\"name\":\"Artigos\",\"item\":\"https:\/\/multi-mam.com\/pt\/artigos\/\"},{\"@type\":\"ListItem\",\"position\":3,\"name\":\"Primeira denti\u00e7\u00e3o\",\"item\":\"https:\/\/multi-mam.com\/pt\/artigos\/primeira-denticao\/\"},{\"@type\":\"ListItem\",\"position\":4,\"name\":\"Denti\u00e7\u00e3o e assaduras da fralda \u2013 t\u00eam liga\u00e7\u00e3o?\"}]},{\"@type\":\"WebSite\",\"@id\":\"https:\/\/multi-mam.com\/pt\/#website\",\"url\":\"https:\/\/multi-mam.com\/pt\/\",\"name\":\"Multi-Mam\",\"description\":\"\",\"publisher\":{\"@id\":\"https:\/\/multi-mam.com\/pt\/#organization\"},\"potentialAction\":[{\"@type\":\"SearchAction\",\"target\":{\"@type\":\"EntryPoint\",\"urlTemplate\":\"https:\/\/multi-mam.com\/pt\/?s={search_term_string}\"},\"query-input\":{\"@type\":\"PropertyValueSpecification\",\"valueRequired\":true,\"valueName\":\"search_term_string\"}}],\"inLanguage\":\"pt-PT\"},{\"@type\":\"Organization\",\"@id\":\"https:\/\/multi-mam.com\/pt\/#organization\",\"name\":\"Multi-Mam\",\"url\":\"https:\/\/multi-mam.com\/pt\/\",\"logo\":{\"@type\":\"ImageObject\",\"inLanguage\":\"pt-PT\",\"@id\":\"https:\/\/multi-mam.com\/pt\/#\/schema\/logo\/image\/\",\"url\":\"https:\/\/multi-mam.com\/app\/uploads\/sites\/26\/2023\/04\/multi-mam-logotype.png\",\"contentUrl\":\"https:\/\/multi-mam.com\/app\/uploads\/sites\/26\/2023\/04\/multi-mam-logotype.png\",\"width\":70,\"height\":96,\"caption\":\"Multi-Mam\"},\"image\":{\"@id\":\"https:\/\/multi-mam.com\/pt\/#\/schema\/logo\/image\/\"}}]}<\/script>\n<!-- \/ Yoast SEO plugin. -->","yoast_head_json":{"title":"Denti\u00e7\u00e3o e assaduras da fralda \u2013 t\u00eam liga\u00e7\u00e3o? - Multi-Mam","description":"Assim que a primeira denti\u00e7\u00e3o come\u00e7a, muitos beb\u00e9s experienciam um grande conjunto de sintomas: babar, morder, esfregar a cara, irritabilidade, gengivas inchadas, etc.","robots":{"index":"index","follow":"follow","max-snippet":"max-snippet:-1","max-image-preview":"max-image-preview:large","max-video-preview":"max-video-preview:-1"},"canonical":"https:\/\/multi-mam.com\/pt\/artigos\/primeira-denticao\/denticao-e-assaduras-da-fralda-tem-ligacao\/","og_locale":"pt_PT","og_type":"article","og_title":"Denti\u00e7\u00e3o e assaduras da fralda \u2013 t\u00eam liga\u00e7\u00e3o? - Multi-Mam","og_description":"Assim que a primeira denti\u00e7\u00e3o come\u00e7a, muitos beb\u00e9s experienciam um grande conjunto de sintomas: babar, morder, esfregar a cara, irritabilidade, gengivas inchadas, etc.","og_url":"https:\/\/multi-mam.com\/pt\/artigos\/primeira-denticao\/denticao-e-assaduras-da-fralda-tem-ligacao\/","og_site_name":"Multi-Mam","article_modified_time":"2023-04-20T06:33:15+00:00","twitter_card":"summary_large_image","twitter_misc":{"Tempo estimado de leitura":"4 minutos"},"schema":{"@context":"https:\/\/schema.org","@graph":[{"@type":"WebPage","@id":"https:\/\/multi-mam.com\/pt\/artigos\/primeira-denticao\/denticao-e-assaduras-da-fralda-tem-ligacao\/","url":"https:\/\/multi-mam.com\/pt\/artigos\/primeira-denticao\/denticao-e-assaduras-da-fralda-tem-ligacao\/","name":"Denti\u00e7\u00e3o e assaduras da fralda \u2013 t\u00eam liga\u00e7\u00e3o? - Multi-Mam","isPartOf":{"@id":"https:\/\/multi-mam.com\/pt\/#website"},"datePublished":"2023-04-18T13:15:10+00:00","dateModified":"2023-04-20T06:33:15+00:00","description":"Assim que a primeira denti\u00e7\u00e3o come\u00e7a, muitos beb\u00e9s experienciam um grande conjunto de sintomas: babar, morder, esfregar a cara, irritabilidade, gengivas inchadas, etc.","breadcrumb":{"@id":"https:\/\/multi-mam.com\/pt\/artigos\/primeira-denticao\/denticao-e-assaduras-da-fralda-tem-ligacao\/#breadcrumb"},"inLanguage":"pt-PT","potentialAction":[{"@type":"ReadAction","target":["https:\/\/multi-mam.com\/pt\/artigos\/primeira-denticao\/denticao-e-assaduras-da-fralda-tem-ligacao\/"]}]},{"@type":"BreadcrumbList","@id":"https:\/\/multi-mam.com\/pt\/artigos\/primeira-denticao\/denticao-e-assaduras-da-fralda-tem-ligacao\/#breadcrumb","itemListElement":[{"@type":"ListItem","position":1,"name":"Home","item":"https:\/\/multi-mam.com\/pt\/"},{"@type":"ListItem","position":2,"name":"Artigos","item":"https:\/\/multi-mam.com\/pt\/artigos\/"},{"@type":"ListItem","position":3,"name":"Primeira denti\u00e7\u00e3o","item":"https:\/\/multi-mam.com\/pt\/artigos\/primeira-denticao\/"},{"@type":"ListItem","position":4,"name":"Denti\u00e7\u00e3o e assaduras da fralda \u2013 t\u00eam liga\u00e7\u00e3o?"}]},{"@type":"WebSite","@id":"https:\/\/multi-mam.com\/pt\/#website","url":"https:\/\/multi-mam.com\/pt\/","name":"Multi-Mam","description":"","publisher":{"@id":"https:\/\/multi-mam.com\/pt\/#organization"},"potentialAction":[{"@type":"SearchAction","target":{"@type":"EntryPoint","urlTemplate":"https:\/\/multi-mam.com\/pt\/?s={search_term_string}"},"query-input":{"@type":"PropertyValueSpecification","valueRequired":true,"valueName":"search_term_string"}}],"inLanguage":"pt-PT"},{"@type":"Organization","@id":"https:\/\/multi-mam.com\/pt\/#organization","name":"Multi-Mam","url":"https:\/\/multi-mam.com\/pt\/","logo":{"@type":"ImageObject","inLanguage":"pt-PT","@id":"https:\/\/multi-mam.com\/pt\/#\/schema\/logo\/image\/","url":"https:\/\/multi-mam.com\/app\/uploads\/sites\/26\/2023\/04\/multi-mam-logotype.png","contentUrl":"https:\/\/multi-mam.com\/app\/uploads\/sites\/26\/2023\/04\/multi-mam-logotype.png","width":70,"height":96,"caption":"Multi-Mam"},"image":{"@id":"https:\/\/multi-mam.com\/pt\/#\/schema\/logo\/image\/"}}]}},"_links":{"self":[{"href":"https:\/\/multi-mam.com\/pt\/wp-json\/wp\/v2\/pages\/165","targetHints":{"allow":["GET"]}}],"collection":[{"href":"https:\/\/multi-mam.com\/pt\/wp-json\/wp\/v2\/pages"}],"about":[{"href":"https:\/\/multi-mam.com\/pt\/wp-json\/wp\/v2\/types\/page"}],"author":[{"embeddable":true,"href":"https:\/\/multi-mam.com\/pt\/wp-json\/wp\/v2\/users\/2"}],"replies":[{"embeddable":true,"href":"https:\/\/multi-mam.com\/pt\/wp-json\/wp\/v2\/comments?post=165"}],"version-history":[{"count":2,"href":"https:\/\/multi-mam.com\/pt\/wp-json\/wp\/v2\/pages\/165\/revisions"}],"predecessor-version":[{"id":290,"href":"https:\/\/multi-mam.com\/pt\/wp-json\/wp\/v2\/pages\/165\/revisions\/290"}],"up":[{"embeddable":true,"href":"https:\/\/multi-mam.com\/pt\/wp-json\/wp\/v2\/pages\/78"}],"wp:attachment":[{"href":"https:\/\/multi-mam.com\/pt\/wp-json\/wp\/v2\/media?parent=165"}],"wp:term":[{"taxonomy":"from-article-database","embeddable":true,"href":"https:\/\/multi-mam.com\/pt\/wp-json\/wp\/v2\/from-article-database?post=165"}],"curies":[{"name":"wp","href":"https:\/\/api.w.org\/{rel}","templated":true}]}}