{"id":159,"date":"2023-04-18T14:14:10","date_gmt":"2023-04-18T13:14:10","guid":{"rendered":"https:\/\/multi-mam.com\/pt\/?page_id=159"},"modified":"2023-04-20T06:37:43","modified_gmt":"2023-04-20T05:37:43","slug":"sintomas-da-primeira-denticao","status":"publish","type":"page","link":"https:\/\/multi-mam.com\/pt\/artigos\/primeira-denticao\/sintomas-da-primeira-denticao\/","title":{"rendered":"Sintomas da primeira denti\u00e7\u00e3o"},"content":{"rendered":"\n<div class=\"wp-block-karopharma-free-text pt-large pb-large bg-center bg-cover bg-no-repeat  is-style-primary\" style=\"background-image:url()\"><div class=\"free-text-wrapper container max-w-medium text-left\">\n<h1 class=\"wp-block-heading\">Sintomas da primeira denti\u00e7\u00e3o<\/h1>\n\n\n\n<p class=\"is-style-paragraph-preamble\">Apesar de os sintomas e a sua intensidade ser diferente em cada crian\u00e7a, apenas uma coisa \u00e9 certa, para a maioria dos pais e os seus beb\u00e9s, o processo de denti\u00e7\u00e3o pode ser bastante stressante. Assim que o dente come\u00e7a a mover-se para a superf\u00edcie e sai pelas gengivas, a press\u00e3o que cria reproduz-se em dor e outros sintomas desagrad\u00e1veis, como por exemplo a necessidade de morder, ou a redu\u00e7\u00e3o do apetite e irritabilidade.<\/p>\n<\/div><\/div>\n\n\n\n<div class=\"wp-block-karopharma-free-text pt-large pb-large bg-center bg-cover bg-no-repeat\" style=\"background-image:url()\"><div class=\"free-text-wrapper container max-w-medium text-left\">\n<p>A primeira denti\u00e7\u00e3o geralmente come\u00e7a aos 6 meses de idade, mas pode come\u00e7ar mais cedo aos 3 meses de idade, ou mais tarde perto dos 12 meses de idade. Os sintomas da primeira denti\u00e7\u00e3o ocorrem 4 dias antes de o dente nascer e podem durar mais 3 dias. Durante este per\u00edodo a maioria das crian\u00e7as sofrem de pelo menos um sintoma, mas geralmente sofrem de v\u00e1rios sintomas desconfort\u00e1veis.<\/p>\n\n\n\n<h4 class=\"is-style-heading-h4 wp-block-heading\">Sintomas t\u00edpicos da primeira denti\u00e7\u00e3o<\/h4>\n\n\n\n<ul class=\"is-style-default wp-block-list\"><li>Gengivas inchadas e macias, onde o seu beb\u00e9 tem tend\u00eancia a esfregar com os dedos. Devido \u00e0 press\u00e3o do dente a nascer, as gengivas tornam-se inchadas e sens\u00edveis. Realizar uma massagem utilizando o seu dedo ou um tecido suave h\u00famido pode aliviar parte do desconforto. Os brinquedos para a denti\u00e7\u00e3o de gel frios podem tamb\u00e9m ajudar.<\/li><li>Se olhar para a boca do seu beb\u00e9, ir\u00e1 reparar numa parte das gengivas vermelha, com um dente mais ou menos vis\u00edvel dentro delas. Algumas vezes podem estar ligeiramente com sangue ou com um pequeno hematoma \u2013 bolha de sangue acumulada dentro da gengiva. Em caso de d\u00favida, consulte o seu m\u00e9dico.<\/li><li>Babar excessivamente \u2013 limpe o rosto do seu beb\u00e9 passando suavemente com um pano e aplique creme protetor na \u00e1rea do queixo para prevenir irrita\u00e7\u00f5es.<\/li><li>Morder ou sugar em tudo o que conseguem agarrar. Isto pode significar brinquedos, dedos, objetos dom\u00e9sticos, o seu cabelo, etc. Ofere\u00e7a-lhe um substituto adaptado, como por exemplo um mordedor ou um tecido h\u00famido frio.<\/li><li>O seu beb\u00e9 poder\u00e1 ficar vermelho na cara, e por vezes com as bochechas quentes. No entanto, se o seu beb\u00e9 tiver febre superior a 38,9\u2070C, consulte o seu m\u00e9dico, pois n\u00e3o \u00e9 um sinal t\u00edpico de denti\u00e7\u00e3o.<\/li><li>Esfregar a orelha e bochecha do lado onde o dente ir\u00e1 nascer.<\/li><li>Redu\u00e7\u00e3o do apetite, em especial por alimentos s\u00f3lidos. Para alguns beb\u00e9s, mastigar durante o processo da primeira denti\u00e7\u00e3o \u00e9 muito desconfort\u00e1vel, por isso s\u00e3o reativos a comer. Tente oferecer-lhe alimentos mais moles e gelado, como por exemplo iogurte, compota de ma\u00e7\u00e3, fruta esmagada, batidos, etc.<\/li><li>Sono agitado durante a noite. Os sintomas tendem a piorar durante a noite. A explica\u00e7\u00e3o mais prov\u00e1vel \u00e9 que o seu beb\u00e9 fica ainda mais nervoso quando est\u00e1 cansado, por isso os sintomas que ele possa estar a sentir s\u00e3o exagerados devido ao cansa\u00e7o.<\/li><li>Reflexo de tosse ou v\u00f3mito \u2013 o seu beb\u00e9 pode engolir baba excessivamente que surgiu devido ao processo de denti\u00e7\u00e3o, que pode causar tosse ou v\u00f3mito. O primeiro passo \u00e9 descartar quaisquer outras causas, como por exemplo constipa\u00e7\u00f5es ou alergias. No entanto, o seu beb\u00e9 n\u00e3o deve ter problemas em respirar. Engolir a baba pode tamb\u00e9m provocar diarreia ligeira, mas se a diarreia se tornar intensa, consulte o seu m\u00e9dico imediatamente.<\/li><li>O seu beb\u00e9 pode ficar um pouco mais nervoso e irritado durante o processo de denti\u00e7\u00e3o. Ele pode chorar mais do que o habitual ou ter problemas em relaxar. Algumas das sugest\u00f5es que descrevemos podem ajudar a aliviar alguns desconfortos, mas n\u00e3o existe melhor cura para a irritabilidade do que mimos.<\/li><li>Durante a fase de denti\u00e7\u00e3o, o seu beb\u00e9 ir\u00e1 provavelmente tentar colocar qualquer coisa que pegue dentro da boca. Estes objetos podem estar cobertos de micr\u00f3bios, e assim o seu beb\u00e9 fica exposto a potenciais problemas de estomago e diarreia. Apesar de diarreia e assaduras da fralda n\u00e3o serem consideradas sintomas da denti\u00e7\u00e3o, sabe-se que surgem mais frequentemente durante este per\u00edodo, pois o beb\u00e9 coloca na sua boca tudo o que segurar. Tente manter os objetos pr\u00f3ximos do seu beb\u00e9 limpos e desinfetados, e se a diarreia persistir, n\u00e3o hesite em consultar o seu m\u00e9dico.<\/li><\/ul>\n<\/div><\/div>\n","protected":false},"excerpt":{"rendered":"","protected":false},"author":2,"featured_media":0,"parent":78,"menu_order":6,"comment_status":"closed","ping_status":"closed","template":"","meta":{"_acf_changed":false,"footnotes":""},"from-article-database":[],"class_list":["post-159","page","type-page","status-publish","hentry"],"acf":[],"yoast_head":"<!-- This site is optimized with the Yoast SEO plugin v26.6 - https:\/\/yoast.com\/wordpress\/plugins\/seo\/ -->\n<title>Sintomas da primeira denti\u00e7\u00e3o - Multi-Mam<\/title>\n<meta name=\"description\" content=\"Apesar de os sintomas e a sua intensidade ser diferente em cada crian\u00e7a, apenas uma coisa \u00e9 certa, para a maioria dos pais e os seus beb\u00e9s, o processo de denti\u00e7\u00e3o pode ser bastante stressante.\" \/>\n<meta name=\"robots\" content=\"index, follow, max-snippet:-1, max-image-preview:large, max-video-preview:-1\" \/>\n<link rel=\"canonical\" href=\"https:\/\/multi-mam.com\/pt\/artigos\/primeira-denticao\/sintomas-da-primeira-denticao\/\" \/>\n<meta property=\"og:locale\" content=\"pt_PT\" \/>\n<meta property=\"og:type\" content=\"article\" \/>\n<meta property=\"og:title\" content=\"Sintomas da primeira denti\u00e7\u00e3o - Multi-Mam\" \/>\n<meta property=\"og:description\" content=\"Apesar de os sintomas e a sua intensidade ser diferente em cada crian\u00e7a, apenas uma coisa \u00e9 certa, para a maioria dos pais e os seus beb\u00e9s, o processo de denti\u00e7\u00e3o pode ser bastante stressante.\" \/>\n<meta property=\"og:url\" content=\"https:\/\/multi-mam.com\/pt\/artigos\/primeira-denticao\/sintomas-da-primeira-denticao\/\" \/>\n<meta property=\"og:site_name\" content=\"Multi-Mam\" \/>\n<meta property=\"article:modified_time\" content=\"2023-04-20T05:37:43+00:00\" \/>\n<meta name=\"twitter:card\" content=\"summary_large_image\" \/>\n<meta name=\"twitter:label1\" content=\"Tempo estimado de leitura\" \/>\n\t<meta name=\"twitter:data1\" content=\"4 minutos\" \/>\n<script type=\"application\/ld+json\" class=\"yoast-schema-graph\">{\"@context\":\"https:\/\/schema.org\",\"@graph\":[{\"@type\":\"WebPage\",\"@id\":\"https:\/\/multi-mam.com\/pt\/artigos\/primeira-denticao\/sintomas-da-primeira-denticao\/\",\"url\":\"https:\/\/multi-mam.com\/pt\/artigos\/primeira-denticao\/sintomas-da-primeira-denticao\/\",\"name\":\"Sintomas da primeira denti\u00e7\u00e3o - Multi-Mam\",\"isPartOf\":{\"@id\":\"https:\/\/multi-mam.com\/pt\/#website\"},\"datePublished\":\"2023-04-18T13:14:10+00:00\",\"dateModified\":\"2023-04-20T05:37:43+00:00\",\"description\":\"Apesar de os sintomas e a sua intensidade ser diferente em cada crian\u00e7a, apenas uma coisa \u00e9 certa, para a maioria dos pais e os seus beb\u00e9s, o processo de denti\u00e7\u00e3o pode ser bastante stressante.\",\"breadcrumb\":{\"@id\":\"https:\/\/multi-mam.com\/pt\/artigos\/primeira-denticao\/sintomas-da-primeira-denticao\/#breadcrumb\"},\"inLanguage\":\"pt-PT\",\"potentialAction\":[{\"@type\":\"ReadAction\",\"target\":[\"https:\/\/multi-mam.com\/pt\/artigos\/primeira-denticao\/sintomas-da-primeira-denticao\/\"]}]},{\"@type\":\"BreadcrumbList\",\"@id\":\"https:\/\/multi-mam.com\/pt\/artigos\/primeira-denticao\/sintomas-da-primeira-denticao\/#breadcrumb\",\"itemListElement\":[{\"@type\":\"ListItem\",\"position\":1,\"name\":\"Home\",\"item\":\"https:\/\/multi-mam.com\/pt\/\"},{\"@type\":\"ListItem\",\"position\":2,\"name\":\"Artigos\",\"item\":\"https:\/\/multi-mam.com\/pt\/artigos\/\"},{\"@type\":\"ListItem\",\"position\":3,\"name\":\"Primeira denti\u00e7\u00e3o\",\"item\":\"https:\/\/multi-mam.com\/pt\/artigos\/primeira-denticao\/\"},{\"@type\":\"ListItem\",\"position\":4,\"name\":\"Sintomas da primeira denti\u00e7\u00e3o\"}]},{\"@type\":\"WebSite\",\"@id\":\"https:\/\/multi-mam.com\/pt\/#website\",\"url\":\"https:\/\/multi-mam.com\/pt\/\",\"name\":\"Multi-Mam\",\"description\":\"\",\"publisher\":{\"@id\":\"https:\/\/multi-mam.com\/pt\/#organization\"},\"potentialAction\":[{\"@type\":\"SearchAction\",\"target\":{\"@type\":\"EntryPoint\",\"urlTemplate\":\"https:\/\/multi-mam.com\/pt\/?s={search_term_string}\"},\"query-input\":{\"@type\":\"PropertyValueSpecification\",\"valueRequired\":true,\"valueName\":\"search_term_string\"}}],\"inLanguage\":\"pt-PT\"},{\"@type\":\"Organization\",\"@id\":\"https:\/\/multi-mam.com\/pt\/#organization\",\"name\":\"Multi-Mam\",\"url\":\"https:\/\/multi-mam.com\/pt\/\",\"logo\":{\"@type\":\"ImageObject\",\"inLanguage\":\"pt-PT\",\"@id\":\"https:\/\/multi-mam.com\/pt\/#\/schema\/logo\/image\/\",\"url\":\"https:\/\/multi-mam.com\/app\/uploads\/sites\/26\/2023\/04\/multi-mam-logotype.png\",\"contentUrl\":\"https:\/\/multi-mam.com\/app\/uploads\/sites\/26\/2023\/04\/multi-mam-logotype.png\",\"width\":70,\"height\":96,\"caption\":\"Multi-Mam\"},\"image\":{\"@id\":\"https:\/\/multi-mam.com\/pt\/#\/schema\/logo\/image\/\"}}]}<\/script>\n<!-- \/ Yoast SEO plugin. -->","yoast_head_json":{"title":"Sintomas da primeira denti\u00e7\u00e3o - Multi-Mam","description":"Apesar de os sintomas e a sua intensidade ser diferente em cada crian\u00e7a, apenas uma coisa \u00e9 certa, para a maioria dos pais e os seus beb\u00e9s, o processo de denti\u00e7\u00e3o pode ser bastante stressante.","robots":{"index":"index","follow":"follow","max-snippet":"max-snippet:-1","max-image-preview":"max-image-preview:large","max-video-preview":"max-video-preview:-1"},"canonical":"https:\/\/multi-mam.com\/pt\/artigos\/primeira-denticao\/sintomas-da-primeira-denticao\/","og_locale":"pt_PT","og_type":"article","og_title":"Sintomas da primeira denti\u00e7\u00e3o - Multi-Mam","og_description":"Apesar de os sintomas e a sua intensidade ser diferente em cada crian\u00e7a, apenas uma coisa \u00e9 certa, para a maioria dos pais e os seus beb\u00e9s, o processo de denti\u00e7\u00e3o pode ser bastante stressante.","og_url":"https:\/\/multi-mam.com\/pt\/artigos\/primeira-denticao\/sintomas-da-primeira-denticao\/","og_site_name":"Multi-Mam","article_modified_time":"2023-04-20T05:37:43+00:00","twitter_card":"summary_large_image","twitter_misc":{"Tempo estimado de leitura":"4 minutos"},"schema":{"@context":"https:\/\/schema.org","@graph":[{"@type":"WebPage","@id":"https:\/\/multi-mam.com\/pt\/artigos\/primeira-denticao\/sintomas-da-primeira-denticao\/","url":"https:\/\/multi-mam.com\/pt\/artigos\/primeira-denticao\/sintomas-da-primeira-denticao\/","name":"Sintomas da primeira denti\u00e7\u00e3o - Multi-Mam","isPartOf":{"@id":"https:\/\/multi-mam.com\/pt\/#website"},"datePublished":"2023-04-18T13:14:10+00:00","dateModified":"2023-04-20T05:37:43+00:00","description":"Apesar de os sintomas e a sua intensidade ser diferente em cada crian\u00e7a, apenas uma coisa \u00e9 certa, para a maioria dos pais e os seus beb\u00e9s, o processo de denti\u00e7\u00e3o pode ser bastante stressante.","breadcrumb":{"@id":"https:\/\/multi-mam.com\/pt\/artigos\/primeira-denticao\/sintomas-da-primeira-denticao\/#breadcrumb"},"inLanguage":"pt-PT","potentialAction":[{"@type":"ReadAction","target":["https:\/\/multi-mam.com\/pt\/artigos\/primeira-denticao\/sintomas-da-primeira-denticao\/"]}]},{"@type":"BreadcrumbList","@id":"https:\/\/multi-mam.com\/pt\/artigos\/primeira-denticao\/sintomas-da-primeira-denticao\/#breadcrumb","itemListElement":[{"@type":"ListItem","position":1,"name":"Home","item":"https:\/\/multi-mam.com\/pt\/"},{"@type":"ListItem","position":2,"name":"Artigos","item":"https:\/\/multi-mam.com\/pt\/artigos\/"},{"@type":"ListItem","position":3,"name":"Primeira denti\u00e7\u00e3o","item":"https:\/\/multi-mam.com\/pt\/artigos\/primeira-denticao\/"},{"@type":"ListItem","position":4,"name":"Sintomas da primeira denti\u00e7\u00e3o"}]},{"@type":"WebSite","@id":"https:\/\/multi-mam.com\/pt\/#website","url":"https:\/\/multi-mam.com\/pt\/","name":"Multi-Mam","description":"","publisher":{"@id":"https:\/\/multi-mam.com\/pt\/#organization"},"potentialAction":[{"@type":"SearchAction","target":{"@type":"EntryPoint","urlTemplate":"https:\/\/multi-mam.com\/pt\/?s={search_term_string}"},"query-input":{"@type":"PropertyValueSpecification","valueRequired":true,"valueName":"search_term_string"}}],"inLanguage":"pt-PT"},{"@type":"Organization","@id":"https:\/\/multi-mam.com\/pt\/#organization","name":"Multi-Mam","url":"https:\/\/multi-mam.com\/pt\/","logo":{"@type":"ImageObject","inLanguage":"pt-PT","@id":"https:\/\/multi-mam.com\/pt\/#\/schema\/logo\/image\/","url":"https:\/\/multi-mam.com\/app\/uploads\/sites\/26\/2023\/04\/multi-mam-logotype.png","contentUrl":"https:\/\/multi-mam.com\/app\/uploads\/sites\/26\/2023\/04\/multi-mam-logotype.png","width":70,"height":96,"caption":"Multi-Mam"},"image":{"@id":"https:\/\/multi-mam.com\/pt\/#\/schema\/logo\/image\/"}}]}},"_links":{"self":[{"href":"https:\/\/multi-mam.com\/pt\/wp-json\/wp\/v2\/pages\/159","targetHints":{"allow":["GET"]}}],"collection":[{"href":"https:\/\/multi-mam.com\/pt\/wp-json\/wp\/v2\/pages"}],"about":[{"href":"https:\/\/multi-mam.com\/pt\/wp-json\/wp\/v2\/types\/page"}],"author":[{"embeddable":true,"href":"https:\/\/multi-mam.com\/pt\/wp-json\/wp\/v2\/users\/2"}],"replies":[{"embeddable":true,"href":"https:\/\/multi-mam.com\/pt\/wp-json\/wp\/v2\/comments?post=159"}],"version-history":[{"count":3,"href":"https:\/\/multi-mam.com\/pt\/wp-json\/wp\/v2\/pages\/159\/revisions"}],"predecessor-version":[{"id":284,"href":"https:\/\/multi-mam.com\/pt\/wp-json\/wp\/v2\/pages\/159\/revisions\/284"}],"up":[{"embeddable":true,"href":"https:\/\/multi-mam.com\/pt\/wp-json\/wp\/v2\/pages\/78"}],"wp:attachment":[{"href":"https:\/\/multi-mam.com\/pt\/wp-json\/wp\/v2\/media?parent=159"}],"wp:term":[{"taxonomy":"from-article-database","embeddable":true,"href":"https:\/\/multi-mam.com\/pt\/wp-json\/wp\/v2\/from-article-database?post=159"}],"curies":[{"name":"wp","href":"https:\/\/api.w.org\/{rel}","templated":true}]}}