{"id":157,"date":"2023-04-18T14:13:49","date_gmt":"2023-04-18T13:13:49","guid":{"rendered":"https:\/\/multi-mam.com\/pt\/?page_id=157"},"modified":"2023-04-20T06:31:12","modified_gmt":"2023-04-20T05:31:12","slug":"brinquedos-para-a-primeira-denticao","status":"publish","type":"page","link":"https:\/\/multi-mam.com\/pt\/artigos\/primeira-denticao\/brinquedos-para-a-primeira-denticao\/","title":{"rendered":"Brinquedos para a primeira denti\u00e7\u00e3o"},"content":{"rendered":"\n<div class=\"wp-block-karopharma-free-text pt-large pb-large bg-center bg-cover bg-no-repeat  is-style-primary\" style=\"background-image:url()\"><div class=\"free-text-wrapper container max-w-medium text-left\">\n<h1 class=\"wp-block-heading\">Brinquedos para a primeira denti\u00e7\u00e3o<\/h1>\n\n\n\n<p class=\"is-style-paragraph-preamble\">Quando escolher os brinquedos para a primeira denti\u00e7\u00e3o do seu beb\u00e9, existem regras importantes que deve lembrar-se. Claro que um dos principais fatores \u00e9 perceber se o mordedor \u00e9 adaptado para a sua crian\u00e7a e se ir\u00e1 realmente ajudar a aliviar os sintomas da denti\u00e7\u00e3o. No entanto, acima de tudo a seguran\u00e7a deve vir sempre em primeiro lugar \u2013 por isso recolhemos uma lista de coisas que deve verificar quando procurar brinquedos para a primeira denti\u00e7\u00e3o.<\/p>\n<\/div><\/div>\n\n\n\n<div class=\"wp-block-karopharma-free-text pt-large pb-large bg-center bg-cover bg-no-repeat\" style=\"background-image:url()\"><div class=\"free-text-wrapper container max-w-medium text-left\">\n<h2 class=\"is-style-heading-h2 wp-block-heading\">Tenha aten\u00e7\u00e3o aos seguintes materiais<\/h2>\n\n\n\n<ul class=\"is-style-default wp-block-list\"><li>Mordedores de pl\u00e1stico, especialmente se conterem BPA, PVC ou ftalatos<\/li><li>Mordedores pintados feitos na China podem conter chumbo, por isso \u00e9 melhor evit\u00e1-los<\/li><li>Qualquer mordedor que n\u00e3o parece bem-feito ou que tenha partes que se possam partir ou apresentem algum risco de asfixia para o seu beb\u00e9<\/li><\/ul>\n\n\n\n<p>\u00c9 melhor evitar biscoitos de denti\u00e7\u00e3o tamb\u00e9m. O a\u00e7\u00facar que a maioria destes biscoitos tem coloca o seu beb\u00e9 em risco de desenvolver c\u00e1ries.<\/p>\n\n\n\n<h2 class=\"is-style-heading-h2 wp-block-heading\">Materiais seguros para mordedores<\/h2>\n\n\n\n<p>Os melhores materiais para um mordedor s\u00e3o os naturais, como por exemplo 100% borracha natural ou algod\u00e3o. Brinquedos de peluche ou um simples pano suave de algod\u00e3o podem oferecer al\u00edvio e prazer ao seu beb\u00e9. O silicone medicinal \u00e9 tamb\u00e9m seguro e provavelmente o mais resistente aos danos feitos pelo seu beb\u00e9, e o mais f\u00e1cil de limpar em rela\u00e7\u00e3o aos anteriores.<\/p>\n\n\n\n<p>Quando escolher um mordedor, lembre-se do comportamento do seu beb\u00e9 at\u00e9 ao momento. Se o seu beb\u00e9 prefere mastigar cobertores e roupa, provavelmente a melhor op\u00e7\u00e3o ser\u00e1 escolher um mordedor de tecido. Caso ele prefira superf\u00edcies rijas e objetos dom\u00e9sticos, ent\u00e3o a melhor op\u00e7\u00e3o ser\u00e1 oferecer-lhe um brinquedo de borracha ou madeira.<\/p>\n\n\n\n<p>Alguns pontos que pode tamb\u00e9m considerar quando comprar um brinquedo para a primeira denti\u00e7\u00e3o:<\/p>\n\n\n\n<ul class=\"is-style-default wp-block-list\"><li>\u00c9 f\u00e1cil de limpar?<\/li><li>Proporciona ao seu beb\u00e9 benef\u00edcios, como por exemplo o desenvolvimento de compet\u00eancias motoras?<\/li><li>Proporciona diferentes est\u00edmulos, como por exemplo sons, design colorido ou diferentes texturas?<\/li><li>Pode ser refrescado no frigor\u00edfico?<\/li><\/ul>\n\n\n\n<p>Para um maior al\u00edvio, pode refrescar o mordedor no frigor\u00edfico. O frio ir\u00e1 ajudar a anestesiar as gengivas e reduzir a dor. Apenas n\u00e3o o congele, pois ir\u00e1 estar em contacto direto com as superf\u00edcies e assim pode causar danos \u00e0s gengivas. Pode tamb\u00e9m colocar um gel para a primeira denti\u00e7\u00e3o nas partes do mordedor que estar\u00e3o em contacto com as gengivas.<\/p>\n\n\n\n<h2 class=\"is-style-heading-h2 wp-block-heading\">Como cuidar dos brinquedos da primeira denti\u00e7\u00e3o<\/h2>\n\n\n\n<p>Limpe o brinquedo ap\u00f3s cada utiliza\u00e7\u00e3o. Dependendo do mordedor, ir\u00e1 poder lav\u00e1-lo na m\u00e1quina de lavar a loi\u00e7a ou no lavat\u00f3rio, verifique as instru\u00e7\u00f5es primeiro.<\/p>\n\n\n\n<p>Verifique o mordedor regularmente em busca de estragos. Conforme os dentes do seu beb\u00e9 crescem, \u00e9 poss\u00edvel que o brinquedo sofra mais rasgos e mordidelas, por isso se reparar em alguma parte que poder\u00e1 estar rasgada e seja engolida pelo seu beb\u00e9, substitua-a imediatamente.<\/p>\n<\/div><\/div>\n","protected":false},"excerpt":{"rendered":"","protected":false},"author":2,"featured_media":0,"parent":78,"menu_order":5,"comment_status":"closed","ping_status":"closed","template":"","meta":{"_acf_changed":false,"footnotes":""},"from-article-database":[],"class_list":["post-157","page","type-page","status-publish","hentry"],"acf":[],"yoast_head":"<!-- This site is optimized with the Yoast SEO plugin v26.6 - https:\/\/yoast.com\/wordpress\/plugins\/seo\/ -->\n<title>Brinquedos para a primeira denti\u00e7\u00e3o - Multi-Mam<\/title>\n<meta name=\"description\" content=\"Quando escolher os brinquedos para a primeira denti\u00e7\u00e3o do seu beb\u00e9, existem regras importantes que deve lembrar-se.\" \/>\n<meta name=\"robots\" content=\"index, follow, max-snippet:-1, max-image-preview:large, max-video-preview:-1\" \/>\n<link rel=\"canonical\" href=\"https:\/\/multi-mam.com\/pt\/artigos\/primeira-denticao\/brinquedos-para-a-primeira-denticao\/\" \/>\n<meta property=\"og:locale\" content=\"pt_PT\" \/>\n<meta property=\"og:type\" content=\"article\" \/>\n<meta property=\"og:title\" content=\"Brinquedos para a primeira denti\u00e7\u00e3o - Multi-Mam\" \/>\n<meta property=\"og:description\" content=\"Quando escolher os brinquedos para a primeira denti\u00e7\u00e3o do seu beb\u00e9, existem regras importantes que deve lembrar-se.\" \/>\n<meta property=\"og:url\" content=\"https:\/\/multi-mam.com\/pt\/artigos\/primeira-denticao\/brinquedos-para-a-primeira-denticao\/\" \/>\n<meta property=\"og:site_name\" content=\"Multi-Mam\" \/>\n<meta property=\"article:modified_time\" content=\"2023-04-20T05:31:12+00:00\" \/>\n<meta name=\"twitter:card\" content=\"summary_large_image\" \/>\n<meta name=\"twitter:label1\" content=\"Tempo estimado de leitura\" \/>\n\t<meta name=\"twitter:data1\" content=\"3 minutos\" \/>\n<script type=\"application\/ld+json\" class=\"yoast-schema-graph\">{\"@context\":\"https:\/\/schema.org\",\"@graph\":[{\"@type\":\"WebPage\",\"@id\":\"https:\/\/multi-mam.com\/pt\/artigos\/primeira-denticao\/brinquedos-para-a-primeira-denticao\/\",\"url\":\"https:\/\/multi-mam.com\/pt\/artigos\/primeira-denticao\/brinquedos-para-a-primeira-denticao\/\",\"name\":\"Brinquedos para a primeira denti\u00e7\u00e3o - Multi-Mam\",\"isPartOf\":{\"@id\":\"https:\/\/multi-mam.com\/pt\/#website\"},\"datePublished\":\"2023-04-18T13:13:49+00:00\",\"dateModified\":\"2023-04-20T05:31:12+00:00\",\"description\":\"Quando escolher os brinquedos para a primeira denti\u00e7\u00e3o do seu beb\u00e9, existem regras importantes que deve lembrar-se.\",\"breadcrumb\":{\"@id\":\"https:\/\/multi-mam.com\/pt\/artigos\/primeira-denticao\/brinquedos-para-a-primeira-denticao\/#breadcrumb\"},\"inLanguage\":\"pt-PT\",\"potentialAction\":[{\"@type\":\"ReadAction\",\"target\":[\"https:\/\/multi-mam.com\/pt\/artigos\/primeira-denticao\/brinquedos-para-a-primeira-denticao\/\"]}]},{\"@type\":\"BreadcrumbList\",\"@id\":\"https:\/\/multi-mam.com\/pt\/artigos\/primeira-denticao\/brinquedos-para-a-primeira-denticao\/#breadcrumb\",\"itemListElement\":[{\"@type\":\"ListItem\",\"position\":1,\"name\":\"Home\",\"item\":\"https:\/\/multi-mam.com\/pt\/\"},{\"@type\":\"ListItem\",\"position\":2,\"name\":\"Artigos\",\"item\":\"https:\/\/multi-mam.com\/pt\/artigos\/\"},{\"@type\":\"ListItem\",\"position\":3,\"name\":\"Primeira denti\u00e7\u00e3o\",\"item\":\"https:\/\/multi-mam.com\/pt\/artigos\/primeira-denticao\/\"},{\"@type\":\"ListItem\",\"position\":4,\"name\":\"Brinquedos para a primeira denti\u00e7\u00e3o\"}]},{\"@type\":\"WebSite\",\"@id\":\"https:\/\/multi-mam.com\/pt\/#website\",\"url\":\"https:\/\/multi-mam.com\/pt\/\",\"name\":\"Multi-Mam\",\"description\":\"\",\"publisher\":{\"@id\":\"https:\/\/multi-mam.com\/pt\/#organization\"},\"potentialAction\":[{\"@type\":\"SearchAction\",\"target\":{\"@type\":\"EntryPoint\",\"urlTemplate\":\"https:\/\/multi-mam.com\/pt\/?s={search_term_string}\"},\"query-input\":{\"@type\":\"PropertyValueSpecification\",\"valueRequired\":true,\"valueName\":\"search_term_string\"}}],\"inLanguage\":\"pt-PT\"},{\"@type\":\"Organization\",\"@id\":\"https:\/\/multi-mam.com\/pt\/#organization\",\"name\":\"Multi-Mam\",\"url\":\"https:\/\/multi-mam.com\/pt\/\",\"logo\":{\"@type\":\"ImageObject\",\"inLanguage\":\"pt-PT\",\"@id\":\"https:\/\/multi-mam.com\/pt\/#\/schema\/logo\/image\/\",\"url\":\"https:\/\/multi-mam.com\/app\/uploads\/sites\/26\/2023\/04\/multi-mam-logotype.png\",\"contentUrl\":\"https:\/\/multi-mam.com\/app\/uploads\/sites\/26\/2023\/04\/multi-mam-logotype.png\",\"width\":70,\"height\":96,\"caption\":\"Multi-Mam\"},\"image\":{\"@id\":\"https:\/\/multi-mam.com\/pt\/#\/schema\/logo\/image\/\"}}]}<\/script>\n<!-- \/ Yoast SEO plugin. -->","yoast_head_json":{"title":"Brinquedos para a primeira denti\u00e7\u00e3o - Multi-Mam","description":"Quando escolher os brinquedos para a primeira denti\u00e7\u00e3o do seu beb\u00e9, existem regras importantes que deve lembrar-se.","robots":{"index":"index","follow":"follow","max-snippet":"max-snippet:-1","max-image-preview":"max-image-preview:large","max-video-preview":"max-video-preview:-1"},"canonical":"https:\/\/multi-mam.com\/pt\/artigos\/primeira-denticao\/brinquedos-para-a-primeira-denticao\/","og_locale":"pt_PT","og_type":"article","og_title":"Brinquedos para a primeira denti\u00e7\u00e3o - Multi-Mam","og_description":"Quando escolher os brinquedos para a primeira denti\u00e7\u00e3o do seu beb\u00e9, existem regras importantes que deve lembrar-se.","og_url":"https:\/\/multi-mam.com\/pt\/artigos\/primeira-denticao\/brinquedos-para-a-primeira-denticao\/","og_site_name":"Multi-Mam","article_modified_time":"2023-04-20T05:31:12+00:00","twitter_card":"summary_large_image","twitter_misc":{"Tempo estimado de leitura":"3 minutos"},"schema":{"@context":"https:\/\/schema.org","@graph":[{"@type":"WebPage","@id":"https:\/\/multi-mam.com\/pt\/artigos\/primeira-denticao\/brinquedos-para-a-primeira-denticao\/","url":"https:\/\/multi-mam.com\/pt\/artigos\/primeira-denticao\/brinquedos-para-a-primeira-denticao\/","name":"Brinquedos para a primeira denti\u00e7\u00e3o - Multi-Mam","isPartOf":{"@id":"https:\/\/multi-mam.com\/pt\/#website"},"datePublished":"2023-04-18T13:13:49+00:00","dateModified":"2023-04-20T05:31:12+00:00","description":"Quando escolher os brinquedos para a primeira denti\u00e7\u00e3o do seu beb\u00e9, existem regras importantes que deve lembrar-se.","breadcrumb":{"@id":"https:\/\/multi-mam.com\/pt\/artigos\/primeira-denticao\/brinquedos-para-a-primeira-denticao\/#breadcrumb"},"inLanguage":"pt-PT","potentialAction":[{"@type":"ReadAction","target":["https:\/\/multi-mam.com\/pt\/artigos\/primeira-denticao\/brinquedos-para-a-primeira-denticao\/"]}]},{"@type":"BreadcrumbList","@id":"https:\/\/multi-mam.com\/pt\/artigos\/primeira-denticao\/brinquedos-para-a-primeira-denticao\/#breadcrumb","itemListElement":[{"@type":"ListItem","position":1,"name":"Home","item":"https:\/\/multi-mam.com\/pt\/"},{"@type":"ListItem","position":2,"name":"Artigos","item":"https:\/\/multi-mam.com\/pt\/artigos\/"},{"@type":"ListItem","position":3,"name":"Primeira denti\u00e7\u00e3o","item":"https:\/\/multi-mam.com\/pt\/artigos\/primeira-denticao\/"},{"@type":"ListItem","position":4,"name":"Brinquedos para a primeira denti\u00e7\u00e3o"}]},{"@type":"WebSite","@id":"https:\/\/multi-mam.com\/pt\/#website","url":"https:\/\/multi-mam.com\/pt\/","name":"Multi-Mam","description":"","publisher":{"@id":"https:\/\/multi-mam.com\/pt\/#organization"},"potentialAction":[{"@type":"SearchAction","target":{"@type":"EntryPoint","urlTemplate":"https:\/\/multi-mam.com\/pt\/?s={search_term_string}"},"query-input":{"@type":"PropertyValueSpecification","valueRequired":true,"valueName":"search_term_string"}}],"inLanguage":"pt-PT"},{"@type":"Organization","@id":"https:\/\/multi-mam.com\/pt\/#organization","name":"Multi-Mam","url":"https:\/\/multi-mam.com\/pt\/","logo":{"@type":"ImageObject","inLanguage":"pt-PT","@id":"https:\/\/multi-mam.com\/pt\/#\/schema\/logo\/image\/","url":"https:\/\/multi-mam.com\/app\/uploads\/sites\/26\/2023\/04\/multi-mam-logotype.png","contentUrl":"https:\/\/multi-mam.com\/app\/uploads\/sites\/26\/2023\/04\/multi-mam-logotype.png","width":70,"height":96,"caption":"Multi-Mam"},"image":{"@id":"https:\/\/multi-mam.com\/pt\/#\/schema\/logo\/image\/"}}]}},"_links":{"self":[{"href":"https:\/\/multi-mam.com\/pt\/wp-json\/wp\/v2\/pages\/157","targetHints":{"allow":["GET"]}}],"collection":[{"href":"https:\/\/multi-mam.com\/pt\/wp-json\/wp\/v2\/pages"}],"about":[{"href":"https:\/\/multi-mam.com\/pt\/wp-json\/wp\/v2\/types\/page"}],"author":[{"embeddable":true,"href":"https:\/\/multi-mam.com\/pt\/wp-json\/wp\/v2\/users\/2"}],"replies":[{"embeddable":true,"href":"https:\/\/multi-mam.com\/pt\/wp-json\/wp\/v2\/comments?post=157"}],"version-history":[{"count":2,"href":"https:\/\/multi-mam.com\/pt\/wp-json\/wp\/v2\/pages\/157\/revisions"}],"predecessor-version":[{"id":282,"href":"https:\/\/multi-mam.com\/pt\/wp-json\/wp\/v2\/pages\/157\/revisions\/282"}],"up":[{"embeddable":true,"href":"https:\/\/multi-mam.com\/pt\/wp-json\/wp\/v2\/pages\/78"}],"wp:attachment":[{"href":"https:\/\/multi-mam.com\/pt\/wp-json\/wp\/v2\/media?parent=157"}],"wp:term":[{"taxonomy":"from-article-database","embeddable":true,"href":"https:\/\/multi-mam.com\/pt\/wp-json\/wp\/v2\/from-article-database?post=157"}],"curies":[{"name":"wp","href":"https:\/\/api.w.org\/{rel}","templated":true}]}}