{"id":155,"date":"2023-04-18T14:13:27","date_gmt":"2023-04-18T13:13:27","guid":{"rendered":"https:\/\/multi-mam.com\/pt\/?page_id=155"},"modified":"2023-04-20T06:24:09","modified_gmt":"2023-04-20T05:24:09","slug":"o-inicio-do-processo-de-denticao-do-bebe","status":"publish","type":"page","link":"https:\/\/multi-mam.com\/pt\/artigos\/primeira-denticao\/o-inicio-do-processo-de-denticao-do-bebe\/","title":{"rendered":"O in\u00edcio do processo de denti\u00e7\u00e3o do beb\u00e9"},"content":{"rendered":"\n<div class=\"wp-block-karopharma-free-text pt-large pb-large bg-center bg-cover bg-no-repeat  is-style-primary\" style=\"background-image:url()\"><div class=\"free-text-wrapper container max-w-medium text-left\">\n<h1 class=\"wp-block-heading\">O in\u00edcio do processo de denti\u00e7\u00e3o do beb\u00e9<\/h1>\n\n\n\n<p class=\"is-style-paragraph-preamble\">Assim como andar e dizer as primeiras palavras, a denti\u00e7\u00e3o \u00e9 outro passo importante na vida do seu beb\u00e9. Apesar de ver o primeiro dente quando o seu beb\u00e9 sorri, ser algo que proporciona muita alegria, o processo pode ser bastante stressante, tanto para si como para o seu beb\u00e9. A primeira denti\u00e7\u00e3o pode causar muitos sintomas desconfort\u00e1veis, como por exemplo gengivas inchadas, babar, assadura do queixo, querer morder em tudo, problemas em dormir, etc. E, quando o seu beb\u00e9 come\u00e7a a primeira denti\u00e7\u00e3o, pode ficar segura que o seu beb\u00e9 est\u00e1 com o desenvolvimento no caminho certo. O desenvolvimento dos dentes \u00e9 necess\u00e1rio para que a sua crian\u00e7a seja capaz de comer uma dieta equilibrada, incluindo alimentos s\u00f3lidos, o que \u00e9 um pr\u00e9-requisito para um desenvolvimento correto e um sistema imunit\u00e1rio forte. A primeira denti\u00e7\u00e3o tem tamb\u00e9m um papel importante no desenvolvimento das capacidades lingu\u00edsticas. Mastigar os alimentos ajuda a fortalecer os m\u00fasculos do queixo, bochechas, l\u00e1bios e l\u00edngua, todos eles necess\u00e1rios para conseguir falar corretamente.<\/p>\n<\/div><\/div>\n\n\n\n<div class=\"wp-block-karopharma-free-text pt-large pb-large bg-center bg-cover bg-no-repeat\" style=\"background-image:url()\"><div class=\"free-text-wrapper container max-w-medium text-left\">\n<h2 class=\"is-style-heading-h2 wp-block-heading\">Quando se inicia a primeira denti\u00e7\u00e3o?<\/h2>\n\n\n\n<p>Para a maioria dos beb\u00e9s, o primeiro dente come\u00e7a a aparecer por volta dos 6 meses. No entanto, este passo \u00e9 bastante individual e pode surgir mais cedo por volta dos 3 meses de idade, mas n\u00e3o \u00e9 normal para um beb\u00e9 com mais de 12 meses de idade come\u00e7ar a desenvolver o primeiro dente. Apesar do intervalo de tempo em que o primeiro dente pode nascer ser bastante individual, existem algumas regras que ditam que os dentes surjam aos pares. A melhor forma de entender este processo \u00e9 atrav\u00e9s de um gr\u00e1fico de denti\u00e7\u00e3o.<\/p>\n\n\n\n<figure class=\"wp-block-image size-full\"><img loading=\"lazy\" decoding=\"async\" width=\"350\" height=\"244\" src=\"https:\/\/multi-mam.com\/app\/uploads\/sites\/26\/2023\/04\/grafico-da-denticao.png\" alt=\"grafico-da-denticao\" class=\"wp-image-274\" srcset=\"https:\/\/multi-mam.com\/app\/uploads\/sites\/26\/2023\/04\/grafico-da-denticao.png 350w, https:\/\/multi-mam.com\/app\/uploads\/sites\/26\/2023\/04\/grafico-da-denticao-320x223.png 320w\" sizes=\"auto, (max-width: 350px) 100vw, 350px\" \/><\/figure>\n\n\n\n<p>O momento em que o seu beb\u00e9 ter\u00e1 o seu primeiro dente ir\u00e1 depender maioritariamente de si. Se voc\u00ea e o seu parceiro tiveram a denti\u00e7\u00e3o cedo, \u00e9 prov\u00e1vel que o seu beb\u00e9 tamb\u00e9m tenha. A mesma coisa se aplica caso voc\u00ea tenha tido a denti\u00e7\u00e3o mais tarde.<\/p>\n\n\n\n<p>Normalmente, o primeiro dente a aparecer s\u00e3o os primeiros dois dentes frontais inferiores ou os incisivos centrais, seguidos pelos dentes superiores frontais. Por vezes os dentes surgem de ordem diferente, mas quase sempre em pares. Estes dentes geralmente n\u00e3o causam muita dor pois as suas pontas s\u00e3o bastante finas e n\u00e3o causam grande problema quando passam pelas gengivas. Quando o seu beb\u00e9 atinge o primeiro ano de idade, os molares ir\u00e3o come\u00e7ar a aparecer (estes s\u00e3o os dentes na parte de tr\u00e1s da boca). Os molares s\u00e3o mais desconfort\u00e1veis do que os incisivos, maioritariamente devido \u00e0 sua superf\u00edcie grande que causa mais press\u00e3o e dor para conseguirem passar pelas gengivas.<\/p>\n\n\n\n<p>Quando o seu beb\u00e9 atinge os tr\u00eas anos de idade, os dentes devem estar todos no seu lugar. Aos seis anos de idade o processo come\u00e7a novamente, onde os dentes de leite caem para ser substitu\u00eddos pelos dentes definitivos. Este processo demora algum tempo, e os dentes do siso aparecem entre os 17 e os 21 anos de idade.<\/p>\n\n\n\n<h2 class=\"is-style-heading-h2 wp-block-heading\">Como aliviar os sintomas da denti\u00e7\u00e3o<\/h2>\n\n\n\n<p>Conforme mencion\u00e1mos, no in\u00edcio o processo de denti\u00e7\u00e3o pode ser bastante desagrad\u00e1vel. Alguns beb\u00e9s poder\u00e3o ter um ou nenhum sintoma, enquanto que outros podem n\u00e3o ter muita sorte e causar-lhe muitas noites sem dormir. Existem algumas solu\u00e7\u00f5es que podem aliviar parte do desconforto, como por exemplo uma massagem suave, um mordedor frio com gel para a primeira denti\u00e7\u00e3o aplicada nos pontos de contacto ou um pano h\u00famido e frio. Eles ir\u00e3o tentar colocar na boca o que conseguirem apanhar, por isso \u00e9 muito importante manter por perto apenas coisas que onde ele possa morder, e tente manter as m\u00e3os deles sempre limpas para evitar infe\u00e7\u00f5es. \u00c9 sempre uma boa ideia ter por perto um babete ou muda de roupa, pois a baba pode ser bastante proeminente e fazer com que o seu beb\u00e9 fique molhado e frio.<\/p>\n<\/div><\/div>\n","protected":false},"excerpt":{"rendered":"","protected":false},"author":2,"featured_media":0,"parent":78,"menu_order":4,"comment_status":"closed","ping_status":"closed","template":"","meta":{"_acf_changed":false,"footnotes":""},"from-article-database":[],"class_list":["post-155","page","type-page","status-publish","hentry"],"acf":[],"yoast_head":"<!-- This site is optimized with the Yoast SEO plugin v26.6 - https:\/\/yoast.com\/wordpress\/plugins\/seo\/ -->\n<title>O in\u00edcio do processo de denti\u00e7\u00e3o do beb\u00e9 - Multi-Mam<\/title>\n<meta name=\"description\" content=\"O desenvolvimento dos dentes \u00e9 necess\u00e1rio para que a sua crian\u00e7a seja capaz de comer uma dieta equilibrada, incluindo alimentos s\u00f3lidos, o que \u00e9 um pr\u00e9-requisito para um desenvolvimento correto e um sistema imunit\u00e1rio forte.\" \/>\n<meta name=\"robots\" content=\"index, follow, max-snippet:-1, max-image-preview:large, max-video-preview:-1\" \/>\n<link rel=\"canonical\" href=\"https:\/\/multi-mam.com\/pt\/artigos\/primeira-denticao\/o-inicio-do-processo-de-denticao-do-bebe\/\" \/>\n<meta property=\"og:locale\" content=\"pt_PT\" \/>\n<meta property=\"og:type\" content=\"article\" \/>\n<meta property=\"og:title\" content=\"O in\u00edcio do processo de denti\u00e7\u00e3o do beb\u00e9 - Multi-Mam\" \/>\n<meta property=\"og:description\" content=\"O desenvolvimento dos dentes \u00e9 necess\u00e1rio para que a sua crian\u00e7a seja capaz de comer uma dieta equilibrada, incluindo alimentos s\u00f3lidos, o que \u00e9 um pr\u00e9-requisito para um desenvolvimento correto e um sistema imunit\u00e1rio forte.\" \/>\n<meta property=\"og:url\" content=\"https:\/\/multi-mam.com\/pt\/artigos\/primeira-denticao\/o-inicio-do-processo-de-denticao-do-bebe\/\" \/>\n<meta property=\"og:site_name\" content=\"Multi-Mam\" \/>\n<meta property=\"article:modified_time\" content=\"2023-04-20T05:24:09+00:00\" \/>\n<meta property=\"og:image\" content=\"https:\/\/multi-mam.com\/app\/uploads\/sites\/26\/2023\/04\/grafico-da-denticao.png\" \/>\n<meta name=\"twitter:card\" content=\"summary_large_image\" \/>\n<meta name=\"twitter:label1\" content=\"Tempo estimado de leitura\" \/>\n\t<meta name=\"twitter:data1\" content=\"4 minutos\" \/>\n<script type=\"application\/ld+json\" class=\"yoast-schema-graph\">{\"@context\":\"https:\/\/schema.org\",\"@graph\":[{\"@type\":\"WebPage\",\"@id\":\"https:\/\/multi-mam.com\/pt\/artigos\/primeira-denticao\/o-inicio-do-processo-de-denticao-do-bebe\/\",\"url\":\"https:\/\/multi-mam.com\/pt\/artigos\/primeira-denticao\/o-inicio-do-processo-de-denticao-do-bebe\/\",\"name\":\"O in\u00edcio do processo de denti\u00e7\u00e3o do beb\u00e9 - Multi-Mam\",\"isPartOf\":{\"@id\":\"https:\/\/multi-mam.com\/pt\/#website\"},\"primaryImageOfPage\":{\"@id\":\"https:\/\/multi-mam.com\/pt\/artigos\/primeira-denticao\/o-inicio-do-processo-de-denticao-do-bebe\/#primaryimage\"},\"image\":{\"@id\":\"https:\/\/multi-mam.com\/pt\/artigos\/primeira-denticao\/o-inicio-do-processo-de-denticao-do-bebe\/#primaryimage\"},\"thumbnailUrl\":\"https:\/\/multi-mam.com\/app\/uploads\/sites\/26\/2023\/04\/grafico-da-denticao.png\",\"datePublished\":\"2023-04-18T13:13:27+00:00\",\"dateModified\":\"2023-04-20T05:24:09+00:00\",\"description\":\"O desenvolvimento dos dentes \u00e9 necess\u00e1rio para que a sua crian\u00e7a seja capaz de comer uma dieta equilibrada, incluindo alimentos s\u00f3lidos, o que \u00e9 um pr\u00e9-requisito para um desenvolvimento correto e um sistema imunit\u00e1rio forte.\",\"breadcrumb\":{\"@id\":\"https:\/\/multi-mam.com\/pt\/artigos\/primeira-denticao\/o-inicio-do-processo-de-denticao-do-bebe\/#breadcrumb\"},\"inLanguage\":\"pt-PT\",\"potentialAction\":[{\"@type\":\"ReadAction\",\"target\":[\"https:\/\/multi-mam.com\/pt\/artigos\/primeira-denticao\/o-inicio-do-processo-de-denticao-do-bebe\/\"]}]},{\"@type\":\"ImageObject\",\"inLanguage\":\"pt-PT\",\"@id\":\"https:\/\/multi-mam.com\/pt\/artigos\/primeira-denticao\/o-inicio-do-processo-de-denticao-do-bebe\/#primaryimage\",\"url\":\"https:\/\/multi-mam.com\/app\/uploads\/sites\/26\/2023\/04\/grafico-da-denticao.png\",\"contentUrl\":\"https:\/\/multi-mam.com\/app\/uploads\/sites\/26\/2023\/04\/grafico-da-denticao.png\"},{\"@type\":\"BreadcrumbList\",\"@id\":\"https:\/\/multi-mam.com\/pt\/artigos\/primeira-denticao\/o-inicio-do-processo-de-denticao-do-bebe\/#breadcrumb\",\"itemListElement\":[{\"@type\":\"ListItem\",\"position\":1,\"name\":\"Home\",\"item\":\"https:\/\/multi-mam.com\/pt\/\"},{\"@type\":\"ListItem\",\"position\":2,\"name\":\"Artigos\",\"item\":\"https:\/\/multi-mam.com\/pt\/artigos\/\"},{\"@type\":\"ListItem\",\"position\":3,\"name\":\"Primeira denti\u00e7\u00e3o\",\"item\":\"https:\/\/multi-mam.com\/pt\/artigos\/primeira-denticao\/\"},{\"@type\":\"ListItem\",\"position\":4,\"name\":\"O in\u00edcio do processo de denti\u00e7\u00e3o do beb\u00e9\"}]},{\"@type\":\"WebSite\",\"@id\":\"https:\/\/multi-mam.com\/pt\/#website\",\"url\":\"https:\/\/multi-mam.com\/pt\/\",\"name\":\"Multi-Mam\",\"description\":\"\",\"publisher\":{\"@id\":\"https:\/\/multi-mam.com\/pt\/#organization\"},\"potentialAction\":[{\"@type\":\"SearchAction\",\"target\":{\"@type\":\"EntryPoint\",\"urlTemplate\":\"https:\/\/multi-mam.com\/pt\/?s={search_term_string}\"},\"query-input\":{\"@type\":\"PropertyValueSpecification\",\"valueRequired\":true,\"valueName\":\"search_term_string\"}}],\"inLanguage\":\"pt-PT\"},{\"@type\":\"Organization\",\"@id\":\"https:\/\/multi-mam.com\/pt\/#organization\",\"name\":\"Multi-Mam\",\"url\":\"https:\/\/multi-mam.com\/pt\/\",\"logo\":{\"@type\":\"ImageObject\",\"inLanguage\":\"pt-PT\",\"@id\":\"https:\/\/multi-mam.com\/pt\/#\/schema\/logo\/image\/\",\"url\":\"https:\/\/multi-mam.com\/app\/uploads\/sites\/26\/2023\/04\/multi-mam-logotype.png\",\"contentUrl\":\"https:\/\/multi-mam.com\/app\/uploads\/sites\/26\/2023\/04\/multi-mam-logotype.png\",\"width\":70,\"height\":96,\"caption\":\"Multi-Mam\"},\"image\":{\"@id\":\"https:\/\/multi-mam.com\/pt\/#\/schema\/logo\/image\/\"}}]}<\/script>\n<!-- \/ Yoast SEO plugin. -->","yoast_head_json":{"title":"O in\u00edcio do processo de denti\u00e7\u00e3o do beb\u00e9 - Multi-Mam","description":"O desenvolvimento dos dentes \u00e9 necess\u00e1rio para que a sua crian\u00e7a seja capaz de comer uma dieta equilibrada, incluindo alimentos s\u00f3lidos, o que \u00e9 um pr\u00e9-requisito para um desenvolvimento correto e um sistema imunit\u00e1rio forte.","robots":{"index":"index","follow":"follow","max-snippet":"max-snippet:-1","max-image-preview":"max-image-preview:large","max-video-preview":"max-video-preview:-1"},"canonical":"https:\/\/multi-mam.com\/pt\/artigos\/primeira-denticao\/o-inicio-do-processo-de-denticao-do-bebe\/","og_locale":"pt_PT","og_type":"article","og_title":"O in\u00edcio do processo de denti\u00e7\u00e3o do beb\u00e9 - Multi-Mam","og_description":"O desenvolvimento dos dentes \u00e9 necess\u00e1rio para que a sua crian\u00e7a seja capaz de comer uma dieta equilibrada, incluindo alimentos s\u00f3lidos, o que \u00e9 um pr\u00e9-requisito para um desenvolvimento correto e um sistema imunit\u00e1rio forte.","og_url":"https:\/\/multi-mam.com\/pt\/artigos\/primeira-denticao\/o-inicio-do-processo-de-denticao-do-bebe\/","og_site_name":"Multi-Mam","article_modified_time":"2023-04-20T05:24:09+00:00","og_image":[{"url":"https:\/\/multi-mam.com\/app\/uploads\/sites\/26\/2023\/04\/grafico-da-denticao.png","type":"","width":"","height":""}],"twitter_card":"summary_large_image","twitter_misc":{"Tempo estimado de leitura":"4 minutos"},"schema":{"@context":"https:\/\/schema.org","@graph":[{"@type":"WebPage","@id":"https:\/\/multi-mam.com\/pt\/artigos\/primeira-denticao\/o-inicio-do-processo-de-denticao-do-bebe\/","url":"https:\/\/multi-mam.com\/pt\/artigos\/primeira-denticao\/o-inicio-do-processo-de-denticao-do-bebe\/","name":"O in\u00edcio do processo de denti\u00e7\u00e3o do beb\u00e9 - Multi-Mam","isPartOf":{"@id":"https:\/\/multi-mam.com\/pt\/#website"},"primaryImageOfPage":{"@id":"https:\/\/multi-mam.com\/pt\/artigos\/primeira-denticao\/o-inicio-do-processo-de-denticao-do-bebe\/#primaryimage"},"image":{"@id":"https:\/\/multi-mam.com\/pt\/artigos\/primeira-denticao\/o-inicio-do-processo-de-denticao-do-bebe\/#primaryimage"},"thumbnailUrl":"https:\/\/multi-mam.com\/app\/uploads\/sites\/26\/2023\/04\/grafico-da-denticao.png","datePublished":"2023-04-18T13:13:27+00:00","dateModified":"2023-04-20T05:24:09+00:00","description":"O desenvolvimento dos dentes \u00e9 necess\u00e1rio para que a sua crian\u00e7a seja capaz de comer uma dieta equilibrada, incluindo alimentos s\u00f3lidos, o que \u00e9 um pr\u00e9-requisito para um desenvolvimento correto e um sistema imunit\u00e1rio forte.","breadcrumb":{"@id":"https:\/\/multi-mam.com\/pt\/artigos\/primeira-denticao\/o-inicio-do-processo-de-denticao-do-bebe\/#breadcrumb"},"inLanguage":"pt-PT","potentialAction":[{"@type":"ReadAction","target":["https:\/\/multi-mam.com\/pt\/artigos\/primeira-denticao\/o-inicio-do-processo-de-denticao-do-bebe\/"]}]},{"@type":"ImageObject","inLanguage":"pt-PT","@id":"https:\/\/multi-mam.com\/pt\/artigos\/primeira-denticao\/o-inicio-do-processo-de-denticao-do-bebe\/#primaryimage","url":"https:\/\/multi-mam.com\/app\/uploads\/sites\/26\/2023\/04\/grafico-da-denticao.png","contentUrl":"https:\/\/multi-mam.com\/app\/uploads\/sites\/26\/2023\/04\/grafico-da-denticao.png"},{"@type":"BreadcrumbList","@id":"https:\/\/multi-mam.com\/pt\/artigos\/primeira-denticao\/o-inicio-do-processo-de-denticao-do-bebe\/#breadcrumb","itemListElement":[{"@type":"ListItem","position":1,"name":"Home","item":"https:\/\/multi-mam.com\/pt\/"},{"@type":"ListItem","position":2,"name":"Artigos","item":"https:\/\/multi-mam.com\/pt\/artigos\/"},{"@type":"ListItem","position":3,"name":"Primeira denti\u00e7\u00e3o","item":"https:\/\/multi-mam.com\/pt\/artigos\/primeira-denticao\/"},{"@type":"ListItem","position":4,"name":"O in\u00edcio do processo de denti\u00e7\u00e3o do beb\u00e9"}]},{"@type":"WebSite","@id":"https:\/\/multi-mam.com\/pt\/#website","url":"https:\/\/multi-mam.com\/pt\/","name":"Multi-Mam","description":"","publisher":{"@id":"https:\/\/multi-mam.com\/pt\/#organization"},"potentialAction":[{"@type":"SearchAction","target":{"@type":"EntryPoint","urlTemplate":"https:\/\/multi-mam.com\/pt\/?s={search_term_string}"},"query-input":{"@type":"PropertyValueSpecification","valueRequired":true,"valueName":"search_term_string"}}],"inLanguage":"pt-PT"},{"@type":"Organization","@id":"https:\/\/multi-mam.com\/pt\/#organization","name":"Multi-Mam","url":"https:\/\/multi-mam.com\/pt\/","logo":{"@type":"ImageObject","inLanguage":"pt-PT","@id":"https:\/\/multi-mam.com\/pt\/#\/schema\/logo\/image\/","url":"https:\/\/multi-mam.com\/app\/uploads\/sites\/26\/2023\/04\/multi-mam-logotype.png","contentUrl":"https:\/\/multi-mam.com\/app\/uploads\/sites\/26\/2023\/04\/multi-mam-logotype.png","width":70,"height":96,"caption":"Multi-Mam"},"image":{"@id":"https:\/\/multi-mam.com\/pt\/#\/schema\/logo\/image\/"}}]}},"_links":{"self":[{"href":"https:\/\/multi-mam.com\/pt\/wp-json\/wp\/v2\/pages\/155","targetHints":{"allow":["GET"]}}],"collection":[{"href":"https:\/\/multi-mam.com\/pt\/wp-json\/wp\/v2\/pages"}],"about":[{"href":"https:\/\/multi-mam.com\/pt\/wp-json\/wp\/v2\/types\/page"}],"author":[{"embeddable":true,"href":"https:\/\/multi-mam.com\/pt\/wp-json\/wp\/v2\/users\/2"}],"replies":[{"embeddable":true,"href":"https:\/\/multi-mam.com\/pt\/wp-json\/wp\/v2\/comments?post=155"}],"version-history":[{"count":3,"href":"https:\/\/multi-mam.com\/pt\/wp-json\/wp\/v2\/pages\/155\/revisions"}],"predecessor-version":[{"id":280,"href":"https:\/\/multi-mam.com\/pt\/wp-json\/wp\/v2\/pages\/155\/revisions\/280"}],"up":[{"embeddable":true,"href":"https:\/\/multi-mam.com\/pt\/wp-json\/wp\/v2\/pages\/78"}],"wp:attachment":[{"href":"https:\/\/multi-mam.com\/pt\/wp-json\/wp\/v2\/media?parent=155"}],"wp:term":[{"taxonomy":"from-article-database","embeddable":true,"href":"https:\/\/multi-mam.com\/pt\/wp-json\/wp\/v2\/from-article-database?post=155"}],"curies":[{"name":"wp","href":"https:\/\/api.w.org\/{rel}","templated":true}]}}