{"id":153,"date":"2023-04-18T14:13:06","date_gmt":"2023-04-18T13:13:06","guid":{"rendered":"https:\/\/multi-mam.com\/pt\/?page_id=153"},"modified":"2023-04-19T14:57:52","modified_gmt":"2023-04-19T13:57:52","slug":"quando-devo-comecar-a-escovar-lhe-os-dentes","status":"publish","type":"page","link":"https:\/\/multi-mam.com\/pt\/artigos\/primeira-denticao\/quando-devo-comecar-a-escovar-lhe-os-dentes\/","title":{"rendered":"Quando devo come\u00e7ar a escovar-lhe os dentes?"},"content":{"rendered":"\n<div class=\"wp-block-karopharma-free-text pt-large pb-large bg-center bg-cover bg-no-repeat  is-style-primary\" style=\"background-image:url()\"><div class=\"free-text-wrapper container max-w-medium text-left\">\n<h1 class=\"wp-block-heading\">Quando devo come\u00e7ar a escovar-lhe os dentes?<\/h1>\n\n\n\n<p class=\"is-style-paragraph-preamble\">Os dentes de leite geralmente come\u00e7am a surgir por volta dos seis meses de idade, contudo, a higiene oral deve ser iniciada antes disso. Os dentes podem n\u00e3o parecer importantes pois ser\u00e3o substitu\u00eddos por volta dos seis anos de idade, mas podem funcionar como criadores de h\u00e1bitos para os dentes permanentes. Cuidar das gengivas do seu beb\u00e9 previne o desenvolvimento de gengivites, inflama\u00e7\u00e3o das gengivas, o que pode afetar o espa\u00e7o entre os dentes. Para al\u00e9m disto, \u00e9 essencial para o desenvolvimento da fala ter bons dentes de leite, por isso \u00e9 muito importante que comece a escovar os dentes do seu beb\u00e9 o quanto antes.<\/p>\n<\/div><\/div>\n\n\n\n<div class=\"wp-block-karopharma-free-text pt-large pb-large bg-center bg-cover bg-no-repeat\" style=\"background-image:url()\"><div class=\"free-text-wrapper container max-w-medium text-left\">\n<h2 class=\"is-style-heading-h2 wp-block-heading\">Quanto mais cedo se iniciar os cuidados orais melhor<\/h2>\n\n\n\n<p>Desenvolver boas bases de cuidado oral come\u00e7a com a limpeza das gengivas utilizando um pano h\u00famido e gelado ou um bocado de gaze. Limpe as gengivas do seu beb\u00e9 ap\u00f3s as refei\u00e7\u00f5es e antes de deitar. Assim que o processo de denti\u00e7\u00e3o se inicia e o primeiro dente de leite surge, pode come\u00e7ar a utilizar uma escova de dentes que seja adaptada para crian\u00e7as (assegure-se que \u00e9 apropriada \u00e0 idade). Deve ser suave, com uma escova pequena e uma pega larga.<\/p>\n\n\n\n<p>Pode come\u00e7ar a utilizar uma escova de dentes apenas h\u00famida e ir adicionando progressivamente pasta de dentes assim que o primeiro dente nas\u00e7a completamente. A quantidade de pasta de dente que deve utilizar varia entre o tamanho de um gr\u00e3o de arroz, ao tamanho de uma ervilha, ap\u00f3s o seu beb\u00e9 fazer tr\u00eas anos. Escove gentilmente utilizando movimentos circulares, atingindo os dentes em todos os seus lados, e tenha especial aten\u00e7\u00e3o \u00e0 \u00e1rea onde o dente come\u00e7a a sua liga\u00e7\u00e3o com a gengiva. Fa\u00e7a com que a sua crian\u00e7a se habitue a ter os dentes lavados duas vezes por dia. Motive-o a cuspir ap\u00f3s escovar os dentes, mas n\u00e3o se preocupe pois pode demorar algum tempo at\u00e9 que ele consiga dominar isto. Deve ajudar a sua crian\u00e7a a lavar os dentes at\u00e9 ser capaz de cuspir e enxaguar sozinho, o que normalmente acontece entre os 6 e os 7 anos de idade. As t\u00e9cnicas de escovagem para as crian\u00e7as est\u00e3o geralmente bem at\u00e9 aos 10 anos de idade, ap\u00f3s esta idade pode verificar se est\u00e1 a lavar corretamente depois da lavagem com umas pastilhas especiais, que d\u00e3o cor \u00e0s zonas dos dentes que ainda cont\u00e9m placa. Substitua a escova de dentes do seu beb\u00e9 a cada dois meses ou assim que verificar que as cerdas est\u00e3o a abrir-se. A pasta de dentes que escolher deve ser adaptada para a idade da sua crian\u00e7a e deve conter fl\u00faor, que tem um papel importante na preven\u00e7\u00e3o da degrada\u00e7\u00e3o do dente. Opte por uma pasta de dentes que n\u00e3o tenha sabor a fruta para que a sua crian\u00e7a n\u00e3o seja encorajado a engolir.<\/p>\n\n\n\n<h2 class=\"is-style-heading-h2 wp-block-heading\">Quando se deve levar a crian\u00e7a ao dentista?<\/h2>\n\n\n\n<p>Pode come\u00e7ar a levar o seu pequeno consigo quando tiver as suas pr\u00f3prias consultas para que se possam habituar aos cheiros, sons e o aspeto de um consult\u00f3rio do dentista. Se ficar ansiosa no dentista, marque uma sess\u00e3o em separado para o seu filho. \u00c9 importante que permita ao seu filho habituar-se ao dentista antes que ele necessite de ir a uma consulta. Fale com o seu dentista para uma primeira revis\u00e3o. Assegure-se que o dentista est\u00e1 relaxado e familiarizado com a crian\u00e7a.<\/p>\n\n\n\n<p>Verifique os dentes regularmente para estar em cima dos primeiros sinais da sua degrada\u00e7\u00e3o. Se reparar em pontos pretos ou covas nos dentes, deve levar a sua crian\u00e7a ao dentista para um checkup.<\/p>\n\n\n\n<h2 class=\"is-style-heading-h2 wp-block-heading\">Como proteger os dentes da sua crian\u00e7a<\/h2>\n\n\n\n<p>Evite dar \u00e0 sua crian\u00e7a refrigerantes, sumos, leite com sabor e outras bebidas com a\u00e7\u00facar, e substitua-as por \u00e1gua, leite materno ou f\u00f3rmula substituta. O a\u00e7\u00facar \u00e9 um dos principais culpados da degrada\u00e7\u00e3o dos dentes por isso diminua-o o m\u00e1ximo que puder na dieta do seu filho. Tente habituar a sua crian\u00e7a a beber de um copo normal o mais r\u00e1pido que conseguir. Habitue tamb\u00e9m a sua crian\u00e7a a beber do copo apenas de uma vez, em vez de ir bebendo aos poucos. Evite colocar mel ou a\u00e7\u00facar na chupeta do seu beb\u00e9 e ofere\u00e7a-lhe lanches saud\u00e1veis, como por exemplo queijo ou vegetais. Se n\u00e3o quiser restringir a sua crian\u00e7a de alimentos doces completamente, coloque-os apenas durante as refei\u00e7\u00f5es, para que os dentes tenham tempo de recuperar. Se utilizar alimentos para beb\u00e9s, assegure-se que n\u00e3o cont\u00e9m a\u00e7\u00facar ou outros ado\u00e7antes.<\/p>\n<\/div><\/div>\n","protected":false},"excerpt":{"rendered":"","protected":false},"author":2,"featured_media":0,"parent":78,"menu_order":3,"comment_status":"closed","ping_status":"closed","template":"","meta":{"_acf_changed":false,"footnotes":""},"from-article-database":[],"class_list":["post-153","page","type-page","status-publish","hentry"],"acf":[],"yoast_head":"<!-- This site is optimized with the Yoast SEO plugin v26.6 - https:\/\/yoast.com\/wordpress\/plugins\/seo\/ -->\n<title>Quando devo come\u00e7ar a escovar-lhe os dentes? - Multi-Mam<\/title>\n<meta name=\"description\" content=\"Os dentes de leite geralmente come\u00e7am a surgir por volta dos seis meses de idade, contudo, a higiene oral deve ser iniciada antes disso.\" \/>\n<meta name=\"robots\" content=\"index, follow, max-snippet:-1, max-image-preview:large, max-video-preview:-1\" \/>\n<link rel=\"canonical\" href=\"https:\/\/multi-mam.com\/pt\/artigos\/primeira-denticao\/quando-devo-comecar-a-escovar-lhe-os-dentes\/\" \/>\n<meta property=\"og:locale\" content=\"pt_PT\" \/>\n<meta property=\"og:type\" content=\"article\" \/>\n<meta property=\"og:title\" content=\"Quando devo come\u00e7ar a escovar-lhe os dentes? - Multi-Mam\" \/>\n<meta property=\"og:description\" content=\"Os dentes de leite geralmente come\u00e7am a surgir por volta dos seis meses de idade, contudo, a higiene oral deve ser iniciada antes disso.\" \/>\n<meta property=\"og:url\" content=\"https:\/\/multi-mam.com\/pt\/artigos\/primeira-denticao\/quando-devo-comecar-a-escovar-lhe-os-dentes\/\" \/>\n<meta property=\"og:site_name\" content=\"Multi-Mam\" \/>\n<meta property=\"article:modified_time\" content=\"2023-04-19T13:57:52+00:00\" \/>\n<meta name=\"twitter:card\" content=\"summary_large_image\" \/>\n<meta name=\"twitter:label1\" content=\"Tempo estimado de leitura\" \/>\n\t<meta name=\"twitter:data1\" content=\"5 minutos\" \/>\n<script type=\"application\/ld+json\" class=\"yoast-schema-graph\">{\"@context\":\"https:\/\/schema.org\",\"@graph\":[{\"@type\":\"WebPage\",\"@id\":\"https:\/\/multi-mam.com\/pt\/artigos\/primeira-denticao\/quando-devo-comecar-a-escovar-lhe-os-dentes\/\",\"url\":\"https:\/\/multi-mam.com\/pt\/artigos\/primeira-denticao\/quando-devo-comecar-a-escovar-lhe-os-dentes\/\",\"name\":\"Quando devo come\u00e7ar a escovar-lhe os dentes? - Multi-Mam\",\"isPartOf\":{\"@id\":\"https:\/\/multi-mam.com\/pt\/#website\"},\"datePublished\":\"2023-04-18T13:13:06+00:00\",\"dateModified\":\"2023-04-19T13:57:52+00:00\",\"description\":\"Os dentes de leite geralmente come\u00e7am a surgir por volta dos seis meses de idade, contudo, a higiene oral deve ser iniciada antes disso.\",\"breadcrumb\":{\"@id\":\"https:\/\/multi-mam.com\/pt\/artigos\/primeira-denticao\/quando-devo-comecar-a-escovar-lhe-os-dentes\/#breadcrumb\"},\"inLanguage\":\"pt-PT\",\"potentialAction\":[{\"@type\":\"ReadAction\",\"target\":[\"https:\/\/multi-mam.com\/pt\/artigos\/primeira-denticao\/quando-devo-comecar-a-escovar-lhe-os-dentes\/\"]}]},{\"@type\":\"BreadcrumbList\",\"@id\":\"https:\/\/multi-mam.com\/pt\/artigos\/primeira-denticao\/quando-devo-comecar-a-escovar-lhe-os-dentes\/#breadcrumb\",\"itemListElement\":[{\"@type\":\"ListItem\",\"position\":1,\"name\":\"Home\",\"item\":\"https:\/\/multi-mam.com\/pt\/\"},{\"@type\":\"ListItem\",\"position\":2,\"name\":\"Artigos\",\"item\":\"https:\/\/multi-mam.com\/pt\/artigos\/\"},{\"@type\":\"ListItem\",\"position\":3,\"name\":\"Primeira denti\u00e7\u00e3o\",\"item\":\"https:\/\/multi-mam.com\/pt\/artigos\/primeira-denticao\/\"},{\"@type\":\"ListItem\",\"position\":4,\"name\":\"Quando devo come\u00e7ar a escovar-lhe os dentes?\"}]},{\"@type\":\"WebSite\",\"@id\":\"https:\/\/multi-mam.com\/pt\/#website\",\"url\":\"https:\/\/multi-mam.com\/pt\/\",\"name\":\"Multi-Mam\",\"description\":\"\",\"publisher\":{\"@id\":\"https:\/\/multi-mam.com\/pt\/#organization\"},\"potentialAction\":[{\"@type\":\"SearchAction\",\"target\":{\"@type\":\"EntryPoint\",\"urlTemplate\":\"https:\/\/multi-mam.com\/pt\/?s={search_term_string}\"},\"query-input\":{\"@type\":\"PropertyValueSpecification\",\"valueRequired\":true,\"valueName\":\"search_term_string\"}}],\"inLanguage\":\"pt-PT\"},{\"@type\":\"Organization\",\"@id\":\"https:\/\/multi-mam.com\/pt\/#organization\",\"name\":\"Multi-Mam\",\"url\":\"https:\/\/multi-mam.com\/pt\/\",\"logo\":{\"@type\":\"ImageObject\",\"inLanguage\":\"pt-PT\",\"@id\":\"https:\/\/multi-mam.com\/pt\/#\/schema\/logo\/image\/\",\"url\":\"https:\/\/multi-mam.com\/app\/uploads\/sites\/26\/2023\/04\/multi-mam-logotype.png\",\"contentUrl\":\"https:\/\/multi-mam.com\/app\/uploads\/sites\/26\/2023\/04\/multi-mam-logotype.png\",\"width\":70,\"height\":96,\"caption\":\"Multi-Mam\"},\"image\":{\"@id\":\"https:\/\/multi-mam.com\/pt\/#\/schema\/logo\/image\/\"}}]}<\/script>\n<!-- \/ Yoast SEO plugin. -->","yoast_head_json":{"title":"Quando devo come\u00e7ar a escovar-lhe os dentes? - Multi-Mam","description":"Os dentes de leite geralmente come\u00e7am a surgir por volta dos seis meses de idade, contudo, a higiene oral deve ser iniciada antes disso.","robots":{"index":"index","follow":"follow","max-snippet":"max-snippet:-1","max-image-preview":"max-image-preview:large","max-video-preview":"max-video-preview:-1"},"canonical":"https:\/\/multi-mam.com\/pt\/artigos\/primeira-denticao\/quando-devo-comecar-a-escovar-lhe-os-dentes\/","og_locale":"pt_PT","og_type":"article","og_title":"Quando devo come\u00e7ar a escovar-lhe os dentes? - Multi-Mam","og_description":"Os dentes de leite geralmente come\u00e7am a surgir por volta dos seis meses de idade, contudo, a higiene oral deve ser iniciada antes disso.","og_url":"https:\/\/multi-mam.com\/pt\/artigos\/primeira-denticao\/quando-devo-comecar-a-escovar-lhe-os-dentes\/","og_site_name":"Multi-Mam","article_modified_time":"2023-04-19T13:57:52+00:00","twitter_card":"summary_large_image","twitter_misc":{"Tempo estimado de leitura":"5 minutos"},"schema":{"@context":"https:\/\/schema.org","@graph":[{"@type":"WebPage","@id":"https:\/\/multi-mam.com\/pt\/artigos\/primeira-denticao\/quando-devo-comecar-a-escovar-lhe-os-dentes\/","url":"https:\/\/multi-mam.com\/pt\/artigos\/primeira-denticao\/quando-devo-comecar-a-escovar-lhe-os-dentes\/","name":"Quando devo come\u00e7ar a escovar-lhe os dentes? - Multi-Mam","isPartOf":{"@id":"https:\/\/multi-mam.com\/pt\/#website"},"datePublished":"2023-04-18T13:13:06+00:00","dateModified":"2023-04-19T13:57:52+00:00","description":"Os dentes de leite geralmente come\u00e7am a surgir por volta dos seis meses de idade, contudo, a higiene oral deve ser iniciada antes disso.","breadcrumb":{"@id":"https:\/\/multi-mam.com\/pt\/artigos\/primeira-denticao\/quando-devo-comecar-a-escovar-lhe-os-dentes\/#breadcrumb"},"inLanguage":"pt-PT","potentialAction":[{"@type":"ReadAction","target":["https:\/\/multi-mam.com\/pt\/artigos\/primeira-denticao\/quando-devo-comecar-a-escovar-lhe-os-dentes\/"]}]},{"@type":"BreadcrumbList","@id":"https:\/\/multi-mam.com\/pt\/artigos\/primeira-denticao\/quando-devo-comecar-a-escovar-lhe-os-dentes\/#breadcrumb","itemListElement":[{"@type":"ListItem","position":1,"name":"Home","item":"https:\/\/multi-mam.com\/pt\/"},{"@type":"ListItem","position":2,"name":"Artigos","item":"https:\/\/multi-mam.com\/pt\/artigos\/"},{"@type":"ListItem","position":3,"name":"Primeira denti\u00e7\u00e3o","item":"https:\/\/multi-mam.com\/pt\/artigos\/primeira-denticao\/"},{"@type":"ListItem","position":4,"name":"Quando devo come\u00e7ar a escovar-lhe os dentes?"}]},{"@type":"WebSite","@id":"https:\/\/multi-mam.com\/pt\/#website","url":"https:\/\/multi-mam.com\/pt\/","name":"Multi-Mam","description":"","publisher":{"@id":"https:\/\/multi-mam.com\/pt\/#organization"},"potentialAction":[{"@type":"SearchAction","target":{"@type":"EntryPoint","urlTemplate":"https:\/\/multi-mam.com\/pt\/?s={search_term_string}"},"query-input":{"@type":"PropertyValueSpecification","valueRequired":true,"valueName":"search_term_string"}}],"inLanguage":"pt-PT"},{"@type":"Organization","@id":"https:\/\/multi-mam.com\/pt\/#organization","name":"Multi-Mam","url":"https:\/\/multi-mam.com\/pt\/","logo":{"@type":"ImageObject","inLanguage":"pt-PT","@id":"https:\/\/multi-mam.com\/pt\/#\/schema\/logo\/image\/","url":"https:\/\/multi-mam.com\/app\/uploads\/sites\/26\/2023\/04\/multi-mam-logotype.png","contentUrl":"https:\/\/multi-mam.com\/app\/uploads\/sites\/26\/2023\/04\/multi-mam-logotype.png","width":70,"height":96,"caption":"Multi-Mam"},"image":{"@id":"https:\/\/multi-mam.com\/pt\/#\/schema\/logo\/image\/"}}]}},"_links":{"self":[{"href":"https:\/\/multi-mam.com\/pt\/wp-json\/wp\/v2\/pages\/153","targetHints":{"allow":["GET"]}}],"collection":[{"href":"https:\/\/multi-mam.com\/pt\/wp-json\/wp\/v2\/pages"}],"about":[{"href":"https:\/\/multi-mam.com\/pt\/wp-json\/wp\/v2\/types\/page"}],"author":[{"embeddable":true,"href":"https:\/\/multi-mam.com\/pt\/wp-json\/wp\/v2\/users\/2"}],"replies":[{"embeddable":true,"href":"https:\/\/multi-mam.com\/pt\/wp-json\/wp\/v2\/comments?post=153"}],"version-history":[{"count":3,"href":"https:\/\/multi-mam.com\/pt\/wp-json\/wp\/v2\/pages\/153\/revisions"}],"predecessor-version":[{"id":278,"href":"https:\/\/multi-mam.com\/pt\/wp-json\/wp\/v2\/pages\/153\/revisions\/278"}],"up":[{"embeddable":true,"href":"https:\/\/multi-mam.com\/pt\/wp-json\/wp\/v2\/pages\/78"}],"wp:attachment":[{"href":"https:\/\/multi-mam.com\/pt\/wp-json\/wp\/v2\/media?parent=153"}],"wp:term":[{"taxonomy":"from-article-database","embeddable":true,"href":"https:\/\/multi-mam.com\/pt\/wp-json\/wp\/v2\/from-article-database?post=153"}],"curies":[{"name":"wp","href":"https:\/\/api.w.org\/{rel}","templated":true}]}}