{"id":151,"date":"2023-04-18T14:12:49","date_gmt":"2023-04-18T13:12:49","guid":{"rendered":"https:\/\/multi-mam.com\/pt\/?page_id=151"},"modified":"2023-04-19T14:54:14","modified_gmt":"2023-04-19T13:54:14","slug":"grafico-da-denticao-do-bebe","status":"publish","type":"page","link":"https:\/\/multi-mam.com\/pt\/artigos\/primeira-denticao\/grafico-da-denticao-do-bebe\/","title":{"rendered":"Gr\u00e1fico da denti\u00e7\u00e3o do beb\u00e9"},"content":{"rendered":"\n<div class=\"wp-block-karopharma-free-text pt-large pb-large bg-center bg-cover bg-no-repeat  is-style-primary\" style=\"background-image:url()\"><div class=\"free-text-wrapper container max-w-medium text-left\">\n<h1 class=\"wp-block-heading\">Gr\u00e1fico da denti\u00e7\u00e3o do beb\u00e9<\/h1>\n\n\n\n<p class=\"is-style-paragraph-preamble\">A denti\u00e7\u00e3o inicia-se geralmente quando o seu beb\u00e9 atinge os 6 meses de idade, mas n\u00e3o fique preocupada se o processo se iniciar entre os 3 e os 12 meses de idade. Durante o processo de denti\u00e7\u00e3o, o seu beb\u00e9 ir\u00e1 desenvolver 20 dentes prim\u00e1rios, ou de leite. Estes dentes de beb\u00e9 ser\u00e3o substitu\u00eddos durante a inf\u00e2ncia pelos dentes definitivos, e este processo geralmente termina at\u00e9 aos 21 anos de idade.<\/p>\n<\/div><\/div>\n\n\n\n<div class=\"wp-block-karopharma-free-text pt-large pb-large bg-center bg-cover bg-no-repeat\" style=\"background-image:url()\"><div class=\"free-text-wrapper container max-w-medium text-left\">\n<p>Quando os dentes do beb\u00e9 come\u00e7am a nascer, eles possuem uma determinada ordem. Pode demorar mais ou menos tempo para que o dente desenvolva ou rompa, mas a ordem em que eles nascem \u00e9 geralmente sempre a mesma. A maioria dos dentes nasce aos pares, e os dentes inferiores desenvolvem-se geralmente ap\u00f3s os dentes superiores. Veja o gr\u00e1fico para saber mais sobre o processo de denti\u00e7\u00e3o.<\/p>\n\n\n\n<figure class=\"wp-block-image size-full\"><img loading=\"lazy\" decoding=\"async\" width=\"350\" height=\"244\" src=\"https:\/\/multi-mam.com\/app\/uploads\/sites\/26\/2023\/04\/grafico-da-denticao.png\" alt=\"grafico-da-denticao\" class=\"wp-image-274\" srcset=\"https:\/\/multi-mam.com\/app\/uploads\/sites\/26\/2023\/04\/grafico-da-denticao.png 350w, https:\/\/multi-mam.com\/app\/uploads\/sites\/26\/2023\/04\/grafico-da-denticao-320x223.png 320w\" sizes=\"auto, (max-width: 350px) 100vw, 350px\" \/><\/figure>\n\n\n\n<h2 class=\"is-style-heading-h2 wp-block-heading\">Gr\u00e1fico de desenvolvimento da denti\u00e7\u00e3o do beb\u00e9<\/h2>\n\n\n\n<figure class=\"wp-block-table is-style-primary-stripes\"><table><thead><tr><th>Dente<\/th><th>Per\u00edodo de nascimento<\/th><th>Per\u00edodo de queda<\/th><\/tr><\/thead><tbody><tr><td>Incisivo central inferior<\/td><td>6-10 meses<\/td><td>6-7 anos<\/td><\/tr><tr><td>Incisivo central superior<\/td><td>8-12 meses<\/td><td>6-7 anos<\/td><\/tr><tr><td>Incisivo lateral superior<\/td><td>9-13 meses<\/td><td>7-8 anos<\/td><\/tr><tr><td>Incisivo lateral inferior<\/td><td>10-16 meses<\/td><td>7-8 anos<\/td><\/tr><tr><td>Primeiro molar superior<\/td><td>13-19 meses<\/td><td>9-11 anos<\/td><\/tr><tr><td>Primeiro molar inferior<\/td><td>14-18 meses<\/td><td>9-11 anos<\/td><\/tr><tr><td>Canino superior<\/td><td>16-22 meses<\/td><td>10-12 anos<\/td><\/tr><tr><td>Canino Inferior<\/td><td>17-23 meses<\/td><td>9-12 anos<\/td><\/tr><tr><td>Segundo molar inferior<\/td><td>23-31 meses<\/td><td>10-12 anos<\/td><\/tr><tr><td>Segundo molar superior<\/td><td>25-33 meses<\/td><td>10-12 anos<\/td><\/tr><\/tbody><\/table><\/figure>\n\n\n\n<h2 class=\"is-style-heading-h2 wp-block-heading\">Gr\u00e1fico de desenvolvimento da denti\u00e7\u00e3o permanente<\/h2>\n\n\n\n<figure class=\"wp-block-table is-style-primary-stripes\"><table><thead><tr><th>Dentes<\/th><th>Per\u00edodo de nascimento<\/th><\/tr><\/thead><tbody><tr><td>Incisivo central inferior<\/td><td>6-7 anos<\/td><\/tr><tr><td>Incisivo central superior<\/td><td>7-8 anos<\/td><\/tr><tr><td>Incisivo lateral inferior<\/td><td>7-8 anos<\/td><\/tr><tr><td>Incisivo lateral superior<\/td><td>8-9 anos<\/td><\/tr><tr><td>Primeiro molar superior<\/td><td>6-7 anos<\/td><\/tr><tr><td>Primeiro molar inferior<\/td><td>6-7 anos<\/td><\/tr><tr><td>Canino inferior<\/td><td>9-10 anos<\/td><\/tr><tr><td>Primeiro pr\u00e9-molar superior<\/td><td>10-11 anos<\/td><\/tr><tr><td>Primeiro pr\u00e9-molar inferior<\/td><td>10-12 anos<\/td><\/tr><tr><td>Segundo pr\u00e9-molar superior<\/td><td>10-12 anos<\/td><\/tr><tr><td>Segundo pr\u00e9-molar inferior<\/td><td>11-12 anos<\/td><\/tr><tr><td>Canino Superior<\/td><td>11-12 anos<\/td><\/tr><tr><td>Segundo molar inferior<\/td><td>11-13 anos<\/td><\/tr><tr><td>Segundo molar superior<\/td><td>12-13 anos<\/td><\/tr><tr><td>Terceiro molar superior<\/td><td>17-21 anos<\/td><\/tr><tr><td>Terceiro molar inferior<\/td><td>17-21 anos<\/td><\/tr><\/tbody><\/table><\/figure>\n\n\n\n<p>\u00c9 muito importante desenvolver h\u00e1bitos de higiene oral logo desde o in\u00edcio, para que a sua crian\u00e7a se habitue a manter bons h\u00e1bitos mais tarde. Assim oferece um in\u00edcio saud\u00e1vel aos dentes definitivos e promove o desenvolvimento da fala. A perda ou degrada\u00e7\u00e3o dos dentes pode ser tamb\u00e9m a causa de desconfortos para a crian\u00e7a, e pode fazer com que a mesma rejeite alimentos.<\/p>\n<\/div><\/div>\n","protected":false},"excerpt":{"rendered":"","protected":false},"author":2,"featured_media":0,"parent":78,"menu_order":2,"comment_status":"closed","ping_status":"closed","template":"","meta":{"_acf_changed":false,"footnotes":""},"from-article-database":[],"class_list":["post-151","page","type-page","status-publish","hentry"],"acf":[],"yoast_head":"<!-- This site is optimized with the Yoast SEO plugin v26.6 - https:\/\/yoast.com\/wordpress\/plugins\/seo\/ -->\n<title>Gr\u00e1fico da denti\u00e7\u00e3o do beb\u00e9 - Multi-Mam<\/title>\n<meta name=\"description\" content=\"A denti\u00e7\u00e3o inicia-se geralmente quando o seu beb\u00e9 atinge os 6 meses de idade, mas n\u00e3o fique preocupada se o processo se iniciar entre os 3 e os 12 meses de idade.\" \/>\n<meta name=\"robots\" content=\"index, follow, max-snippet:-1, max-image-preview:large, max-video-preview:-1\" \/>\n<link rel=\"canonical\" href=\"https:\/\/multi-mam.com\/pt\/artigos\/primeira-denticao\/grafico-da-denticao-do-bebe\/\" \/>\n<meta property=\"og:locale\" content=\"pt_PT\" \/>\n<meta property=\"og:type\" content=\"article\" \/>\n<meta property=\"og:title\" content=\"Gr\u00e1fico da denti\u00e7\u00e3o do beb\u00e9 - Multi-Mam\" \/>\n<meta property=\"og:description\" content=\"A denti\u00e7\u00e3o inicia-se geralmente quando o seu beb\u00e9 atinge os 6 meses de idade, mas n\u00e3o fique preocupada se o processo se iniciar entre os 3 e os 12 meses de idade.\" \/>\n<meta property=\"og:url\" content=\"https:\/\/multi-mam.com\/pt\/artigos\/primeira-denticao\/grafico-da-denticao-do-bebe\/\" \/>\n<meta property=\"og:site_name\" content=\"Multi-Mam\" \/>\n<meta property=\"article:modified_time\" content=\"2023-04-19T13:54:14+00:00\" \/>\n<meta property=\"og:image\" content=\"https:\/\/multi-mam.com\/app\/uploads\/sites\/26\/2023\/04\/grafico-da-denticao.png\" \/>\n<meta name=\"twitter:card\" content=\"summary_large_image\" \/>\n<meta name=\"twitter:label1\" content=\"Tempo estimado de leitura\" \/>\n\t<meta name=\"twitter:data1\" content=\"3 minutos\" \/>\n<script type=\"application\/ld+json\" class=\"yoast-schema-graph\">{\"@context\":\"https:\/\/schema.org\",\"@graph\":[{\"@type\":\"WebPage\",\"@id\":\"https:\/\/multi-mam.com\/pt\/artigos\/primeira-denticao\/grafico-da-denticao-do-bebe\/\",\"url\":\"https:\/\/multi-mam.com\/pt\/artigos\/primeira-denticao\/grafico-da-denticao-do-bebe\/\",\"name\":\"Gr\u00e1fico da denti\u00e7\u00e3o do beb\u00e9 - Multi-Mam\",\"isPartOf\":{\"@id\":\"https:\/\/multi-mam.com\/pt\/#website\"},\"primaryImageOfPage\":{\"@id\":\"https:\/\/multi-mam.com\/pt\/artigos\/primeira-denticao\/grafico-da-denticao-do-bebe\/#primaryimage\"},\"image\":{\"@id\":\"https:\/\/multi-mam.com\/pt\/artigos\/primeira-denticao\/grafico-da-denticao-do-bebe\/#primaryimage\"},\"thumbnailUrl\":\"https:\/\/multi-mam.com\/app\/uploads\/sites\/26\/2023\/04\/grafico-da-denticao.png\",\"datePublished\":\"2023-04-18T13:12:49+00:00\",\"dateModified\":\"2023-04-19T13:54:14+00:00\",\"description\":\"A denti\u00e7\u00e3o inicia-se geralmente quando o seu beb\u00e9 atinge os 6 meses de idade, mas n\u00e3o fique preocupada se o processo se iniciar entre os 3 e os 12 meses de idade.\",\"breadcrumb\":{\"@id\":\"https:\/\/multi-mam.com\/pt\/artigos\/primeira-denticao\/grafico-da-denticao-do-bebe\/#breadcrumb\"},\"inLanguage\":\"pt-PT\",\"potentialAction\":[{\"@type\":\"ReadAction\",\"target\":[\"https:\/\/multi-mam.com\/pt\/artigos\/primeira-denticao\/grafico-da-denticao-do-bebe\/\"]}]},{\"@type\":\"ImageObject\",\"inLanguage\":\"pt-PT\",\"@id\":\"https:\/\/multi-mam.com\/pt\/artigos\/primeira-denticao\/grafico-da-denticao-do-bebe\/#primaryimage\",\"url\":\"https:\/\/multi-mam.com\/app\/uploads\/sites\/26\/2023\/04\/grafico-da-denticao.png\",\"contentUrl\":\"https:\/\/multi-mam.com\/app\/uploads\/sites\/26\/2023\/04\/grafico-da-denticao.png\"},{\"@type\":\"BreadcrumbList\",\"@id\":\"https:\/\/multi-mam.com\/pt\/artigos\/primeira-denticao\/grafico-da-denticao-do-bebe\/#breadcrumb\",\"itemListElement\":[{\"@type\":\"ListItem\",\"position\":1,\"name\":\"Home\",\"item\":\"https:\/\/multi-mam.com\/pt\/\"},{\"@type\":\"ListItem\",\"position\":2,\"name\":\"Artigos\",\"item\":\"https:\/\/multi-mam.com\/pt\/artigos\/\"},{\"@type\":\"ListItem\",\"position\":3,\"name\":\"Primeira denti\u00e7\u00e3o\",\"item\":\"https:\/\/multi-mam.com\/pt\/artigos\/primeira-denticao\/\"},{\"@type\":\"ListItem\",\"position\":4,\"name\":\"Gr\u00e1fico da denti\u00e7\u00e3o do beb\u00e9\"}]},{\"@type\":\"WebSite\",\"@id\":\"https:\/\/multi-mam.com\/pt\/#website\",\"url\":\"https:\/\/multi-mam.com\/pt\/\",\"name\":\"Multi-Mam\",\"description\":\"\",\"publisher\":{\"@id\":\"https:\/\/multi-mam.com\/pt\/#organization\"},\"potentialAction\":[{\"@type\":\"SearchAction\",\"target\":{\"@type\":\"EntryPoint\",\"urlTemplate\":\"https:\/\/multi-mam.com\/pt\/?s={search_term_string}\"},\"query-input\":{\"@type\":\"PropertyValueSpecification\",\"valueRequired\":true,\"valueName\":\"search_term_string\"}}],\"inLanguage\":\"pt-PT\"},{\"@type\":\"Organization\",\"@id\":\"https:\/\/multi-mam.com\/pt\/#organization\",\"name\":\"Multi-Mam\",\"url\":\"https:\/\/multi-mam.com\/pt\/\",\"logo\":{\"@type\":\"ImageObject\",\"inLanguage\":\"pt-PT\",\"@id\":\"https:\/\/multi-mam.com\/pt\/#\/schema\/logo\/image\/\",\"url\":\"https:\/\/multi-mam.com\/app\/uploads\/sites\/26\/2023\/04\/multi-mam-logotype.png\",\"contentUrl\":\"https:\/\/multi-mam.com\/app\/uploads\/sites\/26\/2023\/04\/multi-mam-logotype.png\",\"width\":70,\"height\":96,\"caption\":\"Multi-Mam\"},\"image\":{\"@id\":\"https:\/\/multi-mam.com\/pt\/#\/schema\/logo\/image\/\"}}]}<\/script>\n<!-- \/ Yoast SEO plugin. -->","yoast_head_json":{"title":"Gr\u00e1fico da denti\u00e7\u00e3o do beb\u00e9 - Multi-Mam","description":"A denti\u00e7\u00e3o inicia-se geralmente quando o seu beb\u00e9 atinge os 6 meses de idade, mas n\u00e3o fique preocupada se o processo se iniciar entre os 3 e os 12 meses de idade.","robots":{"index":"index","follow":"follow","max-snippet":"max-snippet:-1","max-image-preview":"max-image-preview:large","max-video-preview":"max-video-preview:-1"},"canonical":"https:\/\/multi-mam.com\/pt\/artigos\/primeira-denticao\/grafico-da-denticao-do-bebe\/","og_locale":"pt_PT","og_type":"article","og_title":"Gr\u00e1fico da denti\u00e7\u00e3o do beb\u00e9 - Multi-Mam","og_description":"A denti\u00e7\u00e3o inicia-se geralmente quando o seu beb\u00e9 atinge os 6 meses de idade, mas n\u00e3o fique preocupada se o processo se iniciar entre os 3 e os 12 meses de idade.","og_url":"https:\/\/multi-mam.com\/pt\/artigos\/primeira-denticao\/grafico-da-denticao-do-bebe\/","og_site_name":"Multi-Mam","article_modified_time":"2023-04-19T13:54:14+00:00","og_image":[{"url":"https:\/\/multi-mam.com\/app\/uploads\/sites\/26\/2023\/04\/grafico-da-denticao.png","type":"","width":"","height":""}],"twitter_card":"summary_large_image","twitter_misc":{"Tempo estimado de leitura":"3 minutos"},"schema":{"@context":"https:\/\/schema.org","@graph":[{"@type":"WebPage","@id":"https:\/\/multi-mam.com\/pt\/artigos\/primeira-denticao\/grafico-da-denticao-do-bebe\/","url":"https:\/\/multi-mam.com\/pt\/artigos\/primeira-denticao\/grafico-da-denticao-do-bebe\/","name":"Gr\u00e1fico da denti\u00e7\u00e3o do beb\u00e9 - Multi-Mam","isPartOf":{"@id":"https:\/\/multi-mam.com\/pt\/#website"},"primaryImageOfPage":{"@id":"https:\/\/multi-mam.com\/pt\/artigos\/primeira-denticao\/grafico-da-denticao-do-bebe\/#primaryimage"},"image":{"@id":"https:\/\/multi-mam.com\/pt\/artigos\/primeira-denticao\/grafico-da-denticao-do-bebe\/#primaryimage"},"thumbnailUrl":"https:\/\/multi-mam.com\/app\/uploads\/sites\/26\/2023\/04\/grafico-da-denticao.png","datePublished":"2023-04-18T13:12:49+00:00","dateModified":"2023-04-19T13:54:14+00:00","description":"A denti\u00e7\u00e3o inicia-se geralmente quando o seu beb\u00e9 atinge os 6 meses de idade, mas n\u00e3o fique preocupada se o processo se iniciar entre os 3 e os 12 meses de idade.","breadcrumb":{"@id":"https:\/\/multi-mam.com\/pt\/artigos\/primeira-denticao\/grafico-da-denticao-do-bebe\/#breadcrumb"},"inLanguage":"pt-PT","potentialAction":[{"@type":"ReadAction","target":["https:\/\/multi-mam.com\/pt\/artigos\/primeira-denticao\/grafico-da-denticao-do-bebe\/"]}]},{"@type":"ImageObject","inLanguage":"pt-PT","@id":"https:\/\/multi-mam.com\/pt\/artigos\/primeira-denticao\/grafico-da-denticao-do-bebe\/#primaryimage","url":"https:\/\/multi-mam.com\/app\/uploads\/sites\/26\/2023\/04\/grafico-da-denticao.png","contentUrl":"https:\/\/multi-mam.com\/app\/uploads\/sites\/26\/2023\/04\/grafico-da-denticao.png"},{"@type":"BreadcrumbList","@id":"https:\/\/multi-mam.com\/pt\/artigos\/primeira-denticao\/grafico-da-denticao-do-bebe\/#breadcrumb","itemListElement":[{"@type":"ListItem","position":1,"name":"Home","item":"https:\/\/multi-mam.com\/pt\/"},{"@type":"ListItem","position":2,"name":"Artigos","item":"https:\/\/multi-mam.com\/pt\/artigos\/"},{"@type":"ListItem","position":3,"name":"Primeira denti\u00e7\u00e3o","item":"https:\/\/multi-mam.com\/pt\/artigos\/primeira-denticao\/"},{"@type":"ListItem","position":4,"name":"Gr\u00e1fico da denti\u00e7\u00e3o do beb\u00e9"}]},{"@type":"WebSite","@id":"https:\/\/multi-mam.com\/pt\/#website","url":"https:\/\/multi-mam.com\/pt\/","name":"Multi-Mam","description":"","publisher":{"@id":"https:\/\/multi-mam.com\/pt\/#organization"},"potentialAction":[{"@type":"SearchAction","target":{"@type":"EntryPoint","urlTemplate":"https:\/\/multi-mam.com\/pt\/?s={search_term_string}"},"query-input":{"@type":"PropertyValueSpecification","valueRequired":true,"valueName":"search_term_string"}}],"inLanguage":"pt-PT"},{"@type":"Organization","@id":"https:\/\/multi-mam.com\/pt\/#organization","name":"Multi-Mam","url":"https:\/\/multi-mam.com\/pt\/","logo":{"@type":"ImageObject","inLanguage":"pt-PT","@id":"https:\/\/multi-mam.com\/pt\/#\/schema\/logo\/image\/","url":"https:\/\/multi-mam.com\/app\/uploads\/sites\/26\/2023\/04\/multi-mam-logotype.png","contentUrl":"https:\/\/multi-mam.com\/app\/uploads\/sites\/26\/2023\/04\/multi-mam-logotype.png","width":70,"height":96,"caption":"Multi-Mam"},"image":{"@id":"https:\/\/multi-mam.com\/pt\/#\/schema\/logo\/image\/"}}]}},"_links":{"self":[{"href":"https:\/\/multi-mam.com\/pt\/wp-json\/wp\/v2\/pages\/151","targetHints":{"allow":["GET"]}}],"collection":[{"href":"https:\/\/multi-mam.com\/pt\/wp-json\/wp\/v2\/pages"}],"about":[{"href":"https:\/\/multi-mam.com\/pt\/wp-json\/wp\/v2\/types\/page"}],"author":[{"embeddable":true,"href":"https:\/\/multi-mam.com\/pt\/wp-json\/wp\/v2\/users\/2"}],"replies":[{"embeddable":true,"href":"https:\/\/multi-mam.com\/pt\/wp-json\/wp\/v2\/comments?post=151"}],"version-history":[{"count":2,"href":"https:\/\/multi-mam.com\/pt\/wp-json\/wp\/v2\/pages\/151\/revisions"}],"predecessor-version":[{"id":275,"href":"https:\/\/multi-mam.com\/pt\/wp-json\/wp\/v2\/pages\/151\/revisions\/275"}],"up":[{"embeddable":true,"href":"https:\/\/multi-mam.com\/pt\/wp-json\/wp\/v2\/pages\/78"}],"wp:attachment":[{"href":"https:\/\/multi-mam.com\/pt\/wp-json\/wp\/v2\/media?parent=151"}],"wp:term":[{"taxonomy":"from-article-database","embeddable":true,"href":"https:\/\/multi-mam.com\/pt\/wp-json\/wp\/v2\/from-article-database?post=151"}],"curies":[{"name":"wp","href":"https:\/\/api.w.org\/{rel}","templated":true}]}}