{"id":149,"date":"2023-04-18T14:12:30","date_gmt":"2023-04-18T13:12:30","guid":{"rendered":"https:\/\/multi-mam.com\/pt\/?page_id=149"},"modified":"2023-04-19T13:53:11","modified_gmt":"2023-04-19T12:53:11","slug":"causas-de-dor-na-amamentacao","status":"publish","type":"page","link":"https:\/\/multi-mam.com\/pt\/artigos\/primeira-denticao\/causas-de-dor-na-amamentacao\/","title":{"rendered":"Causas de dor na amamenta\u00e7\u00e3o"},"content":{"rendered":"\n<div class=\"wp-block-karopharma-free-text pt-large pb-large bg-center bg-cover bg-no-repeat  is-style-primary\" style=\"background-image:url()\"><div class=\"free-text-wrapper container max-w-medium text-left\">\n<h1 class=\"wp-block-heading\">Causas de dor na amamenta\u00e7\u00e3o<\/h1>\n\n\n\n<p class=\"is-style-paragraph-preamble\">Muitas m\u00e3es inexperientes acreditam que ter dor durante os primeiros dias de amamenta\u00e7\u00e3o \u00e9 normal. Apesar de demorar algum tempo at\u00e9 que voc\u00ea e o seu beb\u00e9 encontrem a posi\u00e7\u00e3o perfeita para que o beb\u00e9 possa mamar corretamente, o ignorar a dor pode significar que os seus mamilos possam sofrer danos e fiquem doridos. Mamilos doridos fazem com que amamentar seja muito doloroso, e poder\u00e1 resultar em ingurgitamento e mastites se come\u00e7ar a saltar sess\u00f5es para evitar a dor. A sua produ\u00e7\u00e3o de leite tamb\u00e9m ir\u00e1 reduzir devido ao fraco consumo. Por isso \u00e9 muito importante determinar qual a causa da amamenta\u00e7\u00e3o ser dolorosa para si e fazer algo para isso.<\/p>\n<\/div><\/div>\n\n\n\n<div class=\"wp-block-karopharma-free-text pt-large pb-large bg-center bg-cover bg-no-repeat\" style=\"background-image:url()\"><div class=\"free-text-wrapper container max-w-medium text-left\">\n<h2 class=\"is-style-heading-h2 wp-block-heading\">Mamilos doridos e gretados<\/h2>\n\n\n\n<p>A causa mais comum de dor na amamenta\u00e7\u00e3o \u00e9 uma t\u00e9cnica de suc\u00e7\u00e3o errada. Quando o beb\u00e9 est\u00e1 a mamar corretamente, significa que todo o mamilo e a aur\u00e9ola est\u00e1 dentro da boca, o que faz com que o movimento de suc\u00e7\u00e3o seja bastante eficiente e no entanto suave para os seus mamilos. Se n\u00e3o tiver a ser realizada uma t\u00e9cnica de suc\u00e7\u00e3o correta, significa que o beb\u00e9 est\u00e1 a mamar apenas no mamilo, causando dor e danos \u00e0 pele do mamilo.<\/p>\n\n\n\n<p>Conseguir uma suc\u00e7\u00e3o correta ir\u00e1 permitir que aprecie a amamenta\u00e7\u00e3o sem dor e ir\u00e1 prevenir problemas nos mamilos. No entanto, se os mamilos j\u00e1 est\u00e3o doridos, aplique compressas frias para aliviar a dor, e experimente utilizar as nossas compressas Multi-Mam impregnadas com ingredientes nutritivos que promovem a cura.<\/p>\n\n\n\n<p>Se a causa da dor \u00e9 uma suc\u00e7\u00e3o incorreta, fale com uma consultora de lacta\u00e7\u00e3o que poder\u00e1 ajud\u00e1-la a experimentar e encontrar a posi\u00e7\u00e3o correta.<\/p>\n\n\n\n<h2 class=\"is-style-heading-h2 wp-block-heading\">A l\u00edngua do seu beb\u00e9 tem um freio curto<\/h2>\n\n\n\n<p>Problemas com a amamenta\u00e7\u00e3o n\u00e3o significam necessariamente que a posi\u00e7\u00e3o \u00e9 o problema. Se o seu beb\u00e9 tem o freio da l\u00edngua curto, pode ser muito dif\u00edcil para ele mamar corretamente. O termo m\u00e9dico para este problema \u00e9 \u201canquiloglossia\u201d. Isto acontece quando o fr\u00e9nulo (a faixa de tecido que liga a l\u00edngua ao ch\u00e3o da boca) \u00e9 demasiado curto e apertado, fazendo com que o movimento da l\u00edngua seja limitado. Verifique com o seu m\u00e9dico se pensa que isto pode ser o caso do seu beb\u00e9, e ser\u00e1 resolvido atrav\u00e9s de um procedimento muito simples: uma pequena incis\u00e3o feita no tecido que segura a l\u00edngua em baixo (o fr\u00e9nulo). Provavelmente ir\u00e1 reparar numa grande diferen\u00e7a, pois a l\u00edngua do seu beb\u00e9 ficar\u00e1 livre para se movimentar corretamente.<\/p>\n\n\n\n<h2 class=\"is-style-heading-h2 wp-block-heading\">Infe\u00e7\u00e3o f\u00fangica no mamilo<\/h2>\n\n\n\n<p>Se sente uma dor aguda nos seus mamilos entre cada mamada e estes est\u00e3o vermelhos e brilhantes, poder\u00e1 ter uma infe\u00e7\u00e3o f\u00fangica. A infe\u00e7\u00e3o pode estar presente na boca do seu beb\u00e9 tamb\u00e9m, onde poder\u00e1 ver manchas brancas na l\u00edngua e\/ou no palato. Deve consultar o seu m\u00e9dico para determinar o diagn\u00f3stico correto. Ir\u00e3o provavelmente prescrever um tratamento antif\u00fangico.<\/p>\n\n\n\n<h2 class=\"is-style-heading-h2 wp-block-heading\">Mastites<\/h2>\n\n\n\n<p>Os sintomas de mastite geralmente aparecem em apenas uma mama. A sua mama poder\u00e1 come\u00e7ar a ficar dorida, inchada, vermelha e quente ao toque. Por vezes, esses sintomas podem ser acompanhados de febre. A mastite geralmente desenvolve-se devido a complica\u00e7\u00f5es derivadas de ingurgitamento ou um ducto de leite entupido, e a bact\u00e9rias que entram na mama e causam infe\u00e7\u00e3o. O tratamento inicial inclui compressas quentes, massagens suaves antes e durante as mamadas, e amamentar o maior n\u00famero de vezes poss\u00edveis. Se os sintomas n\u00e3o melhorarem em 24 horas, deve procurar ajuda m\u00e9dica.<\/p>\n\n\n\n<h2 class=\"is-style-heading-h2 wp-block-heading\">Ductos de leite entupidos<\/h2>\n\n\n\n<p>Se verificar que possui uma \u00e1rea dorida num dos peitos ou um n\u00f3dulo de baixo dos seus dedos, poder\u00e1 ter um ducto de leite bloqueado, devido a acumula\u00e7\u00e3o de leite. Isto geralmente acontece devido a press\u00e3o excessiva no peito, como por exemplo o seu soutien pode n\u00e3o ser o tamanho correto para si, ou se conduziu durante muito tempo o cinto de seguran\u00e7a causou muita press\u00e3o no seu peito. O tratamento \u00e9 id\u00eantico ao da mastite, por isso baseia-se em compressas quentes, massagem na mama e bastantes sess\u00f5es de amamenta\u00e7\u00e3o devem ser o suficiente.<\/p>\n<\/div><\/div>\n","protected":false},"excerpt":{"rendered":"","protected":false},"author":2,"featured_media":0,"parent":78,"menu_order":1,"comment_status":"closed","ping_status":"closed","template":"","meta":{"_acf_changed":false,"footnotes":""},"from-article-database":[],"class_list":["post-149","page","type-page","status-publish","hentry"],"acf":[],"yoast_head":"<!-- This site is optimized with the Yoast SEO plugin v26.6 - https:\/\/yoast.com\/wordpress\/plugins\/seo\/ -->\n<title>Causas de dor na amamenta\u00e7\u00e3o - Multi-Mam<\/title>\n<meta name=\"description\" content=\"Muitas m\u00e3es inexperientes acreditam que ter dor durante os primeiros dias de amamenta\u00e7\u00e3o \u00e9 normal.\" \/>\n<meta name=\"robots\" content=\"index, follow, max-snippet:-1, max-image-preview:large, max-video-preview:-1\" \/>\n<link rel=\"canonical\" href=\"https:\/\/multi-mam.com\/pt\/artigos\/primeira-denticao\/causas-de-dor-na-amamentacao\/\" \/>\n<meta property=\"og:locale\" content=\"pt_PT\" \/>\n<meta property=\"og:type\" content=\"article\" \/>\n<meta property=\"og:title\" content=\"Causas de dor na amamenta\u00e7\u00e3o - Multi-Mam\" \/>\n<meta property=\"og:description\" content=\"Muitas m\u00e3es inexperientes acreditam que ter dor durante os primeiros dias de amamenta\u00e7\u00e3o \u00e9 normal.\" \/>\n<meta property=\"og:url\" content=\"https:\/\/multi-mam.com\/pt\/artigos\/primeira-denticao\/causas-de-dor-na-amamentacao\/\" \/>\n<meta property=\"og:site_name\" content=\"Multi-Mam\" \/>\n<meta property=\"article:modified_time\" content=\"2023-04-19T12:53:11+00:00\" \/>\n<meta name=\"twitter:card\" content=\"summary_large_image\" \/>\n<meta name=\"twitter:label1\" content=\"Tempo estimado de leitura\" \/>\n\t<meta name=\"twitter:data1\" content=\"4 minutos\" \/>\n<script type=\"application\/ld+json\" class=\"yoast-schema-graph\">{\"@context\":\"https:\/\/schema.org\",\"@graph\":[{\"@type\":\"WebPage\",\"@id\":\"https:\/\/multi-mam.com\/pt\/artigos\/primeira-denticao\/causas-de-dor-na-amamentacao\/\",\"url\":\"https:\/\/multi-mam.com\/pt\/artigos\/primeira-denticao\/causas-de-dor-na-amamentacao\/\",\"name\":\"Causas de dor na amamenta\u00e7\u00e3o - Multi-Mam\",\"isPartOf\":{\"@id\":\"https:\/\/multi-mam.com\/pt\/#website\"},\"datePublished\":\"2023-04-18T13:12:30+00:00\",\"dateModified\":\"2023-04-19T12:53:11+00:00\",\"description\":\"Muitas m\u00e3es inexperientes acreditam que ter dor durante os primeiros dias de amamenta\u00e7\u00e3o \u00e9 normal.\",\"breadcrumb\":{\"@id\":\"https:\/\/multi-mam.com\/pt\/artigos\/primeira-denticao\/causas-de-dor-na-amamentacao\/#breadcrumb\"},\"inLanguage\":\"pt-PT\",\"potentialAction\":[{\"@type\":\"ReadAction\",\"target\":[\"https:\/\/multi-mam.com\/pt\/artigos\/primeira-denticao\/causas-de-dor-na-amamentacao\/\"]}]},{\"@type\":\"BreadcrumbList\",\"@id\":\"https:\/\/multi-mam.com\/pt\/artigos\/primeira-denticao\/causas-de-dor-na-amamentacao\/#breadcrumb\",\"itemListElement\":[{\"@type\":\"ListItem\",\"position\":1,\"name\":\"Home\",\"item\":\"https:\/\/multi-mam.com\/pt\/\"},{\"@type\":\"ListItem\",\"position\":2,\"name\":\"Artigos\",\"item\":\"https:\/\/multi-mam.com\/pt\/artigos\/\"},{\"@type\":\"ListItem\",\"position\":3,\"name\":\"Primeira denti\u00e7\u00e3o\",\"item\":\"https:\/\/multi-mam.com\/pt\/artigos\/primeira-denticao\/\"},{\"@type\":\"ListItem\",\"position\":4,\"name\":\"Causas de dor na amamenta\u00e7\u00e3o\"}]},{\"@type\":\"WebSite\",\"@id\":\"https:\/\/multi-mam.com\/pt\/#website\",\"url\":\"https:\/\/multi-mam.com\/pt\/\",\"name\":\"Multi-Mam\",\"description\":\"\",\"publisher\":{\"@id\":\"https:\/\/multi-mam.com\/pt\/#organization\"},\"potentialAction\":[{\"@type\":\"SearchAction\",\"target\":{\"@type\":\"EntryPoint\",\"urlTemplate\":\"https:\/\/multi-mam.com\/pt\/?s={search_term_string}\"},\"query-input\":{\"@type\":\"PropertyValueSpecification\",\"valueRequired\":true,\"valueName\":\"search_term_string\"}}],\"inLanguage\":\"pt-PT\"},{\"@type\":\"Organization\",\"@id\":\"https:\/\/multi-mam.com\/pt\/#organization\",\"name\":\"Multi-Mam\",\"url\":\"https:\/\/multi-mam.com\/pt\/\",\"logo\":{\"@type\":\"ImageObject\",\"inLanguage\":\"pt-PT\",\"@id\":\"https:\/\/multi-mam.com\/pt\/#\/schema\/logo\/image\/\",\"url\":\"https:\/\/multi-mam.com\/app\/uploads\/sites\/26\/2023\/04\/multi-mam-logotype.png\",\"contentUrl\":\"https:\/\/multi-mam.com\/app\/uploads\/sites\/26\/2023\/04\/multi-mam-logotype.png\",\"width\":70,\"height\":96,\"caption\":\"Multi-Mam\"},\"image\":{\"@id\":\"https:\/\/multi-mam.com\/pt\/#\/schema\/logo\/image\/\"}}]}<\/script>\n<!-- \/ Yoast SEO plugin. -->","yoast_head_json":{"title":"Causas de dor na amamenta\u00e7\u00e3o - Multi-Mam","description":"Muitas m\u00e3es inexperientes acreditam que ter dor durante os primeiros dias de amamenta\u00e7\u00e3o \u00e9 normal.","robots":{"index":"index","follow":"follow","max-snippet":"max-snippet:-1","max-image-preview":"max-image-preview:large","max-video-preview":"max-video-preview:-1"},"canonical":"https:\/\/multi-mam.com\/pt\/artigos\/primeira-denticao\/causas-de-dor-na-amamentacao\/","og_locale":"pt_PT","og_type":"article","og_title":"Causas de dor na amamenta\u00e7\u00e3o - Multi-Mam","og_description":"Muitas m\u00e3es inexperientes acreditam que ter dor durante os primeiros dias de amamenta\u00e7\u00e3o \u00e9 normal.","og_url":"https:\/\/multi-mam.com\/pt\/artigos\/primeira-denticao\/causas-de-dor-na-amamentacao\/","og_site_name":"Multi-Mam","article_modified_time":"2023-04-19T12:53:11+00:00","twitter_card":"summary_large_image","twitter_misc":{"Tempo estimado de leitura":"4 minutos"},"schema":{"@context":"https:\/\/schema.org","@graph":[{"@type":"WebPage","@id":"https:\/\/multi-mam.com\/pt\/artigos\/primeira-denticao\/causas-de-dor-na-amamentacao\/","url":"https:\/\/multi-mam.com\/pt\/artigos\/primeira-denticao\/causas-de-dor-na-amamentacao\/","name":"Causas de dor na amamenta\u00e7\u00e3o - Multi-Mam","isPartOf":{"@id":"https:\/\/multi-mam.com\/pt\/#website"},"datePublished":"2023-04-18T13:12:30+00:00","dateModified":"2023-04-19T12:53:11+00:00","description":"Muitas m\u00e3es inexperientes acreditam que ter dor durante os primeiros dias de amamenta\u00e7\u00e3o \u00e9 normal.","breadcrumb":{"@id":"https:\/\/multi-mam.com\/pt\/artigos\/primeira-denticao\/causas-de-dor-na-amamentacao\/#breadcrumb"},"inLanguage":"pt-PT","potentialAction":[{"@type":"ReadAction","target":["https:\/\/multi-mam.com\/pt\/artigos\/primeira-denticao\/causas-de-dor-na-amamentacao\/"]}]},{"@type":"BreadcrumbList","@id":"https:\/\/multi-mam.com\/pt\/artigos\/primeira-denticao\/causas-de-dor-na-amamentacao\/#breadcrumb","itemListElement":[{"@type":"ListItem","position":1,"name":"Home","item":"https:\/\/multi-mam.com\/pt\/"},{"@type":"ListItem","position":2,"name":"Artigos","item":"https:\/\/multi-mam.com\/pt\/artigos\/"},{"@type":"ListItem","position":3,"name":"Primeira denti\u00e7\u00e3o","item":"https:\/\/multi-mam.com\/pt\/artigos\/primeira-denticao\/"},{"@type":"ListItem","position":4,"name":"Causas de dor na amamenta\u00e7\u00e3o"}]},{"@type":"WebSite","@id":"https:\/\/multi-mam.com\/pt\/#website","url":"https:\/\/multi-mam.com\/pt\/","name":"Multi-Mam","description":"","publisher":{"@id":"https:\/\/multi-mam.com\/pt\/#organization"},"potentialAction":[{"@type":"SearchAction","target":{"@type":"EntryPoint","urlTemplate":"https:\/\/multi-mam.com\/pt\/?s={search_term_string}"},"query-input":{"@type":"PropertyValueSpecification","valueRequired":true,"valueName":"search_term_string"}}],"inLanguage":"pt-PT"},{"@type":"Organization","@id":"https:\/\/multi-mam.com\/pt\/#organization","name":"Multi-Mam","url":"https:\/\/multi-mam.com\/pt\/","logo":{"@type":"ImageObject","inLanguage":"pt-PT","@id":"https:\/\/multi-mam.com\/pt\/#\/schema\/logo\/image\/","url":"https:\/\/multi-mam.com\/app\/uploads\/sites\/26\/2023\/04\/multi-mam-logotype.png","contentUrl":"https:\/\/multi-mam.com\/app\/uploads\/sites\/26\/2023\/04\/multi-mam-logotype.png","width":70,"height":96,"caption":"Multi-Mam"},"image":{"@id":"https:\/\/multi-mam.com\/pt\/#\/schema\/logo\/image\/"}}]}},"_links":{"self":[{"href":"https:\/\/multi-mam.com\/pt\/wp-json\/wp\/v2\/pages\/149","targetHints":{"allow":["GET"]}}],"collection":[{"href":"https:\/\/multi-mam.com\/pt\/wp-json\/wp\/v2\/pages"}],"about":[{"href":"https:\/\/multi-mam.com\/pt\/wp-json\/wp\/v2\/types\/page"}],"author":[{"embeddable":true,"href":"https:\/\/multi-mam.com\/pt\/wp-json\/wp\/v2\/users\/2"}],"replies":[{"embeddable":true,"href":"https:\/\/multi-mam.com\/pt\/wp-json\/wp\/v2\/comments?post=149"}],"version-history":[{"count":2,"href":"https:\/\/multi-mam.com\/pt\/wp-json\/wp\/v2\/pages\/149\/revisions"}],"predecessor-version":[{"id":272,"href":"https:\/\/multi-mam.com\/pt\/wp-json\/wp\/v2\/pages\/149\/revisions\/272"}],"up":[{"embeddable":true,"href":"https:\/\/multi-mam.com\/pt\/wp-json\/wp\/v2\/pages\/78"}],"wp:attachment":[{"href":"https:\/\/multi-mam.com\/pt\/wp-json\/wp\/v2\/media?parent=149"}],"wp:term":[{"taxonomy":"from-article-database","embeddable":true,"href":"https:\/\/multi-mam.com\/pt\/wp-json\/wp\/v2\/from-article-database?post=149"}],"curies":[{"name":"wp","href":"https:\/\/api.w.org\/{rel}","templated":true}]}}