{"id":121,"date":"2023-04-18T13:54:51","date_gmt":"2023-04-18T12:54:51","guid":{"rendered":"https:\/\/multi-mam.com\/pt\/?page_id=121"},"modified":"2023-04-19T11:09:27","modified_gmt":"2023-04-19T10:09:27","slug":"ingurgitamento","status":"publish","type":"page","link":"https:\/\/multi-mam.com\/pt\/artigos\/amamentacao\/ingurgitamento\/","title":{"rendered":"Ingurgitamento"},"content":{"rendered":"\n<div class=\"wp-block-karopharma-free-text pt-large pb-large bg-center bg-cover bg-no-repeat  is-style-primary\" style=\"background-image:url()\"><div class=\"free-text-wrapper container max-w-medium text-left\">\n<h1 class=\"wp-block-heading\">Ingurgitamento<\/h1>\n\n\n\n<p class=\"is-style-paragraph-preamble\">Ap\u00f3s o nascimento do seu beb\u00e9, o seu peito come\u00e7a a produzir colostro, um l\u00edquido constitu\u00eddo com nutrientes e anticorpos que protegem o seu rec\u00e9m-nascido de infe\u00e7\u00f5es. Entre dois a cinco dias depois do nascimento, os seus peitos come\u00e7am a produzir leite e podem ficar mais pesados, inchados e quentes. Isto \u00e9 chamado de ingurgitamento, uma situa\u00e7\u00e3o normal que pode durar uns poucos dias ou v\u00e1rias semanas. Se a quantidade de leite produzida n\u00e3o \u00e9 extra\u00edda, atrav\u00e9s da amamenta\u00e7\u00e3o ou bomba de leite, os peitos podem tornar-se doridos e duros, causando desconforto para a m\u00e3e, mas tamb\u00e9m tornar a alimenta\u00e7\u00e3o mais dura para o beb\u00e9.<\/p>\n<\/div><\/div>\n\n\n\n<div class=\"wp-block-karopharma-free-text pt-large pb-large bg-center bg-cover bg-no-repeat\" style=\"background-image:url()\"><div class=\"free-text-wrapper container max-w-medium text-left\">\n<p>O ingurgitamento acontece geralmente nos primeiros dias ap\u00f3s o parto, mas pode tamb\u00e9m acontecer se j\u00e1 existir uma rotina de amamenta\u00e7\u00e3o estabelecida e tiver que saltar uma sess\u00e3o: caso pare de amamentar repentinamente ou o seu beb\u00e9 comece a mamar consideravelmente menos do que o normal. A causa mais comum \u00e9 o beb\u00e9 mamar menos do que o normal, nesta situa\u00e7\u00e3o, significa que o seu beb\u00e9 n\u00e3o tem a t\u00e9cnica de mamar apropriada, por isso os seus peitos podem ficar demasiado cheios de leite.<\/p>\n\n\n\n<p><strong>Diferen\u00e7a entre n\u00e3o lactantes e ingurgitados<\/strong><\/p>\n\n\n\n<figure class=\"wp-block-image size-full\"><img loading=\"lazy\" decoding=\"async\" width=\"228\" height=\"206\" src=\"https:\/\/multi-mam.com\/app\/uploads\/sites\/26\/2023\/04\/Ingurgitamento.png\" alt=\"Diferen\u00e7a entre n\u00e3o lactantes e ingurgitados\" class=\"wp-image-242\"\/><\/figure>\n\n\n\n<p>Mamilos rijos podem fazer com que se torne dif\u00edcil mamar, por isso o seu beb\u00e9 poder\u00e1 tentar mamar com mais for\u00e7a, e provavelmente o resultado ser\u00e1 ficar com os mamilos doridos e gretados. Algumas m\u00e3es podem decidir n\u00e3o realizar mais sess\u00f5es de amamenta\u00e7\u00e3o, para tentar que os seus mamilos recuperem, mas isto s\u00f3 leva a que os mesmos piorem devido ao ingurgitamento. Ingurgitamento prolongado pode fazer com que a produ\u00e7\u00e3o de leite decres\u00e7a ou se desenvolva infe\u00e7\u00f5es chamadas de mastites.<\/p>\n\n\n\n<h2 class=\"is-style-heading-h2 wp-block-heading\">Como reconhecer o ingurgitamento<\/h2>\n\n\n\n<p>Os sintomas t\u00edpicos incluem:<\/p>\n\n\n\n<ul class=\"is-style-default wp-block-list\"><li>Seios r\u00edgidos, inchados e doridos, que est\u00e3o frequentemente vermelhos, quentes ao toque e podem sentir-se grumos<\/li><li>Mamilos r\u00edgidos achatados<\/li><li>Incha\u00e7o ou sensibilidade nas axilas<\/li><li>Febre ligeira ou sintomas gripais (em caso disto, contactar o m\u00e9dico)<\/li><\/ul>\n\n\n\n<h2 class=\"is-style-heading-h2 wp-block-heading\">Preven\u00e7\u00e3o<\/h2>\n\n\n\n<p>Idealmente dever\u00e1 conseguir amamentar o seu beb\u00e9 nas primeiras horas ap\u00f3s o parto. D\u00ea de mamar a cada 1-3 horas, ou sempre que verifique que existem sinais de fome. O seu rec\u00e9m-nascido pode ficar irrequieto, come\u00e7ar a chupar os l\u00e1bios ou a agarrar a boca. Fale com uma especialista de amamenta\u00e7\u00e3o para se assegurar que o seu beb\u00e9 est\u00e1 a mamar corretamente, isto pode fazer toda a diferen\u00e7a e protege-la de situa\u00e7\u00f5es como ingurgitamento ou mamilos doridos. Se necessitar de falhar uma sess\u00e3o de amamenta\u00e7\u00e3o, retire o leite com uma bomba (pode armazen\u00e1-lo no frigor\u00edfico e utiliz\u00e1-lo quando estiver fora devido a trabalho ou viagem). Enquanto amamenta, tente esvaziar completamente a mama antes de passar para a pr\u00f3xima. Inicie a amamenta\u00e7\u00e3o com a mama com que terminou a sess\u00e3o anterior. Fa\u00e7a com que o tempo de desmame seja gradual. Uma paragem repentina da amamenta\u00e7\u00e3o pode fazer com que os seus seios fiquem cheios de leite, levando a ingurgitamento e mastites.<\/p>\n\n\n\n<h2 class=\"is-style-heading-h2 wp-block-heading\">Tratamento<\/h2>\n\n\n\n<p>Se os seus seios ingurgitarem, tente dar de mamar o m\u00e1ximo de n\u00famero de vezes poss\u00edvel. Se colocar uma compressa quente antes de iniciar a sess\u00e3o de amamenta\u00e7\u00e3o ajuda a que o seu leite saia mais fluentemente. O paracetamol pode ajudar na dor e no incha\u00e7o, e caso ainda sinta dor e incha\u00e7o nos seus seios ap\u00f3s amamentar, aplique uma compressa fria. Pode utilizar uma toalha h\u00famida, ou uma compressa para o peito que contenha ingredientes calmantes e que simultaneamente nutram a pele \u00e0 volta do mamilo, prevenindo assim que gretem. Para al\u00e9m disto, uma massagem suave antes e durante a amamenta\u00e7\u00e3o podem ajudar no fluxo do leite. O seu beb\u00e9 pode ter problemas em amamentar devido a mamilos r\u00edgidos. Retire primeiro um pouco de leite para facilitar a mamada.<\/p>\n\n\n\n<p>Se n\u00e3o est\u00e1 a amamentar, experimente retirar algum leite com a ajuda das m\u00e3os ou uma bomba extratora de leite. Um bom soutien de amamenta\u00e7\u00e3o que d\u00ea suporte ao seu peito pode proporcionar algum al\u00edvio.<\/p>\n\n\n\n<p>Em caso de nenhum destes m\u00e9todos funcionar no seu peito, e estes continuem a ingurgitar, consulte o seu m\u00e9dico.<\/p>\n<\/div><\/div>\n","protected":false},"excerpt":{"rendered":"","protected":false},"author":2,"featured_media":0,"parent":76,"menu_order":21,"comment_status":"closed","ping_status":"closed","template":"","meta":{"_acf_changed":false,"footnotes":""},"from-article-database":[],"class_list":["post-121","page","type-page","status-publish","hentry"],"acf":[],"yoast_head":"<!-- This site is optimized with the Yoast SEO plugin v26.6 - https:\/\/yoast.com\/wordpress\/plugins\/seo\/ -->\n<title>Ingurgitamento - Multi-Mam<\/title>\n<meta name=\"description\" content=\"Se a quantidade de leite produzida n\u00e3o \u00e9 extra\u00edda, atrav\u00e9s da amamenta\u00e7\u00e3o ou bomba de leite, os peitos podem tornar-se doridos e duros, causando desconforto para a m\u00e3e, mas tamb\u00e9m tornar a alimenta\u00e7\u00e3o mais dura para o beb\u00e9.\" \/>\n<meta name=\"robots\" content=\"index, follow, max-snippet:-1, max-image-preview:large, max-video-preview:-1\" \/>\n<link rel=\"canonical\" href=\"https:\/\/multi-mam.com\/pt\/artigos\/amamentacao\/ingurgitamento\/\" \/>\n<meta property=\"og:locale\" content=\"pt_PT\" \/>\n<meta property=\"og:type\" content=\"article\" \/>\n<meta property=\"og:title\" content=\"Ingurgitamento - Multi-Mam\" \/>\n<meta property=\"og:description\" content=\"Se a quantidade de leite produzida n\u00e3o \u00e9 extra\u00edda, atrav\u00e9s da amamenta\u00e7\u00e3o ou bomba de leite, os peitos podem tornar-se doridos e duros, causando desconforto para a m\u00e3e, mas tamb\u00e9m tornar a alimenta\u00e7\u00e3o mais dura para o beb\u00e9.\" \/>\n<meta property=\"og:url\" content=\"https:\/\/multi-mam.com\/pt\/artigos\/amamentacao\/ingurgitamento\/\" \/>\n<meta property=\"og:site_name\" content=\"Multi-Mam\" \/>\n<meta property=\"article:modified_time\" content=\"2023-04-19T10:09:27+00:00\" \/>\n<meta property=\"og:image\" content=\"https:\/\/multi-mam.com\/app\/uploads\/sites\/26\/2023\/04\/Ingurgitamento.png\" \/>\n<meta name=\"twitter:card\" content=\"summary_large_image\" \/>\n<meta name=\"twitter:label1\" content=\"Tempo estimado de leitura\" \/>\n\t<meta name=\"twitter:data1\" content=\"4 minutos\" \/>\n<script type=\"application\/ld+json\" class=\"yoast-schema-graph\">{\"@context\":\"https:\/\/schema.org\",\"@graph\":[{\"@type\":\"WebPage\",\"@id\":\"https:\/\/multi-mam.com\/pt\/artigos\/amamentacao\/ingurgitamento\/\",\"url\":\"https:\/\/multi-mam.com\/pt\/artigos\/amamentacao\/ingurgitamento\/\",\"name\":\"Ingurgitamento - Multi-Mam\",\"isPartOf\":{\"@id\":\"https:\/\/multi-mam.com\/pt\/#website\"},\"primaryImageOfPage\":{\"@id\":\"https:\/\/multi-mam.com\/pt\/artigos\/amamentacao\/ingurgitamento\/#primaryimage\"},\"image\":{\"@id\":\"https:\/\/multi-mam.com\/pt\/artigos\/amamentacao\/ingurgitamento\/#primaryimage\"},\"thumbnailUrl\":\"https:\/\/multi-mam.com\/app\/uploads\/sites\/26\/2023\/04\/Ingurgitamento.png\",\"datePublished\":\"2023-04-18T12:54:51+00:00\",\"dateModified\":\"2023-04-19T10:09:27+00:00\",\"description\":\"Se a quantidade de leite produzida n\u00e3o \u00e9 extra\u00edda, atrav\u00e9s da amamenta\u00e7\u00e3o ou bomba de leite, os peitos podem tornar-se doridos e duros, causando desconforto para a m\u00e3e, mas tamb\u00e9m tornar a alimenta\u00e7\u00e3o mais dura para o beb\u00e9.\",\"breadcrumb\":{\"@id\":\"https:\/\/multi-mam.com\/pt\/artigos\/amamentacao\/ingurgitamento\/#breadcrumb\"},\"inLanguage\":\"pt-PT\",\"potentialAction\":[{\"@type\":\"ReadAction\",\"target\":[\"https:\/\/multi-mam.com\/pt\/artigos\/amamentacao\/ingurgitamento\/\"]}]},{\"@type\":\"ImageObject\",\"inLanguage\":\"pt-PT\",\"@id\":\"https:\/\/multi-mam.com\/pt\/artigos\/amamentacao\/ingurgitamento\/#primaryimage\",\"url\":\"https:\/\/multi-mam.com\/app\/uploads\/sites\/26\/2023\/04\/Ingurgitamento.png\",\"contentUrl\":\"https:\/\/multi-mam.com\/app\/uploads\/sites\/26\/2023\/04\/Ingurgitamento.png\"},{\"@type\":\"BreadcrumbList\",\"@id\":\"https:\/\/multi-mam.com\/pt\/artigos\/amamentacao\/ingurgitamento\/#breadcrumb\",\"itemListElement\":[{\"@type\":\"ListItem\",\"position\":1,\"name\":\"Home\",\"item\":\"https:\/\/multi-mam.com\/pt\/\"},{\"@type\":\"ListItem\",\"position\":2,\"name\":\"Artigos\",\"item\":\"https:\/\/multi-mam.com\/pt\/artigos\/\"},{\"@type\":\"ListItem\",\"position\":3,\"name\":\"Amamenta\u00e7\u00e3o\",\"item\":\"https:\/\/multi-mam.com\/pt\/artigos\/amamentacao\/\"},{\"@type\":\"ListItem\",\"position\":4,\"name\":\"Ingurgitamento\"}]},{\"@type\":\"WebSite\",\"@id\":\"https:\/\/multi-mam.com\/pt\/#website\",\"url\":\"https:\/\/multi-mam.com\/pt\/\",\"name\":\"Multi-Mam\",\"description\":\"\",\"publisher\":{\"@id\":\"https:\/\/multi-mam.com\/pt\/#organization\"},\"potentialAction\":[{\"@type\":\"SearchAction\",\"target\":{\"@type\":\"EntryPoint\",\"urlTemplate\":\"https:\/\/multi-mam.com\/pt\/?s={search_term_string}\"},\"query-input\":{\"@type\":\"PropertyValueSpecification\",\"valueRequired\":true,\"valueName\":\"search_term_string\"}}],\"inLanguage\":\"pt-PT\"},{\"@type\":\"Organization\",\"@id\":\"https:\/\/multi-mam.com\/pt\/#organization\",\"name\":\"Multi-Mam\",\"url\":\"https:\/\/multi-mam.com\/pt\/\",\"logo\":{\"@type\":\"ImageObject\",\"inLanguage\":\"pt-PT\",\"@id\":\"https:\/\/multi-mam.com\/pt\/#\/schema\/logo\/image\/\",\"url\":\"https:\/\/multi-mam.com\/app\/uploads\/sites\/26\/2023\/04\/multi-mam-logotype.png\",\"contentUrl\":\"https:\/\/multi-mam.com\/app\/uploads\/sites\/26\/2023\/04\/multi-mam-logotype.png\",\"width\":70,\"height\":96,\"caption\":\"Multi-Mam\"},\"image\":{\"@id\":\"https:\/\/multi-mam.com\/pt\/#\/schema\/logo\/image\/\"}}]}<\/script>\n<!-- \/ Yoast SEO plugin. -->","yoast_head_json":{"title":"Ingurgitamento - Multi-Mam","description":"Se a quantidade de leite produzida n\u00e3o \u00e9 extra\u00edda, atrav\u00e9s da amamenta\u00e7\u00e3o ou bomba de leite, os peitos podem tornar-se doridos e duros, causando desconforto para a m\u00e3e, mas tamb\u00e9m tornar a alimenta\u00e7\u00e3o mais dura para o beb\u00e9.","robots":{"index":"index","follow":"follow","max-snippet":"max-snippet:-1","max-image-preview":"max-image-preview:large","max-video-preview":"max-video-preview:-1"},"canonical":"https:\/\/multi-mam.com\/pt\/artigos\/amamentacao\/ingurgitamento\/","og_locale":"pt_PT","og_type":"article","og_title":"Ingurgitamento - Multi-Mam","og_description":"Se a quantidade de leite produzida n\u00e3o \u00e9 extra\u00edda, atrav\u00e9s da amamenta\u00e7\u00e3o ou bomba de leite, os peitos podem tornar-se doridos e duros, causando desconforto para a m\u00e3e, mas tamb\u00e9m tornar a alimenta\u00e7\u00e3o mais dura para o beb\u00e9.","og_url":"https:\/\/multi-mam.com\/pt\/artigos\/amamentacao\/ingurgitamento\/","og_site_name":"Multi-Mam","article_modified_time":"2023-04-19T10:09:27+00:00","og_image":[{"url":"https:\/\/multi-mam.com\/app\/uploads\/sites\/26\/2023\/04\/Ingurgitamento.png","type":"","width":"","height":""}],"twitter_card":"summary_large_image","twitter_misc":{"Tempo estimado de leitura":"4 minutos"},"schema":{"@context":"https:\/\/schema.org","@graph":[{"@type":"WebPage","@id":"https:\/\/multi-mam.com\/pt\/artigos\/amamentacao\/ingurgitamento\/","url":"https:\/\/multi-mam.com\/pt\/artigos\/amamentacao\/ingurgitamento\/","name":"Ingurgitamento - Multi-Mam","isPartOf":{"@id":"https:\/\/multi-mam.com\/pt\/#website"},"primaryImageOfPage":{"@id":"https:\/\/multi-mam.com\/pt\/artigos\/amamentacao\/ingurgitamento\/#primaryimage"},"image":{"@id":"https:\/\/multi-mam.com\/pt\/artigos\/amamentacao\/ingurgitamento\/#primaryimage"},"thumbnailUrl":"https:\/\/multi-mam.com\/app\/uploads\/sites\/26\/2023\/04\/Ingurgitamento.png","datePublished":"2023-04-18T12:54:51+00:00","dateModified":"2023-04-19T10:09:27+00:00","description":"Se a quantidade de leite produzida n\u00e3o \u00e9 extra\u00edda, atrav\u00e9s da amamenta\u00e7\u00e3o ou bomba de leite, os peitos podem tornar-se doridos e duros, causando desconforto para a m\u00e3e, mas tamb\u00e9m tornar a alimenta\u00e7\u00e3o mais dura para o beb\u00e9.","breadcrumb":{"@id":"https:\/\/multi-mam.com\/pt\/artigos\/amamentacao\/ingurgitamento\/#breadcrumb"},"inLanguage":"pt-PT","potentialAction":[{"@type":"ReadAction","target":["https:\/\/multi-mam.com\/pt\/artigos\/amamentacao\/ingurgitamento\/"]}]},{"@type":"ImageObject","inLanguage":"pt-PT","@id":"https:\/\/multi-mam.com\/pt\/artigos\/amamentacao\/ingurgitamento\/#primaryimage","url":"https:\/\/multi-mam.com\/app\/uploads\/sites\/26\/2023\/04\/Ingurgitamento.png","contentUrl":"https:\/\/multi-mam.com\/app\/uploads\/sites\/26\/2023\/04\/Ingurgitamento.png"},{"@type":"BreadcrumbList","@id":"https:\/\/multi-mam.com\/pt\/artigos\/amamentacao\/ingurgitamento\/#breadcrumb","itemListElement":[{"@type":"ListItem","position":1,"name":"Home","item":"https:\/\/multi-mam.com\/pt\/"},{"@type":"ListItem","position":2,"name":"Artigos","item":"https:\/\/multi-mam.com\/pt\/artigos\/"},{"@type":"ListItem","position":3,"name":"Amamenta\u00e7\u00e3o","item":"https:\/\/multi-mam.com\/pt\/artigos\/amamentacao\/"},{"@type":"ListItem","position":4,"name":"Ingurgitamento"}]},{"@type":"WebSite","@id":"https:\/\/multi-mam.com\/pt\/#website","url":"https:\/\/multi-mam.com\/pt\/","name":"Multi-Mam","description":"","publisher":{"@id":"https:\/\/multi-mam.com\/pt\/#organization"},"potentialAction":[{"@type":"SearchAction","target":{"@type":"EntryPoint","urlTemplate":"https:\/\/multi-mam.com\/pt\/?s={search_term_string}"},"query-input":{"@type":"PropertyValueSpecification","valueRequired":true,"valueName":"search_term_string"}}],"inLanguage":"pt-PT"},{"@type":"Organization","@id":"https:\/\/multi-mam.com\/pt\/#organization","name":"Multi-Mam","url":"https:\/\/multi-mam.com\/pt\/","logo":{"@type":"ImageObject","inLanguage":"pt-PT","@id":"https:\/\/multi-mam.com\/pt\/#\/schema\/logo\/image\/","url":"https:\/\/multi-mam.com\/app\/uploads\/sites\/26\/2023\/04\/multi-mam-logotype.png","contentUrl":"https:\/\/multi-mam.com\/app\/uploads\/sites\/26\/2023\/04\/multi-mam-logotype.png","width":70,"height":96,"caption":"Multi-Mam"},"image":{"@id":"https:\/\/multi-mam.com\/pt\/#\/schema\/logo\/image\/"}}]}},"_links":{"self":[{"href":"https:\/\/multi-mam.com\/pt\/wp-json\/wp\/v2\/pages\/121","targetHints":{"allow":["GET"]}}],"collection":[{"href":"https:\/\/multi-mam.com\/pt\/wp-json\/wp\/v2\/pages"}],"about":[{"href":"https:\/\/multi-mam.com\/pt\/wp-json\/wp\/v2\/types\/page"}],"author":[{"embeddable":true,"href":"https:\/\/multi-mam.com\/pt\/wp-json\/wp\/v2\/users\/2"}],"replies":[{"embeddable":true,"href":"https:\/\/multi-mam.com\/pt\/wp-json\/wp\/v2\/comments?post=121"}],"version-history":[{"count":2,"href":"https:\/\/multi-mam.com\/pt\/wp-json\/wp\/v2\/pages\/121\/revisions"}],"predecessor-version":[{"id":243,"href":"https:\/\/multi-mam.com\/pt\/wp-json\/wp\/v2\/pages\/121\/revisions\/243"}],"up":[{"embeddable":true,"href":"https:\/\/multi-mam.com\/pt\/wp-json\/wp\/v2\/pages\/76"}],"wp:attachment":[{"href":"https:\/\/multi-mam.com\/pt\/wp-json\/wp\/v2\/media?parent=121"}],"wp:term":[{"taxonomy":"from-article-database","embeddable":true,"href":"https:\/\/multi-mam.com\/pt\/wp-json\/wp\/v2\/from-article-database?post=121"}],"curies":[{"name":"wp","href":"https:\/\/api.w.org\/{rel}","templated":true}]}}