{"id":111,"date":"2023-04-18T13:53:11","date_gmt":"2023-04-18T12:53:11","guid":{"rendered":"https:\/\/multi-mam.com\/pt\/?page_id=111"},"modified":"2023-04-19T10:03:13","modified_gmt":"2023-04-19T09:03:13","slug":"lactacao","status":"publish","type":"page","link":"https:\/\/multi-mam.com\/pt\/artigos\/amamentacao\/lactacao\/","title":{"rendered":"Lacta\u00e7\u00e3o"},"content":{"rendered":"\n<div class=\"wp-block-karopharma-free-text pt-large pb-large bg-center bg-cover bg-no-repeat  is-style-primary\" style=\"background-image:url()\"><div class=\"free-text-wrapper container max-w-medium text-left\">\n<h1 class=\"wp-block-heading\">Lacta\u00e7\u00e3o<\/h1>\n\n\n\n<p class=\"is-style-paragraph-preamble\">Desde a conce\u00e7\u00e3o at\u00e9 ao parto, o seu corpo passa por diversas altera\u00e7\u00f5es para providenciar a melhor \u201ccasa\u201d ao seu feto em desenvolvimento. Contudo, a tarefa de nutrir uma nova vida n\u00e3o termina no parto. As altera\u00e7\u00f5es no corpo da m\u00e3e continuam, permitindo que o processo de lacta\u00e7\u00e3o tome lugar e forne\u00e7a nutrientes e prote\u00e7\u00e3o imunol\u00f3gica para o seu rec\u00e9m-nascido.<\/p>\n\n\n\n<p class=\"is-style-paragraph-preamble\">Lacta\u00e7\u00e3o \u00e9 o processo de produ\u00e7\u00e3o de leite materno e o per\u00edodo em que as m\u00e3es amamentam os seus beb\u00e9s. Os peitos s\u00e3o constitu\u00eddos essencialmente de tecido gordo que cont\u00e9m as intituladas gl\u00e2ndulas mam\u00e1rias. Estas gl\u00e2ndulas s\u00e3o respons\u00e1veis pela secre\u00e7\u00e3o do leite. O leite passa por ductos especiais, e depois \u00e9 libertada pelo mamilo para a boca do beb\u00e9 devido aos movimentos de suc\u00e7\u00e3o.<\/p>\n<\/div><\/div>\n\n\n\n<div class=\"wp-block-karopharma-free-text pt-large pb-large bg-center bg-cover bg-no-repeat\" style=\"background-image:url()\"><div class=\"free-text-wrapper container max-w-medium text-left\">\n<h2 class=\"is-style-heading-h2 wp-block-heading\">O processo de lacta\u00e7\u00e3o<\/h2>\n\n\n\n<p>Durante a gravidez, os peitos crescem, os mamilos tornam-se mais largos e escuros, e poder\u00e1 notar que as veias dos seus peitos se tornam mais vis\u00edveis. Assim que o seu beb\u00e9 nasce, a ocitocina hormonal tem como fun\u00e7\u00e3o a estimula\u00e7\u00e3o das contra\u00e7\u00f5es do \u00fatero e inicia o processo de lacta\u00e7\u00e3o. O primeiro leite que o seu corpo cria ap\u00f3s o parto \u00e9 chamado de colostro e \u00e9 rico em nutrientes e anticorpos que ir\u00e3o servir para proteger o seu beb\u00e9 de micr\u00f3bios e infe\u00e7\u00f5es.<\/p>\n\n\n\n<p>Ap\u00f3s 2-5 dias, o verdadeiro leite come\u00e7a a ser segregado, e poder\u00e1 reparar que os seus peitos podem repentinamente come\u00e7ar a ficar maiores, mais pesados e quentes ao toque. Isto \u00e9 intitulado de ingurgitamento e a partir do momento em que o seu beb\u00e9 amamenta corretamente, os seus peitos ir\u00e3o ajustar-se \u00e0 quantidade de leite produzida e n\u00e3o ter\u00e1 problemas. Contudo, se o seu beb\u00e9 n\u00e3o est\u00e1 a amamentar corretamente (a raz\u00e3o mais comum de mamar pouco), o ingurgitamento pode resultar em mastite, uma infe\u00e7\u00e3o causada pela acumula\u00e7\u00e3o de leite nos peitos. Por isso \u00e9 que \u00e9 importante amamentar o n\u00famero de vezes que o seu beb\u00e9 necessite, ou ent\u00e3o retirar o leite com uma bomba e esvaziar os peitos.<\/p>\n\n\n\n<p>A lacta\u00e7\u00e3o \u00e9 controlada pela procura. A quantidade de leite produzida \u00e9 diretamente dependente da quantidade de leite segregado durante as sess\u00f5es de amamenta\u00e7\u00e3o. A Organiza\u00e7\u00e3o Mundial de Sa\u00fade (OMS) recomenda tentar amamentar uma hora ap\u00f3s o parto e amamentar sempre que houver procura, ou sempre que reparar nos primeiros sinais de fome no seu rec\u00e9m-nascido. Idealmente, o seu beb\u00e9 deve ser amamentado exclusivamente at\u00e9 aos 6 meses de idade, a partir da\u00ed pode come\u00e7ar a introduzir lentamente alguns alimentos s\u00f3lidos. \u00c9 recomendado amamentar e paralelamente introduzir alguns alimentos s\u00f3lidos at\u00e9 aos 2 anos, de acordo com a Organiza\u00e7\u00e3o Mundial de Sa\u00fade.<\/p>\n\n\n\n<h2 class=\"is-style-heading-h2 wp-block-heading\">Benef\u00edcios de amamentar<\/h2>\n\n\n\n<p>O leite \u00e9 composto essencialmente por \u00e1gua, mas cont\u00e9m tamb\u00e9m carbohidratos, gorduras, prote\u00ednas, minerais e outros nutrientes. Todos estes ingredientes providenciam ao seu beb\u00e9 tudo o que ele necessita para se desenvolver e crescer. Os anticorpos e vitaminas do leite materno ir\u00e3o tamb\u00e9m protege-lo contra infec\u00f5es at\u00e9 que o seu sistema imunit\u00e1rio fique suficientemente refor\u00e7ado para funcionar sozinho.<\/p>\n\n\n\n<p>Outros benef\u00edcios incluem a redu\u00e7\u00e3o do risco de alergias, asma, diabetes e colesterol alto. Os beb\u00e9s que amamentam s\u00e3o menos hospitalizados e visitam o m\u00e9dico menos vezes do que aqueles que s\u00e3o alimentados com f\u00f3rmulas substitutas, e alguns estudos afirmam que amamenta\u00e7\u00e3o est\u00e1 relacionada com um QI mais elevado.<\/p>\n\n\n\n<p>Amamentar \u00e9 ben\u00e9fico tamb\u00e9m para as m\u00e3es. Reduz os n\u00edveis de stress, regula a press\u00e3o sangu\u00ednea, reduz as hip\u00f3teses de depress\u00e3o p\u00f3s-parto e poder\u00e1 protege-la de cancro nos ov\u00e1rios e mama.<\/p>\n\n\n\n<h5 class=\"is-style-heading-h5 wp-block-heading\">Fontes:<\/h5>\n\n\n\n<p><a href=\"https:\/\/www.unicef.org.uk\/babyfriendly\/news-and-research\/baby-friendly-research\/infant-health-research\/infant-health-research-asthma\/\" target=\"_blank\" rel=\"noreferrer noopener\">https:\/\/www.unicef.org.uk\/babyfriendly\/news-and-research\/baby-friendly-research\/infant-health-research\/infant-health-research-asthma\/<br><\/a><a href=\"https:\/\/www.unicef.org.uk\/babyfriendly\/news-and-research\/baby-friendly-research\/infant-health-research\/infant-health-research-diabetes\/\" target=\"_blank\" rel=\"noreferrer noopener\">https:\/\/www.unicef.org.uk\/babyfriendly\/news-and-research\/baby-friendly-research\/infant-health-research\/infant-health-research-diabetes\/<br><\/a><a href=\"http:\/\/ajcn.nutrition.org\/content\/88\/2\/305.full\" target=\"_blank\" rel=\"noreferrer noopener\">http:\/\/ajcn.nutrition.org\/content\/88\/2\/305.full<br><\/a><a href=\"http:\/\/www.hindawi.com\/journals\/ijpedi\/2016\/7647054\/\" target=\"_blank\" rel=\"noreferrer noopener\">http:\/\/www.hindawi.com\/journals\/ijpedi\/2016\/7647054\/<br><\/a><a href=\"http:\/\/www.thelancet.com\/pdfs\/journals\/langlo\/PIIS2214-109X%2815%2970002-1.pdf\" target=\"_blank\" rel=\"noreferrer noopener\">http:\/\/www.thelancet.com\/pdfs\/journals\/langlo\/PIIS2214-109X%2815%2970002-1.pdf<br><\/a><a href=\"http:\/\/www.ncbi.nlm.nih.gov\/pubmed\/18563998\" target=\"_blank\" rel=\"noreferrer noopener\">http:\/\/www.ncbi.nlm.nih.gov\/pubmed\/18563998<br><\/a><a href=\"http:\/\/www.ncbi.nlm.nih.gov\/pubmed\/22978082\" target=\"_blank\" rel=\"noreferrer noopener\">http:\/\/www.ncbi.nlm.nih.gov\/pubmed\/22978082<br><\/a><a href=\"http:\/\/www.ncbi.nlm.nih.gov\/pubmed\/24998548\" target=\"_blank\" rel=\"noreferrer noopener\">http:\/\/www.ncbi.nlm.nih.gov\/pubmed\/24998548<br><\/a><a href=\"http:\/\/lup.lub.lu.se\/search\/publication\/1123899\" target=\"_blank\" rel=\"noreferrer noopener\">http:\/\/lup.lub.lu.se\/search\/publication\/1123899<\/a><\/p>\n<\/div><\/div>\n","protected":false},"excerpt":{"rendered":"","protected":false},"author":2,"featured_media":0,"parent":76,"menu_order":16,"comment_status":"closed","ping_status":"closed","template":"","meta":{"_acf_changed":false,"footnotes":""},"from-article-database":[],"class_list":["post-111","page","type-page","status-publish","hentry"],"acf":[],"yoast_head":"<!-- This site is optimized with the Yoast SEO plugin v26.6 - https:\/\/yoast.com\/wordpress\/plugins\/seo\/ -->\n<title>Lacta\u00e7\u00e3o - Multi-Mam<\/title>\n<meta name=\"description\" content=\"Lacta\u00e7\u00e3o \u00e9 o processo de produ\u00e7\u00e3o de leite materno e o per\u00edodo em que as m\u00e3es amamentam os seus beb\u00e9s.\" \/>\n<meta name=\"robots\" content=\"index, follow, max-snippet:-1, max-image-preview:large, max-video-preview:-1\" \/>\n<link rel=\"canonical\" href=\"https:\/\/multi-mam.com\/pt\/artigos\/amamentacao\/lactacao\/\" \/>\n<meta property=\"og:locale\" content=\"pt_PT\" \/>\n<meta property=\"og:type\" content=\"article\" \/>\n<meta property=\"og:title\" content=\"Lacta\u00e7\u00e3o - Multi-Mam\" \/>\n<meta property=\"og:description\" content=\"Lacta\u00e7\u00e3o \u00e9 o processo de produ\u00e7\u00e3o de leite materno e o per\u00edodo em que as m\u00e3es amamentam os seus beb\u00e9s.\" \/>\n<meta property=\"og:url\" content=\"https:\/\/multi-mam.com\/pt\/artigos\/amamentacao\/lactacao\/\" \/>\n<meta property=\"og:site_name\" content=\"Multi-Mam\" \/>\n<meta property=\"article:modified_time\" content=\"2023-04-19T09:03:13+00:00\" \/>\n<meta name=\"twitter:card\" content=\"summary_large_image\" \/>\n<meta name=\"twitter:label1\" content=\"Tempo estimado de leitura\" \/>\n\t<meta name=\"twitter:data1\" content=\"4 minutos\" \/>\n<script type=\"application\/ld+json\" class=\"yoast-schema-graph\">{\"@context\":\"https:\/\/schema.org\",\"@graph\":[{\"@type\":\"WebPage\",\"@id\":\"https:\/\/multi-mam.com\/pt\/artigos\/amamentacao\/lactacao\/\",\"url\":\"https:\/\/multi-mam.com\/pt\/artigos\/amamentacao\/lactacao\/\",\"name\":\"Lacta\u00e7\u00e3o - Multi-Mam\",\"isPartOf\":{\"@id\":\"https:\/\/multi-mam.com\/pt\/#website\"},\"datePublished\":\"2023-04-18T12:53:11+00:00\",\"dateModified\":\"2023-04-19T09:03:13+00:00\",\"description\":\"Lacta\u00e7\u00e3o \u00e9 o processo de produ\u00e7\u00e3o de leite materno e o per\u00edodo em que as m\u00e3es amamentam os seus beb\u00e9s.\",\"breadcrumb\":{\"@id\":\"https:\/\/multi-mam.com\/pt\/artigos\/amamentacao\/lactacao\/#breadcrumb\"},\"inLanguage\":\"pt-PT\",\"potentialAction\":[{\"@type\":\"ReadAction\",\"target\":[\"https:\/\/multi-mam.com\/pt\/artigos\/amamentacao\/lactacao\/\"]}]},{\"@type\":\"BreadcrumbList\",\"@id\":\"https:\/\/multi-mam.com\/pt\/artigos\/amamentacao\/lactacao\/#breadcrumb\",\"itemListElement\":[{\"@type\":\"ListItem\",\"position\":1,\"name\":\"Home\",\"item\":\"https:\/\/multi-mam.com\/pt\/\"},{\"@type\":\"ListItem\",\"position\":2,\"name\":\"Artigos\",\"item\":\"https:\/\/multi-mam.com\/pt\/artigos\/\"},{\"@type\":\"ListItem\",\"position\":3,\"name\":\"Amamenta\u00e7\u00e3o\",\"item\":\"https:\/\/multi-mam.com\/pt\/artigos\/amamentacao\/\"},{\"@type\":\"ListItem\",\"position\":4,\"name\":\"Lacta\u00e7\u00e3o\"}]},{\"@type\":\"WebSite\",\"@id\":\"https:\/\/multi-mam.com\/pt\/#website\",\"url\":\"https:\/\/multi-mam.com\/pt\/\",\"name\":\"Multi-Mam\",\"description\":\"\",\"publisher\":{\"@id\":\"https:\/\/multi-mam.com\/pt\/#organization\"},\"potentialAction\":[{\"@type\":\"SearchAction\",\"target\":{\"@type\":\"EntryPoint\",\"urlTemplate\":\"https:\/\/multi-mam.com\/pt\/?s={search_term_string}\"},\"query-input\":{\"@type\":\"PropertyValueSpecification\",\"valueRequired\":true,\"valueName\":\"search_term_string\"}}],\"inLanguage\":\"pt-PT\"},{\"@type\":\"Organization\",\"@id\":\"https:\/\/multi-mam.com\/pt\/#organization\",\"name\":\"Multi-Mam\",\"url\":\"https:\/\/multi-mam.com\/pt\/\",\"logo\":{\"@type\":\"ImageObject\",\"inLanguage\":\"pt-PT\",\"@id\":\"https:\/\/multi-mam.com\/pt\/#\/schema\/logo\/image\/\",\"url\":\"https:\/\/multi-mam.com\/app\/uploads\/sites\/26\/2023\/04\/multi-mam-logotype.png\",\"contentUrl\":\"https:\/\/multi-mam.com\/app\/uploads\/sites\/26\/2023\/04\/multi-mam-logotype.png\",\"width\":70,\"height\":96,\"caption\":\"Multi-Mam\"},\"image\":{\"@id\":\"https:\/\/multi-mam.com\/pt\/#\/schema\/logo\/image\/\"}}]}<\/script>\n<!-- \/ Yoast SEO plugin. -->","yoast_head_json":{"title":"Lacta\u00e7\u00e3o - Multi-Mam","description":"Lacta\u00e7\u00e3o \u00e9 o processo de produ\u00e7\u00e3o de leite materno e o per\u00edodo em que as m\u00e3es amamentam os seus beb\u00e9s.","robots":{"index":"index","follow":"follow","max-snippet":"max-snippet:-1","max-image-preview":"max-image-preview:large","max-video-preview":"max-video-preview:-1"},"canonical":"https:\/\/multi-mam.com\/pt\/artigos\/amamentacao\/lactacao\/","og_locale":"pt_PT","og_type":"article","og_title":"Lacta\u00e7\u00e3o - Multi-Mam","og_description":"Lacta\u00e7\u00e3o \u00e9 o processo de produ\u00e7\u00e3o de leite materno e o per\u00edodo em que as m\u00e3es amamentam os seus beb\u00e9s.","og_url":"https:\/\/multi-mam.com\/pt\/artigos\/amamentacao\/lactacao\/","og_site_name":"Multi-Mam","article_modified_time":"2023-04-19T09:03:13+00:00","twitter_card":"summary_large_image","twitter_misc":{"Tempo estimado de leitura":"4 minutos"},"schema":{"@context":"https:\/\/schema.org","@graph":[{"@type":"WebPage","@id":"https:\/\/multi-mam.com\/pt\/artigos\/amamentacao\/lactacao\/","url":"https:\/\/multi-mam.com\/pt\/artigos\/amamentacao\/lactacao\/","name":"Lacta\u00e7\u00e3o - Multi-Mam","isPartOf":{"@id":"https:\/\/multi-mam.com\/pt\/#website"},"datePublished":"2023-04-18T12:53:11+00:00","dateModified":"2023-04-19T09:03:13+00:00","description":"Lacta\u00e7\u00e3o \u00e9 o processo de produ\u00e7\u00e3o de leite materno e o per\u00edodo em que as m\u00e3es amamentam os seus beb\u00e9s.","breadcrumb":{"@id":"https:\/\/multi-mam.com\/pt\/artigos\/amamentacao\/lactacao\/#breadcrumb"},"inLanguage":"pt-PT","potentialAction":[{"@type":"ReadAction","target":["https:\/\/multi-mam.com\/pt\/artigos\/amamentacao\/lactacao\/"]}]},{"@type":"BreadcrumbList","@id":"https:\/\/multi-mam.com\/pt\/artigos\/amamentacao\/lactacao\/#breadcrumb","itemListElement":[{"@type":"ListItem","position":1,"name":"Home","item":"https:\/\/multi-mam.com\/pt\/"},{"@type":"ListItem","position":2,"name":"Artigos","item":"https:\/\/multi-mam.com\/pt\/artigos\/"},{"@type":"ListItem","position":3,"name":"Amamenta\u00e7\u00e3o","item":"https:\/\/multi-mam.com\/pt\/artigos\/amamentacao\/"},{"@type":"ListItem","position":4,"name":"Lacta\u00e7\u00e3o"}]},{"@type":"WebSite","@id":"https:\/\/multi-mam.com\/pt\/#website","url":"https:\/\/multi-mam.com\/pt\/","name":"Multi-Mam","description":"","publisher":{"@id":"https:\/\/multi-mam.com\/pt\/#organization"},"potentialAction":[{"@type":"SearchAction","target":{"@type":"EntryPoint","urlTemplate":"https:\/\/multi-mam.com\/pt\/?s={search_term_string}"},"query-input":{"@type":"PropertyValueSpecification","valueRequired":true,"valueName":"search_term_string"}}],"inLanguage":"pt-PT"},{"@type":"Organization","@id":"https:\/\/multi-mam.com\/pt\/#organization","name":"Multi-Mam","url":"https:\/\/multi-mam.com\/pt\/","logo":{"@type":"ImageObject","inLanguage":"pt-PT","@id":"https:\/\/multi-mam.com\/pt\/#\/schema\/logo\/image\/","url":"https:\/\/multi-mam.com\/app\/uploads\/sites\/26\/2023\/04\/multi-mam-logotype.png","contentUrl":"https:\/\/multi-mam.com\/app\/uploads\/sites\/26\/2023\/04\/multi-mam-logotype.png","width":70,"height":96,"caption":"Multi-Mam"},"image":{"@id":"https:\/\/multi-mam.com\/pt\/#\/schema\/logo\/image\/"}}]}},"_links":{"self":[{"href":"https:\/\/multi-mam.com\/pt\/wp-json\/wp\/v2\/pages\/111","targetHints":{"allow":["GET"]}}],"collection":[{"href":"https:\/\/multi-mam.com\/pt\/wp-json\/wp\/v2\/pages"}],"about":[{"href":"https:\/\/multi-mam.com\/pt\/wp-json\/wp\/v2\/types\/page"}],"author":[{"embeddable":true,"href":"https:\/\/multi-mam.com\/pt\/wp-json\/wp\/v2\/users\/2"}],"replies":[{"embeddable":true,"href":"https:\/\/multi-mam.com\/pt\/wp-json\/wp\/v2\/comments?post=111"}],"version-history":[{"count":3,"href":"https:\/\/multi-mam.com\/pt\/wp-json\/wp\/v2\/pages\/111\/revisions"}],"predecessor-version":[{"id":232,"href":"https:\/\/multi-mam.com\/pt\/wp-json\/wp\/v2\/pages\/111\/revisions\/232"}],"up":[{"embeddable":true,"href":"https:\/\/multi-mam.com\/pt\/wp-json\/wp\/v2\/pages\/76"}],"wp:attachment":[{"href":"https:\/\/multi-mam.com\/pt\/wp-json\/wp\/v2\/media?parent=111"}],"wp:term":[{"taxonomy":"from-article-database","embeddable":true,"href":"https:\/\/multi-mam.com\/pt\/wp-json\/wp\/v2\/from-article-database?post=111"}],"curies":[{"name":"wp","href":"https:\/\/api.w.org\/{rel}","templated":true}]}}