{"id":11,"date":"2023-04-18T07:17:19","date_gmt":"2023-04-18T06:17:19","guid":{"rendered":"https:\/\/multi-mam.com\/pt\/?page_id=11"},"modified":"2023-05-31T07:33:09","modified_gmt":"2023-05-31T06:33:09","slug":"sobre-multi-mam","status":"publish","type":"page","link":"https:\/\/multi-mam.com\/pt\/sobre-multi-mam\/","title":{"rendered":"Sobre Multi-Mam"},"content":{"rendered":"\n<div class=\"wp-block-karopharma-background-image-with-text-v2 background-image-with-text-v2 undefined content-position-center fixed-height-layout\" datatest=\"root\"><div class=\"background-image-with-text-wrapper\"><picture class=\"background-image-with-text-image\"><source media=\"(max-width: 560px)\" srcset=\"https:\/\/multi-mam.com\/cdn-cgi\/image\/format=auto,width=560\/app\/uploads\/sites\/26\/2023\/04\/about-Multi-Mam.jpeg\"\/><source media=\"(max-width: 800px)\" srcset=\"https:\/\/multi-mam.com\/cdn-cgi\/image\/format=auto,width=800\/app\/uploads\/sites\/26\/2023\/04\/about-Multi-Mam.jpeg\"\/><source media=\"(max-width: 1920px)\" srcset=\"https:\/\/multi-mam.com\/cdn-cgi\/image\/format=auto,width=1920\/app\/uploads\/sites\/26\/2023\/04\/about-Multi-Mam.jpeg\"\/><img decoding=\"async\" width=\"1400\" height=\"934\" datatest=\"background-image\" loading=\"lazy\" class=\"object-center object-cover\" src=\"https:\/\/multi-mam.com\/cdn-cgi\/image\/format=auto\/app\/uploads\/sites\/26\/2023\/04\/about-Multi-Mam.jpeg\" alt=\"Sobre Multi-Mam\"\/><\/picture><div datatest=\"content-wrapper\" class=\"background-image-with-text-content-wrapper container max-w-medium text-alignment-center  pt-large pb-large\"><div class=\"content\"><h1 datatest=\"heading\" class=\"\">Sobre Multi-Mam<\/h1>\n<div class=\"wp-block-buttons is-layout-flex wp-block-buttons-is-layout-flex\"><\/div>\n<\/div><\/div><\/div><\/div>\n\n\n\n<div class=\"wp-block-karopharma-free-text pt-large pb-large bg-center bg-cover bg-no-repeat  undefined is-style-primary\" style=\"background-image:url()\"><div class=\"free-text-wrapper container max-w-medium text-left\">\n<h2 class=\"is-style-heading-h2 wp-block-heading\" id=\"unsere-geschichte\">Nossa hist\u00f3ria<\/h2>\n\n\n\n<p class=\"is-style-paragraph-preamble\">Criar um beb\u00e9 \u00e9 incr\u00edvel e recompensador de in\u00fameras maneiras, mas os primeiros dias da maternidade e amamenta\u00e7\u00e3o tamb\u00e9m podem ser cansativos e dolorosos. Muitas mulheres t\u00eam vergonha de falar sobre os seus desconfortos p\u00f3s-parto e amamenta\u00e7\u00e3o ou simplesmente n\u00e3o sabem onde procurar ajuda. Em vez disso, sofrem em sil\u00eancio. Ver novas m\u00e3es a lutar contra a dor e at\u00e9 mesmo a deixar de amamentar antes do planeado ou desejado \u00e9 a raz\u00e3o pela qual desenvolvemos o Multi-Mam.<\/p>\n<\/div><\/div>\n\n\n\n<div class=\"wp-block-karopharma-free-text pt-large pb-large bg-center bg-cover bg-no-repeat  undefined is-style-transparent\" style=\"background-image:url()\"><div class=\"free-text-wrapper container max-w-medium text-left\">\n<h2 class=\"is-style-heading-h2 wp-block-heading\" id=\"unsere-geschichte\">Sobre Multi-Mam<sup>\u00ae<\/sup><\/h2>\n\n\n\n<p class=\"is-style-paragraph-body-text\">Multi-Mam \u00e9 uma s\u00e9rie de produtos de base natural que aliviam os desconfortos associados ao p\u00f3s-parto e \u00e0 amamenta\u00e7\u00e3o. Desenvolvemos o Multi-Mam para ajudar as novas m\u00e3es a sentirem-se confort\u00e1veis \u200b\u200be cuidarem de si mesmas. Porque quando as m\u00e3es s\u00e3o mais harmoniosas, elas podem aproveitar a maternidade ao m\u00e1ximo e dar aos seus beb\u00e9s o melhor come\u00e7o de vida.<\/p>\n\n\n\n<h2 class=\"is-style-heading-h2 wp-block-heading\" id=\"unsere-geschichte\">Multi-Mam<sup>\u00ae<\/sup> ingredientes<\/h2>\n\n\n\n<p class=\"is-style-paragraph-body-text\">Sabemos que voc\u00ea n\u00e3o quer nada al\u00e9m do melhor para o seu beb\u00e9 e pode confiar que os produtos Multi-Mam s\u00e3o da mais alta qualidade. Os nossos ingredientes s\u00e3o derivados principalmente de fontes naturais e s\u00e3o inofensivos para a m\u00e3e e para o beb\u00e9.<\/p>\n\n\n\n<p class=\"is-style-paragraph-body-text\">As compressas Multi-Mam s\u00e3o baseadas no complexo patenteado 2QR (pronuncia-se \u201ccurar\u201d), que \u00e9 um ingrediente natural \u00e0 base de plantas extra\u00eddo da planta Aloe Barbadenis. Este ingrediente gera humidade e suporta o processo de cura natural.<\/p>\n\n\n\n<p class=\"is-style-paragraph-body-text\">Multi-Mam Protect \u00e9 baseado em uma sele\u00e7\u00e3o de \u00f3leos derivados de plantas. N\u00e3o pegajoso e de f\u00e1cil absor\u00e7\u00e3o, protege a \u00e1rea do mamilo, substituindo e complementando a gordura natural da pele.<\/p>\n\n\n\n<p class=\"is-style-paragraph-body-text has-primary-color has-text-color\"><a href=\"https:\/\/multi-mam.com\/pt\/produtos\/\"><strong>Saiba mais sobre nossos produtos e como eles podem ajud\u00e1-la a aproveitar a maternidade.<\/strong><\/a><\/p>\n<\/div><\/div>\n\n\n<div class=\"product-list wp-block-karopharma-product-list\" data-testid=\"product-list\">\n      <div class=\"swiper-container\">\n      <div class=\"swiper\">\n        <div class=\"swiper-wrapper\">\n                      <div class=\"swiper-slide\">\n              <div class=\"product-card\" data-testid=\"product-card\">\n  <a\n    href=https:\/\/multi-mam.com\/pt\/produtos\/multi-mam-protect\/\n    class=\"product-card-link\"\n    title=\"Multi-Mam\u00ae Protect\"\n  >\n  <figure class=\"product-card-image\" data-testid=\"product-image\">\n                          <img decoding=\"async\" src=\"https:\/\/multi-mam.com\/cdn-cgi\/image\/width=700,format=auto\/app\/uploads\/sites\/26\/2023\/04\/Multi-Mam-Protect.png\"\n        srcset=\"https:\/\/multi-mam.com\/cdn-cgi\/image\/width=250,format=auto\/app\/uploads\/sites\/26\/2023\/04\/Multi-Mam-Protect.png 250w,\n                https:\/\/multi-mam.com\/cdn-cgi\/image\/width=500,format=auto\/app\/uploads\/sites\/26\/2023\/04\/Multi-Mam-Protect.png 500w,\n                https:\/\/multi-mam.com\/cdn-cgi\/image\/width=700,format=auto\/app\/uploads\/sites\/26\/2023\/04\/Multi-Mam-Protect.png 700w\"\n        sizes=\"(max-width: 400px) 250px, (max-width: 800px) 500px, 700px\"\n        alt=\"Multi-Mam Protect\"\n        class=\"img\">\n            <\/figure>\n    <div class=\"product-card-content\">\n      <div class=\"heading-wrapper\">\n        <h2 class=\"heading\">Multi-Mam\u00ae Protect<\/h2>\n      <\/div>\n      <div class=\"product-card-description\">Cuidado \u00e0 base de plantas para o mamilo de m\u00e3es que amamentam\n<\/div>\n                      <\/div>\n  <\/a>\n      <div class=\"button-wrapper\">\n    <a\n      href=https:\/\/multi-mam.com\/pt\/produtos\/multi-mam-protect\/\n      target=_self\n      class=\"theme-button button-primary-color rounded-button\"\n      rel=\"noopener\"\n      title=\"Ler mais\"\n    >\n       Ler mais\n    <\/a>\n<\/div>  <\/div>\n            <\/div>\n                      <div class=\"swiper-slide\">\n              <div class=\"product-card\" data-testid=\"product-card\">\n  <a\n    href=https:\/\/multi-mam.com\/pt\/produtos\/multi-mam-compressas\/\n    class=\"product-card-link\"\n    title=\"Multi-Mam\u00ae Compressas\"\n  >\n  <figure class=\"product-card-image\" data-testid=\"product-image\">\n                          <img decoding=\"async\" src=\"https:\/\/multi-mam.com\/cdn-cgi\/image\/width=700,format=auto\/app\/uploads\/sites\/26\/2023\/04\/MultiMam_Compresses.png\"\n        srcset=\"https:\/\/multi-mam.com\/cdn-cgi\/image\/width=250,format=auto\/app\/uploads\/sites\/26\/2023\/04\/MultiMam_Compresses.png 250w,\n                https:\/\/multi-mam.com\/cdn-cgi\/image\/width=500,format=auto\/app\/uploads\/sites\/26\/2023\/04\/MultiMam_Compresses.png 500w,\n                https:\/\/multi-mam.com\/cdn-cgi\/image\/width=700,format=auto\/app\/uploads\/sites\/26\/2023\/04\/MultiMam_Compresses.png 700w\"\n        sizes=\"(max-width: 400px) 250px, (max-width: 800px) 500px, 700px\"\n        alt=\"Multi-Mam Compresses\"\n        class=\"img\">\n            <\/figure>\n    <div class=\"product-card-content\">\n      <div class=\"heading-wrapper\">\n        <h2 class=\"heading\">Multi-Mam\u00ae Compressas<\/h2>\n      <\/div>\n      <div class=\"product-card-description\">Cuidados suaves para o conforto durante a amamenta\u00e7\u00e3o<\/div>\n                      <\/div>\n  <\/a>\n      <div class=\"button-wrapper\">\n    <a\n      href=https:\/\/multi-mam.com\/pt\/produtos\/multi-mam-compressas\/\n      target=_self\n      class=\"theme-button button-primary-color rounded-button\"\n      rel=\"noopener\"\n      title=\"Ler mais\"\n    >\n       Ler mais\n    <\/a>\n<\/div>  <\/div>\n            <\/div>\n                  <\/div>\n        <div class=\"swiper-scrollbar\"><\/div>\n      <\/div>\n    <\/div>\n  <\/div>\n","protected":false},"excerpt":{"rendered":"","protected":false},"author":2,"featured_media":0,"parent":0,"menu_order":0,"comment_status":"closed","ping_status":"closed","template":"","meta":{"_acf_changed":false,"footnotes":""},"from-article-database":[],"class_list":["post-11","page","type-page","status-publish","hentry"],"acf":[],"yoast_head":"<!-- This site is optimized with the Yoast SEO plugin v26.6 - https:\/\/yoast.com\/wordpress\/plugins\/seo\/ -->\n<title>Sobre Multi-Mam - Multi-Mam<\/title>\n<meta name=\"description\" content=\"Criar um beb\u00ea \u00e9 incr\u00edvel e recompensador de in\u00fameras maneiras, mas os primeiros dias da maternidade e amamenta\u00e7\u00e3o tamb\u00e9m podem ser cansativos e dolorosos.\" \/>\n<meta name=\"robots\" content=\"index, follow, max-snippet:-1, max-image-preview:large, max-video-preview:-1\" \/>\n<link rel=\"canonical\" href=\"https:\/\/multi-mam.com\/pt\/sobre-multi-mam\/\" \/>\n<meta property=\"og:locale\" content=\"pt_PT\" \/>\n<meta property=\"og:type\" content=\"article\" \/>\n<meta property=\"og:title\" content=\"Sobre Multi-Mam - Multi-Mam\" \/>\n<meta property=\"og:description\" content=\"Criar um beb\u00ea \u00e9 incr\u00edvel e recompensador de in\u00fameras maneiras, mas os primeiros dias da maternidade e amamenta\u00e7\u00e3o tamb\u00e9m podem ser cansativos e dolorosos.\" \/>\n<meta property=\"og:url\" content=\"https:\/\/multi-mam.com\/pt\/sobre-multi-mam\/\" \/>\n<meta property=\"og:site_name\" content=\"Multi-Mam\" \/>\n<meta property=\"article:modified_time\" content=\"2023-05-31T06:33:09+00:00\" \/>\n<meta property=\"og:image\" content=\"https:\/\/multi-mam.com\/cdn-cgi\/image\/format=auto\/app\/uploads\/sites\/26\/2023\/04\/about-Multi-Mam.jpeg\" \/>\n<meta name=\"twitter:card\" content=\"summary_large_image\" \/>\n<meta name=\"twitter:label1\" content=\"Tempo estimado de leitura\" \/>\n\t<meta name=\"twitter:data1\" content=\"2 minutos\" \/>\n<script type=\"application\/ld+json\" class=\"yoast-schema-graph\">{\"@context\":\"https:\/\/schema.org\",\"@graph\":[{\"@type\":\"WebPage\",\"@id\":\"https:\/\/multi-mam.com\/pt\/sobre-multi-mam\/\",\"url\":\"https:\/\/multi-mam.com\/pt\/sobre-multi-mam\/\",\"name\":\"Sobre Multi-Mam - Multi-Mam\",\"isPartOf\":{\"@id\":\"https:\/\/multi-mam.com\/pt\/#website\"},\"primaryImageOfPage\":{\"@id\":\"https:\/\/multi-mam.com\/pt\/sobre-multi-mam\/#primaryimage\"},\"image\":{\"@id\":\"https:\/\/multi-mam.com\/pt\/sobre-multi-mam\/#primaryimage\"},\"thumbnailUrl\":\"https:\/\/multi-mam.com\/cdn-cgi\/image\/format=auto\/app\/uploads\/sites\/26\/2023\/04\/about-Multi-Mam.jpeg\",\"datePublished\":\"2023-04-18T06:17:19+00:00\",\"dateModified\":\"2023-05-31T06:33:09+00:00\",\"description\":\"Criar um beb\u00ea \u00e9 incr\u00edvel e recompensador de in\u00fameras maneiras, mas os primeiros dias da maternidade e amamenta\u00e7\u00e3o tamb\u00e9m podem ser cansativos e dolorosos.\",\"breadcrumb\":{\"@id\":\"https:\/\/multi-mam.com\/pt\/sobre-multi-mam\/#breadcrumb\"},\"inLanguage\":\"pt-PT\",\"potentialAction\":[{\"@type\":\"ReadAction\",\"target\":[\"https:\/\/multi-mam.com\/pt\/sobre-multi-mam\/\"]}]},{\"@type\":\"ImageObject\",\"inLanguage\":\"pt-PT\",\"@id\":\"https:\/\/multi-mam.com\/pt\/sobre-multi-mam\/#primaryimage\",\"url\":\"https:\/\/multi-mam.com\/cdn-cgi\/image\/format=auto\/app\/uploads\/sites\/26\/2023\/04\/about-Multi-Mam.jpeg\",\"contentUrl\":\"https:\/\/multi-mam.com\/cdn-cgi\/image\/format=auto\/app\/uploads\/sites\/26\/2023\/04\/about-Multi-Mam.jpeg\"},{\"@type\":\"BreadcrumbList\",\"@id\":\"https:\/\/multi-mam.com\/pt\/sobre-multi-mam\/#breadcrumb\",\"itemListElement\":[{\"@type\":\"ListItem\",\"position\":1,\"name\":\"Home\",\"item\":\"https:\/\/multi-mam.com\/pt\/\"},{\"@type\":\"ListItem\",\"position\":2,\"name\":\"Sobre Multi-Mam\"}]},{\"@type\":\"WebSite\",\"@id\":\"https:\/\/multi-mam.com\/pt\/#website\",\"url\":\"https:\/\/multi-mam.com\/pt\/\",\"name\":\"Multi-Mam\",\"description\":\"\",\"publisher\":{\"@id\":\"https:\/\/multi-mam.com\/pt\/#organization\"},\"potentialAction\":[{\"@type\":\"SearchAction\",\"target\":{\"@type\":\"EntryPoint\",\"urlTemplate\":\"https:\/\/multi-mam.com\/pt\/?s={search_term_string}\"},\"query-input\":{\"@type\":\"PropertyValueSpecification\",\"valueRequired\":true,\"valueName\":\"search_term_string\"}}],\"inLanguage\":\"pt-PT\"},{\"@type\":\"Organization\",\"@id\":\"https:\/\/multi-mam.com\/pt\/#organization\",\"name\":\"Multi-Mam\",\"url\":\"https:\/\/multi-mam.com\/pt\/\",\"logo\":{\"@type\":\"ImageObject\",\"inLanguage\":\"pt-PT\",\"@id\":\"https:\/\/multi-mam.com\/pt\/#\/schema\/logo\/image\/\",\"url\":\"https:\/\/multi-mam.com\/app\/uploads\/sites\/26\/2023\/04\/multi-mam-logotype.png\",\"contentUrl\":\"https:\/\/multi-mam.com\/app\/uploads\/sites\/26\/2023\/04\/multi-mam-logotype.png\",\"width\":70,\"height\":96,\"caption\":\"Multi-Mam\"},\"image\":{\"@id\":\"https:\/\/multi-mam.com\/pt\/#\/schema\/logo\/image\/\"}}]}<\/script>\n<!-- \/ Yoast SEO plugin. -->","yoast_head_json":{"title":"Sobre Multi-Mam - Multi-Mam","description":"Criar um beb\u00ea \u00e9 incr\u00edvel e recompensador de in\u00fameras maneiras, mas os primeiros dias da maternidade e amamenta\u00e7\u00e3o tamb\u00e9m podem ser cansativos e dolorosos.","robots":{"index":"index","follow":"follow","max-snippet":"max-snippet:-1","max-image-preview":"max-image-preview:large","max-video-preview":"max-video-preview:-1"},"canonical":"https:\/\/multi-mam.com\/pt\/sobre-multi-mam\/","og_locale":"pt_PT","og_type":"article","og_title":"Sobre Multi-Mam - Multi-Mam","og_description":"Criar um beb\u00ea \u00e9 incr\u00edvel e recompensador de in\u00fameras maneiras, mas os primeiros dias da maternidade e amamenta\u00e7\u00e3o tamb\u00e9m podem ser cansativos e dolorosos.","og_url":"https:\/\/multi-mam.com\/pt\/sobre-multi-mam\/","og_site_name":"Multi-Mam","article_modified_time":"2023-05-31T06:33:09+00:00","og_image":[{"url":"https:\/\/multi-mam.com\/cdn-cgi\/image\/format=auto\/app\/uploads\/sites\/26\/2023\/04\/about-Multi-Mam.jpeg","type":"","width":"","height":""}],"twitter_card":"summary_large_image","twitter_misc":{"Tempo estimado de leitura":"2 minutos"},"schema":{"@context":"https:\/\/schema.org","@graph":[{"@type":"WebPage","@id":"https:\/\/multi-mam.com\/pt\/sobre-multi-mam\/","url":"https:\/\/multi-mam.com\/pt\/sobre-multi-mam\/","name":"Sobre Multi-Mam - Multi-Mam","isPartOf":{"@id":"https:\/\/multi-mam.com\/pt\/#website"},"primaryImageOfPage":{"@id":"https:\/\/multi-mam.com\/pt\/sobre-multi-mam\/#primaryimage"},"image":{"@id":"https:\/\/multi-mam.com\/pt\/sobre-multi-mam\/#primaryimage"},"thumbnailUrl":"https:\/\/multi-mam.com\/cdn-cgi\/image\/format=auto\/app\/uploads\/sites\/26\/2023\/04\/about-Multi-Mam.jpeg","datePublished":"2023-04-18T06:17:19+00:00","dateModified":"2023-05-31T06:33:09+00:00","description":"Criar um beb\u00ea \u00e9 incr\u00edvel e recompensador de in\u00fameras maneiras, mas os primeiros dias da maternidade e amamenta\u00e7\u00e3o tamb\u00e9m podem ser cansativos e dolorosos.","breadcrumb":{"@id":"https:\/\/multi-mam.com\/pt\/sobre-multi-mam\/#breadcrumb"},"inLanguage":"pt-PT","potentialAction":[{"@type":"ReadAction","target":["https:\/\/multi-mam.com\/pt\/sobre-multi-mam\/"]}]},{"@type":"ImageObject","inLanguage":"pt-PT","@id":"https:\/\/multi-mam.com\/pt\/sobre-multi-mam\/#primaryimage","url":"https:\/\/multi-mam.com\/cdn-cgi\/image\/format=auto\/app\/uploads\/sites\/26\/2023\/04\/about-Multi-Mam.jpeg","contentUrl":"https:\/\/multi-mam.com\/cdn-cgi\/image\/format=auto\/app\/uploads\/sites\/26\/2023\/04\/about-Multi-Mam.jpeg"},{"@type":"BreadcrumbList","@id":"https:\/\/multi-mam.com\/pt\/sobre-multi-mam\/#breadcrumb","itemListElement":[{"@type":"ListItem","position":1,"name":"Home","item":"https:\/\/multi-mam.com\/pt\/"},{"@type":"ListItem","position":2,"name":"Sobre Multi-Mam"}]},{"@type":"WebSite","@id":"https:\/\/multi-mam.com\/pt\/#website","url":"https:\/\/multi-mam.com\/pt\/","name":"Multi-Mam","description":"","publisher":{"@id":"https:\/\/multi-mam.com\/pt\/#organization"},"potentialAction":[{"@type":"SearchAction","target":{"@type":"EntryPoint","urlTemplate":"https:\/\/multi-mam.com\/pt\/?s={search_term_string}"},"query-input":{"@type":"PropertyValueSpecification","valueRequired":true,"valueName":"search_term_string"}}],"inLanguage":"pt-PT"},{"@type":"Organization","@id":"https:\/\/multi-mam.com\/pt\/#organization","name":"Multi-Mam","url":"https:\/\/multi-mam.com\/pt\/","logo":{"@type":"ImageObject","inLanguage":"pt-PT","@id":"https:\/\/multi-mam.com\/pt\/#\/schema\/logo\/image\/","url":"https:\/\/multi-mam.com\/app\/uploads\/sites\/26\/2023\/04\/multi-mam-logotype.png","contentUrl":"https:\/\/multi-mam.com\/app\/uploads\/sites\/26\/2023\/04\/multi-mam-logotype.png","width":70,"height":96,"caption":"Multi-Mam"},"image":{"@id":"https:\/\/multi-mam.com\/pt\/#\/schema\/logo\/image\/"}}]}},"_links":{"self":[{"href":"https:\/\/multi-mam.com\/pt\/wp-json\/wp\/v2\/pages\/11","targetHints":{"allow":["GET"]}}],"collection":[{"href":"https:\/\/multi-mam.com\/pt\/wp-json\/wp\/v2\/pages"}],"about":[{"href":"https:\/\/multi-mam.com\/pt\/wp-json\/wp\/v2\/types\/page"}],"author":[{"embeddable":true,"href":"https:\/\/multi-mam.com\/pt\/wp-json\/wp\/v2\/users\/2"}],"replies":[{"embeddable":true,"href":"https:\/\/multi-mam.com\/pt\/wp-json\/wp\/v2\/comments?post=11"}],"version-history":[{"count":10,"href":"https:\/\/multi-mam.com\/pt\/wp-json\/wp\/v2\/pages\/11\/revisions"}],"predecessor-version":[{"id":350,"href":"https:\/\/multi-mam.com\/pt\/wp-json\/wp\/v2\/pages\/11\/revisions\/350"}],"wp:attachment":[{"href":"https:\/\/multi-mam.com\/pt\/wp-json\/wp\/v2\/media?parent=11"}],"wp:term":[{"taxonomy":"from-article-database","embeddable":true,"href":"https:\/\/multi-mam.com\/pt\/wp-json\/wp\/v2\/from-article-database?post=11"}],"curies":[{"name":"wp","href":"https:\/\/api.w.org\/{rel}","templated":true}]}}