{"id":109,"date":"2023-04-18T13:52:48","date_gmt":"2023-04-18T12:52:48","guid":{"rendered":"https:\/\/multi-mam.com\/pt\/?page_id=109"},"modified":"2023-04-19T09:53:45","modified_gmt":"2023-04-19T08:53:45","slug":"mastite","status":"publish","type":"page","link":"https:\/\/multi-mam.com\/pt\/artigos\/amamentacao\/mastite\/","title":{"rendered":"Mastite"},"content":{"rendered":"\n<div class=\"wp-block-karopharma-free-text pt-large pb-large bg-center bg-cover bg-no-repeat  is-style-primary\" style=\"background-image:url()\"><div class=\"free-text-wrapper container max-w-medium text-left\">\n<h1 class=\"wp-block-heading\">Mastite<\/h1>\n\n\n\n<p class=\"is-style-paragraph-preamble\">Cerca de 10% das m\u00e3es ir\u00e1 experienciar inflama\u00e7\u00e3o do peito, intitulada de mastite. Existem dois tipos de mastite, infeciosa e n\u00e3o infeciosa. Amamentar \u00e9 uma compet\u00eancia que se aprende, e uma t\u00e9cnica errada pode levar a que o leite fique preso no peito (causa principal de mastite).<\/p>\n<\/div><\/div>\n\n\n\n<div class=\"wp-block-karopharma-free-text pt-large pb-large bg-center bg-cover bg-no-repeat\" style=\"background-image:url()\"><div class=\"free-text-wrapper container max-w-medium text-left\">\n<p>Nas outras causas podemos incluir:<\/p>\n\n\n\n<ul class=\"is-style-default wp-block-list\"><li>Ducto de leite entupido. Se um peito n\u00e3o \u00e9 completamente esvaziado em cada sess\u00e3o, um dos ductos de leite pode ficar entupido, fazendo com que o leite volte para tr\u00e1s, o que leva a uma infe\u00e7\u00e3o no peito.<\/li><li>Bact\u00e9rias que entram pelo peito. As bact\u00e9rias da superf\u00edcie da sua pele e da boca do seu beb\u00e9 podem entrar pelos ductos de leite atrav\u00e9s de uma greta ou ferida na pele do seu mamilo ou atrav\u00e9s da abertura de um ducto de leite. O leite estagnado num peito que n\u00e3o \u00e9 retirado proporciona o terreno perfeito para as bact\u00e9rias. As propriedades antibacterianas do seu leite ajudam a proteger o seu beb\u00e9 da infe\u00e7\u00e3o.<\/li><\/ul>\n\n\n\n<p>Mastites acontecem mais frequentemente nos primeiros 6 meses de amamenta\u00e7\u00e3o e pode fazer com que fique bastante cansada. Em combina\u00e7\u00e3o com stress e exaust\u00e3o da tarefa de tomar conta do seu rec\u00e9m-nascido, poder\u00e1 sentir que foi atingida por um \u201ccomboio\u201d. Apesar disto poder\u00e1 ser bastante desconfort\u00e1vel. As mastites na maioria dos casos s\u00e3o f\u00e1ceis de tratar.<\/p>\n\n\n\n<h2 class=\"is-style-heading-h2 wp-block-heading\">Como reconhecer uma mastite<\/h2>\n\n\n\n<p>Os sintomas come\u00e7am geralmente num peito, poder\u00e1 sentir dor, ou reparar que os seus peitos ficam vermelhos, duros, inchados e quentes ao toque. Se sentir um n\u00f3dulo no seu peito, \u00e9 provavelmente devido a um ducto de leite bloqueado. Poder\u00e1 tamb\u00e9m experienciar sintomas id\u00eanticos \u00e0 gripe, como febre, dor de cabe\u00e7a, dor muscular e cansa\u00e7o.<\/p>\n\n\n\n<p>Se a dor come\u00e7ar a aumentar, se as gl\u00e2ndulas no seu pesco\u00e7o ou axilas incharem ou se tiver febre, consulte o seu m\u00e9dico para tratamento adequado.<\/p>\n\n\n\n<h2 class=\"is-style-heading-h2 wp-block-heading\">O que causa mastite?<\/h2>\n\n\n\n<p>A mastite \u00e9 frequentemente uma complica\u00e7\u00e3o do ingurgitamento, um entupimento de leite no peito. Isto acontece frequentemente nas primeiras semanas ap\u00f3s o parto, enquanto o beb\u00e9 ainda est\u00e1 a aprender a mamar, ou ent\u00e3o quando salta uma sess\u00e3o de amamenta\u00e7\u00e3o (ex: se volta ao trabalho, ou se viaja). Uma fraca suc\u00e7\u00e3o \u00e9 uma causa muito comum de ingurgitamento e consequentemente, de mastite, por isso assegure-se que o seu mamilo est\u00e1 posicionado corretamente na boca do seu beb\u00e9. Encoraje o seu beb\u00e9 a esvaziar os peitos completamente enquanto amamenta, para prevenir entupimento de leite. Comece uma nova sess\u00e3o de amamenta\u00e7\u00e3o com o peito que terminou na anterior, para se assegurar que ficou completamente vazio.<\/p>\n\n\n\n<p>Em vez de seguir um hor\u00e1rio de amamenta\u00e7\u00e3o com grandes paragens entre sess\u00f5es, que pode fazer com que o leite se acumule e cause inflama\u00e7\u00e3o no tecido mam\u00e1rio, amamente o seu filho sempre que reparar nos primeiros sinais de fome (fica mais atento, procura o peito, suga e mexe mais os l\u00e1bios). Uma boa amamenta\u00e7\u00e3o pode fazer milagres em rela\u00e7\u00e3o a protege-la de mastites e outros problemas desconfort\u00e1veis, como por exemplo mamilos doridos.<\/p>\n\n\n\n<p>Ter pele gretada nos mamilos \u00e9 uma porta aberta para micr\u00f3bios, \u00e9 assim que as bact\u00e9rias ou fungos conseguem entrar no tecido mam\u00e1rio e causar infe\u00e7\u00e3o. Uma boa suc\u00e7\u00e3o ir\u00e1 permitir que o seu beb\u00e9 mame sem lhe causar dor, mas se j\u00e1 se encontra com mamilos doridos e gretados, utilize compressas para mamilos que acelerem o processo de cura.<\/p>\n\n\n\n<p>Qualquer press\u00e3o constante nos seus peitos podem levar a mastite, isto significa que um soutien que n\u00e3o lhe sirva apropriadamente, roupa apertada, um cinto de seguran\u00e7a ou dormir de barriga para baixo, podem provocar inflama\u00e7\u00e3o.<\/p>\n\n\n\n<p>Dar ao seu beb\u00e9 uma chupeta ou biber\u00e3o antes de mamar foi identificado como outro potencial causador de mastite. Oferecer ao seu beb\u00e9 uma chupeta cedo demais pode levar a confus\u00e3o com o mamilo e faz com que o seu beb\u00e9 rejeite o peito, e por isso interrompe a rotina de amamenta\u00e7\u00e3o.<\/p>\n\n\n\n<h2 class=\"is-style-heading-h2 wp-block-heading\">Como tratar mastites<\/h2>\n\n\n\n<p>O seu medico ir\u00e1 provavelmente prescrever-lhe antibi\u00f3ticos, que s\u00e3o geralmente muito eficazes no tratamento da infe\u00e7\u00e3o, mas existem outras coisas que pode fazer em casa para obter al\u00edvio e acelerar a recupera\u00e7\u00e3o.<\/p>\n\n\n\n<p>N\u00e3o pare de amamentar durante o epis\u00f3dio de mastite, n\u00e3o ir\u00e1 prejudicar o seu beb\u00e9 e poder\u00e1 ajudar a aliviar a press\u00e3o no peito inflamada. Antes de amamentar, aplique um pano quente limpo por cima do peito afetado durante 10-15 minutos. Isto ir\u00e1 ajudar a relaxar o tecido e a libertar o fluxo de leite. Uma massagem suave antes e durante a amamenta\u00e7\u00e3o pode tamb\u00e9m ajudar com o fluxo de leite.<\/p>\n\n\n\n<p>Fale com o seu m\u00e9dico, caso necessite de mais al\u00edvio da dor.<\/p>\n<\/div><\/div>\n","protected":false},"excerpt":{"rendered":"","protected":false},"author":2,"featured_media":0,"parent":76,"menu_order":15,"comment_status":"closed","ping_status":"closed","template":"","meta":{"_acf_changed":false,"footnotes":""},"from-article-database":[],"class_list":["post-109","page","type-page","status-publish","hentry"],"acf":[],"yoast_head":"<!-- This site is optimized with the Yoast SEO plugin v26.6 - https:\/\/yoast.com\/wordpress\/plugins\/seo\/ -->\n<title>Mastite - Multi-Mam<\/title>\n<meta name=\"description\" content=\"Amamentar \u00e9 uma compet\u00eancia que se aprende, e uma t\u00e9cnica errada pode levar a que o leite fique preso no peito (causa principal de mastite).\" \/>\n<meta name=\"robots\" content=\"index, follow, max-snippet:-1, max-image-preview:large, max-video-preview:-1\" \/>\n<link rel=\"canonical\" href=\"https:\/\/multi-mam.com\/pt\/artigos\/amamentacao\/mastite\/\" \/>\n<meta property=\"og:locale\" content=\"pt_PT\" \/>\n<meta property=\"og:type\" content=\"article\" \/>\n<meta property=\"og:title\" content=\"Mastite - Multi-Mam\" \/>\n<meta property=\"og:description\" content=\"Amamentar \u00e9 uma compet\u00eancia que se aprende, e uma t\u00e9cnica errada pode levar a que o leite fique preso no peito (causa principal de mastite).\" \/>\n<meta property=\"og:url\" content=\"https:\/\/multi-mam.com\/pt\/artigos\/amamentacao\/mastite\/\" \/>\n<meta property=\"og:site_name\" content=\"Multi-Mam\" \/>\n<meta property=\"article:modified_time\" content=\"2023-04-19T08:53:45+00:00\" \/>\n<meta name=\"twitter:card\" content=\"summary_large_image\" \/>\n<meta name=\"twitter:label1\" content=\"Tempo estimado de leitura\" \/>\n\t<meta name=\"twitter:data1\" content=\"5 minutos\" \/>\n<script type=\"application\/ld+json\" class=\"yoast-schema-graph\">{\"@context\":\"https:\/\/schema.org\",\"@graph\":[{\"@type\":\"WebPage\",\"@id\":\"https:\/\/multi-mam.com\/pt\/artigos\/amamentacao\/mastite\/\",\"url\":\"https:\/\/multi-mam.com\/pt\/artigos\/amamentacao\/mastite\/\",\"name\":\"Mastite - Multi-Mam\",\"isPartOf\":{\"@id\":\"https:\/\/multi-mam.com\/pt\/#website\"},\"datePublished\":\"2023-04-18T12:52:48+00:00\",\"dateModified\":\"2023-04-19T08:53:45+00:00\",\"description\":\"Amamentar \u00e9 uma compet\u00eancia que se aprende, e uma t\u00e9cnica errada pode levar a que o leite fique preso no peito (causa principal de mastite).\",\"breadcrumb\":{\"@id\":\"https:\/\/multi-mam.com\/pt\/artigos\/amamentacao\/mastite\/#breadcrumb\"},\"inLanguage\":\"pt-PT\",\"potentialAction\":[{\"@type\":\"ReadAction\",\"target\":[\"https:\/\/multi-mam.com\/pt\/artigos\/amamentacao\/mastite\/\"]}]},{\"@type\":\"BreadcrumbList\",\"@id\":\"https:\/\/multi-mam.com\/pt\/artigos\/amamentacao\/mastite\/#breadcrumb\",\"itemListElement\":[{\"@type\":\"ListItem\",\"position\":1,\"name\":\"Home\",\"item\":\"https:\/\/multi-mam.com\/pt\/\"},{\"@type\":\"ListItem\",\"position\":2,\"name\":\"Artigos\",\"item\":\"https:\/\/multi-mam.com\/pt\/artigos\/\"},{\"@type\":\"ListItem\",\"position\":3,\"name\":\"Amamenta\u00e7\u00e3o\",\"item\":\"https:\/\/multi-mam.com\/pt\/artigos\/amamentacao\/\"},{\"@type\":\"ListItem\",\"position\":4,\"name\":\"Mastite\"}]},{\"@type\":\"WebSite\",\"@id\":\"https:\/\/multi-mam.com\/pt\/#website\",\"url\":\"https:\/\/multi-mam.com\/pt\/\",\"name\":\"Multi-Mam\",\"description\":\"\",\"publisher\":{\"@id\":\"https:\/\/multi-mam.com\/pt\/#organization\"},\"potentialAction\":[{\"@type\":\"SearchAction\",\"target\":{\"@type\":\"EntryPoint\",\"urlTemplate\":\"https:\/\/multi-mam.com\/pt\/?s={search_term_string}\"},\"query-input\":{\"@type\":\"PropertyValueSpecification\",\"valueRequired\":true,\"valueName\":\"search_term_string\"}}],\"inLanguage\":\"pt-PT\"},{\"@type\":\"Organization\",\"@id\":\"https:\/\/multi-mam.com\/pt\/#organization\",\"name\":\"Multi-Mam\",\"url\":\"https:\/\/multi-mam.com\/pt\/\",\"logo\":{\"@type\":\"ImageObject\",\"inLanguage\":\"pt-PT\",\"@id\":\"https:\/\/multi-mam.com\/pt\/#\/schema\/logo\/image\/\",\"url\":\"https:\/\/multi-mam.com\/app\/uploads\/sites\/26\/2023\/04\/multi-mam-logotype.png\",\"contentUrl\":\"https:\/\/multi-mam.com\/app\/uploads\/sites\/26\/2023\/04\/multi-mam-logotype.png\",\"width\":70,\"height\":96,\"caption\":\"Multi-Mam\"},\"image\":{\"@id\":\"https:\/\/multi-mam.com\/pt\/#\/schema\/logo\/image\/\"}}]}<\/script>\n<!-- \/ Yoast SEO plugin. -->","yoast_head_json":{"title":"Mastite - Multi-Mam","description":"Amamentar \u00e9 uma compet\u00eancia que se aprende, e uma t\u00e9cnica errada pode levar a que o leite fique preso no peito (causa principal de mastite).","robots":{"index":"index","follow":"follow","max-snippet":"max-snippet:-1","max-image-preview":"max-image-preview:large","max-video-preview":"max-video-preview:-1"},"canonical":"https:\/\/multi-mam.com\/pt\/artigos\/amamentacao\/mastite\/","og_locale":"pt_PT","og_type":"article","og_title":"Mastite - Multi-Mam","og_description":"Amamentar \u00e9 uma compet\u00eancia que se aprende, e uma t\u00e9cnica errada pode levar a que o leite fique preso no peito (causa principal de mastite).","og_url":"https:\/\/multi-mam.com\/pt\/artigos\/amamentacao\/mastite\/","og_site_name":"Multi-Mam","article_modified_time":"2023-04-19T08:53:45+00:00","twitter_card":"summary_large_image","twitter_misc":{"Tempo estimado de leitura":"5 minutos"},"schema":{"@context":"https:\/\/schema.org","@graph":[{"@type":"WebPage","@id":"https:\/\/multi-mam.com\/pt\/artigos\/amamentacao\/mastite\/","url":"https:\/\/multi-mam.com\/pt\/artigos\/amamentacao\/mastite\/","name":"Mastite - Multi-Mam","isPartOf":{"@id":"https:\/\/multi-mam.com\/pt\/#website"},"datePublished":"2023-04-18T12:52:48+00:00","dateModified":"2023-04-19T08:53:45+00:00","description":"Amamentar \u00e9 uma compet\u00eancia que se aprende, e uma t\u00e9cnica errada pode levar a que o leite fique preso no peito (causa principal de mastite).","breadcrumb":{"@id":"https:\/\/multi-mam.com\/pt\/artigos\/amamentacao\/mastite\/#breadcrumb"},"inLanguage":"pt-PT","potentialAction":[{"@type":"ReadAction","target":["https:\/\/multi-mam.com\/pt\/artigos\/amamentacao\/mastite\/"]}]},{"@type":"BreadcrumbList","@id":"https:\/\/multi-mam.com\/pt\/artigos\/amamentacao\/mastite\/#breadcrumb","itemListElement":[{"@type":"ListItem","position":1,"name":"Home","item":"https:\/\/multi-mam.com\/pt\/"},{"@type":"ListItem","position":2,"name":"Artigos","item":"https:\/\/multi-mam.com\/pt\/artigos\/"},{"@type":"ListItem","position":3,"name":"Amamenta\u00e7\u00e3o","item":"https:\/\/multi-mam.com\/pt\/artigos\/amamentacao\/"},{"@type":"ListItem","position":4,"name":"Mastite"}]},{"@type":"WebSite","@id":"https:\/\/multi-mam.com\/pt\/#website","url":"https:\/\/multi-mam.com\/pt\/","name":"Multi-Mam","description":"","publisher":{"@id":"https:\/\/multi-mam.com\/pt\/#organization"},"potentialAction":[{"@type":"SearchAction","target":{"@type":"EntryPoint","urlTemplate":"https:\/\/multi-mam.com\/pt\/?s={search_term_string}"},"query-input":{"@type":"PropertyValueSpecification","valueRequired":true,"valueName":"search_term_string"}}],"inLanguage":"pt-PT"},{"@type":"Organization","@id":"https:\/\/multi-mam.com\/pt\/#organization","name":"Multi-Mam","url":"https:\/\/multi-mam.com\/pt\/","logo":{"@type":"ImageObject","inLanguage":"pt-PT","@id":"https:\/\/multi-mam.com\/pt\/#\/schema\/logo\/image\/","url":"https:\/\/multi-mam.com\/app\/uploads\/sites\/26\/2023\/04\/multi-mam-logotype.png","contentUrl":"https:\/\/multi-mam.com\/app\/uploads\/sites\/26\/2023\/04\/multi-mam-logotype.png","width":70,"height":96,"caption":"Multi-Mam"},"image":{"@id":"https:\/\/multi-mam.com\/pt\/#\/schema\/logo\/image\/"}}]}},"_links":{"self":[{"href":"https:\/\/multi-mam.com\/pt\/wp-json\/wp\/v2\/pages\/109","targetHints":{"allow":["GET"]}}],"collection":[{"href":"https:\/\/multi-mam.com\/pt\/wp-json\/wp\/v2\/pages"}],"about":[{"href":"https:\/\/multi-mam.com\/pt\/wp-json\/wp\/v2\/types\/page"}],"author":[{"embeddable":true,"href":"https:\/\/multi-mam.com\/pt\/wp-json\/wp\/v2\/users\/2"}],"replies":[{"embeddable":true,"href":"https:\/\/multi-mam.com\/pt\/wp-json\/wp\/v2\/comments?post=109"}],"version-history":[{"count":3,"href":"https:\/\/multi-mam.com\/pt\/wp-json\/wp\/v2\/pages\/109\/revisions"}],"predecessor-version":[{"id":230,"href":"https:\/\/multi-mam.com\/pt\/wp-json\/wp\/v2\/pages\/109\/revisions\/230"}],"up":[{"embeddable":true,"href":"https:\/\/multi-mam.com\/pt\/wp-json\/wp\/v2\/pages\/76"}],"wp:attachment":[{"href":"https:\/\/multi-mam.com\/pt\/wp-json\/wp\/v2\/media?parent=109"}],"wp:term":[{"taxonomy":"from-article-database","embeddable":true,"href":"https:\/\/multi-mam.com\/pt\/wp-json\/wp\/v2\/from-article-database?post=109"}],"curies":[{"name":"wp","href":"https:\/\/api.w.org\/{rel}","templated":true}]}}