{"id":107,"date":"2023-04-18T13:52:25","date_gmt":"2023-04-18T12:52:25","guid":{"rendered":"https:\/\/multi-mam.com\/pt\/?page_id=107"},"modified":"2023-04-19T09:50:48","modified_gmt":"2023-04-19T08:50:48","slug":"problemas-de-lactacao","status":"publish","type":"page","link":"https:\/\/multi-mam.com\/pt\/artigos\/amamentacao\/problemas-de-lactacao\/","title":{"rendered":"Problemas de Lacta\u00e7\u00e3o"},"content":{"rendered":"\n<div class=\"wp-block-karopharma-free-text pt-large pb-large bg-center bg-cover bg-no-repeat  is-style-primary\" style=\"background-image:url()\"><div class=\"free-text-wrapper container max-w-medium text-left\">\n<h1 class=\"wp-block-heading\">Problemas de Lacta\u00e7\u00e3o<\/h1>\n\n\n\n<p class=\"is-style-paragraph-preamble\">Uma boa suc\u00e7\u00e3o do leite \u00e9 necess\u00e1ria para uma amamenta\u00e7\u00e3o de sucesso e sem dor. O termo sugar o leite, significa a forma de pegar no mamilo pelo seu beb\u00e9 e a aur\u00e9ola dentro da sua boca. Uma boa t\u00e9cnica de suc\u00e7\u00e3o significa que o seu beb\u00e9 consegue receber uma quantidade de leite suficiente e os seus mamilos est\u00e3o protegidos de ficarem doridos e gretados. Uma fraca amamenta\u00e7\u00e3o pode levar a uma redu\u00e7\u00e3o na produ\u00e7\u00e3o de leite materno e o seu beb\u00e9 n\u00e3o ganhar o peso suficiente tao rapidamente quanto o desejado. Problemas de amamenta\u00e7\u00e3o acontecem frequentemente e s\u00e3o muito comuns e extremamente importantes, para que o beb\u00e9 possa receber o leite o mais depressa poss\u00edvel (preferencialmente durante a primeira hora ap\u00f3s o parto) e para combater algum problema que surja durante o percurso.<\/p>\n<\/div><\/div>\n\n\n\n<div class=\"wp-block-karopharma-free-text pt-large pb-large bg-center bg-cover bg-no-repeat\" style=\"background-image:url()\"><div class=\"free-text-wrapper container max-w-medium text-left\">\n<h2 class=\"is-style-heading-h2 wp-block-heading\">Como reconhecer uma boa t\u00e9cnica de suc\u00e7\u00e3o<\/h2>\n\n\n\n<p>Quando o beb\u00e9 suga corretamente, o mamilo e a aur\u00e9ola circundante est\u00e3o completamente dentro da sua boca, com o mamilo posicionado perto da zona de tr\u00e1s da boca do beb\u00e9. A l\u00edngua do beb\u00e9 cobre a ponta dos dentes, protegendo o mamilo de eventuais danos. Por isso dizemos que a amamenta\u00e7\u00e3o pode ser menos desconfort\u00e1vel no in\u00edcio, desde que a suc\u00e7\u00e3o correta seja aplicada, e assim n\u00e3o provocar dor.<\/p>\n\n\n\n<p>Outros sinais de uma boa suc\u00e7\u00e3o incluem uma ligeira sensa\u00e7\u00e3o de puxar o peito e conseguir observar o seu beb\u00e9 a engolir o leite. Adicionalmente, se n\u00e3o tem dores e se o seu beb\u00e9 est\u00e1 a ganhar peso suficiente, existem grandes hip\u00f3teses de ter a amamenta\u00e7\u00e3o sobre controlo.<\/p>\n\n\n\n<p>Uma fraca suc\u00e7\u00e3o deve ser interrompida. Passe o seu dedo gentilmente entre os l\u00e1bios do seu beb\u00e9, pelo canto da sua boca e abra espa\u00e7o para que o seu mamilo saia para o exterior. Assim que a suc\u00e7\u00e3o tenha sido interrompida, tente novamente.<\/p>\n\n\n\n<figure class=\"wp-block-image size-full\"><img loading=\"lazy\" decoding=\"async\" width=\"317\" height=\"105\" src=\"https:\/\/multi-mam.com\/app\/uploads\/sites\/26\/2023\/04\/problemas-de-lactacao1.png\" alt=\"como travar corretamente\" class=\"wp-image-227\"\/><\/figure>\n\n\n\n<h2 class=\"is-style-heading-h2 wp-block-heading\">Como ajudar o seu beb\u00e9 a sugar corretamente<\/h2>\n\n\n\n<p>Amamentar leva algum tempo, por isso assegure-se que se posiciona corretamente. Pode sentar-se numa posi\u00e7\u00e3o inclinada ou deitar-se, coloque-se na posi\u00e7\u00e3o que seja melhor para si. Tenha um conjunto de almofadas que proporcionem suporte \u00e0s suas costas, cabe\u00e7a ou posicione-as no meio dos seus joelhos. Se poss\u00edvel, d\u00ea de mamar num quarto sossegado e escuro com as m\u00ednimas distra\u00e7\u00f5es. Isto ir\u00e1 ajudar a ambos, e o seu beb\u00e9 ir\u00e1 relaxar e facilmente come\u00e7ar a mamar. Contudo, o seu beb\u00e9 n\u00e3o deve ser completamente relaxado ao ponto de adormecer. Acorde o seu beb\u00e9 e gentilmente toque nos seus p\u00e9s ou mexa as suas pernas.<\/p>\n\n\n\n<p>Existem diversas posi\u00e7\u00f5es que pode utilizar para uma boa suc\u00e7\u00e3o. Aconchegue o beb\u00e9 nos seus bra\u00e7os enquanto ele se encontra deitado \u00e0 sua frente, segure-o debaixo do bra\u00e7o como uma bola de futebol, ou coloque-o deitado perto de si na cama. Qualquer que seja a posi\u00e7\u00e3o indicada para si, as orienta\u00e7\u00f5es s\u00e3o as mesmas. A cabe\u00e7a e corpo do beb\u00e9 devem estar viradas para o seu peito e encostadas perto do seu corpo. A cabe\u00e7a do beb\u00e9 deve estar ao mesmo n\u00edvel do mamilo, para que n\u00e3o necessite de o puxar para o alcan\u00e7ar.<\/p>\n\n\n\n<p>De seguida, segure o seu peito na m\u00e3o e esprema-o ligeiramente para sa\u00edrem algumas gotas de leite. O leite materno \u00e9 uma excelente forma de proteger o mamilo de danos e gretas, mas ir\u00e1 tamb\u00e9m servir como sinal para que o seu beb\u00e9 abra a boca e aceite o mamilo. Use a sua m\u00e3o para direcionar o mamilo na parte de tr\u00e1s da boca do seu beb\u00e9 e antes que este feche a boca, puxe-o para perto de si. O queixo do beb\u00e9 deve estar pressionado contra o peito, com o nariz ligeiramente afastado, para que a respira\u00e7\u00e3o n\u00e3o seja perturbada.<\/p>\n\n\n\n<p>Se est\u00e1 com problemas com a suc\u00e7\u00e3o, n\u00e3o hesite em procurar ajuda. Fale com o seu m\u00e9dico, consultora de amamenta\u00e7\u00e3o, amigo ou familiar que tenha experi\u00eancia com amamenta\u00e7\u00e3o.<\/p>\n\n\n\n<figure class=\"wp-block-image size-full\"><img loading=\"lazy\" decoding=\"async\" width=\"380\" height=\"120\" src=\"https:\/\/multi-mam.com\/app\/uploads\/sites\/26\/2023\/04\/problemas-de-lactacao2.png\" alt=\"amamenta\u00e7\u00e3o\" class=\"wp-image-226\" srcset=\"https:\/\/multi-mam.com\/app\/uploads\/sites\/26\/2023\/04\/problemas-de-lactacao2.png 380w, https:\/\/multi-mam.com\/app\/uploads\/sites\/26\/2023\/04\/problemas-de-lactacao2-320x101.png 320w\" sizes=\"auto, (max-width: 380px) 100vw, 380px\" \/><\/figure>\n<\/div><\/div>\n","protected":false},"excerpt":{"rendered":"","protected":false},"author":2,"featured_media":0,"parent":76,"menu_order":14,"comment_status":"closed","ping_status":"closed","template":"","meta":{"_acf_changed":false,"footnotes":""},"from-article-database":[],"class_list":["post-107","page","type-page","status-publish","hentry"],"acf":[],"yoast_head":"<!-- This site is optimized with the Yoast SEO plugin v26.6 - https:\/\/yoast.com\/wordpress\/plugins\/seo\/ -->\n<title>Problemas de Lacta\u00e7\u00e3o - Multi-Mam<\/title>\n<meta name=\"description\" content=\"Uma boa t\u00e9cnica de suc\u00e7\u00e3o significa que o seu beb\u00e9 consegue receber uma quantidade de leite suficiente e os seus mamilos est\u00e3o protegidos de ficarem doridos e gretados.\" \/>\n<meta name=\"robots\" content=\"index, follow, max-snippet:-1, max-image-preview:large, max-video-preview:-1\" \/>\n<link rel=\"canonical\" href=\"https:\/\/multi-mam.com\/pt\/artigos\/amamentacao\/problemas-de-lactacao\/\" \/>\n<meta property=\"og:locale\" content=\"pt_PT\" \/>\n<meta property=\"og:type\" content=\"article\" \/>\n<meta property=\"og:title\" content=\"Problemas de Lacta\u00e7\u00e3o - Multi-Mam\" \/>\n<meta property=\"og:description\" content=\"Uma boa t\u00e9cnica de suc\u00e7\u00e3o significa que o seu beb\u00e9 consegue receber uma quantidade de leite suficiente e os seus mamilos est\u00e3o protegidos de ficarem doridos e gretados.\" \/>\n<meta property=\"og:url\" content=\"https:\/\/multi-mam.com\/pt\/artigos\/amamentacao\/problemas-de-lactacao\/\" \/>\n<meta property=\"og:site_name\" content=\"Multi-Mam\" \/>\n<meta property=\"article:modified_time\" content=\"2023-04-19T08:50:48+00:00\" \/>\n<meta property=\"og:image\" content=\"https:\/\/multi-mam.com\/app\/uploads\/sites\/26\/2023\/04\/problemas-de-lactacao1.png\" \/>\n<meta name=\"twitter:card\" content=\"summary_large_image\" \/>\n<meta name=\"twitter:label1\" content=\"Tempo estimado de leitura\" \/>\n\t<meta name=\"twitter:data1\" content=\"4 minutos\" \/>\n<script type=\"application\/ld+json\" class=\"yoast-schema-graph\">{\"@context\":\"https:\/\/schema.org\",\"@graph\":[{\"@type\":\"WebPage\",\"@id\":\"https:\/\/multi-mam.com\/pt\/artigos\/amamentacao\/problemas-de-lactacao\/\",\"url\":\"https:\/\/multi-mam.com\/pt\/artigos\/amamentacao\/problemas-de-lactacao\/\",\"name\":\"Problemas de Lacta\u00e7\u00e3o - Multi-Mam\",\"isPartOf\":{\"@id\":\"https:\/\/multi-mam.com\/pt\/#website\"},\"primaryImageOfPage\":{\"@id\":\"https:\/\/multi-mam.com\/pt\/artigos\/amamentacao\/problemas-de-lactacao\/#primaryimage\"},\"image\":{\"@id\":\"https:\/\/multi-mam.com\/pt\/artigos\/amamentacao\/problemas-de-lactacao\/#primaryimage\"},\"thumbnailUrl\":\"https:\/\/multi-mam.com\/app\/uploads\/sites\/26\/2023\/04\/problemas-de-lactacao1.png\",\"datePublished\":\"2023-04-18T12:52:25+00:00\",\"dateModified\":\"2023-04-19T08:50:48+00:00\",\"description\":\"Uma boa t\u00e9cnica de suc\u00e7\u00e3o significa que o seu beb\u00e9 consegue receber uma quantidade de leite suficiente e os seus mamilos est\u00e3o protegidos de ficarem doridos e gretados.\",\"breadcrumb\":{\"@id\":\"https:\/\/multi-mam.com\/pt\/artigos\/amamentacao\/problemas-de-lactacao\/#breadcrumb\"},\"inLanguage\":\"pt-PT\",\"potentialAction\":[{\"@type\":\"ReadAction\",\"target\":[\"https:\/\/multi-mam.com\/pt\/artigos\/amamentacao\/problemas-de-lactacao\/\"]}]},{\"@type\":\"ImageObject\",\"inLanguage\":\"pt-PT\",\"@id\":\"https:\/\/multi-mam.com\/pt\/artigos\/amamentacao\/problemas-de-lactacao\/#primaryimage\",\"url\":\"https:\/\/multi-mam.com\/app\/uploads\/sites\/26\/2023\/04\/problemas-de-lactacao1.png\",\"contentUrl\":\"https:\/\/multi-mam.com\/app\/uploads\/sites\/26\/2023\/04\/problemas-de-lactacao1.png\"},{\"@type\":\"BreadcrumbList\",\"@id\":\"https:\/\/multi-mam.com\/pt\/artigos\/amamentacao\/problemas-de-lactacao\/#breadcrumb\",\"itemListElement\":[{\"@type\":\"ListItem\",\"position\":1,\"name\":\"Home\",\"item\":\"https:\/\/multi-mam.com\/pt\/\"},{\"@type\":\"ListItem\",\"position\":2,\"name\":\"Artigos\",\"item\":\"https:\/\/multi-mam.com\/pt\/artigos\/\"},{\"@type\":\"ListItem\",\"position\":3,\"name\":\"Amamenta\u00e7\u00e3o\",\"item\":\"https:\/\/multi-mam.com\/pt\/artigos\/amamentacao\/\"},{\"@type\":\"ListItem\",\"position\":4,\"name\":\"Problemas de Lacta\u00e7\u00e3o\"}]},{\"@type\":\"WebSite\",\"@id\":\"https:\/\/multi-mam.com\/pt\/#website\",\"url\":\"https:\/\/multi-mam.com\/pt\/\",\"name\":\"Multi-Mam\",\"description\":\"\",\"publisher\":{\"@id\":\"https:\/\/multi-mam.com\/pt\/#organization\"},\"potentialAction\":[{\"@type\":\"SearchAction\",\"target\":{\"@type\":\"EntryPoint\",\"urlTemplate\":\"https:\/\/multi-mam.com\/pt\/?s={search_term_string}\"},\"query-input\":{\"@type\":\"PropertyValueSpecification\",\"valueRequired\":true,\"valueName\":\"search_term_string\"}}],\"inLanguage\":\"pt-PT\"},{\"@type\":\"Organization\",\"@id\":\"https:\/\/multi-mam.com\/pt\/#organization\",\"name\":\"Multi-Mam\",\"url\":\"https:\/\/multi-mam.com\/pt\/\",\"logo\":{\"@type\":\"ImageObject\",\"inLanguage\":\"pt-PT\",\"@id\":\"https:\/\/multi-mam.com\/pt\/#\/schema\/logo\/image\/\",\"url\":\"https:\/\/multi-mam.com\/app\/uploads\/sites\/26\/2023\/04\/multi-mam-logotype.png\",\"contentUrl\":\"https:\/\/multi-mam.com\/app\/uploads\/sites\/26\/2023\/04\/multi-mam-logotype.png\",\"width\":70,\"height\":96,\"caption\":\"Multi-Mam\"},\"image\":{\"@id\":\"https:\/\/multi-mam.com\/pt\/#\/schema\/logo\/image\/\"}}]}<\/script>\n<!-- \/ Yoast SEO plugin. -->","yoast_head_json":{"title":"Problemas de Lacta\u00e7\u00e3o - Multi-Mam","description":"Uma boa t\u00e9cnica de suc\u00e7\u00e3o significa que o seu beb\u00e9 consegue receber uma quantidade de leite suficiente e os seus mamilos est\u00e3o protegidos de ficarem doridos e gretados.","robots":{"index":"index","follow":"follow","max-snippet":"max-snippet:-1","max-image-preview":"max-image-preview:large","max-video-preview":"max-video-preview:-1"},"canonical":"https:\/\/multi-mam.com\/pt\/artigos\/amamentacao\/problemas-de-lactacao\/","og_locale":"pt_PT","og_type":"article","og_title":"Problemas de Lacta\u00e7\u00e3o - Multi-Mam","og_description":"Uma boa t\u00e9cnica de suc\u00e7\u00e3o significa que o seu beb\u00e9 consegue receber uma quantidade de leite suficiente e os seus mamilos est\u00e3o protegidos de ficarem doridos e gretados.","og_url":"https:\/\/multi-mam.com\/pt\/artigos\/amamentacao\/problemas-de-lactacao\/","og_site_name":"Multi-Mam","article_modified_time":"2023-04-19T08:50:48+00:00","og_image":[{"url":"https:\/\/multi-mam.com\/app\/uploads\/sites\/26\/2023\/04\/problemas-de-lactacao1.png","type":"","width":"","height":""}],"twitter_card":"summary_large_image","twitter_misc":{"Tempo estimado de leitura":"4 minutos"},"schema":{"@context":"https:\/\/schema.org","@graph":[{"@type":"WebPage","@id":"https:\/\/multi-mam.com\/pt\/artigos\/amamentacao\/problemas-de-lactacao\/","url":"https:\/\/multi-mam.com\/pt\/artigos\/amamentacao\/problemas-de-lactacao\/","name":"Problemas de Lacta\u00e7\u00e3o - Multi-Mam","isPartOf":{"@id":"https:\/\/multi-mam.com\/pt\/#website"},"primaryImageOfPage":{"@id":"https:\/\/multi-mam.com\/pt\/artigos\/amamentacao\/problemas-de-lactacao\/#primaryimage"},"image":{"@id":"https:\/\/multi-mam.com\/pt\/artigos\/amamentacao\/problemas-de-lactacao\/#primaryimage"},"thumbnailUrl":"https:\/\/multi-mam.com\/app\/uploads\/sites\/26\/2023\/04\/problemas-de-lactacao1.png","datePublished":"2023-04-18T12:52:25+00:00","dateModified":"2023-04-19T08:50:48+00:00","description":"Uma boa t\u00e9cnica de suc\u00e7\u00e3o significa que o seu beb\u00e9 consegue receber uma quantidade de leite suficiente e os seus mamilos est\u00e3o protegidos de ficarem doridos e gretados.","breadcrumb":{"@id":"https:\/\/multi-mam.com\/pt\/artigos\/amamentacao\/problemas-de-lactacao\/#breadcrumb"},"inLanguage":"pt-PT","potentialAction":[{"@type":"ReadAction","target":["https:\/\/multi-mam.com\/pt\/artigos\/amamentacao\/problemas-de-lactacao\/"]}]},{"@type":"ImageObject","inLanguage":"pt-PT","@id":"https:\/\/multi-mam.com\/pt\/artigos\/amamentacao\/problemas-de-lactacao\/#primaryimage","url":"https:\/\/multi-mam.com\/app\/uploads\/sites\/26\/2023\/04\/problemas-de-lactacao1.png","contentUrl":"https:\/\/multi-mam.com\/app\/uploads\/sites\/26\/2023\/04\/problemas-de-lactacao1.png"},{"@type":"BreadcrumbList","@id":"https:\/\/multi-mam.com\/pt\/artigos\/amamentacao\/problemas-de-lactacao\/#breadcrumb","itemListElement":[{"@type":"ListItem","position":1,"name":"Home","item":"https:\/\/multi-mam.com\/pt\/"},{"@type":"ListItem","position":2,"name":"Artigos","item":"https:\/\/multi-mam.com\/pt\/artigos\/"},{"@type":"ListItem","position":3,"name":"Amamenta\u00e7\u00e3o","item":"https:\/\/multi-mam.com\/pt\/artigos\/amamentacao\/"},{"@type":"ListItem","position":4,"name":"Problemas de Lacta\u00e7\u00e3o"}]},{"@type":"WebSite","@id":"https:\/\/multi-mam.com\/pt\/#website","url":"https:\/\/multi-mam.com\/pt\/","name":"Multi-Mam","description":"","publisher":{"@id":"https:\/\/multi-mam.com\/pt\/#organization"},"potentialAction":[{"@type":"SearchAction","target":{"@type":"EntryPoint","urlTemplate":"https:\/\/multi-mam.com\/pt\/?s={search_term_string}"},"query-input":{"@type":"PropertyValueSpecification","valueRequired":true,"valueName":"search_term_string"}}],"inLanguage":"pt-PT"},{"@type":"Organization","@id":"https:\/\/multi-mam.com\/pt\/#organization","name":"Multi-Mam","url":"https:\/\/multi-mam.com\/pt\/","logo":{"@type":"ImageObject","inLanguage":"pt-PT","@id":"https:\/\/multi-mam.com\/pt\/#\/schema\/logo\/image\/","url":"https:\/\/multi-mam.com\/app\/uploads\/sites\/26\/2023\/04\/multi-mam-logotype.png","contentUrl":"https:\/\/multi-mam.com\/app\/uploads\/sites\/26\/2023\/04\/multi-mam-logotype.png","width":70,"height":96,"caption":"Multi-Mam"},"image":{"@id":"https:\/\/multi-mam.com\/pt\/#\/schema\/logo\/image\/"}}]}},"_links":{"self":[{"href":"https:\/\/multi-mam.com\/pt\/wp-json\/wp\/v2\/pages\/107","targetHints":{"allow":["GET"]}}],"collection":[{"href":"https:\/\/multi-mam.com\/pt\/wp-json\/wp\/v2\/pages"}],"about":[{"href":"https:\/\/multi-mam.com\/pt\/wp-json\/wp\/v2\/types\/page"}],"author":[{"embeddable":true,"href":"https:\/\/multi-mam.com\/pt\/wp-json\/wp\/v2\/users\/2"}],"replies":[{"embeddable":true,"href":"https:\/\/multi-mam.com\/pt\/wp-json\/wp\/v2\/comments?post=107"}],"version-history":[{"count":2,"href":"https:\/\/multi-mam.com\/pt\/wp-json\/wp\/v2\/pages\/107\/revisions"}],"predecessor-version":[{"id":228,"href":"https:\/\/multi-mam.com\/pt\/wp-json\/wp\/v2\/pages\/107\/revisions\/228"}],"up":[{"embeddable":true,"href":"https:\/\/multi-mam.com\/pt\/wp-json\/wp\/v2\/pages\/76"}],"wp:attachment":[{"href":"https:\/\/multi-mam.com\/pt\/wp-json\/wp\/v2\/media?parent=107"}],"wp:term":[{"taxonomy":"from-article-database","embeddable":true,"href":"https:\/\/multi-mam.com\/pt\/wp-json\/wp\/v2\/from-article-database?post=107"}],"curies":[{"name":"wp","href":"https:\/\/api.w.org\/{rel}","templated":true}]}}