{"id":105,"date":"2023-04-18T13:52:04","date_gmt":"2023-04-18T12:52:04","guid":{"rendered":"https:\/\/multi-mam.com\/pt\/?page_id=105"},"modified":"2023-04-19T09:43:59","modified_gmt":"2023-04-19T08:43:59","slug":"cuidado-do-mamilo","status":"publish","type":"page","link":"https:\/\/multi-mam.com\/pt\/artigos\/amamentacao\/cuidado-do-mamilo\/","title":{"rendered":"Cuidado do Mamilo"},"content":{"rendered":"\n<div class=\"wp-block-karopharma-free-text pt-large pb-large bg-center bg-cover bg-no-repeat  is-style-primary\" style=\"background-image:url()\"><div class=\"free-text-wrapper container max-w-medium text-left\">\n<h1 class=\"wp-block-heading\">Cuidado do Mamilo<\/h1>\n\n\n\n<p class=\"is-style-paragraph-preamble\">Leva algum tempo at\u00e9 se habituar a amamentar, o sentimento inicial pode ser estranho e ligeiramente desconfort\u00e1vel. No entanto, vai habituar-se a ele mais rapidamente do que espera, por isso a dor n\u00e3o deve pertencer \u00e0 equa\u00e7\u00e3o quando falamos de amamenta\u00e7\u00e3o. Usualmente a dor, \u00e9 sinal que alguma coisa n\u00e3o est\u00e1 bem, a mais comum causa \u00e9 uma incorreta posi\u00e7\u00e3o de amamenta\u00e7\u00e3o. Para que consiga manter uma amamenta\u00e7\u00e3o agrad\u00e1vel e sem dor, n\u00f3s temos uma lista com orienta\u00e7\u00f5es para o cuidado do peito e mamilo.<\/p>\n<\/div><\/div>\n\n\n\n<div class=\"wp-block-karopharma-free-text pt-large pb-large bg-center bg-cover bg-no-repeat\" style=\"background-image:url()\"><div class=\"free-text-wrapper container max-w-medium text-left\">\n<h2 class=\"is-style-heading-h2 wp-block-heading\">Como cuidar dos seus peitos e mamilos enquanto amamenta<\/h2>\n\n\n\n<p>As recomenda\u00e7\u00f5es gerais de higiene s\u00e3o bastante simples, simplesmente lave os seus peitos com \u00e1gua morna enquanto toma banho. Evite utilizar g\u00e9is de banho, espumas de banho ou sab\u00e3o que contenham detergentes no seu peito e mamilos, estes produtos t\u00eam um efeito que seca a pele e remove os \u00f3leos naturais da sua superf\u00edcie e podem causar gretas e irrita\u00e7\u00f5es. Ap\u00f3s o banho ou amamentar, deixe os seus mamilos secar ao ar.<\/p>\n\n\n\n<p>Uma boa pr\u00e1tica \u00e9 retirar umas pequenas gotas de leite ap\u00f3s amamentar e esfregar no seu mamilo. Poder\u00e1 tamb\u00e9m utilizar um b\u00e1lsamo para mamilos que ir\u00e1 nutrir a pele e proteger os mamilos de futuros danos. Assim que escolher um b\u00e1lsamo para mamilos, assegure-se que n\u00e3o necessita de ser retirado antes de amamentar e \u00e9 seguro para o seu beb\u00e9 em caso de ser ingerido. Lavar os peitos antes de amamentar faz com que estes fiquem mais secos e expostos a potenciais riscos, por isso deixe o b\u00e1lsamo durante a amamenta\u00e7\u00e3o, este oferece prote\u00e7\u00e3o adicional, e \u00e9 f\u00e1cil de utilizar.<\/p>\n\n\n\n<p>Evite utilizar soutiens de tecido sint\u00e9tico e n\u00e3o respir\u00e1veis, estes materiais n\u00e3o permitem que a pele respire e podem criar o ambiente ideal para que os micr\u00f3bios cres\u00e7am e causem infe\u00e7\u00e3o. Mude de compressas frequentemente, para que n\u00e3o ande muito tempo com compressas h\u00famidas colocadas.<\/p>\n\n\n\n<h2 class=\"is-style-heading-h2 wp-block-heading\">O que fazer se os seus mamilos estiverem doridos?<\/h2>\n\n\n\n<p>Em primeiro lugar, se tiver dor durante as mamadas, n\u00e3o hesite em pedir ajuda a um consultor de amamenta\u00e7\u00e3o ou ao seu m\u00e9dico. Uma boa t\u00e9cnica de suc\u00e7\u00e3o logo desde in\u00edcio ir\u00e1 prevenir desconfortos, por isso se tiver quest\u00f5es ou preocupa\u00e7\u00f5es, n\u00e3o tenha medo de perguntar.<\/p>\n\n\n\n<p>Se os seus mamilos estiverem j\u00e1 doridos, considere utilizar umas compressas que acelerem o processo de cura. Se a dor for forte, compressas frias podem proporcionar algum al\u00edvio, mas nunca aplique gelo diretamente na pele. Se a dor for muito forte, pode retirar o leite com uma bomba nos hor\u00e1rios em que costuma amamentar para prevenir mastites. O leite que retira com a bomba \u00e9 \u00f3timo tamb\u00e9m para oferecer ao seu beb\u00e9. Pode decidir retir\u00e1-lo com a ajuda da m\u00e3o, ou utilizar uma bomba. O nosso conselho \u00e9 falar com um consultor de amamenta\u00e7\u00e3o e decidir o que \u00e9 melhor para si.<\/p>\n\n\n\n<p>Por vezes, os mamilos doridos podem derivar de uma infe\u00e7\u00e3o f\u00fangica. Neste caso, fale com o seu m\u00e9dico para receber tratamento apropriado, tanto para si como para o beb\u00e9, pois existem grandes possibilidades dele ter tamb\u00e9m fungos na boca.<\/p>\n\n\n\n<p>Quando tem os mamilos doridos, ofere\u00e7a ao seu beb\u00e9 o mamilo com menos dor em primeiro lugar, pois a primeira mamada \u00e9 sempre a mais forte e pode doer mais. Assim que o seu beb\u00e9 tenha mamado durante algum tempo, ele ficar\u00e1 menos ansioso e por isso ir\u00e1 mamar com menos for\u00e7a. Experimente tamb\u00e9m diferentes posi\u00e7\u00f5es de amamenta\u00e7\u00e3o. Encontre a melhor posi\u00e7\u00e3o para si e para o seu beb\u00e9 e d\u00ea de mamar num ambiente calmo, sem distra\u00e7\u00f5es, onde ele consiga relaxar e estar focado na mamada. Isto pode prevenir que ele morda ou roa o mamilo.<\/p>\n<\/div><\/div>\n","protected":false},"excerpt":{"rendered":"","protected":false},"author":2,"featured_media":0,"parent":76,"menu_order":13,"comment_status":"closed","ping_status":"closed","template":"","meta":{"_acf_changed":false,"footnotes":""},"from-article-database":[],"class_list":["post-105","page","type-page","status-publish","hentry"],"acf":[],"yoast_head":"<!-- This site is optimized with the Yoast SEO plugin v26.6 - https:\/\/yoast.com\/wordpress\/plugins\/seo\/ -->\n<title>Cuidado do Mamilo - Multi-Mam<\/title>\n<meta name=\"description\" content=\"Para que consiga manter uma amamenta\u00e7\u00e3o agrad\u00e1vel e sem dor, n\u00f3s temos uma lista com orienta\u00e7\u00f5es para o cuidado do peito e mamilo.\" \/>\n<meta name=\"robots\" content=\"index, follow, max-snippet:-1, max-image-preview:large, max-video-preview:-1\" \/>\n<link rel=\"canonical\" href=\"https:\/\/multi-mam.com\/pt\/artigos\/amamentacao\/cuidado-do-mamilo\/\" \/>\n<meta property=\"og:locale\" content=\"pt_PT\" \/>\n<meta property=\"og:type\" content=\"article\" \/>\n<meta property=\"og:title\" content=\"Cuidado do Mamilo - Multi-Mam\" \/>\n<meta property=\"og:description\" content=\"Para que consiga manter uma amamenta\u00e7\u00e3o agrad\u00e1vel e sem dor, n\u00f3s temos uma lista com orienta\u00e7\u00f5es para o cuidado do peito e mamilo.\" \/>\n<meta property=\"og:url\" content=\"https:\/\/multi-mam.com\/pt\/artigos\/amamentacao\/cuidado-do-mamilo\/\" \/>\n<meta property=\"og:site_name\" content=\"Multi-Mam\" \/>\n<meta property=\"article:modified_time\" content=\"2023-04-19T08:43:59+00:00\" \/>\n<meta name=\"twitter:card\" content=\"summary_large_image\" \/>\n<meta name=\"twitter:label1\" content=\"Tempo estimado de leitura\" \/>\n\t<meta name=\"twitter:data1\" content=\"4 minutos\" \/>\n<script type=\"application\/ld+json\" class=\"yoast-schema-graph\">{\"@context\":\"https:\/\/schema.org\",\"@graph\":[{\"@type\":\"WebPage\",\"@id\":\"https:\/\/multi-mam.com\/pt\/artigos\/amamentacao\/cuidado-do-mamilo\/\",\"url\":\"https:\/\/multi-mam.com\/pt\/artigos\/amamentacao\/cuidado-do-mamilo\/\",\"name\":\"Cuidado do Mamilo - Multi-Mam\",\"isPartOf\":{\"@id\":\"https:\/\/multi-mam.com\/pt\/#website\"},\"datePublished\":\"2023-04-18T12:52:04+00:00\",\"dateModified\":\"2023-04-19T08:43:59+00:00\",\"description\":\"Para que consiga manter uma amamenta\u00e7\u00e3o agrad\u00e1vel e sem dor, n\u00f3s temos uma lista com orienta\u00e7\u00f5es para o cuidado do peito e mamilo.\",\"breadcrumb\":{\"@id\":\"https:\/\/multi-mam.com\/pt\/artigos\/amamentacao\/cuidado-do-mamilo\/#breadcrumb\"},\"inLanguage\":\"pt-PT\",\"potentialAction\":[{\"@type\":\"ReadAction\",\"target\":[\"https:\/\/multi-mam.com\/pt\/artigos\/amamentacao\/cuidado-do-mamilo\/\"]}]},{\"@type\":\"BreadcrumbList\",\"@id\":\"https:\/\/multi-mam.com\/pt\/artigos\/amamentacao\/cuidado-do-mamilo\/#breadcrumb\",\"itemListElement\":[{\"@type\":\"ListItem\",\"position\":1,\"name\":\"Home\",\"item\":\"https:\/\/multi-mam.com\/pt\/\"},{\"@type\":\"ListItem\",\"position\":2,\"name\":\"Artigos\",\"item\":\"https:\/\/multi-mam.com\/pt\/artigos\/\"},{\"@type\":\"ListItem\",\"position\":3,\"name\":\"Amamenta\u00e7\u00e3o\",\"item\":\"https:\/\/multi-mam.com\/pt\/artigos\/amamentacao\/\"},{\"@type\":\"ListItem\",\"position\":4,\"name\":\"Cuidado do Mamilo\"}]},{\"@type\":\"WebSite\",\"@id\":\"https:\/\/multi-mam.com\/pt\/#website\",\"url\":\"https:\/\/multi-mam.com\/pt\/\",\"name\":\"Multi-Mam\",\"description\":\"\",\"publisher\":{\"@id\":\"https:\/\/multi-mam.com\/pt\/#organization\"},\"potentialAction\":[{\"@type\":\"SearchAction\",\"target\":{\"@type\":\"EntryPoint\",\"urlTemplate\":\"https:\/\/multi-mam.com\/pt\/?s={search_term_string}\"},\"query-input\":{\"@type\":\"PropertyValueSpecification\",\"valueRequired\":true,\"valueName\":\"search_term_string\"}}],\"inLanguage\":\"pt-PT\"},{\"@type\":\"Organization\",\"@id\":\"https:\/\/multi-mam.com\/pt\/#organization\",\"name\":\"Multi-Mam\",\"url\":\"https:\/\/multi-mam.com\/pt\/\",\"logo\":{\"@type\":\"ImageObject\",\"inLanguage\":\"pt-PT\",\"@id\":\"https:\/\/multi-mam.com\/pt\/#\/schema\/logo\/image\/\",\"url\":\"https:\/\/multi-mam.com\/app\/uploads\/sites\/26\/2023\/04\/multi-mam-logotype.png\",\"contentUrl\":\"https:\/\/multi-mam.com\/app\/uploads\/sites\/26\/2023\/04\/multi-mam-logotype.png\",\"width\":70,\"height\":96,\"caption\":\"Multi-Mam\"},\"image\":{\"@id\":\"https:\/\/multi-mam.com\/pt\/#\/schema\/logo\/image\/\"}}]}<\/script>\n<!-- \/ Yoast SEO plugin. -->","yoast_head_json":{"title":"Cuidado do Mamilo - Multi-Mam","description":"Para que consiga manter uma amamenta\u00e7\u00e3o agrad\u00e1vel e sem dor, n\u00f3s temos uma lista com orienta\u00e7\u00f5es para o cuidado do peito e mamilo.","robots":{"index":"index","follow":"follow","max-snippet":"max-snippet:-1","max-image-preview":"max-image-preview:large","max-video-preview":"max-video-preview:-1"},"canonical":"https:\/\/multi-mam.com\/pt\/artigos\/amamentacao\/cuidado-do-mamilo\/","og_locale":"pt_PT","og_type":"article","og_title":"Cuidado do Mamilo - Multi-Mam","og_description":"Para que consiga manter uma amamenta\u00e7\u00e3o agrad\u00e1vel e sem dor, n\u00f3s temos uma lista com orienta\u00e7\u00f5es para o cuidado do peito e mamilo.","og_url":"https:\/\/multi-mam.com\/pt\/artigos\/amamentacao\/cuidado-do-mamilo\/","og_site_name":"Multi-Mam","article_modified_time":"2023-04-19T08:43:59+00:00","twitter_card":"summary_large_image","twitter_misc":{"Tempo estimado de leitura":"4 minutos"},"schema":{"@context":"https:\/\/schema.org","@graph":[{"@type":"WebPage","@id":"https:\/\/multi-mam.com\/pt\/artigos\/amamentacao\/cuidado-do-mamilo\/","url":"https:\/\/multi-mam.com\/pt\/artigos\/amamentacao\/cuidado-do-mamilo\/","name":"Cuidado do Mamilo - Multi-Mam","isPartOf":{"@id":"https:\/\/multi-mam.com\/pt\/#website"},"datePublished":"2023-04-18T12:52:04+00:00","dateModified":"2023-04-19T08:43:59+00:00","description":"Para que consiga manter uma amamenta\u00e7\u00e3o agrad\u00e1vel e sem dor, n\u00f3s temos uma lista com orienta\u00e7\u00f5es para o cuidado do peito e mamilo.","breadcrumb":{"@id":"https:\/\/multi-mam.com\/pt\/artigos\/amamentacao\/cuidado-do-mamilo\/#breadcrumb"},"inLanguage":"pt-PT","potentialAction":[{"@type":"ReadAction","target":["https:\/\/multi-mam.com\/pt\/artigos\/amamentacao\/cuidado-do-mamilo\/"]}]},{"@type":"BreadcrumbList","@id":"https:\/\/multi-mam.com\/pt\/artigos\/amamentacao\/cuidado-do-mamilo\/#breadcrumb","itemListElement":[{"@type":"ListItem","position":1,"name":"Home","item":"https:\/\/multi-mam.com\/pt\/"},{"@type":"ListItem","position":2,"name":"Artigos","item":"https:\/\/multi-mam.com\/pt\/artigos\/"},{"@type":"ListItem","position":3,"name":"Amamenta\u00e7\u00e3o","item":"https:\/\/multi-mam.com\/pt\/artigos\/amamentacao\/"},{"@type":"ListItem","position":4,"name":"Cuidado do Mamilo"}]},{"@type":"WebSite","@id":"https:\/\/multi-mam.com\/pt\/#website","url":"https:\/\/multi-mam.com\/pt\/","name":"Multi-Mam","description":"","publisher":{"@id":"https:\/\/multi-mam.com\/pt\/#organization"},"potentialAction":[{"@type":"SearchAction","target":{"@type":"EntryPoint","urlTemplate":"https:\/\/multi-mam.com\/pt\/?s={search_term_string}"},"query-input":{"@type":"PropertyValueSpecification","valueRequired":true,"valueName":"search_term_string"}}],"inLanguage":"pt-PT"},{"@type":"Organization","@id":"https:\/\/multi-mam.com\/pt\/#organization","name":"Multi-Mam","url":"https:\/\/multi-mam.com\/pt\/","logo":{"@type":"ImageObject","inLanguage":"pt-PT","@id":"https:\/\/multi-mam.com\/pt\/#\/schema\/logo\/image\/","url":"https:\/\/multi-mam.com\/app\/uploads\/sites\/26\/2023\/04\/multi-mam-logotype.png","contentUrl":"https:\/\/multi-mam.com\/app\/uploads\/sites\/26\/2023\/04\/multi-mam-logotype.png","width":70,"height":96,"caption":"Multi-Mam"},"image":{"@id":"https:\/\/multi-mam.com\/pt\/#\/schema\/logo\/image\/"}}]}},"_links":{"self":[{"href":"https:\/\/multi-mam.com\/pt\/wp-json\/wp\/v2\/pages\/105","targetHints":{"allow":["GET"]}}],"collection":[{"href":"https:\/\/multi-mam.com\/pt\/wp-json\/wp\/v2\/pages"}],"about":[{"href":"https:\/\/multi-mam.com\/pt\/wp-json\/wp\/v2\/types\/page"}],"author":[{"embeddable":true,"href":"https:\/\/multi-mam.com\/pt\/wp-json\/wp\/v2\/users\/2"}],"replies":[{"embeddable":true,"href":"https:\/\/multi-mam.com\/pt\/wp-json\/wp\/v2\/comments?post=105"}],"version-history":[{"count":3,"href":"https:\/\/multi-mam.com\/pt\/wp-json\/wp\/v2\/pages\/105\/revisions"}],"predecessor-version":[{"id":224,"href":"https:\/\/multi-mam.com\/pt\/wp-json\/wp\/v2\/pages\/105\/revisions\/224"}],"up":[{"embeddable":true,"href":"https:\/\/multi-mam.com\/pt\/wp-json\/wp\/v2\/pages\/76"}],"wp:attachment":[{"href":"https:\/\/multi-mam.com\/pt\/wp-json\/wp\/v2\/media?parent=105"}],"wp:term":[{"taxonomy":"from-article-database","embeddable":true,"href":"https:\/\/multi-mam.com\/pt\/wp-json\/wp\/v2\/from-article-database?post=105"}],"curies":[{"name":"wp","href":"https:\/\/api.w.org\/{rel}","templated":true}]}}