{"id":101,"date":"2023-04-18T13:51:15","date_gmt":"2023-04-18T12:51:15","guid":{"rendered":"https:\/\/multi-mam.com\/pt\/?page_id=101"},"modified":"2023-04-19T09:18:42","modified_gmt":"2023-04-19T08:18:42","slug":"ducto-de-leite-entupido","status":"publish","type":"page","link":"https:\/\/multi-mam.com\/pt\/artigos\/amamentacao\/ducto-de-leite-entupido\/","title":{"rendered":"Ducto de leite entupido"},"content":{"rendered":"\n<div class=\"wp-block-karopharma-free-text pt-large pb-large bg-center bg-cover bg-no-repeat  is-style-primary\" style=\"background-image:url()\"><div class=\"free-text-wrapper container max-w-medium text-left\">\n<h1 class=\"wp-block-heading\">Ducto de leite entupido<\/h1>\n\n\n\n<p class=\"is-style-paragraph-preamble\">Os ductos de leite s\u00e3o pequenos tubos que transportam leite das gl\u00e2ndulas e o segregam at\u00e9 ao mamilo. Quando o beb\u00e9 suga no mamilo, as c\u00e9lulas do m\u00fasculo \u00e0 volta destes tubos contraem e empurram o leite atrav\u00e9s dos ductos. Contudo, se a produ\u00e7\u00e3o de leite \u00e9 maior do que a quantidade que \u00e9 retirada, o leite come\u00e7a a acumular-se dentro do peito, causando incha\u00e7o que impede que o fluxo normal de leite corra pelos ductos. Por isso \u00e9 que este problema \u00e9 intitulado de entupimento ou bloqueio dos ductos. Este problema pode desenvolver-se para inflama\u00e7\u00e3o ou mastite quando as bact\u00e9rias entram pelos ductos e causam infe\u00e7\u00e3o, por isso os ductos de leite entupidos devem ser tratados apropriadamente para evitar futuras complica\u00e7\u00f5es.<\/p>\n<\/div><\/div>\n\n\n\n<div class=\"wp-block-karopharma-free-text pt-large pb-large bg-center bg-cover bg-no-repeat\" style=\"background-image:url()\"><div class=\"free-text-wrapper container max-w-medium text-left\">\n<h2 class=\"is-style-heading-h2 wp-block-heading\">Como reconhecer ductos entupidos<\/h2>\n\n\n\n<p>Os sintomas normais incluem:<\/p>\n\n\n\n<ul class=\"is-style-default wp-block-list\"><li>N\u00f3dulos duros no peito<\/li><li>O peito fica macio, quente ao toque, vermelho, inchado e dorido<\/li><li>O n\u00f3dulo e o incha\u00e7o podem reduzir ap\u00f3s amamentar<\/li><li>A quantidade de leite que sai parece mais reduzida<\/li><li>Poder\u00e1 sair leite mais grosso, fibroso e gorduroso.<\/li><\/ul>\n\n\n\n<p>Se se come\u00e7ar a sentir febril e exausta, poder\u00e1 ser a obstru\u00e7\u00e3o do ducto que se desenvolveu para mastite, por isso deve visitar o seu m\u00e9dico.<\/p>\n\n\n\n<h2 class=\"is-style-heading-h2 wp-block-heading\">Causas comuns de ductos entupidos<\/h2>\n\n\n\n<p>Em geral, os ductos entupidos desenvolvem-se se os peitos n\u00e3o forem completamente esvaziados diariamente. Isto poder\u00e1 ocorrer se:<\/p>\n\n\n\n<ul class=\"is-style-default wp-block-list\"><li>O seu beb\u00e9 est\u00e1 a ter problemas em amamentar devido a uma fraca suc\u00e7\u00e3o, enla\u00e7a a l\u00edngua ou outro problema de amamenta\u00e7\u00e3o;<\/li><li>Se estende o tempo entre cada mamada devido a dor nos mamilos;<\/li><li>Voc\u00ea ou o seu beb\u00e9 est\u00e3o doentes;<\/li><li>Se decidiu cessar a amamenta\u00e7\u00e3o repentinamente;<\/li><li>Se os seus peitos s\u00e3o comprimidos diariamente devido a um soutien pouco adequado em termos de tamanho, roupa apertada ou dormir de barriga para baixo;<\/li><li>Se se encontra sobre grande stress ou o seu sistema imunit\u00e1rio est\u00e1 fraco;<\/li><li>Se saltou alguma sess\u00e3o de amamenta\u00e7\u00e3o ou o tempo entre cada mamada \u00e9 demasiado longo<\/li><\/ul>\n\n\n\n<h2 class=\"is-style-heading-h2 wp-block-heading\">Rem\u00e9dios caseiros para ductos entupidos<\/h2>\n\n\n\n<p>A primeira regra para um tratamento de sucesso \u00e9 n\u00e3o cessar a amamenta\u00e7\u00e3o. O seu leite \u00e9 perfeitamente seguro para o seu beb\u00e9 e ir\u00e1 promover o processo de cura com o amamentar o n\u00famero de vezes poss\u00edveis. Se n\u00e3o pode amamentar por alguma raz\u00e3o, retire o leite utilizando uma bomba de leite ou utilize os m\u00e9todos manuais.<\/p>\n\n\n\n<p>As recomenda\u00e7\u00f5es gerais para uma recupera\u00e7\u00e3o mais r\u00e1pida incluem muito repouso, beber muita \u00e1gua e ter uma dieta saud\u00e1vel equilibrada. Para al\u00e9m disto, colocar umas compressas quentes antes de uma sess\u00e3o de amamenta\u00e7\u00e3o pode promover um bom fluxo de leite e ajuda a que saia uma maior quantidade durante a amamenta\u00e7\u00e3o. Pode tamb\u00e9m massajar o seu peito gentilmente durante uns minutos antes de amamentar ou quando o seu beb\u00e9 est\u00e1 a amamentar.<\/p>\n\n\n\n<p>Alimente o seu beb\u00e9 sempre que verificar que ele est\u00e1 com fome, seguir um hor\u00e1rio de alimenta\u00e7\u00e3o pode deixar grandes espa\u00e7os entre cada mamada, o que promove acumula\u00e7\u00e3o de leite. Assim que o seu beb\u00e9 esvaziar um dos peitos, ofere\u00e7a-lhe o outro. Inicie sempre a mamada seguinte com o \u00faltimo peito que deu na sess\u00e3o anterior. Esvaziar os peitos diariamente ir\u00e1 ajudar no fluxo de leite e prevenir epis\u00f3dios futuros de entupimento.<\/p>\n\n\n\n<p>Se est\u00e1 com muitas dores, tomar paracetamol pode oferecer-lhe algum al\u00edvio. Compressas frias tamb\u00e9m ajudam, utilize-as entre mamadas para reduzir a dor e a inflama\u00e7\u00e3o.<\/p>\n\n\n\n<p>Se os sintomas persistirem ap\u00f3s 24 horas de repouso, de amamentar regularmente, e aplicar compressas quentes e massajar, n\u00e3o hesite em visitar o seu m\u00e9dico.<\/p>\n<\/div><\/div>\n","protected":false},"excerpt":{"rendered":"","protected":false},"author":2,"featured_media":0,"parent":76,"menu_order":11,"comment_status":"closed","ping_status":"closed","template":"","meta":{"_acf_changed":false,"footnotes":""},"from-article-database":[],"class_list":["post-101","page","type-page","status-publish","hentry"],"acf":[],"yoast_head":"<!-- This site is optimized with the Yoast SEO plugin v26.6 - https:\/\/yoast.com\/wordpress\/plugins\/seo\/ -->\n<title>Ducto de leite entupido - Multi-Mam<\/title>\n<meta name=\"description\" content=\"Este problema pode desenvolver-se para inflama\u00e7\u00e3o ou mastite quando as bact\u00e9rias entram pelos ductos e causam infe\u00e7\u00e3o, por isso os ductos de leite entupidos devem ser tratados apropriadamente para evitar futuras complica\u00e7\u00f5es.\" \/>\n<meta name=\"robots\" content=\"index, follow, max-snippet:-1, max-image-preview:large, max-video-preview:-1\" \/>\n<link rel=\"canonical\" href=\"https:\/\/multi-mam.com\/pt\/artigos\/amamentacao\/ducto-de-leite-entupido\/\" \/>\n<meta property=\"og:locale\" content=\"pt_PT\" \/>\n<meta property=\"og:type\" content=\"article\" \/>\n<meta property=\"og:title\" content=\"Ducto de leite entupido - Multi-Mam\" \/>\n<meta property=\"og:description\" content=\"Este problema pode desenvolver-se para inflama\u00e7\u00e3o ou mastite quando as bact\u00e9rias entram pelos ductos e causam infe\u00e7\u00e3o, por isso os ductos de leite entupidos devem ser tratados apropriadamente para evitar futuras complica\u00e7\u00f5es.\" \/>\n<meta property=\"og:url\" content=\"https:\/\/multi-mam.com\/pt\/artigos\/amamentacao\/ducto-de-leite-entupido\/\" \/>\n<meta property=\"og:site_name\" content=\"Multi-Mam\" \/>\n<meta property=\"article:modified_time\" content=\"2023-04-19T08:18:42+00:00\" \/>\n<meta name=\"twitter:card\" content=\"summary_large_image\" \/>\n<meta name=\"twitter:label1\" content=\"Tempo estimado de leitura\" \/>\n\t<meta name=\"twitter:data1\" content=\"4 minutos\" \/>\n<script type=\"application\/ld+json\" class=\"yoast-schema-graph\">{\"@context\":\"https:\/\/schema.org\",\"@graph\":[{\"@type\":\"WebPage\",\"@id\":\"https:\/\/multi-mam.com\/pt\/artigos\/amamentacao\/ducto-de-leite-entupido\/\",\"url\":\"https:\/\/multi-mam.com\/pt\/artigos\/amamentacao\/ducto-de-leite-entupido\/\",\"name\":\"Ducto de leite entupido - Multi-Mam\",\"isPartOf\":{\"@id\":\"https:\/\/multi-mam.com\/pt\/#website\"},\"datePublished\":\"2023-04-18T12:51:15+00:00\",\"dateModified\":\"2023-04-19T08:18:42+00:00\",\"description\":\"Este problema pode desenvolver-se para inflama\u00e7\u00e3o ou mastite quando as bact\u00e9rias entram pelos ductos e causam infe\u00e7\u00e3o, por isso os ductos de leite entupidos devem ser tratados apropriadamente para evitar futuras complica\u00e7\u00f5es.\",\"breadcrumb\":{\"@id\":\"https:\/\/multi-mam.com\/pt\/artigos\/amamentacao\/ducto-de-leite-entupido\/#breadcrumb\"},\"inLanguage\":\"pt-PT\",\"potentialAction\":[{\"@type\":\"ReadAction\",\"target\":[\"https:\/\/multi-mam.com\/pt\/artigos\/amamentacao\/ducto-de-leite-entupido\/\"]}]},{\"@type\":\"BreadcrumbList\",\"@id\":\"https:\/\/multi-mam.com\/pt\/artigos\/amamentacao\/ducto-de-leite-entupido\/#breadcrumb\",\"itemListElement\":[{\"@type\":\"ListItem\",\"position\":1,\"name\":\"Home\",\"item\":\"https:\/\/multi-mam.com\/pt\/\"},{\"@type\":\"ListItem\",\"position\":2,\"name\":\"Artigos\",\"item\":\"https:\/\/multi-mam.com\/pt\/artigos\/\"},{\"@type\":\"ListItem\",\"position\":3,\"name\":\"Amamenta\u00e7\u00e3o\",\"item\":\"https:\/\/multi-mam.com\/pt\/artigos\/amamentacao\/\"},{\"@type\":\"ListItem\",\"position\":4,\"name\":\"Ducto de leite entupido\"}]},{\"@type\":\"WebSite\",\"@id\":\"https:\/\/multi-mam.com\/pt\/#website\",\"url\":\"https:\/\/multi-mam.com\/pt\/\",\"name\":\"Multi-Mam\",\"description\":\"\",\"publisher\":{\"@id\":\"https:\/\/multi-mam.com\/pt\/#organization\"},\"potentialAction\":[{\"@type\":\"SearchAction\",\"target\":{\"@type\":\"EntryPoint\",\"urlTemplate\":\"https:\/\/multi-mam.com\/pt\/?s={search_term_string}\"},\"query-input\":{\"@type\":\"PropertyValueSpecification\",\"valueRequired\":true,\"valueName\":\"search_term_string\"}}],\"inLanguage\":\"pt-PT\"},{\"@type\":\"Organization\",\"@id\":\"https:\/\/multi-mam.com\/pt\/#organization\",\"name\":\"Multi-Mam\",\"url\":\"https:\/\/multi-mam.com\/pt\/\",\"logo\":{\"@type\":\"ImageObject\",\"inLanguage\":\"pt-PT\",\"@id\":\"https:\/\/multi-mam.com\/pt\/#\/schema\/logo\/image\/\",\"url\":\"https:\/\/multi-mam.com\/app\/uploads\/sites\/26\/2023\/04\/multi-mam-logotype.png\",\"contentUrl\":\"https:\/\/multi-mam.com\/app\/uploads\/sites\/26\/2023\/04\/multi-mam-logotype.png\",\"width\":70,\"height\":96,\"caption\":\"Multi-Mam\"},\"image\":{\"@id\":\"https:\/\/multi-mam.com\/pt\/#\/schema\/logo\/image\/\"}}]}<\/script>\n<!-- \/ Yoast SEO plugin. -->","yoast_head_json":{"title":"Ducto de leite entupido - Multi-Mam","description":"Este problema pode desenvolver-se para inflama\u00e7\u00e3o ou mastite quando as bact\u00e9rias entram pelos ductos e causam infe\u00e7\u00e3o, por isso os ductos de leite entupidos devem ser tratados apropriadamente para evitar futuras complica\u00e7\u00f5es.","robots":{"index":"index","follow":"follow","max-snippet":"max-snippet:-1","max-image-preview":"max-image-preview:large","max-video-preview":"max-video-preview:-1"},"canonical":"https:\/\/multi-mam.com\/pt\/artigos\/amamentacao\/ducto-de-leite-entupido\/","og_locale":"pt_PT","og_type":"article","og_title":"Ducto de leite entupido - Multi-Mam","og_description":"Este problema pode desenvolver-se para inflama\u00e7\u00e3o ou mastite quando as bact\u00e9rias entram pelos ductos e causam infe\u00e7\u00e3o, por isso os ductos de leite entupidos devem ser tratados apropriadamente para evitar futuras complica\u00e7\u00f5es.","og_url":"https:\/\/multi-mam.com\/pt\/artigos\/amamentacao\/ducto-de-leite-entupido\/","og_site_name":"Multi-Mam","article_modified_time":"2023-04-19T08:18:42+00:00","twitter_card":"summary_large_image","twitter_misc":{"Tempo estimado de leitura":"4 minutos"},"schema":{"@context":"https:\/\/schema.org","@graph":[{"@type":"WebPage","@id":"https:\/\/multi-mam.com\/pt\/artigos\/amamentacao\/ducto-de-leite-entupido\/","url":"https:\/\/multi-mam.com\/pt\/artigos\/amamentacao\/ducto-de-leite-entupido\/","name":"Ducto de leite entupido - Multi-Mam","isPartOf":{"@id":"https:\/\/multi-mam.com\/pt\/#website"},"datePublished":"2023-04-18T12:51:15+00:00","dateModified":"2023-04-19T08:18:42+00:00","description":"Este problema pode desenvolver-se para inflama\u00e7\u00e3o ou mastite quando as bact\u00e9rias entram pelos ductos e causam infe\u00e7\u00e3o, por isso os ductos de leite entupidos devem ser tratados apropriadamente para evitar futuras complica\u00e7\u00f5es.","breadcrumb":{"@id":"https:\/\/multi-mam.com\/pt\/artigos\/amamentacao\/ducto-de-leite-entupido\/#breadcrumb"},"inLanguage":"pt-PT","potentialAction":[{"@type":"ReadAction","target":["https:\/\/multi-mam.com\/pt\/artigos\/amamentacao\/ducto-de-leite-entupido\/"]}]},{"@type":"BreadcrumbList","@id":"https:\/\/multi-mam.com\/pt\/artigos\/amamentacao\/ducto-de-leite-entupido\/#breadcrumb","itemListElement":[{"@type":"ListItem","position":1,"name":"Home","item":"https:\/\/multi-mam.com\/pt\/"},{"@type":"ListItem","position":2,"name":"Artigos","item":"https:\/\/multi-mam.com\/pt\/artigos\/"},{"@type":"ListItem","position":3,"name":"Amamenta\u00e7\u00e3o","item":"https:\/\/multi-mam.com\/pt\/artigos\/amamentacao\/"},{"@type":"ListItem","position":4,"name":"Ducto de leite entupido"}]},{"@type":"WebSite","@id":"https:\/\/multi-mam.com\/pt\/#website","url":"https:\/\/multi-mam.com\/pt\/","name":"Multi-Mam","description":"","publisher":{"@id":"https:\/\/multi-mam.com\/pt\/#organization"},"potentialAction":[{"@type":"SearchAction","target":{"@type":"EntryPoint","urlTemplate":"https:\/\/multi-mam.com\/pt\/?s={search_term_string}"},"query-input":{"@type":"PropertyValueSpecification","valueRequired":true,"valueName":"search_term_string"}}],"inLanguage":"pt-PT"},{"@type":"Organization","@id":"https:\/\/multi-mam.com\/pt\/#organization","name":"Multi-Mam","url":"https:\/\/multi-mam.com\/pt\/","logo":{"@type":"ImageObject","inLanguage":"pt-PT","@id":"https:\/\/multi-mam.com\/pt\/#\/schema\/logo\/image\/","url":"https:\/\/multi-mam.com\/app\/uploads\/sites\/26\/2023\/04\/multi-mam-logotype.png","contentUrl":"https:\/\/multi-mam.com\/app\/uploads\/sites\/26\/2023\/04\/multi-mam-logotype.png","width":70,"height":96,"caption":"Multi-Mam"},"image":{"@id":"https:\/\/multi-mam.com\/pt\/#\/schema\/logo\/image\/"}}]}},"_links":{"self":[{"href":"https:\/\/multi-mam.com\/pt\/wp-json\/wp\/v2\/pages\/101","targetHints":{"allow":["GET"]}}],"collection":[{"href":"https:\/\/multi-mam.com\/pt\/wp-json\/wp\/v2\/pages"}],"about":[{"href":"https:\/\/multi-mam.com\/pt\/wp-json\/wp\/v2\/types\/page"}],"author":[{"embeddable":true,"href":"https:\/\/multi-mam.com\/pt\/wp-json\/wp\/v2\/users\/2"}],"replies":[{"embeddable":true,"href":"https:\/\/multi-mam.com\/pt\/wp-json\/wp\/v2\/comments?post=101"}],"version-history":[{"count":3,"href":"https:\/\/multi-mam.com\/pt\/wp-json\/wp\/v2\/pages\/101\/revisions"}],"predecessor-version":[{"id":220,"href":"https:\/\/multi-mam.com\/pt\/wp-json\/wp\/v2\/pages\/101\/revisions\/220"}],"up":[{"embeddable":true,"href":"https:\/\/multi-mam.com\/pt\/wp-json\/wp\/v2\/pages\/76"}],"wp:attachment":[{"href":"https:\/\/multi-mam.com\/pt\/wp-json\/wp\/v2\/media?parent=101"}],"wp:term":[{"taxonomy":"from-article-database","embeddable":true,"href":"https:\/\/multi-mam.com\/pt\/wp-json\/wp\/v2\/from-article-database?post=101"}],"curies":[{"name":"wp","href":"https:\/\/api.w.org\/{rel}","templated":true}]}}