{"id":46,"date":"2025-07-07T14:33:32","date_gmt":"2025-07-07T12:33:32","guid":{"rendered":"https:\/\/multi-mam.com\/pl\/?post_type=product&#038;p=46"},"modified":"2026-03-09T10:10:09","modified_gmt":"2026-03-09T09:10:09","slug":"multi-mam-protect","status":"publish","type":"product","link":"https:\/\/multi-mam.com\/pl\/produkt\/multi-mam-protect\/","title":{"rendered":"Multi-Mam\u00ae Protect"},"content":{"rendered":"\n<div class=\"wp-block-karopharma-accordions is-style-secondary\"><div class=\"container\">\n<details class=\"wp-block-karopharma-accordion\"><summary><h2 class=\"accordion-title\">Sk\u0142adniki (INCI)<\/h2><\/summary><div class=\"accordion-content\">\n<p>Helianthus Annuus Seed Oil, Vegetable Oil, Glyceryl Behenate, Butyrospermum Parkii Butter, Brassica Campestris Seed Oil, Helianthus Annuus Seed Wax, Simmondsia Chinensis Seed Oil, Squalane, Camelina Sativa Seed Oil, Tocopherol<\/p>\n\n\n\n<p class=\"ram\"><sub>Naturalna kompozycja olej\u00f3w ro\u015blinnych, w tym oleju z nasion s\u0142onecznika, jojoba, lnicznika siewnego i rzepaku, wzbogacona mas\u0142em shea i witamin\u0105 E. Produkt zawiera r\u00f3wnie\u017c skwalan i wosk s\u0142onecznikowy,<\/sub><\/p>\n<\/div><\/details>\n\n\n\n<details class=\"wp-block-karopharma-accordion\"><summary><h2 class=\"accordion-title\">Czy musz\u0119 usun\u0105\u0107 balsam Multi-Mam Protect przed karmieniem piersi\u0105?<\/h2><\/summary><div class=\"accordion-content\">\n<p>Nie, jest nieszkodliwy w przypadku po\u0142kni\u0119cia i ma neutralny smak oraz zapach. Szczeg\u00f3lnie zaleca si\u0119 nak\u0142adanie balsamu bezpo\u015brednio po karmieniu \u2013 na\u0142o\u017cenie przed karmieniem mo\u017ce utrudni\u0107 dziecku przystawienie do piersi.<\/p>\n<\/div><\/details>\n\n\n\n<details class=\"wp-block-karopharma-accordion\"><summary><h2 class=\"accordion-title\">Jak cz\u0119sto stosowa\u0107 balsam Multi-Mam Protect?<\/h2><\/summary><div class=\"accordion-content\">\n<p>W miar\u0119 potrzeb. Zalecane jest na\u0142o\u017cenie balsamu tu\u017c po karmieniu.<\/p>\n<\/div><\/details>\n\n\n\n<details class=\"wp-block-karopharma-accordion\"><summary><h2 class=\"accordion-title\">Jaka jest r\u00f3\u017cnica mi\u0119dzy balsamem Multi-Mam Protect a Multi-Mam Balm?<\/h2><\/summary><div class=\"accordion-content\">\n<p>Balsam Multi-Mam Protect to zamiennik balsamu Multi-Mam Balm: ma now\u0105 wega\u0144sk\u0105 formu\u0142\u0119. Multi-Mam Protect to \u0142agodny wega\u0144ski balsam powsta\u0142y g\u0142\u00f3wnie na bazie olejk\u00f3w i t\u0142uszcz\u00f3w ro\u015blinnych. Przyjemna i delikatna konsystencja u\u0142atwia nak\u0142adanie, nawet na wra\u017cliw\u0105 sk\u00f3r\u0119. Balsam Multi-Mam Balm tak\u017ce powsta\u0142 na bazie naturalnych sk\u0142adnik\u00f3w, ale nie jest w 100% wega\u0144ski, jako \u017ce zawiera wosk pszczeli.<\/p>\n<\/div><\/details>\n<\/div><\/div>\n","protected":false},"excerpt":{"rendered":"<p>Chroni sutki przed przesuszeniem i p\u0119kaniem<\/p>\n","protected":false},"featured_media":56,"comment_status":"closed","ping_status":"closed","template":"","meta":{"_acf_changed":false,"footnotes":""},"product_brand":[],"product_cat":[],"product_tag":[],"class_list":{"0":"post-46","1":"product","2":"type-product","3":"status-publish","4":"has-post-thumbnail","7":"first","8":"instock","9":"shipping-taxable","10":"product-type-simple"},"acf":[],"yoast_head":"<!-- This site is optimized with the Yoast SEO plugin v26.6 - https:\/\/yoast.com\/wordpress\/plugins\/seo\/ -->\n<title>Multi-Mam\u00ae Protect - Multi-Mam<\/title>\n<meta name=\"description\" content=\"Multi-Mam Protect to wega\u0144ski balsam do piel\u0119gnacji piersi, oparty g\u0142\u00f3wnie na olejkach i t\u0142uszczach ro\u015blinnych, kt\u00f3ry chroni sutki przed wysuszeniem i p\u0119kaniem w okresie karmienia piersi\u0105.\" \/>\n<meta name=\"robots\" content=\"index, follow, max-snippet:-1, max-image-preview:large, max-video-preview:-1\" \/>\n<link rel=\"canonical\" href=\"https:\/\/multi-mam.com\/pl\/produkt\/multi-mam-protect\/\" \/>\n<meta property=\"og:locale\" content=\"pl_PL\" \/>\n<meta property=\"og:type\" content=\"article\" \/>\n<meta property=\"og:title\" content=\"Multi-Mam\u00ae Protect - Multi-Mam\" \/>\n<meta property=\"og:description\" content=\"Multi-Mam Protect to wega\u0144ski balsam do piel\u0119gnacji piersi, oparty g\u0142\u00f3wnie na olejkach i t\u0142uszczach ro\u015blinnych, kt\u00f3ry chroni sutki przed wysuszeniem i p\u0119kaniem w okresie karmienia piersi\u0105.\" \/>\n<meta property=\"og:url\" content=\"https:\/\/multi-mam.com\/pl\/produkt\/multi-mam-protect\/\" \/>\n<meta property=\"og:site_name\" content=\"Multi-Mam\" \/>\n<meta property=\"article:modified_time\" content=\"2026-03-09T09:10:09+00:00\" \/>\n<meta property=\"og:image\" content=\"https:\/\/multi-mam.com\/app\/uploads\/sites\/32\/2025\/07\/Multi-Mam-Protect-30ml-INT.png\" \/>\n\t<meta property=\"og:image:width\" content=\"750\" \/>\n\t<meta property=\"og:image:height\" content=\"750\" \/>\n\t<meta property=\"og:image:type\" content=\"image\/png\" \/>\n<meta name=\"twitter:card\" content=\"summary_large_image\" \/>\n<meta name=\"twitter:label1\" content=\"Szacowany czas czytania\" \/>\n\t<meta name=\"twitter:data1\" content=\"2 minuty\" \/>\n<script type=\"application\/ld+json\" class=\"yoast-schema-graph\">{\"@context\":\"https:\/\/schema.org\",\"@graph\":[{\"@type\":\"WebPage\",\"@id\":\"https:\/\/multi-mam.com\/pl\/produkt\/multi-mam-protect\/\",\"url\":\"https:\/\/multi-mam.com\/pl\/produkt\/multi-mam-protect\/\",\"name\":\"Multi-Mam\u00ae Protect - Multi-Mam\",\"isPartOf\":{\"@id\":\"https:\/\/multi-mam.com\/pl\/#website\"},\"primaryImageOfPage\":{\"@id\":\"https:\/\/multi-mam.com\/pl\/produkt\/multi-mam-protect\/#primaryimage\"},\"image\":{\"@id\":\"https:\/\/multi-mam.com\/pl\/produkt\/multi-mam-protect\/#primaryimage\"},\"thumbnailUrl\":\"https:\/\/multi-mam.com\/app\/uploads\/sites\/32\/2025\/07\/Multi-Mam-Protect-30ml-INT.png\",\"datePublished\":\"2025-07-07T12:33:32+00:00\",\"dateModified\":\"2026-03-09T09:10:09+00:00\",\"description\":\"Multi-Mam Protect to wega\u0144ski balsam do piel\u0119gnacji piersi, oparty g\u0142\u00f3wnie na olejkach i t\u0142uszczach ro\u015blinnych, kt\u00f3ry chroni sutki przed wysuszeniem i p\u0119kaniem w okresie karmienia piersi\u0105.\",\"breadcrumb\":{\"@id\":\"https:\/\/multi-mam.com\/pl\/produkt\/multi-mam-protect\/#breadcrumb\"},\"inLanguage\":\"pl-PL\",\"potentialAction\":[{\"@type\":\"ReadAction\",\"target\":[\"https:\/\/multi-mam.com\/pl\/produkt\/multi-mam-protect\/\"]}]},{\"@type\":\"ImageObject\",\"inLanguage\":\"pl-PL\",\"@id\":\"https:\/\/multi-mam.com\/pl\/produkt\/multi-mam-protect\/#primaryimage\",\"url\":\"https:\/\/multi-mam.com\/app\/uploads\/sites\/32\/2025\/07\/Multi-Mam-Protect-30ml-INT.png\",\"contentUrl\":\"https:\/\/multi-mam.com\/app\/uploads\/sites\/32\/2025\/07\/Multi-Mam-Protect-30ml-INT.png\",\"width\":750,\"height\":750,\"caption\":\"Multi-Mam-Protect\"},{\"@type\":\"BreadcrumbList\",\"@id\":\"https:\/\/multi-mam.com\/pl\/produkt\/multi-mam-protect\/#breadcrumb\",\"itemListElement\":[{\"@type\":\"ListItem\",\"position\":1,\"name\":\"Home\",\"item\":\"https:\/\/multi-mam.com\/pl\/\"},{\"@type\":\"ListItem\",\"position\":2,\"name\":\"Produkty\",\"item\":\"https:\/\/multi-mam.com\/pl\/produkty\/\"},{\"@type\":\"ListItem\",\"position\":3,\"name\":\"Multi-Mam\u00ae Protect\"}]},{\"@type\":\"WebSite\",\"@id\":\"https:\/\/multi-mam.com\/pl\/#website\",\"url\":\"https:\/\/multi-mam.com\/pl\/\",\"name\":\"Multi-Mam\",\"description\":\"\",\"publisher\":{\"@id\":\"https:\/\/multi-mam.com\/pl\/#organization\"},\"potentialAction\":[{\"@type\":\"SearchAction\",\"target\":{\"@type\":\"EntryPoint\",\"urlTemplate\":\"https:\/\/multi-mam.com\/pl\/?s={search_term_string}\"},\"query-input\":{\"@type\":\"PropertyValueSpecification\",\"valueRequired\":true,\"valueName\":\"search_term_string\"}}],\"inLanguage\":\"pl-PL\"},{\"@type\":\"Organization\",\"@id\":\"https:\/\/multi-mam.com\/pl\/#organization\",\"name\":\"Multi-Mam\",\"url\":\"https:\/\/multi-mam.com\/pl\/\",\"logo\":{\"@type\":\"ImageObject\",\"inLanguage\":\"pl-PL\",\"@id\":\"https:\/\/multi-mam.com\/pl\/#\/schema\/logo\/image\/\",\"url\":\"https:\/\/multi-mam.com\/app\/uploads\/sites\/32\/2025\/07\/multi-mam-logotype.png\",\"contentUrl\":\"https:\/\/multi-mam.com\/app\/uploads\/sites\/32\/2025\/07\/multi-mam-logotype.png\",\"width\":70,\"height\":96,\"caption\":\"Multi-Mam\"},\"image\":{\"@id\":\"https:\/\/multi-mam.com\/pl\/#\/schema\/logo\/image\/\"}}]}<\/script>\n<!-- \/ Yoast SEO plugin. -->","yoast_head_json":{"title":"Multi-Mam\u00ae Protect - Multi-Mam","description":"Multi-Mam Protect to wega\u0144ski balsam do piel\u0119gnacji piersi, oparty g\u0142\u00f3wnie na olejkach i t\u0142uszczach ro\u015blinnych, kt\u00f3ry chroni sutki przed wysuszeniem i p\u0119kaniem w okresie karmienia piersi\u0105.","robots":{"index":"index","follow":"follow","max-snippet":"max-snippet:-1","max-image-preview":"max-image-preview:large","max-video-preview":"max-video-preview:-1"},"canonical":"https:\/\/multi-mam.com\/pl\/produkt\/multi-mam-protect\/","og_locale":"pl_PL","og_type":"article","og_title":"Multi-Mam\u00ae Protect - Multi-Mam","og_description":"Multi-Mam Protect to wega\u0144ski balsam do piel\u0119gnacji piersi, oparty g\u0142\u00f3wnie na olejkach i t\u0142uszczach ro\u015blinnych, kt\u00f3ry chroni sutki przed wysuszeniem i p\u0119kaniem w okresie karmienia piersi\u0105.","og_url":"https:\/\/multi-mam.com\/pl\/produkt\/multi-mam-protect\/","og_site_name":"Multi-Mam","article_modified_time":"2026-03-09T09:10:09+00:00","og_image":[{"width":750,"height":750,"url":"https:\/\/multi-mam.com\/app\/uploads\/sites\/32\/2025\/07\/Multi-Mam-Protect-30ml-INT.png","type":"image\/png"}],"twitter_card":"summary_large_image","twitter_misc":{"Szacowany czas czytania":"2 minuty"},"schema":{"@context":"https:\/\/schema.org","@graph":[{"@type":"WebPage","@id":"https:\/\/multi-mam.com\/pl\/produkt\/multi-mam-protect\/","url":"https:\/\/multi-mam.com\/pl\/produkt\/multi-mam-protect\/","name":"Multi-Mam\u00ae Protect - Multi-Mam","isPartOf":{"@id":"https:\/\/multi-mam.com\/pl\/#website"},"primaryImageOfPage":{"@id":"https:\/\/multi-mam.com\/pl\/produkt\/multi-mam-protect\/#primaryimage"},"image":{"@id":"https:\/\/multi-mam.com\/pl\/produkt\/multi-mam-protect\/#primaryimage"},"thumbnailUrl":"https:\/\/multi-mam.com\/app\/uploads\/sites\/32\/2025\/07\/Multi-Mam-Protect-30ml-INT.png","datePublished":"2025-07-07T12:33:32+00:00","dateModified":"2026-03-09T09:10:09+00:00","description":"Multi-Mam Protect to wega\u0144ski balsam do piel\u0119gnacji piersi, oparty g\u0142\u00f3wnie na olejkach i t\u0142uszczach ro\u015blinnych, kt\u00f3ry chroni sutki przed wysuszeniem i p\u0119kaniem w okresie karmienia piersi\u0105.","breadcrumb":{"@id":"https:\/\/multi-mam.com\/pl\/produkt\/multi-mam-protect\/#breadcrumb"},"inLanguage":"pl-PL","potentialAction":[{"@type":"ReadAction","target":["https:\/\/multi-mam.com\/pl\/produkt\/multi-mam-protect\/"]}]},{"@type":"ImageObject","inLanguage":"pl-PL","@id":"https:\/\/multi-mam.com\/pl\/produkt\/multi-mam-protect\/#primaryimage","url":"https:\/\/multi-mam.com\/app\/uploads\/sites\/32\/2025\/07\/Multi-Mam-Protect-30ml-INT.png","contentUrl":"https:\/\/multi-mam.com\/app\/uploads\/sites\/32\/2025\/07\/Multi-Mam-Protect-30ml-INT.png","width":750,"height":750,"caption":"Multi-Mam-Protect"},{"@type":"BreadcrumbList","@id":"https:\/\/multi-mam.com\/pl\/produkt\/multi-mam-protect\/#breadcrumb","itemListElement":[{"@type":"ListItem","position":1,"name":"Home","item":"https:\/\/multi-mam.com\/pl\/"},{"@type":"ListItem","position":2,"name":"Produkty","item":"https:\/\/multi-mam.com\/pl\/produkty\/"},{"@type":"ListItem","position":3,"name":"Multi-Mam\u00ae Protect"}]},{"@type":"WebSite","@id":"https:\/\/multi-mam.com\/pl\/#website","url":"https:\/\/multi-mam.com\/pl\/","name":"Multi-Mam","description":"","publisher":{"@id":"https:\/\/multi-mam.com\/pl\/#organization"},"potentialAction":[{"@type":"SearchAction","target":{"@type":"EntryPoint","urlTemplate":"https:\/\/multi-mam.com\/pl\/?s={search_term_string}"},"query-input":{"@type":"PropertyValueSpecification","valueRequired":true,"valueName":"search_term_string"}}],"inLanguage":"pl-PL"},{"@type":"Organization","@id":"https:\/\/multi-mam.com\/pl\/#organization","name":"Multi-Mam","url":"https:\/\/multi-mam.com\/pl\/","logo":{"@type":"ImageObject","inLanguage":"pl-PL","@id":"https:\/\/multi-mam.com\/pl\/#\/schema\/logo\/image\/","url":"https:\/\/multi-mam.com\/app\/uploads\/sites\/32\/2025\/07\/multi-mam-logotype.png","contentUrl":"https:\/\/multi-mam.com\/app\/uploads\/sites\/32\/2025\/07\/multi-mam-logotype.png","width":70,"height":96,"caption":"Multi-Mam"},"image":{"@id":"https:\/\/multi-mam.com\/pl\/#\/schema\/logo\/image\/"}}]}},"_links":{"self":[{"href":"https:\/\/multi-mam.com\/pl\/wp-json\/wp\/v2\/product\/46","targetHints":{"allow":["GET"]}}],"collection":[{"href":"https:\/\/multi-mam.com\/pl\/wp-json\/wp\/v2\/product"}],"about":[{"href":"https:\/\/multi-mam.com\/pl\/wp-json\/wp\/v2\/types\/product"}],"replies":[{"embeddable":true,"href":"https:\/\/multi-mam.com\/pl\/wp-json\/wp\/v2\/comments?post=46"}],"version-history":[{"count":7,"href":"https:\/\/multi-mam.com\/pl\/wp-json\/wp\/v2\/product\/46\/revisions"}],"predecessor-version":[{"id":122,"href":"https:\/\/multi-mam.com\/pl\/wp-json\/wp\/v2\/product\/46\/revisions\/122"}],"wp:featuredmedia":[{"embeddable":true,"href":"https:\/\/multi-mam.com\/pl\/wp-json\/wp\/v2\/media\/56"}],"wp:attachment":[{"href":"https:\/\/multi-mam.com\/pl\/wp-json\/wp\/v2\/media?parent=46"}],"wp:term":[{"taxonomy":"product_brand","embeddable":true,"href":"https:\/\/multi-mam.com\/pl\/wp-json\/wp\/v2\/product_brand?post=46"},{"taxonomy":"product_cat","embeddable":true,"href":"https:\/\/multi-mam.com\/pl\/wp-json\/wp\/v2\/product_cat?post=46"},{"taxonomy":"product_tag","embeddable":true,"href":"https:\/\/multi-mam.com\/pl\/wp-json\/wp\/v2\/product_tag?post=46"}],"curies":[{"name":"wp","href":"https:\/\/api.w.org\/{rel}","templated":true}]}}