{"id":43,"date":"2025-07-07T14:32:41","date_gmt":"2025-07-07T12:32:41","guid":{"rendered":"https:\/\/multi-mam.com\/pl\/?post_type=product&#038;p=43"},"modified":"2026-03-09T10:10:09","modified_gmt":"2026-03-09T09:10:09","slug":"kompresy-multi-mam","status":"publish","type":"product","link":"https:\/\/multi-mam.com\/pl\/produkt\/kompresy-multi-mam\/","title":{"rendered":"Kompresy Multi-Mam\u00ae"},"content":{"rendered":"\n<div class=\"wp-block-karopharma-accordions is-style-secondary\"><div class=\"container\">\n<details class=\"wp-block-karopharma-accordion\"><summary><h2 class=\"accordion-title\">Sk\u0142adniki (INCI)<\/h2><\/summary><div class=\"accordion-content\">\n<p>Aloe Barbadensis Leaf Extract*, Aqua, Glycerin, Xanthan Gum, Citric Acid, Caprylyl Glycol, Sodium Benzoate, Potassium Sorbate, Sodium Hydroxide.<\/p>\n\n\n\n<p class=\"ram\"><sub>* G\u0142\u00f3wny sk\u0142adnik Kompleks 2QR: sk\u0142adnik pochodzenia ro\u015blinnego oczyszczony z ekstraktu z li\u015bci Aloe Barbadensis.<\/sub><\/p>\n<\/div><\/details>\n\n\n\n<details class=\"wp-block-karopharma-accordion\"><summary><h2 class=\"accordion-title\">Kiedy u\u017cywa\u0107 kompres\u00f3w Multi-Mam \u2013 przed czy po karmieniu piersi\u0105?<\/h2><\/summary><div class=\"accordion-content\">\n<p>Zalecamy stosowanie kompres\u00f3w Multi-Mam tu\u017c po karmieniu \u2013 stosowanie przed karmieniem mo\u017ce utrudni\u0107 dziecku przystawienie do piersi.<\/p>\n<\/div><\/details>\n\n\n\n<details class=\"wp-block-karopharma-accordion\"><summary><h2 class=\"accordion-title\">Jak d\u0142ugo pozostawi\u0107 kompres Multi-Mam na piersi?<\/h2><\/summary><div class=\"accordion-content\">\n<p>Najlepiej przez 30 minut; co najmniej jednak przez 10 minut i maksymalnie przez godzin\u0119.<\/p>\n<\/div><\/details>\n\n\n\n<details class=\"wp-block-karopharma-accordion\"><summary><h2 class=\"accordion-title\">Ile razy mo\u017cna stosowa\u0107 kompresy Multi-Mam?<\/h2><\/summary><div class=\"accordion-content\">\n<p>Ka\u017cdy kompres s\u0142u\u017cy do jednorazowego u\u017cytku. Po u\u017cyciu nale\u017cy go zutylizowa\u0107 ze wzgl\u0119d\u00f3w higienicznych.<\/p>\n<\/div><\/details>\n\n\n\n<details class=\"wp-block-karopharma-accordion\"><summary><h2 class=\"accordion-title\">Czy po\u0142kni\u0119cie przez moje dziecko \u017celu z kompresu Multi-Mam mo\u017ce by\u0107 szkodliwe?<\/h2><\/summary><div class=\"accordion-content\">\n<p>Nie, \u017cel jest bezpieczny dla dziecka. Przed karmieniem nie trzeba usuwa\u0107 pozosta\u0142o\u015bci \u017celu.<\/p>\n<\/div><\/details>\n<\/div><\/div>\n","protected":false},"excerpt":{"rendered":"<p>Piel\u0119gnacja obola\u0142ych sutk\u00f3w<\/p>\n","protected":false},"featured_media":54,"comment_status":"closed","ping_status":"closed","template":"","meta":{"_acf_changed":false,"footnotes":""},"product_brand":[],"product_cat":[],"product_tag":[],"class_list":{"0":"post-43","1":"product","2":"type-product","3":"status-publish","4":"has-post-thumbnail","7":"first","8":"instock","9":"shipping-taxable","10":"product-type-simple"},"acf":[],"yoast_head":"<!-- This site is optimized with the Yoast SEO plugin v26.6 - https:\/\/yoast.com\/wordpress\/plugins\/seo\/ -->\n<title>Kompresy Multi-Mam\u00ae - Multi-Mam<\/title>\n<meta name=\"description\" content=\"Kompresy Multi-Mam to specjalistyczny produkt do piel\u0119gnacji sutk\u00f3w, kt\u00f3ry przynosi ulg\u0119 w przypadku problem\u00f3w z sutkami spowodowanych karmieniem piersi\u0105, takich jak b\u00f3l, wysuszenie, p\u0119kanie i wra\u017cliwo\u015b\u0107.\" \/>\n<meta name=\"robots\" content=\"index, follow, max-snippet:-1, max-image-preview:large, max-video-preview:-1\" \/>\n<link rel=\"canonical\" href=\"https:\/\/multi-mam.com\/pl\/produkt\/kompresy-multi-mam\/\" \/>\n<meta property=\"og:locale\" content=\"pl_PL\" \/>\n<meta property=\"og:type\" content=\"article\" \/>\n<meta property=\"og:title\" content=\"Kompresy Multi-Mam\u00ae - Multi-Mam\" \/>\n<meta property=\"og:description\" content=\"Kompresy Multi-Mam to specjalistyczny produkt do piel\u0119gnacji sutk\u00f3w, kt\u00f3ry przynosi ulg\u0119 w przypadku problem\u00f3w z sutkami spowodowanych karmieniem piersi\u0105, takich jak b\u00f3l, wysuszenie, p\u0119kanie i wra\u017cliwo\u015b\u0107.\" \/>\n<meta property=\"og:url\" content=\"https:\/\/multi-mam.com\/pl\/produkt\/kompresy-multi-mam\/\" \/>\n<meta property=\"og:site_name\" content=\"Multi-Mam\" \/>\n<meta property=\"article:modified_time\" content=\"2026-03-09T09:10:09+00:00\" \/>\n<meta property=\"og:image\" content=\"https:\/\/multi-mam.com\/app\/uploads\/sites\/32\/2025\/07\/MULTIMAM-COMPRESSES.png\" \/>\n\t<meta property=\"og:image:width\" content=\"750\" \/>\n\t<meta property=\"og:image:height\" content=\"750\" \/>\n\t<meta property=\"og:image:type\" content=\"image\/png\" \/>\n<meta name=\"twitter:card\" content=\"summary_large_image\" \/>\n<meta name=\"twitter:label1\" content=\"Szacowany czas czytania\" \/>\n\t<meta name=\"twitter:data1\" content=\"1 minuta\" \/>\n<script type=\"application\/ld+json\" class=\"yoast-schema-graph\">{\"@context\":\"https:\/\/schema.org\",\"@graph\":[{\"@type\":\"WebPage\",\"@id\":\"https:\/\/multi-mam.com\/pl\/produkt\/kompresy-multi-mam\/\",\"url\":\"https:\/\/multi-mam.com\/pl\/produkt\/kompresy-multi-mam\/\",\"name\":\"Kompresy Multi-Mam\u00ae - Multi-Mam\",\"isPartOf\":{\"@id\":\"https:\/\/multi-mam.com\/pl\/#website\"},\"primaryImageOfPage\":{\"@id\":\"https:\/\/multi-mam.com\/pl\/produkt\/kompresy-multi-mam\/#primaryimage\"},\"image\":{\"@id\":\"https:\/\/multi-mam.com\/pl\/produkt\/kompresy-multi-mam\/#primaryimage\"},\"thumbnailUrl\":\"https:\/\/multi-mam.com\/app\/uploads\/sites\/32\/2025\/07\/MULTIMAM-COMPRESSES.png\",\"datePublished\":\"2025-07-07T12:32:41+00:00\",\"dateModified\":\"2026-03-09T09:10:09+00:00\",\"description\":\"Kompresy Multi-Mam to specjalistyczny produkt do piel\u0119gnacji sutk\u00f3w, kt\u00f3ry przynosi ulg\u0119 w przypadku problem\u00f3w z sutkami spowodowanych karmieniem piersi\u0105, takich jak b\u00f3l, wysuszenie, p\u0119kanie i wra\u017cliwo\u015b\u0107.\",\"breadcrumb\":{\"@id\":\"https:\/\/multi-mam.com\/pl\/produkt\/kompresy-multi-mam\/#breadcrumb\"},\"inLanguage\":\"pl-PL\",\"potentialAction\":[{\"@type\":\"ReadAction\",\"target\":[\"https:\/\/multi-mam.com\/pl\/produkt\/kompresy-multi-mam\/\"]}]},{\"@type\":\"ImageObject\",\"inLanguage\":\"pl-PL\",\"@id\":\"https:\/\/multi-mam.com\/pl\/produkt\/kompresy-multi-mam\/#primaryimage\",\"url\":\"https:\/\/multi-mam.com\/app\/uploads\/sites\/32\/2025\/07\/MULTIMAM-COMPRESSES.png\",\"contentUrl\":\"https:\/\/multi-mam.com\/app\/uploads\/sites\/32\/2025\/07\/MULTIMAM-COMPRESSES.png\",\"width\":750,\"height\":750,\"caption\":\"Kompresy Multi-Mam\u00ae\"},{\"@type\":\"BreadcrumbList\",\"@id\":\"https:\/\/multi-mam.com\/pl\/produkt\/kompresy-multi-mam\/#breadcrumb\",\"itemListElement\":[{\"@type\":\"ListItem\",\"position\":1,\"name\":\"Home\",\"item\":\"https:\/\/multi-mam.com\/pl\/\"},{\"@type\":\"ListItem\",\"position\":2,\"name\":\"Produkty\",\"item\":\"https:\/\/multi-mam.com\/pl\/produkty\/\"},{\"@type\":\"ListItem\",\"position\":3,\"name\":\"Kompresy Multi-Mam\u00ae\"}]},{\"@type\":\"WebSite\",\"@id\":\"https:\/\/multi-mam.com\/pl\/#website\",\"url\":\"https:\/\/multi-mam.com\/pl\/\",\"name\":\"Multi-Mam\",\"description\":\"\",\"publisher\":{\"@id\":\"https:\/\/multi-mam.com\/pl\/#organization\"},\"potentialAction\":[{\"@type\":\"SearchAction\",\"target\":{\"@type\":\"EntryPoint\",\"urlTemplate\":\"https:\/\/multi-mam.com\/pl\/?s={search_term_string}\"},\"query-input\":{\"@type\":\"PropertyValueSpecification\",\"valueRequired\":true,\"valueName\":\"search_term_string\"}}],\"inLanguage\":\"pl-PL\"},{\"@type\":\"Organization\",\"@id\":\"https:\/\/multi-mam.com\/pl\/#organization\",\"name\":\"Multi-Mam\",\"url\":\"https:\/\/multi-mam.com\/pl\/\",\"logo\":{\"@type\":\"ImageObject\",\"inLanguage\":\"pl-PL\",\"@id\":\"https:\/\/multi-mam.com\/pl\/#\/schema\/logo\/image\/\",\"url\":\"https:\/\/multi-mam.com\/app\/uploads\/sites\/32\/2025\/07\/multi-mam-logotype.png\",\"contentUrl\":\"https:\/\/multi-mam.com\/app\/uploads\/sites\/32\/2025\/07\/multi-mam-logotype.png\",\"width\":70,\"height\":96,\"caption\":\"Multi-Mam\"},\"image\":{\"@id\":\"https:\/\/multi-mam.com\/pl\/#\/schema\/logo\/image\/\"}}]}<\/script>\n<!-- \/ Yoast SEO plugin. -->","yoast_head_json":{"title":"Kompresy Multi-Mam\u00ae - Multi-Mam","description":"Kompresy Multi-Mam to specjalistyczny produkt do piel\u0119gnacji sutk\u00f3w, kt\u00f3ry przynosi ulg\u0119 w przypadku problem\u00f3w z sutkami spowodowanych karmieniem piersi\u0105, takich jak b\u00f3l, wysuszenie, p\u0119kanie i wra\u017cliwo\u015b\u0107.","robots":{"index":"index","follow":"follow","max-snippet":"max-snippet:-1","max-image-preview":"max-image-preview:large","max-video-preview":"max-video-preview:-1"},"canonical":"https:\/\/multi-mam.com\/pl\/produkt\/kompresy-multi-mam\/","og_locale":"pl_PL","og_type":"article","og_title":"Kompresy Multi-Mam\u00ae - Multi-Mam","og_description":"Kompresy Multi-Mam to specjalistyczny produkt do piel\u0119gnacji sutk\u00f3w, kt\u00f3ry przynosi ulg\u0119 w przypadku problem\u00f3w z sutkami spowodowanych karmieniem piersi\u0105, takich jak b\u00f3l, wysuszenie, p\u0119kanie i wra\u017cliwo\u015b\u0107.","og_url":"https:\/\/multi-mam.com\/pl\/produkt\/kompresy-multi-mam\/","og_site_name":"Multi-Mam","article_modified_time":"2026-03-09T09:10:09+00:00","og_image":[{"width":750,"height":750,"url":"https:\/\/multi-mam.com\/app\/uploads\/sites\/32\/2025\/07\/MULTIMAM-COMPRESSES.png","type":"image\/png"}],"twitter_card":"summary_large_image","twitter_misc":{"Szacowany czas czytania":"1 minuta"},"schema":{"@context":"https:\/\/schema.org","@graph":[{"@type":"WebPage","@id":"https:\/\/multi-mam.com\/pl\/produkt\/kompresy-multi-mam\/","url":"https:\/\/multi-mam.com\/pl\/produkt\/kompresy-multi-mam\/","name":"Kompresy Multi-Mam\u00ae - Multi-Mam","isPartOf":{"@id":"https:\/\/multi-mam.com\/pl\/#website"},"primaryImageOfPage":{"@id":"https:\/\/multi-mam.com\/pl\/produkt\/kompresy-multi-mam\/#primaryimage"},"image":{"@id":"https:\/\/multi-mam.com\/pl\/produkt\/kompresy-multi-mam\/#primaryimage"},"thumbnailUrl":"https:\/\/multi-mam.com\/app\/uploads\/sites\/32\/2025\/07\/MULTIMAM-COMPRESSES.png","datePublished":"2025-07-07T12:32:41+00:00","dateModified":"2026-03-09T09:10:09+00:00","description":"Kompresy Multi-Mam to specjalistyczny produkt do piel\u0119gnacji sutk\u00f3w, kt\u00f3ry przynosi ulg\u0119 w przypadku problem\u00f3w z sutkami spowodowanych karmieniem piersi\u0105, takich jak b\u00f3l, wysuszenie, p\u0119kanie i wra\u017cliwo\u015b\u0107.","breadcrumb":{"@id":"https:\/\/multi-mam.com\/pl\/produkt\/kompresy-multi-mam\/#breadcrumb"},"inLanguage":"pl-PL","potentialAction":[{"@type":"ReadAction","target":["https:\/\/multi-mam.com\/pl\/produkt\/kompresy-multi-mam\/"]}]},{"@type":"ImageObject","inLanguage":"pl-PL","@id":"https:\/\/multi-mam.com\/pl\/produkt\/kompresy-multi-mam\/#primaryimage","url":"https:\/\/multi-mam.com\/app\/uploads\/sites\/32\/2025\/07\/MULTIMAM-COMPRESSES.png","contentUrl":"https:\/\/multi-mam.com\/app\/uploads\/sites\/32\/2025\/07\/MULTIMAM-COMPRESSES.png","width":750,"height":750,"caption":"Kompresy Multi-Mam\u00ae"},{"@type":"BreadcrumbList","@id":"https:\/\/multi-mam.com\/pl\/produkt\/kompresy-multi-mam\/#breadcrumb","itemListElement":[{"@type":"ListItem","position":1,"name":"Home","item":"https:\/\/multi-mam.com\/pl\/"},{"@type":"ListItem","position":2,"name":"Produkty","item":"https:\/\/multi-mam.com\/pl\/produkty\/"},{"@type":"ListItem","position":3,"name":"Kompresy Multi-Mam\u00ae"}]},{"@type":"WebSite","@id":"https:\/\/multi-mam.com\/pl\/#website","url":"https:\/\/multi-mam.com\/pl\/","name":"Multi-Mam","description":"","publisher":{"@id":"https:\/\/multi-mam.com\/pl\/#organization"},"potentialAction":[{"@type":"SearchAction","target":{"@type":"EntryPoint","urlTemplate":"https:\/\/multi-mam.com\/pl\/?s={search_term_string}"},"query-input":{"@type":"PropertyValueSpecification","valueRequired":true,"valueName":"search_term_string"}}],"inLanguage":"pl-PL"},{"@type":"Organization","@id":"https:\/\/multi-mam.com\/pl\/#organization","name":"Multi-Mam","url":"https:\/\/multi-mam.com\/pl\/","logo":{"@type":"ImageObject","inLanguage":"pl-PL","@id":"https:\/\/multi-mam.com\/pl\/#\/schema\/logo\/image\/","url":"https:\/\/multi-mam.com\/app\/uploads\/sites\/32\/2025\/07\/multi-mam-logotype.png","contentUrl":"https:\/\/multi-mam.com\/app\/uploads\/sites\/32\/2025\/07\/multi-mam-logotype.png","width":70,"height":96,"caption":"Multi-Mam"},"image":{"@id":"https:\/\/multi-mam.com\/pl\/#\/schema\/logo\/image\/"}}]}},"_links":{"self":[{"href":"https:\/\/multi-mam.com\/pl\/wp-json\/wp\/v2\/product\/43","targetHints":{"allow":["GET"]}}],"collection":[{"href":"https:\/\/multi-mam.com\/pl\/wp-json\/wp\/v2\/product"}],"about":[{"href":"https:\/\/multi-mam.com\/pl\/wp-json\/wp\/v2\/types\/product"}],"replies":[{"embeddable":true,"href":"https:\/\/multi-mam.com\/pl\/wp-json\/wp\/v2\/comments?post=43"}],"version-history":[{"count":10,"href":"https:\/\/multi-mam.com\/pl\/wp-json\/wp\/v2\/product\/43\/revisions"}],"predecessor-version":[{"id":120,"href":"https:\/\/multi-mam.com\/pl\/wp-json\/wp\/v2\/product\/43\/revisions\/120"}],"wp:featuredmedia":[{"embeddable":true,"href":"https:\/\/multi-mam.com\/pl\/wp-json\/wp\/v2\/media\/54"}],"wp:attachment":[{"href":"https:\/\/multi-mam.com\/pl\/wp-json\/wp\/v2\/media?parent=43"}],"wp:term":[{"taxonomy":"product_brand","embeddable":true,"href":"https:\/\/multi-mam.com\/pl\/wp-json\/wp\/v2\/product_brand?post=43"},{"taxonomy":"product_cat","embeddable":true,"href":"https:\/\/multi-mam.com\/pl\/wp-json\/wp\/v2\/product_cat?post=43"},{"taxonomy":"product_tag","embeddable":true,"href":"https:\/\/multi-mam.com\/pl\/wp-json\/wp\/v2\/product_tag?post=43"}],"curies":[{"name":"wp","href":"https:\/\/api.w.org\/{rel}","templated":true}]}}