{"id":5,"date":"2025-07-07T12:04:03","date_gmt":"2025-07-07T12:04:03","guid":{"rendered":"https:\/\/multi-mam.com\/pl\/?page_id=5"},"modified":"2026-03-09T10:10:30","modified_gmt":"2026-03-09T09:10:30","slug":"multi-mam","status":"publish","type":"page","link":"https:\/\/multi-mam.com\/pl\/","title":{"rendered":"Multi-Mam"},"content":{"rendered":"\n<a href=\"https:\/\/gemini.pl\/grupa-produktow\/kod-mamygemini15?utm_source=multi_mam&#038;utm_medium=co_ads&#038;utm_campaign=multi_mam_032026&#038;utm_term=banner&#038;utm_content=multi_mam_032026\" target=\"_blank\"><img decoding=\"async\" src=\"https:\/\/multi-mam.com\/app\/uploads\/sites\/32\/2026\/03\/KARO-MULTIMAM-020716_MM-Digital-Campaign_1920x800px_Pop-up_6.jpg\" style=\"min-width:100%\"><\/a>\n\n\n\n<div class=\"wp-block-karopharma-free-text pt-large pb-large bg-left-top bg-cover bg-no-repeat bg-box undefined is-style-primary\" style=\"background-image:url()\"><div class=\"free-text-wrapper container max-w-medium text-center\">\n<figure class=\"wp-block-image size-full\"><img loading=\"lazy\" decoding=\"async\" width=\"850\" height=\"506\" src=\"https:\/\/multi-mam.com\/app\/uploads\/sites\/32\/2025\/07\/MultiMam_group.png\" alt=\"MultiMam_group\" class=\"wp-image-70\" srcset=\"https:\/\/multi-mam.com\/app\/uploads\/sites\/32\/2025\/07\/MultiMam_group.png 850w, https:\/\/multi-mam.com\/app\/uploads\/sites\/32\/2025\/07\/MultiMam_group-320x190.png 320w, https:\/\/multi-mam.com\/app\/uploads\/sites\/32\/2025\/07\/MultiMam_group-768x457.png 768w, https:\/\/multi-mam.com\/app\/uploads\/sites\/32\/2025\/07\/MultiMam_group-600x357.png 600w\" sizes=\"auto, (max-width: 850px) 100vw, 850px\" \/><\/figure>\n\n\n\n<h1 class=\"wp-block-heading is-style-heading-huge has-primary-color has-text-color\" id=\"love-is-all-you-need\">Wszystko, czego Ci potrzeba, to mi\u0142o\u015b\u0107<\/h1>\n\n\n\n<h2 class=\"wp-block-heading is-style-heading-h2 has-primary-color has-text-color\" id=\"und-multi-mam-fur-mutter-und-kind\">\u2026oraz Multi-Mam\u00ae dla Ciebie i Twojego malucha.<\/h2>\n\n\n\n<div class=\"wp-block-buttons is-layout-flex wp-block-buttons-is-layout-flex\">\n<div class=\"wp-block-button is-style-secondary-button\"><a class=\"wp-block-button__link wp-element-button\" href=\"https:\/\/multi-mam.com\/pl\/produkty\/\">Dowiedz si\u0119 wi\u0119cej<\/a><\/div>\n<\/div>\n<\/div><\/div>\n\n\n<div class=\"product-list wp-block-karopharma-product-list\" data-testid=\"product-list\">\n      <div class=\"swiper-container\">\n      <div class=\"swiper\">\n        <div class=\"swiper-wrapper\">\n                      <div class=\"swiper-slide\">\n              <div class=\"product-card\" data-testid=\"product-card\">\n  <a\n    href=https:\/\/multi-mam.com\/pl\/produkt\/kompresy-multi-mam\/\n    class=\"product-card-link\"\n    title=\"Kompresy Multi-Mam\u00ae\"\n  >\n  <figure class=\"product-card-image\" data-testid=\"product-image\">\n                          <img decoding=\"async\" src=\"https:\/\/multi-mam.com\/cdn-cgi\/image\/width=700,format=auto\/app\/uploads\/sites\/32\/2025\/07\/MULTIMAM-COMPRESSES.png\"\n        srcset=\"https:\/\/multi-mam.com\/cdn-cgi\/image\/width=250,format=auto\/app\/uploads\/sites\/32\/2025\/07\/MULTIMAM-COMPRESSES.png 250w,\n                https:\/\/multi-mam.com\/cdn-cgi\/image\/width=500,format=auto\/app\/uploads\/sites\/32\/2025\/07\/MULTIMAM-COMPRESSES.png 500w,\n                https:\/\/multi-mam.com\/cdn-cgi\/image\/width=700,format=auto\/app\/uploads\/sites\/32\/2025\/07\/MULTIMAM-COMPRESSES.png 700w\"\n        sizes=\"(max-width: 400px) 250px, (max-width: 800px) 500px, 700px\"\n        alt=\"Kompresy Multi-Mam\u00ae\"\n        class=\"img\">\n            <\/figure>\n    <div class=\"product-card-content\">\n      <div class=\"heading-wrapper\">\n        <h2 class=\"heading\">Kompresy Multi-Mam\u00ae<\/h2>\n      <\/div>\n      <div class=\"product-card-description\">Piel\u0119gnacja obola\u0142ych sutk\u00f3w<\/div>\n                      <\/div>\n  <\/a>\n          <div class=\"button-wrapper buy-now \" data-testid=\"buy-now\">\n      <div class=\"buy-now-container dropdown-container\">\n      <div class=\"theme-button button-primary-color dropdown-link\" aria-label=\"Kup teraz\">\n          Kup teraz <i class=\"dropdown\"><\/i>\n      <\/div>\n      <ul class=\"reseller-list submenu\">\n                    <li>\n              <a\n                href=\"https:\/\/www.apo-discounter.pl\/multi-mam-kompresy-na-bolesnosc-brodawek-sutkowych-12-pzn-08306076\" onclick=\"dataLayer.push({'event':'ga_event', 'eventCategory':'Click on Reseller', 'eventAction':'Apo-discounter', 'eventLabel':'Kompresy Multi-Mam\u00ae', 'eventValue': undefined})\" rel=\"noopener\" target=\"_blank\" title=\"Apo-discounter\"\n                data-testid=\"buy-now-reseller\">\n                <i class=\"fa-solid fa-arrow-right\"><\/i> Apo-discounter\n              <\/a>\n          <\/li>\n                    <li>\n              <a\n                href=\"https:\/\/apteline.pl\/multi-mam-kompresy-na-brodawki-12-sztuk\" onclick=\"dataLayer.push({'event':'ga_event', 'eventCategory':'Click on Reseller', 'eventAction':'Apteline', 'eventLabel':'Kompresy Multi-Mam\u00ae', 'eventValue': undefined})\" rel=\"noopener\" target=\"_blank\" title=\"Apteline\"\n                data-testid=\"buy-now-reseller\">\n                <i class=\"fa-solid fa-arrow-right\"><\/i> Apteline\n              <\/a>\n          <\/li>\n                    <li>\n              <a\n                href=\"https:\/\/gemini.pl\/multi-mam-kompresy-do-pielegnacji-sutkow-matek-karmiacych-12-sztuk-9080721\" onclick=\"dataLayer.push({'event':'ga_event', 'eventCategory':'Click on Reseller', 'eventAction':'Gemini', 'eventLabel':'Kompresy Multi-Mam\u00ae', 'eventValue': undefined})\" rel=\"noopener\" target=\"_blank\" title=\"Gemini\"\n                data-testid=\"buy-now-reseller\">\n                <i class=\"fa-solid fa-arrow-right\"><\/i> Gemini\n              <\/a>\n          <\/li>\n                <\/ul>\n    <\/div>\n  <\/div>\n  <\/div>\n            <\/div>\n                      <div class=\"swiper-slide\">\n              <div class=\"product-card\" data-testid=\"product-card\">\n  <a\n    href=https:\/\/multi-mam.com\/pl\/produkt\/lanolina-multi-mam\/\n    class=\"product-card-link\"\n    title=\"Lanolina Multi-Mam\u00ae\"\n  >\n  <figure class=\"product-card-image\" data-testid=\"product-image\">\n                          <img decoding=\"async\" src=\"https:\/\/multi-mam.com\/cdn-cgi\/image\/width=700,format=auto\/app\/uploads\/sites\/32\/2025\/07\/Multi-Mam-Lanolin-30ml-INT.png\"\n        srcset=\"https:\/\/multi-mam.com\/cdn-cgi\/image\/width=250,format=auto\/app\/uploads\/sites\/32\/2025\/07\/Multi-Mam-Lanolin-30ml-INT.png 250w,\n                https:\/\/multi-mam.com\/cdn-cgi\/image\/width=500,format=auto\/app\/uploads\/sites\/32\/2025\/07\/Multi-Mam-Lanolin-30ml-INT.png 500w,\n                https:\/\/multi-mam.com\/cdn-cgi\/image\/width=700,format=auto\/app\/uploads\/sites\/32\/2025\/07\/Multi-Mam-Lanolin-30ml-INT.png 700w\"\n        sizes=\"(max-width: 400px) 250px, (max-width: 800px) 500px, 700px\"\n        alt=\"Lanolina Multi-Mam\u00ae\"\n        class=\"img\">\n            <\/figure>\n    <div class=\"product-card-content\">\n      <div class=\"heading-wrapper\">\n        <h2 class=\"heading\">Lanolina Multi-Mam\u00ae<\/h2>\n      <\/div>\n      <div class=\"product-card-description\">\u0141agodzi i chroni sutki<\/div>\n                      <\/div>\n  <\/a>\n          <div class=\"button-wrapper buy-now \" data-testid=\"buy-now\">\n      <div class=\"buy-now-container dropdown-container\">\n      <div class=\"theme-button button-primary-color dropdown-link\" aria-label=\"Kup teraz\">\n          Kup teraz <i class=\"dropdown\"><\/i>\n      <\/div>\n      <ul class=\"reseller-list submenu\">\n                    <li>\n              <a\n                href=\"https:\/\/www.apo-discounter.pl\/multi-mam-lanolina-masc-pielegnacja-brodawek-30ml-pzn-08306074\" onclick=\"dataLayer.push({'event':'ga_event', 'eventCategory':'Click on Reseller', 'eventAction':'Apo-discounter', 'eventLabel':'Lanolina Multi-Mam\u00ae', 'eventValue': undefined})\" rel=\"noopener\" target=\"_blank\" title=\"Apo-discounter\"\n                data-testid=\"buy-now-reseller\">\n                <i class=\"fa-solid fa-arrow-right\"><\/i> Apo-discounter\n              <\/a>\n          <\/li>\n                    <li>\n              <a\n                href=\"https:\/\/apteline.pl\/multi-mam-lanolina-30-ml\" onclick=\"dataLayer.push({'event':'ga_event', 'eventCategory':'Click on Reseller', 'eventAction':'Apteline', 'eventLabel':'Lanolina Multi-Mam\u00ae', 'eventValue': undefined})\" rel=\"noopener\" target=\"_blank\" title=\"Apteline\"\n                data-testid=\"buy-now-reseller\">\n                <i class=\"fa-solid fa-arrow-right\"><\/i> Apteline\n              <\/a>\n          <\/li>\n                    <li>\n              <a\n                href=\"https:\/\/gemini.pl\/multi-mam-lanolina-do-pielegnacji-sutkow-matek-karmiacych-30-ml-0063513\" onclick=\"dataLayer.push({'event':'ga_event', 'eventCategory':'Click on Reseller', 'eventAction':'Gemini', 'eventLabel':'Lanolina Multi-Mam\u00ae', 'eventValue': undefined})\" rel=\"noopener\" target=\"_blank\" title=\"Gemini\"\n                data-testid=\"buy-now-reseller\">\n                <i class=\"fa-solid fa-arrow-right\"><\/i> Gemini\n              <\/a>\n          <\/li>\n                <\/ul>\n    <\/div>\n  <\/div>\n  <\/div>\n            <\/div>\n                      <div class=\"swiper-slide\">\n              <div class=\"product-card\" data-testid=\"product-card\">\n  <a\n    href=https:\/\/multi-mam.com\/pl\/produkt\/multi-mam-protect\/\n    class=\"product-card-link\"\n    title=\"Multi-Mam\u00ae Protect\"\n  >\n  <figure class=\"product-card-image\" data-testid=\"product-image\">\n                          <img decoding=\"async\" src=\"https:\/\/multi-mam.com\/cdn-cgi\/image\/width=700,format=auto\/app\/uploads\/sites\/32\/2025\/07\/Multi-Mam-Protect-30ml-INT.png\"\n        srcset=\"https:\/\/multi-mam.com\/cdn-cgi\/image\/width=250,format=auto\/app\/uploads\/sites\/32\/2025\/07\/Multi-Mam-Protect-30ml-INT.png 250w,\n                https:\/\/multi-mam.com\/cdn-cgi\/image\/width=500,format=auto\/app\/uploads\/sites\/32\/2025\/07\/Multi-Mam-Protect-30ml-INT.png 500w,\n                https:\/\/multi-mam.com\/cdn-cgi\/image\/width=700,format=auto\/app\/uploads\/sites\/32\/2025\/07\/Multi-Mam-Protect-30ml-INT.png 700w\"\n        sizes=\"(max-width: 400px) 250px, (max-width: 800px) 500px, 700px\"\n        alt=\"Multi-Mam-Protect\"\n        class=\"img\">\n            <\/figure>\n    <div class=\"product-card-content\">\n      <div class=\"heading-wrapper\">\n        <h2 class=\"heading\">Multi-Mam\u00ae Protect<\/h2>\n      <\/div>\n      <div class=\"product-card-description\">Chroni sutki przed przesuszeniem i p\u0119kaniem<\/div>\n                      <\/div>\n  <\/a>\n          <div class=\"button-wrapper buy-now \" data-testid=\"buy-now\">\n      <div class=\"buy-now-container dropdown-container\">\n      <div class=\"theme-button button-primary-color dropdown-link\" aria-label=\"Kup teraz\">\n          Kup teraz <i class=\"dropdown\"><\/i>\n      <\/div>\n      <ul class=\"reseller-list submenu\">\n                    <li>\n              <a\n                href=\"https:\/\/www.apo-discounter.pl\/multi-mam-protect-balsam-30ml-pzn-08306075\" onclick=\"dataLayer.push({'event':'ga_event', 'eventCategory':'Click on Reseller', 'eventAction':'Apo-discounter', 'eventLabel':'Multi-Mam\u00ae Protect', 'eventValue': undefined})\" rel=\"noopener\" target=\"_blank\" title=\"Apo-discounter\"\n                data-testid=\"buy-now-reseller\">\n                <i class=\"fa-solid fa-arrow-right\"><\/i> Apo-discounter\n              <\/a>\n          <\/li>\n                    <li>\n              <a\n                href=\"https:\/\/gemini.pl\/multi-mam-protect-ochronny-balsam-pielegnacyjny-do-sutkow-matek-karmiacych-30-ml-9065855\" onclick=\"dataLayer.push({'event':'ga_event', 'eventCategory':'Click on Reseller', 'eventAction':'Gemini', 'eventLabel':'Multi-Mam\u00ae Protect', 'eventValue': undefined})\" rel=\"noopener\" target=\"_blank\" title=\"Gemini\"\n                data-testid=\"buy-now-reseller\">\n                <i class=\"fa-solid fa-arrow-right\"><\/i> Gemini\n              <\/a>\n          <\/li>\n                <\/ul>\n    <\/div>\n  <\/div>\n  <\/div>\n            <\/div>\n                      <div class=\"swiper-slide\">\n              <div class=\"product-card\" data-testid=\"product-card\">\n  <a\n    href=https:\/\/multi-mam.com\/pl\/produkt\/multi-mam-babydent\/\n    class=\"product-card-link\"\n    title=\"Multi-Mam\u00ae BabyDent\"\n  >\n  <figure class=\"product-card-image\" data-testid=\"product-image\">\n                          <img decoding=\"async\" src=\"https:\/\/multi-mam.com\/cdn-cgi\/image\/width=700,format=auto\/app\/uploads\/sites\/32\/2025\/07\/MultiMamBabyDent.png\"\n        srcset=\"https:\/\/multi-mam.com\/cdn-cgi\/image\/width=250,format=auto\/app\/uploads\/sites\/32\/2025\/07\/MultiMamBabyDent.png 250w,\n                https:\/\/multi-mam.com\/cdn-cgi\/image\/width=500,format=auto\/app\/uploads\/sites\/32\/2025\/07\/MultiMamBabyDent.png 500w,\n                https:\/\/multi-mam.com\/cdn-cgi\/image\/width=700,format=auto\/app\/uploads\/sites\/32\/2025\/07\/MultiMamBabyDent.png 700w\"\n        sizes=\"(max-width: 400px) 250px, (max-width: 800px) 500px, 700px\"\n        alt=\"\"\n        class=\"img\">\n            <\/figure>\n    <div class=\"product-card-content\">\n      <div class=\"heading-wrapper\">\n        <h2 class=\"heading\">Multi-Mam\u00ae BabyDent<\/h2>\n      <\/div>\n      <div class=\"product-card-description\">\u0141agodz\u0105cy \u017cel na z\u0105bkowanie u niemowl\u0105t<\/div>\n                      <\/div>\n  <\/a>\n          <div class=\"button-wrapper buy-now no-resellers\" data-testid=\"buy-now\">\n          <div class=\"buy-now-container dropdown-container\">\n    <a\n      class=\"theme-button button-primary-color rounded-button\"\n      href=\"https:\/\/gemini.pl\/multi-mam-babydent-zel-dla-zabkujacych-dzieci-15-ml-0063514\" onclick=\"dataLayer.push({'event':'ga_event', 'eventCategory':'Click on Reseller', 'eventAction':'Gemini', 'eventLabel':'Multi-Mam\u00ae BabyDent', 'eventValue': undefined})\" rel=\"noopener\" target=\"_blank\" title=\"Gemini\"\n      data-testid=\"buy-now-reseller\">\n      Kup teraz\n    <\/a>\n    <\/div>\n  <\/div>\n  <\/div>\n            <\/div>\n                  <\/div>\n        <div class=\"swiper-scrollbar\"><\/div>\n      <\/div>\n    <\/div>\n  <\/div>\n\n\n\n<section class=\"wp-block-karopharma-image-with-text image-with-text image-with-text__full-width is-style-primary\"><div class=\"image-with-text-container \"><div class=\"image-with-text-container-image-container\"><img decoding=\"async\" loading=\"lazy\" src=\"https:\/\/multi-mam.com\/cdn-cgi\/image\/format=auto\/app\/uploads\/sites\/32\/2025\/07\/start-multimam.jpeg\" alt=\"start-multimam\"\/><\/div><div class=\"image-with-text-container-content\" style=\"text-align:left\" data-test=\"content\"><div class=\"content\"><h2>Cieszcie si\u0119 sob\u0105 nawzajem<\/h2><p class=\"body\" data-test=\"body\">Zostanie mam\u0105 to przyjemne, wyj\u0105tkowe uczucie, ale opieka nad dzieckiem mo\u017ce by\u0107 przyt\u0142aczaj\u0105ca. W tym szczeg\u00f3lnym okresie \u0142atwo zapomnie\u0107, \u017ce dbanie o siebie jest r\u00f3wnie wa\u017cne, co troska o dziecko. Wyzwania, takie jak obola\u0142e sutki, zm\u0119czenie i dyskomfort zwi\u0105zany z z\u0105bkowaniem s\u0105 powszechne w\u015br\u00f3d \u015bwie\u017co upieczonych mam, wi\u0119c mo\u017ce by\u0107 Ci potrzebna dodatkowa pomoc. To dlatego warto wybra\u0107 Multi-Mam, aby zapewni\u0107 sobie dobry start. Je\u015bli b\u0119dziesz czu\u0107 si\u0119 dobrze jako mama, ten dobrostan prawdopodobnie udzieli si\u0119 Twojemu dziecku.<\/p>\n<div class=\"wp-block-buttons is-content-justification-left is-layout-flex wp-container-core-buttons-is-layout-fdcfc74e wp-block-buttons-is-layout-flex\">\n<div class=\"wp-block-button\"><a class=\"wp-block-button__link wp-element-button\" href=\"https:\/\/multi-mam.com\/pl\/produkty\/\">Odkryj produkty<\/a><\/div>\n<\/div>\n<\/div><\/div><\/div><\/section>\n","protected":false},"excerpt":{"rendered":"","protected":false},"author":2,"featured_media":0,"parent":0,"menu_order":0,"comment_status":"closed","ping_status":"closed","template":"","meta":{"_acf_changed":false,"footnotes":""},"from-article-database":[],"class_list":["post-5","page","type-page","status-publish","hentry"],"acf":[],"yoast_head":"<!-- This site is optimized with the Yoast SEO plugin v26.6 - https:\/\/yoast.com\/wordpress\/plugins\/seo\/ -->\n<title>Multi-Mam - Multi-Mam<\/title>\n<meta name=\"description\" content=\"&quot;Wszystko, czego Ci potrzeba, to mi\u0142o\u015b\u0107\u2026oraz Multi-Mam\u00ae dla Ciebie i Twojego malucha.&quot;\" \/>\n<meta name=\"robots\" content=\"index, follow, max-snippet:-1, max-image-preview:large, max-video-preview:-1\" \/>\n<link rel=\"canonical\" href=\"https:\/\/multi-mam.com\/pl\/\" \/>\n<meta property=\"og:locale\" content=\"pl_PL\" \/>\n<meta property=\"og:type\" content=\"article\" \/>\n<meta property=\"og:title\" content=\"Multi-Mam - Multi-Mam\" \/>\n<meta property=\"og:description\" content=\"&quot;Wszystko, czego Ci potrzeba, to mi\u0142o\u015b\u0107\u2026oraz Multi-Mam\u00ae dla Ciebie i Twojego malucha.&quot;\" \/>\n<meta property=\"og:url\" content=\"https:\/\/multi-mam.com\/pl\/\" \/>\n<meta property=\"og:site_name\" content=\"Multi-Mam\" \/>\n<meta property=\"article:modified_time\" content=\"2026-03-09T09:10:30+00:00\" \/>\n<meta property=\"og:image\" content=\"https:\/\/multi-mam.com\/app\/uploads\/sites\/32\/2026\/03\/KARO-MULTIMAM-020716_MM-Digital-Campaign_1920x800px_Pop-up_6.jpg\" \/>\n<meta name=\"twitter:card\" content=\"summary_large_image\" \/>\n<meta name=\"twitter:label1\" content=\"Szacowany czas czytania\" \/>\n\t<meta name=\"twitter:data1\" content=\"2 minuty\" \/>\n<script type=\"application\/ld+json\" class=\"yoast-schema-graph\">{\"@context\":\"https:\/\/schema.org\",\"@graph\":[{\"@type\":\"WebPage\",\"@id\":\"https:\/\/multi-mam.com\/pl\/\",\"url\":\"https:\/\/multi-mam.com\/pl\/\",\"name\":\"Multi-Mam - Multi-Mam\",\"isPartOf\":{\"@id\":\"https:\/\/multi-mam.com\/pl\/#website\"},\"primaryImageOfPage\":{\"@id\":\"https:\/\/multi-mam.com\/pl\/#primaryimage\"},\"image\":{\"@id\":\"https:\/\/multi-mam.com\/pl\/#primaryimage\"},\"thumbnailUrl\":\"https:\/\/multi-mam.com\/app\/uploads\/sites\/32\/2026\/03\/KARO-MULTIMAM-020716_MM-Digital-Campaign_1920x800px_Pop-up_6.jpg\",\"datePublished\":\"2025-07-07T12:04:03+00:00\",\"dateModified\":\"2026-03-09T09:10:30+00:00\",\"description\":\"\\\"Wszystko, czego Ci potrzeba, to mi\u0142o\u015b\u0107\u2026oraz Multi-Mam\u00ae dla Ciebie i Twojego malucha.\\\"\",\"breadcrumb\":{\"@id\":\"https:\/\/multi-mam.com\/pl\/#breadcrumb\"},\"inLanguage\":\"pl-PL\",\"potentialAction\":[{\"@type\":\"ReadAction\",\"target\":[\"https:\/\/multi-mam.com\/pl\/\"]}]},{\"@type\":\"ImageObject\",\"inLanguage\":\"pl-PL\",\"@id\":\"https:\/\/multi-mam.com\/pl\/#primaryimage\",\"url\":\"https:\/\/multi-mam.com\/app\/uploads\/sites\/32\/2026\/03\/KARO-MULTIMAM-020716_MM-Digital-Campaign_1920x800px_Pop-up_6.jpg\",\"contentUrl\":\"https:\/\/multi-mam.com\/app\/uploads\/sites\/32\/2026\/03\/KARO-MULTIMAM-020716_MM-Digital-Campaign_1920x800px_Pop-up_6.jpg\"},{\"@type\":\"BreadcrumbList\",\"@id\":\"https:\/\/multi-mam.com\/pl\/#breadcrumb\",\"itemListElement\":[{\"@type\":\"ListItem\",\"position\":1,\"name\":\"Home\",\"item\":\"https:\/\/multi-mam.com\/pl\/\"},{\"@type\":\"ListItem\",\"position\":2,\"name\":\"Multi-Mam\"}]},{\"@type\":\"WebSite\",\"@id\":\"https:\/\/multi-mam.com\/pl\/#website\",\"url\":\"https:\/\/multi-mam.com\/pl\/\",\"name\":\"Multi-Mam\",\"description\":\"\",\"publisher\":{\"@id\":\"https:\/\/multi-mam.com\/pl\/#organization\"},\"potentialAction\":[{\"@type\":\"SearchAction\",\"target\":{\"@type\":\"EntryPoint\",\"urlTemplate\":\"https:\/\/multi-mam.com\/pl\/?s={search_term_string}\"},\"query-input\":{\"@type\":\"PropertyValueSpecification\",\"valueRequired\":true,\"valueName\":\"search_term_string\"}}],\"inLanguage\":\"pl-PL\"},{\"@type\":\"Organization\",\"@id\":\"https:\/\/multi-mam.com\/pl\/#organization\",\"name\":\"Multi-Mam\",\"url\":\"https:\/\/multi-mam.com\/pl\/\",\"logo\":{\"@type\":\"ImageObject\",\"inLanguage\":\"pl-PL\",\"@id\":\"https:\/\/multi-mam.com\/pl\/#\/schema\/logo\/image\/\",\"url\":\"https:\/\/multi-mam.com\/app\/uploads\/sites\/32\/2025\/07\/multi-mam-logotype.png\",\"contentUrl\":\"https:\/\/multi-mam.com\/app\/uploads\/sites\/32\/2025\/07\/multi-mam-logotype.png\",\"width\":70,\"height\":96,\"caption\":\"Multi-Mam\"},\"image\":{\"@id\":\"https:\/\/multi-mam.com\/pl\/#\/schema\/logo\/image\/\"}}]}<\/script>\n<!-- \/ Yoast SEO plugin. -->","yoast_head_json":{"title":"Multi-Mam - Multi-Mam","description":"\"Wszystko, czego Ci potrzeba, to mi\u0142o\u015b\u0107\u2026oraz Multi-Mam\u00ae dla Ciebie i Twojego malucha.\"","robots":{"index":"index","follow":"follow","max-snippet":"max-snippet:-1","max-image-preview":"max-image-preview:large","max-video-preview":"max-video-preview:-1"},"canonical":"https:\/\/multi-mam.com\/pl\/","og_locale":"pl_PL","og_type":"article","og_title":"Multi-Mam - Multi-Mam","og_description":"\"Wszystko, czego Ci potrzeba, to mi\u0142o\u015b\u0107\u2026oraz Multi-Mam\u00ae dla Ciebie i Twojego malucha.\"","og_url":"https:\/\/multi-mam.com\/pl\/","og_site_name":"Multi-Mam","article_modified_time":"2026-03-09T09:10:30+00:00","og_image":[{"url":"https:\/\/multi-mam.com\/app\/uploads\/sites\/32\/2026\/03\/KARO-MULTIMAM-020716_MM-Digital-Campaign_1920x800px_Pop-up_6.jpg","type":"","width":"","height":""}],"twitter_card":"summary_large_image","twitter_misc":{"Szacowany czas czytania":"2 minuty"},"schema":{"@context":"https:\/\/schema.org","@graph":[{"@type":"WebPage","@id":"https:\/\/multi-mam.com\/pl\/","url":"https:\/\/multi-mam.com\/pl\/","name":"Multi-Mam - Multi-Mam","isPartOf":{"@id":"https:\/\/multi-mam.com\/pl\/#website"},"primaryImageOfPage":{"@id":"https:\/\/multi-mam.com\/pl\/#primaryimage"},"image":{"@id":"https:\/\/multi-mam.com\/pl\/#primaryimage"},"thumbnailUrl":"https:\/\/multi-mam.com\/app\/uploads\/sites\/32\/2026\/03\/KARO-MULTIMAM-020716_MM-Digital-Campaign_1920x800px_Pop-up_6.jpg","datePublished":"2025-07-07T12:04:03+00:00","dateModified":"2026-03-09T09:10:30+00:00","description":"\"Wszystko, czego Ci potrzeba, to mi\u0142o\u015b\u0107\u2026oraz Multi-Mam\u00ae dla Ciebie i Twojego malucha.\"","breadcrumb":{"@id":"https:\/\/multi-mam.com\/pl\/#breadcrumb"},"inLanguage":"pl-PL","potentialAction":[{"@type":"ReadAction","target":["https:\/\/multi-mam.com\/pl\/"]}]},{"@type":"ImageObject","inLanguage":"pl-PL","@id":"https:\/\/multi-mam.com\/pl\/#primaryimage","url":"https:\/\/multi-mam.com\/app\/uploads\/sites\/32\/2026\/03\/KARO-MULTIMAM-020716_MM-Digital-Campaign_1920x800px_Pop-up_6.jpg","contentUrl":"https:\/\/multi-mam.com\/app\/uploads\/sites\/32\/2026\/03\/KARO-MULTIMAM-020716_MM-Digital-Campaign_1920x800px_Pop-up_6.jpg"},{"@type":"BreadcrumbList","@id":"https:\/\/multi-mam.com\/pl\/#breadcrumb","itemListElement":[{"@type":"ListItem","position":1,"name":"Home","item":"https:\/\/multi-mam.com\/pl\/"},{"@type":"ListItem","position":2,"name":"Multi-Mam"}]},{"@type":"WebSite","@id":"https:\/\/multi-mam.com\/pl\/#website","url":"https:\/\/multi-mam.com\/pl\/","name":"Multi-Mam","description":"","publisher":{"@id":"https:\/\/multi-mam.com\/pl\/#organization"},"potentialAction":[{"@type":"SearchAction","target":{"@type":"EntryPoint","urlTemplate":"https:\/\/multi-mam.com\/pl\/?s={search_term_string}"},"query-input":{"@type":"PropertyValueSpecification","valueRequired":true,"valueName":"search_term_string"}}],"inLanguage":"pl-PL"},{"@type":"Organization","@id":"https:\/\/multi-mam.com\/pl\/#organization","name":"Multi-Mam","url":"https:\/\/multi-mam.com\/pl\/","logo":{"@type":"ImageObject","inLanguage":"pl-PL","@id":"https:\/\/multi-mam.com\/pl\/#\/schema\/logo\/image\/","url":"https:\/\/multi-mam.com\/app\/uploads\/sites\/32\/2025\/07\/multi-mam-logotype.png","contentUrl":"https:\/\/multi-mam.com\/app\/uploads\/sites\/32\/2025\/07\/multi-mam-logotype.png","width":70,"height":96,"caption":"Multi-Mam"},"image":{"@id":"https:\/\/multi-mam.com\/pl\/#\/schema\/logo\/image\/"}}]}},"_links":{"self":[{"href":"https:\/\/multi-mam.com\/pl\/wp-json\/wp\/v2\/pages\/5","targetHints":{"allow":["GET"]}}],"collection":[{"href":"https:\/\/multi-mam.com\/pl\/wp-json\/wp\/v2\/pages"}],"about":[{"href":"https:\/\/multi-mam.com\/pl\/wp-json\/wp\/v2\/types\/page"}],"author":[{"embeddable":true,"href":"https:\/\/multi-mam.com\/pl\/wp-json\/wp\/v2\/users\/2"}],"replies":[{"embeddable":true,"href":"https:\/\/multi-mam.com\/pl\/wp-json\/wp\/v2\/comments?post=5"}],"version-history":[{"count":9,"href":"https:\/\/multi-mam.com\/pl\/wp-json\/wp\/v2\/pages\/5\/revisions"}],"predecessor-version":[{"id":144,"href":"https:\/\/multi-mam.com\/pl\/wp-json\/wp\/v2\/pages\/5\/revisions\/144"}],"wp:attachment":[{"href":"https:\/\/multi-mam.com\/pl\/wp-json\/wp\/v2\/media?parent=5"}],"wp:term":[{"taxonomy":"from-article-database","embeddable":true,"href":"https:\/\/multi-mam.com\/pl\/wp-json\/wp\/v2\/from-article-database?post=5"}],"curies":[{"name":"wp","href":"https:\/\/api.w.org\/{rel}","templated":true}]}}