{"id":36,"date":"2025-07-07T12:23:19","date_gmt":"2025-07-07T12:23:19","guid":{"rendered":"https:\/\/multi-mam.com\/pl\/?page_id=36"},"modified":"2026-03-09T10:10:09","modified_gmt":"2026-03-09T09:10:09","slug":"czesto-zadawane-pytania","status":"publish","type":"page","link":"https:\/\/multi-mam.com\/pl\/czesto-zadawane-pytania\/","title":{"rendered":"Cz\u0119sto zadawane pytania"},"content":{"rendered":"\n<div class=\"wp-block-karopharma-background-image-with-text-v2 background-image-with-text-v2 undefined content-position-center fixed-height-layout\" datatest=\"root\"><div class=\"background-image-with-text-wrapper\"><picture class=\"background-image-with-text-image\"><source media=\"(max-width: 560px)\" srcset=\"https:\/\/multi-mam.com\/cdn-cgi\/image\/format=auto,width=560\/app\/uploads\/sites\/32\/2025\/07\/faq.jpeg\"\/><source media=\"(max-width: 800px)\" srcset=\"https:\/\/multi-mam.com\/cdn-cgi\/image\/format=auto,width=800\/app\/uploads\/sites\/32\/2025\/07\/faq.jpeg\"\/><source media=\"(max-width: 1920px)\" srcset=\"https:\/\/multi-mam.com\/cdn-cgi\/image\/format=auto,width=1920\/app\/uploads\/sites\/32\/2025\/07\/faq.jpeg\"\/><img decoding=\"async\" width=\"1400\" height=\"933\" datatest=\"background-image\" loading=\"lazy\" class=\"object-center object-cover\" src=\"https:\/\/multi-mam.com\/cdn-cgi\/image\/format=auto\/app\/uploads\/sites\/32\/2025\/07\/faq.jpeg\" alt=\"faq\"\/><\/picture><div datatest=\"content-wrapper\" class=\"background-image-with-text-content-wrapper container max-w-medium text-alignment-center  pt-large pb-large\"><div class=\"content\"><h1 datatest=\"heading\" class=\"\">FAQ<\/h1>\n<div class=\"wp-block-buttons is-layout-flex wp-block-buttons-is-layout-flex\"><\/div>\n<\/div><\/div><\/div><\/div>\n\n\n\n<div class=\"wp-block-karopharma-accordions\"><div class=\"container\">\n<details class=\"wp-block-karopharma-accordion\"><summary><h2 class=\"accordion-title\">Czy musz\u0119 usuwa\u0107 balsam Multi-Mam Protect przed karmieniem piersi\u0105?<\/h2><\/summary><div class=\"accordion-content\">\n<p>Nie, jest nieszkodliwy w przypadku po\u0142kni\u0119cia i ma neutralny smak oraz zapach. Szczeg\u00f3lnie zaleca si\u0119 nak\u0142adanie balsamu bezpo\u015brednio po karmieniu \u2013 w przypadku zastosowania przed karmieniem mo\u017ce utrudnia\u0107 dziecku przystawienie do piersi.<\/p>\n<\/div><\/details>\n\n\n\n<details class=\"wp-block-karopharma-accordion\"><summary><h2 class=\"accordion-title\">Jak cz\u0119sto stosowa\u0107 balsam Multi-Mam Protect?<\/h2><\/summary><div class=\"accordion-content\">\n<p><br>W miar\u0119 potrzeb. Szczeg\u00f3lnie zalecane jest na\u0142o\u017cenie balsamu tu\u017c po karmieniu.<\/p>\n<\/div><\/details>\n\n\n\n<details class=\"wp-block-karopharma-accordion\"><summary><h2 class=\"accordion-title\">Jaka jest r\u00f3\u017cnica mi\u0119dzy balsamem Multi-Mam Protect a lanolin\u0105 Multi-Mam?<\/h2><\/summary><div class=\"accordion-content\">\n<p>Balsam Multi-Mam Balm powsta\u0142 na bazie ca\u0142ej gamy olejk\u00f3w pochodzenia ro\u015blinnego i ma nielepi\u0105c\u0105 si\u0119 konsystencj\u0119. Lanolina Multi-Mam pozyskiwana jest z naturalnego t\u0142uszczu we\u0142nianego.<\/p>\n<\/div><\/details>\n\n\n\n<details class=\"wp-block-karopharma-accordion\"><summary><h2 class=\"accordion-title\">Ci\u0105gle dokuczaj\u0105 mi pop\u0119kane sutki, kt\u00f3re s\u0105 bolesne. Co mog\u0119 na to poradzi\u0107?<\/h2><\/summary><div class=\"accordion-content\">\n<p>U\u017cywaj kremu, kt\u00f3ry zmi\u0119kcza i odbudowuje tkank\u0119 sk\u00f3ry i kt\u00f3rego nie trzeba usuwa\u0107 przed karmieniem. Balsam Multi-Mam Balm wzmacnia i od\u017cywia tkank\u0119 sk\u00f3ry. Opracowany na bazie naturalnych sk\u0142adnik\u00f3w, jest bezsmakowy i nieszkodliwy w przypadku po\u0142kni\u0119cia, dlatego zapewnia optymaln\u0105 ochron\u0119 podczas karmienia i w ci\u0105gu dnia. Na obola\u0142e sutki mo\u017cna r\u00f3wnie\u017c spr\u00f3bowa\u0107 kompres\u00f3w Multi-Mam.<\/p>\n<\/div><\/details>\n\n\n\n<details class=\"wp-block-karopharma-accordion\"><summary><h2 class=\"accordion-title\">Jakie s\u0105 przyczyny problem\u00f3w z sutkami?<\/h2><\/summary><div class=\"accordion-content\">\n<p>Wi\u0119kszo\u015b\u0107 ran sutk\u00f3w jest wynikiem z\u0142ego przystawienia dziecka do piersi; wa\u017cne jest, aby najwra\u017cliwsza cz\u0119\u015b\u0107 tkanki sutka znalaz\u0142a si\u0119 g\u0142\u0119boko w ustach dziecka. U\u017cywanie produkt\u00f3w, kt\u00f3re zmniejszaj\u0105 naturaln\u0105 barier\u0119 ochronn\u0105 sk\u00f3ry, takich jak myd\u0142a i szampony, mo\u017ce tak\u017ce wywo\u0142ywa\u0107 p\u0119kni\u0119cia sutk\u00f3w. Potencjalne przyczyny problem\u00f3w z sutkami to tak\u017ce infekcje dro\u017cd\u017cakowe lub tendencja do przesuszania sk\u00f3ry.<\/p>\n<\/div><\/details>\n\n\n\n<details class=\"wp-block-karopharma-accordion\"><summary><h2 class=\"accordion-title\">Jak stosowa\u0107 kompresy Multi-Mam?<\/h2><\/summary><div class=\"accordion-content\">\n<p>Otw\u00f3rz saszetk\u0119, rozwi\u0144 kompres i po\u0142\u00f3\u017c go nasycon\u0105 \u017celem stron\u0105 na obola\u0142ym sutku. Pozostaw kompres na sutku tak d\u0142ugo, jak potrzebujesz. Zobacz zalecenia dotycz\u0105ce czasu stosowania poni\u017cej.<\/p>\n<\/div><\/details>\n\n\n\n<details class=\"wp-block-karopharma-accordion\"><summary><h2 class=\"accordion-title\">Kiedy u\u017cywa\u0107 kompres\u00f3w Multi-Mam \u2013 przed czy po karmieniu piersi\u0105?<\/h2><\/summary><div class=\"accordion-content\">\n<p>Zalecamy stosowanie kompres\u00f3w Multi-Mam tu\u017c po karmieniu \u2013 stosowanie przed karmieniem mo\u017ce utrudni\u0107 dziecku przystawienie do piersi.<\/p>\n<\/div><\/details>\n\n\n\n<details class=\"wp-block-karopharma-accordion\"><summary><h2 class=\"accordion-title\">Jak d\u0142ugo pozostawi\u0107 kompres Multi-Mam na piersi?<\/h2><\/summary><div class=\"accordion-content\">\n<p>Najlepiej przez 30 minut; co najmniej jednak przez 10 minut i maksymalnie przez godzin\u0119.<\/p>\n<\/div><\/details>\n\n\n\n<details class=\"wp-block-karopharma-accordion\"><summary><h2 class=\"accordion-title\">Ile razy mo\u017cna stosowa\u0107 kompresy Multi-Mam?<\/h2><\/summary><div class=\"accordion-content\">\n<p>Ka\u017cdy kompres s\u0142u\u017cy do jednorazowego u\u017cytku. Po u\u017cyciu nale\u017cy go zutylizowa\u0107 ze wzgl\u0119d\u00f3w higienicznych.<\/p>\n<\/div><\/details>\n\n\n\n<details class=\"wp-block-karopharma-accordion\"><summary><h2 class=\"accordion-title\">Czy po\u0142kni\u0119cie przez moje dziecko \u017celu z kompresu Multi-Mam mo\u017ce by\u0107 szkodliwe?<\/h2><\/summary><div class=\"accordion-content\">\n<p>Nie, \u017cel jest bezpieczny dla dziecka. Przed karmieniem nie trzeba usuwa\u0107 pozosta\u0142o\u015bci \u017celu.<\/p>\n<\/div><\/details>\n<\/div><\/div>\n","protected":false},"excerpt":{"rendered":"","protected":false},"author":2,"featured_media":0,"parent":0,"menu_order":0,"comment_status":"closed","ping_status":"closed","template":"","meta":{"_acf_changed":false,"footnotes":""},"from-article-database":[],"class_list":["post-36","page","type-page","status-publish","hentry"],"acf":[],"yoast_head":"<!-- This site is optimized with the Yoast SEO plugin v26.6 - https:\/\/yoast.com\/wordpress\/plugins\/seo\/ -->\n<title>Cz\u0119sto zadawane pytania - Multi-Mam<\/title>\n<meta name=\"description\" content=\"Czy musz\u0119 usuwa\u0107 balsam Multi-Mam Protect przed karmieniem piersi\u0105? Jak cz\u0119sto stosowa\u0107 balsam Multi-Mam Protect? Jaka jest r\u00f3\u017cnica mi\u0119dzy balsamem Multi-Mam Protect a lanolin\u0105 Multi-Mam?\" \/>\n<meta name=\"robots\" content=\"index, follow, max-snippet:-1, max-image-preview:large, max-video-preview:-1\" \/>\n<link rel=\"canonical\" href=\"https:\/\/multi-mam.com\/pl\/czesto-zadawane-pytania\/\" \/>\n<meta property=\"og:locale\" content=\"pl_PL\" \/>\n<meta property=\"og:type\" content=\"article\" \/>\n<meta property=\"og:title\" content=\"Cz\u0119sto zadawane pytania - Multi-Mam\" \/>\n<meta property=\"og:description\" content=\"Czy musz\u0119 usuwa\u0107 balsam Multi-Mam Protect przed karmieniem piersi\u0105? Jak cz\u0119sto stosowa\u0107 balsam Multi-Mam Protect? Jaka jest r\u00f3\u017cnica mi\u0119dzy balsamem Multi-Mam Protect a lanolin\u0105 Multi-Mam?\" \/>\n<meta property=\"og:url\" content=\"https:\/\/multi-mam.com\/pl\/czesto-zadawane-pytania\/\" \/>\n<meta property=\"og:site_name\" content=\"Multi-Mam\" \/>\n<meta property=\"article:modified_time\" content=\"2026-03-09T09:10:09+00:00\" \/>\n<meta property=\"og:image\" content=\"https:\/\/multi-mam.com\/cdn-cgi\/image\/format=auto\/app\/uploads\/sites\/32\/2025\/07\/faq.jpeg\" \/>\n<meta name=\"twitter:card\" content=\"summary_large_image\" \/>\n<meta name=\"twitter:label1\" content=\"Szacowany czas czytania\" \/>\n\t<meta name=\"twitter:data1\" content=\"3 minuty\" \/>\n<script type=\"application\/ld+json\" class=\"yoast-schema-graph\">{\"@context\":\"https:\/\/schema.org\",\"@graph\":[{\"@type\":\"WebPage\",\"@id\":\"https:\/\/multi-mam.com\/pl\/czesto-zadawane-pytania\/\",\"url\":\"https:\/\/multi-mam.com\/pl\/czesto-zadawane-pytania\/\",\"name\":\"Cz\u0119sto zadawane pytania - Multi-Mam\",\"isPartOf\":{\"@id\":\"https:\/\/multi-mam.com\/pl\/#website\"},\"primaryImageOfPage\":{\"@id\":\"https:\/\/multi-mam.com\/pl\/czesto-zadawane-pytania\/#primaryimage\"},\"image\":{\"@id\":\"https:\/\/multi-mam.com\/pl\/czesto-zadawane-pytania\/#primaryimage\"},\"thumbnailUrl\":\"https:\/\/multi-mam.com\/cdn-cgi\/image\/format=auto\/app\/uploads\/sites\/32\/2025\/07\/faq.jpeg\",\"datePublished\":\"2025-07-07T12:23:19+00:00\",\"dateModified\":\"2026-03-09T09:10:09+00:00\",\"description\":\"Czy musz\u0119 usuwa\u0107 balsam Multi-Mam Protect przed karmieniem piersi\u0105? Jak cz\u0119sto stosowa\u0107 balsam Multi-Mam Protect? Jaka jest r\u00f3\u017cnica mi\u0119dzy balsamem Multi-Mam Protect a lanolin\u0105 Multi-Mam?\",\"breadcrumb\":{\"@id\":\"https:\/\/multi-mam.com\/pl\/czesto-zadawane-pytania\/#breadcrumb\"},\"inLanguage\":\"pl-PL\",\"potentialAction\":[{\"@type\":\"ReadAction\",\"target\":[\"https:\/\/multi-mam.com\/pl\/czesto-zadawane-pytania\/\"]}]},{\"@type\":\"ImageObject\",\"inLanguage\":\"pl-PL\",\"@id\":\"https:\/\/multi-mam.com\/pl\/czesto-zadawane-pytania\/#primaryimage\",\"url\":\"https:\/\/multi-mam.com\/cdn-cgi\/image\/format=auto\/app\/uploads\/sites\/32\/2025\/07\/faq.jpeg\",\"contentUrl\":\"https:\/\/multi-mam.com\/cdn-cgi\/image\/format=auto\/app\/uploads\/sites\/32\/2025\/07\/faq.jpeg\"},{\"@type\":\"BreadcrumbList\",\"@id\":\"https:\/\/multi-mam.com\/pl\/czesto-zadawane-pytania\/#breadcrumb\",\"itemListElement\":[{\"@type\":\"ListItem\",\"position\":1,\"name\":\"Home\",\"item\":\"https:\/\/multi-mam.com\/pl\/\"},{\"@type\":\"ListItem\",\"position\":2,\"name\":\"Cz\u0119sto zadawane pytania\"}]},{\"@type\":\"WebSite\",\"@id\":\"https:\/\/multi-mam.com\/pl\/#website\",\"url\":\"https:\/\/multi-mam.com\/pl\/\",\"name\":\"Multi-Mam\",\"description\":\"\",\"publisher\":{\"@id\":\"https:\/\/multi-mam.com\/pl\/#organization\"},\"potentialAction\":[{\"@type\":\"SearchAction\",\"target\":{\"@type\":\"EntryPoint\",\"urlTemplate\":\"https:\/\/multi-mam.com\/pl\/?s={search_term_string}\"},\"query-input\":{\"@type\":\"PropertyValueSpecification\",\"valueRequired\":true,\"valueName\":\"search_term_string\"}}],\"inLanguage\":\"pl-PL\"},{\"@type\":\"Organization\",\"@id\":\"https:\/\/multi-mam.com\/pl\/#organization\",\"name\":\"Multi-Mam\",\"url\":\"https:\/\/multi-mam.com\/pl\/\",\"logo\":{\"@type\":\"ImageObject\",\"inLanguage\":\"pl-PL\",\"@id\":\"https:\/\/multi-mam.com\/pl\/#\/schema\/logo\/image\/\",\"url\":\"https:\/\/multi-mam.com\/app\/uploads\/sites\/32\/2025\/07\/multi-mam-logotype.png\",\"contentUrl\":\"https:\/\/multi-mam.com\/app\/uploads\/sites\/32\/2025\/07\/multi-mam-logotype.png\",\"width\":70,\"height\":96,\"caption\":\"Multi-Mam\"},\"image\":{\"@id\":\"https:\/\/multi-mam.com\/pl\/#\/schema\/logo\/image\/\"}}]}<\/script>\n<!-- \/ Yoast SEO plugin. -->","yoast_head_json":{"title":"Cz\u0119sto zadawane pytania - Multi-Mam","description":"Czy musz\u0119 usuwa\u0107 balsam Multi-Mam Protect przed karmieniem piersi\u0105? Jak cz\u0119sto stosowa\u0107 balsam Multi-Mam Protect? Jaka jest r\u00f3\u017cnica mi\u0119dzy balsamem Multi-Mam Protect a lanolin\u0105 Multi-Mam?","robots":{"index":"index","follow":"follow","max-snippet":"max-snippet:-1","max-image-preview":"max-image-preview:large","max-video-preview":"max-video-preview:-1"},"canonical":"https:\/\/multi-mam.com\/pl\/czesto-zadawane-pytania\/","og_locale":"pl_PL","og_type":"article","og_title":"Cz\u0119sto zadawane pytania - Multi-Mam","og_description":"Czy musz\u0119 usuwa\u0107 balsam Multi-Mam Protect przed karmieniem piersi\u0105? Jak cz\u0119sto stosowa\u0107 balsam Multi-Mam Protect? Jaka jest r\u00f3\u017cnica mi\u0119dzy balsamem Multi-Mam Protect a lanolin\u0105 Multi-Mam?","og_url":"https:\/\/multi-mam.com\/pl\/czesto-zadawane-pytania\/","og_site_name":"Multi-Mam","article_modified_time":"2026-03-09T09:10:09+00:00","og_image":[{"url":"https:\/\/multi-mam.com\/cdn-cgi\/image\/format=auto\/app\/uploads\/sites\/32\/2025\/07\/faq.jpeg","type":"","width":"","height":""}],"twitter_card":"summary_large_image","twitter_misc":{"Szacowany czas czytania":"3 minuty"},"schema":{"@context":"https:\/\/schema.org","@graph":[{"@type":"WebPage","@id":"https:\/\/multi-mam.com\/pl\/czesto-zadawane-pytania\/","url":"https:\/\/multi-mam.com\/pl\/czesto-zadawane-pytania\/","name":"Cz\u0119sto zadawane pytania - Multi-Mam","isPartOf":{"@id":"https:\/\/multi-mam.com\/pl\/#website"},"primaryImageOfPage":{"@id":"https:\/\/multi-mam.com\/pl\/czesto-zadawane-pytania\/#primaryimage"},"image":{"@id":"https:\/\/multi-mam.com\/pl\/czesto-zadawane-pytania\/#primaryimage"},"thumbnailUrl":"https:\/\/multi-mam.com\/cdn-cgi\/image\/format=auto\/app\/uploads\/sites\/32\/2025\/07\/faq.jpeg","datePublished":"2025-07-07T12:23:19+00:00","dateModified":"2026-03-09T09:10:09+00:00","description":"Czy musz\u0119 usuwa\u0107 balsam Multi-Mam Protect przed karmieniem piersi\u0105? Jak cz\u0119sto stosowa\u0107 balsam Multi-Mam Protect? Jaka jest r\u00f3\u017cnica mi\u0119dzy balsamem Multi-Mam Protect a lanolin\u0105 Multi-Mam?","breadcrumb":{"@id":"https:\/\/multi-mam.com\/pl\/czesto-zadawane-pytania\/#breadcrumb"},"inLanguage":"pl-PL","potentialAction":[{"@type":"ReadAction","target":["https:\/\/multi-mam.com\/pl\/czesto-zadawane-pytania\/"]}]},{"@type":"ImageObject","inLanguage":"pl-PL","@id":"https:\/\/multi-mam.com\/pl\/czesto-zadawane-pytania\/#primaryimage","url":"https:\/\/multi-mam.com\/cdn-cgi\/image\/format=auto\/app\/uploads\/sites\/32\/2025\/07\/faq.jpeg","contentUrl":"https:\/\/multi-mam.com\/cdn-cgi\/image\/format=auto\/app\/uploads\/sites\/32\/2025\/07\/faq.jpeg"},{"@type":"BreadcrumbList","@id":"https:\/\/multi-mam.com\/pl\/czesto-zadawane-pytania\/#breadcrumb","itemListElement":[{"@type":"ListItem","position":1,"name":"Home","item":"https:\/\/multi-mam.com\/pl\/"},{"@type":"ListItem","position":2,"name":"Cz\u0119sto zadawane pytania"}]},{"@type":"WebSite","@id":"https:\/\/multi-mam.com\/pl\/#website","url":"https:\/\/multi-mam.com\/pl\/","name":"Multi-Mam","description":"","publisher":{"@id":"https:\/\/multi-mam.com\/pl\/#organization"},"potentialAction":[{"@type":"SearchAction","target":{"@type":"EntryPoint","urlTemplate":"https:\/\/multi-mam.com\/pl\/?s={search_term_string}"},"query-input":{"@type":"PropertyValueSpecification","valueRequired":true,"valueName":"search_term_string"}}],"inLanguage":"pl-PL"},{"@type":"Organization","@id":"https:\/\/multi-mam.com\/pl\/#organization","name":"Multi-Mam","url":"https:\/\/multi-mam.com\/pl\/","logo":{"@type":"ImageObject","inLanguage":"pl-PL","@id":"https:\/\/multi-mam.com\/pl\/#\/schema\/logo\/image\/","url":"https:\/\/multi-mam.com\/app\/uploads\/sites\/32\/2025\/07\/multi-mam-logotype.png","contentUrl":"https:\/\/multi-mam.com\/app\/uploads\/sites\/32\/2025\/07\/multi-mam-logotype.png","width":70,"height":96,"caption":"Multi-Mam"},"image":{"@id":"https:\/\/multi-mam.com\/pl\/#\/schema\/logo\/image\/"}}]}},"_links":{"self":[{"href":"https:\/\/multi-mam.com\/pl\/wp-json\/wp\/v2\/pages\/36","targetHints":{"allow":["GET"]}}],"collection":[{"href":"https:\/\/multi-mam.com\/pl\/wp-json\/wp\/v2\/pages"}],"about":[{"href":"https:\/\/multi-mam.com\/pl\/wp-json\/wp\/v2\/types\/page"}],"author":[{"embeddable":true,"href":"https:\/\/multi-mam.com\/pl\/wp-json\/wp\/v2\/users\/2"}],"replies":[{"embeddable":true,"href":"https:\/\/multi-mam.com\/pl\/wp-json\/wp\/v2\/comments?post=36"}],"version-history":[{"count":1,"href":"https:\/\/multi-mam.com\/pl\/wp-json\/wp\/v2\/pages\/36\/revisions"}],"predecessor-version":[{"id":37,"href":"https:\/\/multi-mam.com\/pl\/wp-json\/wp\/v2\/pages\/36\/revisions\/37"}],"wp:attachment":[{"href":"https:\/\/multi-mam.com\/pl\/wp-json\/wp\/v2\/media?parent=36"}],"wp:term":[{"taxonomy":"from-article-database","embeddable":true,"href":"https:\/\/multi-mam.com\/pl\/wp-json\/wp\/v2\/from-article-database?post=36"}],"curies":[{"name":"wp","href":"https:\/\/api.w.org\/{rel}","templated":true}]}}