{"id":59,"date":"2022-06-20T11:36:04","date_gmt":"2022-06-20T09:36:04","guid":{"rendered":"https:\/\/multi-mam.com\/no\/?post_type=product&#038;p=59"},"modified":"2025-05-28T10:58:11","modified_gmt":"2025-05-28T08:58:11","slug":"multi-mam-kompresser","status":"publish","type":"product","link":"https:\/\/multi-mam.com\/no\/produkt\/multi-mam-kompresser\/","title":{"rendered":"Multi-Mam\u00ae Kompresser"},"content":{"rendered":"\n<div class=\"wp-block-karopharma-accordions is-style-secondary\"><div class=\"container\">\n<details class=\"wp-block-karopharma-accordion\"><summary><h2 class=\"accordion-title\">N\u00e5r b\u00f8r jeg bruke Multi-Mam Kompresser, f\u00f8r eller etter amming?<\/h2><\/summary><div class=\"accordion-content\">\n<p>Vi anbefaler at du bruker en Multi-Mam-kompress rett etter at barnet har ammet. Hvis du bruker den rett f\u00f8r amming kan fuktigheten p\u00e5 brystvorten gj\u00f8re det vanskelig for barnet \u00e5 suge.<\/p>\n<\/div><\/details>\n\n\n\n<details class=\"wp-block-karopharma-accordion\"><summary><h2 class=\"accordion-title\">Hvor lenge b\u00f8r jeg ha en Multi-Mam-kompress p\u00e5 brystet?<\/h2><\/summary><div class=\"accordion-content\">\n<p>Ideelt b\u00f8r du ha den p\u00e5 i 30 minutter, men minst i 10 minutter og maksimalt i en time.<\/p>\n<\/div><\/details>\n\n\n\n<details class=\"wp-block-karopharma-accordion\"><summary><h2 class=\"accordion-title\">Hvor mange ganger kan jeg bruke Multi-Mam Kompress?<\/h2><\/summary><div class=\"accordion-content\">\n<p>Hver kompress er til engangsbruk. Av hygieniske \u00e5rsaker skal den skal kastes etter bruk.<\/p>\n<\/div><\/details>\n\n\n\n<details class=\"wp-block-karopharma-accordion\"><summary><h2 class=\"accordion-title\">Kan det v\u00e6re skadelig for barnet mitt \u00e5 svelge noe av geleen fra Multi-Mam Kompresser?<\/h2><\/summary><div class=\"accordion-content\">\n<p>Nei, gelen er helt ufarlig for barnet. Du beh\u00f8ver ikke \u00e5 fjerne overfl\u00f8dig gel f\u00f8r du ammer.<\/p>\n<\/div><\/details>\n<\/div><\/div>\n","protected":false},"excerpt":{"rendered":"<p>Behandling av s\u00e5re brystvorter<\/p>\n","protected":false},"featured_media":60,"comment_status":"closed","ping_status":"closed","template":"","meta":{"_acf_changed":false,"footnotes":""},"product_brand":[],"product_cat":[18],"product_tag":[],"class_list":{"0":"post-59","1":"product","2":"type-product","3":"status-publish","4":"has-post-thumbnail","6":"product_cat-amming","8":"first","9":"instock","10":"shipping-taxable","11":"product-type-simple"},"acf":[],"yoast_head":"<!-- This site is optimized with the Yoast SEO plugin v26.6 - https:\/\/yoast.com\/wordpress\/plugins\/seo\/ -->\n<title>Multi-Mam\u00ae Kompresser - Multi-Mam<\/title>\n<meta name=\"description\" content=\"Multi-Mam-kompressene behandler ammeplager som \u00f8mme brystvorter, hevelser og overf\u00f8lsomhet og virker raskt avkj\u00f8lende og beroligende.\" \/>\n<meta name=\"robots\" content=\"index, follow, max-snippet:-1, max-image-preview:large, max-video-preview:-1\" \/>\n<link rel=\"canonical\" href=\"https:\/\/multi-mam.com\/no\/produkt\/multi-mam-kompresser\/\" \/>\n<meta property=\"og:locale\" content=\"nb_NO\" \/>\n<meta property=\"og:type\" content=\"article\" \/>\n<meta property=\"og:title\" content=\"Multi-Mam\u00ae Kompresser - Multi-Mam\" \/>\n<meta property=\"og:description\" content=\"Multi-Mam-kompressene behandler ammeplager som \u00f8mme brystvorter, hevelser og overf\u00f8lsomhet og virker raskt avkj\u00f8lende og beroligende.\" \/>\n<meta property=\"og:url\" content=\"https:\/\/multi-mam.com\/no\/produkt\/multi-mam-kompresser\/\" \/>\n<meta property=\"og:site_name\" content=\"Multi-Mam\" \/>\n<meta property=\"article:modified_time\" content=\"2025-05-28T08:58:11+00:00\" \/>\n<meta property=\"og:image\" content=\"https:\/\/multi-mam.com\/app\/uploads\/sites\/10\/2022\/06\/899315-Multi-Mam-kompresser.png\" \/>\n\t<meta property=\"og:image:width\" content=\"2000\" \/>\n\t<meta property=\"og:image:height\" content=\"2000\" \/>\n\t<meta property=\"og:image:type\" content=\"image\/png\" \/>\n<meta name=\"twitter:card\" content=\"summary_large_image\" \/>\n<meta name=\"twitter:label1\" content=\"Ansl. lesetid\" \/>\n\t<meta name=\"twitter:data1\" content=\"1 minutt\" \/>\n<script type=\"application\/ld+json\" class=\"yoast-schema-graph\">{\"@context\":\"https:\/\/schema.org\",\"@graph\":[{\"@type\":\"WebPage\",\"@id\":\"https:\/\/multi-mam.com\/no\/produkt\/multi-mam-kompresser\/\",\"url\":\"https:\/\/multi-mam.com\/no\/produkt\/multi-mam-kompresser\/\",\"name\":\"Multi-Mam\u00ae Kompresser - Multi-Mam\",\"isPartOf\":{\"@id\":\"https:\/\/multi-mam.com\/no\/#website\"},\"primaryImageOfPage\":{\"@id\":\"https:\/\/multi-mam.com\/no\/produkt\/multi-mam-kompresser\/#primaryimage\"},\"image\":{\"@id\":\"https:\/\/multi-mam.com\/no\/produkt\/multi-mam-kompresser\/#primaryimage\"},\"thumbnailUrl\":\"https:\/\/multi-mam.com\/app\/uploads\/sites\/10\/2022\/06\/899315-Multi-Mam-kompresser.png\",\"datePublished\":\"2022-06-20T09:36:04+00:00\",\"dateModified\":\"2025-05-28T08:58:11+00:00\",\"description\":\"Multi-Mam-kompressene behandler ammeplager som \u00f8mme brystvorter, hevelser og overf\u00f8lsomhet og virker raskt avkj\u00f8lende og beroligende.\",\"breadcrumb\":{\"@id\":\"https:\/\/multi-mam.com\/no\/produkt\/multi-mam-kompresser\/#breadcrumb\"},\"inLanguage\":\"nb-NO\",\"potentialAction\":[{\"@type\":\"ReadAction\",\"target\":[\"https:\/\/multi-mam.com\/no\/produkt\/multi-mam-kompresser\/\"]}]},{\"@type\":\"ImageObject\",\"inLanguage\":\"nb-NO\",\"@id\":\"https:\/\/multi-mam.com\/no\/produkt\/multi-mam-kompresser\/#primaryimage\",\"url\":\"https:\/\/multi-mam.com\/app\/uploads\/sites\/10\/2022\/06\/899315-Multi-Mam-kompresser.png\",\"contentUrl\":\"https:\/\/multi-mam.com\/app\/uploads\/sites\/10\/2022\/06\/899315-Multi-Mam-kompresser.png\",\"width\":2000,\"height\":2000,\"caption\":\"Multi-Mam Kompresser\"},{\"@type\":\"BreadcrumbList\",\"@id\":\"https:\/\/multi-mam.com\/no\/produkt\/multi-mam-kompresser\/#breadcrumb\",\"itemListElement\":[{\"@type\":\"ListItem\",\"position\":1,\"name\":\"Home\",\"item\":\"https:\/\/multi-mam.com\/no\/\"},{\"@type\":\"ListItem\",\"position\":2,\"name\":\"Produkter\",\"item\":\"https:\/\/multi-mam.com\/no\/produkter\/\"},{\"@type\":\"ListItem\",\"position\":3,\"name\":\"Multi-Mam\u00ae Kompresser\"}]},{\"@type\":\"WebSite\",\"@id\":\"https:\/\/multi-mam.com\/no\/#website\",\"url\":\"https:\/\/multi-mam.com\/no\/\",\"name\":\"Multi-Mam\",\"description\":\"\",\"publisher\":{\"@id\":\"https:\/\/multi-mam.com\/no\/#organization\"},\"potentialAction\":[{\"@type\":\"SearchAction\",\"target\":{\"@type\":\"EntryPoint\",\"urlTemplate\":\"https:\/\/multi-mam.com\/no\/?s={search_term_string}\"},\"query-input\":{\"@type\":\"PropertyValueSpecification\",\"valueRequired\":true,\"valueName\":\"search_term_string\"}}],\"inLanguage\":\"nb-NO\"},{\"@type\":\"Organization\",\"@id\":\"https:\/\/multi-mam.com\/no\/#organization\",\"name\":\"Multi-Mam\",\"url\":\"https:\/\/multi-mam.com\/no\/\",\"logo\":{\"@type\":\"ImageObject\",\"inLanguage\":\"nb-NO\",\"@id\":\"https:\/\/multi-mam.com\/no\/#\/schema\/logo\/image\/\",\"url\":\"https:\/\/multi-mam.com\/app\/uploads\/sites\/10\/2022\/06\/multi-mam-logotype.png\",\"contentUrl\":\"https:\/\/multi-mam.com\/app\/uploads\/sites\/10\/2022\/06\/multi-mam-logotype.png\",\"width\":70,\"height\":96,\"caption\":\"Multi-Mam\"},\"image\":{\"@id\":\"https:\/\/multi-mam.com\/no\/#\/schema\/logo\/image\/\"}}]}<\/script>\n<!-- \/ Yoast SEO plugin. -->","yoast_head_json":{"title":"Multi-Mam\u00ae Kompresser - Multi-Mam","description":"Multi-Mam-kompressene behandler ammeplager som \u00f8mme brystvorter, hevelser og overf\u00f8lsomhet og virker raskt avkj\u00f8lende og beroligende.","robots":{"index":"index","follow":"follow","max-snippet":"max-snippet:-1","max-image-preview":"max-image-preview:large","max-video-preview":"max-video-preview:-1"},"canonical":"https:\/\/multi-mam.com\/no\/produkt\/multi-mam-kompresser\/","og_locale":"nb_NO","og_type":"article","og_title":"Multi-Mam\u00ae Kompresser - Multi-Mam","og_description":"Multi-Mam-kompressene behandler ammeplager som \u00f8mme brystvorter, hevelser og overf\u00f8lsomhet og virker raskt avkj\u00f8lende og beroligende.","og_url":"https:\/\/multi-mam.com\/no\/produkt\/multi-mam-kompresser\/","og_site_name":"Multi-Mam","article_modified_time":"2025-05-28T08:58:11+00:00","og_image":[{"width":2000,"height":2000,"url":"https:\/\/multi-mam.com\/app\/uploads\/sites\/10\/2022\/06\/899315-Multi-Mam-kompresser.png","type":"image\/png"}],"twitter_card":"summary_large_image","twitter_misc":{"Ansl. lesetid":"1 minutt"},"schema":{"@context":"https:\/\/schema.org","@graph":[{"@type":"WebPage","@id":"https:\/\/multi-mam.com\/no\/produkt\/multi-mam-kompresser\/","url":"https:\/\/multi-mam.com\/no\/produkt\/multi-mam-kompresser\/","name":"Multi-Mam\u00ae Kompresser - Multi-Mam","isPartOf":{"@id":"https:\/\/multi-mam.com\/no\/#website"},"primaryImageOfPage":{"@id":"https:\/\/multi-mam.com\/no\/produkt\/multi-mam-kompresser\/#primaryimage"},"image":{"@id":"https:\/\/multi-mam.com\/no\/produkt\/multi-mam-kompresser\/#primaryimage"},"thumbnailUrl":"https:\/\/multi-mam.com\/app\/uploads\/sites\/10\/2022\/06\/899315-Multi-Mam-kompresser.png","datePublished":"2022-06-20T09:36:04+00:00","dateModified":"2025-05-28T08:58:11+00:00","description":"Multi-Mam-kompressene behandler ammeplager som \u00f8mme brystvorter, hevelser og overf\u00f8lsomhet og virker raskt avkj\u00f8lende og beroligende.","breadcrumb":{"@id":"https:\/\/multi-mam.com\/no\/produkt\/multi-mam-kompresser\/#breadcrumb"},"inLanguage":"nb-NO","potentialAction":[{"@type":"ReadAction","target":["https:\/\/multi-mam.com\/no\/produkt\/multi-mam-kompresser\/"]}]},{"@type":"ImageObject","inLanguage":"nb-NO","@id":"https:\/\/multi-mam.com\/no\/produkt\/multi-mam-kompresser\/#primaryimage","url":"https:\/\/multi-mam.com\/app\/uploads\/sites\/10\/2022\/06\/899315-Multi-Mam-kompresser.png","contentUrl":"https:\/\/multi-mam.com\/app\/uploads\/sites\/10\/2022\/06\/899315-Multi-Mam-kompresser.png","width":2000,"height":2000,"caption":"Multi-Mam Kompresser"},{"@type":"BreadcrumbList","@id":"https:\/\/multi-mam.com\/no\/produkt\/multi-mam-kompresser\/#breadcrumb","itemListElement":[{"@type":"ListItem","position":1,"name":"Home","item":"https:\/\/multi-mam.com\/no\/"},{"@type":"ListItem","position":2,"name":"Produkter","item":"https:\/\/multi-mam.com\/no\/produkter\/"},{"@type":"ListItem","position":3,"name":"Multi-Mam\u00ae Kompresser"}]},{"@type":"WebSite","@id":"https:\/\/multi-mam.com\/no\/#website","url":"https:\/\/multi-mam.com\/no\/","name":"Multi-Mam","description":"","publisher":{"@id":"https:\/\/multi-mam.com\/no\/#organization"},"potentialAction":[{"@type":"SearchAction","target":{"@type":"EntryPoint","urlTemplate":"https:\/\/multi-mam.com\/no\/?s={search_term_string}"},"query-input":{"@type":"PropertyValueSpecification","valueRequired":true,"valueName":"search_term_string"}}],"inLanguage":"nb-NO"},{"@type":"Organization","@id":"https:\/\/multi-mam.com\/no\/#organization","name":"Multi-Mam","url":"https:\/\/multi-mam.com\/no\/","logo":{"@type":"ImageObject","inLanguage":"nb-NO","@id":"https:\/\/multi-mam.com\/no\/#\/schema\/logo\/image\/","url":"https:\/\/multi-mam.com\/app\/uploads\/sites\/10\/2022\/06\/multi-mam-logotype.png","contentUrl":"https:\/\/multi-mam.com\/app\/uploads\/sites\/10\/2022\/06\/multi-mam-logotype.png","width":70,"height":96,"caption":"Multi-Mam"},"image":{"@id":"https:\/\/multi-mam.com\/no\/#\/schema\/logo\/image\/"}}]}},"_links":{"self":[{"href":"https:\/\/multi-mam.com\/no\/wp-json\/wp\/v2\/product\/59","targetHints":{"allow":["GET"]}}],"collection":[{"href":"https:\/\/multi-mam.com\/no\/wp-json\/wp\/v2\/product"}],"about":[{"href":"https:\/\/multi-mam.com\/no\/wp-json\/wp\/v2\/types\/product"}],"replies":[{"embeddable":true,"href":"https:\/\/multi-mam.com\/no\/wp-json\/wp\/v2\/comments?post=59"}],"version-history":[{"count":4,"href":"https:\/\/multi-mam.com\/no\/wp-json\/wp\/v2\/product\/59\/revisions"}],"predecessor-version":[{"id":106,"href":"https:\/\/multi-mam.com\/no\/wp-json\/wp\/v2\/product\/59\/revisions\/106"}],"wp:featuredmedia":[{"embeddable":true,"href":"https:\/\/multi-mam.com\/no\/wp-json\/wp\/v2\/media\/60"}],"wp:attachment":[{"href":"https:\/\/multi-mam.com\/no\/wp-json\/wp\/v2\/media?parent=59"}],"wp:term":[{"taxonomy":"product_brand","embeddable":true,"href":"https:\/\/multi-mam.com\/no\/wp-json\/wp\/v2\/product_brand?post=59"},{"taxonomy":"product_cat","embeddable":true,"href":"https:\/\/multi-mam.com\/no\/wp-json\/wp\/v2\/product_cat?post=59"},{"taxonomy":"product_tag","embeddable":true,"href":"https:\/\/multi-mam.com\/no\/wp-json\/wp\/v2\/product_tag?post=59"}],"curies":[{"name":"wp","href":"https:\/\/api.w.org\/{rel}","templated":true}]}}