{"id":55,"date":"2022-06-20T11:34:02","date_gmt":"2022-06-20T09:34:02","guid":{"rendered":"https:\/\/multi-mam.com\/no\/?post_type=product&#038;p=55"},"modified":"2025-05-05T13:53:39","modified_gmt":"2025-05-05T11:53:39","slug":"multi-mam-protect","status":"publish","type":"product","link":"https:\/\/multi-mam.com\/no\/produkt\/multi-mam-protect\/","title":{"rendered":"Multi-Mam\u00ae Protect"},"content":{"rendered":"\n<div class=\"wp-block-karopharma-accordions is-style-secondary\"><div class=\"container\">\n<details class=\"wp-block-karopharma-accordion\"><summary><h2 class=\"accordion-title\">B\u00f8r jeg fjerne Multi-Mam Protect f\u00f8r jeg ammer?<\/h2><\/summary><div class=\"accordion-content\">\n<p>Nei, Multi-Mam Protect er ikke skadelig ved svelging og har en n\u00f8ytral smak og lukt. Det anbefales spesielt \u00e5 p\u00e5f\u00f8re balsam like etter amming &#8211; hvis den p\u00e5f\u00f8res like f\u00f8r amming kan det v\u00e6re litt vanskeligere for babyen \u00e5 f\u00e5 tak i den.<\/p>\n<\/div><\/details>\n\n\n\n<details class=\"wp-block-karopharma-accordion\"><summary><h2 class=\"accordion-title\">Hvor ofte trenger jeg \u00e5 bruke Multi-Mam Protect?<\/h2><\/summary><div class=\"accordion-content\">\n<p>S\u00e5 ofte du vil. Vi anbefaler at du p\u00e5f\u00f8rer salven rett etter amming.<\/p>\n<\/div><\/details>\n\n\n\n<details class=\"wp-block-karopharma-accordion\"><summary><h2 class=\"accordion-title\">Jeg har kontinuerlig sprukne brystvorter som er veldig smertefullt. Hva kan jeg gj\u00f8re?<\/h2><\/summary><div class=\"accordion-content\">\n<p>Bruk en salve som myker opp og restituerer hudvevet, og som ikke m\u00e5 fjernes f\u00f8r amming. Multi-Mam Protect gjenoppretter hudbarrierefunksjonen. Den er basert p\u00e5 naturlige ingredienser, er smakl\u00f8s og ufarlig \u00e5 svelge, slik at den kan gi optimal beskyttelse under amming og gjennom hele dagen. Du kan ogs\u00e5 bruke Multi-Mam Kompresser for s\u00e5re brystvorter.<\/p>\n<\/div><\/details>\n<\/div><\/div>\n","protected":false},"excerpt":{"rendered":"<p>Pleie av brystvorter<\/p>\n","protected":false},"featured_media":56,"comment_status":"closed","ping_status":"closed","template":"","meta":{"_acf_changed":false,"footnotes":""},"product_brand":[],"product_cat":[18],"product_tag":[],"class_list":{"0":"post-55","1":"product","2":"type-product","3":"status-publish","4":"has-post-thumbnail","6":"product_cat-amming","8":"first","9":"instock","10":"shipping-taxable","11":"product-type-simple"},"acf":[],"yoast_head":"<!-- This site is optimized with the Yoast SEO plugin v26.6 - https:\/\/yoast.com\/wordpress\/plugins\/seo\/ -->\n<title>Multi-Mam\u00ae Protect - Multi-Mam<\/title>\n<meta name=\"description\" content=\"Multi-Mam Protect er en balm for ammende m\u00f8dre for \u00e5 beskytte brystvortene mot utt\u00f8rking og sprekker.\" \/>\n<meta name=\"robots\" content=\"index, follow, max-snippet:-1, max-image-preview:large, max-video-preview:-1\" \/>\n<link rel=\"canonical\" href=\"https:\/\/multi-mam.com\/no\/produkt\/multi-mam-protect\/\" \/>\n<meta property=\"og:locale\" content=\"nb_NO\" \/>\n<meta property=\"og:type\" content=\"article\" \/>\n<meta property=\"og:title\" content=\"Multi-Mam\u00ae Protect - Multi-Mam\" \/>\n<meta property=\"og:description\" content=\"Multi-Mam Protect er en balm for ammende m\u00f8dre for \u00e5 beskytte brystvortene mot utt\u00f8rking og sprekker.\" \/>\n<meta property=\"og:url\" content=\"https:\/\/multi-mam.com\/no\/produkt\/multi-mam-protect\/\" \/>\n<meta property=\"og:site_name\" content=\"Multi-Mam\" \/>\n<meta property=\"article:modified_time\" content=\"2025-05-05T11:53:39+00:00\" \/>\n<meta property=\"og:image\" content=\"https:\/\/multi-mam.com\/app\/uploads\/sites\/10\/2022\/06\/MultiMamProtectUnpacked.png\" \/>\n\t<meta property=\"og:image:width\" content=\"1500\" \/>\n\t<meta property=\"og:image:height\" content=\"1500\" \/>\n\t<meta property=\"og:image:type\" content=\"image\/png\" \/>\n<meta name=\"twitter:card\" content=\"summary_large_image\" \/>\n<meta name=\"twitter:label1\" content=\"Ansl. lesetid\" \/>\n\t<meta name=\"twitter:data1\" content=\"1 minutt\" \/>\n<script type=\"application\/ld+json\" class=\"yoast-schema-graph\">{\"@context\":\"https:\/\/schema.org\",\"@graph\":[{\"@type\":\"WebPage\",\"@id\":\"https:\/\/multi-mam.com\/no\/produkt\/multi-mam-protect\/\",\"url\":\"https:\/\/multi-mam.com\/no\/produkt\/multi-mam-protect\/\",\"name\":\"Multi-Mam\u00ae Protect - Multi-Mam\",\"isPartOf\":{\"@id\":\"https:\/\/multi-mam.com\/no\/#website\"},\"primaryImageOfPage\":{\"@id\":\"https:\/\/multi-mam.com\/no\/produkt\/multi-mam-protect\/#primaryimage\"},\"image\":{\"@id\":\"https:\/\/multi-mam.com\/no\/produkt\/multi-mam-protect\/#primaryimage\"},\"thumbnailUrl\":\"https:\/\/multi-mam.com\/app\/uploads\/sites\/10\/2022\/06\/MultiMamProtectUnpacked.png\",\"datePublished\":\"2022-06-20T09:34:02+00:00\",\"dateModified\":\"2025-05-05T11:53:39+00:00\",\"description\":\"Multi-Mam Protect er en balm for ammende m\u00f8dre for \u00e5 beskytte brystvortene mot utt\u00f8rking og sprekker.\",\"breadcrumb\":{\"@id\":\"https:\/\/multi-mam.com\/no\/produkt\/multi-mam-protect\/#breadcrumb\"},\"inLanguage\":\"nb-NO\",\"potentialAction\":[{\"@type\":\"ReadAction\",\"target\":[\"https:\/\/multi-mam.com\/no\/produkt\/multi-mam-protect\/\"]}]},{\"@type\":\"ImageObject\",\"inLanguage\":\"nb-NO\",\"@id\":\"https:\/\/multi-mam.com\/no\/produkt\/multi-mam-protect\/#primaryimage\",\"url\":\"https:\/\/multi-mam.com\/app\/uploads\/sites\/10\/2022\/06\/MultiMamProtectUnpacked.png\",\"contentUrl\":\"https:\/\/multi-mam.com\/app\/uploads\/sites\/10\/2022\/06\/MultiMamProtectUnpacked.png\",\"width\":1500,\"height\":1500,\"caption\":\"Multi-Mam Protect\"},{\"@type\":\"BreadcrumbList\",\"@id\":\"https:\/\/multi-mam.com\/no\/produkt\/multi-mam-protect\/#breadcrumb\",\"itemListElement\":[{\"@type\":\"ListItem\",\"position\":1,\"name\":\"Home\",\"item\":\"https:\/\/multi-mam.com\/no\/\"},{\"@type\":\"ListItem\",\"position\":2,\"name\":\"Produkter\",\"item\":\"https:\/\/multi-mam.com\/no\/produkter\/\"},{\"@type\":\"ListItem\",\"position\":3,\"name\":\"Multi-Mam\u00ae Protect\"}]},{\"@type\":\"WebSite\",\"@id\":\"https:\/\/multi-mam.com\/no\/#website\",\"url\":\"https:\/\/multi-mam.com\/no\/\",\"name\":\"Multi-Mam\",\"description\":\"\",\"publisher\":{\"@id\":\"https:\/\/multi-mam.com\/no\/#organization\"},\"potentialAction\":[{\"@type\":\"SearchAction\",\"target\":{\"@type\":\"EntryPoint\",\"urlTemplate\":\"https:\/\/multi-mam.com\/no\/?s={search_term_string}\"},\"query-input\":{\"@type\":\"PropertyValueSpecification\",\"valueRequired\":true,\"valueName\":\"search_term_string\"}}],\"inLanguage\":\"nb-NO\"},{\"@type\":\"Organization\",\"@id\":\"https:\/\/multi-mam.com\/no\/#organization\",\"name\":\"Multi-Mam\",\"url\":\"https:\/\/multi-mam.com\/no\/\",\"logo\":{\"@type\":\"ImageObject\",\"inLanguage\":\"nb-NO\",\"@id\":\"https:\/\/multi-mam.com\/no\/#\/schema\/logo\/image\/\",\"url\":\"https:\/\/multi-mam.com\/app\/uploads\/sites\/10\/2022\/06\/multi-mam-logotype.png\",\"contentUrl\":\"https:\/\/multi-mam.com\/app\/uploads\/sites\/10\/2022\/06\/multi-mam-logotype.png\",\"width\":70,\"height\":96,\"caption\":\"Multi-Mam\"},\"image\":{\"@id\":\"https:\/\/multi-mam.com\/no\/#\/schema\/logo\/image\/\"}}]}<\/script>\n<!-- \/ Yoast SEO plugin. -->","yoast_head_json":{"title":"Multi-Mam\u00ae Protect - Multi-Mam","description":"Multi-Mam Protect er en balm for ammende m\u00f8dre for \u00e5 beskytte brystvortene mot utt\u00f8rking og sprekker.","robots":{"index":"index","follow":"follow","max-snippet":"max-snippet:-1","max-image-preview":"max-image-preview:large","max-video-preview":"max-video-preview:-1"},"canonical":"https:\/\/multi-mam.com\/no\/produkt\/multi-mam-protect\/","og_locale":"nb_NO","og_type":"article","og_title":"Multi-Mam\u00ae Protect - Multi-Mam","og_description":"Multi-Mam Protect er en balm for ammende m\u00f8dre for \u00e5 beskytte brystvortene mot utt\u00f8rking og sprekker.","og_url":"https:\/\/multi-mam.com\/no\/produkt\/multi-mam-protect\/","og_site_name":"Multi-Mam","article_modified_time":"2025-05-05T11:53:39+00:00","og_image":[{"width":1500,"height":1500,"url":"https:\/\/multi-mam.com\/app\/uploads\/sites\/10\/2022\/06\/MultiMamProtectUnpacked.png","type":"image\/png"}],"twitter_card":"summary_large_image","twitter_misc":{"Ansl. lesetid":"1 minutt"},"schema":{"@context":"https:\/\/schema.org","@graph":[{"@type":"WebPage","@id":"https:\/\/multi-mam.com\/no\/produkt\/multi-mam-protect\/","url":"https:\/\/multi-mam.com\/no\/produkt\/multi-mam-protect\/","name":"Multi-Mam\u00ae Protect - Multi-Mam","isPartOf":{"@id":"https:\/\/multi-mam.com\/no\/#website"},"primaryImageOfPage":{"@id":"https:\/\/multi-mam.com\/no\/produkt\/multi-mam-protect\/#primaryimage"},"image":{"@id":"https:\/\/multi-mam.com\/no\/produkt\/multi-mam-protect\/#primaryimage"},"thumbnailUrl":"https:\/\/multi-mam.com\/app\/uploads\/sites\/10\/2022\/06\/MultiMamProtectUnpacked.png","datePublished":"2022-06-20T09:34:02+00:00","dateModified":"2025-05-05T11:53:39+00:00","description":"Multi-Mam Protect er en balm for ammende m\u00f8dre for \u00e5 beskytte brystvortene mot utt\u00f8rking og sprekker.","breadcrumb":{"@id":"https:\/\/multi-mam.com\/no\/produkt\/multi-mam-protect\/#breadcrumb"},"inLanguage":"nb-NO","potentialAction":[{"@type":"ReadAction","target":["https:\/\/multi-mam.com\/no\/produkt\/multi-mam-protect\/"]}]},{"@type":"ImageObject","inLanguage":"nb-NO","@id":"https:\/\/multi-mam.com\/no\/produkt\/multi-mam-protect\/#primaryimage","url":"https:\/\/multi-mam.com\/app\/uploads\/sites\/10\/2022\/06\/MultiMamProtectUnpacked.png","contentUrl":"https:\/\/multi-mam.com\/app\/uploads\/sites\/10\/2022\/06\/MultiMamProtectUnpacked.png","width":1500,"height":1500,"caption":"Multi-Mam Protect"},{"@type":"BreadcrumbList","@id":"https:\/\/multi-mam.com\/no\/produkt\/multi-mam-protect\/#breadcrumb","itemListElement":[{"@type":"ListItem","position":1,"name":"Home","item":"https:\/\/multi-mam.com\/no\/"},{"@type":"ListItem","position":2,"name":"Produkter","item":"https:\/\/multi-mam.com\/no\/produkter\/"},{"@type":"ListItem","position":3,"name":"Multi-Mam\u00ae Protect"}]},{"@type":"WebSite","@id":"https:\/\/multi-mam.com\/no\/#website","url":"https:\/\/multi-mam.com\/no\/","name":"Multi-Mam","description":"","publisher":{"@id":"https:\/\/multi-mam.com\/no\/#organization"},"potentialAction":[{"@type":"SearchAction","target":{"@type":"EntryPoint","urlTemplate":"https:\/\/multi-mam.com\/no\/?s={search_term_string}"},"query-input":{"@type":"PropertyValueSpecification","valueRequired":true,"valueName":"search_term_string"}}],"inLanguage":"nb-NO"},{"@type":"Organization","@id":"https:\/\/multi-mam.com\/no\/#organization","name":"Multi-Mam","url":"https:\/\/multi-mam.com\/no\/","logo":{"@type":"ImageObject","inLanguage":"nb-NO","@id":"https:\/\/multi-mam.com\/no\/#\/schema\/logo\/image\/","url":"https:\/\/multi-mam.com\/app\/uploads\/sites\/10\/2022\/06\/multi-mam-logotype.png","contentUrl":"https:\/\/multi-mam.com\/app\/uploads\/sites\/10\/2022\/06\/multi-mam-logotype.png","width":70,"height":96,"caption":"Multi-Mam"},"image":{"@id":"https:\/\/multi-mam.com\/no\/#\/schema\/logo\/image\/"}}]}},"_links":{"self":[{"href":"https:\/\/multi-mam.com\/no\/wp-json\/wp\/v2\/product\/55","targetHints":{"allow":["GET"]}}],"collection":[{"href":"https:\/\/multi-mam.com\/no\/wp-json\/wp\/v2\/product"}],"about":[{"href":"https:\/\/multi-mam.com\/no\/wp-json\/wp\/v2\/types\/product"}],"replies":[{"embeddable":true,"href":"https:\/\/multi-mam.com\/no\/wp-json\/wp\/v2\/comments?post=55"}],"version-history":[{"count":5,"href":"https:\/\/multi-mam.com\/no\/wp-json\/wp\/v2\/product\/55\/revisions"}],"predecessor-version":[{"id":104,"href":"https:\/\/multi-mam.com\/no\/wp-json\/wp\/v2\/product\/55\/revisions\/104"}],"wp:featuredmedia":[{"embeddable":true,"href":"https:\/\/multi-mam.com\/no\/wp-json\/wp\/v2\/media\/56"}],"wp:attachment":[{"href":"https:\/\/multi-mam.com\/no\/wp-json\/wp\/v2\/media?parent=55"}],"wp:term":[{"taxonomy":"product_brand","embeddable":true,"href":"https:\/\/multi-mam.com\/no\/wp-json\/wp\/v2\/product_brand?post=55"},{"taxonomy":"product_cat","embeddable":true,"href":"https:\/\/multi-mam.com\/no\/wp-json\/wp\/v2\/product_cat?post=55"},{"taxonomy":"product_tag","embeddable":true,"href":"https:\/\/multi-mam.com\/no\/wp-json\/wp\/v2\/product_tag?post=55"}],"curies":[{"name":"wp","href":"https:\/\/api.w.org\/{rel}","templated":true}]}}