{"id":5,"date":"2022-06-20T09:22:27","date_gmt":"2022-06-20T07:22:27","guid":{"rendered":"https:\/\/multi-mam.com\/no\/?page_id=5"},"modified":"2024-03-18T14:53:08","modified_gmt":"2024-03-18T13:53:08","slug":"multi-mam","status":"publish","type":"page","link":"https:\/\/multi-mam.com\/no\/","title":{"rendered":"Multi-Mam"},"content":{"rendered":"\n<div class=\"wp-block-karopharma-free-text pt-large pb-large bg-center bg-cover bg-no-repeat bg-box undefined\" style=\"background-image:url(https:\/\/multi-mam.com\/cdn-cgi\/image\/format=auto\/app\/uploads\/sites\/10\/2022\/06\/multi-mam.jpeg)\"><div class=\"free-text-wrapper container max-w-medium text-center\">\n<figure class=\"wp-block-image size-large\"><img loading=\"lazy\" decoding=\"async\" width=\"1024\" height=\"613\" src=\"https:\/\/multi-mam.com\/app\/uploads\/sites\/10\/2022\/06\/MM-products-groupNOA01-1024x613.png\" alt=\"Multi-Mam Produkter\" class=\"wp-image-47\" srcset=\"https:\/\/multi-mam.com\/app\/uploads\/sites\/10\/2022\/06\/MM-products-groupNOA01-1024x613.png 1024w, https:\/\/multi-mam.com\/app\/uploads\/sites\/10\/2022\/06\/MM-products-groupNOA01-320x192.png 320w, https:\/\/multi-mam.com\/app\/uploads\/sites\/10\/2022\/06\/MM-products-groupNOA01-768x460.png 768w, https:\/\/multi-mam.com\/app\/uploads\/sites\/10\/2022\/06\/MM-products-groupNOA01-600x359.png 600w, https:\/\/multi-mam.com\/app\/uploads\/sites\/10\/2022\/06\/MM-products-groupNOA01.png 1400w\" sizes=\"auto, (max-width: 1024px) 100vw, 1024px\" \/><\/figure>\n\n\n\n<h1 class=\"is-style-heading-huge has-primary-color has-text-color wp-block-heading\" id=\"love-is-all-you-need\">Alt du trenger er kj\u00e6rlighet<\/h1>\n\n\n\n<h2 class=\"is-style-heading-h2 has-primary-color has-text-color wp-block-heading\" id=\"und-multi-mam-fur-mutter-und-kind\">&#8230;og Multi-Mam<sup>\u00ae<\/sup> for deg og babyen din.<\/h2>\n\n\n\n<div class=\"wp-block-buttons is-layout-flex wp-block-buttons-is-layout-flex\">\n<div class=\"wp-block-button is-style-secondary-button\"><a class=\"wp-block-button__link\" href=\"https:\/\/multi-mam.com\/no\/produkter\/\">Les mer<\/a><\/div>\n<\/div>\n<\/div><\/div>\n\n\n<div class=\"product-list wp-block-karopharma-product-list\" data-testid=\"product-list\">\n      <div class=\"swiper-container\">\n      <div class=\"swiper\">\n        <div class=\"swiper-wrapper\">\n                      <div class=\"swiper-slide\">\n              <div class=\"product-card\" data-testid=\"product-card\">\n  <a\n    href=https:\/\/multi-mam.com\/no\/produkt\/multi-mam-protect\/\n    class=\"product-card-link\"\n    title=\"Multi-Mam\u00ae Protect\"\n  >\n  <figure class=\"product-card-image\" data-testid=\"product-image\">\n                          <img decoding=\"async\" src=\"https:\/\/multi-mam.com\/cdn-cgi\/image\/width=700,format=auto\/app\/uploads\/sites\/10\/2022\/06\/MultiMamProtectUnpacked.png\"\n        srcset=\"https:\/\/multi-mam.com\/cdn-cgi\/image\/width=250,format=auto\/app\/uploads\/sites\/10\/2022\/06\/MultiMamProtectUnpacked.png 250w,\n                https:\/\/multi-mam.com\/cdn-cgi\/image\/width=500,format=auto\/app\/uploads\/sites\/10\/2022\/06\/MultiMamProtectUnpacked.png 500w,\n                https:\/\/multi-mam.com\/cdn-cgi\/image\/width=700,format=auto\/app\/uploads\/sites\/10\/2022\/06\/MultiMamProtectUnpacked.png 700w\"\n        sizes=\"(max-width: 400px) 250px, (max-width: 800px) 500px, 700px\"\n        alt=\"Multi-Mam Protect\"\n        class=\"img\">\n            <\/figure>\n    <div class=\"product-card-content\">\n      <div class=\"heading-wrapper\">\n        <h2 class=\"heading\">Multi-Mam\u00ae Protect<\/h2>\n      <\/div>\n      <div class=\"product-card-description\">Pleie av brystvorter<\/div>\n                      <\/div>\n  <\/a>\n          <div class=\"button-wrapper buy-now \" data-testid=\"buy-now\">\n      <div class=\"buy-now-container dropdown-container\">\n      <div class=\"theme-button button-primary-color dropdown-link\" aria-label=\"Kj\u00f8p n\u00e5\">\n          Kj\u00f8p n\u00e5 <i class=\"dropdown\"><\/i>\n      <\/div>\n      <ul class=\"reseller-list submenu\">\n                    <li>\n              <a\n                href=\"https:\/\/www.apotek1.no\/produkter\/multi-mam-protect-nipple-balm-836557p\" onclick=\"dataLayer.push({'event':'ga_event', 'eventCategory':'Click on Reseller', 'eventAction':'Apotek1', 'eventLabel':'Multi-Mam\u00ae Protect', 'eventValue': undefined})\" rel=\"noopener\" target=\"_blank\" title=\"Apotek1\"\n                data-testid=\"buy-now-reseller\">\n                <i class=\"fa-solid fa-arrow-right\"><\/i> Apotek1\n              <\/a>\n          <\/li>\n                    <li>\n              <a\n                href=\"https:\/\/www.apotekfordeg.no\/products\/multi-mam-protect-nipple-care-balm-30-ml\" onclick=\"dataLayer.push({'event':'ga_event', 'eventCategory':'Click on Reseller', 'eventAction':'Apotek for deg', 'eventLabel':'Multi-Mam\u00ae Protect', 'eventValue': undefined})\" rel=\"noopener\" target=\"_blank\" title=\"Apotek for deg\"\n                data-testid=\"buy-now-reseller\">\n                <i class=\"fa-solid fa-arrow-right\"><\/i> Apotek for deg\n              <\/a>\n          <\/li>\n                    <li>\n              <a\n                href=\"https:\/\/www.apotera.no\/multi-mam-protect-nipple-balm-30-ml\" onclick=\"dataLayer.push({'event':'ga_event', 'eventCategory':'Click on Reseller', 'eventAction':'Apotera', 'eventLabel':'Multi-Mam\u00ae Protect', 'eventValue': undefined})\" rel=\"noopener\" target=\"_blank\" title=\"Apotera\"\n                data-testid=\"buy-now-reseller\">\n                <i class=\"fa-solid fa-arrow-right\"><\/i> Apotera\n              <\/a>\n          <\/li>\n                    <li>\n              <a\n                href=\"https:\/\/www.boots.no\/multi-mam-protect-30ml-836557\" onclick=\"dataLayer.push({'event':'ga_event', 'eventCategory':'Click on Reseller', 'eventAction':'Boots', 'eventLabel':'Multi-Mam\u00ae Protect', 'eventValue': undefined})\" rel=\"noopener\" target=\"_blank\" title=\"Boots\"\n                data-testid=\"buy-now-reseller\">\n                <i class=\"fa-solid fa-arrow-right\"><\/i> Boots\n              <\/a>\n          <\/li>\n                    <li>\n              <a\n                href=\"https:\/\/www.farmasiet.no\/merkevarer\/m\/multi-mam\" onclick=\"dataLayer.push({'event':'ga_event', 'eventCategory':'Click on Reseller', 'eventAction':'Farmasiet', 'eventLabel':'Multi-Mam\u00ae Protect', 'eventValue': undefined})\" rel=\"noopener\" target=\"_blank\" title=\"Farmasiet\"\n                data-testid=\"buy-now-reseller\">\n                <i class=\"fa-solid fa-arrow-right\"><\/i> Farmasiet\n              <\/a>\n          <\/li>\n                    <li>\n              <a\n                href=\"https:\/\/www.vitusapotek.no\/baby-og-barn-kroppsprodukter\/multi-mam-protect-nipple-balm-30-ml-\/p\/836557\" onclick=\"dataLayer.push({'event':'ga_event', 'eventCategory':'Click on Reseller', 'eventAction':'Vitusapotek', 'eventLabel':'Multi-Mam\u00ae Protect', 'eventValue': undefined})\" rel=\"noopener\" target=\"_blank\" title=\"Vitusapotek\"\n                data-testid=\"buy-now-reseller\">\n                <i class=\"fa-solid fa-arrow-right\"><\/i> Vitusapotek\n              <\/a>\n          <\/li>\n                <\/ul>\n    <\/div>\n  <\/div>\n  <\/div>\n            <\/div>\n                      <div class=\"swiper-slide\">\n              <div class=\"product-card\" data-testid=\"product-card\">\n  <a\n    href=https:\/\/multi-mam.com\/no\/produkt\/multi-mam-kompresser\/\n    class=\"product-card-link\"\n    title=\"Multi-Mam\u00ae Kompresser\"\n  >\n  <figure class=\"product-card-image\" data-testid=\"product-image\">\n                          <img decoding=\"async\" src=\"https:\/\/multi-mam.com\/cdn-cgi\/image\/width=700,format=auto\/app\/uploads\/sites\/10\/2022\/06\/899315-Multi-Mam-kompresser.png\"\n        srcset=\"https:\/\/multi-mam.com\/cdn-cgi\/image\/width=250,format=auto\/app\/uploads\/sites\/10\/2022\/06\/899315-Multi-Mam-kompresser.png 250w,\n                https:\/\/multi-mam.com\/cdn-cgi\/image\/width=500,format=auto\/app\/uploads\/sites\/10\/2022\/06\/899315-Multi-Mam-kompresser.png 500w,\n                https:\/\/multi-mam.com\/cdn-cgi\/image\/width=700,format=auto\/app\/uploads\/sites\/10\/2022\/06\/899315-Multi-Mam-kompresser.png 700w\"\n        sizes=\"(max-width: 400px) 250px, (max-width: 800px) 500px, 700px\"\n        alt=\"Multi-Mam Kompresser\"\n        class=\"img\">\n            <\/figure>\n    <div class=\"product-card-content\">\n      <div class=\"heading-wrapper\">\n        <h2 class=\"heading\">Multi-Mam\u00ae Kompresser<\/h2>\n      <\/div>\n      <div class=\"product-card-description\">Behandling av s\u00e5re brystvorter\n<\/div>\n                      <\/div>\n  <\/a>\n          <div class=\"button-wrapper buy-now \" data-testid=\"buy-now\">\n      <div class=\"buy-now-container dropdown-container\">\n      <div class=\"theme-button button-primary-color dropdown-link\" aria-label=\"Kj\u00f8p n\u00e5\">\n          Kj\u00f8p n\u00e5 <i class=\"dropdown\"><\/i>\n      <\/div>\n      <ul class=\"reseller-list submenu\">\n                    <li>\n              <a\n                href=\"https:\/\/www.apotek1.no\/produkter\/multi-mam-kompresser-12stk-899315p\" onclick=\"dataLayer.push({'event':'ga_event', 'eventCategory':'Click on Reseller', 'eventAction':'Apotek1', 'eventLabel':'Multi-Mam\u00ae Kompresser', 'eventValue': undefined})\" rel=\"noopener\" target=\"_blank\" title=\"Apotek1\"\n                data-testid=\"buy-now-reseller\">\n                <i class=\"fa-solid fa-arrow-right\"><\/i> Apotek1\n              <\/a>\n          <\/li>\n                    <li>\n              <a\n                href=\"https:\/\/www.apotekfordeg.no\/products\/multi-mam-gel-kompress-12-stk\" onclick=\"dataLayer.push({'event':'ga_event', 'eventCategory':'Click on Reseller', 'eventAction':'Apotek for deg', 'eventLabel':'Multi-Mam\u00ae Kompresser', 'eventValue': undefined})\" rel=\"noopener\" target=\"_blank\" title=\"Apotek for deg\"\n                data-testid=\"buy-now-reseller\">\n                <i class=\"fa-solid fa-arrow-right\"><\/i> Apotek for deg\n              <\/a>\n          <\/li>\n                    <li>\n              <a\n                href=\"https:\/\/www.apotera.no\/multi-mam-kompresser-12stk\" onclick=\"dataLayer.push({'event':'ga_event', 'eventCategory':'Click on Reseller', 'eventAction':'Apotera', 'eventLabel':'Multi-Mam\u00ae Kompresser', 'eventValue': undefined})\" rel=\"noopener\" target=\"_blank\" title=\"Apotera\"\n                data-testid=\"buy-now-reseller\">\n                <i class=\"fa-solid fa-arrow-right\"><\/i> Apotera\n              <\/a>\n          <\/li>\n                    <li>\n              <a\n                href=\"https:\/\/www.farmasiet.no\/catalog\/mor-og-barn\/amming-og-pumping\/multi-mam-kompress-12,5001784\" onclick=\"dataLayer.push({'event':'ga_event', 'eventCategory':'Click on Reseller', 'eventAction':'Farmasiet', 'eventLabel':'Multi-Mam\u00ae Kompresser', 'eventValue': undefined})\" rel=\"noopener\" target=\"_blank\" title=\"Farmasiet\"\n                data-testid=\"buy-now-reseller\">\n                <i class=\"fa-solid fa-arrow-right\"><\/i> Farmasiet\n              <\/a>\n          <\/li>\n                    <li>\n              <a\n                href=\"https:\/\/www.vitusapotek.no\/gravid\/amming\/sare-brystvorter\/multi-mam-brystvortekompress-12stk\/p\/899315\" onclick=\"dataLayer.push({'event':'ga_event', 'eventCategory':'Click on Reseller', 'eventAction':'Vitusapotek', 'eventLabel':'Multi-Mam\u00ae Kompresser', 'eventValue': undefined})\" rel=\"noopener\" target=\"_blank\" title=\"Vitusapotek\"\n                data-testid=\"buy-now-reseller\">\n                <i class=\"fa-solid fa-arrow-right\"><\/i> Vitusapotek\n              <\/a>\n          <\/li>\n                <\/ul>\n    <\/div>\n  <\/div>\n  <\/div>\n            <\/div>\n                      <div class=\"swiper-slide\">\n              <div class=\"product-card\" data-testid=\"product-card\">\n  <a\n    href=https:\/\/multi-mam.com\/no\/produkt\/multi-mam-babydent\/\n    class=\"product-card-link\"\n    title=\"Multi-Mam\u00ae BabyDent\"\n  >\n  <figure class=\"product-card-image\" data-testid=\"product-image\">\n                          <img decoding=\"async\" src=\"https:\/\/multi-mam.com\/cdn-cgi\/image\/width=700,format=auto\/app\/uploads\/sites\/10\/2022\/06\/890302-Multi-Mam-babydent.png\"\n        srcset=\"https:\/\/multi-mam.com\/cdn-cgi\/image\/width=250,format=auto\/app\/uploads\/sites\/10\/2022\/06\/890302-Multi-Mam-babydent.png 250w,\n                https:\/\/multi-mam.com\/cdn-cgi\/image\/width=500,format=auto\/app\/uploads\/sites\/10\/2022\/06\/890302-Multi-Mam-babydent.png 500w,\n                https:\/\/multi-mam.com\/cdn-cgi\/image\/width=700,format=auto\/app\/uploads\/sites\/10\/2022\/06\/890302-Multi-Mam-babydent.png 700w\"\n        sizes=\"(max-width: 400px) 250px, (max-width: 800px) 500px, 700px\"\n        alt=\"Multi-Mam BabyDent\"\n        class=\"img\">\n            <\/figure>\n    <div class=\"product-card-content\">\n      <div class=\"heading-wrapper\">\n        <h2 class=\"heading\">Multi-Mam\u00ae BabyDent<\/h2>\n      <\/div>\n      <div class=\"product-card-description\">Beroligende gele for sm\u00e5barn ved tannfrembrudd\n<\/div>\n                      <\/div>\n  <\/a>\n          <div class=\"button-wrapper buy-now \" data-testid=\"buy-now\">\n      <div class=\"buy-now-container dropdown-container\">\n      <div class=\"theme-button button-primary-color dropdown-link\" aria-label=\"Kj\u00f8p n\u00e5\">\n          Kj\u00f8p n\u00e5 <i class=\"dropdown\"><\/i>\n      <\/div>\n      <ul class=\"reseller-list submenu\">\n                    <li>\n              <a\n                href=\"https:\/\/www.apotek1.no\/produkter\/multi-mam-babydent-gel-15ml-890302p\" onclick=\"dataLayer.push({'event':'ga_event', 'eventCategory':'Click on Reseller', 'eventAction':'Apotek1', 'eventLabel':'Multi-Mam\u00ae BabyDent', 'eventValue': undefined})\" rel=\"noopener\" target=\"_blank\" title=\"Apotek1\"\n                data-testid=\"buy-now-reseller\">\n                <i class=\"fa-solid fa-arrow-right\"><\/i> Apotek1\n              <\/a>\n          <\/li>\n                    <li>\n              <a\n                href=\"https:\/\/www.apotekfordeg.no\/products\/multi-mam-babydent-gel-15-ml\" onclick=\"dataLayer.push({'event':'ga_event', 'eventCategory':'Click on Reseller', 'eventAction':'Apotek for deg', 'eventLabel':'Multi-Mam\u00ae BabyDent', 'eventValue': undefined})\" rel=\"noopener\" target=\"_blank\" title=\"Apotek for deg\"\n                data-testid=\"buy-now-reseller\">\n                <i class=\"fa-solid fa-arrow-right\"><\/i> Apotek for deg\n              <\/a>\n          <\/li>\n                    <li>\n              <a\n                href=\"https:\/\/www.boots.no\/multi-mam-babydent-gel-15-ml-890302\" onclick=\"dataLayer.push({'event':'ga_event', 'eventCategory':'Click on Reseller', 'eventAction':'Boots', 'eventLabel':'Multi-Mam\u00ae BabyDent', 'eventValue': undefined})\" rel=\"noopener\" target=\"_blank\" title=\"Boots\"\n                data-testid=\"buy-now-reseller\">\n                <i class=\"fa-solid fa-arrow-right\"><\/i> Boots\n              <\/a>\n          <\/li>\n                    <li>\n              <a\n                href=\"https:\/\/www.farmasiet.no\/catalog\/foreldre-og-barn\/munn-og-tenner\/multi-mam-babydent-gel-15,5013224?searchQuery=\" onclick=\"dataLayer.push({'event':'ga_event', 'eventCategory':'Click on Reseller', 'eventAction':'Farmasiet', 'eventLabel':'Multi-Mam\u00ae BabyDent', 'eventValue': undefined})\" rel=\"noopener\" target=\"_blank\" title=\"Farmasiet\"\n                data-testid=\"buy-now-reseller\">\n                <i class=\"fa-solid fa-arrow-right\"><\/i> Farmasiet\n              <\/a>\n          <\/li>\n                    <li>\n              <a\n                href=\"https:\/\/www.vitusapotek.no\/baby-og-barn\/tannpuss\/tannborste-til-baby-og-barn\/multi-mam-babydent-gel-15-ml\/p\/890302\" onclick=\"dataLayer.push({'event':'ga_event', 'eventCategory':'Click on Reseller', 'eventAction':'Vitusapotek', 'eventLabel':'Multi-Mam\u00ae BabyDent', 'eventValue': undefined})\" rel=\"noopener\" target=\"_blank\" title=\"Vitusapotek\"\n                data-testid=\"buy-now-reseller\">\n                <i class=\"fa-solid fa-arrow-right\"><\/i> Vitusapotek\n              <\/a>\n          <\/li>\n                <\/ul>\n    <\/div>\n  <\/div>\n  <\/div>\n            <\/div>\n                  <\/div>\n        <div class=\"swiper-scrollbar\"><\/div>\n      <\/div>\n    <\/div>\n  <\/div>\n\n\n\n<section class=\"wp-block-karopharma-image-with-text image-with-text image-with-text__full-width is-style-primary\"><div class=\"image-with-text-container \"><div class=\"image-with-text-container-image-container\"><img decoding=\"async\" loading=\"lazy\" src=\"https:\/\/multi-mam.com\/cdn-cgi\/image\/format=auto\/app\/uploads\/sites\/10\/2022\/06\/start-multimam.jpeg\" alt=\"Nyt sm\u00e5barnstiden med Multi-Mam\"\/><\/div><div class=\"image-with-text-container-content\" style=\"text-align:left\" data-test=\"content\"><div class=\"content\"><h2>Nyt sm\u00e5barnstiden med Multi-Mam<\/h2><p class=\"body\" data-test=\"body\">\u00c5 bli mor er nydelig og spesielt, og kj\u00e6rligheten kan f\u00f8les altoverskyggende. I denne verdifulle perioden m\u00e5 du ikke glemme at det er like viktig \u00e5 ta vare p\u00e5 deg selv som det er \u00e5 ta vare p\u00e5 babyen. S\u00e5re brystvorter, tretthet og ubehag ved tannfrembrudd er vanlige utfordringer for m\u00f8dre med et nyf\u00f8dt barn, og kanskje trenger du litt ekstra hjelp. Da tr\u00e5r Multi-Mam til slik at du kan f\u00e5 en god start. N\u00e5r du som er mor f\u00f8ler deg bra, vil babyen din fange opp denne harmonien.<\/p>\n<div class=\"wp-block-buttons is-content-justification-left is-layout-flex wp-container-core-buttons-is-layout-fdcfc74e wp-block-buttons-is-layout-flex\">\n<div class=\"wp-block-button\"><a class=\"wp-block-button__link\" href=\"https:\/\/multi-mam.com\/no\/produkter\/\">Se alle produktene<\/a><\/div>\n<\/div>\n<\/div><\/div><\/div><\/section>\n","protected":false},"excerpt":{"rendered":"","protected":false},"author":2,"featured_media":0,"parent":0,"menu_order":0,"comment_status":"closed","ping_status":"closed","template":"","meta":{"_acf_changed":false,"footnotes":""},"from-article-database":[],"class_list":["post-5","page","type-page","status-publish","hentry"],"acf":[],"yoast_head":"<!-- This site is optimized with the Yoast SEO plugin v26.6 - https:\/\/yoast.com\/wordpress\/plugins\/seo\/ -->\n<title>Multi-Mam - Multi-Mam<\/title>\n<meta name=\"description\" content=\"Alt du trenger er kj\u00e6rlighet\u2026og Multi-Mam\u00ae for deg og babyen din. \u00c5 bli mor er nydelig og spesielt, og kj\u00e6rligheten kan f\u00f8les altoverskyggende.\" \/>\n<meta name=\"robots\" content=\"index, follow, max-snippet:-1, max-image-preview:large, max-video-preview:-1\" \/>\n<link rel=\"canonical\" href=\"https:\/\/multi-mam.com\/no\/\" \/>\n<meta property=\"og:locale\" content=\"nb_NO\" \/>\n<meta property=\"og:type\" content=\"article\" \/>\n<meta property=\"og:title\" content=\"Multi-Mam - Multi-Mam\" \/>\n<meta property=\"og:description\" content=\"Alt du trenger er kj\u00e6rlighet\u2026og Multi-Mam\u00ae for deg og babyen din. \u00c5 bli mor er nydelig og spesielt, og kj\u00e6rligheten kan f\u00f8les altoverskyggende.\" \/>\n<meta property=\"og:url\" content=\"https:\/\/multi-mam.com\/no\/\" \/>\n<meta property=\"og:site_name\" content=\"Multi-Mam\" \/>\n<meta property=\"article:modified_time\" content=\"2024-03-18T13:53:08+00:00\" \/>\n<meta property=\"og:image\" content=\"https:\/\/multi-mam.com\/app\/uploads\/sites\/10\/2022\/06\/MM-products-groupNOA01-1024x613.png\" \/>\n<meta name=\"twitter:card\" content=\"summary_large_image\" \/>\n<meta name=\"twitter:label1\" content=\"Ansl. lesetid\" \/>\n\t<meta name=\"twitter:data1\" content=\"2 minutter\" \/>\n<script type=\"application\/ld+json\" class=\"yoast-schema-graph\">{\"@context\":\"https:\/\/schema.org\",\"@graph\":[{\"@type\":\"WebPage\",\"@id\":\"https:\/\/multi-mam.com\/no\/\",\"url\":\"https:\/\/multi-mam.com\/no\/\",\"name\":\"Multi-Mam - Multi-Mam\",\"isPartOf\":{\"@id\":\"https:\/\/multi-mam.com\/no\/#website\"},\"primaryImageOfPage\":{\"@id\":\"https:\/\/multi-mam.com\/no\/#primaryimage\"},\"image\":{\"@id\":\"https:\/\/multi-mam.com\/no\/#primaryimage\"},\"thumbnailUrl\":\"https:\/\/multi-mam.com\/app\/uploads\/sites\/10\/2022\/06\/MM-products-groupNOA01-1024x613.png\",\"datePublished\":\"2022-06-20T07:22:27+00:00\",\"dateModified\":\"2024-03-18T13:53:08+00:00\",\"description\":\"Alt du trenger er kj\u00e6rlighet\u2026og Multi-Mam\u00ae for deg og babyen din. \u00c5 bli mor er nydelig og spesielt, og kj\u00e6rligheten kan f\u00f8les altoverskyggende.\",\"breadcrumb\":{\"@id\":\"https:\/\/multi-mam.com\/no\/#breadcrumb\"},\"inLanguage\":\"nb-NO\",\"potentialAction\":[{\"@type\":\"ReadAction\",\"target\":[\"https:\/\/multi-mam.com\/no\/\"]}]},{\"@type\":\"ImageObject\",\"inLanguage\":\"nb-NO\",\"@id\":\"https:\/\/multi-mam.com\/no\/#primaryimage\",\"url\":\"https:\/\/multi-mam.com\/app\/uploads\/sites\/10\/2022\/06\/MM-products-groupNOA01-1024x613.png\",\"contentUrl\":\"https:\/\/multi-mam.com\/app\/uploads\/sites\/10\/2022\/06\/MM-products-groupNOA01-1024x613.png\"},{\"@type\":\"BreadcrumbList\",\"@id\":\"https:\/\/multi-mam.com\/no\/#breadcrumb\",\"itemListElement\":[{\"@type\":\"ListItem\",\"position\":1,\"name\":\"Home\",\"item\":\"https:\/\/multi-mam.com\/no\/\"},{\"@type\":\"ListItem\",\"position\":2,\"name\":\"Multi-Mam\"}]},{\"@type\":\"WebSite\",\"@id\":\"https:\/\/multi-mam.com\/no\/#website\",\"url\":\"https:\/\/multi-mam.com\/no\/\",\"name\":\"Multi-Mam\",\"description\":\"\",\"publisher\":{\"@id\":\"https:\/\/multi-mam.com\/no\/#organization\"},\"potentialAction\":[{\"@type\":\"SearchAction\",\"target\":{\"@type\":\"EntryPoint\",\"urlTemplate\":\"https:\/\/multi-mam.com\/no\/?s={search_term_string}\"},\"query-input\":{\"@type\":\"PropertyValueSpecification\",\"valueRequired\":true,\"valueName\":\"search_term_string\"}}],\"inLanguage\":\"nb-NO\"},{\"@type\":\"Organization\",\"@id\":\"https:\/\/multi-mam.com\/no\/#organization\",\"name\":\"Multi-Mam\",\"url\":\"https:\/\/multi-mam.com\/no\/\",\"logo\":{\"@type\":\"ImageObject\",\"inLanguage\":\"nb-NO\",\"@id\":\"https:\/\/multi-mam.com\/no\/#\/schema\/logo\/image\/\",\"url\":\"https:\/\/multi-mam.com\/app\/uploads\/sites\/10\/2022\/06\/multi-mam-logotype.png\",\"contentUrl\":\"https:\/\/multi-mam.com\/app\/uploads\/sites\/10\/2022\/06\/multi-mam-logotype.png\",\"width\":70,\"height\":96,\"caption\":\"Multi-Mam\"},\"image\":{\"@id\":\"https:\/\/multi-mam.com\/no\/#\/schema\/logo\/image\/\"}}]}<\/script>\n<!-- \/ Yoast SEO plugin. -->","yoast_head_json":{"title":"Multi-Mam - Multi-Mam","description":"Alt du trenger er kj\u00e6rlighet\u2026og Multi-Mam\u00ae for deg og babyen din. \u00c5 bli mor er nydelig og spesielt, og kj\u00e6rligheten kan f\u00f8les altoverskyggende.","robots":{"index":"index","follow":"follow","max-snippet":"max-snippet:-1","max-image-preview":"max-image-preview:large","max-video-preview":"max-video-preview:-1"},"canonical":"https:\/\/multi-mam.com\/no\/","og_locale":"nb_NO","og_type":"article","og_title":"Multi-Mam - Multi-Mam","og_description":"Alt du trenger er kj\u00e6rlighet\u2026og Multi-Mam\u00ae for deg og babyen din. \u00c5 bli mor er nydelig og spesielt, og kj\u00e6rligheten kan f\u00f8les altoverskyggende.","og_url":"https:\/\/multi-mam.com\/no\/","og_site_name":"Multi-Mam","article_modified_time":"2024-03-18T13:53:08+00:00","og_image":[{"url":"https:\/\/multi-mam.com\/app\/uploads\/sites\/10\/2022\/06\/MM-products-groupNOA01-1024x613.png","type":"","width":"","height":""}],"twitter_card":"summary_large_image","twitter_misc":{"Ansl. lesetid":"2 minutter"},"schema":{"@context":"https:\/\/schema.org","@graph":[{"@type":"WebPage","@id":"https:\/\/multi-mam.com\/no\/","url":"https:\/\/multi-mam.com\/no\/","name":"Multi-Mam - Multi-Mam","isPartOf":{"@id":"https:\/\/multi-mam.com\/no\/#website"},"primaryImageOfPage":{"@id":"https:\/\/multi-mam.com\/no\/#primaryimage"},"image":{"@id":"https:\/\/multi-mam.com\/no\/#primaryimage"},"thumbnailUrl":"https:\/\/multi-mam.com\/app\/uploads\/sites\/10\/2022\/06\/MM-products-groupNOA01-1024x613.png","datePublished":"2022-06-20T07:22:27+00:00","dateModified":"2024-03-18T13:53:08+00:00","description":"Alt du trenger er kj\u00e6rlighet\u2026og Multi-Mam\u00ae for deg og babyen din. \u00c5 bli mor er nydelig og spesielt, og kj\u00e6rligheten kan f\u00f8les altoverskyggende.","breadcrumb":{"@id":"https:\/\/multi-mam.com\/no\/#breadcrumb"},"inLanguage":"nb-NO","potentialAction":[{"@type":"ReadAction","target":["https:\/\/multi-mam.com\/no\/"]}]},{"@type":"ImageObject","inLanguage":"nb-NO","@id":"https:\/\/multi-mam.com\/no\/#primaryimage","url":"https:\/\/multi-mam.com\/app\/uploads\/sites\/10\/2022\/06\/MM-products-groupNOA01-1024x613.png","contentUrl":"https:\/\/multi-mam.com\/app\/uploads\/sites\/10\/2022\/06\/MM-products-groupNOA01-1024x613.png"},{"@type":"BreadcrumbList","@id":"https:\/\/multi-mam.com\/no\/#breadcrumb","itemListElement":[{"@type":"ListItem","position":1,"name":"Home","item":"https:\/\/multi-mam.com\/no\/"},{"@type":"ListItem","position":2,"name":"Multi-Mam"}]},{"@type":"WebSite","@id":"https:\/\/multi-mam.com\/no\/#website","url":"https:\/\/multi-mam.com\/no\/","name":"Multi-Mam","description":"","publisher":{"@id":"https:\/\/multi-mam.com\/no\/#organization"},"potentialAction":[{"@type":"SearchAction","target":{"@type":"EntryPoint","urlTemplate":"https:\/\/multi-mam.com\/no\/?s={search_term_string}"},"query-input":{"@type":"PropertyValueSpecification","valueRequired":true,"valueName":"search_term_string"}}],"inLanguage":"nb-NO"},{"@type":"Organization","@id":"https:\/\/multi-mam.com\/no\/#organization","name":"Multi-Mam","url":"https:\/\/multi-mam.com\/no\/","logo":{"@type":"ImageObject","inLanguage":"nb-NO","@id":"https:\/\/multi-mam.com\/no\/#\/schema\/logo\/image\/","url":"https:\/\/multi-mam.com\/app\/uploads\/sites\/10\/2022\/06\/multi-mam-logotype.png","contentUrl":"https:\/\/multi-mam.com\/app\/uploads\/sites\/10\/2022\/06\/multi-mam-logotype.png","width":70,"height":96,"caption":"Multi-Mam"},"image":{"@id":"https:\/\/multi-mam.com\/no\/#\/schema\/logo\/image\/"}}]}},"_links":{"self":[{"href":"https:\/\/multi-mam.com\/no\/wp-json\/wp\/v2\/pages\/5","targetHints":{"allow":["GET"]}}],"collection":[{"href":"https:\/\/multi-mam.com\/no\/wp-json\/wp\/v2\/pages"}],"about":[{"href":"https:\/\/multi-mam.com\/no\/wp-json\/wp\/v2\/types\/page"}],"author":[{"embeddable":true,"href":"https:\/\/multi-mam.com\/no\/wp-json\/wp\/v2\/users\/2"}],"replies":[{"embeddable":true,"href":"https:\/\/multi-mam.com\/no\/wp-json\/wp\/v2\/comments?post=5"}],"version-history":[{"count":3,"href":"https:\/\/multi-mam.com\/no\/wp-json\/wp\/v2\/pages\/5\/revisions"}],"predecessor-version":[{"id":48,"href":"https:\/\/multi-mam.com\/no\/wp-json\/wp\/v2\/pages\/5\/revisions\/48"}],"wp:attachment":[{"href":"https:\/\/multi-mam.com\/no\/wp-json\/wp\/v2\/media?parent=5"}],"wp:term":[{"taxonomy":"from-article-database","embeddable":true,"href":"https:\/\/multi-mam.com\/no\/wp-json\/wp\/v2\/from-article-database?post=5"}],"curies":[{"name":"wp","href":"https:\/\/api.w.org\/{rel}","templated":true}]}}