{"id":34,"date":"2022-06-20T11:17:40","date_gmt":"2022-06-20T09:17:40","guid":{"rendered":"https:\/\/multi-mam.com\/no\/?page_id=34"},"modified":"2022-06-20T11:26:25","modified_gmt":"2022-06-20T09:26:25","slug":"faq","status":"publish","type":"page","link":"https:\/\/multi-mam.com\/no\/faq\/","title":{"rendered":"FAQ"},"content":{"rendered":"\n<div class=\"wp-block-karopharma-background-image-with-text-v2 background-image-with-text-v2 undefined content-position-center fixed-height-layout\" datatest=\"root\"><div class=\"background-image-with-text-wrapper\"><picture class=\"background-image-with-text-image\"><source media=\"(max-width: 560px)\" srcset=\"https:\/\/multi-mam.com\/cdn-cgi\/image\/format=auto,width=560\/app\/uploads\/sites\/10\/2022\/06\/faq.jpeg\"\/><source media=\"(max-width: 800px)\" srcset=\"https:\/\/multi-mam.com\/cdn-cgi\/image\/format=auto,width=800\/app\/uploads\/sites\/10\/2022\/06\/faq.jpeg\"\/><source media=\"(max-width: 1920px)\" srcset=\"https:\/\/multi-mam.com\/cdn-cgi\/image\/format=auto,width=1920\/app\/uploads\/sites\/10\/2022\/06\/faq.jpeg\"\/><img decoding=\"async\" width=\"1400\" height=\"933\" datatest=\"background-image\" loading=\"lazy\" class=\"object-center object-cover\" src=\"https:\/\/multi-mam.com\/cdn-cgi\/image\/format=auto\/app\/uploads\/sites\/10\/2022\/06\/faq.jpeg\" alt=\"faq\"\/><\/picture><div datatest=\"content-wrapper\" class=\"background-image-with-text-content-wrapper container max-w-medium text-alignment-center  pt-large pb-large\"><div class=\"content\"><h1 datatest=\"heading\" class=\"\">FAQ<\/h1>\n<div class=\"wp-block-buttons is-layout-flex wp-block-buttons-is-layout-flex\"><\/div>\n<\/div><\/div><\/div><\/div>\n\n\n\n<div class=\"wp-block-karopharma-accordions\"><div class=\"container\">\n<details class=\"wp-block-karopharma-accordion\"><summary><h2 class=\"accordion-title\">Hvorfor er amming s\u00e5 viktig for babyen min?<\/h2><\/summary><div class=\"accordion-content\">\n<p>Det er mange fordeler med amming. Generelt er amming trygt og lett tilgjengelig. Morsmelken har alltid riktig temperatur og overskrider aldri holdbarhetsdatoen. I tillegg styrker det b\u00e5ndet mellom mor og barn. Det er mange helsemessige fordeler for b\u00e5de mor og baby.<\/p>\n<\/div><\/details>\n\n\n\n<details class=\"wp-block-karopharma-accordion\"><summary><h2 class=\"accordion-title\">Hva er fordelene med \u00e5 amme for babyen min?<\/h2><\/summary><div class=\"accordion-content\">\n<p>Morsmelk er den beste babymaten som finnes; deres sammensetning er n\u00f8yaktig tilpasset barnets behov. Barn som har blitt ammet har mindre sannsynlighet for \u00e5 utvikle allergiske sykdommer. Dette gjelder spesielt for barn som ble ammet i l\u00f8pet av de f\u00f8rste seks m\u00e5nedene. Spedbarn som ammes har mindre sannsynlighet for \u00e5 utvikle kroniske sykdommer som diabetes og ungdomskreft og autoimmune sykdommer (som multippel sklerose og Crohns sykdom). Glyserolen i morsmelk spiller en viktig rolle i modningen og utviklingen av babyens hjerne. Det er bevis p\u00e5 at amming ogs\u00e5 reduserer risikoen for plutselig spedbarnsd\u00f8d (SIDS).<\/p>\n<\/div><\/details>\n\n\n\n<details class=\"wp-block-karopharma-accordion\"><summary><h2 class=\"accordion-title\">Hva er fordelene med amming for mor?<\/h2><\/summary><div class=\"accordion-content\">\n<p>Mors kropp kommer seg raskt etter amming; livmoren trekker seg raskt sammen som f\u00f8lge av \u00e5 suge p\u00e5 brystet. Amming reduserer risikoen for sykdommer som brystkreft, eggstokkreft og osteoporose, samt utvikling av type 2 diabetes.<\/p>\n<\/div><\/details>\n\n\n\n<details class=\"wp-block-karopharma-accordion\"><summary><h2 class=\"accordion-title\">Hva er r\u00e5melk? Hvordan gagner dette barnet mitt?<\/h2><\/summary><div class=\"accordion-content\">\n<p>Brystene produserer r\u00e5melk gjennom hele svangerskapet og frem til de f\u00f8rste dagene av amming. Denne spesielle melken kan v\u00e6re gul til oransje i fargen og er tykk og klissete. Den er lav i fett og h\u00f8y i karbohydrater, proteiner og antistoffer som hjelper babyen din \u00e5 holde seg frisk og utvikle et bedre immunsystem. R\u00e5melk er lett \u00e5 ford\u00f8ye, noe som gj\u00f8r det til den perfekte f\u00f8rste maten for babyen din. Den er lav i kvantitet (m\u00e5lbar i teskjeer i stedet for unser), men er h\u00f8y i konsentrerte n\u00e6ringsstoffer for den nyf\u00f8dte. R\u00e5melk har en avf\u00f8ringseffekt p\u00e5 babyen, og hjelper ham med den f\u00f8rste avf\u00f8ringen.<\/p>\n<\/div><\/details>\n\n\n\n<details class=\"wp-block-karopharma-accordion\"><summary><h2 class=\"accordion-title\">\u00c5 amme babyen min er veldig vanskelig p\u00e5 grunn av smerter i brystvorten. Jeg kan ikke like \u00e5 amme. Hva kan jeg gj\u00f8re for \u00e5 l\u00f8se problemet?<\/h2><\/summary><div class=\"accordion-content\">\n<p>Riktig l\u00e5sing av babyen f\u00f8r amming kan forhindre mye smerte. Hvis babyen ikke er ordentlig l\u00e5st, vil han bare die ved brystvorten. Som et resultat gnider brystvorten mot babyens fremre gane, noe som for\u00e5rsaker skade og smerte. Ved riktig p\u00e5f\u00f8ring er en stor del av areola dekket ved siden av brystvorten. Endring av ammestilling kan lindre den irriterte brystvorten om n\u00f8dvendig.<\/p>\n\n\n\n<p>I tillegg til \u00e5 l\u00e5se babyen ordentlig, er det viktig \u00e5 beholde hudens naturlige fuktighetsniv\u00e5er. Multi-Mam Balm og Lanolin holder brystvortene myke, smidige og sunne og hjelper til med \u00e5 erstatte og fylle p\u00e5 hudens naturlige oljer som fjernes under amming. For s\u00e5re og sprukne brystvorter tilbyr Multi-Mam-kompresser en l\u00f8sning da de danner et mykt, beskyttende skall over brystvorten, og skaper et ideelt klima for \u00e5 st\u00f8tte helingsprosessen.<\/p>\n<\/div><\/details>\n\n\n\n<details class=\"wp-block-karopharma-accordion\"><summary><h2 class=\"accordion-title\">Jeg lider konstant av sprukne brystvorter, noe som er veldig smertefullt. Hva kan jeg gj\u00f8re mot det?<\/h2><\/summary><div class=\"accordion-content\">\n<p>Den beste l\u00f8sningen er \u00e5 bruke en salve eller krem \u200b\u200bsom mykgj\u00f8r hudvevet og hjelper til med \u00e5 erstatte eller fylle p\u00e5 de naturlige hudoljene som fjernes under amming. Multi-Mam Lanolin best\u00e5r av 100 % ullvoks med h\u00f8y renhet. Lanolin har bevist sin verdi i ammende m\u00f8dres brystvortepleie i mange \u00e5r. Et alternativ er Multi-Mam Balm \u2013 en balsam som styrker hudvevet og holder det i god stand. Balsamen er basert p\u00e5 urteingredienser. Begge produktene er helt ufarlige og det er derfor ikke n\u00f8dvendig \u00e5 fjerne dem f\u00f8r amming. Dette sikrer optimal beskyttelse selv under amming. Multi-Mam Balm og Multi-Mam Lanolin holder hudvevet sunt og sterkt.<\/p>\n<\/div><\/details>\n\n\n\n<details class=\"wp-block-karopharma-accordion\"><summary><h2 class=\"accordion-title\">Brystvortene mine er alvorlig skadet av amming. Jeg vurderer \u00e5 slutte \u00e5 amme. Har du en l\u00f8sning som gj\u00f8r at jeg kan fortsette \u00e5 amme?<\/h2><\/summary><div class=\"accordion-content\">\n<p>Multi-Mam-kompresser er spesielt utviklet for intensiv pleie og behandling av brystvortene til ammende m\u00f8dre. Multi-Mam-kompresser har en hurtig avkj\u00f8lende og beroligende effekt p\u00e5 s\u00e5re brystvorter, forbedrer vevstilstanden i brystvortens hud og reduserer hevelser. Hver kompress er mettet med en patentert gel basert p\u00e5 det naturlige 2QR-komplekset. Dette naturlige stoffet, hentet fra bladekstraktet av Aloe Barbadensis Miller, har egenskapen til \u00e5 forhindre kontakt av skadelige bakterier med vevet ved \u00e5 dekke huden som et beskyttende lag. Multi-Mam-kompressene danner en myk og behagelig beskyttelse for brystvorten og skaper et optimalt klima for \u00e5 st\u00f8tte den naturlige helingsprosessen. Kompressene er enkle \u00e5 bruke og enkle \u00e5 b\u00e6re. Gelen etterlater en n\u00f8ytral smak og duft p\u00e5 brystvorten. I tillegg inneholder ikke gelen hormoner, parfyme, dufter eller animalske komponenter. Gelen er ufarlig ved svelging og trenger derfor ikke fjernes f\u00f8r amming. Multi-Mam-kompressene er et reseptfritt medisinsk produkt som er tilgjengelig p\u00e5 apotek og velassorterte apotek.<\/p>\n<\/div><\/details>\n\n\n\n<details class=\"wp-block-karopharma-accordion\"><summary><h2 class=\"accordion-title\">Hva er \u00e5rsakene til brystvorteproblemer?<\/h2><\/summary><div class=\"accordion-content\">\n<p>Feil l\u00e5sing av babyen og feil tak i brystvorten kan for\u00e5rsake brystvorteproblemer. \u00c5 bruke produkter som reduserer hudens naturlige beskyttelse (som s\u00e5pe og sjampo) bidrar ogs\u00e5 til utvikling av sprukne brystvorter og sprekker ved \u00e5 etterlate huden t\u00f8rr og s\u00e5rbar. Til slutt, soppinfeksjoner, eksem eller en tendens til t\u00f8rr hud er ogs\u00e5 mulige \u00e5rsaker til brystvorteproblemer.<\/p>\n<\/div><\/details>\n\n\n\n<details class=\"wp-block-karopharma-accordion\"><summary><h2 class=\"accordion-title\">Hvorfor er det tilr\u00e5delig for ammende m\u00f8dre \u00e5 ikke vaske brystene med s\u00e5pe?<\/h2><\/summary><div class=\"accordion-content\">\n<p>S\u00e5pe fjerner hudens naturlige oljer, noe som f\u00f8rer til ubalanse i det naturlige fuktighetsinnholdet i brystvortens hud. Dette f\u00f8rer til t\u00f8rr hud som er utsatt for \u00e5 utvikle sprukne brystvorter og sprekker. Det p\u00e5virker ogs\u00e5 surheten i huden og skaper dermed en grobunn for patogener. Det er derfor lurt at m\u00f8dre vasker brystene med rent vann eller med s\u00e5pefritt mikroskum som f.eks. B. Multi-Gyn FemiWash.<\/p>\n<\/div><\/details>\n\n\n\n<details class=\"wp-block-karopharma-accordion\"><summary><h2 class=\"accordion-title\">Er det lurt \u00e5 f\u00f8ne brystvorten etter amming?<\/h2><\/summary><div class=\"accordion-content\">\n<p>R\u00e5det om \u00e5 f\u00f8ne brystvortene umiddelbart etter amming er feil; t\u00f8rr hud sprekker lettere. Det er heller ikke bra \u00e5 utsette skadde brystvorter for (varm) luft. Dette f\u00f8rer til dehydrering og skorpedannelse, og det bremser helingsprosessen. Det er bedre \u00e5 pleie brystvortene med en spesiell brystvortepleie etter hver amming, f.eks. B. Multi-Mam Balm eller Multi-Mam Lanolin. Begge produktene kan brukes etter behov. De er trygge for babyen og trenger ikke fjernes f\u00f8r amming.<\/p>\n<\/div><\/details>\n<\/div><\/div>\n","protected":false},"excerpt":{"rendered":"","protected":false},"author":2,"featured_media":0,"parent":0,"menu_order":0,"comment_status":"closed","ping_status":"closed","template":"","meta":{"_acf_changed":false,"footnotes":""},"from-article-database":[],"class_list":["post-34","page","type-page","status-publish","hentry"],"acf":[],"yoast_head":"<!-- This site is optimized with the Yoast SEO plugin v26.6 - https:\/\/yoast.com\/wordpress\/plugins\/seo\/ -->\n<title>FAQ - Multi-Mam<\/title>\n<meta name=\"description\" content=\"Ofte stilte sp\u00f8rsm\u00e5l: Hvorfor er amming s\u00e5 viktig for babyen min? Hva er fordelene med \u00e5 amme for babyen min?\" \/>\n<meta name=\"robots\" content=\"index, follow, max-snippet:-1, max-image-preview:large, max-video-preview:-1\" \/>\n<link rel=\"canonical\" href=\"https:\/\/multi-mam.com\/no\/faq\/\" \/>\n<meta property=\"og:locale\" content=\"nb_NO\" \/>\n<meta property=\"og:type\" content=\"article\" \/>\n<meta property=\"og:title\" content=\"FAQ - Multi-Mam\" \/>\n<meta property=\"og:description\" content=\"Ofte stilte sp\u00f8rsm\u00e5l: Hvorfor er amming s\u00e5 viktig for babyen min? Hva er fordelene med \u00e5 amme for babyen min?\" \/>\n<meta property=\"og:url\" content=\"https:\/\/multi-mam.com\/no\/faq\/\" \/>\n<meta property=\"og:site_name\" content=\"Multi-Mam\" \/>\n<meta property=\"article:modified_time\" content=\"2022-06-20T09:26:25+00:00\" \/>\n<meta property=\"og:image\" content=\"https:\/\/multi-mam.com\/cdn-cgi\/image\/format=auto\/app\/uploads\/sites\/10\/2022\/06\/faq.jpeg\" \/>\n<meta name=\"twitter:card\" content=\"summary_large_image\" \/>\n<meta name=\"twitter:label1\" content=\"Ansl. lesetid\" \/>\n\t<meta name=\"twitter:data1\" content=\"6 minutter\" \/>\n<script type=\"application\/ld+json\" class=\"yoast-schema-graph\">{\"@context\":\"https:\/\/schema.org\",\"@graph\":[{\"@type\":\"WebPage\",\"@id\":\"https:\/\/multi-mam.com\/no\/faq\/\",\"url\":\"https:\/\/multi-mam.com\/no\/faq\/\",\"name\":\"FAQ - Multi-Mam\",\"isPartOf\":{\"@id\":\"https:\/\/multi-mam.com\/no\/#website\"},\"primaryImageOfPage\":{\"@id\":\"https:\/\/multi-mam.com\/no\/faq\/#primaryimage\"},\"image\":{\"@id\":\"https:\/\/multi-mam.com\/no\/faq\/#primaryimage\"},\"thumbnailUrl\":\"https:\/\/multi-mam.com\/cdn-cgi\/image\/format=auto\/app\/uploads\/sites\/10\/2022\/06\/faq.jpeg\",\"datePublished\":\"2022-06-20T09:17:40+00:00\",\"dateModified\":\"2022-06-20T09:26:25+00:00\",\"description\":\"Ofte stilte sp\u00f8rsm\u00e5l: Hvorfor er amming s\u00e5 viktig for babyen min? Hva er fordelene med \u00e5 amme for babyen min?\",\"breadcrumb\":{\"@id\":\"https:\/\/multi-mam.com\/no\/faq\/#breadcrumb\"},\"inLanguage\":\"nb-NO\",\"potentialAction\":[{\"@type\":\"ReadAction\",\"target\":[\"https:\/\/multi-mam.com\/no\/faq\/\"]}]},{\"@type\":\"ImageObject\",\"inLanguage\":\"nb-NO\",\"@id\":\"https:\/\/multi-mam.com\/no\/faq\/#primaryimage\",\"url\":\"https:\/\/multi-mam.com\/cdn-cgi\/image\/format=auto\/app\/uploads\/sites\/10\/2022\/06\/faq.jpeg\",\"contentUrl\":\"https:\/\/multi-mam.com\/cdn-cgi\/image\/format=auto\/app\/uploads\/sites\/10\/2022\/06\/faq.jpeg\"},{\"@type\":\"BreadcrumbList\",\"@id\":\"https:\/\/multi-mam.com\/no\/faq\/#breadcrumb\",\"itemListElement\":[{\"@type\":\"ListItem\",\"position\":1,\"name\":\"Home\",\"item\":\"https:\/\/multi-mam.com\/no\/\"},{\"@type\":\"ListItem\",\"position\":2,\"name\":\"FAQ\"}]},{\"@type\":\"WebSite\",\"@id\":\"https:\/\/multi-mam.com\/no\/#website\",\"url\":\"https:\/\/multi-mam.com\/no\/\",\"name\":\"Multi-Mam\",\"description\":\"\",\"publisher\":{\"@id\":\"https:\/\/multi-mam.com\/no\/#organization\"},\"potentialAction\":[{\"@type\":\"SearchAction\",\"target\":{\"@type\":\"EntryPoint\",\"urlTemplate\":\"https:\/\/multi-mam.com\/no\/?s={search_term_string}\"},\"query-input\":{\"@type\":\"PropertyValueSpecification\",\"valueRequired\":true,\"valueName\":\"search_term_string\"}}],\"inLanguage\":\"nb-NO\"},{\"@type\":\"Organization\",\"@id\":\"https:\/\/multi-mam.com\/no\/#organization\",\"name\":\"Multi-Mam\",\"url\":\"https:\/\/multi-mam.com\/no\/\",\"logo\":{\"@type\":\"ImageObject\",\"inLanguage\":\"nb-NO\",\"@id\":\"https:\/\/multi-mam.com\/no\/#\/schema\/logo\/image\/\",\"url\":\"https:\/\/multi-mam.com\/app\/uploads\/sites\/10\/2022\/06\/multi-mam-logotype.png\",\"contentUrl\":\"https:\/\/multi-mam.com\/app\/uploads\/sites\/10\/2022\/06\/multi-mam-logotype.png\",\"width\":70,\"height\":96,\"caption\":\"Multi-Mam\"},\"image\":{\"@id\":\"https:\/\/multi-mam.com\/no\/#\/schema\/logo\/image\/\"}}]}<\/script>\n<!-- \/ Yoast SEO plugin. -->","yoast_head_json":{"title":"FAQ - Multi-Mam","description":"Ofte stilte sp\u00f8rsm\u00e5l: Hvorfor er amming s\u00e5 viktig for babyen min? Hva er fordelene med \u00e5 amme for babyen min?","robots":{"index":"index","follow":"follow","max-snippet":"max-snippet:-1","max-image-preview":"max-image-preview:large","max-video-preview":"max-video-preview:-1"},"canonical":"https:\/\/multi-mam.com\/no\/faq\/","og_locale":"nb_NO","og_type":"article","og_title":"FAQ - Multi-Mam","og_description":"Ofte stilte sp\u00f8rsm\u00e5l: Hvorfor er amming s\u00e5 viktig for babyen min? Hva er fordelene med \u00e5 amme for babyen min?","og_url":"https:\/\/multi-mam.com\/no\/faq\/","og_site_name":"Multi-Mam","article_modified_time":"2022-06-20T09:26:25+00:00","og_image":[{"url":"https:\/\/multi-mam.com\/cdn-cgi\/image\/format=auto\/app\/uploads\/sites\/10\/2022\/06\/faq.jpeg","type":"","width":"","height":""}],"twitter_card":"summary_large_image","twitter_misc":{"Ansl. lesetid":"6 minutter"},"schema":{"@context":"https:\/\/schema.org","@graph":[{"@type":"WebPage","@id":"https:\/\/multi-mam.com\/no\/faq\/","url":"https:\/\/multi-mam.com\/no\/faq\/","name":"FAQ - Multi-Mam","isPartOf":{"@id":"https:\/\/multi-mam.com\/no\/#website"},"primaryImageOfPage":{"@id":"https:\/\/multi-mam.com\/no\/faq\/#primaryimage"},"image":{"@id":"https:\/\/multi-mam.com\/no\/faq\/#primaryimage"},"thumbnailUrl":"https:\/\/multi-mam.com\/cdn-cgi\/image\/format=auto\/app\/uploads\/sites\/10\/2022\/06\/faq.jpeg","datePublished":"2022-06-20T09:17:40+00:00","dateModified":"2022-06-20T09:26:25+00:00","description":"Ofte stilte sp\u00f8rsm\u00e5l: Hvorfor er amming s\u00e5 viktig for babyen min? Hva er fordelene med \u00e5 amme for babyen min?","breadcrumb":{"@id":"https:\/\/multi-mam.com\/no\/faq\/#breadcrumb"},"inLanguage":"nb-NO","potentialAction":[{"@type":"ReadAction","target":["https:\/\/multi-mam.com\/no\/faq\/"]}]},{"@type":"ImageObject","inLanguage":"nb-NO","@id":"https:\/\/multi-mam.com\/no\/faq\/#primaryimage","url":"https:\/\/multi-mam.com\/cdn-cgi\/image\/format=auto\/app\/uploads\/sites\/10\/2022\/06\/faq.jpeg","contentUrl":"https:\/\/multi-mam.com\/cdn-cgi\/image\/format=auto\/app\/uploads\/sites\/10\/2022\/06\/faq.jpeg"},{"@type":"BreadcrumbList","@id":"https:\/\/multi-mam.com\/no\/faq\/#breadcrumb","itemListElement":[{"@type":"ListItem","position":1,"name":"Home","item":"https:\/\/multi-mam.com\/no\/"},{"@type":"ListItem","position":2,"name":"FAQ"}]},{"@type":"WebSite","@id":"https:\/\/multi-mam.com\/no\/#website","url":"https:\/\/multi-mam.com\/no\/","name":"Multi-Mam","description":"","publisher":{"@id":"https:\/\/multi-mam.com\/no\/#organization"},"potentialAction":[{"@type":"SearchAction","target":{"@type":"EntryPoint","urlTemplate":"https:\/\/multi-mam.com\/no\/?s={search_term_string}"},"query-input":{"@type":"PropertyValueSpecification","valueRequired":true,"valueName":"search_term_string"}}],"inLanguage":"nb-NO"},{"@type":"Organization","@id":"https:\/\/multi-mam.com\/no\/#organization","name":"Multi-Mam","url":"https:\/\/multi-mam.com\/no\/","logo":{"@type":"ImageObject","inLanguage":"nb-NO","@id":"https:\/\/multi-mam.com\/no\/#\/schema\/logo\/image\/","url":"https:\/\/multi-mam.com\/app\/uploads\/sites\/10\/2022\/06\/multi-mam-logotype.png","contentUrl":"https:\/\/multi-mam.com\/app\/uploads\/sites\/10\/2022\/06\/multi-mam-logotype.png","width":70,"height":96,"caption":"Multi-Mam"},"image":{"@id":"https:\/\/multi-mam.com\/no\/#\/schema\/logo\/image\/"}}]}},"_links":{"self":[{"href":"https:\/\/multi-mam.com\/no\/wp-json\/wp\/v2\/pages\/34","targetHints":{"allow":["GET"]}}],"collection":[{"href":"https:\/\/multi-mam.com\/no\/wp-json\/wp\/v2\/pages"}],"about":[{"href":"https:\/\/multi-mam.com\/no\/wp-json\/wp\/v2\/types\/page"}],"author":[{"embeddable":true,"href":"https:\/\/multi-mam.com\/no\/wp-json\/wp\/v2\/users\/2"}],"replies":[{"embeddable":true,"href":"https:\/\/multi-mam.com\/no\/wp-json\/wp\/v2\/comments?post=34"}],"version-history":[{"count":2,"href":"https:\/\/multi-mam.com\/no\/wp-json\/wp\/v2\/pages\/34\/revisions"}],"predecessor-version":[{"id":52,"href":"https:\/\/multi-mam.com\/no\/wp-json\/wp\/v2\/pages\/34\/revisions\/52"}],"wp:attachment":[{"href":"https:\/\/multi-mam.com\/no\/wp-json\/wp\/v2\/media?parent=34"}],"wp:term":[{"taxonomy":"from-article-database","embeddable":true,"href":"https:\/\/multi-mam.com\/no\/wp-json\/wp\/v2\/from-article-database?post=34"}],"curies":[{"name":"wp","href":"https:\/\/api.w.org\/{rel}","templated":true}]}}