{"id":65,"date":"2022-06-22T11:54:11","date_gmt":"2022-06-22T09:54:11","guid":{"rendered":"https:\/\/multi-mam.com\/nl\/?post_type=product&#038;p=65"},"modified":"2025-09-30T09:43:23","modified_gmt":"2025-09-30T07:43:23","slug":"multi-mam-kompressen","status":"publish","type":"product","link":"https:\/\/multi-mam.com\/nl\/product\/multi-mam-kompressen\/","title":{"rendered":"Multi-Mam Kompressen"},"content":{"rendered":"\n<div class=\"wp-block-karopharma-accordions is-style-secondary\"><div class=\"container\">\n<details class=\"wp-block-karopharma-accordion\"><summary><h2 class=\"accordion-title\">Ingredi\u00ebnten:<\/h2><\/summary><div class=\"accordion-content\">\n<p>Aloe barbadensis Leaf extract, Aqua, Glycerin, Xanthan Gum, Citric acid, Caprylyl Glycol, Sodium benzoate, Potassium sorbate, Sodium hydroxide.<\/p>\n\n\n\n<p>Hoofdingredi\u00ebnt 2QR-complex: Plantaardig ingredi\u00ebnt gezuiverd uit Alo\u00eb Barbadensis bladextract.<\/p>\n<\/div><\/details>\n\n\n\n<details class=\"wp-block-karopharma-accordion\"><summary><h2 class=\"accordion-title\">Wanneer kan ik de Kompressen het best gebruiken, v\u00f3\u00f3r of na het geven van de borstvoeding?<\/h2><\/summary><div class=\"accordion-content\">\n<p>Wij adviseren dat je onmiddellijk na het voeden een Kompres gebruikt. Bij gebruik v\u00f3\u00f3r het voeden kan de vochtig geworden tepel het moeilijker maken voor je baby om aan te happen.<\/p>\n<\/div><\/details>\n\n\n\n<details class=\"wp-block-karopharma-accordion\"><summary><h2 class=\"accordion-title\">Hoelang mag ik een Kompres op mijn borst houden?<\/h2><\/summary><div class=\"accordion-content\">\n<p>15-30 minuten is ideaal, 10 minuten het minimum en 60 minuten het maximum.<\/p>\n<\/div><\/details>\n\n\n\n<details class=\"wp-block-karopharma-accordion\"><summary><h2 class=\"accordion-title\">Hoe vaak kan ik een Kompres gebruiken?<\/h2><\/summary><div class=\"accordion-content\">\n<p>Elk Kompres kan \u00e9\u00e9n keer worden gebruikt en moet na gebruik om hygi\u00ebnische redenen worden weggegooid.<\/p>\n<\/div><\/details>\n\n\n\n<details class=\"wp-block-karopharma-accordion\"><summary><h2 class=\"accordion-title\">Is het schadelijk als mijn baby wat van de gel op het Kompres inslikt?<\/h2><\/summary><div class=\"accordion-content\">\n<p>Nee. De gel is veilig voor je baby. Je hoeft overtollige gel niet te verwijderen voordat je borstvoeding gaat geven.<\/p>\n<\/div><\/details>\n<\/div><\/div>\n","protected":false},"excerpt":{"rendered":"<p>Zachte verzorging voor comfort tijdens het geven van borstvoeding<\/p>\n","protected":false},"featured_media":112,"comment_status":"closed","ping_status":"closed","template":"","meta":{"_acf_changed":false,"footnotes":""},"product_brand":[],"product_cat":[18],"product_tag":[],"class_list":{"0":"post-65","1":"product","2":"type-product","3":"status-publish","4":"has-post-thumbnail","6":"product_cat-borstvoeding","8":"first","9":"instock","10":"shipping-taxable","11":"product-type-simple"},"acf":[],"yoast_head":"<!-- This site is optimized with the Yoast SEO plugin v26.6 - https:\/\/yoast.com\/wordpress\/plugins\/seo\/ -->\n<title>Multi-Mam Kompressen - Multi-Mam<\/title>\n<meta name=\"description\" content=\"Multi-Mam kompressen zijn speciaal ontworpen om moeders die borstvoeding geven te ondersteunen door onmiddellijke verkoeling en verzachtend comfort te bieden aan de gevoelige huid.\" \/>\n<meta name=\"robots\" content=\"index, follow, max-snippet:-1, max-image-preview:large, max-video-preview:-1\" \/>\n<link rel=\"canonical\" href=\"https:\/\/multi-mam.com\/nl\/product\/multi-mam-kompressen\/\" \/>\n<meta property=\"og:locale\" content=\"nl_NL\" \/>\n<meta property=\"og:type\" content=\"article\" \/>\n<meta property=\"og:title\" content=\"Multi-Mam Kompressen - Multi-Mam\" \/>\n<meta property=\"og:description\" content=\"Multi-Mam kompressen zijn speciaal ontworpen om moeders die borstvoeding geven te ondersteunen door onmiddellijke verkoeling en verzachtend comfort te bieden aan de gevoelige huid.\" \/>\n<meta property=\"og:url\" content=\"https:\/\/multi-mam.com\/nl\/product\/multi-mam-kompressen\/\" \/>\n<meta property=\"og:site_name\" content=\"Multi-Mam\" \/>\n<meta property=\"article:modified_time\" content=\"2025-09-30T07:43:23+00:00\" \/>\n<meta property=\"og:image\" content=\"https:\/\/multi-mam.com\/app\/uploads\/sites\/7\/2022\/06\/Multi-Mam-Kompressen.png\" \/>\n\t<meta property=\"og:image:width\" content=\"700\" \/>\n\t<meta property=\"og:image:height\" content=\"700\" \/>\n\t<meta property=\"og:image:type\" content=\"image\/png\" \/>\n<meta name=\"twitter:card\" content=\"summary_large_image\" \/>\n<meta name=\"twitter:label1\" content=\"Geschatte leestijd\" \/>\n\t<meta name=\"twitter:data1\" content=\"1 minuut\" \/>\n<script type=\"application\/ld+json\" class=\"yoast-schema-graph\">{\"@context\":\"https:\/\/schema.org\",\"@graph\":[{\"@type\":\"WebPage\",\"@id\":\"https:\/\/multi-mam.com\/nl\/product\/multi-mam-kompressen\/\",\"url\":\"https:\/\/multi-mam.com\/nl\/product\/multi-mam-kompressen\/\",\"name\":\"Multi-Mam Kompressen - Multi-Mam\",\"isPartOf\":{\"@id\":\"https:\/\/multi-mam.com\/nl\/#website\"},\"primaryImageOfPage\":{\"@id\":\"https:\/\/multi-mam.com\/nl\/product\/multi-mam-kompressen\/#primaryimage\"},\"image\":{\"@id\":\"https:\/\/multi-mam.com\/nl\/product\/multi-mam-kompressen\/#primaryimage\"},\"thumbnailUrl\":\"https:\/\/multi-mam.com\/app\/uploads\/sites\/7\/2022\/06\/Multi-Mam-Kompressen.png\",\"datePublished\":\"2022-06-22T09:54:11+00:00\",\"dateModified\":\"2025-09-30T07:43:23+00:00\",\"description\":\"Multi-Mam kompressen zijn speciaal ontworpen om moeders die borstvoeding geven te ondersteunen door onmiddellijke verkoeling en verzachtend comfort te bieden aan de gevoelige huid.\",\"breadcrumb\":{\"@id\":\"https:\/\/multi-mam.com\/nl\/product\/multi-mam-kompressen\/#breadcrumb\"},\"inLanguage\":\"nl-NL\",\"potentialAction\":[{\"@type\":\"ReadAction\",\"target\":[\"https:\/\/multi-mam.com\/nl\/product\/multi-mam-kompressen\/\"]}]},{\"@type\":\"ImageObject\",\"inLanguage\":\"nl-NL\",\"@id\":\"https:\/\/multi-mam.com\/nl\/product\/multi-mam-kompressen\/#primaryimage\",\"url\":\"https:\/\/multi-mam.com\/app\/uploads\/sites\/7\/2022\/06\/Multi-Mam-Kompressen.png\",\"contentUrl\":\"https:\/\/multi-mam.com\/app\/uploads\/sites\/7\/2022\/06\/Multi-Mam-Kompressen.png\",\"width\":700,\"height\":700,\"caption\":\"Multi-Mam-Kompressen\"},{\"@type\":\"BreadcrumbList\",\"@id\":\"https:\/\/multi-mam.com\/nl\/product\/multi-mam-kompressen\/#breadcrumb\",\"itemListElement\":[{\"@type\":\"ListItem\",\"position\":1,\"name\":\"Home\",\"item\":\"https:\/\/multi-mam.com\/nl\/\"},{\"@type\":\"ListItem\",\"position\":2,\"name\":\"Producten\",\"item\":\"https:\/\/multi-mam.com\/nl\/producten\/\"},{\"@type\":\"ListItem\",\"position\":3,\"name\":\"Multi-Mam Kompressen\"}]},{\"@type\":\"WebSite\",\"@id\":\"https:\/\/multi-mam.com\/nl\/#website\",\"url\":\"https:\/\/multi-mam.com\/nl\/\",\"name\":\"Multi-Mam\",\"description\":\"\",\"publisher\":{\"@id\":\"https:\/\/multi-mam.com\/nl\/#organization\"},\"potentialAction\":[{\"@type\":\"SearchAction\",\"target\":{\"@type\":\"EntryPoint\",\"urlTemplate\":\"https:\/\/multi-mam.com\/nl\/?s={search_term_string}\"},\"query-input\":{\"@type\":\"PropertyValueSpecification\",\"valueRequired\":true,\"valueName\":\"search_term_string\"}}],\"inLanguage\":\"nl-NL\"},{\"@type\":\"Organization\",\"@id\":\"https:\/\/multi-mam.com\/nl\/#organization\",\"name\":\"Multi-Mam\",\"url\":\"https:\/\/multi-mam.com\/nl\/\",\"logo\":{\"@type\":\"ImageObject\",\"inLanguage\":\"nl-NL\",\"@id\":\"https:\/\/multi-mam.com\/nl\/#\/schema\/logo\/image\/\",\"url\":\"https:\/\/multi-mam.com\/app\/uploads\/sites\/7\/2022\/06\/multi-mam-logotype.png\",\"contentUrl\":\"https:\/\/multi-mam.com\/app\/uploads\/sites\/7\/2022\/06\/multi-mam-logotype.png\",\"width\":70,\"height\":96,\"caption\":\"Multi-Mam\"},\"image\":{\"@id\":\"https:\/\/multi-mam.com\/nl\/#\/schema\/logo\/image\/\"}}]}<\/script>\n<!-- \/ Yoast SEO plugin. -->","yoast_head_json":{"title":"Multi-Mam Kompressen - Multi-Mam","description":"Multi-Mam kompressen zijn speciaal ontworpen om moeders die borstvoeding geven te ondersteunen door onmiddellijke verkoeling en verzachtend comfort te bieden aan de gevoelige huid.","robots":{"index":"index","follow":"follow","max-snippet":"max-snippet:-1","max-image-preview":"max-image-preview:large","max-video-preview":"max-video-preview:-1"},"canonical":"https:\/\/multi-mam.com\/nl\/product\/multi-mam-kompressen\/","og_locale":"nl_NL","og_type":"article","og_title":"Multi-Mam Kompressen - Multi-Mam","og_description":"Multi-Mam kompressen zijn speciaal ontworpen om moeders die borstvoeding geven te ondersteunen door onmiddellijke verkoeling en verzachtend comfort te bieden aan de gevoelige huid.","og_url":"https:\/\/multi-mam.com\/nl\/product\/multi-mam-kompressen\/","og_site_name":"Multi-Mam","article_modified_time":"2025-09-30T07:43:23+00:00","og_image":[{"width":700,"height":700,"url":"https:\/\/multi-mam.com\/app\/uploads\/sites\/7\/2022\/06\/Multi-Mam-Kompressen.png","type":"image\/png"}],"twitter_card":"summary_large_image","twitter_misc":{"Geschatte leestijd":"1 minuut"},"schema":{"@context":"https:\/\/schema.org","@graph":[{"@type":"WebPage","@id":"https:\/\/multi-mam.com\/nl\/product\/multi-mam-kompressen\/","url":"https:\/\/multi-mam.com\/nl\/product\/multi-mam-kompressen\/","name":"Multi-Mam Kompressen - Multi-Mam","isPartOf":{"@id":"https:\/\/multi-mam.com\/nl\/#website"},"primaryImageOfPage":{"@id":"https:\/\/multi-mam.com\/nl\/product\/multi-mam-kompressen\/#primaryimage"},"image":{"@id":"https:\/\/multi-mam.com\/nl\/product\/multi-mam-kompressen\/#primaryimage"},"thumbnailUrl":"https:\/\/multi-mam.com\/app\/uploads\/sites\/7\/2022\/06\/Multi-Mam-Kompressen.png","datePublished":"2022-06-22T09:54:11+00:00","dateModified":"2025-09-30T07:43:23+00:00","description":"Multi-Mam kompressen zijn speciaal ontworpen om moeders die borstvoeding geven te ondersteunen door onmiddellijke verkoeling en verzachtend comfort te bieden aan de gevoelige huid.","breadcrumb":{"@id":"https:\/\/multi-mam.com\/nl\/product\/multi-mam-kompressen\/#breadcrumb"},"inLanguage":"nl-NL","potentialAction":[{"@type":"ReadAction","target":["https:\/\/multi-mam.com\/nl\/product\/multi-mam-kompressen\/"]}]},{"@type":"ImageObject","inLanguage":"nl-NL","@id":"https:\/\/multi-mam.com\/nl\/product\/multi-mam-kompressen\/#primaryimage","url":"https:\/\/multi-mam.com\/app\/uploads\/sites\/7\/2022\/06\/Multi-Mam-Kompressen.png","contentUrl":"https:\/\/multi-mam.com\/app\/uploads\/sites\/7\/2022\/06\/Multi-Mam-Kompressen.png","width":700,"height":700,"caption":"Multi-Mam-Kompressen"},{"@type":"BreadcrumbList","@id":"https:\/\/multi-mam.com\/nl\/product\/multi-mam-kompressen\/#breadcrumb","itemListElement":[{"@type":"ListItem","position":1,"name":"Home","item":"https:\/\/multi-mam.com\/nl\/"},{"@type":"ListItem","position":2,"name":"Producten","item":"https:\/\/multi-mam.com\/nl\/producten\/"},{"@type":"ListItem","position":3,"name":"Multi-Mam Kompressen"}]},{"@type":"WebSite","@id":"https:\/\/multi-mam.com\/nl\/#website","url":"https:\/\/multi-mam.com\/nl\/","name":"Multi-Mam","description":"","publisher":{"@id":"https:\/\/multi-mam.com\/nl\/#organization"},"potentialAction":[{"@type":"SearchAction","target":{"@type":"EntryPoint","urlTemplate":"https:\/\/multi-mam.com\/nl\/?s={search_term_string}"},"query-input":{"@type":"PropertyValueSpecification","valueRequired":true,"valueName":"search_term_string"}}],"inLanguage":"nl-NL"},{"@type":"Organization","@id":"https:\/\/multi-mam.com\/nl\/#organization","name":"Multi-Mam","url":"https:\/\/multi-mam.com\/nl\/","logo":{"@type":"ImageObject","inLanguage":"nl-NL","@id":"https:\/\/multi-mam.com\/nl\/#\/schema\/logo\/image\/","url":"https:\/\/multi-mam.com\/app\/uploads\/sites\/7\/2022\/06\/multi-mam-logotype.png","contentUrl":"https:\/\/multi-mam.com\/app\/uploads\/sites\/7\/2022\/06\/multi-mam-logotype.png","width":70,"height":96,"caption":"Multi-Mam"},"image":{"@id":"https:\/\/multi-mam.com\/nl\/#\/schema\/logo\/image\/"}}]}},"_links":{"self":[{"href":"https:\/\/multi-mam.com\/nl\/wp-json\/wp\/v2\/product\/65","targetHints":{"allow":["GET"]}}],"collection":[{"href":"https:\/\/multi-mam.com\/nl\/wp-json\/wp\/v2\/product"}],"about":[{"href":"https:\/\/multi-mam.com\/nl\/wp-json\/wp\/v2\/types\/product"}],"replies":[{"embeddable":true,"href":"https:\/\/multi-mam.com\/nl\/wp-json\/wp\/v2\/comments?post=65"}],"version-history":[{"count":8,"href":"https:\/\/multi-mam.com\/nl\/wp-json\/wp\/v2\/product\/65\/revisions"}],"predecessor-version":[{"id":116,"href":"https:\/\/multi-mam.com\/nl\/wp-json\/wp\/v2\/product\/65\/revisions\/116"}],"wp:featuredmedia":[{"embeddable":true,"href":"https:\/\/multi-mam.com\/nl\/wp-json\/wp\/v2\/media\/112"}],"wp:attachment":[{"href":"https:\/\/multi-mam.com\/nl\/wp-json\/wp\/v2\/media?parent=65"}],"wp:term":[{"taxonomy":"product_brand","embeddable":true,"href":"https:\/\/multi-mam.com\/nl\/wp-json\/wp\/v2\/product_brand?post=65"},{"taxonomy":"product_cat","embeddable":true,"href":"https:\/\/multi-mam.com\/nl\/wp-json\/wp\/v2\/product_cat?post=65"},{"taxonomy":"product_tag","embeddable":true,"href":"https:\/\/multi-mam.com\/nl\/wp-json\/wp\/v2\/product_tag?post=65"}],"curies":[{"name":"wp","href":"https:\/\/api.w.org\/{rel}","templated":true}]}}