{"id":37,"date":"2022-06-22T10:07:45","date_gmt":"2022-06-22T08:07:45","guid":{"rendered":"https:\/\/multi-mam.com\/nl\/?page_id=37"},"modified":"2022-06-22T10:19:13","modified_gmt":"2022-06-22T08:19:13","slug":"faq","status":"publish","type":"page","link":"https:\/\/multi-mam.com\/nl\/faq\/","title":{"rendered":"FAQ"},"content":{"rendered":"\n<div class=\"wp-block-karopharma-background-image-with-text-v2 background-image-with-text-v2 undefined content-position-center fixed-height-layout\" datatest=\"root\"><div class=\"background-image-with-text-wrapper\"><picture class=\"background-image-with-text-image\"><source media=\"(max-width: 560px)\" srcset=\"https:\/\/multi-mam.com\/cdn-cgi\/image\/format=auto,width=560\/app\/uploads\/sites\/7\/2022\/06\/faq.jpeg\"\/><source media=\"(max-width: 800px)\" srcset=\"https:\/\/multi-mam.com\/cdn-cgi\/image\/format=auto,width=800\/app\/uploads\/sites\/7\/2022\/06\/faq.jpeg\"\/><source media=\"(max-width: 1920px)\" srcset=\"https:\/\/multi-mam.com\/cdn-cgi\/image\/format=auto,width=1920\/app\/uploads\/sites\/7\/2022\/06\/faq.jpeg\"\/><img decoding=\"async\" width=\"1400\" height=\"933\" datatest=\"background-image\" loading=\"lazy\" class=\"object-center object-cover\" src=\"https:\/\/multi-mam.com\/cdn-cgi\/image\/format=auto\/app\/uploads\/sites\/7\/2022\/06\/faq.jpeg\" alt=\"faq\"\/><\/picture><div datatest=\"content-wrapper\" class=\"background-image-with-text-content-wrapper container max-w-medium text-alignment-center  pt-large pb-large\"><div class=\"content\"><h1 datatest=\"heading\" class=\"\">FAQ<\/h1>\n<div class=\"wp-block-buttons is-layout-flex wp-block-buttons-is-layout-flex\"><\/div>\n<\/div><\/div><\/div><\/div>\n\n\n\n<div class=\"wp-block-karopharma-accordions\"><div class=\"container\">\n<details class=\"wp-block-karopharma-accordion\"><summary><h2 class=\"accordion-title\">Moet ik Multi-Mam Balm v\u00f3\u00f3r de borstvoeding verwijderen?<\/h2><\/summary><div class=\"accordion-content\">\n<p>Nee. De balm is ongevaarlijk bij inslikken en heeft een neutrale smaak en geur. Het wordt vooral aanbevolen om de Balm onmiddellijk na de borstvoeding aan te brengen. Aanbrengen v\u00f3\u00f3r het voeden kan het aanhappen voor de baby moeilijker maken.<\/p>\n<\/div><\/details>\n\n\n\n<details class=\"wp-block-karopharma-accordion\"><summary><h2 class=\"accordion-title\">Hoe vaak moet ik Multi-Mam Balm gebruiken?<\/h2><\/summary><div class=\"accordion-content\">\n<p>Zo vaak als je wilt. Het wordt vooral aanbevolen om de Balm onmiddellijk na de borstvoeding aan te brengen. Aanbrengen v\u00f3\u00f3r het voeden kan het aanhappen voor de baby moeilijker maken.<\/p>\n<\/div><\/details>\n\n\n\n<details class=\"wp-block-karopharma-accordion\"><summary><h2 class=\"accordion-title\">Hoe vaak moet ik Multi-Mam Balm gebruiken?<\/h2><\/summary><div class=\"accordion-content\">\n<p>Zo vaak als je wilt. Het wordt vooral aanbevolen om de Balm onmiddellijk na de borstvoeding aan te brengen. Aanbrengen v\u00f3\u00f3r het voeden kan het aanhappen voor de baby moeilijker maken.<\/p>\n<\/div><\/details>\n\n\n\n<details class=\"wp-block-karopharma-accordion\"><summary><h2 class=\"accordion-title\">Ik blijf last houden van tepelkloven, wat erg pijnlijk is. Wat kan ik doen?<\/h2><\/summary><div class=\"accordion-content\">\n<p>De beste oplossing is om eerst Kompressen te gebruiken om de kloofjes te behandelen. Dit ondersteunt een vochtige genezing. Om kloofjes te voorkomen en de huid zacht te houden, kun je zalf gebruiken. Multi-Mam Balm is een zalf die het huidweefsel versterkt en verzorgt. Gebaseerd op natuurlijke ingredi\u00ebnten heeft de Balm een neutrale smaak en is ongevaarlijk bij inslikken. De Balm biedt dus optimale bescherming tijdens het voeden en de hele dag door.<\/p>\n<\/div><\/details>\n\n\n\n<details class=\"wp-block-karopharma-accordion\"><summary><h2 class=\"accordion-title\">Wanneer kan ik de Kompressen het best gebruiken, v\u00f3\u00f3r of na het geven van de borstvoeding?<\/h2><\/summary><div class=\"accordion-content\">\n<p>Wij adviseren dat je onmiddellijk na het voeden een Kompres gebruikt. Bij gebruik v\u00f3\u00f3r het voeden kan de vochtig geworden tepel het moeilijker maken voor je baby om aan te happen.<\/p>\n<\/div><\/details>\n\n\n\n<details class=\"wp-block-karopharma-accordion\"><summary><h2 class=\"accordion-title\">Hoelang mag ik een Kompres op mijn borst houden?<\/h2><\/summary><div class=\"accordion-content\">\n<p>15-30 minuten is ideaal, 10 minuten het minimum en 60 minuten het maximum.<\/p>\n<\/div><\/details>\n\n\n\n<details class=\"wp-block-karopharma-accordion\"><summary><h2 class=\"accordion-title\">Hoe vaak kan ik een Kompres gebruiken?<\/h2><\/summary><div class=\"accordion-content\">\n<p>Elk Kompres kan \u00e9\u00e9n keer worden gebruikt en moet na gebruik om hygi\u00ebnische redenen worden weggegooid.<\/p>\n<\/div><\/details>\n\n\n\n<details class=\"wp-block-karopharma-accordion\"><summary><h2 class=\"accordion-title\">Is het schadelijk als mijn baby wat van de gel op het Kompres inslikt?<\/h2><\/summary><div class=\"accordion-content\">\n<p>Nee. De gel is veilig voor je baby. Je hoeft overtollige gel niet te verwijderen voordat je borstvoeding gaat geven.<a href=\"https:\/\/multi-mam.com\/nl\/produkte\/multi-mam-balm\/\"><\/a><\/p>\n<\/div><\/details>\n<\/div><\/div>\n","protected":false},"excerpt":{"rendered":"","protected":false},"author":2,"featured_media":0,"parent":0,"menu_order":0,"comment_status":"closed","ping_status":"closed","template":"","meta":{"_acf_changed":false,"footnotes":""},"from-article-database":[],"class_list":["post-37","page","type-page","status-publish","hentry"],"acf":[],"yoast_head":"<!-- This site is optimized with the Yoast SEO plugin v26.6 - https:\/\/yoast.com\/wordpress\/plugins\/seo\/ -->\n<title>FAQ - Multi-Mam<\/title>\n<meta name=\"description\" content=\"Moet ik Multi-Mam Balm v\u00f3\u00f3r de borstvoeding verwijderen? Hoe vaak moet ik Multi-Mam Balm gebruiken? Hoe vaak moet ik Multi-Mam Balm gebruiken?\" \/>\n<meta name=\"robots\" content=\"index, follow, max-snippet:-1, max-image-preview:large, max-video-preview:-1\" \/>\n<link rel=\"canonical\" href=\"https:\/\/multi-mam.com\/nl\/faq\/\" \/>\n<meta property=\"og:locale\" content=\"nl_NL\" \/>\n<meta property=\"og:type\" content=\"article\" \/>\n<meta property=\"og:title\" content=\"FAQ - Multi-Mam\" \/>\n<meta property=\"og:description\" content=\"Moet ik Multi-Mam Balm v\u00f3\u00f3r de borstvoeding verwijderen? Hoe vaak moet ik Multi-Mam Balm gebruiken? Hoe vaak moet ik Multi-Mam Balm gebruiken?\" \/>\n<meta property=\"og:url\" content=\"https:\/\/multi-mam.com\/nl\/faq\/\" \/>\n<meta property=\"og:site_name\" content=\"Multi-Mam\" \/>\n<meta property=\"article:modified_time\" content=\"2022-06-22T08:19:13+00:00\" \/>\n<meta property=\"og:image\" content=\"https:\/\/multi-mam.com\/cdn-cgi\/image\/format=auto\/app\/uploads\/sites\/7\/2022\/06\/faq.jpeg\" \/>\n<meta name=\"twitter:card\" content=\"summary_large_image\" \/>\n<meta name=\"twitter:label1\" content=\"Geschatte leestijd\" \/>\n\t<meta name=\"twitter:data1\" content=\"2 minuten\" \/>\n<script type=\"application\/ld+json\" class=\"yoast-schema-graph\">{\"@context\":\"https:\/\/schema.org\",\"@graph\":[{\"@type\":\"WebPage\",\"@id\":\"https:\/\/multi-mam.com\/nl\/faq\/\",\"url\":\"https:\/\/multi-mam.com\/nl\/faq\/\",\"name\":\"FAQ - Multi-Mam\",\"isPartOf\":{\"@id\":\"https:\/\/multi-mam.com\/nl\/#website\"},\"primaryImageOfPage\":{\"@id\":\"https:\/\/multi-mam.com\/nl\/faq\/#primaryimage\"},\"image\":{\"@id\":\"https:\/\/multi-mam.com\/nl\/faq\/#primaryimage\"},\"thumbnailUrl\":\"https:\/\/multi-mam.com\/cdn-cgi\/image\/format=auto\/app\/uploads\/sites\/7\/2022\/06\/faq.jpeg\",\"datePublished\":\"2022-06-22T08:07:45+00:00\",\"dateModified\":\"2022-06-22T08:19:13+00:00\",\"description\":\"Moet ik Multi-Mam Balm v\u00f3\u00f3r de borstvoeding verwijderen? Hoe vaak moet ik Multi-Mam Balm gebruiken? Hoe vaak moet ik Multi-Mam Balm gebruiken?\",\"breadcrumb\":{\"@id\":\"https:\/\/multi-mam.com\/nl\/faq\/#breadcrumb\"},\"inLanguage\":\"nl-NL\",\"potentialAction\":[{\"@type\":\"ReadAction\",\"target\":[\"https:\/\/multi-mam.com\/nl\/faq\/\"]}]},{\"@type\":\"ImageObject\",\"inLanguage\":\"nl-NL\",\"@id\":\"https:\/\/multi-mam.com\/nl\/faq\/#primaryimage\",\"url\":\"https:\/\/multi-mam.com\/cdn-cgi\/image\/format=auto\/app\/uploads\/sites\/7\/2022\/06\/faq.jpeg\",\"contentUrl\":\"https:\/\/multi-mam.com\/cdn-cgi\/image\/format=auto\/app\/uploads\/sites\/7\/2022\/06\/faq.jpeg\"},{\"@type\":\"BreadcrumbList\",\"@id\":\"https:\/\/multi-mam.com\/nl\/faq\/#breadcrumb\",\"itemListElement\":[{\"@type\":\"ListItem\",\"position\":1,\"name\":\"Home\",\"item\":\"https:\/\/multi-mam.com\/nl\/\"},{\"@type\":\"ListItem\",\"position\":2,\"name\":\"FAQ\"}]},{\"@type\":\"WebSite\",\"@id\":\"https:\/\/multi-mam.com\/nl\/#website\",\"url\":\"https:\/\/multi-mam.com\/nl\/\",\"name\":\"Multi-Mam\",\"description\":\"\",\"publisher\":{\"@id\":\"https:\/\/multi-mam.com\/nl\/#organization\"},\"potentialAction\":[{\"@type\":\"SearchAction\",\"target\":{\"@type\":\"EntryPoint\",\"urlTemplate\":\"https:\/\/multi-mam.com\/nl\/?s={search_term_string}\"},\"query-input\":{\"@type\":\"PropertyValueSpecification\",\"valueRequired\":true,\"valueName\":\"search_term_string\"}}],\"inLanguage\":\"nl-NL\"},{\"@type\":\"Organization\",\"@id\":\"https:\/\/multi-mam.com\/nl\/#organization\",\"name\":\"Multi-Mam\",\"url\":\"https:\/\/multi-mam.com\/nl\/\",\"logo\":{\"@type\":\"ImageObject\",\"inLanguage\":\"nl-NL\",\"@id\":\"https:\/\/multi-mam.com\/nl\/#\/schema\/logo\/image\/\",\"url\":\"https:\/\/multi-mam.com\/app\/uploads\/sites\/7\/2022\/06\/multi-mam-logotype.png\",\"contentUrl\":\"https:\/\/multi-mam.com\/app\/uploads\/sites\/7\/2022\/06\/multi-mam-logotype.png\",\"width\":70,\"height\":96,\"caption\":\"Multi-Mam\"},\"image\":{\"@id\":\"https:\/\/multi-mam.com\/nl\/#\/schema\/logo\/image\/\"}}]}<\/script>\n<!-- \/ Yoast SEO plugin. -->","yoast_head_json":{"title":"FAQ - Multi-Mam","description":"Moet ik Multi-Mam Balm v\u00f3\u00f3r de borstvoeding verwijderen? Hoe vaak moet ik Multi-Mam Balm gebruiken? Hoe vaak moet ik Multi-Mam Balm gebruiken?","robots":{"index":"index","follow":"follow","max-snippet":"max-snippet:-1","max-image-preview":"max-image-preview:large","max-video-preview":"max-video-preview:-1"},"canonical":"https:\/\/multi-mam.com\/nl\/faq\/","og_locale":"nl_NL","og_type":"article","og_title":"FAQ - Multi-Mam","og_description":"Moet ik Multi-Mam Balm v\u00f3\u00f3r de borstvoeding verwijderen? Hoe vaak moet ik Multi-Mam Balm gebruiken? Hoe vaak moet ik Multi-Mam Balm gebruiken?","og_url":"https:\/\/multi-mam.com\/nl\/faq\/","og_site_name":"Multi-Mam","article_modified_time":"2022-06-22T08:19:13+00:00","og_image":[{"url":"https:\/\/multi-mam.com\/cdn-cgi\/image\/format=auto\/app\/uploads\/sites\/7\/2022\/06\/faq.jpeg","type":"","width":"","height":""}],"twitter_card":"summary_large_image","twitter_misc":{"Geschatte leestijd":"2 minuten"},"schema":{"@context":"https:\/\/schema.org","@graph":[{"@type":"WebPage","@id":"https:\/\/multi-mam.com\/nl\/faq\/","url":"https:\/\/multi-mam.com\/nl\/faq\/","name":"FAQ - Multi-Mam","isPartOf":{"@id":"https:\/\/multi-mam.com\/nl\/#website"},"primaryImageOfPage":{"@id":"https:\/\/multi-mam.com\/nl\/faq\/#primaryimage"},"image":{"@id":"https:\/\/multi-mam.com\/nl\/faq\/#primaryimage"},"thumbnailUrl":"https:\/\/multi-mam.com\/cdn-cgi\/image\/format=auto\/app\/uploads\/sites\/7\/2022\/06\/faq.jpeg","datePublished":"2022-06-22T08:07:45+00:00","dateModified":"2022-06-22T08:19:13+00:00","description":"Moet ik Multi-Mam Balm v\u00f3\u00f3r de borstvoeding verwijderen? Hoe vaak moet ik Multi-Mam Balm gebruiken? Hoe vaak moet ik Multi-Mam Balm gebruiken?","breadcrumb":{"@id":"https:\/\/multi-mam.com\/nl\/faq\/#breadcrumb"},"inLanguage":"nl-NL","potentialAction":[{"@type":"ReadAction","target":["https:\/\/multi-mam.com\/nl\/faq\/"]}]},{"@type":"ImageObject","inLanguage":"nl-NL","@id":"https:\/\/multi-mam.com\/nl\/faq\/#primaryimage","url":"https:\/\/multi-mam.com\/cdn-cgi\/image\/format=auto\/app\/uploads\/sites\/7\/2022\/06\/faq.jpeg","contentUrl":"https:\/\/multi-mam.com\/cdn-cgi\/image\/format=auto\/app\/uploads\/sites\/7\/2022\/06\/faq.jpeg"},{"@type":"BreadcrumbList","@id":"https:\/\/multi-mam.com\/nl\/faq\/#breadcrumb","itemListElement":[{"@type":"ListItem","position":1,"name":"Home","item":"https:\/\/multi-mam.com\/nl\/"},{"@type":"ListItem","position":2,"name":"FAQ"}]},{"@type":"WebSite","@id":"https:\/\/multi-mam.com\/nl\/#website","url":"https:\/\/multi-mam.com\/nl\/","name":"Multi-Mam","description":"","publisher":{"@id":"https:\/\/multi-mam.com\/nl\/#organization"},"potentialAction":[{"@type":"SearchAction","target":{"@type":"EntryPoint","urlTemplate":"https:\/\/multi-mam.com\/nl\/?s={search_term_string}"},"query-input":{"@type":"PropertyValueSpecification","valueRequired":true,"valueName":"search_term_string"}}],"inLanguage":"nl-NL"},{"@type":"Organization","@id":"https:\/\/multi-mam.com\/nl\/#organization","name":"Multi-Mam","url":"https:\/\/multi-mam.com\/nl\/","logo":{"@type":"ImageObject","inLanguage":"nl-NL","@id":"https:\/\/multi-mam.com\/nl\/#\/schema\/logo\/image\/","url":"https:\/\/multi-mam.com\/app\/uploads\/sites\/7\/2022\/06\/multi-mam-logotype.png","contentUrl":"https:\/\/multi-mam.com\/app\/uploads\/sites\/7\/2022\/06\/multi-mam-logotype.png","width":70,"height":96,"caption":"Multi-Mam"},"image":{"@id":"https:\/\/multi-mam.com\/nl\/#\/schema\/logo\/image\/"}}]}},"_links":{"self":[{"href":"https:\/\/multi-mam.com\/nl\/wp-json\/wp\/v2\/pages\/37","targetHints":{"allow":["GET"]}}],"collection":[{"href":"https:\/\/multi-mam.com\/nl\/wp-json\/wp\/v2\/pages"}],"about":[{"href":"https:\/\/multi-mam.com\/nl\/wp-json\/wp\/v2\/types\/page"}],"author":[{"embeddable":true,"href":"https:\/\/multi-mam.com\/nl\/wp-json\/wp\/v2\/users\/2"}],"replies":[{"embeddable":true,"href":"https:\/\/multi-mam.com\/nl\/wp-json\/wp\/v2\/comments?post=37"}],"version-history":[{"count":2,"href":"https:\/\/multi-mam.com\/nl\/wp-json\/wp\/v2\/pages\/37\/revisions"}],"predecessor-version":[{"id":56,"href":"https:\/\/multi-mam.com\/nl\/wp-json\/wp\/v2\/pages\/37\/revisions\/56"}],"wp:attachment":[{"href":"https:\/\/multi-mam.com\/nl\/wp-json\/wp\/v2\/media?parent=37"}],"wp:term":[{"taxonomy":"from-article-database","embeddable":true,"href":"https:\/\/multi-mam.com\/nl\/wp-json\/wp\/v2\/from-article-database?post=37"}],"curies":[{"name":"wp","href":"https:\/\/api.w.org\/{rel}","templated":true}]}}