{"id":69,"date":"2022-07-13T10:39:47","date_gmt":"2022-07-13T07:39:47","guid":{"rendered":"https:\/\/multi-mam.com\/lv\/?post_type=product&#038;p=69"},"modified":"2025-11-17T12:01:59","modified_gmt":"2025-11-17T10:01:59","slug":"multi-mam-babydent","status":"publish","type":"product","link":"https:\/\/multi-mam.com\/lv\/produkts\/multi-mam-babydent\/","title":{"rendered":"Multi-Mam BabyDent"},"content":{"rendered":"\n<div class=\"wp-block-karopharma-accordions is-style-secondary\"><div class=\"container\">\n<details class=\"wp-block-karopharma-accordion\"><summary><h2 class=\"accordion-title\">Cik bie\u017ei es varu lietot gelu mazulim?<\/h2><\/summary><div class=\"accordion-content\">\n<p>Tik bie\u017ei, cik v\u0113laties \u2013 ikreiz, kad nepiecie\u0161ams nomierino\u0161s efekts.<\/p>\n<\/div><\/details>\n\n\n\n<details class=\"wp-block-karopharma-accordion\"><summary><h2 class=\"accordion-title\">Mans mazulis ir norijis diezgan daudz gela, vai tas ir kait\u012bgi?<\/h2><\/summary><div class=\"accordion-content\">\n<p>N\u0113, t\u0101 nav probl\u0113ma, ja j\u016bsu b\u0113rns norij gelu.<\/p>\n<\/div><\/details>\n\n\n\n<details class=\"wp-block-karopharma-accordion\"><summary><h2 class=\"accordion-title\">Gels nosl\u012bd no pirksta, k\u0101 man to uzkl\u0101t uz mazu\u013ca smagan\u0101m?<\/h2><\/summary><div class=\"accordion-content\">\n<p>Uzlieciet nedaudz gela tie\u0161i uz knup\u012b\u0161a vai viet\u0101s, kur n\u0101k zobi\u0146i, kur tas non\u0101k saskar\u0113 ar smagan\u0101m.<\/p>\n<\/div><\/details>\n<\/div><\/div>\n","protected":false},"excerpt":{"rendered":"<p>Remdino\u0161s gels, kad mazulim n\u0101k zobi\u0146i<\/p>\n","protected":false},"featured_media":87,"comment_status":"closed","ping_status":"closed","template":"","meta":{"_acf_changed":false,"footnotes":""},"product_brand":[],"product_cat":[16],"product_tag":[],"class_list":{"0":"post-69","1":"product","2":"type-product","3":"status-publish","4":"has-post-thumbnail","6":"product_cat-uncategorized","8":"first","9":"instock","10":"shipping-taxable","11":"product-type-simple"},"acf":[],"yoast_head":"<!-- This site is optimized with the Yoast SEO plugin v26.6 - https:\/\/yoast.com\/wordpress\/plugins\/seo\/ -->\n<title>Multi-Mam BabyDent - Multi-Mam<\/title>\n<meta name=\"description\" content=\"Multi-Mam BabyDent gels veido m\u012bkstu remdino\u0161u sl\u0101ni virs skartaj\u0101m smagan\u0101m un mazina kairin\u0101jumu, ko izraisa zobi\u0146u n\u0101k\u0161ana.\" \/>\n<meta name=\"robots\" content=\"index, follow, max-snippet:-1, max-image-preview:large, max-video-preview:-1\" \/>\n<link rel=\"canonical\" href=\"https:\/\/multi-mam.com\/lv\/produkts\/multi-mam-babydent\/\" \/>\n<meta property=\"og:locale\" content=\"lv_LV\" \/>\n<meta property=\"og:type\" content=\"article\" \/>\n<meta property=\"og:title\" content=\"Multi-Mam BabyDent - Multi-Mam\" \/>\n<meta property=\"og:description\" content=\"Multi-Mam BabyDent gels veido m\u012bkstu remdino\u0161u sl\u0101ni virs skartaj\u0101m smagan\u0101m un mazina kairin\u0101jumu, ko izraisa zobi\u0146u n\u0101k\u0161ana.\" \/>\n<meta property=\"og:url\" content=\"https:\/\/multi-mam.com\/lv\/produkts\/multi-mam-babydent\/\" \/>\n<meta property=\"og:site_name\" content=\"Multi-Mam\" \/>\n<meta property=\"article:modified_time\" content=\"2025-11-17T10:01:59+00:00\" \/>\n<meta property=\"og:image\" content=\"https:\/\/multi-mam.com\/app\/uploads\/sites\/15\/2022\/07\/MultiMamBabyDent15UnpackagedINTA02.png\" \/>\n\t<meta property=\"og:image:width\" content=\"2000\" \/>\n\t<meta property=\"og:image:height\" content=\"2000\" \/>\n\t<meta property=\"og:image:type\" content=\"image\/png\" \/>\n<meta name=\"twitter:card\" content=\"summary_large_image\" \/>\n<meta name=\"twitter:label1\" content=\"Est. reading time\" \/>\n\t<meta name=\"twitter:data1\" content=\"1 minute\" \/>\n<script type=\"application\/ld+json\" class=\"yoast-schema-graph\">{\"@context\":\"https:\/\/schema.org\",\"@graph\":[{\"@type\":\"WebPage\",\"@id\":\"https:\/\/multi-mam.com\/lv\/produkts\/multi-mam-babydent\/\",\"url\":\"https:\/\/multi-mam.com\/lv\/produkts\/multi-mam-babydent\/\",\"name\":\"Multi-Mam BabyDent - Multi-Mam\",\"isPartOf\":{\"@id\":\"https:\/\/multi-mam.com\/lv\/#website\"},\"primaryImageOfPage\":{\"@id\":\"https:\/\/multi-mam.com\/lv\/produkts\/multi-mam-babydent\/#primaryimage\"},\"image\":{\"@id\":\"https:\/\/multi-mam.com\/lv\/produkts\/multi-mam-babydent\/#primaryimage\"},\"thumbnailUrl\":\"https:\/\/multi-mam.com\/app\/uploads\/sites\/15\/2022\/07\/MultiMamBabyDent15UnpackagedINTA02.png\",\"datePublished\":\"2022-07-13T07:39:47+00:00\",\"dateModified\":\"2025-11-17T10:01:59+00:00\",\"description\":\"Multi-Mam BabyDent gels veido m\u012bkstu remdino\u0161u sl\u0101ni virs skartaj\u0101m smagan\u0101m un mazina kairin\u0101jumu, ko izraisa zobi\u0146u n\u0101k\u0161ana.\",\"breadcrumb\":{\"@id\":\"https:\/\/multi-mam.com\/lv\/produkts\/multi-mam-babydent\/#breadcrumb\"},\"inLanguage\":\"lv-LV\",\"potentialAction\":[{\"@type\":\"ReadAction\",\"target\":[\"https:\/\/multi-mam.com\/lv\/produkts\/multi-mam-babydent\/\"]}]},{\"@type\":\"ImageObject\",\"inLanguage\":\"lv-LV\",\"@id\":\"https:\/\/multi-mam.com\/lv\/produkts\/multi-mam-babydent\/#primaryimage\",\"url\":\"https:\/\/multi-mam.com\/app\/uploads\/sites\/15\/2022\/07\/MultiMamBabyDent15UnpackagedINTA02.png\",\"contentUrl\":\"https:\/\/multi-mam.com\/app\/uploads\/sites\/15\/2022\/07\/MultiMamBabyDent15UnpackagedINTA02.png\",\"width\":2000,\"height\":2000,\"caption\":\"Multi-Mam BabyDent\"},{\"@type\":\"BreadcrumbList\",\"@id\":\"https:\/\/multi-mam.com\/lv\/produkts\/multi-mam-babydent\/#breadcrumb\",\"itemListElement\":[{\"@type\":\"ListItem\",\"position\":1,\"name\":\"Home\",\"item\":\"https:\/\/multi-mam.com\/lv\/\"},{\"@type\":\"ListItem\",\"position\":2,\"name\":\"Produkti\",\"item\":\"https:\/\/multi-mam.com\/lv\/produkti\/\"},{\"@type\":\"ListItem\",\"position\":3,\"name\":\"Multi-Mam BabyDent\"}]},{\"@type\":\"WebSite\",\"@id\":\"https:\/\/multi-mam.com\/lv\/#website\",\"url\":\"https:\/\/multi-mam.com\/lv\/\",\"name\":\"Multi-Mam\",\"description\":\"\",\"publisher\":{\"@id\":\"https:\/\/multi-mam.com\/lv\/#organization\"},\"potentialAction\":[{\"@type\":\"SearchAction\",\"target\":{\"@type\":\"EntryPoint\",\"urlTemplate\":\"https:\/\/multi-mam.com\/lv\/?s={search_term_string}\"},\"query-input\":{\"@type\":\"PropertyValueSpecification\",\"valueRequired\":true,\"valueName\":\"search_term_string\"}}],\"inLanguage\":\"lv-LV\"},{\"@type\":\"Organization\",\"@id\":\"https:\/\/multi-mam.com\/lv\/#organization\",\"name\":\"Multi-Mam\",\"url\":\"https:\/\/multi-mam.com\/lv\/\",\"logo\":{\"@type\":\"ImageObject\",\"inLanguage\":\"lv-LV\",\"@id\":\"https:\/\/multi-mam.com\/lv\/#\/schema\/logo\/image\/\",\"url\":\"https:\/\/multi-mam.com\/app\/uploads\/sites\/15\/2022\/07\/multi-mam-logotype.png\",\"contentUrl\":\"https:\/\/multi-mam.com\/app\/uploads\/sites\/15\/2022\/07\/multi-mam-logotype.png\",\"width\":70,\"height\":96,\"caption\":\"Multi-Mam\"},\"image\":{\"@id\":\"https:\/\/multi-mam.com\/lv\/#\/schema\/logo\/image\/\"}}]}<\/script>\n<!-- \/ Yoast SEO plugin. -->","yoast_head_json":{"title":"Multi-Mam BabyDent - Multi-Mam","description":"Multi-Mam BabyDent gels veido m\u012bkstu remdino\u0161u sl\u0101ni virs skartaj\u0101m smagan\u0101m un mazina kairin\u0101jumu, ko izraisa zobi\u0146u n\u0101k\u0161ana.","robots":{"index":"index","follow":"follow","max-snippet":"max-snippet:-1","max-image-preview":"max-image-preview:large","max-video-preview":"max-video-preview:-1"},"canonical":"https:\/\/multi-mam.com\/lv\/produkts\/multi-mam-babydent\/","og_locale":"lv_LV","og_type":"article","og_title":"Multi-Mam BabyDent - Multi-Mam","og_description":"Multi-Mam BabyDent gels veido m\u012bkstu remdino\u0161u sl\u0101ni virs skartaj\u0101m smagan\u0101m un mazina kairin\u0101jumu, ko izraisa zobi\u0146u n\u0101k\u0161ana.","og_url":"https:\/\/multi-mam.com\/lv\/produkts\/multi-mam-babydent\/","og_site_name":"Multi-Mam","article_modified_time":"2025-11-17T10:01:59+00:00","og_image":[{"width":2000,"height":2000,"url":"https:\/\/multi-mam.com\/app\/uploads\/sites\/15\/2022\/07\/MultiMamBabyDent15UnpackagedINTA02.png","type":"image\/png"}],"twitter_card":"summary_large_image","twitter_misc":{"Est. reading time":"1 minute"},"schema":{"@context":"https:\/\/schema.org","@graph":[{"@type":"WebPage","@id":"https:\/\/multi-mam.com\/lv\/produkts\/multi-mam-babydent\/","url":"https:\/\/multi-mam.com\/lv\/produkts\/multi-mam-babydent\/","name":"Multi-Mam BabyDent - Multi-Mam","isPartOf":{"@id":"https:\/\/multi-mam.com\/lv\/#website"},"primaryImageOfPage":{"@id":"https:\/\/multi-mam.com\/lv\/produkts\/multi-mam-babydent\/#primaryimage"},"image":{"@id":"https:\/\/multi-mam.com\/lv\/produkts\/multi-mam-babydent\/#primaryimage"},"thumbnailUrl":"https:\/\/multi-mam.com\/app\/uploads\/sites\/15\/2022\/07\/MultiMamBabyDent15UnpackagedINTA02.png","datePublished":"2022-07-13T07:39:47+00:00","dateModified":"2025-11-17T10:01:59+00:00","description":"Multi-Mam BabyDent gels veido m\u012bkstu remdino\u0161u sl\u0101ni virs skartaj\u0101m smagan\u0101m un mazina kairin\u0101jumu, ko izraisa zobi\u0146u n\u0101k\u0161ana.","breadcrumb":{"@id":"https:\/\/multi-mam.com\/lv\/produkts\/multi-mam-babydent\/#breadcrumb"},"inLanguage":"lv-LV","potentialAction":[{"@type":"ReadAction","target":["https:\/\/multi-mam.com\/lv\/produkts\/multi-mam-babydent\/"]}]},{"@type":"ImageObject","inLanguage":"lv-LV","@id":"https:\/\/multi-mam.com\/lv\/produkts\/multi-mam-babydent\/#primaryimage","url":"https:\/\/multi-mam.com\/app\/uploads\/sites\/15\/2022\/07\/MultiMamBabyDent15UnpackagedINTA02.png","contentUrl":"https:\/\/multi-mam.com\/app\/uploads\/sites\/15\/2022\/07\/MultiMamBabyDent15UnpackagedINTA02.png","width":2000,"height":2000,"caption":"Multi-Mam BabyDent"},{"@type":"BreadcrumbList","@id":"https:\/\/multi-mam.com\/lv\/produkts\/multi-mam-babydent\/#breadcrumb","itemListElement":[{"@type":"ListItem","position":1,"name":"Home","item":"https:\/\/multi-mam.com\/lv\/"},{"@type":"ListItem","position":2,"name":"Produkti","item":"https:\/\/multi-mam.com\/lv\/produkti\/"},{"@type":"ListItem","position":3,"name":"Multi-Mam BabyDent"}]},{"@type":"WebSite","@id":"https:\/\/multi-mam.com\/lv\/#website","url":"https:\/\/multi-mam.com\/lv\/","name":"Multi-Mam","description":"","publisher":{"@id":"https:\/\/multi-mam.com\/lv\/#organization"},"potentialAction":[{"@type":"SearchAction","target":{"@type":"EntryPoint","urlTemplate":"https:\/\/multi-mam.com\/lv\/?s={search_term_string}"},"query-input":{"@type":"PropertyValueSpecification","valueRequired":true,"valueName":"search_term_string"}}],"inLanguage":"lv-LV"},{"@type":"Organization","@id":"https:\/\/multi-mam.com\/lv\/#organization","name":"Multi-Mam","url":"https:\/\/multi-mam.com\/lv\/","logo":{"@type":"ImageObject","inLanguage":"lv-LV","@id":"https:\/\/multi-mam.com\/lv\/#\/schema\/logo\/image\/","url":"https:\/\/multi-mam.com\/app\/uploads\/sites\/15\/2022\/07\/multi-mam-logotype.png","contentUrl":"https:\/\/multi-mam.com\/app\/uploads\/sites\/15\/2022\/07\/multi-mam-logotype.png","width":70,"height":96,"caption":"Multi-Mam"},"image":{"@id":"https:\/\/multi-mam.com\/lv\/#\/schema\/logo\/image\/"}}]}},"_links":{"self":[{"href":"https:\/\/multi-mam.com\/lv\/wp-json\/wp\/v2\/product\/69","targetHints":{"allow":["GET"]}}],"collection":[{"href":"https:\/\/multi-mam.com\/lv\/wp-json\/wp\/v2\/product"}],"about":[{"href":"https:\/\/multi-mam.com\/lv\/wp-json\/wp\/v2\/types\/product"}],"replies":[{"embeddable":true,"href":"https:\/\/multi-mam.com\/lv\/wp-json\/wp\/v2\/comments?post=69"}],"version-history":[{"count":10,"href":"https:\/\/multi-mam.com\/lv\/wp-json\/wp\/v2\/product\/69\/revisions"}],"predecessor-version":[{"id":146,"href":"https:\/\/multi-mam.com\/lv\/wp-json\/wp\/v2\/product\/69\/revisions\/146"}],"wp:featuredmedia":[{"embeddable":true,"href":"https:\/\/multi-mam.com\/lv\/wp-json\/wp\/v2\/media\/87"}],"wp:attachment":[{"href":"https:\/\/multi-mam.com\/lv\/wp-json\/wp\/v2\/media?parent=69"}],"wp:term":[{"taxonomy":"product_brand","embeddable":true,"href":"https:\/\/multi-mam.com\/lv\/wp-json\/wp\/v2\/product_brand?post=69"},{"taxonomy":"product_cat","embeddable":true,"href":"https:\/\/multi-mam.com\/lv\/wp-json\/wp\/v2\/product_cat?post=69"},{"taxonomy":"product_tag","embeddable":true,"href":"https:\/\/multi-mam.com\/lv\/wp-json\/wp\/v2\/product_tag?post=69"}],"curies":[{"name":"wp","href":"https:\/\/api.w.org\/{rel}","templated":true}]}}