{"id":65,"date":"2022-07-13T10:33:15","date_gmt":"2022-07-13T07:33:15","guid":{"rendered":"https:\/\/multi-mam.com\/lv\/?post_type=product&#038;p=65"},"modified":"2025-05-28T11:52:48","modified_gmt":"2025-05-28T08:52:48","slug":"multi-mam-after-birth-spray","status":"publish","type":"product","link":"https:\/\/multi-mam.com\/lv\/produkts\/multi-mam-after-birth-spray\/","title":{"rendered":"Multi-Mam After-Birth Spray"},"content":{"rendered":"\n<div class=\"wp-block-karopharma-accordions is-style-secondary\"><div class=\"container\">\n<details class=\"wp-block-karopharma-accordion\"><summary><h2 class=\"accordion-title\">K\u0101 lietot Multi-Mam After-Birth Spray?<\/h2><\/summary><div class=\"accordion-content\">\n<p>\u201cPirms lieto\u0161anas labi sakrat\u012bt. Smidziniet tie\u0161i uz int\u012bm\u0101s zonas, kad vien nepiecie\u0161ams nomierin\u0101t \u0101du. Dr\u012bkst lietot uz \u0161uv\u0113m un t\u016bl\u012bt p\u0113c dzemd\u012bb\u0101m*.<br>*Tikai \u0101r\u0113jai lieto\u0161anai. Nelietot uz atv\u0113rt\u0101m br\u016bc\u0113m.\u201d<\/p>\n<\/div><\/details>\n\n\n\n<details class=\"wp-block-karopharma-accordion\"><summary><h2 class=\"accordion-title\">Cik bie\u017ei man j\u0101lieto Multi-Mam After-Birth Spray?<\/h2><\/summary><div class=\"accordion-content\">\n<p>Tas ir atkar\u012bgs no j\u016bsu diskomforta l\u012bme\u0146a. Varat lietot Multi-Mam After-Birth aerosolu, kad vien nepiecie\u0161ams nomierin\u0101t \u0101du. Varat izsmidzin\u0101t katru reizi, kad izmantojat labier\u012bc\u012bbas, lai pasarg\u0101tu \u0101du int\u012bmaj\u0101 zon\u0101.<\/p>\n<\/div><\/details>\n\n\n\n<details class=\"wp-block-karopharma-accordion\"><summary><h2 class=\"accordion-title\">Vai dr\u012bkstu lietot Multi-Mam After-Birth Spray uz p\u0113cdzemd\u012bbu ielikt\u0146a?<\/h2><\/summary><div class=\"accordion-content\">\n<p>J\u0101, dr\u012bkstat izsmidzin\u0101t Multi-Mam After-Birth Spray uz p\u0113cdzemd\u012bbu ielikt\u0146a vai salvetes, vai, ja v\u0113laties, varat izsmidzin\u0101t tie\u0161i uz savas \u0101das.<\/p>\n<\/div><\/details>\n<\/div><\/div>\n","protected":false},"excerpt":{"rendered":"<p>Nomierina int\u012bmo zonu<\/p>\n","protected":false},"featured_media":66,"comment_status":"closed","ping_status":"closed","template":"","meta":{"_acf_changed":false,"footnotes":""},"product_brand":[],"product_cat":[16],"product_tag":[],"class_list":{"0":"post-65","1":"product","2":"type-product","3":"status-publish","4":"has-post-thumbnail","6":"product_cat-uncategorized","8":"first","9":"instock","10":"shipping-taxable","11":"product-type-simple"},"acf":[],"yoast_head":"<!-- This site is optimized with the Yoast SEO plugin v26.6 - https:\/\/yoast.com\/wordpress\/plugins\/seo\/ -->\n<title>Multi-Mam After-Birth Spray - Multi-Mam<\/title>\n<meta name=\"description\" content=\"Multi-Mam After-Birth Spray nomierina, pasarg\u0101 un mitrina jut\u012bgo \u0101du \u0101r\u0113j\u0101 int\u012bmaj\u0101 zon\u0101, kas bie\u017ei vien p\u0113c dzemd\u012bb\u0101m var b\u016bt jut\u012bga.\" \/>\n<meta name=\"robots\" content=\"index, follow, max-snippet:-1, max-image-preview:large, max-video-preview:-1\" \/>\n<link rel=\"canonical\" href=\"https:\/\/multi-mam.com\/lv\/produkts\/multi-mam-after-birth-spray\/\" \/>\n<meta property=\"og:locale\" content=\"lv_LV\" \/>\n<meta property=\"og:type\" content=\"article\" \/>\n<meta property=\"og:title\" content=\"Multi-Mam After-Birth Spray - Multi-Mam\" \/>\n<meta property=\"og:description\" content=\"Multi-Mam After-Birth Spray nomierina, pasarg\u0101 un mitrina jut\u012bgo \u0101du \u0101r\u0113j\u0101 int\u012bmaj\u0101 zon\u0101, kas bie\u017ei vien p\u0113c dzemd\u012bb\u0101m var b\u016bt jut\u012bga.\" \/>\n<meta property=\"og:url\" content=\"https:\/\/multi-mam.com\/lv\/produkts\/multi-mam-after-birth-spray\/\" \/>\n<meta property=\"og:site_name\" content=\"Multi-Mam\" \/>\n<meta property=\"article:modified_time\" content=\"2025-05-28T08:52:48+00:00\" \/>\n<meta property=\"og:image\" content=\"https:\/\/multi-mam.com\/app\/uploads\/sites\/15\/2022\/07\/MultiMamAfterBirthSprayUnpackagedINTA03croppedv.png\" \/>\n\t<meta property=\"og:image:width\" content=\"800\" \/>\n\t<meta property=\"og:image:height\" content=\"800\" \/>\n\t<meta property=\"og:image:type\" content=\"image\/png\" \/>\n<meta name=\"twitter:card\" content=\"summary_large_image\" \/>\n<meta name=\"twitter:label1\" content=\"Est. reading time\" \/>\n\t<meta name=\"twitter:data1\" content=\"1 minute\" \/>\n<script type=\"application\/ld+json\" class=\"yoast-schema-graph\">{\"@context\":\"https:\/\/schema.org\",\"@graph\":[{\"@type\":\"WebPage\",\"@id\":\"https:\/\/multi-mam.com\/lv\/produkts\/multi-mam-after-birth-spray\/\",\"url\":\"https:\/\/multi-mam.com\/lv\/produkts\/multi-mam-after-birth-spray\/\",\"name\":\"Multi-Mam After-Birth Spray - Multi-Mam\",\"isPartOf\":{\"@id\":\"https:\/\/multi-mam.com\/lv\/#website\"},\"primaryImageOfPage\":{\"@id\":\"https:\/\/multi-mam.com\/lv\/produkts\/multi-mam-after-birth-spray\/#primaryimage\"},\"image\":{\"@id\":\"https:\/\/multi-mam.com\/lv\/produkts\/multi-mam-after-birth-spray\/#primaryimage\"},\"thumbnailUrl\":\"https:\/\/multi-mam.com\/app\/uploads\/sites\/15\/2022\/07\/MultiMamAfterBirthSprayUnpackagedINTA03croppedv.png\",\"datePublished\":\"2022-07-13T07:33:15+00:00\",\"dateModified\":\"2025-05-28T08:52:48+00:00\",\"description\":\"Multi-Mam After-Birth Spray nomierina, pasarg\u0101 un mitrina jut\u012bgo \u0101du \u0101r\u0113j\u0101 int\u012bmaj\u0101 zon\u0101, kas bie\u017ei vien p\u0113c dzemd\u012bb\u0101m var b\u016bt jut\u012bga.\",\"breadcrumb\":{\"@id\":\"https:\/\/multi-mam.com\/lv\/produkts\/multi-mam-after-birth-spray\/#breadcrumb\"},\"inLanguage\":\"lv-LV\",\"potentialAction\":[{\"@type\":\"ReadAction\",\"target\":[\"https:\/\/multi-mam.com\/lv\/produkts\/multi-mam-after-birth-spray\/\"]}]},{\"@type\":\"ImageObject\",\"inLanguage\":\"lv-LV\",\"@id\":\"https:\/\/multi-mam.com\/lv\/produkts\/multi-mam-after-birth-spray\/#primaryimage\",\"url\":\"https:\/\/multi-mam.com\/app\/uploads\/sites\/15\/2022\/07\/MultiMamAfterBirthSprayUnpackagedINTA03croppedv.png\",\"contentUrl\":\"https:\/\/multi-mam.com\/app\/uploads\/sites\/15\/2022\/07\/MultiMamAfterBirthSprayUnpackagedINTA03croppedv.png\",\"width\":800,\"height\":800,\"caption\":\"Multi-Mam After Birth Spray\"},{\"@type\":\"BreadcrumbList\",\"@id\":\"https:\/\/multi-mam.com\/lv\/produkts\/multi-mam-after-birth-spray\/#breadcrumb\",\"itemListElement\":[{\"@type\":\"ListItem\",\"position\":1,\"name\":\"Home\",\"item\":\"https:\/\/multi-mam.com\/lv\/\"},{\"@type\":\"ListItem\",\"position\":2,\"name\":\"Produkti\",\"item\":\"https:\/\/multi-mam.com\/lv\/produkti\/\"},{\"@type\":\"ListItem\",\"position\":3,\"name\":\"Multi-Mam After-Birth Spray\"}]},{\"@type\":\"WebSite\",\"@id\":\"https:\/\/multi-mam.com\/lv\/#website\",\"url\":\"https:\/\/multi-mam.com\/lv\/\",\"name\":\"Multi-Mam\",\"description\":\"\",\"publisher\":{\"@id\":\"https:\/\/multi-mam.com\/lv\/#organization\"},\"potentialAction\":[{\"@type\":\"SearchAction\",\"target\":{\"@type\":\"EntryPoint\",\"urlTemplate\":\"https:\/\/multi-mam.com\/lv\/?s={search_term_string}\"},\"query-input\":{\"@type\":\"PropertyValueSpecification\",\"valueRequired\":true,\"valueName\":\"search_term_string\"}}],\"inLanguage\":\"lv-LV\"},{\"@type\":\"Organization\",\"@id\":\"https:\/\/multi-mam.com\/lv\/#organization\",\"name\":\"Multi-Mam\",\"url\":\"https:\/\/multi-mam.com\/lv\/\",\"logo\":{\"@type\":\"ImageObject\",\"inLanguage\":\"lv-LV\",\"@id\":\"https:\/\/multi-mam.com\/lv\/#\/schema\/logo\/image\/\",\"url\":\"https:\/\/multi-mam.com\/app\/uploads\/sites\/15\/2022\/07\/multi-mam-logotype.png\",\"contentUrl\":\"https:\/\/multi-mam.com\/app\/uploads\/sites\/15\/2022\/07\/multi-mam-logotype.png\",\"width\":70,\"height\":96,\"caption\":\"Multi-Mam\"},\"image\":{\"@id\":\"https:\/\/multi-mam.com\/lv\/#\/schema\/logo\/image\/\"}}]}<\/script>\n<!-- \/ Yoast SEO plugin. -->","yoast_head_json":{"title":"Multi-Mam After-Birth Spray - Multi-Mam","description":"Multi-Mam After-Birth Spray nomierina, pasarg\u0101 un mitrina jut\u012bgo \u0101du \u0101r\u0113j\u0101 int\u012bmaj\u0101 zon\u0101, kas bie\u017ei vien p\u0113c dzemd\u012bb\u0101m var b\u016bt jut\u012bga.","robots":{"index":"index","follow":"follow","max-snippet":"max-snippet:-1","max-image-preview":"max-image-preview:large","max-video-preview":"max-video-preview:-1"},"canonical":"https:\/\/multi-mam.com\/lv\/produkts\/multi-mam-after-birth-spray\/","og_locale":"lv_LV","og_type":"article","og_title":"Multi-Mam After-Birth Spray - Multi-Mam","og_description":"Multi-Mam After-Birth Spray nomierina, pasarg\u0101 un mitrina jut\u012bgo \u0101du \u0101r\u0113j\u0101 int\u012bmaj\u0101 zon\u0101, kas bie\u017ei vien p\u0113c dzemd\u012bb\u0101m var b\u016bt jut\u012bga.","og_url":"https:\/\/multi-mam.com\/lv\/produkts\/multi-mam-after-birth-spray\/","og_site_name":"Multi-Mam","article_modified_time":"2025-05-28T08:52:48+00:00","og_image":[{"width":800,"height":800,"url":"https:\/\/multi-mam.com\/app\/uploads\/sites\/15\/2022\/07\/MultiMamAfterBirthSprayUnpackagedINTA03croppedv.png","type":"image\/png"}],"twitter_card":"summary_large_image","twitter_misc":{"Est. reading time":"1 minute"},"schema":{"@context":"https:\/\/schema.org","@graph":[{"@type":"WebPage","@id":"https:\/\/multi-mam.com\/lv\/produkts\/multi-mam-after-birth-spray\/","url":"https:\/\/multi-mam.com\/lv\/produkts\/multi-mam-after-birth-spray\/","name":"Multi-Mam After-Birth Spray - Multi-Mam","isPartOf":{"@id":"https:\/\/multi-mam.com\/lv\/#website"},"primaryImageOfPage":{"@id":"https:\/\/multi-mam.com\/lv\/produkts\/multi-mam-after-birth-spray\/#primaryimage"},"image":{"@id":"https:\/\/multi-mam.com\/lv\/produkts\/multi-mam-after-birth-spray\/#primaryimage"},"thumbnailUrl":"https:\/\/multi-mam.com\/app\/uploads\/sites\/15\/2022\/07\/MultiMamAfterBirthSprayUnpackagedINTA03croppedv.png","datePublished":"2022-07-13T07:33:15+00:00","dateModified":"2025-05-28T08:52:48+00:00","description":"Multi-Mam After-Birth Spray nomierina, pasarg\u0101 un mitrina jut\u012bgo \u0101du \u0101r\u0113j\u0101 int\u012bmaj\u0101 zon\u0101, kas bie\u017ei vien p\u0113c dzemd\u012bb\u0101m var b\u016bt jut\u012bga.","breadcrumb":{"@id":"https:\/\/multi-mam.com\/lv\/produkts\/multi-mam-after-birth-spray\/#breadcrumb"},"inLanguage":"lv-LV","potentialAction":[{"@type":"ReadAction","target":["https:\/\/multi-mam.com\/lv\/produkts\/multi-mam-after-birth-spray\/"]}]},{"@type":"ImageObject","inLanguage":"lv-LV","@id":"https:\/\/multi-mam.com\/lv\/produkts\/multi-mam-after-birth-spray\/#primaryimage","url":"https:\/\/multi-mam.com\/app\/uploads\/sites\/15\/2022\/07\/MultiMamAfterBirthSprayUnpackagedINTA03croppedv.png","contentUrl":"https:\/\/multi-mam.com\/app\/uploads\/sites\/15\/2022\/07\/MultiMamAfterBirthSprayUnpackagedINTA03croppedv.png","width":800,"height":800,"caption":"Multi-Mam After Birth Spray"},{"@type":"BreadcrumbList","@id":"https:\/\/multi-mam.com\/lv\/produkts\/multi-mam-after-birth-spray\/#breadcrumb","itemListElement":[{"@type":"ListItem","position":1,"name":"Home","item":"https:\/\/multi-mam.com\/lv\/"},{"@type":"ListItem","position":2,"name":"Produkti","item":"https:\/\/multi-mam.com\/lv\/produkti\/"},{"@type":"ListItem","position":3,"name":"Multi-Mam After-Birth Spray"}]},{"@type":"WebSite","@id":"https:\/\/multi-mam.com\/lv\/#website","url":"https:\/\/multi-mam.com\/lv\/","name":"Multi-Mam","description":"","publisher":{"@id":"https:\/\/multi-mam.com\/lv\/#organization"},"potentialAction":[{"@type":"SearchAction","target":{"@type":"EntryPoint","urlTemplate":"https:\/\/multi-mam.com\/lv\/?s={search_term_string}"},"query-input":{"@type":"PropertyValueSpecification","valueRequired":true,"valueName":"search_term_string"}}],"inLanguage":"lv-LV"},{"@type":"Organization","@id":"https:\/\/multi-mam.com\/lv\/#organization","name":"Multi-Mam","url":"https:\/\/multi-mam.com\/lv\/","logo":{"@type":"ImageObject","inLanguage":"lv-LV","@id":"https:\/\/multi-mam.com\/lv\/#\/schema\/logo\/image\/","url":"https:\/\/multi-mam.com\/app\/uploads\/sites\/15\/2022\/07\/multi-mam-logotype.png","contentUrl":"https:\/\/multi-mam.com\/app\/uploads\/sites\/15\/2022\/07\/multi-mam-logotype.png","width":70,"height":96,"caption":"Multi-Mam"},"image":{"@id":"https:\/\/multi-mam.com\/lv\/#\/schema\/logo\/image\/"}}]}},"_links":{"self":[{"href":"https:\/\/multi-mam.com\/lv\/wp-json\/wp\/v2\/product\/65","targetHints":{"allow":["GET"]}}],"collection":[{"href":"https:\/\/multi-mam.com\/lv\/wp-json\/wp\/v2\/product"}],"about":[{"href":"https:\/\/multi-mam.com\/lv\/wp-json\/wp\/v2\/types\/product"}],"replies":[{"embeddable":true,"href":"https:\/\/multi-mam.com\/lv\/wp-json\/wp\/v2\/comments?post=65"}],"version-history":[{"count":5,"href":"https:\/\/multi-mam.com\/lv\/wp-json\/wp\/v2\/product\/65\/revisions"}],"predecessor-version":[{"id":136,"href":"https:\/\/multi-mam.com\/lv\/wp-json\/wp\/v2\/product\/65\/revisions\/136"}],"wp:featuredmedia":[{"embeddable":true,"href":"https:\/\/multi-mam.com\/lv\/wp-json\/wp\/v2\/media\/66"}],"wp:attachment":[{"href":"https:\/\/multi-mam.com\/lv\/wp-json\/wp\/v2\/media?parent=65"}],"wp:term":[{"taxonomy":"product_brand","embeddable":true,"href":"https:\/\/multi-mam.com\/lv\/wp-json\/wp\/v2\/product_brand?post=65"},{"taxonomy":"product_cat","embeddable":true,"href":"https:\/\/multi-mam.com\/lv\/wp-json\/wp\/v2\/product_cat?post=65"},{"taxonomy":"product_tag","embeddable":true,"href":"https:\/\/multi-mam.com\/lv\/wp-json\/wp\/v2\/product_tag?post=65"}],"curies":[{"name":"wp","href":"https:\/\/api.w.org\/{rel}","templated":true}]}}