{"id":114,"date":"2025-04-16T10:25:56","date_gmt":"2025-04-16T07:25:56","guid":{"rendered":"https:\/\/multi-mam.com\/lv\/?post_type=product&#038;p=114"},"modified":"2025-04-16T10:37:02","modified_gmt":"2025-04-16T07:37:02","slug":"multi-mam-paketes-pec-dzemdibam","status":"publish","type":"product","link":"https:\/\/multi-mam.com\/lv\/produkts\/multi-mam-paketes-pec-dzemdibam\/","title":{"rendered":"Multi-Mam paketes p\u0113c dzemd\u012bb\u0101m"},"content":{"rendered":"\n<div class=\"wp-block-karopharma-accordions is-style-secondary\"><div class=\"container\">\n<details class=\"wp-block-karopharma-accordion\"><summary><h2 class=\"accordion-title\">Sast\u0101vs<\/h2><\/summary><div class=\"accordion-content\">\n<p>Multi-Mam paketes p\u0113c dzemd\u012bb\u0101m ir \u0161\u0137idruma necaurlaid\u012bgas un samitrin\u0101tas ar gelu. Gels izgatavots uz dabiska, patent\u0113ta 2QR kompleksa b\u0101zes. Paketes nesatur smar\u017evielas, hormonus vai dz\u012bvnieku izcelsmes vielas.<\/p>\n\n\n\n<p>Galven\u0101 sast\u0101vda\u013ca 2QR kompleksa: patent\u0113ta viela, kas ieg\u016bta no alvejas Aloe barbadensis lapu ekstrakta.<\/p>\n<\/div><\/details>\n\n\n\n<details class=\"wp-block-karopharma-accordion\"><summary><h2 class=\"accordion-title\">Lieto\u0161ana<\/h2><\/summary><div class=\"accordion-content\">\n<p>Divas reizes dien\u0101 1 jaunu paketi ar gela pies\u016bcin\u0101to pusi uzlikt uz skart\u0101s vietas un atst\u0101t 10 min\u016btes vai ilg\u0101k. Tikai \u0101r\u012bgai lieto\u0161anai uz \u0101das. Pirms lieto\u0161anas ieteicams izlas\u012bt iepakojuma inform\u0101cijas lapu.<\/p>\n\n\n\n<p>Uzglab\u0101t 10\u201325 \u00b0C temperat\u016br\u0101, b\u0113rniem neredzam\u0101 un nepieejam\u0101 viet\u0101.<\/p>\n<\/div><\/details>\n<\/div><\/div>\n","protected":false},"excerpt":{"rendered":"<p>\u0100das kop\u0161ana p\u0113c dzemd\u012bb\u0101m<\/p>\n","protected":false},"featured_media":115,"comment_status":"closed","ping_status":"closed","template":"","meta":{"_acf_changed":false,"footnotes":""},"product_brand":[],"product_cat":[],"product_tag":[],"class_list":{"0":"post-114","1":"product","2":"type-product","3":"status-publish","4":"has-post-thumbnail","7":"first","8":"instock","9":"shipping-taxable","10":"product-type-simple"},"acf":[],"yoast_head":"<!-- This site is optimized with the Yoast SEO plugin v26.6 - https:\/\/yoast.com\/wordpress\/plugins\/seo\/ -->\n<title>Multi-Mam paketes p\u0113c dzemd\u012bb\u0101m - Multi-Mam<\/title>\n<meta name=\"description\" content=\"P\u0113c dzemd\u012bb\u0101m \u0101da bie\u017ei vien ir \u013coti jut\u012bga. M\u012bkst\u0101s paketes ir ide\u0101li piem\u0113rotas lieto\u0161anai int\u012bm\u0101s zon\u0101s.\" \/>\n<meta name=\"robots\" content=\"index, follow, max-snippet:-1, max-image-preview:large, max-video-preview:-1\" \/>\n<link rel=\"canonical\" href=\"https:\/\/multi-mam.com\/lv\/produkts\/multi-mam-paketes-pec-dzemdibam\/\" \/>\n<meta property=\"og:locale\" content=\"lv_LV\" \/>\n<meta property=\"og:type\" content=\"article\" \/>\n<meta property=\"og:title\" content=\"Multi-Mam paketes p\u0113c dzemd\u012bb\u0101m - Multi-Mam\" \/>\n<meta property=\"og:description\" content=\"P\u0113c dzemd\u012bb\u0101m \u0101da bie\u017ei vien ir \u013coti jut\u012bga. M\u012bkst\u0101s paketes ir ide\u0101li piem\u0113rotas lieto\u0161anai int\u012bm\u0101s zon\u0101s.\" \/>\n<meta property=\"og:url\" content=\"https:\/\/multi-mam.com\/lv\/produkts\/multi-mam-paketes-pec-dzemdibam\/\" \/>\n<meta property=\"og:site_name\" content=\"Multi-Mam\" \/>\n<meta property=\"article:modified_time\" content=\"2025-04-16T07:37:02+00:00\" \/>\n<meta property=\"og:image\" content=\"https:\/\/multi-mam.com\/app\/uploads\/sites\/15\/2025\/04\/Multi-Mam-Wochenbett-Pads-2.png\" \/>\n\t<meta property=\"og:image:width\" content=\"1400\" \/>\n\t<meta property=\"og:image:height\" content=\"1400\" \/>\n\t<meta property=\"og:image:type\" content=\"image\/png\" \/>\n<meta name=\"twitter:card\" content=\"summary_large_image\" \/>\n<meta name=\"twitter:label1\" content=\"Est. reading time\" \/>\n\t<meta name=\"twitter:data1\" content=\"1 minute\" \/>\n<script type=\"application\/ld+json\" class=\"yoast-schema-graph\">{\"@context\":\"https:\/\/schema.org\",\"@graph\":[{\"@type\":\"WebPage\",\"@id\":\"https:\/\/multi-mam.com\/lv\/produkts\/multi-mam-paketes-pec-dzemdibam\/\",\"url\":\"https:\/\/multi-mam.com\/lv\/produkts\/multi-mam-paketes-pec-dzemdibam\/\",\"name\":\"Multi-Mam paketes p\u0113c dzemd\u012bb\u0101m - Multi-Mam\",\"isPartOf\":{\"@id\":\"https:\/\/multi-mam.com\/lv\/#website\"},\"primaryImageOfPage\":{\"@id\":\"https:\/\/multi-mam.com\/lv\/produkts\/multi-mam-paketes-pec-dzemdibam\/#primaryimage\"},\"image\":{\"@id\":\"https:\/\/multi-mam.com\/lv\/produkts\/multi-mam-paketes-pec-dzemdibam\/#primaryimage\"},\"thumbnailUrl\":\"https:\/\/multi-mam.com\/app\/uploads\/sites\/15\/2025\/04\/Multi-Mam-Wochenbett-Pads-2.png\",\"datePublished\":\"2025-04-16T07:25:56+00:00\",\"dateModified\":\"2025-04-16T07:37:02+00:00\",\"description\":\"P\u0113c dzemd\u012bb\u0101m \u0101da bie\u017ei vien ir \u013coti jut\u012bga. M\u012bkst\u0101s paketes ir ide\u0101li piem\u0113rotas lieto\u0161anai int\u012bm\u0101s zon\u0101s.\",\"breadcrumb\":{\"@id\":\"https:\/\/multi-mam.com\/lv\/produkts\/multi-mam-paketes-pec-dzemdibam\/#breadcrumb\"},\"inLanguage\":\"lv-LV\",\"potentialAction\":[{\"@type\":\"ReadAction\",\"target\":[\"https:\/\/multi-mam.com\/lv\/produkts\/multi-mam-paketes-pec-dzemdibam\/\"]}]},{\"@type\":\"ImageObject\",\"inLanguage\":\"lv-LV\",\"@id\":\"https:\/\/multi-mam.com\/lv\/produkts\/multi-mam-paketes-pec-dzemdibam\/#primaryimage\",\"url\":\"https:\/\/multi-mam.com\/app\/uploads\/sites\/15\/2025\/04\/Multi-Mam-Wochenbett-Pads-2.png\",\"contentUrl\":\"https:\/\/multi-mam.com\/app\/uploads\/sites\/15\/2025\/04\/Multi-Mam-Wochenbett-Pads-2.png\",\"width\":1400,\"height\":1400,\"caption\":\"Multi-Mam paketes p\u0113c dzemd\u012bb\u0101m\"},{\"@type\":\"BreadcrumbList\",\"@id\":\"https:\/\/multi-mam.com\/lv\/produkts\/multi-mam-paketes-pec-dzemdibam\/#breadcrumb\",\"itemListElement\":[{\"@type\":\"ListItem\",\"position\":1,\"name\":\"Home\",\"item\":\"https:\/\/multi-mam.com\/lv\/\"},{\"@type\":\"ListItem\",\"position\":2,\"name\":\"Produkti\",\"item\":\"https:\/\/multi-mam.com\/lv\/produkti\/\"},{\"@type\":\"ListItem\",\"position\":3,\"name\":\"Multi-Mam paketes p\u0113c dzemd\u012bb\u0101m\"}]},{\"@type\":\"WebSite\",\"@id\":\"https:\/\/multi-mam.com\/lv\/#website\",\"url\":\"https:\/\/multi-mam.com\/lv\/\",\"name\":\"Multi-Mam\",\"description\":\"\",\"publisher\":{\"@id\":\"https:\/\/multi-mam.com\/lv\/#organization\"},\"potentialAction\":[{\"@type\":\"SearchAction\",\"target\":{\"@type\":\"EntryPoint\",\"urlTemplate\":\"https:\/\/multi-mam.com\/lv\/?s={search_term_string}\"},\"query-input\":{\"@type\":\"PropertyValueSpecification\",\"valueRequired\":true,\"valueName\":\"search_term_string\"}}],\"inLanguage\":\"lv-LV\"},{\"@type\":\"Organization\",\"@id\":\"https:\/\/multi-mam.com\/lv\/#organization\",\"name\":\"Multi-Mam\",\"url\":\"https:\/\/multi-mam.com\/lv\/\",\"logo\":{\"@type\":\"ImageObject\",\"inLanguage\":\"lv-LV\",\"@id\":\"https:\/\/multi-mam.com\/lv\/#\/schema\/logo\/image\/\",\"url\":\"https:\/\/multi-mam.com\/app\/uploads\/sites\/15\/2022\/07\/multi-mam-logotype.png\",\"contentUrl\":\"https:\/\/multi-mam.com\/app\/uploads\/sites\/15\/2022\/07\/multi-mam-logotype.png\",\"width\":70,\"height\":96,\"caption\":\"Multi-Mam\"},\"image\":{\"@id\":\"https:\/\/multi-mam.com\/lv\/#\/schema\/logo\/image\/\"}}]}<\/script>\n<!-- \/ Yoast SEO plugin. -->","yoast_head_json":{"title":"Multi-Mam paketes p\u0113c dzemd\u012bb\u0101m - Multi-Mam","description":"P\u0113c dzemd\u012bb\u0101m \u0101da bie\u017ei vien ir \u013coti jut\u012bga. M\u012bkst\u0101s paketes ir ide\u0101li piem\u0113rotas lieto\u0161anai int\u012bm\u0101s zon\u0101s.","robots":{"index":"index","follow":"follow","max-snippet":"max-snippet:-1","max-image-preview":"max-image-preview:large","max-video-preview":"max-video-preview:-1"},"canonical":"https:\/\/multi-mam.com\/lv\/produkts\/multi-mam-paketes-pec-dzemdibam\/","og_locale":"lv_LV","og_type":"article","og_title":"Multi-Mam paketes p\u0113c dzemd\u012bb\u0101m - Multi-Mam","og_description":"P\u0113c dzemd\u012bb\u0101m \u0101da bie\u017ei vien ir \u013coti jut\u012bga. M\u012bkst\u0101s paketes ir ide\u0101li piem\u0113rotas lieto\u0161anai int\u012bm\u0101s zon\u0101s.","og_url":"https:\/\/multi-mam.com\/lv\/produkts\/multi-mam-paketes-pec-dzemdibam\/","og_site_name":"Multi-Mam","article_modified_time":"2025-04-16T07:37:02+00:00","og_image":[{"width":1400,"height":1400,"url":"https:\/\/multi-mam.com\/app\/uploads\/sites\/15\/2025\/04\/Multi-Mam-Wochenbett-Pads-2.png","type":"image\/png"}],"twitter_card":"summary_large_image","twitter_misc":{"Est. reading time":"1 minute"},"schema":{"@context":"https:\/\/schema.org","@graph":[{"@type":"WebPage","@id":"https:\/\/multi-mam.com\/lv\/produkts\/multi-mam-paketes-pec-dzemdibam\/","url":"https:\/\/multi-mam.com\/lv\/produkts\/multi-mam-paketes-pec-dzemdibam\/","name":"Multi-Mam paketes p\u0113c dzemd\u012bb\u0101m - Multi-Mam","isPartOf":{"@id":"https:\/\/multi-mam.com\/lv\/#website"},"primaryImageOfPage":{"@id":"https:\/\/multi-mam.com\/lv\/produkts\/multi-mam-paketes-pec-dzemdibam\/#primaryimage"},"image":{"@id":"https:\/\/multi-mam.com\/lv\/produkts\/multi-mam-paketes-pec-dzemdibam\/#primaryimage"},"thumbnailUrl":"https:\/\/multi-mam.com\/app\/uploads\/sites\/15\/2025\/04\/Multi-Mam-Wochenbett-Pads-2.png","datePublished":"2025-04-16T07:25:56+00:00","dateModified":"2025-04-16T07:37:02+00:00","description":"P\u0113c dzemd\u012bb\u0101m \u0101da bie\u017ei vien ir \u013coti jut\u012bga. M\u012bkst\u0101s paketes ir ide\u0101li piem\u0113rotas lieto\u0161anai int\u012bm\u0101s zon\u0101s.","breadcrumb":{"@id":"https:\/\/multi-mam.com\/lv\/produkts\/multi-mam-paketes-pec-dzemdibam\/#breadcrumb"},"inLanguage":"lv-LV","potentialAction":[{"@type":"ReadAction","target":["https:\/\/multi-mam.com\/lv\/produkts\/multi-mam-paketes-pec-dzemdibam\/"]}]},{"@type":"ImageObject","inLanguage":"lv-LV","@id":"https:\/\/multi-mam.com\/lv\/produkts\/multi-mam-paketes-pec-dzemdibam\/#primaryimage","url":"https:\/\/multi-mam.com\/app\/uploads\/sites\/15\/2025\/04\/Multi-Mam-Wochenbett-Pads-2.png","contentUrl":"https:\/\/multi-mam.com\/app\/uploads\/sites\/15\/2025\/04\/Multi-Mam-Wochenbett-Pads-2.png","width":1400,"height":1400,"caption":"Multi-Mam paketes p\u0113c dzemd\u012bb\u0101m"},{"@type":"BreadcrumbList","@id":"https:\/\/multi-mam.com\/lv\/produkts\/multi-mam-paketes-pec-dzemdibam\/#breadcrumb","itemListElement":[{"@type":"ListItem","position":1,"name":"Home","item":"https:\/\/multi-mam.com\/lv\/"},{"@type":"ListItem","position":2,"name":"Produkti","item":"https:\/\/multi-mam.com\/lv\/produkti\/"},{"@type":"ListItem","position":3,"name":"Multi-Mam paketes p\u0113c dzemd\u012bb\u0101m"}]},{"@type":"WebSite","@id":"https:\/\/multi-mam.com\/lv\/#website","url":"https:\/\/multi-mam.com\/lv\/","name":"Multi-Mam","description":"","publisher":{"@id":"https:\/\/multi-mam.com\/lv\/#organization"},"potentialAction":[{"@type":"SearchAction","target":{"@type":"EntryPoint","urlTemplate":"https:\/\/multi-mam.com\/lv\/?s={search_term_string}"},"query-input":{"@type":"PropertyValueSpecification","valueRequired":true,"valueName":"search_term_string"}}],"inLanguage":"lv-LV"},{"@type":"Organization","@id":"https:\/\/multi-mam.com\/lv\/#organization","name":"Multi-Mam","url":"https:\/\/multi-mam.com\/lv\/","logo":{"@type":"ImageObject","inLanguage":"lv-LV","@id":"https:\/\/multi-mam.com\/lv\/#\/schema\/logo\/image\/","url":"https:\/\/multi-mam.com\/app\/uploads\/sites\/15\/2022\/07\/multi-mam-logotype.png","contentUrl":"https:\/\/multi-mam.com\/app\/uploads\/sites\/15\/2022\/07\/multi-mam-logotype.png","width":70,"height":96,"caption":"Multi-Mam"},"image":{"@id":"https:\/\/multi-mam.com\/lv\/#\/schema\/logo\/image\/"}}]}},"_links":{"self":[{"href":"https:\/\/multi-mam.com\/lv\/wp-json\/wp\/v2\/product\/114","targetHints":{"allow":["GET"]}}],"collection":[{"href":"https:\/\/multi-mam.com\/lv\/wp-json\/wp\/v2\/product"}],"about":[{"href":"https:\/\/multi-mam.com\/lv\/wp-json\/wp\/v2\/types\/product"}],"replies":[{"embeddable":true,"href":"https:\/\/multi-mam.com\/lv\/wp-json\/wp\/v2\/comments?post=114"}],"version-history":[{"count":4,"href":"https:\/\/multi-mam.com\/lv\/wp-json\/wp\/v2\/product\/114\/revisions"}],"predecessor-version":[{"id":125,"href":"https:\/\/multi-mam.com\/lv\/wp-json\/wp\/v2\/product\/114\/revisions\/125"}],"wp:featuredmedia":[{"embeddable":true,"href":"https:\/\/multi-mam.com\/lv\/wp-json\/wp\/v2\/media\/115"}],"wp:attachment":[{"href":"https:\/\/multi-mam.com\/lv\/wp-json\/wp\/v2\/media?parent=114"}],"wp:term":[{"taxonomy":"product_brand","embeddable":true,"href":"https:\/\/multi-mam.com\/lv\/wp-json\/wp\/v2\/product_brand?post=114"},{"taxonomy":"product_cat","embeddable":true,"href":"https:\/\/multi-mam.com\/lv\/wp-json\/wp\/v2\/product_cat?post=114"},{"taxonomy":"product_tag","embeddable":true,"href":"https:\/\/multi-mam.com\/lv\/wp-json\/wp\/v2\/product_tag?post=114"}],"curies":[{"name":"wp","href":"https:\/\/api.w.org\/{rel}","templated":true}]}}