{"id":72,"date":"2022-07-12T16:21:15","date_gmt":"2022-07-12T13:21:15","guid":{"rendered":"https:\/\/multi-mam.com\/lt\/?post_type=product&#038;p=72"},"modified":"2026-04-30T11:44:40","modified_gmt":"2026-04-30T08:44:40","slug":"multi-mam-after-birth","status":"publish","type":"product","link":"https:\/\/multi-mam.com\/lt\/produktas\/multi-mam-after-birth\/","title":{"rendered":"Multi-Mam After-Birth"},"content":{"rendered":"\n<div class=\"wp-block-karopharma-accordions is-style-secondary\"><div class=\"container\">\n<details class=\"wp-block-karopharma-accordion\"><summary><h2 class=\"accordion-title\">Kaip galiu naudoti \u201eMulti-Mam After-Birth\u201c pur\u0161kikl\u012f?<\/h2><\/summary><div class=\"accordion-content\">\n<p>Prie\u0161 naudojim\u0105 gerai suplakite. Pur\u0161kite tiesiai ant lytini\u0173 organ\u0173, kai tik norite nuraminti od\u0105. Galima naudoti ant si\u016bli\u0173 ir i\u0161kart po gimdymo*.<br>*Naudoti tik i\u0161ori\u0161kai. Nenaudoti ant atvir\u0173 \u017eaizd\u0173.<\/p>\n<\/div><\/details>\n\n\n\n<details class=\"wp-block-karopharma-accordion\"><summary><h2 class=\"accordion-title\">Kaip da\u017enai naudoti \u201eMulti-Mam After-Birth\u201c pur\u0161kikl\u012f?<\/h2><\/summary><div class=\"accordion-content\">\n<p>Tai priklauso nuo to, kiek jau\u010diate diskomforto. Galite naudoti \u201eMulti-Mam After-Birth\u201c pur\u0161kikl\u012f, kai norite nuraminti od\u0105. Galite apsipurk\u0161ti kiekvien\u0105 kart\u0105 pasinaudojus tualetu, kad apsaugotum\u0117te od\u0105 lytini\u0173 organ\u0173 srityje.<\/p>\n<\/div><\/details>\n\n\n\n<details class=\"wp-block-karopharma-accordion\"><summary><h2 class=\"accordion-title\">Ar galiu naudoti \u201eMulti-Mam After-Birth\u201c pur\u0161kikl\u012f su higieniniais \u012fklotais?<\/h2><\/summary><div class=\"accordion-content\">\n<p><br>Taip, galite purk\u0161ti \u201eMulti-Mam After-Birth Spray\u201c ant higieninio \u012fkloto ar servet\u0117l\u0117s arba purk\u0161ti tiesiai ant odos, priklausomai nuo asmenini\u0173 poreiki\u0173.<\/p>\n<\/div><\/details>\n<\/div><\/div>\n","protected":false},"excerpt":{"rendered":"<p>Nuramina od\u0105 lytini\u0173 organ\u0173 srityje<\/p>\n","protected":false},"featured_media":73,"comment_status":"closed","ping_status":"closed","template":"","meta":{"_acf_changed":false,"footnotes":""},"product_brand":[],"product_cat":[16],"product_tag":[],"class_list":{"0":"post-72","1":"product","2":"type-product","3":"status-publish","4":"has-post-thumbnail","6":"product_cat-uncategorized","8":"first","9":"instock","10":"shipping-taxable","11":"product-type-simple"},"acf":[],"yoast_head":"<!-- This site is optimized with the Yoast SEO plugin v26.6 - https:\/\/yoast.com\/wordpress\/plugins\/seo\/ -->\n<title>Multi-Mam After-Birth - Multi-Mam<\/title>\n<meta name=\"description\" content=\"\u201eMulti-Mam After-Birth\u201c pur\u0161kiklis nuramina, apsaugo ir sudr\u0117kina jautri\u0105 lytini\u0173 organ\u0173 srities od\u0105 i\u0161or\u0117je, kuri da\u017eniausiai gali b\u016bti jautri po gimdymo.\" \/>\n<meta name=\"robots\" content=\"index, follow, max-snippet:-1, max-image-preview:large, max-video-preview:-1\" \/>\n<link rel=\"canonical\" href=\"https:\/\/multi-mam.com\/lt\/produktas\/multi-mam-after-birth\/\" \/>\n<meta property=\"og:locale\" content=\"lt_LT\" \/>\n<meta property=\"og:type\" content=\"article\" \/>\n<meta property=\"og:title\" content=\"Multi-Mam After-Birth - Multi-Mam\" \/>\n<meta property=\"og:description\" content=\"\u201eMulti-Mam After-Birth\u201c pur\u0161kiklis nuramina, apsaugo ir sudr\u0117kina jautri\u0105 lytini\u0173 organ\u0173 srities od\u0105 i\u0161or\u0117je, kuri da\u017eniausiai gali b\u016bti jautri po gimdymo.\" \/>\n<meta property=\"og:url\" content=\"https:\/\/multi-mam.com\/lt\/produktas\/multi-mam-after-birth\/\" \/>\n<meta property=\"og:site_name\" content=\"Multi-Mam\" \/>\n<meta property=\"article:modified_time\" content=\"2026-04-30T08:44:40+00:00\" \/>\n<meta property=\"og:image\" content=\"https:\/\/multi-mam.com\/app\/uploads\/sites\/14\/2022\/07\/MultiMamAfterBirthSprayUnpackagedINTA03croppedv.png\" \/>\n\t<meta property=\"og:image:width\" content=\"800\" \/>\n\t<meta property=\"og:image:height\" content=\"800\" \/>\n\t<meta property=\"og:image:type\" content=\"image\/png\" \/>\n<meta name=\"twitter:card\" content=\"summary_large_image\" \/>\n<meta name=\"twitter:label1\" content=\"Est. reading time\" \/>\n\t<meta name=\"twitter:data1\" content=\"1 minut\u0117\" \/>\n<script type=\"application\/ld+json\" class=\"yoast-schema-graph\">{\"@context\":\"https:\/\/schema.org\",\"@graph\":[{\"@type\":\"WebPage\",\"@id\":\"https:\/\/multi-mam.com\/lt\/produktas\/multi-mam-after-birth\/\",\"url\":\"https:\/\/multi-mam.com\/lt\/produktas\/multi-mam-after-birth\/\",\"name\":\"Multi-Mam After-Birth - Multi-Mam\",\"isPartOf\":{\"@id\":\"https:\/\/multi-mam.com\/lt\/#website\"},\"primaryImageOfPage\":{\"@id\":\"https:\/\/multi-mam.com\/lt\/produktas\/multi-mam-after-birth\/#primaryimage\"},\"image\":{\"@id\":\"https:\/\/multi-mam.com\/lt\/produktas\/multi-mam-after-birth\/#primaryimage\"},\"thumbnailUrl\":\"https:\/\/multi-mam.com\/app\/uploads\/sites\/14\/2022\/07\/MultiMamAfterBirthSprayUnpackagedINTA03croppedv.png\",\"datePublished\":\"2022-07-12T13:21:15+00:00\",\"dateModified\":\"2026-04-30T08:44:40+00:00\",\"description\":\"\u201eMulti-Mam After-Birth\u201c pur\u0161kiklis nuramina, apsaugo ir sudr\u0117kina jautri\u0105 lytini\u0173 organ\u0173 srities od\u0105 i\u0161or\u0117je, kuri da\u017eniausiai gali b\u016bti jautri po gimdymo.\",\"breadcrumb\":{\"@id\":\"https:\/\/multi-mam.com\/lt\/produktas\/multi-mam-after-birth\/#breadcrumb\"},\"inLanguage\":\"lt-LT\",\"potentialAction\":[{\"@type\":\"ReadAction\",\"target\":[\"https:\/\/multi-mam.com\/lt\/produktas\/multi-mam-after-birth\/\"]}]},{\"@type\":\"ImageObject\",\"inLanguage\":\"lt-LT\",\"@id\":\"https:\/\/multi-mam.com\/lt\/produktas\/multi-mam-after-birth\/#primaryimage\",\"url\":\"https:\/\/multi-mam.com\/app\/uploads\/sites\/14\/2022\/07\/MultiMamAfterBirthSprayUnpackagedINTA03croppedv.png\",\"contentUrl\":\"https:\/\/multi-mam.com\/app\/uploads\/sites\/14\/2022\/07\/MultiMamAfterBirthSprayUnpackagedINTA03croppedv.png\",\"width\":800,\"height\":800,\"caption\":\"Multi-Mam After Birth Spray\"},{\"@type\":\"BreadcrumbList\",\"@id\":\"https:\/\/multi-mam.com\/lt\/produktas\/multi-mam-after-birth\/#breadcrumb\",\"itemListElement\":[{\"@type\":\"ListItem\",\"position\":1,\"name\":\"Home\",\"item\":\"https:\/\/multi-mam.com\/lt\/\"},{\"@type\":\"ListItem\",\"position\":2,\"name\":\"Produktai\",\"item\":\"https:\/\/multi-mam.com\/lt\/produktai\/\"},{\"@type\":\"ListItem\",\"position\":3,\"name\":\"Multi-Mam After-Birth\"}]},{\"@type\":\"WebSite\",\"@id\":\"https:\/\/multi-mam.com\/lt\/#website\",\"url\":\"https:\/\/multi-mam.com\/lt\/\",\"name\":\"Multi-Mam\",\"description\":\"\",\"publisher\":{\"@id\":\"https:\/\/multi-mam.com\/lt\/#organization\"},\"potentialAction\":[{\"@type\":\"SearchAction\",\"target\":{\"@type\":\"EntryPoint\",\"urlTemplate\":\"https:\/\/multi-mam.com\/lt\/?s={search_term_string}\"},\"query-input\":{\"@type\":\"PropertyValueSpecification\",\"valueRequired\":true,\"valueName\":\"search_term_string\"}}],\"inLanguage\":\"lt-LT\"},{\"@type\":\"Organization\",\"@id\":\"https:\/\/multi-mam.com\/lt\/#organization\",\"name\":\"Multi-Mam\",\"url\":\"https:\/\/multi-mam.com\/lt\/\",\"logo\":{\"@type\":\"ImageObject\",\"inLanguage\":\"lt-LT\",\"@id\":\"https:\/\/multi-mam.com\/lt\/#\/schema\/logo\/image\/\",\"url\":\"https:\/\/multi-mam.com\/app\/uploads\/sites\/14\/2022\/07\/multi-mam-logotype.png\",\"contentUrl\":\"https:\/\/multi-mam.com\/app\/uploads\/sites\/14\/2022\/07\/multi-mam-logotype.png\",\"width\":70,\"height\":96,\"caption\":\"Multi-Mam\"},\"image\":{\"@id\":\"https:\/\/multi-mam.com\/lt\/#\/schema\/logo\/image\/\"}}]}<\/script>\n<!-- \/ Yoast SEO plugin. -->","yoast_head_json":{"title":"Multi-Mam After-Birth - Multi-Mam","description":"\u201eMulti-Mam After-Birth\u201c pur\u0161kiklis nuramina, apsaugo ir sudr\u0117kina jautri\u0105 lytini\u0173 organ\u0173 srities od\u0105 i\u0161or\u0117je, kuri da\u017eniausiai gali b\u016bti jautri po gimdymo.","robots":{"index":"index","follow":"follow","max-snippet":"max-snippet:-1","max-image-preview":"max-image-preview:large","max-video-preview":"max-video-preview:-1"},"canonical":"https:\/\/multi-mam.com\/lt\/produktas\/multi-mam-after-birth\/","og_locale":"lt_LT","og_type":"article","og_title":"Multi-Mam After-Birth - Multi-Mam","og_description":"\u201eMulti-Mam After-Birth\u201c pur\u0161kiklis nuramina, apsaugo ir sudr\u0117kina jautri\u0105 lytini\u0173 organ\u0173 srities od\u0105 i\u0161or\u0117je, kuri da\u017eniausiai gali b\u016bti jautri po gimdymo.","og_url":"https:\/\/multi-mam.com\/lt\/produktas\/multi-mam-after-birth\/","og_site_name":"Multi-Mam","article_modified_time":"2026-04-30T08:44:40+00:00","og_image":[{"width":800,"height":800,"url":"https:\/\/multi-mam.com\/app\/uploads\/sites\/14\/2022\/07\/MultiMamAfterBirthSprayUnpackagedINTA03croppedv.png","type":"image\/png"}],"twitter_card":"summary_large_image","twitter_misc":{"Est. reading time":"1 minut\u0117"},"schema":{"@context":"https:\/\/schema.org","@graph":[{"@type":"WebPage","@id":"https:\/\/multi-mam.com\/lt\/produktas\/multi-mam-after-birth\/","url":"https:\/\/multi-mam.com\/lt\/produktas\/multi-mam-after-birth\/","name":"Multi-Mam After-Birth - Multi-Mam","isPartOf":{"@id":"https:\/\/multi-mam.com\/lt\/#website"},"primaryImageOfPage":{"@id":"https:\/\/multi-mam.com\/lt\/produktas\/multi-mam-after-birth\/#primaryimage"},"image":{"@id":"https:\/\/multi-mam.com\/lt\/produktas\/multi-mam-after-birth\/#primaryimage"},"thumbnailUrl":"https:\/\/multi-mam.com\/app\/uploads\/sites\/14\/2022\/07\/MultiMamAfterBirthSprayUnpackagedINTA03croppedv.png","datePublished":"2022-07-12T13:21:15+00:00","dateModified":"2026-04-30T08:44:40+00:00","description":"\u201eMulti-Mam After-Birth\u201c pur\u0161kiklis nuramina, apsaugo ir sudr\u0117kina jautri\u0105 lytini\u0173 organ\u0173 srities od\u0105 i\u0161or\u0117je, kuri da\u017eniausiai gali b\u016bti jautri po gimdymo.","breadcrumb":{"@id":"https:\/\/multi-mam.com\/lt\/produktas\/multi-mam-after-birth\/#breadcrumb"},"inLanguage":"lt-LT","potentialAction":[{"@type":"ReadAction","target":["https:\/\/multi-mam.com\/lt\/produktas\/multi-mam-after-birth\/"]}]},{"@type":"ImageObject","inLanguage":"lt-LT","@id":"https:\/\/multi-mam.com\/lt\/produktas\/multi-mam-after-birth\/#primaryimage","url":"https:\/\/multi-mam.com\/app\/uploads\/sites\/14\/2022\/07\/MultiMamAfterBirthSprayUnpackagedINTA03croppedv.png","contentUrl":"https:\/\/multi-mam.com\/app\/uploads\/sites\/14\/2022\/07\/MultiMamAfterBirthSprayUnpackagedINTA03croppedv.png","width":800,"height":800,"caption":"Multi-Mam After Birth Spray"},{"@type":"BreadcrumbList","@id":"https:\/\/multi-mam.com\/lt\/produktas\/multi-mam-after-birth\/#breadcrumb","itemListElement":[{"@type":"ListItem","position":1,"name":"Home","item":"https:\/\/multi-mam.com\/lt\/"},{"@type":"ListItem","position":2,"name":"Produktai","item":"https:\/\/multi-mam.com\/lt\/produktai\/"},{"@type":"ListItem","position":3,"name":"Multi-Mam After-Birth"}]},{"@type":"WebSite","@id":"https:\/\/multi-mam.com\/lt\/#website","url":"https:\/\/multi-mam.com\/lt\/","name":"Multi-Mam","description":"","publisher":{"@id":"https:\/\/multi-mam.com\/lt\/#organization"},"potentialAction":[{"@type":"SearchAction","target":{"@type":"EntryPoint","urlTemplate":"https:\/\/multi-mam.com\/lt\/?s={search_term_string}"},"query-input":{"@type":"PropertyValueSpecification","valueRequired":true,"valueName":"search_term_string"}}],"inLanguage":"lt-LT"},{"@type":"Organization","@id":"https:\/\/multi-mam.com\/lt\/#organization","name":"Multi-Mam","url":"https:\/\/multi-mam.com\/lt\/","logo":{"@type":"ImageObject","inLanguage":"lt-LT","@id":"https:\/\/multi-mam.com\/lt\/#\/schema\/logo\/image\/","url":"https:\/\/multi-mam.com\/app\/uploads\/sites\/14\/2022\/07\/multi-mam-logotype.png","contentUrl":"https:\/\/multi-mam.com\/app\/uploads\/sites\/14\/2022\/07\/multi-mam-logotype.png","width":70,"height":96,"caption":"Multi-Mam"},"image":{"@id":"https:\/\/multi-mam.com\/lt\/#\/schema\/logo\/image\/"}}]}},"_links":{"self":[{"href":"https:\/\/multi-mam.com\/lt\/wp-json\/wp\/v2\/product\/72","targetHints":{"allow":["GET"]}}],"collection":[{"href":"https:\/\/multi-mam.com\/lt\/wp-json\/wp\/v2\/product"}],"about":[{"href":"https:\/\/multi-mam.com\/lt\/wp-json\/wp\/v2\/types\/product"}],"replies":[{"embeddable":true,"href":"https:\/\/multi-mam.com\/lt\/wp-json\/wp\/v2\/comments?post=72"}],"version-history":[{"count":8,"href":"https:\/\/multi-mam.com\/lt\/wp-json\/wp\/v2\/product\/72\/revisions"}],"predecessor-version":[{"id":137,"href":"https:\/\/multi-mam.com\/lt\/wp-json\/wp\/v2\/product\/72\/revisions\/137"}],"wp:featuredmedia":[{"embeddable":true,"href":"https:\/\/multi-mam.com\/lt\/wp-json\/wp\/v2\/media\/73"}],"wp:attachment":[{"href":"https:\/\/multi-mam.com\/lt\/wp-json\/wp\/v2\/media?parent=72"}],"wp:term":[{"taxonomy":"product_brand","embeddable":true,"href":"https:\/\/multi-mam.com\/lt\/wp-json\/wp\/v2\/product_brand?post=72"},{"taxonomy":"product_cat","embeddable":true,"href":"https:\/\/multi-mam.com\/lt\/wp-json\/wp\/v2\/product_cat?post=72"},{"taxonomy":"product_tag","embeddable":true,"href":"https:\/\/multi-mam.com\/lt\/wp-json\/wp\/v2\/product_tag?post=72"}],"curies":[{"name":"wp","href":"https:\/\/api.w.org\/{rel}","templated":true}]}}