{"id":67,"date":"2022-07-12T16:14:35","date_gmt":"2022-07-12T13:14:35","guid":{"rendered":"https:\/\/multi-mam.com\/lt\/?post_type=product&#038;p=67"},"modified":"2025-04-16T10:33:33","modified_gmt":"2025-04-16T07:33:33","slug":"multi-mam-babydent","status":"publish","type":"product","link":"https:\/\/multi-mam.com\/lt\/produktas\/multi-mam-babydent\/","title":{"rendered":"Multi-Mam BabyDent"},"content":{"rendered":"\n<div class=\"wp-block-karopharma-accordions is-style-secondary\"><div class=\"container\">\n<details class=\"wp-block-karopharma-accordion\"><summary><h2 class=\"accordion-title\">&nbsp;Kaip da\u017enai galima naudoti \u0161\u012f gel\u012f?<\/h2><\/summary><div class=\"accordion-content\">\n<p>Naudokite gel\u012f tada, kai tik prireikia raminamojo poveikio.<\/p>\n<\/div><\/details>\n\n\n\n<details class=\"wp-block-karopharma-accordion\"><summary><h2 class=\"accordion-title\">Mano k\u016bdikis prarijo gana daug gelio, ar tai jam gali pakenkti?<\/h2><\/summary><div class=\"accordion-content\">\n<p>Gelis yra nekenksmingas net j\u012f nurijus, nepriklausomai nuo nuryto kiekio.<\/p>\n<\/div><\/details>\n\n\n\n<details class=\"wp-block-karopharma-accordion\"><summary><h2 class=\"accordion-title\">Gelis slysta nuo mano pir\u0161to, kaip jo u\u017etepti ant k\u016bdikio danten\u0173?<\/h2><\/summary><div class=\"accordion-content\">\n<p>Tepkite nedidel\u012f gelio kiek\u012f tiesiai ant \u010diulptuko ar kramtuko tose vietose, kuriose jis lie\u010diasi su dantenomis.<\/p>\n<\/div><\/details>\n<\/div><\/div>\n","protected":false},"excerpt":{"rendered":"<p>Raminamasis gelis k\u016bdikiams, kuriems dygsta dantys<\/p>\n","protected":false},"featured_media":99,"comment_status":"closed","ping_status":"closed","template":"","meta":{"_acf_changed":false,"footnotes":""},"product_brand":[],"product_cat":[16],"product_tag":[],"class_list":{"0":"post-67","1":"product","2":"type-product","3":"status-publish","4":"has-post-thumbnail","6":"product_cat-uncategorized","8":"first","9":"instock","10":"shipping-taxable","11":"product-type-simple"},"acf":[],"yoast_head":"<!-- This site is optimized with the Yoast SEO plugin v26.6 - https:\/\/yoast.com\/wordpress\/plugins\/seo\/ -->\n<title>Multi-Mam BabyDent - Multi-Mam<\/title>\n<meta name=\"description\" content=\"\u201eMulti-Mam BabyDent\u201c gelis ant pa\u017eeist\u0173 danten\u0173 suformuoja mink\u0161t\u0105 sluoksn\u012f ir suma\u017eina dant\u0173 dygimo sukelt\u0105 dirginim\u0105.\" \/>\n<meta name=\"robots\" content=\"index, follow, max-snippet:-1, max-image-preview:large, max-video-preview:-1\" \/>\n<link rel=\"canonical\" href=\"https:\/\/multi-mam.com\/lt\/produktas\/multi-mam-babydent\/\" \/>\n<meta property=\"og:locale\" content=\"lt_LT\" \/>\n<meta property=\"og:type\" content=\"article\" \/>\n<meta property=\"og:title\" content=\"Multi-Mam BabyDent - Multi-Mam\" \/>\n<meta property=\"og:description\" content=\"\u201eMulti-Mam BabyDent\u201c gelis ant pa\u017eeist\u0173 danten\u0173 suformuoja mink\u0161t\u0105 sluoksn\u012f ir suma\u017eina dant\u0173 dygimo sukelt\u0105 dirginim\u0105.\" \/>\n<meta property=\"og:url\" content=\"https:\/\/multi-mam.com\/lt\/produktas\/multi-mam-babydent\/\" \/>\n<meta property=\"og:site_name\" content=\"Multi-Mam\" \/>\n<meta property=\"article:modified_time\" content=\"2025-04-16T07:33:33+00:00\" \/>\n<meta property=\"og:image\" content=\"https:\/\/multi-mam.com\/app\/uploads\/sites\/14\/2022\/07\/MultiMamBabyDent15UnpackagedINTA02.png\" \/>\n\t<meta property=\"og:image:width\" content=\"2000\" \/>\n\t<meta property=\"og:image:height\" content=\"2000\" \/>\n\t<meta property=\"og:image:type\" content=\"image\/png\" \/>\n<meta name=\"twitter:card\" content=\"summary_large_image\" \/>\n<meta name=\"twitter:label1\" content=\"Est. reading time\" \/>\n\t<meta name=\"twitter:data1\" content=\"1 minut\u0117\" \/>\n<script type=\"application\/ld+json\" class=\"yoast-schema-graph\">{\"@context\":\"https:\/\/schema.org\",\"@graph\":[{\"@type\":\"WebPage\",\"@id\":\"https:\/\/multi-mam.com\/lt\/produktas\/multi-mam-babydent\/\",\"url\":\"https:\/\/multi-mam.com\/lt\/produktas\/multi-mam-babydent\/\",\"name\":\"Multi-Mam BabyDent - Multi-Mam\",\"isPartOf\":{\"@id\":\"https:\/\/multi-mam.com\/lt\/#website\"},\"primaryImageOfPage\":{\"@id\":\"https:\/\/multi-mam.com\/lt\/produktas\/multi-mam-babydent\/#primaryimage\"},\"image\":{\"@id\":\"https:\/\/multi-mam.com\/lt\/produktas\/multi-mam-babydent\/#primaryimage\"},\"thumbnailUrl\":\"https:\/\/multi-mam.com\/app\/uploads\/sites\/14\/2022\/07\/MultiMamBabyDent15UnpackagedINTA02.png\",\"datePublished\":\"2022-07-12T13:14:35+00:00\",\"dateModified\":\"2025-04-16T07:33:33+00:00\",\"description\":\"\u201eMulti-Mam BabyDent\u201c gelis ant pa\u017eeist\u0173 danten\u0173 suformuoja mink\u0161t\u0105 sluoksn\u012f ir suma\u017eina dant\u0173 dygimo sukelt\u0105 dirginim\u0105.\",\"breadcrumb\":{\"@id\":\"https:\/\/multi-mam.com\/lt\/produktas\/multi-mam-babydent\/#breadcrumb\"},\"inLanguage\":\"lt-LT\",\"potentialAction\":[{\"@type\":\"ReadAction\",\"target\":[\"https:\/\/multi-mam.com\/lt\/produktas\/multi-mam-babydent\/\"]}]},{\"@type\":\"ImageObject\",\"inLanguage\":\"lt-LT\",\"@id\":\"https:\/\/multi-mam.com\/lt\/produktas\/multi-mam-babydent\/#primaryimage\",\"url\":\"https:\/\/multi-mam.com\/app\/uploads\/sites\/14\/2022\/07\/MultiMamBabyDent15UnpackagedINTA02.png\",\"contentUrl\":\"https:\/\/multi-mam.com\/app\/uploads\/sites\/14\/2022\/07\/MultiMamBabyDent15UnpackagedINTA02.png\",\"width\":2000,\"height\":2000,\"caption\":\"Multi-Mam BabyDent\"},{\"@type\":\"BreadcrumbList\",\"@id\":\"https:\/\/multi-mam.com\/lt\/produktas\/multi-mam-babydent\/#breadcrumb\",\"itemListElement\":[{\"@type\":\"ListItem\",\"position\":1,\"name\":\"Home\",\"item\":\"https:\/\/multi-mam.com\/lt\/\"},{\"@type\":\"ListItem\",\"position\":2,\"name\":\"Produktai\",\"item\":\"https:\/\/multi-mam.com\/lt\/produktai\/\"},{\"@type\":\"ListItem\",\"position\":3,\"name\":\"Multi-Mam BabyDent\"}]},{\"@type\":\"WebSite\",\"@id\":\"https:\/\/multi-mam.com\/lt\/#website\",\"url\":\"https:\/\/multi-mam.com\/lt\/\",\"name\":\"Multi-Mam\",\"description\":\"\",\"publisher\":{\"@id\":\"https:\/\/multi-mam.com\/lt\/#organization\"},\"potentialAction\":[{\"@type\":\"SearchAction\",\"target\":{\"@type\":\"EntryPoint\",\"urlTemplate\":\"https:\/\/multi-mam.com\/lt\/?s={search_term_string}\"},\"query-input\":{\"@type\":\"PropertyValueSpecification\",\"valueRequired\":true,\"valueName\":\"search_term_string\"}}],\"inLanguage\":\"lt-LT\"},{\"@type\":\"Organization\",\"@id\":\"https:\/\/multi-mam.com\/lt\/#organization\",\"name\":\"Multi-Mam\",\"url\":\"https:\/\/multi-mam.com\/lt\/\",\"logo\":{\"@type\":\"ImageObject\",\"inLanguage\":\"lt-LT\",\"@id\":\"https:\/\/multi-mam.com\/lt\/#\/schema\/logo\/image\/\",\"url\":\"https:\/\/multi-mam.com\/app\/uploads\/sites\/14\/2022\/07\/multi-mam-logotype.png\",\"contentUrl\":\"https:\/\/multi-mam.com\/app\/uploads\/sites\/14\/2022\/07\/multi-mam-logotype.png\",\"width\":70,\"height\":96,\"caption\":\"Multi-Mam\"},\"image\":{\"@id\":\"https:\/\/multi-mam.com\/lt\/#\/schema\/logo\/image\/\"}}]}<\/script>\n<!-- \/ Yoast SEO plugin. -->","yoast_head_json":{"title":"Multi-Mam BabyDent - Multi-Mam","description":"\u201eMulti-Mam BabyDent\u201c gelis ant pa\u017eeist\u0173 danten\u0173 suformuoja mink\u0161t\u0105 sluoksn\u012f ir suma\u017eina dant\u0173 dygimo sukelt\u0105 dirginim\u0105.","robots":{"index":"index","follow":"follow","max-snippet":"max-snippet:-1","max-image-preview":"max-image-preview:large","max-video-preview":"max-video-preview:-1"},"canonical":"https:\/\/multi-mam.com\/lt\/produktas\/multi-mam-babydent\/","og_locale":"lt_LT","og_type":"article","og_title":"Multi-Mam BabyDent - Multi-Mam","og_description":"\u201eMulti-Mam BabyDent\u201c gelis ant pa\u017eeist\u0173 danten\u0173 suformuoja mink\u0161t\u0105 sluoksn\u012f ir suma\u017eina dant\u0173 dygimo sukelt\u0105 dirginim\u0105.","og_url":"https:\/\/multi-mam.com\/lt\/produktas\/multi-mam-babydent\/","og_site_name":"Multi-Mam","article_modified_time":"2025-04-16T07:33:33+00:00","og_image":[{"width":2000,"height":2000,"url":"https:\/\/multi-mam.com\/app\/uploads\/sites\/14\/2022\/07\/MultiMamBabyDent15UnpackagedINTA02.png","type":"image\/png"}],"twitter_card":"summary_large_image","twitter_misc":{"Est. reading time":"1 minut\u0117"},"schema":{"@context":"https:\/\/schema.org","@graph":[{"@type":"WebPage","@id":"https:\/\/multi-mam.com\/lt\/produktas\/multi-mam-babydent\/","url":"https:\/\/multi-mam.com\/lt\/produktas\/multi-mam-babydent\/","name":"Multi-Mam BabyDent - Multi-Mam","isPartOf":{"@id":"https:\/\/multi-mam.com\/lt\/#website"},"primaryImageOfPage":{"@id":"https:\/\/multi-mam.com\/lt\/produktas\/multi-mam-babydent\/#primaryimage"},"image":{"@id":"https:\/\/multi-mam.com\/lt\/produktas\/multi-mam-babydent\/#primaryimage"},"thumbnailUrl":"https:\/\/multi-mam.com\/app\/uploads\/sites\/14\/2022\/07\/MultiMamBabyDent15UnpackagedINTA02.png","datePublished":"2022-07-12T13:14:35+00:00","dateModified":"2025-04-16T07:33:33+00:00","description":"\u201eMulti-Mam BabyDent\u201c gelis ant pa\u017eeist\u0173 danten\u0173 suformuoja mink\u0161t\u0105 sluoksn\u012f ir suma\u017eina dant\u0173 dygimo sukelt\u0105 dirginim\u0105.","breadcrumb":{"@id":"https:\/\/multi-mam.com\/lt\/produktas\/multi-mam-babydent\/#breadcrumb"},"inLanguage":"lt-LT","potentialAction":[{"@type":"ReadAction","target":["https:\/\/multi-mam.com\/lt\/produktas\/multi-mam-babydent\/"]}]},{"@type":"ImageObject","inLanguage":"lt-LT","@id":"https:\/\/multi-mam.com\/lt\/produktas\/multi-mam-babydent\/#primaryimage","url":"https:\/\/multi-mam.com\/app\/uploads\/sites\/14\/2022\/07\/MultiMamBabyDent15UnpackagedINTA02.png","contentUrl":"https:\/\/multi-mam.com\/app\/uploads\/sites\/14\/2022\/07\/MultiMamBabyDent15UnpackagedINTA02.png","width":2000,"height":2000,"caption":"Multi-Mam BabyDent"},{"@type":"BreadcrumbList","@id":"https:\/\/multi-mam.com\/lt\/produktas\/multi-mam-babydent\/#breadcrumb","itemListElement":[{"@type":"ListItem","position":1,"name":"Home","item":"https:\/\/multi-mam.com\/lt\/"},{"@type":"ListItem","position":2,"name":"Produktai","item":"https:\/\/multi-mam.com\/lt\/produktai\/"},{"@type":"ListItem","position":3,"name":"Multi-Mam BabyDent"}]},{"@type":"WebSite","@id":"https:\/\/multi-mam.com\/lt\/#website","url":"https:\/\/multi-mam.com\/lt\/","name":"Multi-Mam","description":"","publisher":{"@id":"https:\/\/multi-mam.com\/lt\/#organization"},"potentialAction":[{"@type":"SearchAction","target":{"@type":"EntryPoint","urlTemplate":"https:\/\/multi-mam.com\/lt\/?s={search_term_string}"},"query-input":{"@type":"PropertyValueSpecification","valueRequired":true,"valueName":"search_term_string"}}],"inLanguage":"lt-LT"},{"@type":"Organization","@id":"https:\/\/multi-mam.com\/lt\/#organization","name":"Multi-Mam","url":"https:\/\/multi-mam.com\/lt\/","logo":{"@type":"ImageObject","inLanguage":"lt-LT","@id":"https:\/\/multi-mam.com\/lt\/#\/schema\/logo\/image\/","url":"https:\/\/multi-mam.com\/app\/uploads\/sites\/14\/2022\/07\/multi-mam-logotype.png","contentUrl":"https:\/\/multi-mam.com\/app\/uploads\/sites\/14\/2022\/07\/multi-mam-logotype.png","width":70,"height":96,"caption":"Multi-Mam"},"image":{"@id":"https:\/\/multi-mam.com\/lt\/#\/schema\/logo\/image\/"}}]}},"_links":{"self":[{"href":"https:\/\/multi-mam.com\/lt\/wp-json\/wp\/v2\/product\/67","targetHints":{"allow":["GET"]}}],"collection":[{"href":"https:\/\/multi-mam.com\/lt\/wp-json\/wp\/v2\/product"}],"about":[{"href":"https:\/\/multi-mam.com\/lt\/wp-json\/wp\/v2\/types\/product"}],"replies":[{"embeddable":true,"href":"https:\/\/multi-mam.com\/lt\/wp-json\/wp\/v2\/comments?post=67"}],"version-history":[{"count":7,"href":"https:\/\/multi-mam.com\/lt\/wp-json\/wp\/v2\/product\/67\/revisions"}],"predecessor-version":[{"id":122,"href":"https:\/\/multi-mam.com\/lt\/wp-json\/wp\/v2\/product\/67\/revisions\/122"}],"wp:featuredmedia":[{"embeddable":true,"href":"https:\/\/multi-mam.com\/lt\/wp-json\/wp\/v2\/media\/99"}],"wp:attachment":[{"href":"https:\/\/multi-mam.com\/lt\/wp-json\/wp\/v2\/media?parent=67"}],"wp:term":[{"taxonomy":"product_brand","embeddable":true,"href":"https:\/\/multi-mam.com\/lt\/wp-json\/wp\/v2\/product_brand?post=67"},{"taxonomy":"product_cat","embeddable":true,"href":"https:\/\/multi-mam.com\/lt\/wp-json\/wp\/v2\/product_cat?post=67"},{"taxonomy":"product_tag","embeddable":true,"href":"https:\/\/multi-mam.com\/lt\/wp-json\/wp\/v2\/product_tag?post=67"}],"curies":[{"name":"wp","href":"https:\/\/api.w.org\/{rel}","templated":true}]}}