{"id":63,"date":"2022-07-12T16:09:37","date_gmt":"2022-07-12T13:09:37","guid":{"rendered":"https:\/\/multi-mam.com\/lt\/?post_type=product&#038;p=63"},"modified":"2026-04-30T11:47:42","modified_gmt":"2026-04-30T08:47:42","slug":"multi-mam-kompresai","status":"publish","type":"product","link":"https:\/\/multi-mam.com\/lt\/produktas\/multi-mam-kompresai\/","title":{"rendered":"Multi-Mam Kompresai"},"content":{"rendered":"\n<div class=\"wp-block-karopharma-accordions is-style-secondary\"><div class=\"container\">\n<details class=\"wp-block-karopharma-accordion\"><summary><h2 class=\"accordion-title\">Kaip naudoti \u201eMulti-Mam\u201c kompresus?<\/h2><\/summary><div class=\"accordion-content\">\n<p>Atidarykite paket\u0117l\u012f, i\u0161skleiskite kompres\u0105 ir \u0161velniai priglauskite geliu sutept\u0105 pus\u0119 prie skausmingo spenelio. Kompres\u0105 ant spenelio galite laikyti tiek, kiek reikia, ta\u010diau atkreipkite d\u0117mes\u012f \u012f rekomenduojamus laikotarpius.<\/p>\n<\/div><\/details>\n\n\n\n<details class=\"wp-block-karopharma-accordion\"><summary><h2 class=\"accordion-title\">Kada naudoti \u201eMulti-Mam\u201c kompres\u0105: prie\u0161 \u017eindym\u0105 ar po jo?<\/h2><\/summary><div class=\"accordion-content\">\n<p>Mes rekomenduojame naudoti \u201eMulti-Mam\u201c kompres\u0105 i\u0161kart po \u017eindymo. Naudojant kompres\u0105 prie\u0161 pat \u017eindym\u0105, d\u0117l dr\u0117gm\u0117s k\u016bdikiui gali b\u016bti sunkiau traukti pien\u0105.<\/p>\n<\/div><\/details>\n\n\n\n<details class=\"wp-block-karopharma-accordion\"><summary><h2 class=\"accordion-title\">Kiek laiko laikyti \u201eMulti-Mam\u201c kompres\u0105 ant speneli\u0173?<\/h2><\/summary><div class=\"accordion-content\">\n<p>Idealus kompreso poveikio laikas yra 30 minu\u010di\u0173, ta\u010diau j\u012f galite keisti savo nuo\u017ei\u016bra. Siekiant geriausio rezultato, mes rekomenduojame kompres\u0105 laikyti ma\u017eiausiai 10 minu\u010di\u0173, bet ne ilgiau kaip valand\u0105.<\/p>\n<\/div><\/details>\n\n\n\n<details class=\"wp-block-karopharma-accordion\"><summary><h2 class=\"accordion-title\">Kiek kart\u0173 galima naudoti vien\u0105 ir t\u0105 pat\u012f \u201eMulti-Mam\u201c kompres\u0105?<\/h2><\/summary><div class=\"accordion-content\">\n<p>Kompresai yra vienkartiniai ir gali b\u016bti naudojami tik vien\u0105 kart\u0105. Higienos sumetimais, panaudot\u0105 kompres\u0105 reikia i\u0161mesti.<\/p>\n<\/div><\/details>\n\n\n\n<details class=\"wp-block-karopharma-accordion\"><summary><h2 class=\"accordion-title\">Ar galima naudoti \u201eMulti-Mam\u201c kompresus kaip prevencin\u0119 priemon\u0119, jei maitinant kr\u016btimi nejuntamas diskomfortas (skausmas, patinimas, jautrumas)?<\/h2><\/summary><div class=\"accordion-content\">\n<p>Rekomenduojame naudoti \u201e<a href=\"https:\/\/multi-mam.lt\/produktai\/multi-mam-protect\/\">Multi-Mam Protect<\/a>\u201c prevenciniais tikslais. \u0160is produktas apsaugo spenelius nuo i\u0161saus\u0117jimo ir \u012ftr\u016bkim\u0173.<\/p>\n<\/div><\/details>\n\n\n\n<details class=\"wp-block-karopharma-accordion\"><summary><h2 class=\"accordion-title\">K\u016bdikis gali praryti dal\u012f \u201eMulti-Mam\u201c kompreso gelio, ar tai jam gali pakenkti?<\/h2><\/summary><div class=\"accordion-content\">\n<p>Negali. Kompres\u0173 gelis yra visi\u0161kai saugus j\u016bs\u0173 k\u016bdikiui, jo nereikia pa\u0161alinti prie\u0161 maitinim\u0105 kr\u016btimi.<\/p>\n<\/div><\/details>\n<\/div><\/div>\n","protected":false},"excerpt":{"rendered":"<p>Tiesioginis raminamasis poveikis<\/p>\n","protected":false},"featured_media":103,"comment_status":"closed","ping_status":"closed","template":"","meta":{"_acf_changed":false,"footnotes":""},"product_brand":[],"product_cat":[16],"product_tag":[],"class_list":{"0":"post-63","1":"product","2":"type-product","3":"status-publish","4":"has-post-thumbnail","6":"product_cat-uncategorized","8":"first","9":"instock","10":"shipping-taxable","11":"product-type-simple"},"acf":[],"yoast_head":"<!-- This site is optimized with the Yoast SEO plugin v26.6 - https:\/\/yoast.com\/wordpress\/plugins\/seo\/ -->\n<title>Multi-Mam Kompresai - Multi-Mam<\/title>\n<meta name=\"description\" content=\"\u201eMulti-Mam\u201c kompresai padeda \u012fveikti maitinimo kr\u016btimi sukelt\u0105 diskomfort\u0105, tok\u012f kaip speneli\u0173 skausmas, patinimas ir jautrumas, maloniai v\u0117sina ir ramina.\" \/>\n<meta name=\"robots\" content=\"index, follow, max-snippet:-1, max-image-preview:large, max-video-preview:-1\" \/>\n<link rel=\"canonical\" href=\"https:\/\/multi-mam.com\/lt\/produktas\/multi-mam-kompresai\/\" \/>\n<meta property=\"og:locale\" content=\"lt_LT\" \/>\n<meta property=\"og:type\" content=\"article\" \/>\n<meta property=\"og:title\" content=\"Multi-Mam Kompresai - Multi-Mam\" \/>\n<meta property=\"og:description\" content=\"\u201eMulti-Mam\u201c kompresai padeda \u012fveikti maitinimo kr\u016btimi sukelt\u0105 diskomfort\u0105, tok\u012f kaip speneli\u0173 skausmas, patinimas ir jautrumas, maloniai v\u0117sina ir ramina.\" \/>\n<meta property=\"og:url\" content=\"https:\/\/multi-mam.com\/lt\/produktas\/multi-mam-kompresai\/\" \/>\n<meta property=\"og:site_name\" content=\"Multi-Mam\" \/>\n<meta property=\"article:modified_time\" content=\"2026-04-30T08:47:42+00:00\" \/>\n<meta property=\"og:image\" content=\"https:\/\/multi-mam.com\/app\/uploads\/sites\/14\/2022\/07\/MultiMam_Compresses.png\" \/>\n\t<meta property=\"og:image:width\" content=\"800\" \/>\n\t<meta property=\"og:image:height\" content=\"800\" \/>\n\t<meta property=\"og:image:type\" content=\"image\/png\" \/>\n<meta name=\"twitter:card\" content=\"summary_large_image\" \/>\n<meta name=\"twitter:label1\" content=\"Est. reading time\" \/>\n\t<meta name=\"twitter:data1\" content=\"2 minut\u0117s\" \/>\n<script type=\"application\/ld+json\" class=\"yoast-schema-graph\">{\"@context\":\"https:\/\/schema.org\",\"@graph\":[{\"@type\":\"WebPage\",\"@id\":\"https:\/\/multi-mam.com\/lt\/produktas\/multi-mam-kompresai\/\",\"url\":\"https:\/\/multi-mam.com\/lt\/produktas\/multi-mam-kompresai\/\",\"name\":\"Multi-Mam Kompresai - Multi-Mam\",\"isPartOf\":{\"@id\":\"https:\/\/multi-mam.com\/lt\/#website\"},\"primaryImageOfPage\":{\"@id\":\"https:\/\/multi-mam.com\/lt\/produktas\/multi-mam-kompresai\/#primaryimage\"},\"image\":{\"@id\":\"https:\/\/multi-mam.com\/lt\/produktas\/multi-mam-kompresai\/#primaryimage\"},\"thumbnailUrl\":\"https:\/\/multi-mam.com\/app\/uploads\/sites\/14\/2022\/07\/MultiMam_Compresses.png\",\"datePublished\":\"2022-07-12T13:09:37+00:00\",\"dateModified\":\"2026-04-30T08:47:42+00:00\",\"description\":\"\u201eMulti-Mam\u201c kompresai padeda \u012fveikti maitinimo kr\u016btimi sukelt\u0105 diskomfort\u0105, tok\u012f kaip speneli\u0173 skausmas, patinimas ir jautrumas, maloniai v\u0117sina ir ramina.\",\"breadcrumb\":{\"@id\":\"https:\/\/multi-mam.com\/lt\/produktas\/multi-mam-kompresai\/#breadcrumb\"},\"inLanguage\":\"lt-LT\",\"potentialAction\":[{\"@type\":\"ReadAction\",\"target\":[\"https:\/\/multi-mam.com\/lt\/produktas\/multi-mam-kompresai\/\"]}]},{\"@type\":\"ImageObject\",\"inLanguage\":\"lt-LT\",\"@id\":\"https:\/\/multi-mam.com\/lt\/produktas\/multi-mam-kompresai\/#primaryimage\",\"url\":\"https:\/\/multi-mam.com\/app\/uploads\/sites\/14\/2022\/07\/MultiMam_Compresses.png\",\"contentUrl\":\"https:\/\/multi-mam.com\/app\/uploads\/sites\/14\/2022\/07\/MultiMam_Compresses.png\",\"width\":800,\"height\":800,\"caption\":\"Multi-Mam Compresses\"},{\"@type\":\"BreadcrumbList\",\"@id\":\"https:\/\/multi-mam.com\/lt\/produktas\/multi-mam-kompresai\/#breadcrumb\",\"itemListElement\":[{\"@type\":\"ListItem\",\"position\":1,\"name\":\"Home\",\"item\":\"https:\/\/multi-mam.com\/lt\/\"},{\"@type\":\"ListItem\",\"position\":2,\"name\":\"Produktai\",\"item\":\"https:\/\/multi-mam.com\/lt\/produktai\/\"},{\"@type\":\"ListItem\",\"position\":3,\"name\":\"Multi-Mam Kompresai\"}]},{\"@type\":\"WebSite\",\"@id\":\"https:\/\/multi-mam.com\/lt\/#website\",\"url\":\"https:\/\/multi-mam.com\/lt\/\",\"name\":\"Multi-Mam\",\"description\":\"\",\"publisher\":{\"@id\":\"https:\/\/multi-mam.com\/lt\/#organization\"},\"potentialAction\":[{\"@type\":\"SearchAction\",\"target\":{\"@type\":\"EntryPoint\",\"urlTemplate\":\"https:\/\/multi-mam.com\/lt\/?s={search_term_string}\"},\"query-input\":{\"@type\":\"PropertyValueSpecification\",\"valueRequired\":true,\"valueName\":\"search_term_string\"}}],\"inLanguage\":\"lt-LT\"},{\"@type\":\"Organization\",\"@id\":\"https:\/\/multi-mam.com\/lt\/#organization\",\"name\":\"Multi-Mam\",\"url\":\"https:\/\/multi-mam.com\/lt\/\",\"logo\":{\"@type\":\"ImageObject\",\"inLanguage\":\"lt-LT\",\"@id\":\"https:\/\/multi-mam.com\/lt\/#\/schema\/logo\/image\/\",\"url\":\"https:\/\/multi-mam.com\/app\/uploads\/sites\/14\/2022\/07\/multi-mam-logotype.png\",\"contentUrl\":\"https:\/\/multi-mam.com\/app\/uploads\/sites\/14\/2022\/07\/multi-mam-logotype.png\",\"width\":70,\"height\":96,\"caption\":\"Multi-Mam\"},\"image\":{\"@id\":\"https:\/\/multi-mam.com\/lt\/#\/schema\/logo\/image\/\"}}]}<\/script>\n<!-- \/ Yoast SEO plugin. -->","yoast_head_json":{"title":"Multi-Mam Kompresai - Multi-Mam","description":"\u201eMulti-Mam\u201c kompresai padeda \u012fveikti maitinimo kr\u016btimi sukelt\u0105 diskomfort\u0105, tok\u012f kaip speneli\u0173 skausmas, patinimas ir jautrumas, maloniai v\u0117sina ir ramina.","robots":{"index":"index","follow":"follow","max-snippet":"max-snippet:-1","max-image-preview":"max-image-preview:large","max-video-preview":"max-video-preview:-1"},"canonical":"https:\/\/multi-mam.com\/lt\/produktas\/multi-mam-kompresai\/","og_locale":"lt_LT","og_type":"article","og_title":"Multi-Mam Kompresai - Multi-Mam","og_description":"\u201eMulti-Mam\u201c kompresai padeda \u012fveikti maitinimo kr\u016btimi sukelt\u0105 diskomfort\u0105, tok\u012f kaip speneli\u0173 skausmas, patinimas ir jautrumas, maloniai v\u0117sina ir ramina.","og_url":"https:\/\/multi-mam.com\/lt\/produktas\/multi-mam-kompresai\/","og_site_name":"Multi-Mam","article_modified_time":"2026-04-30T08:47:42+00:00","og_image":[{"width":800,"height":800,"url":"https:\/\/multi-mam.com\/app\/uploads\/sites\/14\/2022\/07\/MultiMam_Compresses.png","type":"image\/png"}],"twitter_card":"summary_large_image","twitter_misc":{"Est. reading time":"2 minut\u0117s"},"schema":{"@context":"https:\/\/schema.org","@graph":[{"@type":"WebPage","@id":"https:\/\/multi-mam.com\/lt\/produktas\/multi-mam-kompresai\/","url":"https:\/\/multi-mam.com\/lt\/produktas\/multi-mam-kompresai\/","name":"Multi-Mam Kompresai - Multi-Mam","isPartOf":{"@id":"https:\/\/multi-mam.com\/lt\/#website"},"primaryImageOfPage":{"@id":"https:\/\/multi-mam.com\/lt\/produktas\/multi-mam-kompresai\/#primaryimage"},"image":{"@id":"https:\/\/multi-mam.com\/lt\/produktas\/multi-mam-kompresai\/#primaryimage"},"thumbnailUrl":"https:\/\/multi-mam.com\/app\/uploads\/sites\/14\/2022\/07\/MultiMam_Compresses.png","datePublished":"2022-07-12T13:09:37+00:00","dateModified":"2026-04-30T08:47:42+00:00","description":"\u201eMulti-Mam\u201c kompresai padeda \u012fveikti maitinimo kr\u016btimi sukelt\u0105 diskomfort\u0105, tok\u012f kaip speneli\u0173 skausmas, patinimas ir jautrumas, maloniai v\u0117sina ir ramina.","breadcrumb":{"@id":"https:\/\/multi-mam.com\/lt\/produktas\/multi-mam-kompresai\/#breadcrumb"},"inLanguage":"lt-LT","potentialAction":[{"@type":"ReadAction","target":["https:\/\/multi-mam.com\/lt\/produktas\/multi-mam-kompresai\/"]}]},{"@type":"ImageObject","inLanguage":"lt-LT","@id":"https:\/\/multi-mam.com\/lt\/produktas\/multi-mam-kompresai\/#primaryimage","url":"https:\/\/multi-mam.com\/app\/uploads\/sites\/14\/2022\/07\/MultiMam_Compresses.png","contentUrl":"https:\/\/multi-mam.com\/app\/uploads\/sites\/14\/2022\/07\/MultiMam_Compresses.png","width":800,"height":800,"caption":"Multi-Mam Compresses"},{"@type":"BreadcrumbList","@id":"https:\/\/multi-mam.com\/lt\/produktas\/multi-mam-kompresai\/#breadcrumb","itemListElement":[{"@type":"ListItem","position":1,"name":"Home","item":"https:\/\/multi-mam.com\/lt\/"},{"@type":"ListItem","position":2,"name":"Produktai","item":"https:\/\/multi-mam.com\/lt\/produktai\/"},{"@type":"ListItem","position":3,"name":"Multi-Mam Kompresai"}]},{"@type":"WebSite","@id":"https:\/\/multi-mam.com\/lt\/#website","url":"https:\/\/multi-mam.com\/lt\/","name":"Multi-Mam","description":"","publisher":{"@id":"https:\/\/multi-mam.com\/lt\/#organization"},"potentialAction":[{"@type":"SearchAction","target":{"@type":"EntryPoint","urlTemplate":"https:\/\/multi-mam.com\/lt\/?s={search_term_string}"},"query-input":{"@type":"PropertyValueSpecification","valueRequired":true,"valueName":"search_term_string"}}],"inLanguage":"lt-LT"},{"@type":"Organization","@id":"https:\/\/multi-mam.com\/lt\/#organization","name":"Multi-Mam","url":"https:\/\/multi-mam.com\/lt\/","logo":{"@type":"ImageObject","inLanguage":"lt-LT","@id":"https:\/\/multi-mam.com\/lt\/#\/schema\/logo\/image\/","url":"https:\/\/multi-mam.com\/app\/uploads\/sites\/14\/2022\/07\/multi-mam-logotype.png","contentUrl":"https:\/\/multi-mam.com\/app\/uploads\/sites\/14\/2022\/07\/multi-mam-logotype.png","width":70,"height":96,"caption":"Multi-Mam"},"image":{"@id":"https:\/\/multi-mam.com\/lt\/#\/schema\/logo\/image\/"}}]}},"_links":{"self":[{"href":"https:\/\/multi-mam.com\/lt\/wp-json\/wp\/v2\/product\/63","targetHints":{"allow":["GET"]}}],"collection":[{"href":"https:\/\/multi-mam.com\/lt\/wp-json\/wp\/v2\/product"}],"about":[{"href":"https:\/\/multi-mam.com\/lt\/wp-json\/wp\/v2\/types\/product"}],"replies":[{"embeddable":true,"href":"https:\/\/multi-mam.com\/lt\/wp-json\/wp\/v2\/comments?post=63"}],"version-history":[{"count":6,"href":"https:\/\/multi-mam.com\/lt\/wp-json\/wp\/v2\/product\/63\/revisions"}],"predecessor-version":[{"id":139,"href":"https:\/\/multi-mam.com\/lt\/wp-json\/wp\/v2\/product\/63\/revisions\/139"}],"wp:featuredmedia":[{"embeddable":true,"href":"https:\/\/multi-mam.com\/lt\/wp-json\/wp\/v2\/media\/103"}],"wp:attachment":[{"href":"https:\/\/multi-mam.com\/lt\/wp-json\/wp\/v2\/media?parent=63"}],"wp:term":[{"taxonomy":"product_brand","embeddable":true,"href":"https:\/\/multi-mam.com\/lt\/wp-json\/wp\/v2\/product_brand?post=63"},{"taxonomy":"product_cat","embeddable":true,"href":"https:\/\/multi-mam.com\/lt\/wp-json\/wp\/v2\/product_cat?post=63"},{"taxonomy":"product_tag","embeddable":true,"href":"https:\/\/multi-mam.com\/lt\/wp-json\/wp\/v2\/product_tag?post=63"}],"curies":[{"name":"wp","href":"https:\/\/api.w.org\/{rel}","templated":true}]}}