{"id":75,"date":"2022-08-16T09:06:08","date_gmt":"2022-08-16T09:06:08","guid":{"rendered":"https:\/\/multi-mam.com\/is\/?post_type=product&#038;p=75"},"modified":"2025-11-10T09:59:24","modified_gmt":"2025-11-10T09:59:24","slug":"multi-mam-babydent","status":"publish","type":"product","link":"https:\/\/multi-mam.com\/is\/voru\/multi-mam-babydent\/","title":{"rendered":"Multi-Mam\u00ae BabyDent"},"content":{"rendered":"\n<div class=\"wp-block-karopharma-accordions is-style-secondary\"><div class=\"container\">\n<details class=\"wp-block-karopharma-accordion\"><summary><h2 class=\"accordion-title\">Hversu oft m\u00e1 \u00e9g nota geli\u00f0 \u00e1 tannhold barnsins?<\/h2><\/summary><div class=\"accordion-content\">\n<p>Eins oft og \u00fe\u00fa vilt &#8211; hven\u00e6r sem \u00fe\u00f6rf krefur.<\/p>\n<\/div><\/details>\n\n\n\n<details class=\"wp-block-karopharma-accordion\"><summary><h2 class=\"accordion-title\">Barni\u00f0 mitt hefur kyngt ansi miklu af gelinu, er \u00fea\u00f0 ska\u00f0legt?<\/h2><\/summary><div class=\"accordion-content\">\n<p>Nei, \u00fea\u00f0 er ekki ska\u00f0legt \u00fe\u00f3 barni\u00f0 kyngi gelinu.<\/p>\n<\/div><\/details>\n\n\n\n<details class=\"wp-block-karopharma-accordion\"><summary><h2 class=\"accordion-title\">Geli\u00f0 rennur af fingrum m\u00e9r, hvernig er best fyrir mig a\u00f0 bera \u00fea\u00f0 \u00e1 tannhold barnsins.&nbsp;<\/h2><\/summary><div class=\"accordion-content\">\n<p><br>Settu geli\u00f0 \u00e1 snu\u00f0 e\u00f0a tannhring barnsins, \u00e1 sta\u00f0i sem komast \u00ed snertingu vi\u00f0 tannholdi\u00f0.<\/p>\n<\/div><\/details>\n<\/div><\/div>\n","protected":false},"excerpt":{"rendered":"","protected":false},"featured_media":179,"comment_status":"closed","ping_status":"closed","template":"","meta":{"_acf_changed":false,"footnotes":""},"product_brand":[],"product_cat":[],"product_tag":[],"class_list":{"0":"post-75","1":"product","2":"type-product","3":"status-publish","4":"has-post-thumbnail","7":"first","8":"instock","9":"shipping-taxable","10":"product-type-simple"},"acf":[],"yoast_head":"<!-- This site is optimized with the Yoast SEO plugin v26.6 - https:\/\/yoast.com\/wordpress\/plugins\/seo\/ -->\n<title>Multi-Mam\u00ae BabyDent - Multi-Mam<\/title>\n<meta name=\"description\" content=\"Vandam\u00e1l tengd tannt\u00f6ku? Multi-Mam BabyDent er sefandi gel fyrir ungab\u00f6rn \u00ed tannt\u00f6ku, byggt \u00e1 n\u00e1tt\u00farulegum innihaldsefnum. Lestu meira um v\u00f6runa h\u00e9r!\" \/>\n<meta name=\"robots\" content=\"index, follow, max-snippet:-1, max-image-preview:large, max-video-preview:-1\" \/>\n<link rel=\"canonical\" href=\"https:\/\/multi-mam.com\/is\/voru\/multi-mam-babydent\/\" \/>\n<meta property=\"og:locale\" content=\"is_IS\" \/>\n<meta property=\"og:type\" content=\"article\" \/>\n<meta property=\"og:title\" content=\"Multi-Mam\u00ae BabyDent - Multi-Mam\" \/>\n<meta property=\"og:description\" content=\"Vandam\u00e1l tengd tannt\u00f6ku? Multi-Mam BabyDent er sefandi gel fyrir ungab\u00f6rn \u00ed tannt\u00f6ku, byggt \u00e1 n\u00e1tt\u00farulegum innihaldsefnum. Lestu meira um v\u00f6runa h\u00e9r!\" \/>\n<meta property=\"og:url\" content=\"https:\/\/multi-mam.com\/is\/voru\/multi-mam-babydent\/\" \/>\n<meta property=\"og:site_name\" content=\"Multi-Mam\" \/>\n<meta property=\"article:modified_time\" content=\"2025-11-10T09:59:24+00:00\" \/>\n<meta property=\"og:image\" content=\"https:\/\/multi-mam.com\/app\/uploads\/sites\/17\/2022\/08\/MultiMamBabyDent15UnpackagedINTA02.png\" \/>\n\t<meta property=\"og:image:width\" content=\"2000\" \/>\n\t<meta property=\"og:image:height\" content=\"2000\" \/>\n\t<meta property=\"og:image:type\" content=\"image\/png\" \/>\n<meta name=\"twitter:card\" content=\"summary_large_image\" \/>\n<meta name=\"twitter:label1\" content=\"Est. reading time\" \/>\n\t<meta name=\"twitter:data1\" content=\"1 minute\" \/>\n<script type=\"application\/ld+json\" class=\"yoast-schema-graph\">{\"@context\":\"https:\/\/schema.org\",\"@graph\":[{\"@type\":\"WebPage\",\"@id\":\"https:\/\/multi-mam.com\/is\/voru\/multi-mam-babydent\/\",\"url\":\"https:\/\/multi-mam.com\/is\/voru\/multi-mam-babydent\/\",\"name\":\"Multi-Mam\u00ae BabyDent - Multi-Mam\",\"isPartOf\":{\"@id\":\"https:\/\/multi-mam.com\/is\/#website\"},\"primaryImageOfPage\":{\"@id\":\"https:\/\/multi-mam.com\/is\/voru\/multi-mam-babydent\/#primaryimage\"},\"image\":{\"@id\":\"https:\/\/multi-mam.com\/is\/voru\/multi-mam-babydent\/#primaryimage\"},\"thumbnailUrl\":\"https:\/\/multi-mam.com\/app\/uploads\/sites\/17\/2022\/08\/MultiMamBabyDent15UnpackagedINTA02.png\",\"datePublished\":\"2022-08-16T09:06:08+00:00\",\"dateModified\":\"2025-11-10T09:59:24+00:00\",\"description\":\"Vandam\u00e1l tengd tannt\u00f6ku? Multi-Mam BabyDent er sefandi gel fyrir ungab\u00f6rn \u00ed tannt\u00f6ku, byggt \u00e1 n\u00e1tt\u00farulegum innihaldsefnum. Lestu meira um v\u00f6runa h\u00e9r!\",\"breadcrumb\":{\"@id\":\"https:\/\/multi-mam.com\/is\/voru\/multi-mam-babydent\/#breadcrumb\"},\"inLanguage\":\"is\",\"potentialAction\":[{\"@type\":\"ReadAction\",\"target\":[\"https:\/\/multi-mam.com\/is\/voru\/multi-mam-babydent\/\"]}]},{\"@type\":\"ImageObject\",\"inLanguage\":\"is\",\"@id\":\"https:\/\/multi-mam.com\/is\/voru\/multi-mam-babydent\/#primaryimage\",\"url\":\"https:\/\/multi-mam.com\/app\/uploads\/sites\/17\/2022\/08\/MultiMamBabyDent15UnpackagedINTA02.png\",\"contentUrl\":\"https:\/\/multi-mam.com\/app\/uploads\/sites\/17\/2022\/08\/MultiMamBabyDent15UnpackagedINTA02.png\",\"width\":2000,\"height\":2000,\"caption\":\"Multi-Mam BabyDent\"},{\"@type\":\"BreadcrumbList\",\"@id\":\"https:\/\/multi-mam.com\/is\/voru\/multi-mam-babydent\/#breadcrumb\",\"itemListElement\":[{\"@type\":\"ListItem\",\"position\":1,\"name\":\"Home\",\"item\":\"https:\/\/multi-mam.com\/is\/\"},{\"@type\":\"ListItem\",\"position\":2,\"name\":\"V\u00f6rurnar\",\"item\":\"https:\/\/multi-mam.com\/is\/vorurnar\/\"},{\"@type\":\"ListItem\",\"position\":3,\"name\":\"Multi-Mam\u00ae BabyDent\"}]},{\"@type\":\"WebSite\",\"@id\":\"https:\/\/multi-mam.com\/is\/#website\",\"url\":\"https:\/\/multi-mam.com\/is\/\",\"name\":\"Multi-Mam\",\"description\":\"\",\"publisher\":{\"@id\":\"https:\/\/multi-mam.com\/is\/#organization\"},\"potentialAction\":[{\"@type\":\"SearchAction\",\"target\":{\"@type\":\"EntryPoint\",\"urlTemplate\":\"https:\/\/multi-mam.com\/is\/?s={search_term_string}\"},\"query-input\":{\"@type\":\"PropertyValueSpecification\",\"valueRequired\":true,\"valueName\":\"search_term_string\"}}],\"inLanguage\":\"is\"},{\"@type\":\"Organization\",\"@id\":\"https:\/\/multi-mam.com\/is\/#organization\",\"name\":\"Multi-Mam\",\"url\":\"https:\/\/multi-mam.com\/is\/\",\"logo\":{\"@type\":\"ImageObject\",\"inLanguage\":\"is\",\"@id\":\"https:\/\/multi-mam.com\/is\/#\/schema\/logo\/image\/\",\"url\":\"https:\/\/multi-mam.com\/app\/uploads\/sites\/17\/2022\/08\/multi-mam-logotype.png\",\"contentUrl\":\"https:\/\/multi-mam.com\/app\/uploads\/sites\/17\/2022\/08\/multi-mam-logotype.png\",\"width\":70,\"height\":96,\"caption\":\"Multi-Mam\"},\"image\":{\"@id\":\"https:\/\/multi-mam.com\/is\/#\/schema\/logo\/image\/\"}}]}<\/script>\n<!-- \/ Yoast SEO plugin. -->","yoast_head_json":{"title":"Multi-Mam\u00ae BabyDent - Multi-Mam","description":"Vandam\u00e1l tengd tannt\u00f6ku? Multi-Mam BabyDent er sefandi gel fyrir ungab\u00f6rn \u00ed tannt\u00f6ku, byggt \u00e1 n\u00e1tt\u00farulegum innihaldsefnum. Lestu meira um v\u00f6runa h\u00e9r!","robots":{"index":"index","follow":"follow","max-snippet":"max-snippet:-1","max-image-preview":"max-image-preview:large","max-video-preview":"max-video-preview:-1"},"canonical":"https:\/\/multi-mam.com\/is\/voru\/multi-mam-babydent\/","og_locale":"is_IS","og_type":"article","og_title":"Multi-Mam\u00ae BabyDent - Multi-Mam","og_description":"Vandam\u00e1l tengd tannt\u00f6ku? Multi-Mam BabyDent er sefandi gel fyrir ungab\u00f6rn \u00ed tannt\u00f6ku, byggt \u00e1 n\u00e1tt\u00farulegum innihaldsefnum. Lestu meira um v\u00f6runa h\u00e9r!","og_url":"https:\/\/multi-mam.com\/is\/voru\/multi-mam-babydent\/","og_site_name":"Multi-Mam","article_modified_time":"2025-11-10T09:59:24+00:00","og_image":[{"width":2000,"height":2000,"url":"https:\/\/multi-mam.com\/app\/uploads\/sites\/17\/2022\/08\/MultiMamBabyDent15UnpackagedINTA02.png","type":"image\/png"}],"twitter_card":"summary_large_image","twitter_misc":{"Est. reading time":"1 minute"},"schema":{"@context":"https:\/\/schema.org","@graph":[{"@type":"WebPage","@id":"https:\/\/multi-mam.com\/is\/voru\/multi-mam-babydent\/","url":"https:\/\/multi-mam.com\/is\/voru\/multi-mam-babydent\/","name":"Multi-Mam\u00ae BabyDent - Multi-Mam","isPartOf":{"@id":"https:\/\/multi-mam.com\/is\/#website"},"primaryImageOfPage":{"@id":"https:\/\/multi-mam.com\/is\/voru\/multi-mam-babydent\/#primaryimage"},"image":{"@id":"https:\/\/multi-mam.com\/is\/voru\/multi-mam-babydent\/#primaryimage"},"thumbnailUrl":"https:\/\/multi-mam.com\/app\/uploads\/sites\/17\/2022\/08\/MultiMamBabyDent15UnpackagedINTA02.png","datePublished":"2022-08-16T09:06:08+00:00","dateModified":"2025-11-10T09:59:24+00:00","description":"Vandam\u00e1l tengd tannt\u00f6ku? Multi-Mam BabyDent er sefandi gel fyrir ungab\u00f6rn \u00ed tannt\u00f6ku, byggt \u00e1 n\u00e1tt\u00farulegum innihaldsefnum. Lestu meira um v\u00f6runa h\u00e9r!","breadcrumb":{"@id":"https:\/\/multi-mam.com\/is\/voru\/multi-mam-babydent\/#breadcrumb"},"inLanguage":"is","potentialAction":[{"@type":"ReadAction","target":["https:\/\/multi-mam.com\/is\/voru\/multi-mam-babydent\/"]}]},{"@type":"ImageObject","inLanguage":"is","@id":"https:\/\/multi-mam.com\/is\/voru\/multi-mam-babydent\/#primaryimage","url":"https:\/\/multi-mam.com\/app\/uploads\/sites\/17\/2022\/08\/MultiMamBabyDent15UnpackagedINTA02.png","contentUrl":"https:\/\/multi-mam.com\/app\/uploads\/sites\/17\/2022\/08\/MultiMamBabyDent15UnpackagedINTA02.png","width":2000,"height":2000,"caption":"Multi-Mam BabyDent"},{"@type":"BreadcrumbList","@id":"https:\/\/multi-mam.com\/is\/voru\/multi-mam-babydent\/#breadcrumb","itemListElement":[{"@type":"ListItem","position":1,"name":"Home","item":"https:\/\/multi-mam.com\/is\/"},{"@type":"ListItem","position":2,"name":"V\u00f6rurnar","item":"https:\/\/multi-mam.com\/is\/vorurnar\/"},{"@type":"ListItem","position":3,"name":"Multi-Mam\u00ae BabyDent"}]},{"@type":"WebSite","@id":"https:\/\/multi-mam.com\/is\/#website","url":"https:\/\/multi-mam.com\/is\/","name":"Multi-Mam","description":"","publisher":{"@id":"https:\/\/multi-mam.com\/is\/#organization"},"potentialAction":[{"@type":"SearchAction","target":{"@type":"EntryPoint","urlTemplate":"https:\/\/multi-mam.com\/is\/?s={search_term_string}"},"query-input":{"@type":"PropertyValueSpecification","valueRequired":true,"valueName":"search_term_string"}}],"inLanguage":"is"},{"@type":"Organization","@id":"https:\/\/multi-mam.com\/is\/#organization","name":"Multi-Mam","url":"https:\/\/multi-mam.com\/is\/","logo":{"@type":"ImageObject","inLanguage":"is","@id":"https:\/\/multi-mam.com\/is\/#\/schema\/logo\/image\/","url":"https:\/\/multi-mam.com\/app\/uploads\/sites\/17\/2022\/08\/multi-mam-logotype.png","contentUrl":"https:\/\/multi-mam.com\/app\/uploads\/sites\/17\/2022\/08\/multi-mam-logotype.png","width":70,"height":96,"caption":"Multi-Mam"},"image":{"@id":"https:\/\/multi-mam.com\/is\/#\/schema\/logo\/image\/"}}]}},"_links":{"self":[{"href":"https:\/\/multi-mam.com\/is\/wp-json\/wp\/v2\/product\/75","targetHints":{"allow":["GET"]}}],"collection":[{"href":"https:\/\/multi-mam.com\/is\/wp-json\/wp\/v2\/product"}],"about":[{"href":"https:\/\/multi-mam.com\/is\/wp-json\/wp\/v2\/types\/product"}],"replies":[{"embeddable":true,"href":"https:\/\/multi-mam.com\/is\/wp-json\/wp\/v2\/comments?post=75"}],"version-history":[{"count":10,"href":"https:\/\/multi-mam.com\/is\/wp-json\/wp\/v2\/product\/75\/revisions"}],"predecessor-version":[{"id":229,"href":"https:\/\/multi-mam.com\/is\/wp-json\/wp\/v2\/product\/75\/revisions\/229"}],"wp:featuredmedia":[{"embeddable":true,"href":"https:\/\/multi-mam.com\/is\/wp-json\/wp\/v2\/media\/179"}],"wp:attachment":[{"href":"https:\/\/multi-mam.com\/is\/wp-json\/wp\/v2\/media?parent=75"}],"wp:term":[{"taxonomy":"product_brand","embeddable":true,"href":"https:\/\/multi-mam.com\/is\/wp-json\/wp\/v2\/product_brand?post=75"},{"taxonomy":"product_cat","embeddable":true,"href":"https:\/\/multi-mam.com\/is\/wp-json\/wp\/v2\/product_cat?post=75"},{"taxonomy":"product_tag","embeddable":true,"href":"https:\/\/multi-mam.com\/is\/wp-json\/wp\/v2\/product_tag?post=75"}],"curies":[{"name":"wp","href":"https:\/\/api.w.org\/{rel}","templated":true}]}}