{"id":120,"date":"2022-09-15T13:07:14","date_gmt":"2022-09-15T13:07:14","guid":{"rendered":"https:\/\/multi-mam.com\/is\/?post_type=product&#038;p=120"},"modified":"2025-05-28T09:38:57","modified_gmt":"2025-05-28T09:38:57","slug":"multi-mam-protect","status":"publish","type":"product","link":"https:\/\/multi-mam.com\/is\/voru\/multi-mam-protect\/","title":{"rendered":"Multi-Mam\u00ae Protect"},"content":{"rendered":"\n<div class=\"wp-block-karopharma-accordions is-style-secondary\"><div class=\"container\">\n<details class=\"wp-block-karopharma-accordion\"><summary><h2 class=\"accordion-title\">\u00dearf \u00e9g a\u00f0 \u00feurrka Multi-Mam Protect af geirv\u00f6rtunum fyrir brj\u00f3stagj\u00f6f?<\/h2><\/summary><div class=\"accordion-content\">\n<p>Nei, \u00e1bur\u00f0urinn er alveg ska\u00f0laus vi\u00f0 innt\u00f6ku, hann hefur hlutlaust brag\u00f0 og lykt. M\u00e6lt er me\u00f0 \u00fev\u00ed a\u00f0 bera \u00e1bur\u00f0inn \u00e1 strax \u00e1 eftir brj\u00f3stagj\u00f6f &#8211; ef hann er Borinn \u00e1 fyrir brj\u00f3stagj\u00f6f getur \u00fea\u00f0 valdi\u00f0 erfi\u00f0leikum fyrir barni\u00f0 a\u00f0 drekka \u00far brj\u00f3stinu.<\/p>\n<\/div><\/details>\n\n\n\n<details class=\"wp-block-karopharma-accordion\"><summary><h2 class=\"accordion-title\">Hversu oft \u00fearf \u00e9g a\u00f0 bera Multi-Mam Protect \u00e1?<\/h2><\/summary><div class=\"accordion-content\">\n<p>Eins oft og \u00fe\u00fa vilt. \u00dea\u00f0 er s\u00e9rstaklega m\u00e6lt me\u00f0 a\u00f0 bera \u00e1bur\u00f0inn \u00e1 strax \u00e1 eftir brj\u00f3stagj\u00f6f.<\/p>\n<\/div><\/details>\n\n\n\n<details class=\"wp-block-karopharma-accordion\"><summary><h2 class=\"accordion-title\">Hver er munurinn \u00e1 Multi-Mam Protect og Multi-Mam Lanolin?<\/h2><\/summary><div class=\"accordion-content\">\n<p>Multi-Mam Protect er mild vegan form\u00fala sem er a\u00f0alega bygg\u00f0 \u00e1 jurtaol\u00edum og fitum. \u00c1fer\u00f0in er l\u00e9tt og mj\u00fak sem gerir \u00fea\u00f0 au\u00f0velt a\u00f0 bera \u00e1, s\u00e9rstaklega \u00e1 vi\u00f0kv\u00e6ma h\u00fa\u00f0. Multi-Mam Lanolin er byggt \u00e1 n\u00e1tt\u00farulegri ullarfitu.<\/p>\n<\/div><\/details>\n\n\n\n<details class=\"wp-block-karopharma-accordion\"><summary><h2 class=\"accordion-title\">\u00c9g \u00fej\u00e1ist endurteki\u00f0 af sprungnum geirv\u00f6rtum sem er mj\u00f6g s\u00e1rsaukafullt. Hva\u00f0 get \u00e9g gert?<\/h2><\/summary><div class=\"accordion-content\">\n<p>Nota\u00f0u \u00e1bur\u00f0 sem m\u00fdkir upp og endurn\u00fdjar ysta lag h\u00fa\u00f0arinnar sem \u00fearf ekki a\u00f0 \u00feurrka af \u00e1\u00f0ur en barni\u00f0 drekkur. Multi-Mam Protect er vegan \u00e1bur\u00f0ur sem spornar gegn \u00feurrum og sprungnum geirv\u00f6rtum. \u00c1bur\u00f0urinn endurn\u00fdjar varnarlag h\u00fa\u00f0arinnar, hj\u00e1lpar til vi\u00f0 a\u00f0 halda h\u00fa\u00f0inni mj\u00fakri og sveigjanlegri og ekki \u00fearf a\u00f0 \u00feurrka \u00e1bur\u00f0inn af \u00e1\u00f0ur en barni\u00f0 drekkur. Multi-Mam Protect er a\u00f0 sj\u00e1lfs\u00f6g\u00f0u \u00e1n ilmefna og rotvarnarefna. \u00de\u00fa getur einnig prufa\u00f0 Multi-Mam kompressur fyrir s\u00e1rar og aumar geirv\u00f6rtur.<\/p>\n<\/div><\/details>\n\n\n\n<details class=\"wp-block-karopharma-accordion\"><summary><h2 class=\"accordion-title\">Hverjar eru \u00e1st\u00e6\u00f0ur fyrir vandam\u00e1lum \u00e1 geirv\u00f6rtusv\u00e6\u00f0um<\/h2><\/summary><div class=\"accordion-content\">\n<p>Flest vandam\u00e1l \u00e1 geirv\u00f6rtusv\u00e6\u00f0inu stafa af \u00fev\u00ed a\u00f0 barni\u00f0 s\u00fdgur ekki r\u00e9tt. \u00dea\u00f0 er mikilv\u00e6gt a\u00f0 vi\u00f0kv\u00e6masti hluti geirv\u00f6rtunnar fari langt upp \u00ed munn barnsins. A\u00f0 nota v\u00f6rur sem draga \u00far n\u00e1tt\u00farulegri v\u00f6rn h\u00fa\u00f0arinnar eins og s\u00e1pur og sjamp\u00f3 getur valdi\u00f0 spungnum geirv\u00f6rtum. Einnig geta sveppas\u00fdking, exem e\u00f0a \u00feurr h\u00fa\u00f0 veri\u00f0 hugsanlegur orsaskavaldar geirv\u00f6rtuvandam\u00e1la.<\/p>\n<\/div><\/details>\n<\/div><\/div>\n","protected":false},"excerpt":{"rendered":"","protected":false},"featured_media":123,"comment_status":"closed","ping_status":"closed","template":"","meta":{"_acf_changed":false,"footnotes":""},"product_brand":[],"product_cat":[],"product_tag":[],"class_list":{"0":"post-120","1":"product","2":"type-product","3":"status-publish","4":"has-post-thumbnail","7":"first","8":"instock","9":"shipping-taxable","10":"product-type-simple"},"acf":[],"yoast_head":"<!-- This site is optimized with the Yoast SEO plugin v26.6 - https:\/\/yoast.com\/wordpress\/plugins\/seo\/ -->\n<title>Multi-Mam\u00ae Protect - Multi-Mam<\/title>\n<meta name=\"description\" content=\"Multi-Mam Protect brj\u00f3sta\u00e1bur\u00f0ur er vegan, a\u00f0allega bygg\u00f0ur \u00e1 jurtaol\u00edum og fitum sem koma \u00ed veg fyrir \u00feurrar og sprungnar geirv\u00f6rtur vi\u00f0 brj\u00f3stagj\u00f6f.\" \/>\n<meta name=\"robots\" content=\"index, follow, max-snippet:-1, max-image-preview:large, max-video-preview:-1\" \/>\n<link rel=\"canonical\" href=\"https:\/\/multi-mam.com\/is\/voru\/multi-mam-protect\/\" \/>\n<meta property=\"og:locale\" content=\"is_IS\" \/>\n<meta property=\"og:type\" content=\"article\" \/>\n<meta property=\"og:title\" content=\"Multi-Mam\u00ae Protect - Multi-Mam\" \/>\n<meta property=\"og:description\" content=\"Multi-Mam Protect brj\u00f3sta\u00e1bur\u00f0ur er vegan, a\u00f0allega bygg\u00f0ur \u00e1 jurtaol\u00edum og fitum sem koma \u00ed veg fyrir \u00feurrar og sprungnar geirv\u00f6rtur vi\u00f0 brj\u00f3stagj\u00f6f.\" \/>\n<meta property=\"og:url\" content=\"https:\/\/multi-mam.com\/is\/voru\/multi-mam-protect\/\" \/>\n<meta property=\"og:site_name\" content=\"Multi-Mam\" \/>\n<meta property=\"article:modified_time\" content=\"2025-05-28T09:38:57+00:00\" \/>\n<meta property=\"og:image\" content=\"https:\/\/multi-mam.com\/app\/uploads\/sites\/17\/2022\/09\/MultiMamProtect-1400x1400-1.png\" \/>\n\t<meta property=\"og:image:width\" content=\"700\" \/>\n\t<meta property=\"og:image:height\" content=\"700\" \/>\n\t<meta property=\"og:image:type\" content=\"image\/png\" \/>\n<meta name=\"twitter:card\" content=\"summary_large_image\" \/>\n<meta name=\"twitter:label1\" content=\"Est. reading time\" \/>\n\t<meta name=\"twitter:data1\" content=\"2 minutes\" \/>\n<script type=\"application\/ld+json\" class=\"yoast-schema-graph\">{\"@context\":\"https:\/\/schema.org\",\"@graph\":[{\"@type\":\"WebPage\",\"@id\":\"https:\/\/multi-mam.com\/is\/voru\/multi-mam-protect\/\",\"url\":\"https:\/\/multi-mam.com\/is\/voru\/multi-mam-protect\/\",\"name\":\"Multi-Mam\u00ae Protect - Multi-Mam\",\"isPartOf\":{\"@id\":\"https:\/\/multi-mam.com\/is\/#website\"},\"primaryImageOfPage\":{\"@id\":\"https:\/\/multi-mam.com\/is\/voru\/multi-mam-protect\/#primaryimage\"},\"image\":{\"@id\":\"https:\/\/multi-mam.com\/is\/voru\/multi-mam-protect\/#primaryimage\"},\"thumbnailUrl\":\"https:\/\/multi-mam.com\/app\/uploads\/sites\/17\/2022\/09\/MultiMamProtect-1400x1400-1.png\",\"datePublished\":\"2022-09-15T13:07:14+00:00\",\"dateModified\":\"2025-05-28T09:38:57+00:00\",\"description\":\"Multi-Mam Protect brj\u00f3sta\u00e1bur\u00f0ur er vegan, a\u00f0allega bygg\u00f0ur \u00e1 jurtaol\u00edum og fitum sem koma \u00ed veg fyrir \u00feurrar og sprungnar geirv\u00f6rtur vi\u00f0 brj\u00f3stagj\u00f6f.\",\"breadcrumb\":{\"@id\":\"https:\/\/multi-mam.com\/is\/voru\/multi-mam-protect\/#breadcrumb\"},\"inLanguage\":\"is\",\"potentialAction\":[{\"@type\":\"ReadAction\",\"target\":[\"https:\/\/multi-mam.com\/is\/voru\/multi-mam-protect\/\"]}]},{\"@type\":\"ImageObject\",\"inLanguage\":\"is\",\"@id\":\"https:\/\/multi-mam.com\/is\/voru\/multi-mam-protect\/#primaryimage\",\"url\":\"https:\/\/multi-mam.com\/app\/uploads\/sites\/17\/2022\/09\/MultiMamProtect-1400x1400-1.png\",\"contentUrl\":\"https:\/\/multi-mam.com\/app\/uploads\/sites\/17\/2022\/09\/MultiMamProtect-1400x1400-1.png\",\"width\":700,\"height\":700,\"caption\":\"Multi-Mam Protect\"},{\"@type\":\"BreadcrumbList\",\"@id\":\"https:\/\/multi-mam.com\/is\/voru\/multi-mam-protect\/#breadcrumb\",\"itemListElement\":[{\"@type\":\"ListItem\",\"position\":1,\"name\":\"Home\",\"item\":\"https:\/\/multi-mam.com\/is\/\"},{\"@type\":\"ListItem\",\"position\":2,\"name\":\"V\u00f6rurnar\",\"item\":\"https:\/\/multi-mam.com\/is\/vorurnar\/\"},{\"@type\":\"ListItem\",\"position\":3,\"name\":\"Multi-Mam\u00ae Protect\"}]},{\"@type\":\"WebSite\",\"@id\":\"https:\/\/multi-mam.com\/is\/#website\",\"url\":\"https:\/\/multi-mam.com\/is\/\",\"name\":\"Multi-Mam\",\"description\":\"\",\"publisher\":{\"@id\":\"https:\/\/multi-mam.com\/is\/#organization\"},\"potentialAction\":[{\"@type\":\"SearchAction\",\"target\":{\"@type\":\"EntryPoint\",\"urlTemplate\":\"https:\/\/multi-mam.com\/is\/?s={search_term_string}\"},\"query-input\":{\"@type\":\"PropertyValueSpecification\",\"valueRequired\":true,\"valueName\":\"search_term_string\"}}],\"inLanguage\":\"is\"},{\"@type\":\"Organization\",\"@id\":\"https:\/\/multi-mam.com\/is\/#organization\",\"name\":\"Multi-Mam\",\"url\":\"https:\/\/multi-mam.com\/is\/\",\"logo\":{\"@type\":\"ImageObject\",\"inLanguage\":\"is\",\"@id\":\"https:\/\/multi-mam.com\/is\/#\/schema\/logo\/image\/\",\"url\":\"https:\/\/multi-mam.com\/app\/uploads\/sites\/17\/2022\/08\/multi-mam-logotype.png\",\"contentUrl\":\"https:\/\/multi-mam.com\/app\/uploads\/sites\/17\/2022\/08\/multi-mam-logotype.png\",\"width\":70,\"height\":96,\"caption\":\"Multi-Mam\"},\"image\":{\"@id\":\"https:\/\/multi-mam.com\/is\/#\/schema\/logo\/image\/\"}}]}<\/script>\n<!-- \/ Yoast SEO plugin. -->","yoast_head_json":{"title":"Multi-Mam\u00ae Protect - Multi-Mam","description":"Multi-Mam Protect brj\u00f3sta\u00e1bur\u00f0ur er vegan, a\u00f0allega bygg\u00f0ur \u00e1 jurtaol\u00edum og fitum sem koma \u00ed veg fyrir \u00feurrar og sprungnar geirv\u00f6rtur vi\u00f0 brj\u00f3stagj\u00f6f.","robots":{"index":"index","follow":"follow","max-snippet":"max-snippet:-1","max-image-preview":"max-image-preview:large","max-video-preview":"max-video-preview:-1"},"canonical":"https:\/\/multi-mam.com\/is\/voru\/multi-mam-protect\/","og_locale":"is_IS","og_type":"article","og_title":"Multi-Mam\u00ae Protect - Multi-Mam","og_description":"Multi-Mam Protect brj\u00f3sta\u00e1bur\u00f0ur er vegan, a\u00f0allega bygg\u00f0ur \u00e1 jurtaol\u00edum og fitum sem koma \u00ed veg fyrir \u00feurrar og sprungnar geirv\u00f6rtur vi\u00f0 brj\u00f3stagj\u00f6f.","og_url":"https:\/\/multi-mam.com\/is\/voru\/multi-mam-protect\/","og_site_name":"Multi-Mam","article_modified_time":"2025-05-28T09:38:57+00:00","og_image":[{"width":700,"height":700,"url":"https:\/\/multi-mam.com\/app\/uploads\/sites\/17\/2022\/09\/MultiMamProtect-1400x1400-1.png","type":"image\/png"}],"twitter_card":"summary_large_image","twitter_misc":{"Est. reading time":"2 minutes"},"schema":{"@context":"https:\/\/schema.org","@graph":[{"@type":"WebPage","@id":"https:\/\/multi-mam.com\/is\/voru\/multi-mam-protect\/","url":"https:\/\/multi-mam.com\/is\/voru\/multi-mam-protect\/","name":"Multi-Mam\u00ae Protect - Multi-Mam","isPartOf":{"@id":"https:\/\/multi-mam.com\/is\/#website"},"primaryImageOfPage":{"@id":"https:\/\/multi-mam.com\/is\/voru\/multi-mam-protect\/#primaryimage"},"image":{"@id":"https:\/\/multi-mam.com\/is\/voru\/multi-mam-protect\/#primaryimage"},"thumbnailUrl":"https:\/\/multi-mam.com\/app\/uploads\/sites\/17\/2022\/09\/MultiMamProtect-1400x1400-1.png","datePublished":"2022-09-15T13:07:14+00:00","dateModified":"2025-05-28T09:38:57+00:00","description":"Multi-Mam Protect brj\u00f3sta\u00e1bur\u00f0ur er vegan, a\u00f0allega bygg\u00f0ur \u00e1 jurtaol\u00edum og fitum sem koma \u00ed veg fyrir \u00feurrar og sprungnar geirv\u00f6rtur vi\u00f0 brj\u00f3stagj\u00f6f.","breadcrumb":{"@id":"https:\/\/multi-mam.com\/is\/voru\/multi-mam-protect\/#breadcrumb"},"inLanguage":"is","potentialAction":[{"@type":"ReadAction","target":["https:\/\/multi-mam.com\/is\/voru\/multi-mam-protect\/"]}]},{"@type":"ImageObject","inLanguage":"is","@id":"https:\/\/multi-mam.com\/is\/voru\/multi-mam-protect\/#primaryimage","url":"https:\/\/multi-mam.com\/app\/uploads\/sites\/17\/2022\/09\/MultiMamProtect-1400x1400-1.png","contentUrl":"https:\/\/multi-mam.com\/app\/uploads\/sites\/17\/2022\/09\/MultiMamProtect-1400x1400-1.png","width":700,"height":700,"caption":"Multi-Mam Protect"},{"@type":"BreadcrumbList","@id":"https:\/\/multi-mam.com\/is\/voru\/multi-mam-protect\/#breadcrumb","itemListElement":[{"@type":"ListItem","position":1,"name":"Home","item":"https:\/\/multi-mam.com\/is\/"},{"@type":"ListItem","position":2,"name":"V\u00f6rurnar","item":"https:\/\/multi-mam.com\/is\/vorurnar\/"},{"@type":"ListItem","position":3,"name":"Multi-Mam\u00ae Protect"}]},{"@type":"WebSite","@id":"https:\/\/multi-mam.com\/is\/#website","url":"https:\/\/multi-mam.com\/is\/","name":"Multi-Mam","description":"","publisher":{"@id":"https:\/\/multi-mam.com\/is\/#organization"},"potentialAction":[{"@type":"SearchAction","target":{"@type":"EntryPoint","urlTemplate":"https:\/\/multi-mam.com\/is\/?s={search_term_string}"},"query-input":{"@type":"PropertyValueSpecification","valueRequired":true,"valueName":"search_term_string"}}],"inLanguage":"is"},{"@type":"Organization","@id":"https:\/\/multi-mam.com\/is\/#organization","name":"Multi-Mam","url":"https:\/\/multi-mam.com\/is\/","logo":{"@type":"ImageObject","inLanguage":"is","@id":"https:\/\/multi-mam.com\/is\/#\/schema\/logo\/image\/","url":"https:\/\/multi-mam.com\/app\/uploads\/sites\/17\/2022\/08\/multi-mam-logotype.png","contentUrl":"https:\/\/multi-mam.com\/app\/uploads\/sites\/17\/2022\/08\/multi-mam-logotype.png","width":70,"height":96,"caption":"Multi-Mam"},"image":{"@id":"https:\/\/multi-mam.com\/is\/#\/schema\/logo\/image\/"}}]}},"_links":{"self":[{"href":"https:\/\/multi-mam.com\/is\/wp-json\/wp\/v2\/product\/120","targetHints":{"allow":["GET"]}}],"collection":[{"href":"https:\/\/multi-mam.com\/is\/wp-json\/wp\/v2\/product"}],"about":[{"href":"https:\/\/multi-mam.com\/is\/wp-json\/wp\/v2\/types\/product"}],"replies":[{"embeddable":true,"href":"https:\/\/multi-mam.com\/is\/wp-json\/wp\/v2\/comments?post=120"}],"version-history":[{"count":10,"href":"https:\/\/multi-mam.com\/is\/wp-json\/wp\/v2\/product\/120\/revisions"}],"predecessor-version":[{"id":216,"href":"https:\/\/multi-mam.com\/is\/wp-json\/wp\/v2\/product\/120\/revisions\/216"}],"wp:featuredmedia":[{"embeddable":true,"href":"https:\/\/multi-mam.com\/is\/wp-json\/wp\/v2\/media\/123"}],"wp:attachment":[{"href":"https:\/\/multi-mam.com\/is\/wp-json\/wp\/v2\/media?parent=120"}],"wp:term":[{"taxonomy":"product_brand","embeddable":true,"href":"https:\/\/multi-mam.com\/is\/wp-json\/wp\/v2\/product_brand?post=120"},{"taxonomy":"product_cat","embeddable":true,"href":"https:\/\/multi-mam.com\/is\/wp-json\/wp\/v2\/product_cat?post=120"},{"taxonomy":"product_tag","embeddable":true,"href":"https:\/\/multi-mam.com\/is\/wp-json\/wp\/v2\/product_tag?post=120"}],"curies":[{"name":"wp","href":"https:\/\/api.w.org\/{rel}","templated":true}]}}