{"id":59,"date":"2022-08-15T13:51:12","date_gmt":"2022-08-15T13:51:12","guid":{"rendered":"https:\/\/multi-mam.com\/is\/?page_id=59"},"modified":"2024-08-26T12:52:13","modified_gmt":"2024-08-26T12:52:13","slug":"um-multi-mam","status":"publish","type":"page","link":"https:\/\/multi-mam.com\/is\/um-multi-mam\/","title":{"rendered":"Um Multi-Mam"},"content":{"rendered":"\n<div class=\"wp-block-karopharma-background-image-with-text-v2 background-image-with-text-v2 undefined content-position-center fixed-height-layout\" datatest=\"root\"><div class=\"background-image-with-text-wrapper\"><picture class=\"background-image-with-text-image\"><source media=\"(max-width: 560px)\" srcset=\"https:\/\/multi-mam.com\/cdn-cgi\/image\/format=auto,width=560\/app\/uploads\/sites\/17\/2023\/06\/about-Multi-Mam.jpeg\"\/><source media=\"(max-width: 800px)\" srcset=\"https:\/\/multi-mam.com\/cdn-cgi\/image\/format=auto,width=800\/app\/uploads\/sites\/17\/2023\/06\/about-Multi-Mam.jpeg\"\/><source media=\"(max-width: 1920px)\" srcset=\"https:\/\/multi-mam.com\/cdn-cgi\/image\/format=auto,width=1920\/app\/uploads\/sites\/17\/2023\/06\/about-Multi-Mam.jpeg\"\/><img decoding=\"async\" width=\"1400\" height=\"934\" datatest=\"background-image\" loading=\"lazy\" class=\"object-center object-cover\" src=\"https:\/\/multi-mam.com\/cdn-cgi\/image\/format=auto\/app\/uploads\/sites\/17\/2023\/06\/about-Multi-Mam.jpeg\" alt=\"Um Multi-Mam\u00ae\"\/><\/picture><div datatest=\"content-wrapper\" class=\"background-image-with-text-content-wrapper container max-w-medium text-alignment-center  pt-large pb-large\"><div class=\"content\"><h1 datatest=\"heading\" class=\"\">Um Multi-Mam<sup>\u00ae<\/sup><\/h1>\n<div class=\"wp-block-buttons is-layout-flex wp-block-buttons-is-layout-flex\"><\/div>\n<\/div><\/div><\/div><\/div>\n\n\n\n<div class=\"wp-block-karopharma-free-text pt-large pb-large bg-center bg-cover bg-no-repeat  undefined is-style-primary\" style=\"background-image:url()\"><div class=\"free-text-wrapper container max-w-medium text-left\">\n<h2 class=\"is-style-heading-h2 wp-block-heading\" id=\"unsere-geschichte\">Sagan okkar<\/h2>\n\n\n\n<p class=\"is-style-paragraph-preamble\">A\u00f0 ala upp barn er magna\u00f0 og gefandi \u00e1 \u00f3tal marga vegu en fyrstu dagarnir sem m\u00f3\u00f0ir og vi\u00f0 brj\u00f3stagj\u00f6f geta einnig veri\u00f0 s\u00e1rsaukafullir og erfi\u00f0ir. Margar konur skammast s\u00edn fyrir a\u00f0 tala um \u00f3\u00fe\u00e6gindin sem \u00fe\u00e6r upplifa b\u00e6\u00f0i eftir f\u00e6\u00f0ingu og vi\u00f0 brj\u00f3stagj\u00f6f og vita einfaldlega ekki hvert \u00fe\u00e6r eiga a\u00f0 leita til a\u00f0 f\u00e1 a\u00f0sto\u00f0. \u00cd sta\u00f0in \u00fej\u00e1st \u00fe\u00e6r \u00ed \u00fe\u00f6gn. A\u00f0 sj\u00e1 n\u00fdbaka\u00f0ar m\u00e6\u00f0ur gl\u00edma vi\u00f0 verki og jafnvel h\u00e6tta brj\u00f3stagj\u00f6f fyrr en \u00fe\u00e6r hef\u00f0u \u00e6tla\u00f0 s\u00e9r e\u00f0a langa\u00f0 til er \u00e1st\u00e6\u00f0an fyrir \u00fev\u00ed a\u00f0 vi\u00f0 \u00fer\u00f3u\u00f0um Multi-Mam.<\/p>\n<\/div><\/div>\n\n\n\n<div class=\"wp-block-karopharma-free-text pt-large pb-large bg-center bg-cover bg-no-repeat  undefined is-style-transparent\" style=\"background-image:url()\"><div class=\"free-text-wrapper container max-w-medium text-left\">\n<h2 class=\"is-style-heading-h2 wp-block-heading\" id=\"unsere-geschichte\">Um Multi-Mam<sup>\u00ae<\/sup><\/h2>\n\n\n\n<p class=\"is-style-paragraph-body-text\">Multi-Mam er v\u00f6rul\u00edna me\u00f0 n\u00e1tt\u00farulegum v\u00f6rum sem l\u00e9tta \u00e1 \u00f3\u00fe\u00e6gindum eftir f\u00e6\u00f0ingu og vi\u00f0 brj\u00f3stagj\u00f6f. Vi\u00f0 \u00fer\u00f3u\u00f0um Multi-Mam til \u00feess a\u00f0 hj\u00e1lpa n\u00fdb\u00f6ku\u00f0um m\u00e6\u00f0rum a\u00f0 l\u00ed\u00f0a vel og a\u00f0 sj\u00e1 um sig sj\u00e1lfar. \u00dev\u00ed \u00feegar m\u00e6\u00f0ur eru \u00ed g\u00f3\u00f0u jafnv\u00e6gi geta \u00fe\u00e6r noti\u00f0 m\u00f3\u00f0urhlutverksins betur og gefi\u00f0 b\u00f6rnunum s\u00ednum bestu m\u00f6gulegu byrjun \u00e1 l\u00edfi.<\/p>\n\n\n\n<h2 class=\"is-style-heading-h2 wp-block-heading\" id=\"unsere-geschichte\">Innihaldsefni Multi-Mam<sup>\u00ae<\/sup> <\/h2>\n\n\n\n<p>Vi\u00f0 vitum a\u00f0 \u00fe\u00fa vilt ekkert nema \u00fea\u00f0 besta fyrir barni\u00f0 \u00feitt og \u00fe\u00fa getur treyst \u00fev\u00ed a\u00f0 Multi-Mam v\u00f6rurnar eru \u00ed h\u00e6sta g\u00e6\u00f0aflokki. Innihaldsefni okkar eru a\u00f0allega unnin \u00far n\u00e1tt\u00farulegum efnum og eru ska\u00f0laus b\u00e6\u00f0i fyrir m\u00f3\u00f0ur og barn.<\/p>\n\n\n\n<p>Multi-Mam kompressurnar og Multi-Mam Babydent tanngeli\u00f0 eru bygg\u00f0ar \u00e1 hinu einstaka og einkaleyfisvar\u00f0a 2QR-efnasamabandi (bori\u00f0 fram &#8222;to cure&#8220; \u00e1 ensku) sem er n\u00e1tt\u00farulegt efni unni\u00f0 \u00far Aloe Barbadensis pl\u00f6ntunni. \u00deetta magna\u00f0a innihaldsefni veitir raka og sty\u00f0ur vi\u00f0 n\u00e1tt\u00farulegan s\u00e1ragr\u00f3anda.<\/p>\n\n\n\n<p>Multi-Mam Balm smyrsli\u00f0 er unni\u00f0 \u00far ol\u00edum \u00far jurtar\u00edkinu. \u00dea\u00f0 kl\u00edstrast ekki og fr\u00e1sogast au\u00f0veldlega, \u00fea\u00f0 verndar geirv\u00f6rtusv\u00e6\u00f0i\u00f0 me\u00f0 \u00fev\u00ed a\u00f0 endurn\u00fdja og auka n\u00e1tt\u00farulega h\u00fa\u00f0fitu.<\/p>\n\n\n\n<p class=\"is-style-paragraph-body-text has-primary-color has-text-color\"><strong>L<a href=\"\/is\/vorurnar\/\">\u00e6r\u00f0u meira um v\u00f6rurnar okkar og hvernig \u00fe\u00e6r geta hj\u00e1lpa\u00f0 \u00fe\u00e9r a\u00f0 nj\u00f3ta m\u00f3\u00f0urhlutverksins h\u00e9r<\/a>.<\/strong><\/p>\n<\/div><\/div>\n\n\n<div class=\"product-list wp-block-karopharma-product-list\" data-testid=\"product-list\">\n      <div class=\"swiper-container\">\n      <div class=\"swiper\">\n        <div class=\"swiper-wrapper\">\n                      <div class=\"swiper-slide\">\n              <div class=\"product-card\" data-testid=\"product-card\">\n  <a\n    href=https:\/\/multi-mam.com\/is\/voru\/multi-mam-protect\/\n    class=\"product-card-link\"\n    title=\"Multi-Mam\u00ae Protect\"\n  >\n  <figure class=\"product-card-image\" data-testid=\"product-image\">\n                          <img decoding=\"async\" src=\"https:\/\/multi-mam.com\/cdn-cgi\/image\/width=700,format=auto\/app\/uploads\/sites\/17\/2022\/09\/MultiMamProtect-1400x1400-1.png\"\n        srcset=\"https:\/\/multi-mam.com\/cdn-cgi\/image\/width=250,format=auto\/app\/uploads\/sites\/17\/2022\/09\/MultiMamProtect-1400x1400-1.png 250w,\n                https:\/\/multi-mam.com\/cdn-cgi\/image\/width=500,format=auto\/app\/uploads\/sites\/17\/2022\/09\/MultiMamProtect-1400x1400-1.png 500w,\n                https:\/\/multi-mam.com\/cdn-cgi\/image\/width=700,format=auto\/app\/uploads\/sites\/17\/2022\/09\/MultiMamProtect-1400x1400-1.png 700w\"\n        sizes=\"(max-width: 400px) 250px, (max-width: 800px) 500px, 700px\"\n        alt=\"Multi-Mam Protect\"\n        class=\"img\">\n            <\/figure>\n    <div class=\"product-card-content\">\n      <div class=\"heading-wrapper\">\n        <h2 class=\"heading\">Multi-Mam\u00ae Protect<\/h2>\n      <\/div>\n      <div class=\"product-card-description\"><\/div>\n                      <\/div>\n  <\/a>\n          <div class=\"button-wrapper buy-now \" data-testid=\"buy-now\">\n      <div class=\"buy-now-container dropdown-container\">\n      <div class=\"theme-button button-primary-color dropdown-link\" aria-label=\"Kaupa n\u00fana\">\n          Kaupa n\u00fana <i class=\"dropdown\"><\/i>\n      <\/div>\n      <ul class=\"reseller-list submenu\">\n                    <li>\n              <a\n                href=\"https:\/\/www.lyfogheilsa.is\/barnavorur\/8466\" onclick=\"dataLayer.push({'event':'ga_event', 'eventCategory':'Click on Reseller', 'eventAction':'Lyf &amp; heilsa', 'eventLabel':'Multi-Mam\u00ae Protect', 'eventValue': undefined})\" rel=\"noopener\" target=\"_blank\" title=\"Lyf &amp; heilsa\"\n                data-testid=\"buy-now-reseller\">\n                <i class=\"fa-solid fa-arrow-right\"><\/i> Lyf &amp; heilsa\n              <\/a>\n          <\/li>\n                    <li>\n              <a\n                href=\"https:\/\/www.lyfjaval.is\/verslun\/modir-og-barn\/multi-mam-protect-nipple-crea\" onclick=\"dataLayer.push({'event':'ga_event', 'eventCategory':'Click on Reseller', 'eventAction':'Lyfjaval', 'eventLabel':'Multi-Mam\u00ae Protect', 'eventValue': undefined})\" rel=\"noopener\" target=\"_blank\" title=\"Lyfjaval\"\n                data-testid=\"buy-now-reseller\">\n                <i class=\"fa-solid fa-arrow-right\"><\/i> Lyfjaval\n              <\/a>\n          <\/li>\n                    <li>\n              <a\n                href=\"https:\/\/www.lyfjaver.is\/vara\/multi-mam-protect-nipple-care-balm-30ml\/\" onclick=\"dataLayer.push({'event':'ga_event', 'eventCategory':'Click on Reseller', 'eventAction':'Lyfjaver', 'eventLabel':'Multi-Mam\u00ae Protect', 'eventValue': undefined})\" rel=\"noopener\" target=\"_blank\" title=\"Lyfjaver\"\n                data-testid=\"buy-now-reseller\">\n                <i class=\"fa-solid fa-arrow-right\"><\/i> Lyfjaver\n              <\/a>\n          <\/li>\n                <\/ul>\n    <\/div>\n  <\/div>\n  <\/div>\n            <\/div>\n                      <div class=\"swiper-slide\">\n              <div class=\"product-card\" data-testid=\"product-card\">\n  <a\n    href=https:\/\/multi-mam.com\/is\/voru\/multi-mam-babydent\/\n    class=\"product-card-link\"\n    title=\"Multi-Mam\u00ae BabyDent\"\n  >\n  <figure class=\"product-card-image\" data-testid=\"product-image\">\n                          <img decoding=\"async\" src=\"https:\/\/multi-mam.com\/cdn-cgi\/image\/width=700,format=auto\/app\/uploads\/sites\/17\/2022\/08\/MultiMamBabyDent15UnpackagedINTA02.png\"\n        srcset=\"https:\/\/multi-mam.com\/cdn-cgi\/image\/width=250,format=auto\/app\/uploads\/sites\/17\/2022\/08\/MultiMamBabyDent15UnpackagedINTA02.png 250w,\n                https:\/\/multi-mam.com\/cdn-cgi\/image\/width=500,format=auto\/app\/uploads\/sites\/17\/2022\/08\/MultiMamBabyDent15UnpackagedINTA02.png 500w,\n                https:\/\/multi-mam.com\/cdn-cgi\/image\/width=700,format=auto\/app\/uploads\/sites\/17\/2022\/08\/MultiMamBabyDent15UnpackagedINTA02.png 700w\"\n        sizes=\"(max-width: 400px) 250px, (max-width: 800px) 500px, 700px\"\n        alt=\"Multi-Mam BabyDent\"\n        class=\"img\">\n            <\/figure>\n    <div class=\"product-card-content\">\n      <div class=\"heading-wrapper\">\n        <h2 class=\"heading\">Multi-Mam\u00ae BabyDent<\/h2>\n      <\/div>\n      <div class=\"product-card-description\"><\/div>\n                      <\/div>\n  <\/a>\n          <div class=\"button-wrapper buy-now \" data-testid=\"buy-now\">\n      <div class=\"buy-now-container dropdown-container\">\n      <div class=\"theme-button button-primary-color dropdown-link\" aria-label=\"Kaupa n\u00fana\">\n          Kaupa n\u00fana <i class=\"dropdown\"><\/i>\n      <\/div>\n      <ul class=\"reseller-list submenu\">\n                    <li>\n              <a\n                href=\"https:\/\/www.lyfja.is\/verslun\/modir-og-barn\/tannheilsa\/tanntaka\/multi-mam-babydent-tanngel-10156208\/\" onclick=\"dataLayer.push({'event':'ga_event', 'eventCategory':'Click on Reseller', 'eventAction':'Lyfja', 'eventLabel':'Multi-Mam\u00ae BabyDent', 'eventValue': undefined})\" rel=\"noopener\" target=\"_blank\" title=\"Lyfja\"\n                data-testid=\"buy-now-reseller\">\n                <i class=\"fa-solid fa-arrow-right\"><\/i> Lyfja\n              <\/a>\n          <\/li>\n                    <li>\n              <a\n                href=\"https:\/\/www.lyfjaval.is\/verslun\/modir-og-barn\/multi-mam-babydent\" onclick=\"dataLayer.push({'event':'ga_event', 'eventCategory':'Click on Reseller', 'eventAction':'Lyfjaval', 'eventLabel':'Multi-Mam\u00ae BabyDent', 'eventValue': undefined})\" rel=\"noopener\" target=\"_blank\" title=\"Lyfjaval\"\n                data-testid=\"buy-now-reseller\">\n                <i class=\"fa-solid fa-arrow-right\"><\/i> Lyfjaval\n              <\/a>\n          <\/li>\n                <\/ul>\n    <\/div>\n  <\/div>\n  <\/div>\n            <\/div>\n                      <div class=\"swiper-slide\">\n              <div class=\"product-card\" data-testid=\"product-card\">\n  <a\n    href=https:\/\/multi-mam.com\/is\/voru\/multi-mam-kompressur\/\n    class=\"product-card-link\"\n    title=\"Multi-Mam\u00ae Kompressur\"\n  >\n  <figure class=\"product-card-image\" data-testid=\"product-image\">\n                          <img decoding=\"async\" src=\"https:\/\/multi-mam.com\/cdn-cgi\/image\/width=700,format=auto\/app\/uploads\/sites\/17\/2022\/08\/MultiMam_Compresses.png\"\n        srcset=\"https:\/\/multi-mam.com\/cdn-cgi\/image\/width=250,format=auto\/app\/uploads\/sites\/17\/2022\/08\/MultiMam_Compresses.png 250w,\n                https:\/\/multi-mam.com\/cdn-cgi\/image\/width=500,format=auto\/app\/uploads\/sites\/17\/2022\/08\/MultiMam_Compresses.png 500w,\n                https:\/\/multi-mam.com\/cdn-cgi\/image\/width=700,format=auto\/app\/uploads\/sites\/17\/2022\/08\/MultiMam_Compresses.png 700w\"\n        sizes=\"(max-width: 400px) 250px, (max-width: 800px) 500px, 700px\"\n        alt=\"Multi-Mam Kompressur\"\n        class=\"img\">\n            <\/figure>\n    <div class=\"product-card-content\">\n      <div class=\"heading-wrapper\">\n        <h2 class=\"heading\">Multi-Mam\u00ae Kompressur<\/h2>\n      <\/div>\n      <div class=\"product-card-description\"><\/div>\n                      <\/div>\n  <\/a>\n          <div class=\"button-wrapper buy-now \" data-testid=\"buy-now\">\n      <div class=\"buy-now-container dropdown-container\">\n      <div class=\"theme-button button-primary-color dropdown-link\" aria-label=\"Kaupa n\u00fana\">\n          Kaupa n\u00fana <i class=\"dropdown\"><\/i>\n      <\/div>\n      <ul class=\"reseller-list submenu\">\n                    <li>\n              <a\n                href=\"https:\/\/www.lyfogheilsa.is\/barnavorur\/2225\" onclick=\"dataLayer.push({'event':'ga_event', 'eventCategory':'Click on Reseller', 'eventAction':'Lyf &amp; heilsa', 'eventLabel':'Multi-Mam\u00ae Kompressur', 'eventValue': undefined})\" rel=\"noopener\" target=\"_blank\" title=\"Lyf &amp; heilsa\"\n                data-testid=\"buy-now-reseller\">\n                <i class=\"fa-solid fa-arrow-right\"><\/i> Lyf &amp; heilsa\n              <\/a>\n          <\/li>\n                    <li>\n              <a\n                href=\"https:\/\/www.lyfja.is\/verslun\/modir-og-barn\/brjostagjof\/multi-mam-compress-10156210\/\" onclick=\"dataLayer.push({'event':'ga_event', 'eventCategory':'Click on Reseller', 'eventAction':'Lyfja', 'eventLabel':'Multi-Mam\u00ae Kompressur', 'eventValue': undefined})\" rel=\"noopener\" target=\"_blank\" title=\"Lyfja\"\n                data-testid=\"buy-now-reseller\">\n                <i class=\"fa-solid fa-arrow-right\"><\/i> Lyfja\n              <\/a>\n          <\/li>\n                    <li>\n              <a\n                href=\"https:\/\/www.lyfjaval.is\/verslun\/modir-og-barn\/multi-mam-compress\" onclick=\"dataLayer.push({'event':'ga_event', 'eventCategory':'Click on Reseller', 'eventAction':'Lyfjaval', 'eventLabel':'Multi-Mam\u00ae Kompressur', 'eventValue': undefined})\" rel=\"noopener\" target=\"_blank\" title=\"Lyfjaval\"\n                data-testid=\"buy-now-reseller\">\n                <i class=\"fa-solid fa-arrow-right\"><\/i> Lyfjaval\n              <\/a>\n          <\/li>\n                    <li>\n              <a\n                href=\"https:\/\/www.lyfjaver.is\/vara\/multi-mam-kompressur-fyrir-brjostagjof-12stk\/\" onclick=\"dataLayer.push({'event':'ga_event', 'eventCategory':'Click on Reseller', 'eventAction':'Lyfjaver', 'eventLabel':'Multi-Mam\u00ae Kompressur', 'eventValue': undefined})\" rel=\"noopener\" target=\"_blank\" title=\"Lyfjaver\"\n                data-testid=\"buy-now-reseller\">\n                <i class=\"fa-solid fa-arrow-right\"><\/i> Lyfjaver\n              <\/a>\n          <\/li>\n                <\/ul>\n    <\/div>\n  <\/div>\n  <\/div>\n            <\/div>\n                  <\/div>\n        <div class=\"swiper-scrollbar\"><\/div>\n      <\/div>\n    <\/div>\n  <\/div>\n","protected":false},"excerpt":{"rendered":"","protected":false},"author":2,"featured_media":0,"parent":0,"menu_order":0,"comment_status":"closed","ping_status":"closed","template":"","meta":{"_acf_changed":false,"footnotes":""},"from-article-database":[],"class_list":["post-59","page","type-page","status-publish","hentry"],"acf":[],"yoast_head":"<!-- This site is optimized with the Yoast SEO plugin v26.6 - https:\/\/yoast.com\/wordpress\/plugins\/seo\/ -->\n<title>Um Multi-Mam - Multi-Mam<\/title>\n<meta name=\"description\" content=\"A\u00f0 ala upp barn er magna\u00f0 og gefandi \u00e1 \u00f3tal marga vegu en fyrstu dagarnir sem m\u00f3\u00f0ir og vi\u00f0 brj\u00f3stagj\u00f6f geta einnig veri\u00f0 s\u00e1rsaukafullir og erfi\u00f0ir.\" \/>\n<meta name=\"robots\" content=\"index, follow, max-snippet:-1, max-image-preview:large, max-video-preview:-1\" \/>\n<link rel=\"canonical\" href=\"https:\/\/multi-mam.com\/is\/um-multi-mam\/\" \/>\n<meta property=\"og:locale\" content=\"is_IS\" \/>\n<meta property=\"og:type\" content=\"article\" \/>\n<meta property=\"og:title\" content=\"Um Multi-Mam - Multi-Mam\" \/>\n<meta property=\"og:description\" content=\"A\u00f0 ala upp barn er magna\u00f0 og gefandi \u00e1 \u00f3tal marga vegu en fyrstu dagarnir sem m\u00f3\u00f0ir og vi\u00f0 brj\u00f3stagj\u00f6f geta einnig veri\u00f0 s\u00e1rsaukafullir og erfi\u00f0ir.\" \/>\n<meta property=\"og:url\" content=\"https:\/\/multi-mam.com\/is\/um-multi-mam\/\" \/>\n<meta property=\"og:site_name\" content=\"Multi-Mam\" \/>\n<meta property=\"article:modified_time\" content=\"2024-08-26T12:52:13+00:00\" \/>\n<meta property=\"og:image\" content=\"https:\/\/multi-mam.com\/cdn-cgi\/image\/format=auto\/app\/uploads\/sites\/17\/2023\/06\/about-Multi-Mam.jpeg\" \/>\n<meta name=\"twitter:card\" content=\"summary_large_image\" \/>\n<meta name=\"twitter:label1\" content=\"Est. reading time\" \/>\n\t<meta name=\"twitter:data1\" content=\"2 minutes\" \/>\n<script type=\"application\/ld+json\" class=\"yoast-schema-graph\">{\"@context\":\"https:\/\/schema.org\",\"@graph\":[{\"@type\":\"WebPage\",\"@id\":\"https:\/\/multi-mam.com\/is\/um-multi-mam\/\",\"url\":\"https:\/\/multi-mam.com\/is\/um-multi-mam\/\",\"name\":\"Um Multi-Mam - Multi-Mam\",\"isPartOf\":{\"@id\":\"https:\/\/multi-mam.com\/is\/#website\"},\"primaryImageOfPage\":{\"@id\":\"https:\/\/multi-mam.com\/is\/um-multi-mam\/#primaryimage\"},\"image\":{\"@id\":\"https:\/\/multi-mam.com\/is\/um-multi-mam\/#primaryimage\"},\"thumbnailUrl\":\"https:\/\/multi-mam.com\/cdn-cgi\/image\/format=auto\/app\/uploads\/sites\/17\/2023\/06\/about-Multi-Mam.jpeg\",\"datePublished\":\"2022-08-15T13:51:12+00:00\",\"dateModified\":\"2024-08-26T12:52:13+00:00\",\"description\":\"A\u00f0 ala upp barn er magna\u00f0 og gefandi \u00e1 \u00f3tal marga vegu en fyrstu dagarnir sem m\u00f3\u00f0ir og vi\u00f0 brj\u00f3stagj\u00f6f geta einnig veri\u00f0 s\u00e1rsaukafullir og erfi\u00f0ir.\",\"breadcrumb\":{\"@id\":\"https:\/\/multi-mam.com\/is\/um-multi-mam\/#breadcrumb\"},\"inLanguage\":\"is\",\"potentialAction\":[{\"@type\":\"ReadAction\",\"target\":[\"https:\/\/multi-mam.com\/is\/um-multi-mam\/\"]}]},{\"@type\":\"ImageObject\",\"inLanguage\":\"is\",\"@id\":\"https:\/\/multi-mam.com\/is\/um-multi-mam\/#primaryimage\",\"url\":\"https:\/\/multi-mam.com\/cdn-cgi\/image\/format=auto\/app\/uploads\/sites\/17\/2023\/06\/about-Multi-Mam.jpeg\",\"contentUrl\":\"https:\/\/multi-mam.com\/cdn-cgi\/image\/format=auto\/app\/uploads\/sites\/17\/2023\/06\/about-Multi-Mam.jpeg\"},{\"@type\":\"BreadcrumbList\",\"@id\":\"https:\/\/multi-mam.com\/is\/um-multi-mam\/#breadcrumb\",\"itemListElement\":[{\"@type\":\"ListItem\",\"position\":1,\"name\":\"Home\",\"item\":\"https:\/\/multi-mam.com\/is\/\"},{\"@type\":\"ListItem\",\"position\":2,\"name\":\"Um Multi-Mam\"}]},{\"@type\":\"WebSite\",\"@id\":\"https:\/\/multi-mam.com\/is\/#website\",\"url\":\"https:\/\/multi-mam.com\/is\/\",\"name\":\"Multi-Mam\",\"description\":\"\",\"publisher\":{\"@id\":\"https:\/\/multi-mam.com\/is\/#organization\"},\"potentialAction\":[{\"@type\":\"SearchAction\",\"target\":{\"@type\":\"EntryPoint\",\"urlTemplate\":\"https:\/\/multi-mam.com\/is\/?s={search_term_string}\"},\"query-input\":{\"@type\":\"PropertyValueSpecification\",\"valueRequired\":true,\"valueName\":\"search_term_string\"}}],\"inLanguage\":\"is\"},{\"@type\":\"Organization\",\"@id\":\"https:\/\/multi-mam.com\/is\/#organization\",\"name\":\"Multi-Mam\",\"url\":\"https:\/\/multi-mam.com\/is\/\",\"logo\":{\"@type\":\"ImageObject\",\"inLanguage\":\"is\",\"@id\":\"https:\/\/multi-mam.com\/is\/#\/schema\/logo\/image\/\",\"url\":\"https:\/\/multi-mam.com\/app\/uploads\/sites\/17\/2022\/08\/multi-mam-logotype.png\",\"contentUrl\":\"https:\/\/multi-mam.com\/app\/uploads\/sites\/17\/2022\/08\/multi-mam-logotype.png\",\"width\":70,\"height\":96,\"caption\":\"Multi-Mam\"},\"image\":{\"@id\":\"https:\/\/multi-mam.com\/is\/#\/schema\/logo\/image\/\"}}]}<\/script>\n<!-- \/ Yoast SEO plugin. -->","yoast_head_json":{"title":"Um Multi-Mam - Multi-Mam","description":"A\u00f0 ala upp barn er magna\u00f0 og gefandi \u00e1 \u00f3tal marga vegu en fyrstu dagarnir sem m\u00f3\u00f0ir og vi\u00f0 brj\u00f3stagj\u00f6f geta einnig veri\u00f0 s\u00e1rsaukafullir og erfi\u00f0ir.","robots":{"index":"index","follow":"follow","max-snippet":"max-snippet:-1","max-image-preview":"max-image-preview:large","max-video-preview":"max-video-preview:-1"},"canonical":"https:\/\/multi-mam.com\/is\/um-multi-mam\/","og_locale":"is_IS","og_type":"article","og_title":"Um Multi-Mam - Multi-Mam","og_description":"A\u00f0 ala upp barn er magna\u00f0 og gefandi \u00e1 \u00f3tal marga vegu en fyrstu dagarnir sem m\u00f3\u00f0ir og vi\u00f0 brj\u00f3stagj\u00f6f geta einnig veri\u00f0 s\u00e1rsaukafullir og erfi\u00f0ir.","og_url":"https:\/\/multi-mam.com\/is\/um-multi-mam\/","og_site_name":"Multi-Mam","article_modified_time":"2024-08-26T12:52:13+00:00","og_image":[{"url":"https:\/\/multi-mam.com\/cdn-cgi\/image\/format=auto\/app\/uploads\/sites\/17\/2023\/06\/about-Multi-Mam.jpeg","type":"","width":"","height":""}],"twitter_card":"summary_large_image","twitter_misc":{"Est. reading time":"2 minutes"},"schema":{"@context":"https:\/\/schema.org","@graph":[{"@type":"WebPage","@id":"https:\/\/multi-mam.com\/is\/um-multi-mam\/","url":"https:\/\/multi-mam.com\/is\/um-multi-mam\/","name":"Um Multi-Mam - Multi-Mam","isPartOf":{"@id":"https:\/\/multi-mam.com\/is\/#website"},"primaryImageOfPage":{"@id":"https:\/\/multi-mam.com\/is\/um-multi-mam\/#primaryimage"},"image":{"@id":"https:\/\/multi-mam.com\/is\/um-multi-mam\/#primaryimage"},"thumbnailUrl":"https:\/\/multi-mam.com\/cdn-cgi\/image\/format=auto\/app\/uploads\/sites\/17\/2023\/06\/about-Multi-Mam.jpeg","datePublished":"2022-08-15T13:51:12+00:00","dateModified":"2024-08-26T12:52:13+00:00","description":"A\u00f0 ala upp barn er magna\u00f0 og gefandi \u00e1 \u00f3tal marga vegu en fyrstu dagarnir sem m\u00f3\u00f0ir og vi\u00f0 brj\u00f3stagj\u00f6f geta einnig veri\u00f0 s\u00e1rsaukafullir og erfi\u00f0ir.","breadcrumb":{"@id":"https:\/\/multi-mam.com\/is\/um-multi-mam\/#breadcrumb"},"inLanguage":"is","potentialAction":[{"@type":"ReadAction","target":["https:\/\/multi-mam.com\/is\/um-multi-mam\/"]}]},{"@type":"ImageObject","inLanguage":"is","@id":"https:\/\/multi-mam.com\/is\/um-multi-mam\/#primaryimage","url":"https:\/\/multi-mam.com\/cdn-cgi\/image\/format=auto\/app\/uploads\/sites\/17\/2023\/06\/about-Multi-Mam.jpeg","contentUrl":"https:\/\/multi-mam.com\/cdn-cgi\/image\/format=auto\/app\/uploads\/sites\/17\/2023\/06\/about-Multi-Mam.jpeg"},{"@type":"BreadcrumbList","@id":"https:\/\/multi-mam.com\/is\/um-multi-mam\/#breadcrumb","itemListElement":[{"@type":"ListItem","position":1,"name":"Home","item":"https:\/\/multi-mam.com\/is\/"},{"@type":"ListItem","position":2,"name":"Um Multi-Mam"}]},{"@type":"WebSite","@id":"https:\/\/multi-mam.com\/is\/#website","url":"https:\/\/multi-mam.com\/is\/","name":"Multi-Mam","description":"","publisher":{"@id":"https:\/\/multi-mam.com\/is\/#organization"},"potentialAction":[{"@type":"SearchAction","target":{"@type":"EntryPoint","urlTemplate":"https:\/\/multi-mam.com\/is\/?s={search_term_string}"},"query-input":{"@type":"PropertyValueSpecification","valueRequired":true,"valueName":"search_term_string"}}],"inLanguage":"is"},{"@type":"Organization","@id":"https:\/\/multi-mam.com\/is\/#organization","name":"Multi-Mam","url":"https:\/\/multi-mam.com\/is\/","logo":{"@type":"ImageObject","inLanguage":"is","@id":"https:\/\/multi-mam.com\/is\/#\/schema\/logo\/image\/","url":"https:\/\/multi-mam.com\/app\/uploads\/sites\/17\/2022\/08\/multi-mam-logotype.png","contentUrl":"https:\/\/multi-mam.com\/app\/uploads\/sites\/17\/2022\/08\/multi-mam-logotype.png","width":70,"height":96,"caption":"Multi-Mam"},"image":{"@id":"https:\/\/multi-mam.com\/is\/#\/schema\/logo\/image\/"}}]}},"_links":{"self":[{"href":"https:\/\/multi-mam.com\/is\/wp-json\/wp\/v2\/pages\/59","targetHints":{"allow":["GET"]}}],"collection":[{"href":"https:\/\/multi-mam.com\/is\/wp-json\/wp\/v2\/pages"}],"about":[{"href":"https:\/\/multi-mam.com\/is\/wp-json\/wp\/v2\/types\/page"}],"author":[{"embeddable":true,"href":"https:\/\/multi-mam.com\/is\/wp-json\/wp\/v2\/users\/2"}],"replies":[{"embeddable":true,"href":"https:\/\/multi-mam.com\/is\/wp-json\/wp\/v2\/comments?post=59"}],"version-history":[{"count":6,"href":"https:\/\/multi-mam.com\/is\/wp-json\/wp\/v2\/pages\/59\/revisions"}],"predecessor-version":[{"id":190,"href":"https:\/\/multi-mam.com\/is\/wp-json\/wp\/v2\/pages\/59\/revisions\/190"}],"wp:attachment":[{"href":"https:\/\/multi-mam.com\/is\/wp-json\/wp\/v2\/media?parent=59"}],"wp:term":[{"taxonomy":"from-article-database","embeddable":true,"href":"https:\/\/multi-mam.com\/is\/wp-json\/wp\/v2\/from-article-database?post=59"}],"curies":[{"name":"wp","href":"https:\/\/api.w.org\/{rel}","templated":true}]}}