{"id":38,"date":"2022-08-15T12:38:51","date_gmt":"2022-08-15T12:38:51","guid":{"rendered":"https:\/\/multi-mam.com\/is\/?page_id=38"},"modified":"2024-08-26T12:52:54","modified_gmt":"2024-08-26T12:52:54","slug":"algengar-spurningar","status":"publish","type":"page","link":"https:\/\/multi-mam.com\/is\/algengar-spurningar\/","title":{"rendered":"Algengar spurningar"},"content":{"rendered":"\n<div class=\"wp-block-karopharma-background-image-with-text-v2 background-image-with-text-v2 undefined content-position-center fixed-height-layout\" datatest=\"root\"><div class=\"background-image-with-text-wrapper\"><picture class=\"background-image-with-text-image\"><source media=\"(max-width: 560px)\" srcset=\"https:\/\/multi-mam.com\/cdn-cgi\/image\/format=auto,width=560\/app\/uploads\/sites\/17\/2023\/06\/faq.jpeg\"\/><source media=\"(max-width: 800px)\" srcset=\"https:\/\/multi-mam.com\/cdn-cgi\/image\/format=auto,width=800\/app\/uploads\/sites\/17\/2023\/06\/faq.jpeg\"\/><source media=\"(max-width: 1920px)\" srcset=\"https:\/\/multi-mam.com\/cdn-cgi\/image\/format=auto,width=1920\/app\/uploads\/sites\/17\/2023\/06\/faq.jpeg\"\/><img decoding=\"async\" width=\"1400\" height=\"933\" datatest=\"background-image\" loading=\"lazy\" class=\"object-center object-cover\" src=\"https:\/\/multi-mam.com\/cdn-cgi\/image\/format=auto\/app\/uploads\/sites\/17\/2023\/06\/faq.jpeg\" alt=\"faq\"\/><\/picture><div datatest=\"content-wrapper\" class=\"background-image-with-text-content-wrapper container max-w-medium text-alignment-left  pt-large pb-large\"><div class=\"content\"><h1 datatest=\"heading\" class=\"\">Algengar spurningar<\/h1>\n<div class=\"wp-block-buttons is-layout-flex wp-block-buttons-is-layout-flex\"><\/div>\n<\/div><\/div><\/div><\/div>\n\n\n\n<div class=\"wp-block-karopharma-accordions\"><div class=\"container\">\n<details class=\"wp-block-karopharma-accordion\"><summary><h2 class=\"accordion-title\">\u00dearf \u00e9g a\u00f0 fjarl\u00e6gja Multi-Mam Balm fyrir brj\u00f3stagj\u00f6f?<\/h2><\/summary><div class=\"accordion-content\">\n<p>Nei, smyrsli\u00f0 er ska\u00f0laust vi\u00f0 innt\u00f6ku og hefur hlutlaust brag\u00f0 og lykt. M\u00e6lt er s\u00e9rstaklega me\u00f0 \u00fev\u00ed a\u00f0 bera smyrsli\u00f0 \u00e1 strax eftir brj\u00f3stagj\u00f6f &#8211; ef \u00fea\u00f0 er nota\u00f0 r\u00e9tt fyrir brj\u00f3stagj\u00f6f getur \u00fea\u00f0 valdi\u00f0 \u00fev\u00ed a\u00f0 barni\u00f0 \u00feitt eigi erfi\u00f0ara me\u00f0 a\u00f0 festa sig \u00e1 brj\u00f3stinu.<\/p>\n<\/div><\/details>\n\n\n\n<details class=\"wp-block-karopharma-accordion\"><summary><h2 class=\"accordion-title\">Hversu oft \u00fearf \u00e9g a\u00f0 nota Multi-Mam Balm?<\/h2><\/summary><div class=\"accordion-content\">\n<p>Eins oft og \u00fe\u00f6rf krefur. M\u00e6lt er s\u00e9rstaklega me\u00f0 \u00fev\u00ed a\u00f0 nota smyrsli\u00f0 strax eftir brj\u00f3stagj\u00f6f.<\/p>\n<\/div><\/details>\n\n\n\n<details class=\"wp-block-karopharma-accordion\"><summary><h2 class=\"accordion-title\">\u00c9g \u00fej\u00e1ist st\u00f6\u00f0ugt af sprungnum geirv\u00f6rtum sem er mj\u00f6g s\u00e1rsaukafullt. Hva\u00f0 get \u00e9g gert?<\/h2><\/summary><div class=\"accordion-content\">\n<p>Nota\u00f0u krem sem m\u00fdkir og hj\u00e1lpar til vi\u00f0 a\u00f0 endurn\u00fdja h\u00fa\u00f0vefinn, og sem \u00fearf ekki a\u00f0 fjarl\u00e6gja af geirv\u00f6rtusv\u00e6\u00f0inu fyrir brj\u00f3stagj\u00f6f. Multi-Mam Balm styrkir og b\u00e6tir h\u00fa\u00f0vefinn. Smyrsli\u00f0 er byggt \u00e1 n\u00e1tt\u00farulegum innihaldsefnum, \u00fea\u00f0 er brag\u00f0laust og alveg ska\u00f0laust fyrir barni\u00f0 ef \u00fev\u00ed er kyngt, \u00feannig veitir \u00fea\u00f0 bestu v\u00f6rnina \u00e1 me\u00f0an \u00e1 brj\u00f3stagj\u00f6f stendur allan s\u00f3larhinginn. Einnig getur \u00fe\u00fa prufa\u00f0 Multi-Mam kompressur fyrir s\u00e1rar geirv\u00f6rtur.<\/p>\n<\/div><\/details>\n\n\n\n<details class=\"wp-block-karopharma-accordion\"><summary><h2 class=\"accordion-title\">Hver eru ors\u00f6k vandam\u00e1la \u00e1 geirv\u00f6rtusv\u00e6\u00f0inu?<\/h2><\/summary><div class=\"accordion-content\">\n<p>\u00d3\u00fe\u00e6gindi \u00e1 geriv\u00f6rtusv\u00e6\u00f0inu koma yfirleitt til vegna l\u00e9legrar st\u00f6\u00f0u \u00e1 munni barnsins \u00e1 geirv\u00f6rtunni sem veldur vitlausu sogi; \u00fea\u00f0 er mikilv\u00e6gt a\u00f0 vi\u00f0kv\u00e6masti hluti geirv\u00f6rtunnar fari n\u00f3gu dj\u00fapt upp \u00ed munn barnsins. Notkun \u00e1 v\u00f6rum sem draga \u00far n\u00e1tt\u00farulegum v\u00f6rnum h\u00fa\u00f0arinnar, svo sem s\u00e1pur og sjamp\u00f3, geta einnig valdi\u00f0 sprungnum geirv\u00f6rtum. A\u00f0 lokum geta sveppas\u00fdkingar, exem og tilhneiging til \u00feurrks veri\u00f0 m\u00f6guleg ors\u00f6k vandam\u00e1la \u00e1 geirv\u00f6rtusv\u00e6\u00f0inu.&nbsp;<\/p>\n<\/div><\/details>\n\n\n\n<details class=\"wp-block-karopharma-accordion\"><summary><h2 class=\"accordion-title\">\u00c9g \u00fej\u00e1ist st\u00f6\u00f0ugt af sprungnum geirv\u00f6rtum sem er mj\u00f6g s\u00e1rsaukafullt. Hva\u00f0 get \u00e9g gert?<\/h2><\/summary><div class=\"accordion-content\">\n<p>Nota\u00f0u krem sem m\u00fdkir og hj\u00e1lpar til vi\u00f0 a\u00f0 endurn\u00fdja h\u00fa\u00f0vefinn, og sem \u00fearf ekki a\u00f0 fjarl\u00e6gja af geirv\u00f6rtusv\u00e6\u00f0inu fyrir brj\u00f3stagj\u00f6f. Multi-Mam Balm styrkir og b\u00e6tir h\u00fa\u00f0vefinn. Smyrsli\u00f0 er byggt \u00e1 n\u00e1tt\u00farulegum innihaldsefnum, \u00fea\u00f0 er brag\u00f0laust og alveg ska\u00f0laust fyrir barni\u00f0 ef \u00fev\u00ed er kyngt, \u00feannig veitir \u00fea\u00f0 bestu v\u00f6rnina \u00e1 me\u00f0an \u00e1 brj\u00f3stagj\u00f6f stendur allan s\u00f3larhinginn. Einnig getur \u00fe\u00fa prufa\u00f0 Multi-Mam kompressur fyrir s\u00e1rar geirv\u00f6rtur.<\/p>\n<\/div><\/details>\n\n\n\n<details class=\"wp-block-karopharma-accordion\"><summary><h2 class=\"accordion-title\">Hvernig nota \u00e9g Multi-Mam Kompressur<\/h2><\/summary><div class=\"accordion-content\">\n<p>Opna\u00f0u br\u00e9fi\u00f0 sem inniheldur eina kompressu, taktu kompressuna \u00ed sundur og legg\u00f0u gelhli\u00f0 kompressunnar \u00e1 geirv\u00f6rtusv\u00e6\u00f0i\u00f0. L\u00e1ttu kompressuna vera \u00e1 eins lengi og \u00fearf. Sj\u00e1 r\u00e1\u00f0lag\u00f0an t\u00edma h\u00e9r a\u00f0 ne\u00f0an.<\/p>\n<\/div><\/details>\n\n\n\n<details class=\"wp-block-karopharma-accordion\"><summary><h2 class=\"accordion-title\">Hven\u00e6r \u00e6tti \u00e9g a\u00f0 nota Multi-Mam kompressu, fyrir e\u00f0a eftir brj\u00f3stagj\u00f6f?<\/h2><\/summary><div class=\"accordion-content\">\n<p>Vi\u00f0 m\u00e6lum me\u00f0 a\u00f0 \u00fe\u00fa notir Multi-Mam kompressuna strax eftir brj\u00f3stagj\u00f6f. Ef h\u00fan er notu\u00f0 fyrir brj\u00f3stagj\u00f6f getur geli\u00f0 gert \u00fea\u00f0 a\u00f0 verkum a\u00f0 \u00fea\u00f0 ver\u00f0i erfi\u00f0ara fyrir barni\u00f0 a\u00f0 sj\u00faga brj\u00f3sti\u00f0.<\/p>\n<\/div><\/details>\n\n\n\n<details class=\"wp-block-karopharma-accordion\"><summary><h2 class=\"accordion-title\">Hverslu lengi \u00e6tti \u00e9g a\u00f0 hafa Multi-Mam kompressu \u00e1 brj\u00f3stinu?<\/h2><\/summary><div class=\"accordion-content\">\n<p>\u00d3\u00fe\u00e6gindi \u00e1 geriv\u00f6rtusv\u00e6\u00f0inu koma yfirleitt til vegna l\u00e9legrar st\u00f6\u00f0u \u00e1 munni barnsins \u00e1 geirv\u00f6rtunni sem veldur vitlausu sogi; \u00fea\u00f0 er best er a\u00f0 hafa kompressuna \u00e1 \u00ed 30 m\u00edn\u00fatur en a\u00f0 l\u00e1gmarki \u00ed 10 m\u00edn\u00fatur og a\u00f0 h\u00e1marki \u00ed eina klukkustund.<\/p>\n<\/div><\/details>\n\n\n\n<details class=\"wp-block-karopharma-accordion\"><summary><h2 class=\"accordion-title\">Hversu oft get \u00e9g nota\u00f0 eina Multi-Mam kompressu?<\/h2><\/summary><div class=\"accordion-content\">\n<p>Hver kompressa er einnota. Af hreinl\u00e6tis\u00e1st\u00e6\u00f0um skal henda kompressunni eftir notkun.<\/p>\n<\/div><\/details>\n\n\n\n<details class=\"wp-block-karopharma-accordion\"><summary><h2 class=\"accordion-title\">\u00c9g er ekki me\u00f0 nein vandam\u00e1l \u00e1 geirv\u00f6rtusv\u00e6\u00f0inu enn sem komi\u00f0 er. Er gott a\u00f0 nota Multi-Mam kompessu \u00ed fyrirbyggjandi skyni?<\/h2><\/summary><div class=\"accordion-content\">\n<p>Til \u00feess a\u00f0 fyrirbyggja vandam\u00e1l r\u00e1\u00f0leggjum vi\u00f0 a\u00f0 nota Multi-Mam Protect. Multi-Mam Protect er smyrsli sem verndar geirv\u00f6rtusv\u00e6\u00f0i\u00f0 gegn \u00feurrki og sprungum.<\/p>\n<\/div><\/details>\n\n\n\n<details class=\"wp-block-karopharma-accordion\"><summary><h2 class=\"accordion-title\">Ef barni\u00f0 mitt f\u00e6r geli\u00f0 \u00far Multi-Mam kompressunni upp\u00ed sig og kyngir \u00fev\u00ed, getur \u00fea\u00f0 veri\u00f0 ska\u00f0legt fyrir barni\u00f0?<\/h2><\/summary><div class=\"accordion-content\">\n<p>Nei, geli\u00f0 er ska\u00f0laust fyrir barni\u00f0 \u00feitt. Ekki \u00fearf a\u00f0 fjarl\u00e6gja umfram gel af geirv\u00f6rtunni fyrir brj\u00f3stagj\u00f6f.<\/p>\n<\/div><\/details>\n\n\n\n<details class=\"wp-block-karopharma-accordion\"><summary><h2 class=\"accordion-title\">Hversu oft m\u00e1 \u00e9g nota geli\u00f0 \u00e1 tannhold barnsins?<\/h2><\/summary><div class=\"accordion-content\">\n<p>Eins oft og \u00fe\u00fa vilt &#8211; hven\u00e6r sem \u00fe\u00f6rf er \u00e1 r\u00f3andi \u00e1hrifum.<\/p>\n<\/div><\/details>\n\n\n\n<details class=\"wp-block-karopharma-accordion\"><summary><h2 class=\"accordion-title\">Barni\u00f0 mitt hefur kyngt ansi miklu af gelinu, er \u00fea\u00f0 ska\u00f0legt?<\/h2><\/summary><div class=\"accordion-content\">\n<p>Nei, \u00fea\u00f0 er ekki ska\u00f0legt \u00fe\u00f3 barni\u00f0 kyngi gelinu.<\/p>\n<\/div><\/details>\n\n\n\n<details class=\"wp-block-karopharma-accordion\"><summary><h2 class=\"accordion-title\">Geli\u00f0 rennur af fingrum m\u00e9r, hvernig er best fyrir mig a\u00f0 bera \u00fea\u00f0 \u00e1 tannhold barnsins?<\/h2><\/summary><div class=\"accordion-content\">\n<p>Settu geli\u00f0 \u00e1 snu\u00f0 e\u00f0a tannhring barnsins, \u00e1 sta\u00f0i sem komast \u00ed snertingu vi\u00f0 tannholdi\u00f0.<\/p>\n<\/div><\/details>\n<\/div><\/div>\n","protected":false},"excerpt":{"rendered":"","protected":false},"author":2,"featured_media":0,"parent":0,"menu_order":0,"comment_status":"closed","ping_status":"closed","template":"","meta":{"_acf_changed":false,"footnotes":""},"from-article-database":[],"class_list":["post-38","page","type-page","status-publish","hentry"],"acf":[],"yoast_head":"<!-- This site is optimized with the Yoast SEO plugin v26.6 - https:\/\/yoast.com\/wordpress\/plugins\/seo\/ -->\n<title>Algengar spurningar - Multi-Mam<\/title>\n<meta name=\"description\" content=\"\u00dearf \u00e9g a\u00f0 fjarl\u00e6gja Multi-Mam Balm fyrir brj\u00f3stagj\u00f6f? Hversu oft \u00fearf \u00e9g a\u00f0 nota Multi-Mam Balm? \u00c9g \u00fej\u00e1ist st\u00f6\u00f0ugt af sprungnum geirv\u00f6rtum sem er mj\u00f6g s\u00e1rsaukafullt. Hva\u00f0 get \u00e9g gert?\" \/>\n<meta name=\"robots\" content=\"index, follow, max-snippet:-1, max-image-preview:large, max-video-preview:-1\" \/>\n<link rel=\"canonical\" href=\"https:\/\/multi-mam.com\/is\/algengar-spurningar\/\" \/>\n<meta property=\"og:locale\" content=\"is_IS\" \/>\n<meta property=\"og:type\" content=\"article\" \/>\n<meta property=\"og:title\" content=\"Algengar spurningar - Multi-Mam\" \/>\n<meta property=\"og:description\" content=\"\u00dearf \u00e9g a\u00f0 fjarl\u00e6gja Multi-Mam Balm fyrir brj\u00f3stagj\u00f6f? Hversu oft \u00fearf \u00e9g a\u00f0 nota Multi-Mam Balm? \u00c9g \u00fej\u00e1ist st\u00f6\u00f0ugt af sprungnum geirv\u00f6rtum sem er mj\u00f6g s\u00e1rsaukafullt. Hva\u00f0 get \u00e9g gert?\" \/>\n<meta property=\"og:url\" content=\"https:\/\/multi-mam.com\/is\/algengar-spurningar\/\" \/>\n<meta property=\"og:site_name\" content=\"Multi-Mam\" \/>\n<meta property=\"article:modified_time\" content=\"2024-08-26T12:52:54+00:00\" \/>\n<meta property=\"og:image\" content=\"https:\/\/multi-mam.com\/cdn-cgi\/image\/format=auto\/app\/uploads\/sites\/17\/2023\/06\/faq.jpeg\" \/>\n<meta name=\"twitter:card\" content=\"summary_large_image\" \/>\n<meta name=\"twitter:label1\" content=\"Est. reading time\" \/>\n\t<meta name=\"twitter:data1\" content=\"4 minutes\" \/>\n<script type=\"application\/ld+json\" class=\"yoast-schema-graph\">{\"@context\":\"https:\/\/schema.org\",\"@graph\":[{\"@type\":\"WebPage\",\"@id\":\"https:\/\/multi-mam.com\/is\/algengar-spurningar\/\",\"url\":\"https:\/\/multi-mam.com\/is\/algengar-spurningar\/\",\"name\":\"Algengar spurningar - Multi-Mam\",\"isPartOf\":{\"@id\":\"https:\/\/multi-mam.com\/is\/#website\"},\"primaryImageOfPage\":{\"@id\":\"https:\/\/multi-mam.com\/is\/algengar-spurningar\/#primaryimage\"},\"image\":{\"@id\":\"https:\/\/multi-mam.com\/is\/algengar-spurningar\/#primaryimage\"},\"thumbnailUrl\":\"https:\/\/multi-mam.com\/cdn-cgi\/image\/format=auto\/app\/uploads\/sites\/17\/2023\/06\/faq.jpeg\",\"datePublished\":\"2022-08-15T12:38:51+00:00\",\"dateModified\":\"2024-08-26T12:52:54+00:00\",\"description\":\"\u00dearf \u00e9g a\u00f0 fjarl\u00e6gja Multi-Mam Balm fyrir brj\u00f3stagj\u00f6f? Hversu oft \u00fearf \u00e9g a\u00f0 nota Multi-Mam Balm? \u00c9g \u00fej\u00e1ist st\u00f6\u00f0ugt af sprungnum geirv\u00f6rtum sem er mj\u00f6g s\u00e1rsaukafullt. Hva\u00f0 get \u00e9g gert?\",\"breadcrumb\":{\"@id\":\"https:\/\/multi-mam.com\/is\/algengar-spurningar\/#breadcrumb\"},\"inLanguage\":\"is\",\"potentialAction\":[{\"@type\":\"ReadAction\",\"target\":[\"https:\/\/multi-mam.com\/is\/algengar-spurningar\/\"]}]},{\"@type\":\"ImageObject\",\"inLanguage\":\"is\",\"@id\":\"https:\/\/multi-mam.com\/is\/algengar-spurningar\/#primaryimage\",\"url\":\"https:\/\/multi-mam.com\/cdn-cgi\/image\/format=auto\/app\/uploads\/sites\/17\/2023\/06\/faq.jpeg\",\"contentUrl\":\"https:\/\/multi-mam.com\/cdn-cgi\/image\/format=auto\/app\/uploads\/sites\/17\/2023\/06\/faq.jpeg\"},{\"@type\":\"BreadcrumbList\",\"@id\":\"https:\/\/multi-mam.com\/is\/algengar-spurningar\/#breadcrumb\",\"itemListElement\":[{\"@type\":\"ListItem\",\"position\":1,\"name\":\"Home\",\"item\":\"https:\/\/multi-mam.com\/is\/\"},{\"@type\":\"ListItem\",\"position\":2,\"name\":\"Algengar spurningar\"}]},{\"@type\":\"WebSite\",\"@id\":\"https:\/\/multi-mam.com\/is\/#website\",\"url\":\"https:\/\/multi-mam.com\/is\/\",\"name\":\"Multi-Mam\",\"description\":\"\",\"publisher\":{\"@id\":\"https:\/\/multi-mam.com\/is\/#organization\"},\"potentialAction\":[{\"@type\":\"SearchAction\",\"target\":{\"@type\":\"EntryPoint\",\"urlTemplate\":\"https:\/\/multi-mam.com\/is\/?s={search_term_string}\"},\"query-input\":{\"@type\":\"PropertyValueSpecification\",\"valueRequired\":true,\"valueName\":\"search_term_string\"}}],\"inLanguage\":\"is\"},{\"@type\":\"Organization\",\"@id\":\"https:\/\/multi-mam.com\/is\/#organization\",\"name\":\"Multi-Mam\",\"url\":\"https:\/\/multi-mam.com\/is\/\",\"logo\":{\"@type\":\"ImageObject\",\"inLanguage\":\"is\",\"@id\":\"https:\/\/multi-mam.com\/is\/#\/schema\/logo\/image\/\",\"url\":\"https:\/\/multi-mam.com\/app\/uploads\/sites\/17\/2022\/08\/multi-mam-logotype.png\",\"contentUrl\":\"https:\/\/multi-mam.com\/app\/uploads\/sites\/17\/2022\/08\/multi-mam-logotype.png\",\"width\":70,\"height\":96,\"caption\":\"Multi-Mam\"},\"image\":{\"@id\":\"https:\/\/multi-mam.com\/is\/#\/schema\/logo\/image\/\"}}]}<\/script>\n<!-- \/ Yoast SEO plugin. -->","yoast_head_json":{"title":"Algengar spurningar - Multi-Mam","description":"\u00dearf \u00e9g a\u00f0 fjarl\u00e6gja Multi-Mam Balm fyrir brj\u00f3stagj\u00f6f? Hversu oft \u00fearf \u00e9g a\u00f0 nota Multi-Mam Balm? \u00c9g \u00fej\u00e1ist st\u00f6\u00f0ugt af sprungnum geirv\u00f6rtum sem er mj\u00f6g s\u00e1rsaukafullt. Hva\u00f0 get \u00e9g gert?","robots":{"index":"index","follow":"follow","max-snippet":"max-snippet:-1","max-image-preview":"max-image-preview:large","max-video-preview":"max-video-preview:-1"},"canonical":"https:\/\/multi-mam.com\/is\/algengar-spurningar\/","og_locale":"is_IS","og_type":"article","og_title":"Algengar spurningar - Multi-Mam","og_description":"\u00dearf \u00e9g a\u00f0 fjarl\u00e6gja Multi-Mam Balm fyrir brj\u00f3stagj\u00f6f? Hversu oft \u00fearf \u00e9g a\u00f0 nota Multi-Mam Balm? \u00c9g \u00fej\u00e1ist st\u00f6\u00f0ugt af sprungnum geirv\u00f6rtum sem er mj\u00f6g s\u00e1rsaukafullt. Hva\u00f0 get \u00e9g gert?","og_url":"https:\/\/multi-mam.com\/is\/algengar-spurningar\/","og_site_name":"Multi-Mam","article_modified_time":"2024-08-26T12:52:54+00:00","og_image":[{"url":"https:\/\/multi-mam.com\/cdn-cgi\/image\/format=auto\/app\/uploads\/sites\/17\/2023\/06\/faq.jpeg","type":"","width":"","height":""}],"twitter_card":"summary_large_image","twitter_misc":{"Est. reading time":"4 minutes"},"schema":{"@context":"https:\/\/schema.org","@graph":[{"@type":"WebPage","@id":"https:\/\/multi-mam.com\/is\/algengar-spurningar\/","url":"https:\/\/multi-mam.com\/is\/algengar-spurningar\/","name":"Algengar spurningar - Multi-Mam","isPartOf":{"@id":"https:\/\/multi-mam.com\/is\/#website"},"primaryImageOfPage":{"@id":"https:\/\/multi-mam.com\/is\/algengar-spurningar\/#primaryimage"},"image":{"@id":"https:\/\/multi-mam.com\/is\/algengar-spurningar\/#primaryimage"},"thumbnailUrl":"https:\/\/multi-mam.com\/cdn-cgi\/image\/format=auto\/app\/uploads\/sites\/17\/2023\/06\/faq.jpeg","datePublished":"2022-08-15T12:38:51+00:00","dateModified":"2024-08-26T12:52:54+00:00","description":"\u00dearf \u00e9g a\u00f0 fjarl\u00e6gja Multi-Mam Balm fyrir brj\u00f3stagj\u00f6f? Hversu oft \u00fearf \u00e9g a\u00f0 nota Multi-Mam Balm? \u00c9g \u00fej\u00e1ist st\u00f6\u00f0ugt af sprungnum geirv\u00f6rtum sem er mj\u00f6g s\u00e1rsaukafullt. Hva\u00f0 get \u00e9g gert?","breadcrumb":{"@id":"https:\/\/multi-mam.com\/is\/algengar-spurningar\/#breadcrumb"},"inLanguage":"is","potentialAction":[{"@type":"ReadAction","target":["https:\/\/multi-mam.com\/is\/algengar-spurningar\/"]}]},{"@type":"ImageObject","inLanguage":"is","@id":"https:\/\/multi-mam.com\/is\/algengar-spurningar\/#primaryimage","url":"https:\/\/multi-mam.com\/cdn-cgi\/image\/format=auto\/app\/uploads\/sites\/17\/2023\/06\/faq.jpeg","contentUrl":"https:\/\/multi-mam.com\/cdn-cgi\/image\/format=auto\/app\/uploads\/sites\/17\/2023\/06\/faq.jpeg"},{"@type":"BreadcrumbList","@id":"https:\/\/multi-mam.com\/is\/algengar-spurningar\/#breadcrumb","itemListElement":[{"@type":"ListItem","position":1,"name":"Home","item":"https:\/\/multi-mam.com\/is\/"},{"@type":"ListItem","position":2,"name":"Algengar spurningar"}]},{"@type":"WebSite","@id":"https:\/\/multi-mam.com\/is\/#website","url":"https:\/\/multi-mam.com\/is\/","name":"Multi-Mam","description":"","publisher":{"@id":"https:\/\/multi-mam.com\/is\/#organization"},"potentialAction":[{"@type":"SearchAction","target":{"@type":"EntryPoint","urlTemplate":"https:\/\/multi-mam.com\/is\/?s={search_term_string}"},"query-input":{"@type":"PropertyValueSpecification","valueRequired":true,"valueName":"search_term_string"}}],"inLanguage":"is"},{"@type":"Organization","@id":"https:\/\/multi-mam.com\/is\/#organization","name":"Multi-Mam","url":"https:\/\/multi-mam.com\/is\/","logo":{"@type":"ImageObject","inLanguage":"is","@id":"https:\/\/multi-mam.com\/is\/#\/schema\/logo\/image\/","url":"https:\/\/multi-mam.com\/app\/uploads\/sites\/17\/2022\/08\/multi-mam-logotype.png","contentUrl":"https:\/\/multi-mam.com\/app\/uploads\/sites\/17\/2022\/08\/multi-mam-logotype.png","width":70,"height":96,"caption":"Multi-Mam"},"image":{"@id":"https:\/\/multi-mam.com\/is\/#\/schema\/logo\/image\/"}}]}},"_links":{"self":[{"href":"https:\/\/multi-mam.com\/is\/wp-json\/wp\/v2\/pages\/38","targetHints":{"allow":["GET"]}}],"collection":[{"href":"https:\/\/multi-mam.com\/is\/wp-json\/wp\/v2\/pages"}],"about":[{"href":"https:\/\/multi-mam.com\/is\/wp-json\/wp\/v2\/types\/page"}],"author":[{"embeddable":true,"href":"https:\/\/multi-mam.com\/is\/wp-json\/wp\/v2\/users\/2"}],"replies":[{"embeddable":true,"href":"https:\/\/multi-mam.com\/is\/wp-json\/wp\/v2\/comments?post=38"}],"version-history":[{"count":10,"href":"https:\/\/multi-mam.com\/is\/wp-json\/wp\/v2\/pages\/38\/revisions"}],"predecessor-version":[{"id":191,"href":"https:\/\/multi-mam.com\/is\/wp-json\/wp\/v2\/pages\/38\/revisions\/191"}],"wp:attachment":[{"href":"https:\/\/multi-mam.com\/is\/wp-json\/wp\/v2\/media?parent=38"}],"wp:term":[{"taxonomy":"from-article-database","embeddable":true,"href":"https:\/\/multi-mam.com\/is\/wp-json\/wp\/v2\/from-article-database?post=38"}],"curies":[{"name":"wp","href":"https:\/\/api.w.org\/{rel}","templated":true}]}}