{"id":36,"date":"2023-03-03T14:31:52","date_gmt":"2023-03-03T13:31:52","guid":{"rendered":"https:\/\/multi-mam.com\/hr\/?post_type=product&#038;p=36"},"modified":"2023-08-02T16:27:36","modified_gmt":"2023-08-02T14:27:36","slug":"multi-mam-lanolin","status":"publish","type":"product","link":"https:\/\/multi-mam.com\/hr\/proizvod\/multi-mam-lanolin\/","title":{"rendered":"Multi-Mam\u00ae Lanolin"},"content":{"rendered":"\n<div class=\"wp-block-karopharma-accordions is-style-secondary\"><div class=\"container\">\n<details class=\"wp-block-karopharma-accordion\"><summary><h2 class=\"accordion-title\">Je li potrebno ukloniti Multi-Mam Lanolin prije dojenja?<\/h2><\/summary><div class=\"accordion-content\">\n<p>Ne, ne\u0161kodljiv je kada se proguta i ima neutralan okus i miris. Posebno je preporu\u010dljivo da se lanolin nama\u017ee odmah nakon dojenja &#8211; ako se primjeni neposredno prije hranjenja, mo\u017ee vam ote\u017eati prijanjanje bebe pri dojenju.<\/p>\n<\/div><\/details>\n\n\n\n<details class=\"wp-block-karopharma-accordion\"><summary><h2 class=\"accordion-title\">Koliko \u010desto se koristi Multi-Mam Lanolin?<\/h2><\/summary><div class=\"accordion-content\">\n<p>Koliko god \u017eelite. Za optimalnu za\u0161titu, koristite Multi-Mam Lanolin najmanje dva puta dnevno.<\/p>\n<\/div><\/details>\n\n\n\n<details class=\"wp-block-karopharma-accordion\"><summary><h2 class=\"accordion-title\">Koji je najbolji na\u010din za primjenu Multi-Mam Lanolin?<\/h2><\/summary><div class=\"accordion-content\">\n<p>Razmek\u0161ajte malu koli\u010dinu Multi-Mam Lanolina izme\u0111u prstiju i nanesite na cijelu bradavicu. Lagano pritiskanje tube ili njezino zagrijavanje rukama vam mo\u017ee olak\u0161ati upotrebu.<\/p>\n<\/div><\/details>\n\n\n\n<details class=\"wp-block-karopharma-accordion\"><summary><h2 class=\"accordion-title\">Koja je razlika izme\u0111u proizvoda Multi-Mam Lanolin i Multi-Mam Protect?<\/h2><\/summary><div class=\"accordion-content\">\n<p>Multi-Mam Lanolin sadr\u017ei naj\u010di\u0161\u0107u prirodnu mast vune, lanolin za medicinsku namjenu. <\/p>\n<\/div><\/details>\n\n\n\n<details class=\"wp-block-karopharma-accordion\"><summary><h2 class=\"accordion-title\">Stalno patim od ispucanih bradavica, \u0161to je jako bolno. \u0160to mogu u\u010diniti?<\/h2><\/summary><div class=\"accordion-content\">\n<p>Najbolje rje\u0161enje je prvo koristiti Multi-Mam Komprese za tretiranje o\u0161te\u0107enja, koje poti\u010du zacjeljivanje. Da biste sprije\u010dili o\u0161te\u0107enja i omek\u0161ali ko\u017eu, mo\u017eete koristiti Multi-Mam Protect ili Multi-Mam Lanolin. Multi-Mam Protect je balzam koji oporavlja tkivo ko\u017ee. Temeljen na biljnim sastojcima, ima neutralan okus i bezopasan je kada se proguta, tako da mo\u017ee pru\u017eiti optimalnu za\u0161titu tijekom cijelog dana.<\/p>\n<\/div><\/details>\n\n\n\n<details class=\"wp-block-karopharma-accordion\"><summary><h2 class=\"accordion-title\">\u0160to uzrokuje probleme bradavica?<\/h2><\/summary><div class=\"accordion-content\">\n<p>Ve\u0107ina o\u0161te\u0107enja bradavica rezultat je lo\u0161eg polo\u017eaja dojen\u010deta prilikom dojenja. Va\u017eno je da se najosjetljiviji dio tkiva bradavice uvu\u010de duboko u usta dojen\u010deta. Kori\u0161tenje proizvoda koji umanjuju prirodnu za\u0161titu ko\u017ee, kao \u0161to su sapuni i \u0161amponi, tako\u0111er mo\u017ee uzrokovati probleme s bradavicama. Na kraju &#8211; infekcije, ekcem ili sklonost ka suhoj ko\u017ei su potencijalni uzroci problema sa bradavicama.<\/p>\n<\/div><\/details>\n<\/div><\/div>\n","protected":false},"excerpt":{"rendered":"<p>Njega bradavica dojilja<\/p>\n","protected":false},"featured_media":256,"comment_status":"closed","ping_status":"closed","template":"","meta":{"_acf_changed":false,"footnotes":""},"product_brand":[],"product_cat":[17],"product_tag":[],"class_list":{"0":"post-36","1":"product","2":"type-product","3":"status-publish","4":"has-post-thumbnail","6":"product_cat-dojenje","8":"first","9":"instock","10":"shipping-taxable","11":"product-type-simple"},"acf":[],"yoast_head":"<!-- This site is optimized with the Yoast SEO plugin v26.6 - https:\/\/yoast.com\/wordpress\/plugins\/seo\/ -->\n<title>Multi-Mam\u00ae Lanolin - Multi-Mam<\/title>\n<meta name=\"description\" content=\"Multi-Mam Lanolin je mast za njegu suhih i osjetljivih bradavica dojilja, prije i za vrijeme dojenja.\" \/>\n<meta name=\"robots\" content=\"index, follow, max-snippet:-1, max-image-preview:large, max-video-preview:-1\" \/>\n<link rel=\"canonical\" href=\"https:\/\/multi-mam.com\/hr\/proizvod\/multi-mam-lanolin\/\" \/>\n<meta property=\"og:locale\" content=\"hr_HR\" \/>\n<meta property=\"og:type\" content=\"article\" \/>\n<meta property=\"og:title\" content=\"Multi-Mam\u00ae Lanolin - Multi-Mam\" \/>\n<meta property=\"og:description\" content=\"Multi-Mam Lanolin je mast za njegu suhih i osjetljivih bradavica dojilja, prije i za vrijeme dojenja.\" \/>\n<meta property=\"og:url\" content=\"https:\/\/multi-mam.com\/hr\/proizvod\/multi-mam-lanolin\/\" \/>\n<meta property=\"og:site_name\" content=\"Multi-Mam\" \/>\n<meta property=\"article:modified_time\" content=\"2023-08-02T14:27:36+00:00\" \/>\n<meta property=\"og:image\" content=\"https:\/\/multi-mam.com\/app\/uploads\/sites\/23\/2023\/03\/Multi-Mam-Lanolin-2.png\" \/>\n\t<meta property=\"og:image:width\" content=\"800\" \/>\n\t<meta property=\"og:image:height\" content=\"800\" \/>\n\t<meta property=\"og:image:type\" content=\"image\/png\" \/>\n<meta name=\"twitter:card\" content=\"summary_large_image\" \/>\n<meta name=\"twitter:label1\" content=\"Est. reading time\" \/>\n\t<meta name=\"twitter:data1\" content=\"2 minutes\" \/>\n<script type=\"application\/ld+json\" class=\"yoast-schema-graph\">{\"@context\":\"https:\/\/schema.org\",\"@graph\":[{\"@type\":\"WebPage\",\"@id\":\"https:\/\/multi-mam.com\/hr\/proizvod\/multi-mam-lanolin\/\",\"url\":\"https:\/\/multi-mam.com\/hr\/proizvod\/multi-mam-lanolin\/\",\"name\":\"Multi-Mam\u00ae Lanolin - Multi-Mam\",\"isPartOf\":{\"@id\":\"https:\/\/multi-mam.com\/hr\/#website\"},\"primaryImageOfPage\":{\"@id\":\"https:\/\/multi-mam.com\/hr\/proizvod\/multi-mam-lanolin\/#primaryimage\"},\"image\":{\"@id\":\"https:\/\/multi-mam.com\/hr\/proizvod\/multi-mam-lanolin\/#primaryimage\"},\"thumbnailUrl\":\"https:\/\/multi-mam.com\/app\/uploads\/sites\/23\/2023\/03\/Multi-Mam-Lanolin-2.png\",\"datePublished\":\"2023-03-03T13:31:52+00:00\",\"dateModified\":\"2023-08-02T14:27:36+00:00\",\"description\":\"Multi-Mam Lanolin je mast za njegu suhih i osjetljivih bradavica dojilja, prije i za vrijeme dojenja.\",\"breadcrumb\":{\"@id\":\"https:\/\/multi-mam.com\/hr\/proizvod\/multi-mam-lanolin\/#breadcrumb\"},\"inLanguage\":\"hr-HR\",\"potentialAction\":[{\"@type\":\"ReadAction\",\"target\":[\"https:\/\/multi-mam.com\/hr\/proizvod\/multi-mam-lanolin\/\"]}]},{\"@type\":\"ImageObject\",\"inLanguage\":\"hr-HR\",\"@id\":\"https:\/\/multi-mam.com\/hr\/proizvod\/multi-mam-lanolin\/#primaryimage\",\"url\":\"https:\/\/multi-mam.com\/app\/uploads\/sites\/23\/2023\/03\/Multi-Mam-Lanolin-2.png\",\"contentUrl\":\"https:\/\/multi-mam.com\/app\/uploads\/sites\/23\/2023\/03\/Multi-Mam-Lanolin-2.png\",\"width\":800,\"height\":800,\"caption\":\"Multi-Mam Lanolin\"},{\"@type\":\"BreadcrumbList\",\"@id\":\"https:\/\/multi-mam.com\/hr\/proizvod\/multi-mam-lanolin\/#breadcrumb\",\"itemListElement\":[{\"@type\":\"ListItem\",\"position\":1,\"name\":\"Home\",\"item\":\"https:\/\/multi-mam.com\/hr\/\"},{\"@type\":\"ListItem\",\"position\":2,\"name\":\"Na\u0161i proizvodi\",\"item\":\"https:\/\/multi-mam.com\/hr\/nasi-proizvodi\/\"},{\"@type\":\"ListItem\",\"position\":3,\"name\":\"Multi-Mam\u00ae Lanolin\"}]},{\"@type\":\"WebSite\",\"@id\":\"https:\/\/multi-mam.com\/hr\/#website\",\"url\":\"https:\/\/multi-mam.com\/hr\/\",\"name\":\"Multi-Mam\",\"description\":\"\",\"publisher\":{\"@id\":\"https:\/\/multi-mam.com\/hr\/#organization\"},\"potentialAction\":[{\"@type\":\"SearchAction\",\"target\":{\"@type\":\"EntryPoint\",\"urlTemplate\":\"https:\/\/multi-mam.com\/hr\/?s={search_term_string}\"},\"query-input\":{\"@type\":\"PropertyValueSpecification\",\"valueRequired\":true,\"valueName\":\"search_term_string\"}}],\"inLanguage\":\"hr-HR\"},{\"@type\":\"Organization\",\"@id\":\"https:\/\/multi-mam.com\/hr\/#organization\",\"name\":\"Multi-Mam\",\"url\":\"https:\/\/multi-mam.com\/hr\/\",\"logo\":{\"@type\":\"ImageObject\",\"inLanguage\":\"hr-HR\",\"@id\":\"https:\/\/multi-mam.com\/hr\/#\/schema\/logo\/image\/\",\"url\":\"https:\/\/multi-mam.com\/app\/uploads\/sites\/23\/2023\/03\/multi-mam-logotype.png\",\"contentUrl\":\"https:\/\/multi-mam.com\/app\/uploads\/sites\/23\/2023\/03\/multi-mam-logotype.png\",\"width\":70,\"height\":96,\"caption\":\"Multi-Mam\"},\"image\":{\"@id\":\"https:\/\/multi-mam.com\/hr\/#\/schema\/logo\/image\/\"}}]}<\/script>\n<!-- \/ Yoast SEO plugin. -->","yoast_head_json":{"title":"Multi-Mam\u00ae Lanolin - Multi-Mam","description":"Multi-Mam Lanolin je mast za njegu suhih i osjetljivih bradavica dojilja, prije i za vrijeme dojenja.","robots":{"index":"index","follow":"follow","max-snippet":"max-snippet:-1","max-image-preview":"max-image-preview:large","max-video-preview":"max-video-preview:-1"},"canonical":"https:\/\/multi-mam.com\/hr\/proizvod\/multi-mam-lanolin\/","og_locale":"hr_HR","og_type":"article","og_title":"Multi-Mam\u00ae Lanolin - Multi-Mam","og_description":"Multi-Mam Lanolin je mast za njegu suhih i osjetljivih bradavica dojilja, prije i za vrijeme dojenja.","og_url":"https:\/\/multi-mam.com\/hr\/proizvod\/multi-mam-lanolin\/","og_site_name":"Multi-Mam","article_modified_time":"2023-08-02T14:27:36+00:00","og_image":[{"width":800,"height":800,"url":"https:\/\/multi-mam.com\/app\/uploads\/sites\/23\/2023\/03\/Multi-Mam-Lanolin-2.png","type":"image\/png"}],"twitter_card":"summary_large_image","twitter_misc":{"Est. reading time":"2 minutes"},"schema":{"@context":"https:\/\/schema.org","@graph":[{"@type":"WebPage","@id":"https:\/\/multi-mam.com\/hr\/proizvod\/multi-mam-lanolin\/","url":"https:\/\/multi-mam.com\/hr\/proizvod\/multi-mam-lanolin\/","name":"Multi-Mam\u00ae Lanolin - Multi-Mam","isPartOf":{"@id":"https:\/\/multi-mam.com\/hr\/#website"},"primaryImageOfPage":{"@id":"https:\/\/multi-mam.com\/hr\/proizvod\/multi-mam-lanolin\/#primaryimage"},"image":{"@id":"https:\/\/multi-mam.com\/hr\/proizvod\/multi-mam-lanolin\/#primaryimage"},"thumbnailUrl":"https:\/\/multi-mam.com\/app\/uploads\/sites\/23\/2023\/03\/Multi-Mam-Lanolin-2.png","datePublished":"2023-03-03T13:31:52+00:00","dateModified":"2023-08-02T14:27:36+00:00","description":"Multi-Mam Lanolin je mast za njegu suhih i osjetljivih bradavica dojilja, prije i za vrijeme dojenja.","breadcrumb":{"@id":"https:\/\/multi-mam.com\/hr\/proizvod\/multi-mam-lanolin\/#breadcrumb"},"inLanguage":"hr-HR","potentialAction":[{"@type":"ReadAction","target":["https:\/\/multi-mam.com\/hr\/proizvod\/multi-mam-lanolin\/"]}]},{"@type":"ImageObject","inLanguage":"hr-HR","@id":"https:\/\/multi-mam.com\/hr\/proizvod\/multi-mam-lanolin\/#primaryimage","url":"https:\/\/multi-mam.com\/app\/uploads\/sites\/23\/2023\/03\/Multi-Mam-Lanolin-2.png","contentUrl":"https:\/\/multi-mam.com\/app\/uploads\/sites\/23\/2023\/03\/Multi-Mam-Lanolin-2.png","width":800,"height":800,"caption":"Multi-Mam Lanolin"},{"@type":"BreadcrumbList","@id":"https:\/\/multi-mam.com\/hr\/proizvod\/multi-mam-lanolin\/#breadcrumb","itemListElement":[{"@type":"ListItem","position":1,"name":"Home","item":"https:\/\/multi-mam.com\/hr\/"},{"@type":"ListItem","position":2,"name":"Na\u0161i proizvodi","item":"https:\/\/multi-mam.com\/hr\/nasi-proizvodi\/"},{"@type":"ListItem","position":3,"name":"Multi-Mam\u00ae Lanolin"}]},{"@type":"WebSite","@id":"https:\/\/multi-mam.com\/hr\/#website","url":"https:\/\/multi-mam.com\/hr\/","name":"Multi-Mam","description":"","publisher":{"@id":"https:\/\/multi-mam.com\/hr\/#organization"},"potentialAction":[{"@type":"SearchAction","target":{"@type":"EntryPoint","urlTemplate":"https:\/\/multi-mam.com\/hr\/?s={search_term_string}"},"query-input":{"@type":"PropertyValueSpecification","valueRequired":true,"valueName":"search_term_string"}}],"inLanguage":"hr-HR"},{"@type":"Organization","@id":"https:\/\/multi-mam.com\/hr\/#organization","name":"Multi-Mam","url":"https:\/\/multi-mam.com\/hr\/","logo":{"@type":"ImageObject","inLanguage":"hr-HR","@id":"https:\/\/multi-mam.com\/hr\/#\/schema\/logo\/image\/","url":"https:\/\/multi-mam.com\/app\/uploads\/sites\/23\/2023\/03\/multi-mam-logotype.png","contentUrl":"https:\/\/multi-mam.com\/app\/uploads\/sites\/23\/2023\/03\/multi-mam-logotype.png","width":70,"height":96,"caption":"Multi-Mam"},"image":{"@id":"https:\/\/multi-mam.com\/hr\/#\/schema\/logo\/image\/"}}]}},"_links":{"self":[{"href":"https:\/\/multi-mam.com\/hr\/wp-json\/wp\/v2\/product\/36","targetHints":{"allow":["GET"]}}],"collection":[{"href":"https:\/\/multi-mam.com\/hr\/wp-json\/wp\/v2\/product"}],"about":[{"href":"https:\/\/multi-mam.com\/hr\/wp-json\/wp\/v2\/types\/product"}],"replies":[{"embeddable":true,"href":"https:\/\/multi-mam.com\/hr\/wp-json\/wp\/v2\/comments?post=36"}],"version-history":[{"count":10,"href":"https:\/\/multi-mam.com\/hr\/wp-json\/wp\/v2\/product\/36\/revisions"}],"predecessor-version":[{"id":269,"href":"https:\/\/multi-mam.com\/hr\/wp-json\/wp\/v2\/product\/36\/revisions\/269"}],"wp:featuredmedia":[{"embeddable":true,"href":"https:\/\/multi-mam.com\/hr\/wp-json\/wp\/v2\/media\/256"}],"wp:attachment":[{"href":"https:\/\/multi-mam.com\/hr\/wp-json\/wp\/v2\/media?parent=36"}],"wp:term":[{"taxonomy":"product_brand","embeddable":true,"href":"https:\/\/multi-mam.com\/hr\/wp-json\/wp\/v2\/product_brand?post=36"},{"taxonomy":"product_cat","embeddable":true,"href":"https:\/\/multi-mam.com\/hr\/wp-json\/wp\/v2\/product_cat?post=36"},{"taxonomy":"product_tag","embeddable":true,"href":"https:\/\/multi-mam.com\/hr\/wp-json\/wp\/v2\/product_tag?post=36"}],"curies":[{"name":"wp","href":"https:\/\/api.w.org\/{rel}","templated":true}]}}