{"id":29,"date":"2023-03-03T14:22:31","date_gmt":"2023-03-03T13:22:31","guid":{"rendered":"https:\/\/multi-mam.com\/hr\/?post_type=product&#038;p=29"},"modified":"2023-08-02T16:27:38","modified_gmt":"2023-08-02T14:27:38","slug":"multi-mam-komprese","status":"publish","type":"product","link":"https:\/\/multi-mam.com\/hr\/proizvod\/multi-mam-komprese\/","title":{"rendered":"Multi-Mam\u00ae Komprese"},"content":{"rendered":"\n<div class=\"wp-block-karopharma-accordions is-style-secondary\"><div class=\"container\">\n<details class=\"wp-block-karopharma-accordion\"><summary><h2 class=\"accordion-title\">Kada trebam koristiti Multi-Mam kompresu, prije ili poslije dojenja?<\/h2><\/summary><div class=\"accordion-content\">\n<p>Preporu\u010dujemo da koristite Multi-Mam kompresu neposredno nakon dojenja &#8211; ako je koristite neposredno prije dojenja, vlaga mo\u017ee ote\u017eati djetetovo obuhva\u0107anje bradavice.<\/p>\n<\/div><\/details>\n\n\n\n<details class=\"wp-block-karopharma-accordion\"><summary><h2 class=\"accordion-title\">Koliko dugo trebam dr\u017eati Multi-Mam kompresu na dojci?<\/h2><\/summary><div class=\"accordion-content\">\n<p>U idealnom slu\u010daju 30 minuta; ali najmanje 10 minuta, a najvi\u0161e sat vremena.<\/p>\n<\/div><\/details>\n\n\n\n<details class=\"wp-block-karopharma-accordion\"><summary><h2 class=\"accordion-title\">Koliko puta mogu koristiti istu Multi-Mam kompresu?<\/h2><\/summary><div class=\"accordion-content\">\n<p>Svaka kompresa namijenjena je samo za jednu uporabu. Nakon upotrebe potrebno ju je baciti iz higijenskih razloga.<\/p>\n<\/div><\/details>\n\n\n\n<details class=\"wp-block-karopharma-accordion\"><summary><h2 class=\"accordion-title\">Ako moja beba proguta malo gela s Multi-Mam kompresa, mo\u017ee li joj to na\u0161koditi?<\/h2><\/summary><div class=\"accordion-content\">\n<p>Ne, gel je siguran za va\u0161u bebu. Ne trebate ukloniti vi\u0161ak gela prije dojenja.<\/p>\n<\/div><\/details>\n<\/div><\/div>\n","protected":false},"excerpt":{"rendered":"<p>Intenzivna njega bradavica kod dojilja<\/p>\n","protected":false},"featured_media":271,"comment_status":"closed","ping_status":"closed","template":"","meta":{"_acf_changed":false,"footnotes":""},"product_brand":[],"product_cat":[17],"product_tag":[],"class_list":{"0":"post-29","1":"product","2":"type-product","3":"status-publish","4":"has-post-thumbnail","6":"product_cat-dojenje","8":"first","9":"instock","10":"shipping-taxable","11":"product-type-simple"},"acf":[],"yoast_head":"<!-- This site is optimized with the Yoast SEO plugin v26.6 - https:\/\/yoast.com\/wordpress\/plugins\/seo\/ -->\n<title>Multi-Mam\u00ae Komprese - Multi-Mam<\/title>\n<meta name=\"description\" content=\"Multi-Mam komprese lije\u010de probleme nelagode tijekom dojenja kao \u0161to su bol, oticanje i osjetljivost bradavica, uz izravni u\u010dinak umirivanja i hla\u0111enja.\" \/>\n<meta name=\"robots\" content=\"index, follow, max-snippet:-1, max-image-preview:large, max-video-preview:-1\" \/>\n<link rel=\"canonical\" href=\"https:\/\/multi-mam.com\/hr\/proizvod\/multi-mam-komprese\/\" \/>\n<meta property=\"og:locale\" content=\"hr_HR\" \/>\n<meta property=\"og:type\" content=\"article\" \/>\n<meta property=\"og:title\" content=\"Multi-Mam\u00ae Komprese - Multi-Mam\" \/>\n<meta property=\"og:description\" content=\"Multi-Mam komprese lije\u010de probleme nelagode tijekom dojenja kao \u0161to su bol, oticanje i osjetljivost bradavica, uz izravni u\u010dinak umirivanja i hla\u0111enja.\" \/>\n<meta property=\"og:url\" content=\"https:\/\/multi-mam.com\/hr\/proizvod\/multi-mam-komprese\/\" \/>\n<meta property=\"og:site_name\" content=\"Multi-Mam\" \/>\n<meta property=\"article:modified_time\" content=\"2023-08-02T14:27:38+00:00\" \/>\n<meta property=\"og:image\" content=\"https:\/\/multi-mam.com\/app\/uploads\/sites\/23\/2023\/03\/MultiMam_Compresses.png\" \/>\n\t<meta property=\"og:image:width\" content=\"800\" \/>\n\t<meta property=\"og:image:height\" content=\"800\" \/>\n\t<meta property=\"og:image:type\" content=\"image\/png\" \/>\n<meta name=\"twitter:card\" content=\"summary_large_image\" \/>\n<meta name=\"twitter:label1\" content=\"Est. reading time\" \/>\n\t<meta name=\"twitter:data1\" content=\"1 minute\" \/>\n<script type=\"application\/ld+json\" class=\"yoast-schema-graph\">{\"@context\":\"https:\/\/schema.org\",\"@graph\":[{\"@type\":\"WebPage\",\"@id\":\"https:\/\/multi-mam.com\/hr\/proizvod\/multi-mam-komprese\/\",\"url\":\"https:\/\/multi-mam.com\/hr\/proizvod\/multi-mam-komprese\/\",\"name\":\"Multi-Mam\u00ae Komprese - Multi-Mam\",\"isPartOf\":{\"@id\":\"https:\/\/multi-mam.com\/hr\/#website\"},\"primaryImageOfPage\":{\"@id\":\"https:\/\/multi-mam.com\/hr\/proizvod\/multi-mam-komprese\/#primaryimage\"},\"image\":{\"@id\":\"https:\/\/multi-mam.com\/hr\/proizvod\/multi-mam-komprese\/#primaryimage\"},\"thumbnailUrl\":\"https:\/\/multi-mam.com\/app\/uploads\/sites\/23\/2023\/03\/MultiMam_Compresses.png\",\"datePublished\":\"2023-03-03T13:22:31+00:00\",\"dateModified\":\"2023-08-02T14:27:38+00:00\",\"description\":\"Multi-Mam komprese lije\u010de probleme nelagode tijekom dojenja kao \u0161to su bol, oticanje i osjetljivost bradavica, uz izravni u\u010dinak umirivanja i hla\u0111enja.\",\"breadcrumb\":{\"@id\":\"https:\/\/multi-mam.com\/hr\/proizvod\/multi-mam-komprese\/#breadcrumb\"},\"inLanguage\":\"hr-HR\",\"potentialAction\":[{\"@type\":\"ReadAction\",\"target\":[\"https:\/\/multi-mam.com\/hr\/proizvod\/multi-mam-komprese\/\"]}]},{\"@type\":\"ImageObject\",\"inLanguage\":\"hr-HR\",\"@id\":\"https:\/\/multi-mam.com\/hr\/proizvod\/multi-mam-komprese\/#primaryimage\",\"url\":\"https:\/\/multi-mam.com\/app\/uploads\/sites\/23\/2023\/03\/MultiMam_Compresses.png\",\"contentUrl\":\"https:\/\/multi-mam.com\/app\/uploads\/sites\/23\/2023\/03\/MultiMam_Compresses.png\",\"width\":800,\"height\":800,\"caption\":\"Multi-Mam Komprese\"},{\"@type\":\"BreadcrumbList\",\"@id\":\"https:\/\/multi-mam.com\/hr\/proizvod\/multi-mam-komprese\/#breadcrumb\",\"itemListElement\":[{\"@type\":\"ListItem\",\"position\":1,\"name\":\"Home\",\"item\":\"https:\/\/multi-mam.com\/hr\/\"},{\"@type\":\"ListItem\",\"position\":2,\"name\":\"Na\u0161i proizvodi\",\"item\":\"https:\/\/multi-mam.com\/hr\/nasi-proizvodi\/\"},{\"@type\":\"ListItem\",\"position\":3,\"name\":\"Multi-Mam\u00ae Komprese\"}]},{\"@type\":\"WebSite\",\"@id\":\"https:\/\/multi-mam.com\/hr\/#website\",\"url\":\"https:\/\/multi-mam.com\/hr\/\",\"name\":\"Multi-Mam\",\"description\":\"\",\"publisher\":{\"@id\":\"https:\/\/multi-mam.com\/hr\/#organization\"},\"potentialAction\":[{\"@type\":\"SearchAction\",\"target\":{\"@type\":\"EntryPoint\",\"urlTemplate\":\"https:\/\/multi-mam.com\/hr\/?s={search_term_string}\"},\"query-input\":{\"@type\":\"PropertyValueSpecification\",\"valueRequired\":true,\"valueName\":\"search_term_string\"}}],\"inLanguage\":\"hr-HR\"},{\"@type\":\"Organization\",\"@id\":\"https:\/\/multi-mam.com\/hr\/#organization\",\"name\":\"Multi-Mam\",\"url\":\"https:\/\/multi-mam.com\/hr\/\",\"logo\":{\"@type\":\"ImageObject\",\"inLanguage\":\"hr-HR\",\"@id\":\"https:\/\/multi-mam.com\/hr\/#\/schema\/logo\/image\/\",\"url\":\"https:\/\/multi-mam.com\/app\/uploads\/sites\/23\/2023\/03\/multi-mam-logotype.png\",\"contentUrl\":\"https:\/\/multi-mam.com\/app\/uploads\/sites\/23\/2023\/03\/multi-mam-logotype.png\",\"width\":70,\"height\":96,\"caption\":\"Multi-Mam\"},\"image\":{\"@id\":\"https:\/\/multi-mam.com\/hr\/#\/schema\/logo\/image\/\"}}]}<\/script>\n<!-- \/ Yoast SEO plugin. -->","yoast_head_json":{"title":"Multi-Mam\u00ae Komprese - Multi-Mam","description":"Multi-Mam komprese lije\u010de probleme nelagode tijekom dojenja kao \u0161to su bol, oticanje i osjetljivost bradavica, uz izravni u\u010dinak umirivanja i hla\u0111enja.","robots":{"index":"index","follow":"follow","max-snippet":"max-snippet:-1","max-image-preview":"max-image-preview:large","max-video-preview":"max-video-preview:-1"},"canonical":"https:\/\/multi-mam.com\/hr\/proizvod\/multi-mam-komprese\/","og_locale":"hr_HR","og_type":"article","og_title":"Multi-Mam\u00ae Komprese - Multi-Mam","og_description":"Multi-Mam komprese lije\u010de probleme nelagode tijekom dojenja kao \u0161to su bol, oticanje i osjetljivost bradavica, uz izravni u\u010dinak umirivanja i hla\u0111enja.","og_url":"https:\/\/multi-mam.com\/hr\/proizvod\/multi-mam-komprese\/","og_site_name":"Multi-Mam","article_modified_time":"2023-08-02T14:27:38+00:00","og_image":[{"width":800,"height":800,"url":"https:\/\/multi-mam.com\/app\/uploads\/sites\/23\/2023\/03\/MultiMam_Compresses.png","type":"image\/png"}],"twitter_card":"summary_large_image","twitter_misc":{"Est. reading time":"1 minute"},"schema":{"@context":"https:\/\/schema.org","@graph":[{"@type":"WebPage","@id":"https:\/\/multi-mam.com\/hr\/proizvod\/multi-mam-komprese\/","url":"https:\/\/multi-mam.com\/hr\/proizvod\/multi-mam-komprese\/","name":"Multi-Mam\u00ae Komprese - Multi-Mam","isPartOf":{"@id":"https:\/\/multi-mam.com\/hr\/#website"},"primaryImageOfPage":{"@id":"https:\/\/multi-mam.com\/hr\/proizvod\/multi-mam-komprese\/#primaryimage"},"image":{"@id":"https:\/\/multi-mam.com\/hr\/proizvod\/multi-mam-komprese\/#primaryimage"},"thumbnailUrl":"https:\/\/multi-mam.com\/app\/uploads\/sites\/23\/2023\/03\/MultiMam_Compresses.png","datePublished":"2023-03-03T13:22:31+00:00","dateModified":"2023-08-02T14:27:38+00:00","description":"Multi-Mam komprese lije\u010de probleme nelagode tijekom dojenja kao \u0161to su bol, oticanje i osjetljivost bradavica, uz izravni u\u010dinak umirivanja i hla\u0111enja.","breadcrumb":{"@id":"https:\/\/multi-mam.com\/hr\/proizvod\/multi-mam-komprese\/#breadcrumb"},"inLanguage":"hr-HR","potentialAction":[{"@type":"ReadAction","target":["https:\/\/multi-mam.com\/hr\/proizvod\/multi-mam-komprese\/"]}]},{"@type":"ImageObject","inLanguage":"hr-HR","@id":"https:\/\/multi-mam.com\/hr\/proizvod\/multi-mam-komprese\/#primaryimage","url":"https:\/\/multi-mam.com\/app\/uploads\/sites\/23\/2023\/03\/MultiMam_Compresses.png","contentUrl":"https:\/\/multi-mam.com\/app\/uploads\/sites\/23\/2023\/03\/MultiMam_Compresses.png","width":800,"height":800,"caption":"Multi-Mam Komprese"},{"@type":"BreadcrumbList","@id":"https:\/\/multi-mam.com\/hr\/proizvod\/multi-mam-komprese\/#breadcrumb","itemListElement":[{"@type":"ListItem","position":1,"name":"Home","item":"https:\/\/multi-mam.com\/hr\/"},{"@type":"ListItem","position":2,"name":"Na\u0161i proizvodi","item":"https:\/\/multi-mam.com\/hr\/nasi-proizvodi\/"},{"@type":"ListItem","position":3,"name":"Multi-Mam\u00ae Komprese"}]},{"@type":"WebSite","@id":"https:\/\/multi-mam.com\/hr\/#website","url":"https:\/\/multi-mam.com\/hr\/","name":"Multi-Mam","description":"","publisher":{"@id":"https:\/\/multi-mam.com\/hr\/#organization"},"potentialAction":[{"@type":"SearchAction","target":{"@type":"EntryPoint","urlTemplate":"https:\/\/multi-mam.com\/hr\/?s={search_term_string}"},"query-input":{"@type":"PropertyValueSpecification","valueRequired":true,"valueName":"search_term_string"}}],"inLanguage":"hr-HR"},{"@type":"Organization","@id":"https:\/\/multi-mam.com\/hr\/#organization","name":"Multi-Mam","url":"https:\/\/multi-mam.com\/hr\/","logo":{"@type":"ImageObject","inLanguage":"hr-HR","@id":"https:\/\/multi-mam.com\/hr\/#\/schema\/logo\/image\/","url":"https:\/\/multi-mam.com\/app\/uploads\/sites\/23\/2023\/03\/multi-mam-logotype.png","contentUrl":"https:\/\/multi-mam.com\/app\/uploads\/sites\/23\/2023\/03\/multi-mam-logotype.png","width":70,"height":96,"caption":"Multi-Mam"},"image":{"@id":"https:\/\/multi-mam.com\/hr\/#\/schema\/logo\/image\/"}}]}},"_links":{"self":[{"href":"https:\/\/multi-mam.com\/hr\/wp-json\/wp\/v2\/product\/29","targetHints":{"allow":["GET"]}}],"collection":[{"href":"https:\/\/multi-mam.com\/hr\/wp-json\/wp\/v2\/product"}],"about":[{"href":"https:\/\/multi-mam.com\/hr\/wp-json\/wp\/v2\/types\/product"}],"replies":[{"embeddable":true,"href":"https:\/\/multi-mam.com\/hr\/wp-json\/wp\/v2\/comments?post=29"}],"version-history":[{"count":10,"href":"https:\/\/multi-mam.com\/hr\/wp-json\/wp\/v2\/product\/29\/revisions"}],"predecessor-version":[{"id":289,"href":"https:\/\/multi-mam.com\/hr\/wp-json\/wp\/v2\/product\/29\/revisions\/289"}],"wp:featuredmedia":[{"embeddable":true,"href":"https:\/\/multi-mam.com\/hr\/wp-json\/wp\/v2\/media\/271"}],"wp:attachment":[{"href":"https:\/\/multi-mam.com\/hr\/wp-json\/wp\/v2\/media?parent=29"}],"wp:term":[{"taxonomy":"product_brand","embeddable":true,"href":"https:\/\/multi-mam.com\/hr\/wp-json\/wp\/v2\/product_brand?post=29"},{"taxonomy":"product_cat","embeddable":true,"href":"https:\/\/multi-mam.com\/hr\/wp-json\/wp\/v2\/product_cat?post=29"},{"taxonomy":"product_tag","embeddable":true,"href":"https:\/\/multi-mam.com\/hr\/wp-json\/wp\/v2\/product_tag?post=29"}],"curies":[{"name":"wp","href":"https:\/\/api.w.org\/{rel}","templated":true}]}}