{"id":75,"date":"2023-03-06T15:09:29","date_gmt":"2023-03-06T14:09:29","guid":{"rendered":"https:\/\/multi-mam.com\/hr\/?page_id=75"},"modified":"2023-08-02T16:27:30","modified_gmt":"2023-08-02T14:27:30","slug":"cesta-pitanja","status":"publish","type":"page","link":"https:\/\/multi-mam.com\/hr\/cesta-pitanja\/","title":{"rendered":"\u010cesta pitanja"},"content":{"rendered":"\n<div class=\"wp-block-karopharma-background-image-with-text-v2 background-image-with-text-v2 undefined content-position-center fixed-height-layout\" datatest=\"root\"><div class=\"background-image-with-text-wrapper\"><picture class=\"background-image-with-text-image\"><source media=\"(max-width: 560px)\" srcset=\"https:\/\/multi-mam.com\/cdn-cgi\/image\/format=auto,width=560\/app\/uploads\/sites\/23\/2023\/03\/faq.jpeg\"\/><source media=\"(max-width: 800px)\" srcset=\"https:\/\/multi-mam.com\/cdn-cgi\/image\/format=auto,width=800\/app\/uploads\/sites\/23\/2023\/03\/faq.jpeg\"\/><source media=\"(max-width: 1920px)\" srcset=\"https:\/\/multi-mam.com\/cdn-cgi\/image\/format=auto,width=1920\/app\/uploads\/sites\/23\/2023\/03\/faq.jpeg\"\/><img decoding=\"async\" width=\"1400\" height=\"933\" datatest=\"background-image\" loading=\"lazy\" class=\"object-center object-cover\" src=\"https:\/\/multi-mam.com\/cdn-cgi\/image\/format=auto\/app\/uploads\/sites\/23\/2023\/03\/faq.jpeg\" alt=\"\u010cesta pitanja\"\/><\/picture><div datatest=\"content-wrapper\" class=\"background-image-with-text-content-wrapper container max-w-medium text-alignment-center  pt-large pb-large\"><div class=\"content\"><h1 datatest=\"heading\" class=\"\">\u010cesta pitanja<\/h1>\n<div class=\"wp-block-buttons is-layout-flex wp-block-buttons-is-layout-flex\"><\/div>\n<\/div><\/div><\/div><\/div>\n\n\n\n<div class=\"wp-block-karopharma-accordions\"><div class=\"container\">\n<details class=\"wp-block-karopharma-accordion\"><summary><h2 class=\"accordion-title\">Stalno imam ispucale bradavice, \u0161to je jako bolno. \u0160to mogu u\u010diniti?<\/h2><\/summary><div class=\"accordion-content\">\n<p>Koristite kremu koja omek\u0161ava i obnavlja tkivo ko\u017ee i koju nije potrebno ukloniti prije dojenja. Tako\u0111er mo\u017eete isprobati i Multi-Mam komprese za nadra\u017eene bradavice.<\/p>\n<\/div><\/details>\n\n\n\n<details class=\"wp-block-karopharma-accordion\"><summary><h2 class=\"accordion-title\">\u0160to uzrokuje probleme s bradavicama?<\/h2><\/summary><div class=\"accordion-content\">\n<p>Ve\u0107ina ozljeda bradavice rezultat je lo\u0161eg obuhvata bradavice; va\u017eno je da beba povu\u010de najosjetljiviji dio tkiva bradavice duboko u svoja usta. Uporaba proizvoda koji smanjuju prirodnu za\u0161titu ko\u017ee, kao \u0161to su sapuni i \u0161amponi, tako\u0111er mo\u017ee uzrokovati ispucale bradavice. I na kraju, i gljivi\u010dne infekcije, ekcem ili sklonost suhoj ko\u017ei mogu biti uzroci problema s bradavicama.<\/p>\n<\/div><\/details>\n\n\n\n<details class=\"wp-block-karopharma-accordion\"><summary><h2 class=\"accordion-title\">Kako mogu koristiti Multi-Mam komprese?<\/h2><\/summary><div class=\"accordion-content\">\n<p>Otvorite vre\u0107icu, rasklopite kompresu i postavite stranu impregniranu gelom na nadra\u017eenu bradavicu. Ostavite kompresu na bradavici koliko god vam je potrebno. Ispod pogledajte preporu\u010deno trajanje.<\/p>\n<\/div><\/details>\n\n\n\n<details class=\"wp-block-karopharma-accordion\"><summary><h2 class=\"accordion-title\">Kada trebam koristiti Multi-Mam kompresu, prije ili poslije dojenja?<\/h2><\/summary><div class=\"accordion-content\">\n<p>Preporu\u010dujemo da koristite Multi-Mam kompresu neposredno nakon dojenja &#8211; ako je koristite neposredno prije dojenja, vlaga mo\u017ee ote\u017eati djetetovo prihva\u0107anje za bradavicu.<\/p>\n<\/div><\/details>\n\n\n\n<details class=\"wp-block-karopharma-accordion\"><summary><h2 class=\"accordion-title\">Koliko dugo trebam dr\u017eati Multi-Mam kompresu na dojci?<\/h2><\/summary><div class=\"accordion-content\">\n<p>U idealnom slu\u010daju 30 minuta; ali najmanje 10 minuta, a najvi\u0161e sat vremena.<\/p>\n<\/div><\/details>\n\n\n\n<details class=\"wp-block-karopharma-accordion\"><summary><h2 class=\"accordion-title\">Koliko puta mogu koristiti istu Multi-Mam kompresu?<\/h2><\/summary><div class=\"accordion-content\">\n<p>Svaka kompresa namijenjena je samo za jednu uporabu. Nakon upotrebe potrebno ju je baciti iz higijenskih razloga.<\/p>\n<\/div><\/details>\n\n\n\n<details class=\"wp-block-karopharma-accordion\"><summary><h2 class=\"accordion-title\">Ako moja beba proguta malo gela s Multi-Mam kompresa, mo\u017ee li joj to na\u0161koditi?<\/h2><\/summary><div class=\"accordion-content\">\n<p>Ne, gel je siguran za va\u0161u bebu. Ne trebate ukloniti vi\u0161ak gela prije dojenja.<\/p>\n<\/div><\/details>\n<\/div><\/div>\n","protected":false},"excerpt":{"rendered":"","protected":false},"author":2,"featured_media":0,"parent":0,"menu_order":0,"comment_status":"closed","ping_status":"closed","template":"","meta":{"_acf_changed":false,"footnotes":""},"from-article-database":[],"class_list":["post-75","page","type-page","status-publish","hentry"],"acf":[],"yoast_head":"<!-- This site is optimized with the Yoast SEO plugin v26.6 - https:\/\/yoast.com\/wordpress\/plugins\/seo\/ -->\n<title>\u010cesta pitanja - Multi-Mam<\/title>\n<meta name=\"description\" content=\"\u010cesta pitanja: Stalno imam ispucale bradavice, \u0161to je jako bolno. \u0160to mogu u\u010diniti? \u0160to uzrokuje probleme s bradavicama?\" \/>\n<meta name=\"robots\" content=\"index, follow, max-snippet:-1, max-image-preview:large, max-video-preview:-1\" \/>\n<link rel=\"canonical\" href=\"https:\/\/multi-mam.com\/hr\/cesta-pitanja\/\" \/>\n<meta property=\"og:locale\" content=\"hr_HR\" \/>\n<meta property=\"og:type\" content=\"article\" \/>\n<meta property=\"og:title\" content=\"\u010cesta pitanja - Multi-Mam\" \/>\n<meta property=\"og:description\" content=\"\u010cesta pitanja: Stalno imam ispucale bradavice, \u0161to je jako bolno. \u0160to mogu u\u010diniti? \u0160to uzrokuje probleme s bradavicama?\" \/>\n<meta property=\"og:url\" content=\"https:\/\/multi-mam.com\/hr\/cesta-pitanja\/\" \/>\n<meta property=\"og:site_name\" content=\"Multi-Mam\" \/>\n<meta property=\"article:modified_time\" content=\"2023-08-02T14:27:30+00:00\" \/>\n<meta property=\"og:image\" content=\"https:\/\/multi-mam.com\/cdn-cgi\/image\/format=auto\/app\/uploads\/sites\/23\/2023\/03\/faq.jpeg\" \/>\n<meta name=\"twitter:card\" content=\"summary_large_image\" \/>\n<meta name=\"twitter:label1\" content=\"Est. reading time\" \/>\n\t<meta name=\"twitter:data1\" content=\"2 minutes\" \/>\n<script type=\"application\/ld+json\" class=\"yoast-schema-graph\">{\"@context\":\"https:\/\/schema.org\",\"@graph\":[{\"@type\":\"WebPage\",\"@id\":\"https:\/\/multi-mam.com\/hr\/cesta-pitanja\/\",\"url\":\"https:\/\/multi-mam.com\/hr\/cesta-pitanja\/\",\"name\":\"\u010cesta pitanja - Multi-Mam\",\"isPartOf\":{\"@id\":\"https:\/\/multi-mam.com\/hr\/#website\"},\"primaryImageOfPage\":{\"@id\":\"https:\/\/multi-mam.com\/hr\/cesta-pitanja\/#primaryimage\"},\"image\":{\"@id\":\"https:\/\/multi-mam.com\/hr\/cesta-pitanja\/#primaryimage\"},\"thumbnailUrl\":\"https:\/\/multi-mam.com\/cdn-cgi\/image\/format=auto\/app\/uploads\/sites\/23\/2023\/03\/faq.jpeg\",\"datePublished\":\"2023-03-06T14:09:29+00:00\",\"dateModified\":\"2023-08-02T14:27:30+00:00\",\"description\":\"\u010cesta pitanja: Stalno imam ispucale bradavice, \u0161to je jako bolno. \u0160to mogu u\u010diniti? \u0160to uzrokuje probleme s bradavicama?\",\"breadcrumb\":{\"@id\":\"https:\/\/multi-mam.com\/hr\/cesta-pitanja\/#breadcrumb\"},\"inLanguage\":\"hr-HR\",\"potentialAction\":[{\"@type\":\"ReadAction\",\"target\":[\"https:\/\/multi-mam.com\/hr\/cesta-pitanja\/\"]}]},{\"@type\":\"ImageObject\",\"inLanguage\":\"hr-HR\",\"@id\":\"https:\/\/multi-mam.com\/hr\/cesta-pitanja\/#primaryimage\",\"url\":\"https:\/\/multi-mam.com\/cdn-cgi\/image\/format=auto\/app\/uploads\/sites\/23\/2023\/03\/faq.jpeg\",\"contentUrl\":\"https:\/\/multi-mam.com\/cdn-cgi\/image\/format=auto\/app\/uploads\/sites\/23\/2023\/03\/faq.jpeg\"},{\"@type\":\"BreadcrumbList\",\"@id\":\"https:\/\/multi-mam.com\/hr\/cesta-pitanja\/#breadcrumb\",\"itemListElement\":[{\"@type\":\"ListItem\",\"position\":1,\"name\":\"Home\",\"item\":\"https:\/\/multi-mam.com\/hr\/\"},{\"@type\":\"ListItem\",\"position\":2,\"name\":\"\u010cesta pitanja\"}]},{\"@type\":\"WebSite\",\"@id\":\"https:\/\/multi-mam.com\/hr\/#website\",\"url\":\"https:\/\/multi-mam.com\/hr\/\",\"name\":\"Multi-Mam\",\"description\":\"\",\"publisher\":{\"@id\":\"https:\/\/multi-mam.com\/hr\/#organization\"},\"potentialAction\":[{\"@type\":\"SearchAction\",\"target\":{\"@type\":\"EntryPoint\",\"urlTemplate\":\"https:\/\/multi-mam.com\/hr\/?s={search_term_string}\"},\"query-input\":{\"@type\":\"PropertyValueSpecification\",\"valueRequired\":true,\"valueName\":\"search_term_string\"}}],\"inLanguage\":\"hr-HR\"},{\"@type\":\"Organization\",\"@id\":\"https:\/\/multi-mam.com\/hr\/#organization\",\"name\":\"Multi-Mam\",\"url\":\"https:\/\/multi-mam.com\/hr\/\",\"logo\":{\"@type\":\"ImageObject\",\"inLanguage\":\"hr-HR\",\"@id\":\"https:\/\/multi-mam.com\/hr\/#\/schema\/logo\/image\/\",\"url\":\"https:\/\/multi-mam.com\/app\/uploads\/sites\/23\/2023\/03\/multi-mam-logotype.png\",\"contentUrl\":\"https:\/\/multi-mam.com\/app\/uploads\/sites\/23\/2023\/03\/multi-mam-logotype.png\",\"width\":70,\"height\":96,\"caption\":\"Multi-Mam\"},\"image\":{\"@id\":\"https:\/\/multi-mam.com\/hr\/#\/schema\/logo\/image\/\"}}]}<\/script>\n<!-- \/ Yoast SEO plugin. -->","yoast_head_json":{"title":"\u010cesta pitanja - Multi-Mam","description":"\u010cesta pitanja: Stalno imam ispucale bradavice, \u0161to je jako bolno. \u0160to mogu u\u010diniti? \u0160to uzrokuje probleme s bradavicama?","robots":{"index":"index","follow":"follow","max-snippet":"max-snippet:-1","max-image-preview":"max-image-preview:large","max-video-preview":"max-video-preview:-1"},"canonical":"https:\/\/multi-mam.com\/hr\/cesta-pitanja\/","og_locale":"hr_HR","og_type":"article","og_title":"\u010cesta pitanja - Multi-Mam","og_description":"\u010cesta pitanja: Stalno imam ispucale bradavice, \u0161to je jako bolno. \u0160to mogu u\u010diniti? \u0160to uzrokuje probleme s bradavicama?","og_url":"https:\/\/multi-mam.com\/hr\/cesta-pitanja\/","og_site_name":"Multi-Mam","article_modified_time":"2023-08-02T14:27:30+00:00","og_image":[{"url":"https:\/\/multi-mam.com\/cdn-cgi\/image\/format=auto\/app\/uploads\/sites\/23\/2023\/03\/faq.jpeg","type":"","width":"","height":""}],"twitter_card":"summary_large_image","twitter_misc":{"Est. reading time":"2 minutes"},"schema":{"@context":"https:\/\/schema.org","@graph":[{"@type":"WebPage","@id":"https:\/\/multi-mam.com\/hr\/cesta-pitanja\/","url":"https:\/\/multi-mam.com\/hr\/cesta-pitanja\/","name":"\u010cesta pitanja - Multi-Mam","isPartOf":{"@id":"https:\/\/multi-mam.com\/hr\/#website"},"primaryImageOfPage":{"@id":"https:\/\/multi-mam.com\/hr\/cesta-pitanja\/#primaryimage"},"image":{"@id":"https:\/\/multi-mam.com\/hr\/cesta-pitanja\/#primaryimage"},"thumbnailUrl":"https:\/\/multi-mam.com\/cdn-cgi\/image\/format=auto\/app\/uploads\/sites\/23\/2023\/03\/faq.jpeg","datePublished":"2023-03-06T14:09:29+00:00","dateModified":"2023-08-02T14:27:30+00:00","description":"\u010cesta pitanja: Stalno imam ispucale bradavice, \u0161to je jako bolno. \u0160to mogu u\u010diniti? \u0160to uzrokuje probleme s bradavicama?","breadcrumb":{"@id":"https:\/\/multi-mam.com\/hr\/cesta-pitanja\/#breadcrumb"},"inLanguage":"hr-HR","potentialAction":[{"@type":"ReadAction","target":["https:\/\/multi-mam.com\/hr\/cesta-pitanja\/"]}]},{"@type":"ImageObject","inLanguage":"hr-HR","@id":"https:\/\/multi-mam.com\/hr\/cesta-pitanja\/#primaryimage","url":"https:\/\/multi-mam.com\/cdn-cgi\/image\/format=auto\/app\/uploads\/sites\/23\/2023\/03\/faq.jpeg","contentUrl":"https:\/\/multi-mam.com\/cdn-cgi\/image\/format=auto\/app\/uploads\/sites\/23\/2023\/03\/faq.jpeg"},{"@type":"BreadcrumbList","@id":"https:\/\/multi-mam.com\/hr\/cesta-pitanja\/#breadcrumb","itemListElement":[{"@type":"ListItem","position":1,"name":"Home","item":"https:\/\/multi-mam.com\/hr\/"},{"@type":"ListItem","position":2,"name":"\u010cesta pitanja"}]},{"@type":"WebSite","@id":"https:\/\/multi-mam.com\/hr\/#website","url":"https:\/\/multi-mam.com\/hr\/","name":"Multi-Mam","description":"","publisher":{"@id":"https:\/\/multi-mam.com\/hr\/#organization"},"potentialAction":[{"@type":"SearchAction","target":{"@type":"EntryPoint","urlTemplate":"https:\/\/multi-mam.com\/hr\/?s={search_term_string}"},"query-input":{"@type":"PropertyValueSpecification","valueRequired":true,"valueName":"search_term_string"}}],"inLanguage":"hr-HR"},{"@type":"Organization","@id":"https:\/\/multi-mam.com\/hr\/#organization","name":"Multi-Mam","url":"https:\/\/multi-mam.com\/hr\/","logo":{"@type":"ImageObject","inLanguage":"hr-HR","@id":"https:\/\/multi-mam.com\/hr\/#\/schema\/logo\/image\/","url":"https:\/\/multi-mam.com\/app\/uploads\/sites\/23\/2023\/03\/multi-mam-logotype.png","contentUrl":"https:\/\/multi-mam.com\/app\/uploads\/sites\/23\/2023\/03\/multi-mam-logotype.png","width":70,"height":96,"caption":"Multi-Mam"},"image":{"@id":"https:\/\/multi-mam.com\/hr\/#\/schema\/logo\/image\/"}}]}},"_links":{"self":[{"href":"https:\/\/multi-mam.com\/hr\/wp-json\/wp\/v2\/pages\/75","targetHints":{"allow":["GET"]}}],"collection":[{"href":"https:\/\/multi-mam.com\/hr\/wp-json\/wp\/v2\/pages"}],"about":[{"href":"https:\/\/multi-mam.com\/hr\/wp-json\/wp\/v2\/types\/page"}],"author":[{"embeddable":true,"href":"https:\/\/multi-mam.com\/hr\/wp-json\/wp\/v2\/users\/2"}],"replies":[{"embeddable":true,"href":"https:\/\/multi-mam.com\/hr\/wp-json\/wp\/v2\/comments?post=75"}],"version-history":[{"count":3,"href":"https:\/\/multi-mam.com\/hr\/wp-json\/wp\/v2\/pages\/75\/revisions"}],"predecessor-version":[{"id":111,"href":"https:\/\/multi-mam.com\/hr\/wp-json\/wp\/v2\/pages\/75\/revisions\/111"}],"wp:attachment":[{"href":"https:\/\/multi-mam.com\/hr\/wp-json\/wp\/v2\/media?parent=75"}],"wp:term":[{"taxonomy":"from-article-database","embeddable":true,"href":"https:\/\/multi-mam.com\/hr\/wp-json\/wp\/v2\/from-article-database?post=75"}],"curies":[{"name":"wp","href":"https:\/\/api.w.org\/{rel}","templated":true}]}}