{"id":5,"date":"2023-03-03T07:44:43","date_gmt":"2023-03-03T07:44:43","guid":{"rendered":"https:\/\/multi-mam.com\/hr\/?page_id=5"},"modified":"2024-03-18T14:39:38","modified_gmt":"2024-03-18T13:39:38","slug":"multi-mam","status":"publish","type":"page","link":"https:\/\/multi-mam.com\/hr\/","title":{"rendered":"Multi-Mam"},"content":{"rendered":"\n<div class=\"wp-block-karopharma-free-text pt-large pb-large bg-left-top bg-cover bg-no-repeat bg-box undefined\" style=\"background-image:url(https:\/\/multi-mam.com\/cdn-cgi\/image\/format=auto\/app\/uploads\/sites\/23\/2023\/03\/multi-mam.jpeg)\"><div class=\"free-text-wrapper container max-w-medium text-center\">\n<figure class=\"wp-block-image size-full\"><img loading=\"lazy\" decoding=\"async\" width=\"992\" height=\"390\" src=\"https:\/\/multi-mam.com\/app\/uploads\/sites\/23\/2023\/03\/Multi-Mam-group-2.jpg\" alt=\"Multi-Mam \" class=\"wp-image-113\" srcset=\"https:\/\/multi-mam.com\/app\/uploads\/sites\/23\/2023\/03\/Multi-Mam-group-2.jpg 992w, https:\/\/multi-mam.com\/app\/uploads\/sites\/23\/2023\/03\/Multi-Mam-group-2-320x126.jpg 320w, https:\/\/multi-mam.com\/app\/uploads\/sites\/23\/2023\/03\/Multi-Mam-group-2-768x302.jpg 768w, https:\/\/multi-mam.com\/app\/uploads\/sites\/23\/2023\/03\/Multi-Mam-group-2-600x236.jpg 600w\" sizes=\"auto, (max-width: 992px) 100vw, 992px\" \/><\/figure>\n\n\n\n<h1 class=\"is-style-heading-huge has-primary-color has-text-color wp-block-heading\" id=\"love-is-all-you-need\">Sve \u0161to vam treba je ljubav<\/h1>\n\n\n\n<h2 class=\"is-style-heading-h2 has-primary-color has-text-color wp-block-heading\" id=\"und-multi-mam-fur-mutter-und-kind\">\u2026i Multi-Mam<sup>\u00ae<\/sup> za vas i va\u0161u bebu.<\/h2>\n\n\n\n<div class=\"wp-block-buttons is-layout-flex wp-block-buttons-is-layout-flex\">\n<div class=\"wp-block-button is-style-secondary-button\"><a class=\"wp-block-button__link\" href=\"https:\/\/multi-mam.com\/hr\/nasi-proizvodi\/\">Saznajte vi\u0161e<\/a><\/div>\n<\/div>\n<\/div><\/div>\n\n\n<div class=\"product-list wp-block-karopharma-product-list\" data-testid=\"product-list\">\n      <div class=\"swiper-container\">\n      <div class=\"swiper\">\n        <div class=\"swiper-wrapper\">\n                      <div class=\"swiper-slide\">\n              <div class=\"product-card\" data-testid=\"product-card\">\n  <a\n    href=https:\/\/multi-mam.com\/hr\/proizvod\/multi-mam-protect\/\n    class=\"product-card-link\"\n    title=\"Multi-Mam\u00ae Protect\"\n  >\n  <figure class=\"product-card-image\" data-testid=\"product-image\">\n                          <img decoding=\"async\" src=\"https:\/\/multi-mam.com\/cdn-cgi\/image\/width=700,format=auto\/app\/uploads\/sites\/23\/2023\/03\/Multi-Mam-Protect2.png\"\n        srcset=\"https:\/\/multi-mam.com\/cdn-cgi\/image\/width=250,format=auto\/app\/uploads\/sites\/23\/2023\/03\/Multi-Mam-Protect2.png 250w,\n                https:\/\/multi-mam.com\/cdn-cgi\/image\/width=500,format=auto\/app\/uploads\/sites\/23\/2023\/03\/Multi-Mam-Protect2.png 500w,\n                https:\/\/multi-mam.com\/cdn-cgi\/image\/width=700,format=auto\/app\/uploads\/sites\/23\/2023\/03\/Multi-Mam-Protect2.png 700w\"\n        sizes=\"(max-width: 400px) 250px, (max-width: 800px) 500px, 700px\"\n        alt=\"Multi-Mam Protect\"\n        class=\"img\">\n            <\/figure>\n    <div class=\"product-card-content\">\n      <div class=\"heading-wrapper\">\n        <h2 class=\"heading\">Multi-Mam\u00ae Protect<\/h2>\n      <\/div>\n      <div class=\"product-card-description\">\u0160titi bradavice od isu\u0161ivanja i pucanja<\/div>\n                      <\/div>\n  <\/a>\n          <div class=\"button-wrapper buy-now no-resellers\" data-testid=\"buy-now\">\n          <div class=\"buy-now-container dropdown-container\">\n    <a\n      class=\"theme-button button-primary-color rounded-button\"\n      href=\"https:\/\/webljekarna.vasezdravlje.com\/dojenje-i-izdajanje\/multi-mam-protect-balzam-za-njegu-bradavica\" onclick=\"dataLayer.push({'event':'ga_event', 'eventCategory':'Click on Reseller', 'eventAction':'Vasezdravlje', 'eventLabel':'Multi-Mam\u00ae Protect', 'eventValue': undefined})\" rel=\"noopener\" target=\"_blank\" title=\"Vasezdravlje\"\n      data-testid=\"buy-now-reseller\">\n      Kupite sada\n    <\/a>\n    <\/div>\n  <\/div>\n  <\/div>\n            <\/div>\n                      <div class=\"swiper-slide\">\n              <div class=\"product-card\" data-testid=\"product-card\">\n  <a\n    href=https:\/\/multi-mam.com\/hr\/proizvod\/multi-mam-lanolin\/\n    class=\"product-card-link\"\n    title=\"Multi-Mam\u00ae Lanolin\"\n  >\n  <figure class=\"product-card-image\" data-testid=\"product-image\">\n                          <img decoding=\"async\" src=\"https:\/\/multi-mam.com\/cdn-cgi\/image\/width=700,format=auto\/app\/uploads\/sites\/23\/2023\/03\/Multi-Mam-Lanolin-2.png\"\n        srcset=\"https:\/\/multi-mam.com\/cdn-cgi\/image\/width=250,format=auto\/app\/uploads\/sites\/23\/2023\/03\/Multi-Mam-Lanolin-2.png 250w,\n                https:\/\/multi-mam.com\/cdn-cgi\/image\/width=500,format=auto\/app\/uploads\/sites\/23\/2023\/03\/Multi-Mam-Lanolin-2.png 500w,\n                https:\/\/multi-mam.com\/cdn-cgi\/image\/width=700,format=auto\/app\/uploads\/sites\/23\/2023\/03\/Multi-Mam-Lanolin-2.png 700w\"\n        sizes=\"(max-width: 400px) 250px, (max-width: 800px) 500px, 700px\"\n        alt=\"Multi-Mam Lanolin\"\n        class=\"img\">\n            <\/figure>\n    <div class=\"product-card-content\">\n      <div class=\"heading-wrapper\">\n        <h2 class=\"heading\">Multi-Mam\u00ae Lanolin<\/h2>\n      <\/div>\n      <div class=\"product-card-description\">Njega bradavica dojilja\n<\/div>\n                      <\/div>\n  <\/a>\n          <div class=\"button-wrapper buy-now no-resellers\" data-testid=\"buy-now\">\n          <div class=\"buy-now-container dropdown-container\">\n    <a\n      class=\"theme-button button-primary-color rounded-button\"\n      href=\"https:\/\/webljekarna.vasezdravlje.com\/dojenje-i-izdajanje\/multi-mam-lanolin\" onclick=\"dataLayer.push({'event':'ga_event', 'eventCategory':'Click on Reseller', 'eventAction':'Vasezdravlje', 'eventLabel':'Multi-Mam\u00ae Lanolin', 'eventValue': undefined})\" rel=\"noopener\" target=\"_blank\" title=\"Vasezdravlje\"\n      data-testid=\"buy-now-reseller\">\n      Kupite sada\n    <\/a>\n    <\/div>\n  <\/div>\n  <\/div>\n            <\/div>\n                      <div class=\"swiper-slide\">\n              <div class=\"product-card\" data-testid=\"product-card\">\n  <a\n    href=https:\/\/multi-mam.com\/hr\/proizvod\/multi-mam-komprese\/\n    class=\"product-card-link\"\n    title=\"Multi-Mam\u00ae Komprese\"\n  >\n  <figure class=\"product-card-image\" data-testid=\"product-image\">\n                          <img decoding=\"async\" src=\"https:\/\/multi-mam.com\/cdn-cgi\/image\/width=700,format=auto\/app\/uploads\/sites\/23\/2023\/03\/MultiMam_Compresses.png\"\n        srcset=\"https:\/\/multi-mam.com\/cdn-cgi\/image\/width=250,format=auto\/app\/uploads\/sites\/23\/2023\/03\/MultiMam_Compresses.png 250w,\n                https:\/\/multi-mam.com\/cdn-cgi\/image\/width=500,format=auto\/app\/uploads\/sites\/23\/2023\/03\/MultiMam_Compresses.png 500w,\n                https:\/\/multi-mam.com\/cdn-cgi\/image\/width=700,format=auto\/app\/uploads\/sites\/23\/2023\/03\/MultiMam_Compresses.png 700w\"\n        sizes=\"(max-width: 400px) 250px, (max-width: 800px) 500px, 700px\"\n        alt=\"Multi-Mam Komprese\"\n        class=\"img\">\n            <\/figure>\n    <div class=\"product-card-content\">\n      <div class=\"heading-wrapper\">\n        <h2 class=\"heading\">Multi-Mam\u00ae Komprese<\/h2>\n      <\/div>\n      <div class=\"product-card-description\">Intenzivna njega bradavica kod dojilja<\/div>\n                      <\/div>\n  <\/a>\n          <div class=\"button-wrapper buy-now no-resellers\" data-testid=\"buy-now\">\n          <div class=\"buy-now-container dropdown-container\">\n    <a\n      class=\"theme-button button-primary-color rounded-button\"\n      href=\"https:\/\/webljekarna.vasezdravlje.com\/dojenje-i-izdajanje\/multi-mam-komprese\" onclick=\"dataLayer.push({'event':'ga_event', 'eventCategory':'Click on Reseller', 'eventAction':'Vasezdravlje', 'eventLabel':'Multi-Mam\u00ae Komprese', 'eventValue': undefined})\" rel=\"noopener\" target=\"_blank\" title=\"Vasezdravlje\"\n      data-testid=\"buy-now-reseller\">\n      Kupite sada\n    <\/a>\n    <\/div>\n  <\/div>\n  <\/div>\n            <\/div>\n                  <\/div>\n        <div class=\"swiper-scrollbar\"><\/div>\n      <\/div>\n    <\/div>\n  <\/div>\n\n\n\n<section class=\"wp-block-karopharma-image-with-text image-with-text image-with-text__full-width is-style-primary\"><div class=\"image-with-text-container \"><div class=\"image-with-text-container-image-container\"><img decoding=\"async\" loading=\"lazy\" src=\"https:\/\/multi-mam.com\/cdn-cgi\/image\/format=auto\/app\/uploads\/sites\/23\/2023\/03\/start-multimam.jpeg\" alt=\"Multi-Mam\"\/><\/div><div class=\"image-with-text-container-content\" style=\"text-align:left\" data-test=\"content\"><div class=\"content\"><h2>U\u017eivajte u me\u0111usobnom upoznavanju<\/h2><p class=\"body\" data-test=\"body\">Kad postanete majka, prati vas osje\u0107aj ugodnosti i posebnosti. Tijekom ovog dragocjenog razdoblja mo\u017eete lako zaboraviti da je jednako va\u017eno brinuti se o samoj sebi, kao i o djetetu. Izazovi poput nadra\u017eenih bradavica, umora i nelagode u razdoblju nicanja zuba \u010deste su me\u0111u majkama s novoro\u0111en\u010dadi te \u0107e vam mo\u017eda biti potrebna dodatna pomo\u0107. Tu nastupa Multi-Mam, koji vam omogu\u0107uje dobar po\u010detak. <\/p>\n<div class=\"wp-block-buttons is-content-justification-left is-layout-flex wp-container-core-buttons-is-layout-fdcfc74e wp-block-buttons-is-layout-flex\">\n<div class=\"wp-block-button\"><a class=\"wp-block-button__link\" href=\"https:\/\/multi-mam.com\/hr\/nasi-proizvodi\/\">Otkrijte proizvode<\/a><\/div>\n<\/div>\n<\/div><\/div><\/div><\/section>\n","protected":false},"excerpt":{"rendered":"","protected":false},"author":2,"featured_media":0,"parent":0,"menu_order":0,"comment_status":"closed","ping_status":"closed","template":"","meta":{"_acf_changed":false,"footnotes":""},"from-article-database":[],"class_list":["post-5","page","type-page","status-publish","hentry"],"acf":[],"yoast_head":"<!-- This site is optimized with the Yoast SEO plugin v26.6 - https:\/\/yoast.com\/wordpress\/plugins\/seo\/ -->\n<title>Multi-Mam - Multi-Mam<\/title>\n<meta name=\"description\" content=\"Sve \u0161to vam treba je ljubav\u2026i Multi-Mam\u00ae za vas i va\u0161u bebu. Kad postanete majka, prati vas osje\u0107aj ugodnosti i posebnosti.\" \/>\n<meta name=\"robots\" content=\"index, follow, max-snippet:-1, max-image-preview:large, max-video-preview:-1\" \/>\n<link rel=\"canonical\" href=\"https:\/\/multi-mam.com\/hr\/\" \/>\n<meta property=\"og:locale\" content=\"hr_HR\" \/>\n<meta property=\"og:type\" content=\"article\" \/>\n<meta property=\"og:title\" content=\"Multi-Mam - Multi-Mam\" \/>\n<meta property=\"og:description\" content=\"Sve \u0161to vam treba je ljubav\u2026i Multi-Mam\u00ae za vas i va\u0161u bebu. Kad postanete majka, prati vas osje\u0107aj ugodnosti i posebnosti.\" \/>\n<meta property=\"og:url\" content=\"https:\/\/multi-mam.com\/hr\/\" \/>\n<meta property=\"og:site_name\" content=\"Multi-Mam\" \/>\n<meta property=\"article:modified_time\" content=\"2024-03-18T13:39:38+00:00\" \/>\n<meta property=\"og:image\" content=\"https:\/\/multi-mam.com\/app\/uploads\/sites\/23\/2023\/03\/Multi-Mam-group-2.jpg\" \/>\n<meta name=\"twitter:card\" content=\"summary_large_image\" \/>\n<meta name=\"twitter:label1\" content=\"Est. reading time\" \/>\n\t<meta name=\"twitter:data1\" content=\"1 minute\" \/>\n<script type=\"application\/ld+json\" class=\"yoast-schema-graph\">{\"@context\":\"https:\/\/schema.org\",\"@graph\":[{\"@type\":\"WebPage\",\"@id\":\"https:\/\/multi-mam.com\/hr\/\",\"url\":\"https:\/\/multi-mam.com\/hr\/\",\"name\":\"Multi-Mam - Multi-Mam\",\"isPartOf\":{\"@id\":\"https:\/\/multi-mam.com\/hr\/#website\"},\"primaryImageOfPage\":{\"@id\":\"https:\/\/multi-mam.com\/hr\/#primaryimage\"},\"image\":{\"@id\":\"https:\/\/multi-mam.com\/hr\/#primaryimage\"},\"thumbnailUrl\":\"https:\/\/multi-mam.com\/app\/uploads\/sites\/23\/2023\/03\/Multi-Mam-group-2.jpg\",\"datePublished\":\"2023-03-03T07:44:43+00:00\",\"dateModified\":\"2024-03-18T13:39:38+00:00\",\"description\":\"Sve \u0161to vam treba je ljubav\u2026i Multi-Mam\u00ae za vas i va\u0161u bebu. Kad postanete majka, prati vas osje\u0107aj ugodnosti i posebnosti.\",\"breadcrumb\":{\"@id\":\"https:\/\/multi-mam.com\/hr\/#breadcrumb\"},\"inLanguage\":\"hr-HR\",\"potentialAction\":[{\"@type\":\"ReadAction\",\"target\":[\"https:\/\/multi-mam.com\/hr\/\"]}]},{\"@type\":\"ImageObject\",\"inLanguage\":\"hr-HR\",\"@id\":\"https:\/\/multi-mam.com\/hr\/#primaryimage\",\"url\":\"https:\/\/multi-mam.com\/app\/uploads\/sites\/23\/2023\/03\/Multi-Mam-group-2.jpg\",\"contentUrl\":\"https:\/\/multi-mam.com\/app\/uploads\/sites\/23\/2023\/03\/Multi-Mam-group-2.jpg\"},{\"@type\":\"BreadcrumbList\",\"@id\":\"https:\/\/multi-mam.com\/hr\/#breadcrumb\",\"itemListElement\":[{\"@type\":\"ListItem\",\"position\":1,\"name\":\"Home\",\"item\":\"https:\/\/multi-mam.com\/hr\/\"},{\"@type\":\"ListItem\",\"position\":2,\"name\":\"Multi-Mam\"}]},{\"@type\":\"WebSite\",\"@id\":\"https:\/\/multi-mam.com\/hr\/#website\",\"url\":\"https:\/\/multi-mam.com\/hr\/\",\"name\":\"Multi-Mam\",\"description\":\"\",\"publisher\":{\"@id\":\"https:\/\/multi-mam.com\/hr\/#organization\"},\"potentialAction\":[{\"@type\":\"SearchAction\",\"target\":{\"@type\":\"EntryPoint\",\"urlTemplate\":\"https:\/\/multi-mam.com\/hr\/?s={search_term_string}\"},\"query-input\":{\"@type\":\"PropertyValueSpecification\",\"valueRequired\":true,\"valueName\":\"search_term_string\"}}],\"inLanguage\":\"hr-HR\"},{\"@type\":\"Organization\",\"@id\":\"https:\/\/multi-mam.com\/hr\/#organization\",\"name\":\"Multi-Mam\",\"url\":\"https:\/\/multi-mam.com\/hr\/\",\"logo\":{\"@type\":\"ImageObject\",\"inLanguage\":\"hr-HR\",\"@id\":\"https:\/\/multi-mam.com\/hr\/#\/schema\/logo\/image\/\",\"url\":\"https:\/\/multi-mam.com\/app\/uploads\/sites\/23\/2023\/03\/multi-mam-logotype.png\",\"contentUrl\":\"https:\/\/multi-mam.com\/app\/uploads\/sites\/23\/2023\/03\/multi-mam-logotype.png\",\"width\":70,\"height\":96,\"caption\":\"Multi-Mam\"},\"image\":{\"@id\":\"https:\/\/multi-mam.com\/hr\/#\/schema\/logo\/image\/\"}}]}<\/script>\n<!-- \/ Yoast SEO plugin. -->","yoast_head_json":{"title":"Multi-Mam - Multi-Mam","description":"Sve \u0161to vam treba je ljubav\u2026i Multi-Mam\u00ae za vas i va\u0161u bebu. Kad postanete majka, prati vas osje\u0107aj ugodnosti i posebnosti.","robots":{"index":"index","follow":"follow","max-snippet":"max-snippet:-1","max-image-preview":"max-image-preview:large","max-video-preview":"max-video-preview:-1"},"canonical":"https:\/\/multi-mam.com\/hr\/","og_locale":"hr_HR","og_type":"article","og_title":"Multi-Mam - Multi-Mam","og_description":"Sve \u0161to vam treba je ljubav\u2026i Multi-Mam\u00ae za vas i va\u0161u bebu. Kad postanete majka, prati vas osje\u0107aj ugodnosti i posebnosti.","og_url":"https:\/\/multi-mam.com\/hr\/","og_site_name":"Multi-Mam","article_modified_time":"2024-03-18T13:39:38+00:00","og_image":[{"url":"https:\/\/multi-mam.com\/app\/uploads\/sites\/23\/2023\/03\/Multi-Mam-group-2.jpg","type":"","width":"","height":""}],"twitter_card":"summary_large_image","twitter_misc":{"Est. reading time":"1 minute"},"schema":{"@context":"https:\/\/schema.org","@graph":[{"@type":"WebPage","@id":"https:\/\/multi-mam.com\/hr\/","url":"https:\/\/multi-mam.com\/hr\/","name":"Multi-Mam - Multi-Mam","isPartOf":{"@id":"https:\/\/multi-mam.com\/hr\/#website"},"primaryImageOfPage":{"@id":"https:\/\/multi-mam.com\/hr\/#primaryimage"},"image":{"@id":"https:\/\/multi-mam.com\/hr\/#primaryimage"},"thumbnailUrl":"https:\/\/multi-mam.com\/app\/uploads\/sites\/23\/2023\/03\/Multi-Mam-group-2.jpg","datePublished":"2023-03-03T07:44:43+00:00","dateModified":"2024-03-18T13:39:38+00:00","description":"Sve \u0161to vam treba je ljubav\u2026i Multi-Mam\u00ae za vas i va\u0161u bebu. Kad postanete majka, prati vas osje\u0107aj ugodnosti i posebnosti.","breadcrumb":{"@id":"https:\/\/multi-mam.com\/hr\/#breadcrumb"},"inLanguage":"hr-HR","potentialAction":[{"@type":"ReadAction","target":["https:\/\/multi-mam.com\/hr\/"]}]},{"@type":"ImageObject","inLanguage":"hr-HR","@id":"https:\/\/multi-mam.com\/hr\/#primaryimage","url":"https:\/\/multi-mam.com\/app\/uploads\/sites\/23\/2023\/03\/Multi-Mam-group-2.jpg","contentUrl":"https:\/\/multi-mam.com\/app\/uploads\/sites\/23\/2023\/03\/Multi-Mam-group-2.jpg"},{"@type":"BreadcrumbList","@id":"https:\/\/multi-mam.com\/hr\/#breadcrumb","itemListElement":[{"@type":"ListItem","position":1,"name":"Home","item":"https:\/\/multi-mam.com\/hr\/"},{"@type":"ListItem","position":2,"name":"Multi-Mam"}]},{"@type":"WebSite","@id":"https:\/\/multi-mam.com\/hr\/#website","url":"https:\/\/multi-mam.com\/hr\/","name":"Multi-Mam","description":"","publisher":{"@id":"https:\/\/multi-mam.com\/hr\/#organization"},"potentialAction":[{"@type":"SearchAction","target":{"@type":"EntryPoint","urlTemplate":"https:\/\/multi-mam.com\/hr\/?s={search_term_string}"},"query-input":{"@type":"PropertyValueSpecification","valueRequired":true,"valueName":"search_term_string"}}],"inLanguage":"hr-HR"},{"@type":"Organization","@id":"https:\/\/multi-mam.com\/hr\/#organization","name":"Multi-Mam","url":"https:\/\/multi-mam.com\/hr\/","logo":{"@type":"ImageObject","inLanguage":"hr-HR","@id":"https:\/\/multi-mam.com\/hr\/#\/schema\/logo\/image\/","url":"https:\/\/multi-mam.com\/app\/uploads\/sites\/23\/2023\/03\/multi-mam-logotype.png","contentUrl":"https:\/\/multi-mam.com\/app\/uploads\/sites\/23\/2023\/03\/multi-mam-logotype.png","width":70,"height":96,"caption":"Multi-Mam"},"image":{"@id":"https:\/\/multi-mam.com\/hr\/#\/schema\/logo\/image\/"}}]}},"_links":{"self":[{"href":"https:\/\/multi-mam.com\/hr\/wp-json\/wp\/v2\/pages\/5","targetHints":{"allow":["GET"]}}],"collection":[{"href":"https:\/\/multi-mam.com\/hr\/wp-json\/wp\/v2\/pages"}],"about":[{"href":"https:\/\/multi-mam.com\/hr\/wp-json\/wp\/v2\/types\/page"}],"author":[{"embeddable":true,"href":"https:\/\/multi-mam.com\/hr\/wp-json\/wp\/v2\/users\/2"}],"replies":[{"embeddable":true,"href":"https:\/\/multi-mam.com\/hr\/wp-json\/wp\/v2\/comments?post=5"}],"version-history":[{"count":10,"href":"https:\/\/multi-mam.com\/hr\/wp-json\/wp\/v2\/pages\/5\/revisions"}],"predecessor-version":[{"id":259,"href":"https:\/\/multi-mam.com\/hr\/wp-json\/wp\/v2\/pages\/5\/revisions\/259"}],"wp:attachment":[{"href":"https:\/\/multi-mam.com\/hr\/wp-json\/wp\/v2\/media?parent=5"}],"wp:term":[{"taxonomy":"from-article-database","embeddable":true,"href":"https:\/\/multi-mam.com\/hr\/wp-json\/wp\/v2\/from-article-database?post=5"}],"curies":[{"name":"wp","href":"https:\/\/api.w.org\/{rel}","templated":true}]}}