{"id":192,"date":"2023-03-08T13:17:58","date_gmt":"2023-03-08T12:17:58","guid":{"rendered":"https:\/\/multi-mam.com\/hr\/?page_id=192"},"modified":"2023-08-02T16:26:46","modified_gmt":"2023-08-02T14:26:46","slug":"dojenje-novorodencadi","status":"publish","type":"page","link":"https:\/\/multi-mam.com\/hr\/savjeti-strucnjaka\/dojenje-novorodencadi\/","title":{"rendered":"Dojenje novoro\u0111en\u010dadi"},"content":{"rendered":"\n<div class=\"wp-block-karopharma-free-text pt-large pb-large bg-center bg-cover bg-no-repeat  is-style-primary\" style=\"background-image:url()\"><div class=\"free-text-wrapper container max-w-medium text-left\">\n<h1 class=\"is-style-heading-huge wp-block-heading\">Dojenje novoro\u0111en\u010dadi<\/h1>\n\n\n\n<p class=\"is-style-paragraph-preamble\">Kada je najbolji trenutak za po\u010detak dojenja va\u0161eg novoro\u0111en\u010deta? Prva savr\u0161ena prilika da ponudite va\u0161oj bebi mlijeko, i da se s njom zbli\u017eite, je trenutak kada ju doktor ili medicinska sestra, nakon ro\u0111enja stave na va\u0161e grudi. Mlijeko koje va\u0161e tijelo proizvede nakon poro\u0111aja je prvo mleko ili kolostrum, i sadr\u017ei puno antitijela koja \u0107e za\u0161titi bebu od infekcija.<\/p>\n<\/div><\/div>\n\n\n\n<div class=\"wp-block-karopharma-free-text pt-large pb-large bg-center bg-cover bg-no-repeat  is-style-transparent\" style=\"background-image:url()\"><div class=\"free-text-wrapper container max-w-medium text-left\">\n<p>Jako je bitno da va\u0161a beba od po\u010detka ima pravilan hvat. Na ovaj \u0107ete na\u010din izbje\u0107i problem s hranjenjem, kao i problem s bolnim i ispucanim bradavicama. Dojenje ne bi trebalo biti bolno, tako da ako iskusite bol i nelagodu, ne oklijevajte s tra\u017eenjem pomo\u0107i.<\/p>\n\n\n\n<h2 class=\"is-style-heading-h2 wp-block-heading\">Kako posti\u0107i pravilno dojenje?<\/h2>\n\n\n\n<p>Prislonite va\u0161u bebu uz sebe, tako da vam se trbusi dodiruju. Lagano nagnite bebinu glavu unazad, dr\u017ee\u0107i nos podalje od dojke kako bi mogla neometano disati. Kada se va\u0161a beba uhvati kako treba, bradavica bi trebala biti blizu zadnjeg dijela usta kako bi mlijeko i\u0161lo direktno u grlo.<\/p>\n\n\n\n<p>Ako va\u0161a beba ima problema s hvatanjem bradavice, poku\u0161ajte promijeniti polo\u017eaj kako biste prona\u0161li onaj koji najbolje odgovara i vama i va\u0161oj bebi. Ako osjetite bilo kakve pote\u0161ko\u0107e prilikom dojenja, potra\u017eite pomo\u0107 lije\u010dnika ili medicinske sestre. Ovo \u0107e vas spasiti od stresa i pitanja da li sve radite kako treba.<\/p>\n\n\n\n<h2 class=\"is-style-heading-h2 wp-block-heading\">Koliko \u010desto biste trebali dojiti va\u0161u bebu?<\/h2>\n\n\n\n<p>Koliko god dojili va\u0161u bebu, nemojte se bojati da ju dojite pre\u010desto. \u010ce\u0161\u0107e se dogodi da se doji premalo. Zbog toga izbjegavajte krut raspored hranjenja i hranite va\u0161e novoro\u0111en\u010de \u010dim primijetite prve znake gladi. To mogu biti:<\/p>\n\n\n\n<ul class=\"is-style-default wp-block-list\"><li>Poja\u010dana aktivnost<\/li><li>Tra\u017eenje bradavice<\/li><li>Cmoktanje ili oblizivanje<\/li><\/ul>\n\n\n\n<p>Potrudite se prepoznati prve znake gladi, i hranite va\u0161u bebu prije nego \u0161to po\u010dne plakati. To zna\u010di da biste trebali dojiti od 8 do 12 puta na dan. Ovo je normalno za zdrave i dobro uhranjene bebe. Ako je va\u0161e novoro\u0111en\u010de jako pospano, mo\u017eda \u0107ete ga morati lagano probudite i ponudite mu dojku.<\/p>\n\n\n\n<h2 class=\"is-style-heading-h2 wp-block-heading\">Kako znati da li novoro\u0111en\u010de dobiva dovoljno mlijeka?<\/h2>\n\n\n\n<p>Nakon \u0161to vrati te\u017einu izgubljenu nakon poroda, va\u0161a beba samo nastavlja dobivati na te\u017eini. U prosjeku, novoro\u0111ene bi bebe trebale dobiti oko 200 g tjelesne te\u017eine tjedno. Ovo je lako provjeriti putem redovne kontrolne te\u017eine, ali postoje drugi znakovi koji \u0107e ukazati na rast te\u017eine. U prvom tjednu, mo\u017eete o\u010dekivati sve ve\u0107i broj prljavih pelena svaki dan (jedna prvi dan, dvije drugi dan, itd.). Nakon 4 dana, mo\u017eete o\u010dekivati 4 ili vi\u0161e stolica tijekom dana. Normalna stolica je rje\u0111a, a ponekada sadr\u017ei male grumene. Kada je rije\u010d o mokrim pelenama, dinamika je sli\u010dna. Broj pelena se pove\u0107ava od prvog dana, do 6 ili vi\u0161e pelena dnevno nakon \u010detvrtog dana.<\/p>\n\n\n\n<p>Ako primijetite da:<\/p>\n\n\n\n<ul class=\"is-style-default wp-block-list\"><li>Va\u0161a beba nema prljavih ili mokrih pelena;<\/li><li>Je boja urina tamna (nakon 3. dana),<\/li><li>Je boja stolice tamna (nakon 4. dana),<\/li><li>Va\u0161a beba ne doji koliko je preporu\u010deno,<\/li><li>Su va\u0161e grudi bolne ili imate groznicu i simptome nalik gripu.<\/li><\/ul>\n\n\n\n<p>Trebali biste se posavjetovati s va\u0161im lije\u010dnikom.<\/p>\n<\/div><\/div>\n","protected":false},"excerpt":{"rendered":"","protected":false},"author":2,"featured_media":0,"parent":117,"menu_order":20,"comment_status":"closed","ping_status":"closed","template":"","meta":{"_acf_changed":false,"footnotes":""},"from-article-database":[],"class_list":["post-192","page","type-page","status-publish","hentry"],"acf":[],"yoast_head":"<!-- This site is optimized with the Yoast SEO plugin v26.6 - https:\/\/yoast.com\/wordpress\/plugins\/seo\/ -->\n<title>Dojenje novoro\u0111en\u010dadi - Multi-Mam<\/title>\n<meta name=\"description\" content=\"Mlijeko koje va\u0161e tijelo proizvede nakon poro\u0111aja je prvo mleko ili kolostrum, i sadr\u017ei puno antitijela koja \u0107e za\u0161titi bebu od infekcija.\" \/>\n<meta name=\"robots\" content=\"index, follow, max-snippet:-1, max-image-preview:large, max-video-preview:-1\" \/>\n<link rel=\"canonical\" href=\"https:\/\/multi-mam.com\/hr\/savjeti-strucnjaka\/dojenje-novorodencadi\/\" \/>\n<meta property=\"og:locale\" content=\"hr_HR\" \/>\n<meta property=\"og:type\" content=\"article\" \/>\n<meta property=\"og:title\" content=\"Dojenje novoro\u0111en\u010dadi - Multi-Mam\" \/>\n<meta property=\"og:description\" content=\"Mlijeko koje va\u0161e tijelo proizvede nakon poro\u0111aja je prvo mleko ili kolostrum, i sadr\u017ei puno antitijela koja \u0107e za\u0161titi bebu od infekcija.\" \/>\n<meta property=\"og:url\" content=\"https:\/\/multi-mam.com\/hr\/savjeti-strucnjaka\/dojenje-novorodencadi\/\" \/>\n<meta property=\"og:site_name\" content=\"Multi-Mam\" \/>\n<meta property=\"article:modified_time\" content=\"2023-08-02T14:26:46+00:00\" \/>\n<meta name=\"twitter:card\" content=\"summary_large_image\" \/>\n<meta name=\"twitter:label1\" content=\"Est. reading time\" \/>\n\t<meta name=\"twitter:data1\" content=\"3 minutes\" \/>\n<script type=\"application\/ld+json\" class=\"yoast-schema-graph\">{\"@context\":\"https:\/\/schema.org\",\"@graph\":[{\"@type\":\"WebPage\",\"@id\":\"https:\/\/multi-mam.com\/hr\/savjeti-strucnjaka\/dojenje-novorodencadi\/\",\"url\":\"https:\/\/multi-mam.com\/hr\/savjeti-strucnjaka\/dojenje-novorodencadi\/\",\"name\":\"Dojenje novoro\u0111en\u010dadi - Multi-Mam\",\"isPartOf\":{\"@id\":\"https:\/\/multi-mam.com\/hr\/#website\"},\"datePublished\":\"2023-03-08T12:17:58+00:00\",\"dateModified\":\"2023-08-02T14:26:46+00:00\",\"description\":\"Mlijeko koje va\u0161e tijelo proizvede nakon poro\u0111aja je prvo mleko ili kolostrum, i sadr\u017ei puno antitijela koja \u0107e za\u0161titi bebu od infekcija.\",\"breadcrumb\":{\"@id\":\"https:\/\/multi-mam.com\/hr\/savjeti-strucnjaka\/dojenje-novorodencadi\/#breadcrumb\"},\"inLanguage\":\"hr-HR\",\"potentialAction\":[{\"@type\":\"ReadAction\",\"target\":[\"https:\/\/multi-mam.com\/hr\/savjeti-strucnjaka\/dojenje-novorodencadi\/\"]}]},{\"@type\":\"BreadcrumbList\",\"@id\":\"https:\/\/multi-mam.com\/hr\/savjeti-strucnjaka\/dojenje-novorodencadi\/#breadcrumb\",\"itemListElement\":[{\"@type\":\"ListItem\",\"position\":1,\"name\":\"Home\",\"item\":\"https:\/\/multi-mam.com\/hr\/\"},{\"@type\":\"ListItem\",\"position\":2,\"name\":\"Savjeti stru\u010dnjaka\",\"item\":\"https:\/\/multi-mam.com\/hr\/savjeti-strucnjaka\/\"},{\"@type\":\"ListItem\",\"position\":3,\"name\":\"Dojenje novoro\u0111en\u010dadi\"}]},{\"@type\":\"WebSite\",\"@id\":\"https:\/\/multi-mam.com\/hr\/#website\",\"url\":\"https:\/\/multi-mam.com\/hr\/\",\"name\":\"Multi-Mam\",\"description\":\"\",\"publisher\":{\"@id\":\"https:\/\/multi-mam.com\/hr\/#organization\"},\"potentialAction\":[{\"@type\":\"SearchAction\",\"target\":{\"@type\":\"EntryPoint\",\"urlTemplate\":\"https:\/\/multi-mam.com\/hr\/?s={search_term_string}\"},\"query-input\":{\"@type\":\"PropertyValueSpecification\",\"valueRequired\":true,\"valueName\":\"search_term_string\"}}],\"inLanguage\":\"hr-HR\"},{\"@type\":\"Organization\",\"@id\":\"https:\/\/multi-mam.com\/hr\/#organization\",\"name\":\"Multi-Mam\",\"url\":\"https:\/\/multi-mam.com\/hr\/\",\"logo\":{\"@type\":\"ImageObject\",\"inLanguage\":\"hr-HR\",\"@id\":\"https:\/\/multi-mam.com\/hr\/#\/schema\/logo\/image\/\",\"url\":\"https:\/\/multi-mam.com\/app\/uploads\/sites\/23\/2023\/03\/multi-mam-logotype.png\",\"contentUrl\":\"https:\/\/multi-mam.com\/app\/uploads\/sites\/23\/2023\/03\/multi-mam-logotype.png\",\"width\":70,\"height\":96,\"caption\":\"Multi-Mam\"},\"image\":{\"@id\":\"https:\/\/multi-mam.com\/hr\/#\/schema\/logo\/image\/\"}}]}<\/script>\n<!-- \/ Yoast SEO plugin. -->","yoast_head_json":{"title":"Dojenje novoro\u0111en\u010dadi - Multi-Mam","description":"Mlijeko koje va\u0161e tijelo proizvede nakon poro\u0111aja je prvo mleko ili kolostrum, i sadr\u017ei puno antitijela koja \u0107e za\u0161titi bebu od infekcija.","robots":{"index":"index","follow":"follow","max-snippet":"max-snippet:-1","max-image-preview":"max-image-preview:large","max-video-preview":"max-video-preview:-1"},"canonical":"https:\/\/multi-mam.com\/hr\/savjeti-strucnjaka\/dojenje-novorodencadi\/","og_locale":"hr_HR","og_type":"article","og_title":"Dojenje novoro\u0111en\u010dadi - Multi-Mam","og_description":"Mlijeko koje va\u0161e tijelo proizvede nakon poro\u0111aja je prvo mleko ili kolostrum, i sadr\u017ei puno antitijela koja \u0107e za\u0161titi bebu od infekcija.","og_url":"https:\/\/multi-mam.com\/hr\/savjeti-strucnjaka\/dojenje-novorodencadi\/","og_site_name":"Multi-Mam","article_modified_time":"2023-08-02T14:26:46+00:00","twitter_card":"summary_large_image","twitter_misc":{"Est. reading time":"3 minutes"},"schema":{"@context":"https:\/\/schema.org","@graph":[{"@type":"WebPage","@id":"https:\/\/multi-mam.com\/hr\/savjeti-strucnjaka\/dojenje-novorodencadi\/","url":"https:\/\/multi-mam.com\/hr\/savjeti-strucnjaka\/dojenje-novorodencadi\/","name":"Dojenje novoro\u0111en\u010dadi - Multi-Mam","isPartOf":{"@id":"https:\/\/multi-mam.com\/hr\/#website"},"datePublished":"2023-03-08T12:17:58+00:00","dateModified":"2023-08-02T14:26:46+00:00","description":"Mlijeko koje va\u0161e tijelo proizvede nakon poro\u0111aja je prvo mleko ili kolostrum, i sadr\u017ei puno antitijela koja \u0107e za\u0161titi bebu od infekcija.","breadcrumb":{"@id":"https:\/\/multi-mam.com\/hr\/savjeti-strucnjaka\/dojenje-novorodencadi\/#breadcrumb"},"inLanguage":"hr-HR","potentialAction":[{"@type":"ReadAction","target":["https:\/\/multi-mam.com\/hr\/savjeti-strucnjaka\/dojenje-novorodencadi\/"]}]},{"@type":"BreadcrumbList","@id":"https:\/\/multi-mam.com\/hr\/savjeti-strucnjaka\/dojenje-novorodencadi\/#breadcrumb","itemListElement":[{"@type":"ListItem","position":1,"name":"Home","item":"https:\/\/multi-mam.com\/hr\/"},{"@type":"ListItem","position":2,"name":"Savjeti stru\u010dnjaka","item":"https:\/\/multi-mam.com\/hr\/savjeti-strucnjaka\/"},{"@type":"ListItem","position":3,"name":"Dojenje novoro\u0111en\u010dadi"}]},{"@type":"WebSite","@id":"https:\/\/multi-mam.com\/hr\/#website","url":"https:\/\/multi-mam.com\/hr\/","name":"Multi-Mam","description":"","publisher":{"@id":"https:\/\/multi-mam.com\/hr\/#organization"},"potentialAction":[{"@type":"SearchAction","target":{"@type":"EntryPoint","urlTemplate":"https:\/\/multi-mam.com\/hr\/?s={search_term_string}"},"query-input":{"@type":"PropertyValueSpecification","valueRequired":true,"valueName":"search_term_string"}}],"inLanguage":"hr-HR"},{"@type":"Organization","@id":"https:\/\/multi-mam.com\/hr\/#organization","name":"Multi-Mam","url":"https:\/\/multi-mam.com\/hr\/","logo":{"@type":"ImageObject","inLanguage":"hr-HR","@id":"https:\/\/multi-mam.com\/hr\/#\/schema\/logo\/image\/","url":"https:\/\/multi-mam.com\/app\/uploads\/sites\/23\/2023\/03\/multi-mam-logotype.png","contentUrl":"https:\/\/multi-mam.com\/app\/uploads\/sites\/23\/2023\/03\/multi-mam-logotype.png","width":70,"height":96,"caption":"Multi-Mam"},"image":{"@id":"https:\/\/multi-mam.com\/hr\/#\/schema\/logo\/image\/"}}]}},"_links":{"self":[{"href":"https:\/\/multi-mam.com\/hr\/wp-json\/wp\/v2\/pages\/192","targetHints":{"allow":["GET"]}}],"collection":[{"href":"https:\/\/multi-mam.com\/hr\/wp-json\/wp\/v2\/pages"}],"about":[{"href":"https:\/\/multi-mam.com\/hr\/wp-json\/wp\/v2\/types\/page"}],"author":[{"embeddable":true,"href":"https:\/\/multi-mam.com\/hr\/wp-json\/wp\/v2\/users\/2"}],"replies":[{"embeddable":true,"href":"https:\/\/multi-mam.com\/hr\/wp-json\/wp\/v2\/comments?post=192"}],"version-history":[{"count":3,"href":"https:\/\/multi-mam.com\/hr\/wp-json\/wp\/v2\/pages\/192\/revisions"}],"predecessor-version":[{"id":279,"href":"https:\/\/multi-mam.com\/hr\/wp-json\/wp\/v2\/pages\/192\/revisions\/279"}],"up":[{"embeddable":true,"href":"https:\/\/multi-mam.com\/hr\/wp-json\/wp\/v2\/pages\/117"}],"wp:attachment":[{"href":"https:\/\/multi-mam.com\/hr\/wp-json\/wp\/v2\/media?parent=192"}],"wp:term":[{"taxonomy":"from-article-database","embeddable":true,"href":"https:\/\/multi-mam.com\/hr\/wp-json\/wp\/v2\/from-article-database?post=192"}],"curies":[{"name":"wp","href":"https:\/\/api.w.org\/{rel}","templated":true}]}}