{"id":189,"date":"2023-03-08T13:14:52","date_gmt":"2023-03-08T12:14:52","guid":{"rendered":"https:\/\/multi-mam.com\/hr\/?page_id=189"},"modified":"2023-08-02T16:26:49","modified_gmt":"2023-08-02T14:26:49","slug":"prehrana-tijekom-dojenja","status":"publish","type":"page","link":"https:\/\/multi-mam.com\/hr\/savjeti-strucnjaka\/prehrana-tijekom-dojenja\/","title":{"rendered":"Prehrana tijekom dojenja"},"content":{"rendered":"\n<div class=\"wp-block-karopharma-free-text pt-large pb-large bg-center bg-cover bg-no-repeat  is-style-primary\" style=\"background-image:url()\"><div class=\"free-text-wrapper container max-w-medium text-left\">\n<h1 class=\"is-style-heading-huge wp-block-heading\">Prehrana tijekom dojenja<\/h1>\n\n\n\n<p class=\"is-style-paragraph-preamble\">Vjerojatno ste negdje \u010duli da biste tijekom trudno\u0107e trebali jesti za dvoje. Iako bi moglo biti neke istine u ovom savjetu, ne biste ga trebali shvatiti doslovno. Studije su pokazale da prekomjeran unos hrane mo\u017ee pretvoriti trudni\u010dki dijabetes u dijabetes tipa 2, tako da prehranom bitno osigurati va\u0161em tijelu ono \u0161to mu treba, ali ne vi\u0161e od toga.<\/p>\n<\/div><\/div>\n\n\n\n<div class=\"wp-block-karopharma-free-text pt-large pb-large bg-center bg-cover bg-no-repeat  is-style-transparent\" style=\"background-image:url()\"><div class=\"free-text-wrapper container max-w-medium text-left\">\n<p>Pravila su sli\u010dna tijekom perioda dojenja. Trebali biste se hraniti zdravo, uravnote\u017eeno, sa \u0161irokim spektrom hranjivih tvari, u koli\u010dini koja zadovoljava potrebe va\u0161eg tijela. Dok dojite, dnevno tro\u0161ite i do 500 kalorija dnevno vi\u0161e, tako da ovisno o te\u017eini koju ste dobili tijekom trudno\u0107e, va\u0161em metabolizmu i drugim \u010dimbenicima, morate ili ne morate pove\u0107ati koli\u010dinu hrane koju unosite. Najsigurniji na\u010din da osigurate zdravu prehranu je sa slu\u0161ate svoje tijelo. Jedite kada ste gladni i pripremajte manje, ali zdravije obroke. Me\u0111utim, ako osjetite gubitak apetita, bilo bi dobro da se posavjetujete sa svojim lije\u010dnikom. Ponekada ovo mo\u017ee biti jedan od znakova post poro\u0111ajne depresije.<\/p>\n\n\n\n<h2 class=\"is-style-heading-h2 wp-block-heading\">\u0160to to\u010dno zna\u010di \u201curavnote\u017eena prehrana\u201d?<\/h2>\n\n\n\n<p>Klju\u010d je u raznolikosti. Ako jedete razli\u010ditu hranu, okus va\u0161eg mlijeka \u0107e se mijenjati, \u0161to \u0107e dozvoliti va\u0161oj bebi da se prilagodi i da prihvati razne okuse prije nego po\u010dne jesti \u010dvrstu hranu. Zdrava prehrana oslanja se na pravu hranu umjesto na industrijski prera\u0111ene proizvode koji imaju jako malo hranjivih tvari, a puno sastojaka koji nisu potrebni va\u0161em tijelu kao \u0161to su bojila i pobolj\u0161iva\u0107i okusa. Kada je rije\u010d o hrani koju biste trebali imate na tanjuru, ciljajte svakodnevno jesti sastojke iz svih grupa namirnica opisanih ispod:<\/p>\n\n\n\n<ul class=\"is-style-default wp-block-list\"><li>Hrana bogata proteinima kao meso, jaja, riba (s niskim koncentracijama \u017eive), mlije\u010dni proizvodi, grah i le\u0107a<\/li><li>Integralni kruh i ri\u017ea kao izvori \u0161kroba<\/li><li>Puno vo\u0107a i povr\u0107a, posebno zeleno lisnato povr\u0107e<\/li><li>Hrana bogata kalcijem, kao \u0161to su mlije\u010dni proizvodi<\/li><li>Zdrave masti koje se mogu prona\u0107i u orasima, avokadu, ribi i ekstra djevi\u010danskom maslinovom ulju<\/li><li>Puno vode<\/li><\/ul>\n\n\n\n<h2 class=\"is-style-heading-h2 wp-block-heading\">Hrana koju biste trebali izbjegavati tijekom dojenja<\/h2>\n\n\n\n<p>Iako je generalna preporuka da jedete uglavnom sve ali s mjerom, postoji odre\u0111ena hrana koju biste trebali ograni\u010diti ili u potpunosti izbje\u0107i.<\/p>\n\n\n\n<p>Konzumiranje kravljeg mlijeka mo\u017ee utjecati na va\u0161u bebu i izazvati simptome kao \u0161to su nadutost, osip, nate\u010denost u licu, dijareja, povra\u0107anje itd. Uzrok tome je protein u kravljem mlijeku na koji je va\u0161a beba mo\u017eda alergi\u010dna. Ako mislite da je to u pitanju, razgovarajte s va\u0161im lije\u010dnikom i pauzirajte konzumaciju kravljeg mlijeka na nekoliko tjedana, kako biste vidjeli ho\u0107e li se simptomi va\u0161e bebe povu\u0107i.<\/p>\n\n\n\n<p>Izbjegavajte kofein tijekom dojenja. Op\u0107enita preporuka je ne vi\u0161e od 200 mg kave dnevno za majke dojilje. Imajte na umu da kofeina nema samo u kavi, ve\u0107 i u crnom \u010daju, energetskim i nekim gaziranim pi\u0107ima. Pove\u0107ani unos kofeina va\u0161oj bebi mo\u017ee prouzrokovati nemir, nervozu i probleme sa spavanjem.<\/p>\n\n\n\n<p>Alkohol prolazi kroz maj\u010dino mlijeko do bebe, zbog \u010dega biste trebali izbjegavati unos alkohola tijekom dojenja.<\/p>\n\n\n\n<p>Ponekada \u0107ete primijetiti da va\u0161a beba ima gr\u010deve nakon \u0161to jedete za\u010dine ili povr\u0107e kao luk, poriluk ili grah. To mo\u017ee biti slu\u010dajnost, ali ako primijetite gr\u010deve kod va\u0161e bebe svaki put nakon odre\u0111ene hrane, preporu\u010duje se da mogu\u0107eg uzro\u010dnika privremeno izbacite iz prehrane.<\/p>\n\n\n\n<p>Ako ste navikli na zdravu prehranu s odre\u0111enim biljkama nije ju potrebno mijenjati ako va\u0161a beba ne pokazuje znakove da joj takva hrana smeta. Vjerojatno se ve\u0107 navikla na odre\u0111enu hranu tijekom vremena provedenog u maternici.<\/p>\n<\/div><\/div>\n","protected":false},"excerpt":{"rendered":"","protected":false},"author":2,"featured_media":0,"parent":117,"menu_order":19,"comment_status":"closed","ping_status":"closed","template":"","meta":{"_acf_changed":false,"footnotes":""},"from-article-database":[],"class_list":["post-189","page","type-page","status-publish","hentry"],"acf":[],"yoast_head":"<!-- This site is optimized with the Yoast SEO plugin v26.6 - https:\/\/yoast.com\/wordpress\/plugins\/seo\/ -->\n<title>Prehrana tijekom dojenja - Multi-Mam<\/title>\n<meta name=\"description\" content=\"Vjerojatno ste negdje \u010duli da biste tijekom trudno\u0107e trebali jesti za dvoje. Iako bi moglo biti neke istine u ovom savjetu, ne biste ga trebali shvatiti doslovno.\" \/>\n<meta name=\"robots\" content=\"index, follow, max-snippet:-1, max-image-preview:large, max-video-preview:-1\" \/>\n<link rel=\"canonical\" href=\"https:\/\/multi-mam.com\/hr\/savjeti-strucnjaka\/prehrana-tijekom-dojenja\/\" \/>\n<meta property=\"og:locale\" content=\"hr_HR\" \/>\n<meta property=\"og:type\" content=\"article\" \/>\n<meta property=\"og:title\" content=\"Prehrana tijekom dojenja - Multi-Mam\" \/>\n<meta property=\"og:description\" content=\"Vjerojatno ste negdje \u010duli da biste tijekom trudno\u0107e trebali jesti za dvoje. Iako bi moglo biti neke istine u ovom savjetu, ne biste ga trebali shvatiti doslovno.\" \/>\n<meta property=\"og:url\" content=\"https:\/\/multi-mam.com\/hr\/savjeti-strucnjaka\/prehrana-tijekom-dojenja\/\" \/>\n<meta property=\"og:site_name\" content=\"Multi-Mam\" \/>\n<meta property=\"article:modified_time\" content=\"2023-08-02T14:26:49+00:00\" \/>\n<meta name=\"twitter:card\" content=\"summary_large_image\" \/>\n<meta name=\"twitter:label1\" content=\"Est. reading time\" \/>\n\t<meta name=\"twitter:data1\" content=\"4 minutes\" \/>\n<script type=\"application\/ld+json\" class=\"yoast-schema-graph\">{\"@context\":\"https:\/\/schema.org\",\"@graph\":[{\"@type\":\"WebPage\",\"@id\":\"https:\/\/multi-mam.com\/hr\/savjeti-strucnjaka\/prehrana-tijekom-dojenja\/\",\"url\":\"https:\/\/multi-mam.com\/hr\/savjeti-strucnjaka\/prehrana-tijekom-dojenja\/\",\"name\":\"Prehrana tijekom dojenja - Multi-Mam\",\"isPartOf\":{\"@id\":\"https:\/\/multi-mam.com\/hr\/#website\"},\"datePublished\":\"2023-03-08T12:14:52+00:00\",\"dateModified\":\"2023-08-02T14:26:49+00:00\",\"description\":\"Vjerojatno ste negdje \u010duli da biste tijekom trudno\u0107e trebali jesti za dvoje. Iako bi moglo biti neke istine u ovom savjetu, ne biste ga trebali shvatiti doslovno.\",\"breadcrumb\":{\"@id\":\"https:\/\/multi-mam.com\/hr\/savjeti-strucnjaka\/prehrana-tijekom-dojenja\/#breadcrumb\"},\"inLanguage\":\"hr-HR\",\"potentialAction\":[{\"@type\":\"ReadAction\",\"target\":[\"https:\/\/multi-mam.com\/hr\/savjeti-strucnjaka\/prehrana-tijekom-dojenja\/\"]}]},{\"@type\":\"BreadcrumbList\",\"@id\":\"https:\/\/multi-mam.com\/hr\/savjeti-strucnjaka\/prehrana-tijekom-dojenja\/#breadcrumb\",\"itemListElement\":[{\"@type\":\"ListItem\",\"position\":1,\"name\":\"Home\",\"item\":\"https:\/\/multi-mam.com\/hr\/\"},{\"@type\":\"ListItem\",\"position\":2,\"name\":\"Savjeti stru\u010dnjaka\",\"item\":\"https:\/\/multi-mam.com\/hr\/savjeti-strucnjaka\/\"},{\"@type\":\"ListItem\",\"position\":3,\"name\":\"Prehrana tijekom dojenja\"}]},{\"@type\":\"WebSite\",\"@id\":\"https:\/\/multi-mam.com\/hr\/#website\",\"url\":\"https:\/\/multi-mam.com\/hr\/\",\"name\":\"Multi-Mam\",\"description\":\"\",\"publisher\":{\"@id\":\"https:\/\/multi-mam.com\/hr\/#organization\"},\"potentialAction\":[{\"@type\":\"SearchAction\",\"target\":{\"@type\":\"EntryPoint\",\"urlTemplate\":\"https:\/\/multi-mam.com\/hr\/?s={search_term_string}\"},\"query-input\":{\"@type\":\"PropertyValueSpecification\",\"valueRequired\":true,\"valueName\":\"search_term_string\"}}],\"inLanguage\":\"hr-HR\"},{\"@type\":\"Organization\",\"@id\":\"https:\/\/multi-mam.com\/hr\/#organization\",\"name\":\"Multi-Mam\",\"url\":\"https:\/\/multi-mam.com\/hr\/\",\"logo\":{\"@type\":\"ImageObject\",\"inLanguage\":\"hr-HR\",\"@id\":\"https:\/\/multi-mam.com\/hr\/#\/schema\/logo\/image\/\",\"url\":\"https:\/\/multi-mam.com\/app\/uploads\/sites\/23\/2023\/03\/multi-mam-logotype.png\",\"contentUrl\":\"https:\/\/multi-mam.com\/app\/uploads\/sites\/23\/2023\/03\/multi-mam-logotype.png\",\"width\":70,\"height\":96,\"caption\":\"Multi-Mam\"},\"image\":{\"@id\":\"https:\/\/multi-mam.com\/hr\/#\/schema\/logo\/image\/\"}}]}<\/script>\n<!-- \/ Yoast SEO plugin. -->","yoast_head_json":{"title":"Prehrana tijekom dojenja - Multi-Mam","description":"Vjerojatno ste negdje \u010duli da biste tijekom trudno\u0107e trebali jesti za dvoje. Iako bi moglo biti neke istine u ovom savjetu, ne biste ga trebali shvatiti doslovno.","robots":{"index":"index","follow":"follow","max-snippet":"max-snippet:-1","max-image-preview":"max-image-preview:large","max-video-preview":"max-video-preview:-1"},"canonical":"https:\/\/multi-mam.com\/hr\/savjeti-strucnjaka\/prehrana-tijekom-dojenja\/","og_locale":"hr_HR","og_type":"article","og_title":"Prehrana tijekom dojenja - Multi-Mam","og_description":"Vjerojatno ste negdje \u010duli da biste tijekom trudno\u0107e trebali jesti za dvoje. Iako bi moglo biti neke istine u ovom savjetu, ne biste ga trebali shvatiti doslovno.","og_url":"https:\/\/multi-mam.com\/hr\/savjeti-strucnjaka\/prehrana-tijekom-dojenja\/","og_site_name":"Multi-Mam","article_modified_time":"2023-08-02T14:26:49+00:00","twitter_card":"summary_large_image","twitter_misc":{"Est. reading time":"4 minutes"},"schema":{"@context":"https:\/\/schema.org","@graph":[{"@type":"WebPage","@id":"https:\/\/multi-mam.com\/hr\/savjeti-strucnjaka\/prehrana-tijekom-dojenja\/","url":"https:\/\/multi-mam.com\/hr\/savjeti-strucnjaka\/prehrana-tijekom-dojenja\/","name":"Prehrana tijekom dojenja - Multi-Mam","isPartOf":{"@id":"https:\/\/multi-mam.com\/hr\/#website"},"datePublished":"2023-03-08T12:14:52+00:00","dateModified":"2023-08-02T14:26:49+00:00","description":"Vjerojatno ste negdje \u010duli da biste tijekom trudno\u0107e trebali jesti za dvoje. Iako bi moglo biti neke istine u ovom savjetu, ne biste ga trebali shvatiti doslovno.","breadcrumb":{"@id":"https:\/\/multi-mam.com\/hr\/savjeti-strucnjaka\/prehrana-tijekom-dojenja\/#breadcrumb"},"inLanguage":"hr-HR","potentialAction":[{"@type":"ReadAction","target":["https:\/\/multi-mam.com\/hr\/savjeti-strucnjaka\/prehrana-tijekom-dojenja\/"]}]},{"@type":"BreadcrumbList","@id":"https:\/\/multi-mam.com\/hr\/savjeti-strucnjaka\/prehrana-tijekom-dojenja\/#breadcrumb","itemListElement":[{"@type":"ListItem","position":1,"name":"Home","item":"https:\/\/multi-mam.com\/hr\/"},{"@type":"ListItem","position":2,"name":"Savjeti stru\u010dnjaka","item":"https:\/\/multi-mam.com\/hr\/savjeti-strucnjaka\/"},{"@type":"ListItem","position":3,"name":"Prehrana tijekom dojenja"}]},{"@type":"WebSite","@id":"https:\/\/multi-mam.com\/hr\/#website","url":"https:\/\/multi-mam.com\/hr\/","name":"Multi-Mam","description":"","publisher":{"@id":"https:\/\/multi-mam.com\/hr\/#organization"},"potentialAction":[{"@type":"SearchAction","target":{"@type":"EntryPoint","urlTemplate":"https:\/\/multi-mam.com\/hr\/?s={search_term_string}"},"query-input":{"@type":"PropertyValueSpecification","valueRequired":true,"valueName":"search_term_string"}}],"inLanguage":"hr-HR"},{"@type":"Organization","@id":"https:\/\/multi-mam.com\/hr\/#organization","name":"Multi-Mam","url":"https:\/\/multi-mam.com\/hr\/","logo":{"@type":"ImageObject","inLanguage":"hr-HR","@id":"https:\/\/multi-mam.com\/hr\/#\/schema\/logo\/image\/","url":"https:\/\/multi-mam.com\/app\/uploads\/sites\/23\/2023\/03\/multi-mam-logotype.png","contentUrl":"https:\/\/multi-mam.com\/app\/uploads\/sites\/23\/2023\/03\/multi-mam-logotype.png","width":70,"height":96,"caption":"Multi-Mam"},"image":{"@id":"https:\/\/multi-mam.com\/hr\/#\/schema\/logo\/image\/"}}]}},"_links":{"self":[{"href":"https:\/\/multi-mam.com\/hr\/wp-json\/wp\/v2\/pages\/189","targetHints":{"allow":["GET"]}}],"collection":[{"href":"https:\/\/multi-mam.com\/hr\/wp-json\/wp\/v2\/pages"}],"about":[{"href":"https:\/\/multi-mam.com\/hr\/wp-json\/wp\/v2\/types\/page"}],"author":[{"embeddable":true,"href":"https:\/\/multi-mam.com\/hr\/wp-json\/wp\/v2\/users\/2"}],"replies":[{"embeddable":true,"href":"https:\/\/multi-mam.com\/hr\/wp-json\/wp\/v2\/comments?post=189"}],"version-history":[{"count":3,"href":"https:\/\/multi-mam.com\/hr\/wp-json\/wp\/v2\/pages\/189\/revisions"}],"predecessor-version":[{"id":274,"href":"https:\/\/multi-mam.com\/hr\/wp-json\/wp\/v2\/pages\/189\/revisions\/274"}],"up":[{"embeddable":true,"href":"https:\/\/multi-mam.com\/hr\/wp-json\/wp\/v2\/pages\/117"}],"wp:attachment":[{"href":"https:\/\/multi-mam.com\/hr\/wp-json\/wp\/v2\/media?parent=189"}],"wp:term":[{"taxonomy":"from-article-database","embeddable":true,"href":"https:\/\/multi-mam.com\/hr\/wp-json\/wp\/v2\/from-article-database?post=189"}],"curies":[{"name":"wp","href":"https:\/\/api.w.org\/{rel}","templated":true}]}}