{"id":181,"date":"2023-03-08T12:18:23","date_gmt":"2023-03-08T11:18:23","guid":{"rendered":"https:\/\/multi-mam.com\/hr\/?page_id=181"},"modified":"2023-08-02T16:26:54","modified_gmt":"2023-08-02T14:26:54","slug":"problemi-sa-hvatanjem-dojke-kod-bebe","status":"publish","type":"page","link":"https:\/\/multi-mam.com\/hr\/savjeti-strucnjaka\/problemi-sa-hvatanjem-dojke-kod-bebe\/","title":{"rendered":"Problemi sa hvatanjem dojke kod bebe"},"content":{"rendered":"\n<div class=\"wp-block-karopharma-free-text pt-large pb-large bg-center bg-cover bg-no-repeat  is-style-primary\" style=\"background-image:url()\"><div class=\"free-text-wrapper container max-w-medium text-left\">\n<h1 class=\"is-style-heading-huge wp-block-heading\">Problemi sa hvatanjem dojke kod bebe<\/h1>\n\n\n\n<p class=\"is-style-paragraph-preamble\">Pravilni hvat je neophodan za uspje\u0161no i bezbolno dojenje. Pojam hvatanja dojke predstavlja proces kojim va\u0161e dijete ustima obuhvati va\u0161u bradavicu i cijelu areolu. Pravilan hvat zna\u010di da \u0107e va\u0161e dijete dobiti dovoljno mlijeka, a da su pritom va\u0161e bradavice za\u0161ti\u0107ene od mogu\u0107ih bolova i ispucale ko\u017ee. Lo\u0161e hvatanje mo\u017ee dovesti i do smanjenja proizvodnje mlijeka u dojkama, zbog \u010dega va\u0161e dijete mo\u017eda ne\u0107e dobivati na te\u017eini onoliko brzo koliko biste htjeli. Problemi s lo\u0161im hvatom su \u010desti, pa je s uspostavom pravilnog procesa dojenja va\u017eno po\u010deti \u0161to prije je to mogu\u0107e (po\u017eeljno ve\u0107 tijekom prvog sata nakon poroda) kako bi se izbjegli mogu\u0107i problemi.<\/p>\n<\/div><\/div>\n\n\n\n<div class=\"wp-block-karopharma-free-text pt-large pb-large bg-center bg-cover bg-no-repeat  is-style-transparent\" style=\"background-image:url()\"><div class=\"free-text-wrapper container max-w-medium text-left\">\n<h2 class=\"is-style-heading-h2 wp-block-heading\">Kako prepoznati dobar hvat?<\/h2>\n\n\n\n<p>Kada se beba pravilno uhvati, cijela bradavica i okolna areola trebale bi biti u ustima, s bradavicom usmjerenom prema zadnjem dijelu bebinih usta. U ovom polo\u017eaju, bebin jezik pokriva donje zube, \u010dime \u0161titi bradavicu od mogu\u0107ih povreda. Zato ka\u017eemo da dojenje na po\u010detku mo\u017ee biti malo neugodno, ali sve dok beba pravilno doji, ne bi trebalo biti bolno.<\/p>\n\n\n\n<p>Drugi znakovi pravilnog hvata uklju\u010duju osje\u0107aj laganog zatezanja u grudima i bebino gutanje mlijeka. Dodatno, ako ne osje\u0107ate bolove i ako va\u0161e dijete postupno dobiva na te\u017eini, mo\u017eete se re\u0107i da dojenje dr\u017eite pod kontrolom.<\/p>\n\n\n\n<p>Nepravilno dojenje mora biti prekinuto. Nje\u017eno uvucite va\u0161 prst izme\u0111u bebinih usana u kut usta i stvorite dovoljno prostora da se bradavica mo\u017ee izvu\u0107i. Onog trenutka kada je hvat prekinut, poku\u0161ajte ponovno.<\/p>\n\n\n\n<h2 class=\"is-style-heading-h2 wp-block-heading\">Kako mo\u017eete pomo\u0107i svom djetetu da se pravilno uhvati za dojku?<\/h2>\n\n\n\n<p>Dojenje mo\u017ee potrajati, pa prvo budite sigurni da ste se namjestili u polo\u017eaj koji vam najbolje odgovara. Mo\u017eete sjediti ili le\u017eati, \u0161to god vam vi\u0161e odgovara. Dobro bi bilo da oko sebe imate dovoljno jastuka, kojima biste u slu\u010daju potrebe mogli poduprijeti le\u0111a i glavu, ili ih mo\u017eete staviti izme\u0111u koljena. Ako je mogu\u0107e, dojite u mra\u010dnijoj, tihoj sobi s minimalnim distrakcijama. Ovo \u0107e pomo\u0107i i vama i va\u0161oj bebi da se opustite i upustite u dojenje. Me\u0111utim, va\u0161a beba ne bi trebala biti toliko opu\u0161tena da zaspe. Ako se ovo dogodi, lagano probudite va\u0161e dijete nje\u017enim dodirivanjem stopala ili micanjem nogu.<\/p>\n\n\n\n<p>Postoji nekoliko polo\u017eaja koje mo\u017eete iskoristiti kako biste postigli pravilan hvat. Dr\u017eite bebu dok le\u017ei ispred vas, dr\u017eite je tijelom ispod va\u0161e ruke, ili pored vas dok le\u017eite na boku. Koja god pozicija vama odgovara bitno je da se pridr\u017eavate istih smjernica. Bebina bi glava i tijelo trebali biti okrenuto prema dojci i priljubljeno uz va\u0161e tijelo. Bebina bi glava trebala biti u visini bradavice, kako se ne bi mu\u010dila da ju dohvati.<\/p>\n\n\n\n<p>Zatim, uzmite va\u0161u dojku rukom i istisnite nekoliko kapljica mlijeka. Osim \u0161to je ovo izvrstan na\u010din da bradavice za\u0161titite od povreda, ve\u0107 je i signal bebi da otvori usta i uzme bradavicu. Rukom usmjerite va\u0161u bradavicu prema zadnjem dijelu bebinih usta i prije nego \u0161to beba zatvori usta pribli\u017eite je bli\u017ee sebi. Bebina brada bi trebala biti pribijena uz dojku, s nosom pomalo udaljenim kako dojenje ne bi remetilo bebino disanje.<\/p>\n\n\n\n<p>Ako imate problema s hvatom, ne oklijevajte potra\u017eiti pomo\u0107. Razgovarajte sa svojim lije\u010dnikom, patrona\u017enom sestrom, prijateljima ili \u010dlanovima obitelji koji imaju iskustva s dojenjem.<\/p>\n<\/div><\/div>\n","protected":false},"excerpt":{"rendered":"","protected":false},"author":2,"featured_media":0,"parent":117,"menu_order":17,"comment_status":"closed","ping_status":"closed","template":"","meta":{"_acf_changed":false,"footnotes":""},"from-article-database":[],"class_list":["post-181","page","type-page","status-publish","hentry"],"acf":[],"yoast_head":"<!-- This site is optimized with the Yoast SEO plugin v26.6 - https:\/\/yoast.com\/wordpress\/plugins\/seo\/ -->\n<title>Problemi sa hvatanjem dojke kod bebe - Multi-Mam<\/title>\n<meta name=\"description\" content=\"Problemi s lo\u0161im hvatom su \u010desti, pa je s uspostavom pravilnog procesa dojenja va\u017eno po\u010deti \u0161to prije je to mogu\u0107e (po\u017eeljno ve\u0107 tijekom prvog sata nakon poroda) kako bi se izbjegli mogu\u0107io problemi.\" \/>\n<meta name=\"robots\" content=\"index, follow, max-snippet:-1, max-image-preview:large, max-video-preview:-1\" \/>\n<link rel=\"canonical\" href=\"https:\/\/multi-mam.com\/hr\/savjeti-strucnjaka\/problemi-sa-hvatanjem-dojke-kod-bebe\/\" \/>\n<meta property=\"og:locale\" content=\"hr_HR\" \/>\n<meta property=\"og:type\" content=\"article\" \/>\n<meta property=\"og:title\" content=\"Problemi sa hvatanjem dojke kod bebe - Multi-Mam\" \/>\n<meta property=\"og:description\" content=\"Problemi s lo\u0161im hvatom su \u010desti, pa je s uspostavom pravilnog procesa dojenja va\u017eno po\u010deti \u0161to prije je to mogu\u0107e (po\u017eeljno ve\u0107 tijekom prvog sata nakon poroda) kako bi se izbjegli mogu\u0107io problemi.\" \/>\n<meta property=\"og:url\" content=\"https:\/\/multi-mam.com\/hr\/savjeti-strucnjaka\/problemi-sa-hvatanjem-dojke-kod-bebe\/\" \/>\n<meta property=\"og:site_name\" content=\"Multi-Mam\" \/>\n<meta property=\"article:modified_time\" content=\"2023-08-02T14:26:54+00:00\" \/>\n<meta name=\"twitter:card\" content=\"summary_large_image\" \/>\n<meta name=\"twitter:label1\" content=\"Est. reading time\" \/>\n\t<meta name=\"twitter:data1\" content=\"3 minutes\" \/>\n<script type=\"application\/ld+json\" class=\"yoast-schema-graph\">{\"@context\":\"https:\/\/schema.org\",\"@graph\":[{\"@type\":\"WebPage\",\"@id\":\"https:\/\/multi-mam.com\/hr\/savjeti-strucnjaka\/problemi-sa-hvatanjem-dojke-kod-bebe\/\",\"url\":\"https:\/\/multi-mam.com\/hr\/savjeti-strucnjaka\/problemi-sa-hvatanjem-dojke-kod-bebe\/\",\"name\":\"Problemi sa hvatanjem dojke kod bebe - Multi-Mam\",\"isPartOf\":{\"@id\":\"https:\/\/multi-mam.com\/hr\/#website\"},\"datePublished\":\"2023-03-08T11:18:23+00:00\",\"dateModified\":\"2023-08-02T14:26:54+00:00\",\"description\":\"Problemi s lo\u0161im hvatom su \u010desti, pa je s uspostavom pravilnog procesa dojenja va\u017eno po\u010deti \u0161to prije je to mogu\u0107e (po\u017eeljno ve\u0107 tijekom prvog sata nakon poroda) kako bi se izbjegli mogu\u0107io problemi.\",\"breadcrumb\":{\"@id\":\"https:\/\/multi-mam.com\/hr\/savjeti-strucnjaka\/problemi-sa-hvatanjem-dojke-kod-bebe\/#breadcrumb\"},\"inLanguage\":\"hr-HR\",\"potentialAction\":[{\"@type\":\"ReadAction\",\"target\":[\"https:\/\/multi-mam.com\/hr\/savjeti-strucnjaka\/problemi-sa-hvatanjem-dojke-kod-bebe\/\"]}]},{\"@type\":\"BreadcrumbList\",\"@id\":\"https:\/\/multi-mam.com\/hr\/savjeti-strucnjaka\/problemi-sa-hvatanjem-dojke-kod-bebe\/#breadcrumb\",\"itemListElement\":[{\"@type\":\"ListItem\",\"position\":1,\"name\":\"Home\",\"item\":\"https:\/\/multi-mam.com\/hr\/\"},{\"@type\":\"ListItem\",\"position\":2,\"name\":\"Savjeti stru\u010dnjaka\",\"item\":\"https:\/\/multi-mam.com\/hr\/savjeti-strucnjaka\/\"},{\"@type\":\"ListItem\",\"position\":3,\"name\":\"Problemi sa hvatanjem dojke kod bebe\"}]},{\"@type\":\"WebSite\",\"@id\":\"https:\/\/multi-mam.com\/hr\/#website\",\"url\":\"https:\/\/multi-mam.com\/hr\/\",\"name\":\"Multi-Mam\",\"description\":\"\",\"publisher\":{\"@id\":\"https:\/\/multi-mam.com\/hr\/#organization\"},\"potentialAction\":[{\"@type\":\"SearchAction\",\"target\":{\"@type\":\"EntryPoint\",\"urlTemplate\":\"https:\/\/multi-mam.com\/hr\/?s={search_term_string}\"},\"query-input\":{\"@type\":\"PropertyValueSpecification\",\"valueRequired\":true,\"valueName\":\"search_term_string\"}}],\"inLanguage\":\"hr-HR\"},{\"@type\":\"Organization\",\"@id\":\"https:\/\/multi-mam.com\/hr\/#organization\",\"name\":\"Multi-Mam\",\"url\":\"https:\/\/multi-mam.com\/hr\/\",\"logo\":{\"@type\":\"ImageObject\",\"inLanguage\":\"hr-HR\",\"@id\":\"https:\/\/multi-mam.com\/hr\/#\/schema\/logo\/image\/\",\"url\":\"https:\/\/multi-mam.com\/app\/uploads\/sites\/23\/2023\/03\/multi-mam-logotype.png\",\"contentUrl\":\"https:\/\/multi-mam.com\/app\/uploads\/sites\/23\/2023\/03\/multi-mam-logotype.png\",\"width\":70,\"height\":96,\"caption\":\"Multi-Mam\"},\"image\":{\"@id\":\"https:\/\/multi-mam.com\/hr\/#\/schema\/logo\/image\/\"}}]}<\/script>\n<!-- \/ Yoast SEO plugin. -->","yoast_head_json":{"title":"Problemi sa hvatanjem dojke kod bebe - Multi-Mam","description":"Problemi s lo\u0161im hvatom su \u010desti, pa je s uspostavom pravilnog procesa dojenja va\u017eno po\u010deti \u0161to prije je to mogu\u0107e (po\u017eeljno ve\u0107 tijekom prvog sata nakon poroda) kako bi se izbjegli mogu\u0107io problemi.","robots":{"index":"index","follow":"follow","max-snippet":"max-snippet:-1","max-image-preview":"max-image-preview:large","max-video-preview":"max-video-preview:-1"},"canonical":"https:\/\/multi-mam.com\/hr\/savjeti-strucnjaka\/problemi-sa-hvatanjem-dojke-kod-bebe\/","og_locale":"hr_HR","og_type":"article","og_title":"Problemi sa hvatanjem dojke kod bebe - Multi-Mam","og_description":"Problemi s lo\u0161im hvatom su \u010desti, pa je s uspostavom pravilnog procesa dojenja va\u017eno po\u010deti \u0161to prije je to mogu\u0107e (po\u017eeljno ve\u0107 tijekom prvog sata nakon poroda) kako bi se izbjegli mogu\u0107io problemi.","og_url":"https:\/\/multi-mam.com\/hr\/savjeti-strucnjaka\/problemi-sa-hvatanjem-dojke-kod-bebe\/","og_site_name":"Multi-Mam","article_modified_time":"2023-08-02T14:26:54+00:00","twitter_card":"summary_large_image","twitter_misc":{"Est. reading time":"3 minutes"},"schema":{"@context":"https:\/\/schema.org","@graph":[{"@type":"WebPage","@id":"https:\/\/multi-mam.com\/hr\/savjeti-strucnjaka\/problemi-sa-hvatanjem-dojke-kod-bebe\/","url":"https:\/\/multi-mam.com\/hr\/savjeti-strucnjaka\/problemi-sa-hvatanjem-dojke-kod-bebe\/","name":"Problemi sa hvatanjem dojke kod bebe - Multi-Mam","isPartOf":{"@id":"https:\/\/multi-mam.com\/hr\/#website"},"datePublished":"2023-03-08T11:18:23+00:00","dateModified":"2023-08-02T14:26:54+00:00","description":"Problemi s lo\u0161im hvatom su \u010desti, pa je s uspostavom pravilnog procesa dojenja va\u017eno po\u010deti \u0161to prije je to mogu\u0107e (po\u017eeljno ve\u0107 tijekom prvog sata nakon poroda) kako bi se izbjegli mogu\u0107io problemi.","breadcrumb":{"@id":"https:\/\/multi-mam.com\/hr\/savjeti-strucnjaka\/problemi-sa-hvatanjem-dojke-kod-bebe\/#breadcrumb"},"inLanguage":"hr-HR","potentialAction":[{"@type":"ReadAction","target":["https:\/\/multi-mam.com\/hr\/savjeti-strucnjaka\/problemi-sa-hvatanjem-dojke-kod-bebe\/"]}]},{"@type":"BreadcrumbList","@id":"https:\/\/multi-mam.com\/hr\/savjeti-strucnjaka\/problemi-sa-hvatanjem-dojke-kod-bebe\/#breadcrumb","itemListElement":[{"@type":"ListItem","position":1,"name":"Home","item":"https:\/\/multi-mam.com\/hr\/"},{"@type":"ListItem","position":2,"name":"Savjeti stru\u010dnjaka","item":"https:\/\/multi-mam.com\/hr\/savjeti-strucnjaka\/"},{"@type":"ListItem","position":3,"name":"Problemi sa hvatanjem dojke kod bebe"}]},{"@type":"WebSite","@id":"https:\/\/multi-mam.com\/hr\/#website","url":"https:\/\/multi-mam.com\/hr\/","name":"Multi-Mam","description":"","publisher":{"@id":"https:\/\/multi-mam.com\/hr\/#organization"},"potentialAction":[{"@type":"SearchAction","target":{"@type":"EntryPoint","urlTemplate":"https:\/\/multi-mam.com\/hr\/?s={search_term_string}"},"query-input":{"@type":"PropertyValueSpecification","valueRequired":true,"valueName":"search_term_string"}}],"inLanguage":"hr-HR"},{"@type":"Organization","@id":"https:\/\/multi-mam.com\/hr\/#organization","name":"Multi-Mam","url":"https:\/\/multi-mam.com\/hr\/","logo":{"@type":"ImageObject","inLanguage":"hr-HR","@id":"https:\/\/multi-mam.com\/hr\/#\/schema\/logo\/image\/","url":"https:\/\/multi-mam.com\/app\/uploads\/sites\/23\/2023\/03\/multi-mam-logotype.png","contentUrl":"https:\/\/multi-mam.com\/app\/uploads\/sites\/23\/2023\/03\/multi-mam-logotype.png","width":70,"height":96,"caption":"Multi-Mam"},"image":{"@id":"https:\/\/multi-mam.com\/hr\/#\/schema\/logo\/image\/"}}]}},"_links":{"self":[{"href":"https:\/\/multi-mam.com\/hr\/wp-json\/wp\/v2\/pages\/181","targetHints":{"allow":["GET"]}}],"collection":[{"href":"https:\/\/multi-mam.com\/hr\/wp-json\/wp\/v2\/pages"}],"about":[{"href":"https:\/\/multi-mam.com\/hr\/wp-json\/wp\/v2\/types\/page"}],"author":[{"embeddable":true,"href":"https:\/\/multi-mam.com\/hr\/wp-json\/wp\/v2\/users\/2"}],"replies":[{"embeddable":true,"href":"https:\/\/multi-mam.com\/hr\/wp-json\/wp\/v2\/comments?post=181"}],"version-history":[{"count":4,"href":"https:\/\/multi-mam.com\/hr\/wp-json\/wp\/v2\/pages\/181\/revisions"}],"predecessor-version":[{"id":280,"href":"https:\/\/multi-mam.com\/hr\/wp-json\/wp\/v2\/pages\/181\/revisions\/280"}],"up":[{"embeddable":true,"href":"https:\/\/multi-mam.com\/hr\/wp-json\/wp\/v2\/pages\/117"}],"wp:attachment":[{"href":"https:\/\/multi-mam.com\/hr\/wp-json\/wp\/v2\/media?parent=181"}],"wp:term":[{"taxonomy":"from-article-database","embeddable":true,"href":"https:\/\/multi-mam.com\/hr\/wp-json\/wp\/v2\/from-article-database?post=181"}],"curies":[{"name":"wp","href":"https:\/\/api.w.org\/{rel}","templated":true}]}}