{"id":172,"date":"2023-03-08T11:40:40","date_gmt":"2023-03-08T10:40:40","guid":{"rendered":"https:\/\/multi-mam.com\/hr\/?page_id=172"},"modified":"2023-08-02T16:26:58","modified_gmt":"2023-08-02T14:26:58","slug":"njega-bradavica","status":"publish","type":"page","link":"https:\/\/multi-mam.com\/hr\/savjeti-strucnjaka\/njega-bradavica\/","title":{"rendered":"Njega bradavica"},"content":{"rendered":"\n<div class=\"wp-block-karopharma-free-text pt-large pb-large bg-center bg-cover bg-no-repeat  is-style-primary\" style=\"background-image:url()\"><div class=\"free-text-wrapper container max-w-medium text-left\">\n<h1 class=\"is-style-heading-huge wp-block-heading\">Njega bradavica<\/h1>\n\n\n\n<p class=\"is-style-paragraph-preamble\">Potrebno je vremena da se naviknete na dojenje. U po\u010detku je osje\u0107aj mo\u017eda neobi\u010dan i pomalo neugodan. Me\u0111utim, ubrzo \u0107ete se naviknuti i bol ne bi smjela biti sastavnim dijelom dojenja. Bol je uglavnom znak da ne\u0161to nije u redu, a naj\u010de\u0161\u0107i krivac je nepravilna pozicija tijekom dojenja. Kako bi vam dojenje bilo ugodno i bezbolno, sastavili smo listu op\u0107enitih uputa vezanih za njegu grudi i bradavica.<\/p>\n<\/div><\/div>\n\n\n\n<div class=\"wp-block-karopharma-free-text pt-large pb-large bg-center bg-cover bg-no-repeat  is-style-transparent\" style=\"background-image:url()\"><div class=\"free-text-wrapper container max-w-medium text-left\">\n<h2 class=\"is-style-heading-h2 wp-block-heading\">Kako voditi brigu o va\u0161im grudima i bradavicama tijekom dojenja?<\/h2>\n\n\n\n<p>Op\u0107enite preporuke o higijeni su prili\u010dno direktne i jednostavne; ispiranje grudi s toplom vodom trebalo bi biti dovoljno. Izbjegavajte kori\u0161tenje gelova za tu\u0161iranje, kupki ili sapuna koji sadr\u017ee deterd\u017eente na ko\u017ei va\u0161ih grudi i bradavica. Ovi proizvodi imaju dehidriraju\u0107i u\u010dinak jer izvla\u010de prirodna ulja s povr\u0161ine i \u010dine ko\u017eu ispucalom i iritiranom. Nakon tu\u0161iranja ili dojenja, dopustite va\u0161im bradavicama da se osu\u0161e na zraku.<\/p>\n\n\n\n<p>Dobra navika je da nakon dojenja istisnete i razma\u017eete nekoliko kapljica mlijeka po bradavicama. Tako\u0111er, mo\u017eete koristiti balzam za njegu bradavica koji \u0107e nahraniti ko\u017eu i za\u0161titi bradavice od povrede. Kada birate takav balzam, vodite ra\u010duna da izaberete onaj koji nije potrebno ispirati prije dojenja i koji je siguran ako ga va\u0161a beba proguta. Ovo je bitno jer ispiranje bradavica vodom prije dojenja mo\u017ee uzrokovati suho\u0107u bradavica, \u010dime one postaju izlo\u017eenije zatezanju i povredama. Osim \u0161to olak\u0161ava upotrebu, ostavljanje balzama na bradavicama tijekom dojenja omogu\u0107ava i dodatnu za\u0161titu.<\/p>\n\n\n\n<p>Izbjegavajte kori\u0161tenje grudnjaka za dojenje sa sinteti\u010dkim jastu\u010di\u0107ima. Ovakvi materijali onemogu\u0107avaju ko\u017ei da di\u0161e i mogu stvoriti savr\u0161enu podlogu za razmno\u017eavanje mikroorganizama koji mogu uzrokovati upalu. Redovno mijenjajte jastu\u010di\u0107e, kako ne biste morali provesti vrijeme lije\u010de\u0107i va\u0161e bradavice.<\/p>\n\n\n\n<h2 class=\"is-style-heading-h2 wp-block-heading\">\u0160to napraviti ako su vam bradavice bolne?<\/h2>\n\n\n\n<p>Prije svega, ako osje\u0107ate bol tijekom dojenja, ne oklijevajte zatra\u017eiti pomo\u0107 stru\u010dne osobe ili va\u0161eg lije\u010dnika. Dobar hvat grudi ve\u0107 na po\u010detku \u0107e sprije\u010diti nelagodu, tako da ako imate neko pitanje ili brigu, slobodno pitajte nekoga.<\/p>\n\n\n\n<p>Ako su vam bradavice ve\u0107 bolne, mo\u017eete koristiti komprese za grudi kako biste ubrzali proces oporavka. Ako je bol jaka, hladne komprese vam mogu pomo\u0107i, ali nemojte ih stavljati direktno na ko\u017eu. Ako je bol izuzetno jaka, mo\u017eete izdojiti mlijeko u skladu s va\u0161im uobi\u010dajenim rasporedom hranjenja kako biste sprije\u010dili mastitis. Mlijeko koje izdojite je savr\u0161eno sigurno za bebu. Mlijeko mo\u017eete izdojiti rukom ili pumpom. Na\u0161 je savjet da razgovarate sa stru\u010dnom osobom kako biste zaklju\u010dili \u0161to bi vam moglo najvi\u0161e odgovarati.<\/p>\n\n\n\n<p>Ponekada, gljivi\u010dna infekcija mo\u017ee biti uzrok bolnim bradavicama. U tom slu\u010daju, razgovarajte s va\u0161im lije\u010dnikom oko prikladne terapije za vas i va\u0161u bebu, po\u0161to su \u0161anse da se i u ustima va\u0161e bebe nalaze gljivice.<\/p>\n\n\n\n<p>Kada vas bole grudi, va\u0161oj bebi prvo ponudite manje bolnu dojku. Prvi hvat je najsna\u017eniji, pa bi mogao uzrokovati najvi\u0161e boli. Nakon \u0161to je va\u0161a beba dojila neko vrijeme, hvatat \u0107e manje agresivno. Tako\u0111er, eksperimentirate s razli\u010ditim pozicijama dojenja. Prona\u0111ite \u0161to najbolje odgovara vama i va\u0161oj bebi i osigurate tih prostor bez distrakcija gdje se va\u0161a beba mo\u017ee opustiti i usredoto\u010diti na dojenje. Ovo mo\u017ee sprije\u010diti povremeni ugriz ili \u017evakanje bradavice.<\/p>\n<\/div><\/div>\n","protected":false},"excerpt":{"rendered":"","protected":false},"author":2,"featured_media":0,"parent":117,"menu_order":15,"comment_status":"closed","ping_status":"closed","template":"","meta":{"_acf_changed":false,"footnotes":""},"from-article-database":[],"class_list":["post-172","page","type-page","status-publish","hentry"],"acf":[],"yoast_head":"<!-- This site is optimized with the Yoast SEO plugin v26.6 - https:\/\/yoast.com\/wordpress\/plugins\/seo\/ -->\n<title>Njega bradavica - Multi-Mam<\/title>\n<meta name=\"description\" content=\"Potrebno je vremena da se naviknete na dojenje. U po\u010detku je osje\u0107aj mo\u017eda neobi\u010dan i pomalo neugodan. Me\u0111utim, ubrzo \u0107ete se naviknuti i bol ne bi smjela biti sastavnim dijelom dojenja.\" \/>\n<meta name=\"robots\" content=\"index, follow, max-snippet:-1, max-image-preview:large, max-video-preview:-1\" \/>\n<link rel=\"canonical\" href=\"https:\/\/multi-mam.com\/hr\/savjeti-strucnjaka\/njega-bradavica\/\" \/>\n<meta property=\"og:locale\" content=\"hr_HR\" \/>\n<meta property=\"og:type\" content=\"article\" \/>\n<meta property=\"og:title\" content=\"Njega bradavica - Multi-Mam\" \/>\n<meta property=\"og:description\" content=\"Potrebno je vremena da se naviknete na dojenje. U po\u010detku je osje\u0107aj mo\u017eda neobi\u010dan i pomalo neugodan. Me\u0111utim, ubrzo \u0107ete se naviknuti i bol ne bi smjela biti sastavnim dijelom dojenja.\" \/>\n<meta property=\"og:url\" content=\"https:\/\/multi-mam.com\/hr\/savjeti-strucnjaka\/njega-bradavica\/\" \/>\n<meta property=\"og:site_name\" content=\"Multi-Mam\" \/>\n<meta property=\"article:modified_time\" content=\"2023-08-02T14:26:58+00:00\" \/>\n<meta name=\"twitter:card\" content=\"summary_large_image\" \/>\n<meta name=\"twitter:label1\" content=\"Est. reading time\" \/>\n\t<meta name=\"twitter:data1\" content=\"3 minutes\" \/>\n<script type=\"application\/ld+json\" class=\"yoast-schema-graph\">{\"@context\":\"https:\/\/schema.org\",\"@graph\":[{\"@type\":\"WebPage\",\"@id\":\"https:\/\/multi-mam.com\/hr\/savjeti-strucnjaka\/njega-bradavica\/\",\"url\":\"https:\/\/multi-mam.com\/hr\/savjeti-strucnjaka\/njega-bradavica\/\",\"name\":\"Njega bradavica - Multi-Mam\",\"isPartOf\":{\"@id\":\"https:\/\/multi-mam.com\/hr\/#website\"},\"datePublished\":\"2023-03-08T10:40:40+00:00\",\"dateModified\":\"2023-08-02T14:26:58+00:00\",\"description\":\"Potrebno je vremena da se naviknete na dojenje. U po\u010detku je osje\u0107aj mo\u017eda neobi\u010dan i pomalo neugodan. Me\u0111utim, ubrzo \u0107ete se naviknuti i bol ne bi smjela biti sastavnim dijelom dojenja.\",\"breadcrumb\":{\"@id\":\"https:\/\/multi-mam.com\/hr\/savjeti-strucnjaka\/njega-bradavica\/#breadcrumb\"},\"inLanguage\":\"hr-HR\",\"potentialAction\":[{\"@type\":\"ReadAction\",\"target\":[\"https:\/\/multi-mam.com\/hr\/savjeti-strucnjaka\/njega-bradavica\/\"]}]},{\"@type\":\"BreadcrumbList\",\"@id\":\"https:\/\/multi-mam.com\/hr\/savjeti-strucnjaka\/njega-bradavica\/#breadcrumb\",\"itemListElement\":[{\"@type\":\"ListItem\",\"position\":1,\"name\":\"Home\",\"item\":\"https:\/\/multi-mam.com\/hr\/\"},{\"@type\":\"ListItem\",\"position\":2,\"name\":\"Savjeti stru\u010dnjaka\",\"item\":\"https:\/\/multi-mam.com\/hr\/savjeti-strucnjaka\/\"},{\"@type\":\"ListItem\",\"position\":3,\"name\":\"Njega bradavica\"}]},{\"@type\":\"WebSite\",\"@id\":\"https:\/\/multi-mam.com\/hr\/#website\",\"url\":\"https:\/\/multi-mam.com\/hr\/\",\"name\":\"Multi-Mam\",\"description\":\"\",\"publisher\":{\"@id\":\"https:\/\/multi-mam.com\/hr\/#organization\"},\"potentialAction\":[{\"@type\":\"SearchAction\",\"target\":{\"@type\":\"EntryPoint\",\"urlTemplate\":\"https:\/\/multi-mam.com\/hr\/?s={search_term_string}\"},\"query-input\":{\"@type\":\"PropertyValueSpecification\",\"valueRequired\":true,\"valueName\":\"search_term_string\"}}],\"inLanguage\":\"hr-HR\"},{\"@type\":\"Organization\",\"@id\":\"https:\/\/multi-mam.com\/hr\/#organization\",\"name\":\"Multi-Mam\",\"url\":\"https:\/\/multi-mam.com\/hr\/\",\"logo\":{\"@type\":\"ImageObject\",\"inLanguage\":\"hr-HR\",\"@id\":\"https:\/\/multi-mam.com\/hr\/#\/schema\/logo\/image\/\",\"url\":\"https:\/\/multi-mam.com\/app\/uploads\/sites\/23\/2023\/03\/multi-mam-logotype.png\",\"contentUrl\":\"https:\/\/multi-mam.com\/app\/uploads\/sites\/23\/2023\/03\/multi-mam-logotype.png\",\"width\":70,\"height\":96,\"caption\":\"Multi-Mam\"},\"image\":{\"@id\":\"https:\/\/multi-mam.com\/hr\/#\/schema\/logo\/image\/\"}}]}<\/script>\n<!-- \/ Yoast SEO plugin. -->","yoast_head_json":{"title":"Njega bradavica - Multi-Mam","description":"Potrebno je vremena da se naviknete na dojenje. U po\u010detku je osje\u0107aj mo\u017eda neobi\u010dan i pomalo neugodan. Me\u0111utim, ubrzo \u0107ete se naviknuti i bol ne bi smjela biti sastavnim dijelom dojenja.","robots":{"index":"index","follow":"follow","max-snippet":"max-snippet:-1","max-image-preview":"max-image-preview:large","max-video-preview":"max-video-preview:-1"},"canonical":"https:\/\/multi-mam.com\/hr\/savjeti-strucnjaka\/njega-bradavica\/","og_locale":"hr_HR","og_type":"article","og_title":"Njega bradavica - Multi-Mam","og_description":"Potrebno je vremena da se naviknete na dojenje. U po\u010detku je osje\u0107aj mo\u017eda neobi\u010dan i pomalo neugodan. Me\u0111utim, ubrzo \u0107ete se naviknuti i bol ne bi smjela biti sastavnim dijelom dojenja.","og_url":"https:\/\/multi-mam.com\/hr\/savjeti-strucnjaka\/njega-bradavica\/","og_site_name":"Multi-Mam","article_modified_time":"2023-08-02T14:26:58+00:00","twitter_card":"summary_large_image","twitter_misc":{"Est. reading time":"3 minutes"},"schema":{"@context":"https:\/\/schema.org","@graph":[{"@type":"WebPage","@id":"https:\/\/multi-mam.com\/hr\/savjeti-strucnjaka\/njega-bradavica\/","url":"https:\/\/multi-mam.com\/hr\/savjeti-strucnjaka\/njega-bradavica\/","name":"Njega bradavica - Multi-Mam","isPartOf":{"@id":"https:\/\/multi-mam.com\/hr\/#website"},"datePublished":"2023-03-08T10:40:40+00:00","dateModified":"2023-08-02T14:26:58+00:00","description":"Potrebno je vremena da se naviknete na dojenje. U po\u010detku je osje\u0107aj mo\u017eda neobi\u010dan i pomalo neugodan. Me\u0111utim, ubrzo \u0107ete se naviknuti i bol ne bi smjela biti sastavnim dijelom dojenja.","breadcrumb":{"@id":"https:\/\/multi-mam.com\/hr\/savjeti-strucnjaka\/njega-bradavica\/#breadcrumb"},"inLanguage":"hr-HR","potentialAction":[{"@type":"ReadAction","target":["https:\/\/multi-mam.com\/hr\/savjeti-strucnjaka\/njega-bradavica\/"]}]},{"@type":"BreadcrumbList","@id":"https:\/\/multi-mam.com\/hr\/savjeti-strucnjaka\/njega-bradavica\/#breadcrumb","itemListElement":[{"@type":"ListItem","position":1,"name":"Home","item":"https:\/\/multi-mam.com\/hr\/"},{"@type":"ListItem","position":2,"name":"Savjeti stru\u010dnjaka","item":"https:\/\/multi-mam.com\/hr\/savjeti-strucnjaka\/"},{"@type":"ListItem","position":3,"name":"Njega bradavica"}]},{"@type":"WebSite","@id":"https:\/\/multi-mam.com\/hr\/#website","url":"https:\/\/multi-mam.com\/hr\/","name":"Multi-Mam","description":"","publisher":{"@id":"https:\/\/multi-mam.com\/hr\/#organization"},"potentialAction":[{"@type":"SearchAction","target":{"@type":"EntryPoint","urlTemplate":"https:\/\/multi-mam.com\/hr\/?s={search_term_string}"},"query-input":{"@type":"PropertyValueSpecification","valueRequired":true,"valueName":"search_term_string"}}],"inLanguage":"hr-HR"},{"@type":"Organization","@id":"https:\/\/multi-mam.com\/hr\/#organization","name":"Multi-Mam","url":"https:\/\/multi-mam.com\/hr\/","logo":{"@type":"ImageObject","inLanguage":"hr-HR","@id":"https:\/\/multi-mam.com\/hr\/#\/schema\/logo\/image\/","url":"https:\/\/multi-mam.com\/app\/uploads\/sites\/23\/2023\/03\/multi-mam-logotype.png","contentUrl":"https:\/\/multi-mam.com\/app\/uploads\/sites\/23\/2023\/03\/multi-mam-logotype.png","width":70,"height":96,"caption":"Multi-Mam"},"image":{"@id":"https:\/\/multi-mam.com\/hr\/#\/schema\/logo\/image\/"}}]}},"_links":{"self":[{"href":"https:\/\/multi-mam.com\/hr\/wp-json\/wp\/v2\/pages\/172","targetHints":{"allow":["GET"]}}],"collection":[{"href":"https:\/\/multi-mam.com\/hr\/wp-json\/wp\/v2\/pages"}],"about":[{"href":"https:\/\/multi-mam.com\/hr\/wp-json\/wp\/v2\/types\/page"}],"author":[{"embeddable":true,"href":"https:\/\/multi-mam.com\/hr\/wp-json\/wp\/v2\/users\/2"}],"replies":[{"embeddable":true,"href":"https:\/\/multi-mam.com\/hr\/wp-json\/wp\/v2\/comments?post=172"}],"version-history":[{"count":3,"href":"https:\/\/multi-mam.com\/hr\/wp-json\/wp\/v2\/pages\/172\/revisions"}],"predecessor-version":[{"id":282,"href":"https:\/\/multi-mam.com\/hr\/wp-json\/wp\/v2\/pages\/172\/revisions\/282"}],"up":[{"embeddable":true,"href":"https:\/\/multi-mam.com\/hr\/wp-json\/wp\/v2\/pages\/117"}],"wp:attachment":[{"href":"https:\/\/multi-mam.com\/hr\/wp-json\/wp\/v2\/media?parent=172"}],"wp:term":[{"taxonomy":"from-article-database","embeddable":true,"href":"https:\/\/multi-mam.com\/hr\/wp-json\/wp\/v2\/from-article-database?post=172"}],"curies":[{"name":"wp","href":"https:\/\/api.w.org\/{rel}","templated":true}]}}