{"id":169,"date":"2023-03-08T11:32:06","date_gmt":"2023-03-08T10:32:06","guid":{"rendered":"https:\/\/multi-mam.com\/hr\/?page_id=169"},"modified":"2023-08-02T16:27:00","modified_gmt":"2023-08-02T14:27:00","slug":"zacepljen-mlijecni-kanal","status":"publish","type":"page","link":"https:\/\/multi-mam.com\/hr\/savjeti-strucnjaka\/zacepljen-mlijecni-kanal\/","title":{"rendered":"Za\u010depljen mlije\u010dni kanal"},"content":{"rendered":"\n<div class=\"wp-block-karopharma-free-text pt-large pb-large bg-center bg-cover bg-no-repeat  is-style-primary\" style=\"background-image:url()\"><div class=\"free-text-wrapper container max-w-medium text-left\">\n<h1 class=\"is-style-heading-huge wp-block-heading\">Za\u010depljen mlije\u010dni kanal<\/h1>\n\n\n\n<p class=\"is-style-paragraph-preamble\">Mlije\u010dni kanali su cjev\u010dice koje prenose mlijeko od \u017elijezda koje ga lu\u010de, do bradavice. Kada beba po\u010dne sisati bradavicu, \u0107elije mi\u0161i\u0107a koje okru\u017euju ove cjev\u010dice kontrahiraju i guraju mlijeko kroz kanal. Me\u0111utim, ako je proizvodnja mlijeka ve\u0107a od koli\u010dine koja se izbacuje, mlijeko iz dojki se po\u010dinje nagomilavati u grudima, uzrokuju\u0107i otok koji spre\u010dava normalan protok mlijeka kroz kanale. Zato se ovo stanje naziva za\u010depljen ili blokiran kanal. Kada bakterije u\u0111u u kanale mo\u017ee se razviti upalu ili mastitis. Zbog toga se za\u010depljen mlije\u010dni kanal treba lije\u010diti brzo, kako bi se izbjegle mogu\u0107e komplikacije.<\/p>\n<\/div><\/div>\n\n\n\n<div class=\"wp-block-karopharma-free-text pt-large pb-large bg-center bg-cover bg-no-repeat  is-style-transparent\" style=\"background-image:url()\"><div class=\"free-text-wrapper container max-w-medium text-left\">\n<h2 class=\"is-style-heading-h2 wp-block-heading\">Kako prepoznati za\u010depljen kanal?<\/h2>\n\n\n\n<p>Uobi\u010dajeni simptomi su:<\/p>\n\n\n\n<ul class=\"is-style-default wp-block-list\"><li>\u010cvrsta kvr\u017eica u jednoj dojci<\/li><li>Osjetljive grudi, tople na dodir, crvene, otekle i bolne<\/li><li>Kvr\u017eica i otok se smanjuju nakon dojenja<\/li><li>\u010cini se da se koli\u010dina mlijeka smanjila<\/li><li>Izbacivanje gu\u0161\u0107eg ili masnijeg mlijeka<\/li><\/ul>\n\n\n\n<p>Ako se po\u010dnete osje\u0107ati bolesno i iscrpljeno, vjerojatno je za\u010depljenje preraslo u mastitis, pa biste trebali da potra\u017eite savjet lije\u010dnika.<\/p>\n\n\n\n<h2 class=\"is-style-heading-h2 wp-block-heading\">\u010cesti uzroci za\u010depljenog kanala<\/h2>\n\n\n\n<p>Op\u0107enito, za\u010depljeni kanali se javljaju kada se grudi potpuno ne prazne na dnevnoj bazi. Ovo se mo\u017ee dogoditi ako:<\/p>\n\n\n\n<ul class=\"is-style-default wp-block-list\"><li>Va\u0161a beba ima problema s dojenjem zbog lo\u0161eg hvata, svezanog jezika ili je u pitanju neki drugi problem vezan za dojenje,<\/li><li>Produ\u017eujete pauze izme\u0111u hranjenja zbog bolnih bradavica,<\/li><li>Ste vi ili va\u0161a beba bolesni,<\/li><li>Ste odlu\u010dili naglo odviknuti bebu od va\u0161eg mlijeka,<\/li><li>Su va\u0161e grudi pod svakodnevnim pritiskom, zbog neodgovaraju\u0107eg grudnjaka, uske odje\u0107e ili spavanja na trbuhu,<\/li><li>Ste pod stresom ili vam je imunitet slab,<\/li><li>Ste presko\u010dili nekoliko hranjenja ili su vremenske pauze izme\u0111u hranjenja preduge.<\/li><\/ul>\n\n\n\n<h2 class=\"is-style-heading-h2 wp-block-heading\">Ku\u0107no lije\u010denje za\u010depljenog kanala<\/h2>\n\n\n\n<p>Prvo pravilo uspje\u0161nog lije\u010denja je da ne prestajete s dojenjem. Va\u0161e mlijeko je savr\u0161eno sigurno za va\u0161u bebu, a dojenjem se ubrzava proces oporavka. Ako iz nekog razloga ne mo\u017eete dojiti, izdojite mlijeko koriste\u0107i pumpu ili ru\u010dno izdajanje.<\/p>\n\n\n\n<p>Op\u0107enite preporuke za ubrzan oporavak uklju\u010duju odmor, puno teku\u0107ine i zdravu, uravnote\u017eenu prehranu. Osim toga, tople komprese neposredno prije dojenja mogu da potaknuti protok mlijeka i pomo\u0107i s izbacivanjem mlijeka tijekom hranjenja. Tako\u0111er, mo\u017eete nje\u017eno masirati grudi nekoliko minuta prije hranjenja i dok va\u0161a beba doji.<\/p>\n\n\n\n<p>Hranite va\u0161u bebu kad god primijetite da je gladna. Pridr\u017eavanje strogog rasporeda mo\u017ee stvoriti duge pauze izme\u0111u hranjenja, zbog \u010dega se mlijeko nagomilava. Kada va\u0161a beba isprazni jednu dojku, ponudite joj drugu. Sljede\u0107e hranjenje po\u010dnite s dojkom s kojom ste prethodno zavr\u0161ili. Pra\u017enjenje dojki na dnevnoj bazi poma\u017ee s protokom mlijeka i spre\u010dava daljnju blokadu.<\/p>\n\n\n\n<p>Ako osje\u0107ate jaku bol, pomo\u0107i vam mogu i hladne komprese. Koristite ih izme\u0111u hranjenja kako biste smanjili bol i upalu.<\/p>\n\n\n\n<p>Ako su simptomi uporni i nakon 24 sata odmora, \u010destog dojenja, stavljanja toplih kompresa i masa\u017ee, ne oklijevajte potra\u017eiti savjet lije\u010dnika.<\/p>\n<\/div><\/div>\n","protected":false},"excerpt":{"rendered":"","protected":false},"author":2,"featured_media":0,"parent":117,"menu_order":14,"comment_status":"closed","ping_status":"closed","template":"","meta":{"_acf_changed":false,"footnotes":""},"from-article-database":[],"class_list":["post-169","page","type-page","status-publish","hentry"],"acf":[],"yoast_head":"<!-- This site is optimized with the Yoast SEO plugin v26.6 - https:\/\/yoast.com\/wordpress\/plugins\/seo\/ -->\n<title>Za\u010depljen mlije\u010dni kanal - Multi-Mam<\/title>\n<meta name=\"description\" content=\"Mlije\u010dni kanali su cjev\u010dice koje prenose mlijeko od \u017elijezda koje ga lu\u010de, do bradavice. Kada beba po\u010dne sisati bradavicu, \u0107elije mi\u0161i\u0107a koje okru\u017euju ove cjev\u010dice kontrahiraju i guraju mlijeko kroz kanal.\" \/>\n<meta name=\"robots\" content=\"index, follow, max-snippet:-1, max-image-preview:large, max-video-preview:-1\" \/>\n<link rel=\"canonical\" href=\"https:\/\/multi-mam.com\/hr\/savjeti-strucnjaka\/zacepljen-mlijecni-kanal\/\" \/>\n<meta property=\"og:locale\" content=\"hr_HR\" \/>\n<meta property=\"og:type\" content=\"article\" \/>\n<meta property=\"og:title\" content=\"Za\u010depljen mlije\u010dni kanal - Multi-Mam\" \/>\n<meta property=\"og:description\" content=\"Mlije\u010dni kanali su cjev\u010dice koje prenose mlijeko od \u017elijezda koje ga lu\u010de, do bradavice. Kada beba po\u010dne sisati bradavicu, \u0107elije mi\u0161i\u0107a koje okru\u017euju ove cjev\u010dice kontrahiraju i guraju mlijeko kroz kanal.\" \/>\n<meta property=\"og:url\" content=\"https:\/\/multi-mam.com\/hr\/savjeti-strucnjaka\/zacepljen-mlijecni-kanal\/\" \/>\n<meta property=\"og:site_name\" content=\"Multi-Mam\" \/>\n<meta property=\"article:modified_time\" content=\"2023-08-02T14:27:00+00:00\" \/>\n<meta name=\"twitter:card\" content=\"summary_large_image\" \/>\n<meta name=\"twitter:label1\" content=\"Est. reading time\" \/>\n\t<meta name=\"twitter:data1\" content=\"3 minutes\" \/>\n<script type=\"application\/ld+json\" class=\"yoast-schema-graph\">{\"@context\":\"https:\/\/schema.org\",\"@graph\":[{\"@type\":\"WebPage\",\"@id\":\"https:\/\/multi-mam.com\/hr\/savjeti-strucnjaka\/zacepljen-mlijecni-kanal\/\",\"url\":\"https:\/\/multi-mam.com\/hr\/savjeti-strucnjaka\/zacepljen-mlijecni-kanal\/\",\"name\":\"Za\u010depljen mlije\u010dni kanal - Multi-Mam\",\"isPartOf\":{\"@id\":\"https:\/\/multi-mam.com\/hr\/#website\"},\"datePublished\":\"2023-03-08T10:32:06+00:00\",\"dateModified\":\"2023-08-02T14:27:00+00:00\",\"description\":\"Mlije\u010dni kanali su cjev\u010dice koje prenose mlijeko od \u017elijezda koje ga lu\u010de, do bradavice. Kada beba po\u010dne sisati bradavicu, \u0107elije mi\u0161i\u0107a koje okru\u017euju ove cjev\u010dice kontrahiraju i guraju mlijeko kroz kanal.\",\"breadcrumb\":{\"@id\":\"https:\/\/multi-mam.com\/hr\/savjeti-strucnjaka\/zacepljen-mlijecni-kanal\/#breadcrumb\"},\"inLanguage\":\"hr-HR\",\"potentialAction\":[{\"@type\":\"ReadAction\",\"target\":[\"https:\/\/multi-mam.com\/hr\/savjeti-strucnjaka\/zacepljen-mlijecni-kanal\/\"]}]},{\"@type\":\"BreadcrumbList\",\"@id\":\"https:\/\/multi-mam.com\/hr\/savjeti-strucnjaka\/zacepljen-mlijecni-kanal\/#breadcrumb\",\"itemListElement\":[{\"@type\":\"ListItem\",\"position\":1,\"name\":\"Home\",\"item\":\"https:\/\/multi-mam.com\/hr\/\"},{\"@type\":\"ListItem\",\"position\":2,\"name\":\"Savjeti stru\u010dnjaka\",\"item\":\"https:\/\/multi-mam.com\/hr\/savjeti-strucnjaka\/\"},{\"@type\":\"ListItem\",\"position\":3,\"name\":\"Za\u010depljen mlije\u010dni kanal\"}]},{\"@type\":\"WebSite\",\"@id\":\"https:\/\/multi-mam.com\/hr\/#website\",\"url\":\"https:\/\/multi-mam.com\/hr\/\",\"name\":\"Multi-Mam\",\"description\":\"\",\"publisher\":{\"@id\":\"https:\/\/multi-mam.com\/hr\/#organization\"},\"potentialAction\":[{\"@type\":\"SearchAction\",\"target\":{\"@type\":\"EntryPoint\",\"urlTemplate\":\"https:\/\/multi-mam.com\/hr\/?s={search_term_string}\"},\"query-input\":{\"@type\":\"PropertyValueSpecification\",\"valueRequired\":true,\"valueName\":\"search_term_string\"}}],\"inLanguage\":\"hr-HR\"},{\"@type\":\"Organization\",\"@id\":\"https:\/\/multi-mam.com\/hr\/#organization\",\"name\":\"Multi-Mam\",\"url\":\"https:\/\/multi-mam.com\/hr\/\",\"logo\":{\"@type\":\"ImageObject\",\"inLanguage\":\"hr-HR\",\"@id\":\"https:\/\/multi-mam.com\/hr\/#\/schema\/logo\/image\/\",\"url\":\"https:\/\/multi-mam.com\/app\/uploads\/sites\/23\/2023\/03\/multi-mam-logotype.png\",\"contentUrl\":\"https:\/\/multi-mam.com\/app\/uploads\/sites\/23\/2023\/03\/multi-mam-logotype.png\",\"width\":70,\"height\":96,\"caption\":\"Multi-Mam\"},\"image\":{\"@id\":\"https:\/\/multi-mam.com\/hr\/#\/schema\/logo\/image\/\"}}]}<\/script>\n<!-- \/ Yoast SEO plugin. -->","yoast_head_json":{"title":"Za\u010depljen mlije\u010dni kanal - Multi-Mam","description":"Mlije\u010dni kanali su cjev\u010dice koje prenose mlijeko od \u017elijezda koje ga lu\u010de, do bradavice. Kada beba po\u010dne sisati bradavicu, \u0107elije mi\u0161i\u0107a koje okru\u017euju ove cjev\u010dice kontrahiraju i guraju mlijeko kroz kanal.","robots":{"index":"index","follow":"follow","max-snippet":"max-snippet:-1","max-image-preview":"max-image-preview:large","max-video-preview":"max-video-preview:-1"},"canonical":"https:\/\/multi-mam.com\/hr\/savjeti-strucnjaka\/zacepljen-mlijecni-kanal\/","og_locale":"hr_HR","og_type":"article","og_title":"Za\u010depljen mlije\u010dni kanal - Multi-Mam","og_description":"Mlije\u010dni kanali su cjev\u010dice koje prenose mlijeko od \u017elijezda koje ga lu\u010de, do bradavice. Kada beba po\u010dne sisati bradavicu, \u0107elije mi\u0161i\u0107a koje okru\u017euju ove cjev\u010dice kontrahiraju i guraju mlijeko kroz kanal.","og_url":"https:\/\/multi-mam.com\/hr\/savjeti-strucnjaka\/zacepljen-mlijecni-kanal\/","og_site_name":"Multi-Mam","article_modified_time":"2023-08-02T14:27:00+00:00","twitter_card":"summary_large_image","twitter_misc":{"Est. reading time":"3 minutes"},"schema":{"@context":"https:\/\/schema.org","@graph":[{"@type":"WebPage","@id":"https:\/\/multi-mam.com\/hr\/savjeti-strucnjaka\/zacepljen-mlijecni-kanal\/","url":"https:\/\/multi-mam.com\/hr\/savjeti-strucnjaka\/zacepljen-mlijecni-kanal\/","name":"Za\u010depljen mlije\u010dni kanal - Multi-Mam","isPartOf":{"@id":"https:\/\/multi-mam.com\/hr\/#website"},"datePublished":"2023-03-08T10:32:06+00:00","dateModified":"2023-08-02T14:27:00+00:00","description":"Mlije\u010dni kanali su cjev\u010dice koje prenose mlijeko od \u017elijezda koje ga lu\u010de, do bradavice. Kada beba po\u010dne sisati bradavicu, \u0107elije mi\u0161i\u0107a koje okru\u017euju ove cjev\u010dice kontrahiraju i guraju mlijeko kroz kanal.","breadcrumb":{"@id":"https:\/\/multi-mam.com\/hr\/savjeti-strucnjaka\/zacepljen-mlijecni-kanal\/#breadcrumb"},"inLanguage":"hr-HR","potentialAction":[{"@type":"ReadAction","target":["https:\/\/multi-mam.com\/hr\/savjeti-strucnjaka\/zacepljen-mlijecni-kanal\/"]}]},{"@type":"BreadcrumbList","@id":"https:\/\/multi-mam.com\/hr\/savjeti-strucnjaka\/zacepljen-mlijecni-kanal\/#breadcrumb","itemListElement":[{"@type":"ListItem","position":1,"name":"Home","item":"https:\/\/multi-mam.com\/hr\/"},{"@type":"ListItem","position":2,"name":"Savjeti stru\u010dnjaka","item":"https:\/\/multi-mam.com\/hr\/savjeti-strucnjaka\/"},{"@type":"ListItem","position":3,"name":"Za\u010depljen mlije\u010dni kanal"}]},{"@type":"WebSite","@id":"https:\/\/multi-mam.com\/hr\/#website","url":"https:\/\/multi-mam.com\/hr\/","name":"Multi-Mam","description":"","publisher":{"@id":"https:\/\/multi-mam.com\/hr\/#organization"},"potentialAction":[{"@type":"SearchAction","target":{"@type":"EntryPoint","urlTemplate":"https:\/\/multi-mam.com\/hr\/?s={search_term_string}"},"query-input":{"@type":"PropertyValueSpecification","valueRequired":true,"valueName":"search_term_string"}}],"inLanguage":"hr-HR"},{"@type":"Organization","@id":"https:\/\/multi-mam.com\/hr\/#organization","name":"Multi-Mam","url":"https:\/\/multi-mam.com\/hr\/","logo":{"@type":"ImageObject","inLanguage":"hr-HR","@id":"https:\/\/multi-mam.com\/hr\/#\/schema\/logo\/image\/","url":"https:\/\/multi-mam.com\/app\/uploads\/sites\/23\/2023\/03\/multi-mam-logotype.png","contentUrl":"https:\/\/multi-mam.com\/app\/uploads\/sites\/23\/2023\/03\/multi-mam-logotype.png","width":70,"height":96,"caption":"Multi-Mam"},"image":{"@id":"https:\/\/multi-mam.com\/hr\/#\/schema\/logo\/image\/"}}]}},"_links":{"self":[{"href":"https:\/\/multi-mam.com\/hr\/wp-json\/wp\/v2\/pages\/169","targetHints":{"allow":["GET"]}}],"collection":[{"href":"https:\/\/multi-mam.com\/hr\/wp-json\/wp\/v2\/pages"}],"about":[{"href":"https:\/\/multi-mam.com\/hr\/wp-json\/wp\/v2\/types\/page"}],"author":[{"embeddable":true,"href":"https:\/\/multi-mam.com\/hr\/wp-json\/wp\/v2\/users\/2"}],"replies":[{"embeddable":true,"href":"https:\/\/multi-mam.com\/hr\/wp-json\/wp\/v2\/comments?post=169"}],"version-history":[{"count":3,"href":"https:\/\/multi-mam.com\/hr\/wp-json\/wp\/v2\/pages\/169\/revisions"}],"predecessor-version":[{"id":281,"href":"https:\/\/multi-mam.com\/hr\/wp-json\/wp\/v2\/pages\/169\/revisions\/281"}],"up":[{"embeddable":true,"href":"https:\/\/multi-mam.com\/hr\/wp-json\/wp\/v2\/pages\/117"}],"wp:attachment":[{"href":"https:\/\/multi-mam.com\/hr\/wp-json\/wp\/v2\/media?parent=169"}],"wp:term":[{"taxonomy":"from-article-database","embeddable":true,"href":"https:\/\/multi-mam.com\/hr\/wp-json\/wp\/v2\/from-article-database?post=169"}],"curies":[{"name":"wp","href":"https:\/\/api.w.org\/{rel}","templated":true}]}}