{"id":167,"date":"2023-03-08T11:21:31","date_gmt":"2023-03-08T10:21:31","guid":{"rendered":"https:\/\/multi-mam.com\/hr\/?page_id=167"},"modified":"2023-08-02T16:27:02","modified_gmt":"2023-08-02T14:27:02","slug":"mastitis","status":"publish","type":"page","link":"https:\/\/multi-mam.com\/hr\/savjeti-strucnjaka\/mastitis\/","title":{"rendered":"Mastitis"},"content":{"rendered":"\n<div class=\"wp-block-karopharma-free-text pt-large pb-large bg-center bg-cover bg-no-repeat  is-style-primary\" style=\"background-image:url()\"><div class=\"free-text-wrapper container max-w-medium text-left\">\n<h1 class=\"is-style-heading-huge wp-block-heading\">Mastitis<\/h1>\n\n\n\n<p>Oko 10 % majki do\u017eivi upalu grudi zvanu mastitis. Postoje dva tipa mastitisa, od kojih je jedan zarazan a drugi nije. Dojenje je vje\u0161tina koja se u\u010di, a lo\u0161a tehnika mo\u017ee dovesti do mlijeka zarobljenog u grudima, \u0161to je glavni uzrok mastitisa.<\/p>\n<\/div><\/div>\n\n\n\n<div class=\"wp-block-karopharma-free-text pt-large pb-large bg-center bg-cover bg-no-repeat  is-style-transparent\" style=\"background-image:url()\"><div class=\"free-text-wrapper container max-w-medium text-left\">\n<h3 class=\"is-style-heading-h3 wp-block-heading\">Drugi uzroci su:<\/h3>\n\n\n\n<ul class=\"is-style-default wp-block-list\"><li><strong>Blokiran mlije\u010dni kanal. <\/strong>Ako se dojka potpuno ne isprazni tijekom hranjenja, jedan od mlije\u010dnih kanala se mo\u017ee za\u010depiti, zbog \u010dega se mlijeko vra\u0107a unazad i izaziva upalu dojke.<\/li><li><strong>Bakterije koje u\u0111u u grudi.<\/strong> Bakterije s povr\u0161ine va\u0161e ko\u017ee i iz bebinih usta mogu u\u0107i u mlije\u010dni kanal kroz pukotinu na ko\u017ei bradavice, ili kroz otvor mlije\u010dnog kanala. Ustajalo mlijeko u grudima koje se nije izbacilo stvara hranljivu sredinu pogodnu za razmno\u017eavanje bakterija. Me\u0111utim, antibakterijsko djelovanje va\u0161eg mlijeka \u0161titi va\u0161u bebu od infekcije.<\/li><\/ul>\n\n\n\n<p>Mastitis se naj\u010de\u0161\u0107e doga\u0111a tijekom prvih 6 mjeseci dojenja i zbog njega mo\u017eete postati jako umorni. U kombinaciji sa stresom i iscrpljuju\u0107im obavezama vezanim uz brigu o novoro\u0111en\u010detu, mo\u017eda \u0107ete se osje\u0107ati kao da vas je pregazio vlak. Iako ovo mo\u017ee biti jako neugodno, mastitis se u ve\u0107ini slu\u010dajeva lako lije\u010di.<\/p>\n\n\n\n<h2 class=\"is-style-heading-h2 wp-block-heading\">Kako prepoznati mastitis?<\/h2>\n\n\n\n<p>Simptomi obi\u010dno krenu u jednoj dojci, vjerojatno \u0107ete osjetiti bol i primijetiti da je va\u0161a dojka crvena, tvrda, natekla i topla na dodir. Ako napipate kvr\u017eicu u dojci, to je vjerojatno zbog blokiranog mlije\u010dnog kanala. Tako\u0111er, mo\u017eda \u0107ete imati simptome nalik groznici, glavobolju, bol u mi\u0161i\u0107ima i umor.<\/p>\n\n\n\n<p>Ako se bol pove\u0107a, ili ako su \u017elijezde vrata ili pazuha natekle ili ako imate povi\u0161enu temperaturu, zatra\u017eite savjet va\u0161eg lije\u010dnika vezano uz prikladnu terapiju.<\/p>\n\n\n\n<h2 class=\"is-style-heading-h2 wp-block-heading\">\u0160to uzrokuje mastitis?<\/h2>\n\n\n\n<p>Mastitis naj\u010de\u0161\u0107e nastaje kao komplikacija zastoja mlijeka, odnosno nagomilanog mlijeka u grudima. Ovo se \u010desto doga\u0111a u prvom tjednu nakon poro\u0111aja, dok beba jo\u0161 uvijek u\u010di dojiti, ili ako morate presko\u010diti nekoliko hranjenja, npr. ako se vra\u0107ate poslu ili putujete. Lo\u0161 hvat je \u010desti krivac za zastoj mlijeka i mastitisa. Pobrinite se da je va\u0161a bradavica pravilno postavljena u ustima va\u0161e bebe. Ohrabrite va\u0161u bebu da isprazni cijelu dojku tijekom hranjenja da bi se sprije\u010dilo nagomilavanje mlijeka. Novo hranjenje zapo\u010dnite s dojkom s kojom ste zavr\u0161ili prethodno, da biste bili sigurni da je dojka potpuno prazna.<\/p>\n\n\n\n<p>Umjesto pridr\u017eavanja strogih rasporeda hranjenja, s dugim pauzama tijekom kojih se mlijeko mo\u017ee nagomilati i prouzro\u010diti upalu, dojite dijete kad god primijetite prve znakove gladi (pove\u0107ana aktivnost, dozivanje ili pokreti ustima). Dobra navika dojenja \u010dini \u010duda i \u0161titi vas od mastitisa i drugih problema, kao \u0161to su bolne bradavice.<\/p>\n\n\n\n<p>Ispucala ko\u017ea bradavice predstavlja otvorena vrata za mikrobe, bakterije ili gljivice koje mogu u\u0107i u tkivo dojke i izazvati infekciju. Pravilni hvat dojke omogu\u0107iti \u0107e va\u0161oj bebi da doji i da vam pritom ne nanosi nikakvu bol, ali ako patite od ispucalih i bolnih bradavica, stavite kompresu za grudi koja mo\u017ee ubrzati proces oporavka.<\/p>\n\n\n\n<p>Bilo kakav kontinuirani pritisak na grudi mo\u017ee izazvati mastitis, \u0161to zna\u010di da \u010dak i grudnjak za dojenje koji vam ne pristaje kako treba, uska odje\u0107a, pojas u automobilu ili spavanje na trbuhu, mogu biti uzro\u010dnicima upale.<\/p>\n\n\n\n<p>Ako va\u0161oj bebi nudite dudu ili bo\u010dicu prije nego \u0161to ste u\u010dvrstili proces dojenja, to tako\u0111er mo\u017ee biti potencijalnim uzrokom mastitisa. Ako va\u0161oj bebi prerano date dudu, beba ju mo\u017ee zamijeniti s bradavicom i prestati tra\u017eiti bradavicu, i time poremetiti rutinu i raspored dojenja.<\/p>\n\n\n\n<h2 class=\"is-style-heading-h2 wp-block-heading\">Kako lije\u010diti mastitis?<\/h2>\n\n\n\n<p>Va\u0161 lije\u010dnik \u0107e vam vjerojatno prepisati antibiotike, koji su obi\u010dno vrlo u\u010dinkoviti u uklanjanju infekcije, ali postoje i drugi pristupi s kojima si mo\u017eete pomo\u0107i kod ku\u0107e kako bi si olak\u0161ali bol i ubrzali proces oporavka.<\/p>\n\n\n\n<p>Nemojte prestati s dojenjem tijekom epizode mastitisa, jer to ne\u0107e povrijediti va\u0161u bebu i pomo\u0107i \u0107e vam u osloba\u0111anju pritiska u upaljenim grudima. Prije dojenja, dr\u017eite toplu krpu na inficiranoj dojci oko 10-15 minuta. Ovo \u0107e opustiti tkivo i pokrenuti protok mlijeka. Lagana masa\u017ea prije i nakon dojenja tako\u0111er mo\u017ee pomo\u0107i s protokom mlijeka.<\/p>\n\n\n\n<p>Pitajte va\u0161eg lije\u010dnika ako vam zatreba dodatno olak\u0161anje za bolove.<\/p>\n<\/div><\/div>\n","protected":false},"excerpt":{"rendered":"","protected":false},"author":2,"featured_media":0,"parent":117,"menu_order":13,"comment_status":"closed","ping_status":"closed","template":"","meta":{"_acf_changed":false,"footnotes":""},"from-article-database":[],"class_list":["post-167","page","type-page","status-publish","hentry"],"acf":[],"yoast_head":"<!-- This site is optimized with the Yoast SEO plugin v26.6 - https:\/\/yoast.com\/wordpress\/plugins\/seo\/ -->\n<title>Mastitis - Multi-Mam<\/title>\n<meta name=\"description\" content=\"Oko 10 % majki do\u017eivi upalu grudi zvanu mastitis. Postoje dva tipa mastitisa, od kojih je jedan zarazan a drugi nije.\" \/>\n<meta name=\"robots\" content=\"index, follow, max-snippet:-1, max-image-preview:large, max-video-preview:-1\" \/>\n<link rel=\"canonical\" href=\"https:\/\/multi-mam.com\/hr\/savjeti-strucnjaka\/mastitis\/\" \/>\n<meta property=\"og:locale\" content=\"hr_HR\" \/>\n<meta property=\"og:type\" content=\"article\" \/>\n<meta property=\"og:title\" content=\"Mastitis - Multi-Mam\" \/>\n<meta property=\"og:description\" content=\"Oko 10 % majki do\u017eivi upalu grudi zvanu mastitis. Postoje dva tipa mastitisa, od kojih je jedan zarazan a drugi nije.\" \/>\n<meta property=\"og:url\" content=\"https:\/\/multi-mam.com\/hr\/savjeti-strucnjaka\/mastitis\/\" \/>\n<meta property=\"og:site_name\" content=\"Multi-Mam\" \/>\n<meta property=\"article:modified_time\" content=\"2023-08-02T14:27:02+00:00\" \/>\n<meta name=\"twitter:card\" content=\"summary_large_image\" \/>\n<meta name=\"twitter:label1\" content=\"Est. reading time\" \/>\n\t<meta name=\"twitter:data1\" content=\"4 minutes\" \/>\n<script type=\"application\/ld+json\" class=\"yoast-schema-graph\">{\"@context\":\"https:\/\/schema.org\",\"@graph\":[{\"@type\":\"WebPage\",\"@id\":\"https:\/\/multi-mam.com\/hr\/savjeti-strucnjaka\/mastitis\/\",\"url\":\"https:\/\/multi-mam.com\/hr\/savjeti-strucnjaka\/mastitis\/\",\"name\":\"Mastitis - Multi-Mam\",\"isPartOf\":{\"@id\":\"https:\/\/multi-mam.com\/hr\/#website\"},\"datePublished\":\"2023-03-08T10:21:31+00:00\",\"dateModified\":\"2023-08-02T14:27:02+00:00\",\"description\":\"Oko 10 % majki do\u017eivi upalu grudi zvanu mastitis. Postoje dva tipa mastitisa, od kojih je jedan zarazan a drugi nije.\",\"breadcrumb\":{\"@id\":\"https:\/\/multi-mam.com\/hr\/savjeti-strucnjaka\/mastitis\/#breadcrumb\"},\"inLanguage\":\"hr-HR\",\"potentialAction\":[{\"@type\":\"ReadAction\",\"target\":[\"https:\/\/multi-mam.com\/hr\/savjeti-strucnjaka\/mastitis\/\"]}]},{\"@type\":\"BreadcrumbList\",\"@id\":\"https:\/\/multi-mam.com\/hr\/savjeti-strucnjaka\/mastitis\/#breadcrumb\",\"itemListElement\":[{\"@type\":\"ListItem\",\"position\":1,\"name\":\"Home\",\"item\":\"https:\/\/multi-mam.com\/hr\/\"},{\"@type\":\"ListItem\",\"position\":2,\"name\":\"Savjeti stru\u010dnjaka\",\"item\":\"https:\/\/multi-mam.com\/hr\/savjeti-strucnjaka\/\"},{\"@type\":\"ListItem\",\"position\":3,\"name\":\"Mastitis\"}]},{\"@type\":\"WebSite\",\"@id\":\"https:\/\/multi-mam.com\/hr\/#website\",\"url\":\"https:\/\/multi-mam.com\/hr\/\",\"name\":\"Multi-Mam\",\"description\":\"\",\"publisher\":{\"@id\":\"https:\/\/multi-mam.com\/hr\/#organization\"},\"potentialAction\":[{\"@type\":\"SearchAction\",\"target\":{\"@type\":\"EntryPoint\",\"urlTemplate\":\"https:\/\/multi-mam.com\/hr\/?s={search_term_string}\"},\"query-input\":{\"@type\":\"PropertyValueSpecification\",\"valueRequired\":true,\"valueName\":\"search_term_string\"}}],\"inLanguage\":\"hr-HR\"},{\"@type\":\"Organization\",\"@id\":\"https:\/\/multi-mam.com\/hr\/#organization\",\"name\":\"Multi-Mam\",\"url\":\"https:\/\/multi-mam.com\/hr\/\",\"logo\":{\"@type\":\"ImageObject\",\"inLanguage\":\"hr-HR\",\"@id\":\"https:\/\/multi-mam.com\/hr\/#\/schema\/logo\/image\/\",\"url\":\"https:\/\/multi-mam.com\/app\/uploads\/sites\/23\/2023\/03\/multi-mam-logotype.png\",\"contentUrl\":\"https:\/\/multi-mam.com\/app\/uploads\/sites\/23\/2023\/03\/multi-mam-logotype.png\",\"width\":70,\"height\":96,\"caption\":\"Multi-Mam\"},\"image\":{\"@id\":\"https:\/\/multi-mam.com\/hr\/#\/schema\/logo\/image\/\"}}]}<\/script>\n<!-- \/ Yoast SEO plugin. -->","yoast_head_json":{"title":"Mastitis - Multi-Mam","description":"Oko 10 % majki do\u017eivi upalu grudi zvanu mastitis. Postoje dva tipa mastitisa, od kojih je jedan zarazan a drugi nije.","robots":{"index":"index","follow":"follow","max-snippet":"max-snippet:-1","max-image-preview":"max-image-preview:large","max-video-preview":"max-video-preview:-1"},"canonical":"https:\/\/multi-mam.com\/hr\/savjeti-strucnjaka\/mastitis\/","og_locale":"hr_HR","og_type":"article","og_title":"Mastitis - Multi-Mam","og_description":"Oko 10 % majki do\u017eivi upalu grudi zvanu mastitis. Postoje dva tipa mastitisa, od kojih je jedan zarazan a drugi nije.","og_url":"https:\/\/multi-mam.com\/hr\/savjeti-strucnjaka\/mastitis\/","og_site_name":"Multi-Mam","article_modified_time":"2023-08-02T14:27:02+00:00","twitter_card":"summary_large_image","twitter_misc":{"Est. reading time":"4 minutes"},"schema":{"@context":"https:\/\/schema.org","@graph":[{"@type":"WebPage","@id":"https:\/\/multi-mam.com\/hr\/savjeti-strucnjaka\/mastitis\/","url":"https:\/\/multi-mam.com\/hr\/savjeti-strucnjaka\/mastitis\/","name":"Mastitis - Multi-Mam","isPartOf":{"@id":"https:\/\/multi-mam.com\/hr\/#website"},"datePublished":"2023-03-08T10:21:31+00:00","dateModified":"2023-08-02T14:27:02+00:00","description":"Oko 10 % majki do\u017eivi upalu grudi zvanu mastitis. Postoje dva tipa mastitisa, od kojih je jedan zarazan a drugi nije.","breadcrumb":{"@id":"https:\/\/multi-mam.com\/hr\/savjeti-strucnjaka\/mastitis\/#breadcrumb"},"inLanguage":"hr-HR","potentialAction":[{"@type":"ReadAction","target":["https:\/\/multi-mam.com\/hr\/savjeti-strucnjaka\/mastitis\/"]}]},{"@type":"BreadcrumbList","@id":"https:\/\/multi-mam.com\/hr\/savjeti-strucnjaka\/mastitis\/#breadcrumb","itemListElement":[{"@type":"ListItem","position":1,"name":"Home","item":"https:\/\/multi-mam.com\/hr\/"},{"@type":"ListItem","position":2,"name":"Savjeti stru\u010dnjaka","item":"https:\/\/multi-mam.com\/hr\/savjeti-strucnjaka\/"},{"@type":"ListItem","position":3,"name":"Mastitis"}]},{"@type":"WebSite","@id":"https:\/\/multi-mam.com\/hr\/#website","url":"https:\/\/multi-mam.com\/hr\/","name":"Multi-Mam","description":"","publisher":{"@id":"https:\/\/multi-mam.com\/hr\/#organization"},"potentialAction":[{"@type":"SearchAction","target":{"@type":"EntryPoint","urlTemplate":"https:\/\/multi-mam.com\/hr\/?s={search_term_string}"},"query-input":{"@type":"PropertyValueSpecification","valueRequired":true,"valueName":"search_term_string"}}],"inLanguage":"hr-HR"},{"@type":"Organization","@id":"https:\/\/multi-mam.com\/hr\/#organization","name":"Multi-Mam","url":"https:\/\/multi-mam.com\/hr\/","logo":{"@type":"ImageObject","inLanguage":"hr-HR","@id":"https:\/\/multi-mam.com\/hr\/#\/schema\/logo\/image\/","url":"https:\/\/multi-mam.com\/app\/uploads\/sites\/23\/2023\/03\/multi-mam-logotype.png","contentUrl":"https:\/\/multi-mam.com\/app\/uploads\/sites\/23\/2023\/03\/multi-mam-logotype.png","width":70,"height":96,"caption":"Multi-Mam"},"image":{"@id":"https:\/\/multi-mam.com\/hr\/#\/schema\/logo\/image\/"}}]}},"_links":{"self":[{"href":"https:\/\/multi-mam.com\/hr\/wp-json\/wp\/v2\/pages\/167","targetHints":{"allow":["GET"]}}],"collection":[{"href":"https:\/\/multi-mam.com\/hr\/wp-json\/wp\/v2\/pages"}],"about":[{"href":"https:\/\/multi-mam.com\/hr\/wp-json\/wp\/v2\/types\/page"}],"author":[{"embeddable":true,"href":"https:\/\/multi-mam.com\/hr\/wp-json\/wp\/v2\/users\/2"}],"replies":[{"embeddable":true,"href":"https:\/\/multi-mam.com\/hr\/wp-json\/wp\/v2\/comments?post=167"}],"version-history":[{"count":1,"href":"https:\/\/multi-mam.com\/hr\/wp-json\/wp\/v2\/pages\/167\/revisions"}],"predecessor-version":[{"id":168,"href":"https:\/\/multi-mam.com\/hr\/wp-json\/wp\/v2\/pages\/167\/revisions\/168"}],"up":[{"embeddable":true,"href":"https:\/\/multi-mam.com\/hr\/wp-json\/wp\/v2\/pages\/117"}],"wp:attachment":[{"href":"https:\/\/multi-mam.com\/hr\/wp-json\/wp\/v2\/media?parent=167"}],"wp:term":[{"taxonomy":"from-article-database","embeddable":true,"href":"https:\/\/multi-mam.com\/hr\/wp-json\/wp\/v2\/from-article-database?post=167"}],"curies":[{"name":"wp","href":"https:\/\/api.w.org\/{rel}","templated":true}]}}