{"id":155,"date":"2023-03-08T10:37:53","date_gmt":"2023-03-08T09:37:53","guid":{"rendered":"https:\/\/multi-mam.com\/hr\/?page_id=155"},"modified":"2023-08-02T16:27:06","modified_gmt":"2023-08-02T14:27:06","slug":"refluks","status":"publish","type":"page","link":"https:\/\/multi-mam.com\/hr\/savjeti-strucnjaka\/refluks\/","title":{"rendered":"Refluks"},"content":{"rendered":"\n<div class=\"wp-block-karopharma-free-text pt-large pb-large bg-center bg-cover bg-no-repeat  is-style-primary\" style=\"background-image:url()\"><div class=\"free-text-wrapper container max-w-medium text-left\">\n<h1 class=\"is-style-heading-huge wp-block-heading\">Refluks<\/h1>\n\n\n\n<p class=\"is-style-paragraph-preamble\">Mo\u017eda \u0107ete primijetiti da va\u0161a beba izbacuje mlijeko tijekom ili odmah nakon dojenja. Ovo je uobi\u010dajena pojava i naziva se refluks i u ve\u0107ini slu\u010dajeva nije razlog za brigu. Refluks se doga\u0111a kad god va\u0161a beba proguta vi\u0161e mlijeka nego \u0161to jednjak mo\u017ee podnijeti, \u0161to prouzrokuje povratak vi\u0161ka mlijeka u usta. Statistika ka\u017ee da 50 % novoro\u0111en\u010dadi dnevno ima refluks, ali ve\u0107ina njih ga preraste kada navr\u0161i godinu dana. I bebe koje doje i one koje su hranjene bo\u010dicom imaju refluks.<\/p>\n<\/div><\/div>\n\n\n\n<div class=\"wp-block-karopharma-free-text pt-large pb-large bg-center bg-cover bg-no-repeat  is-style-transparent\" style=\"background-image:url()\"><div class=\"free-text-wrapper container max-w-medium text-left\">\n<p>Refluks mo\u017ee biti i tih. U takvom slu\u010daju va\u0161a beba proguta vi\u0161ak mlijeka koji se vratio u usta umjesto da ga izbaci. Ako primijetite da va\u0161a beba guta, \u010dak i nakon \u0161to ste zavr\u0161ili s hranjenjem, ovo je mo\u017eda prvi znak da ima tihi refluks.<\/p>\n\n\n\n<p>Ako je va\u0161a beba jako gladna i po\u010dne brzo dojiti, ako su vam grudi prepune ili ako va\u0161a beba proguta previse zraka jer previ\u0161e \u010desto ispu\u0161ta bradavicu, ve\u0107a je vjerojatnost da \u0107e se pojaviti refluks.<\/p>\n\n\n\n<p>U nekim slu\u010dajevima, refluks mo\u017ee biti simptom nekih drugih stanja, poput intolerancije na kravlje mlijeko ili gastroezofagealne refluksne bolesti. Me\u0111utim, ako va\u0161a beba polako dobiva na te\u017eini i nema nikakvih drugih simptoma, \u0161anse su da je refluks samo mala smetnja za vas (najvi\u0161e zbog \u010di\u0161\u0107enja koje zahtjeva), ali ne predstavlja medicinski problem.<\/p>\n\n\n\n<p>Ako se refluks dogodi nekoliko puta na dan ili ako se pojave neki drugi simptomi, kao refleks povra\u0107anja, problemi s gutanjem, iritiranost, konstantno plakanje, zeleno ili \u017euto povra\u0107anje, ako va\u0161a beba savija le\u0111a dok doji ili ako ne dobiva na te\u017eini, trebali biste potra\u017eiti savjet lije\u010dnika.<\/p>\n\n\n\n<h2 class=\"is-style-heading-h2 wp-block-heading\">Kako pomo\u0107i va\u0161oj bebi s refluksom?<\/h2>\n\n\n\n<p>Generalne preporuke koje bi trebale olak\u0161ati neugodnosti izazvane refluksom uklju\u010duju to da:<\/p>\n\n\n\n<ul class=\"is-style-default wp-block-list\"><li>Hranite va\u0161u bebu dok je dr\u017eite uspravno<\/li><li>Ohrabrite bebu da podrigne nakon svakog obroka<\/li><li>Dr\u017eite va\u0161u bebu uspravno oko 20 minuta nakon dojenja<\/li><li>Izbjegavate duge pauze izme\u0111u hranjenja kako biste sprije\u010dili agresivno i prebrzo dojenje<\/li><li>Ako hranite bebu na bo\u010dicu, pobrinite se da rupa na dudi nije prevelika, kako previ\u0161e mlijeka ne bi prebrzo iza\u0161lo<\/li><li>Podignete kraj madraca na kojem se nalazi bebina glava. Ako im je glava malo povi\u0161ena u odnosu na stopala to mo\u017ee pomo\u0107i s povra\u0107anjem<\/li><\/ul>\n\n\n\n<p>Ako je refluks va\u0161e bebe ozbiljan, va\u0161 lije\u010dnik \u0107e vam mo\u017eda preporu\u010diti jedan od naj\u010de\u0161\u0107ih pristupa lije\u010denju refluksa. Prvi korak bi bio da provjerite ima li va\u0161a beba alergiju na kravlje mlijeko. Izbacite mlijeko i mlije\u010dne proizvode, kao \u0161to su sir i jogurt, i promatrajte ho\u0107e li se stanje va\u0161e bebe promijeni. Ako se ispostavi da protein iz kravljeg mleka nije uzrok refluksa, va\u0161 lije\u010dnik \u0107e mo\u017eda prepisati antacid za bebe, koji \u0107e pomo\u0107i u neutralizaciji \u017eeluda\u010dne kiseline koja mo\u017ee izazvati bol i iritaciju grla. Tako\u0111er, ponekada se \u0107e mo\u017ee koristiti i zgu\u0161njiva\u010d za izdojeno mlijeko ili formulu. Kori\u0161tenje zgu\u0161njiva\u010da za refluks je stara metoda koja nije potkopana znanstvenim dokazima. U svakom slu\u010daju, posavjetujte se s va\u0161im lije\u010dnikom prije nego \u0161to isprobate neku od ovih metoda.<\/p>\n<\/div><\/div>\n","protected":false},"excerpt":{"rendered":"","protected":false},"author":2,"featured_media":0,"parent":117,"menu_order":11,"comment_status":"closed","ping_status":"closed","template":"","meta":{"_acf_changed":false,"footnotes":""},"from-article-database":[],"class_list":["post-155","page","type-page","status-publish","hentry"],"acf":[],"yoast_head":"<!-- This site is optimized with the Yoast SEO plugin v26.6 - https:\/\/yoast.com\/wordpress\/plugins\/seo\/ -->\n<title>Refluks - Multi-Mam<\/title>\n<meta name=\"description\" content=\"Mo\u017eda \u0107ete primijetiti da va\u0161a beba izbacuje mlijeko tijekom ili odmah nakon dojenja. Ovo je uobi\u010dajena pojava i naziva se refluks i u ve\u0107ini slu\u010dajeva nije razlog za brigu.\" \/>\n<meta name=\"robots\" content=\"index, follow, max-snippet:-1, max-image-preview:large, max-video-preview:-1\" \/>\n<link rel=\"canonical\" href=\"https:\/\/multi-mam.com\/hr\/savjeti-strucnjaka\/refluks\/\" \/>\n<meta property=\"og:locale\" content=\"hr_HR\" \/>\n<meta property=\"og:type\" content=\"article\" \/>\n<meta property=\"og:title\" content=\"Refluks - Multi-Mam\" \/>\n<meta property=\"og:description\" content=\"Mo\u017eda \u0107ete primijetiti da va\u0161a beba izbacuje mlijeko tijekom ili odmah nakon dojenja. Ovo je uobi\u010dajena pojava i naziva se refluks i u ve\u0107ini slu\u010dajeva nije razlog za brigu.\" \/>\n<meta property=\"og:url\" content=\"https:\/\/multi-mam.com\/hr\/savjeti-strucnjaka\/refluks\/\" \/>\n<meta property=\"og:site_name\" content=\"Multi-Mam\" \/>\n<meta property=\"article:modified_time\" content=\"2023-08-02T14:27:06+00:00\" \/>\n<meta name=\"twitter:card\" content=\"summary_large_image\" \/>\n<meta name=\"twitter:label1\" content=\"Est. reading time\" \/>\n\t<meta name=\"twitter:data1\" content=\"3 minutes\" \/>\n<script type=\"application\/ld+json\" class=\"yoast-schema-graph\">{\"@context\":\"https:\/\/schema.org\",\"@graph\":[{\"@type\":\"WebPage\",\"@id\":\"https:\/\/multi-mam.com\/hr\/savjeti-strucnjaka\/refluks\/\",\"url\":\"https:\/\/multi-mam.com\/hr\/savjeti-strucnjaka\/refluks\/\",\"name\":\"Refluks - Multi-Mam\",\"isPartOf\":{\"@id\":\"https:\/\/multi-mam.com\/hr\/#website\"},\"datePublished\":\"2023-03-08T09:37:53+00:00\",\"dateModified\":\"2023-08-02T14:27:06+00:00\",\"description\":\"Mo\u017eda \u0107ete primijetiti da va\u0161a beba izbacuje mlijeko tijekom ili odmah nakon dojenja. Ovo je uobi\u010dajena pojava i naziva se refluks i u ve\u0107ini slu\u010dajeva nije razlog za brigu.\",\"breadcrumb\":{\"@id\":\"https:\/\/multi-mam.com\/hr\/savjeti-strucnjaka\/refluks\/#breadcrumb\"},\"inLanguage\":\"hr-HR\",\"potentialAction\":[{\"@type\":\"ReadAction\",\"target\":[\"https:\/\/multi-mam.com\/hr\/savjeti-strucnjaka\/refluks\/\"]}]},{\"@type\":\"BreadcrumbList\",\"@id\":\"https:\/\/multi-mam.com\/hr\/savjeti-strucnjaka\/refluks\/#breadcrumb\",\"itemListElement\":[{\"@type\":\"ListItem\",\"position\":1,\"name\":\"Home\",\"item\":\"https:\/\/multi-mam.com\/hr\/\"},{\"@type\":\"ListItem\",\"position\":2,\"name\":\"Savjeti stru\u010dnjaka\",\"item\":\"https:\/\/multi-mam.com\/hr\/savjeti-strucnjaka\/\"},{\"@type\":\"ListItem\",\"position\":3,\"name\":\"Refluks\"}]},{\"@type\":\"WebSite\",\"@id\":\"https:\/\/multi-mam.com\/hr\/#website\",\"url\":\"https:\/\/multi-mam.com\/hr\/\",\"name\":\"Multi-Mam\",\"description\":\"\",\"publisher\":{\"@id\":\"https:\/\/multi-mam.com\/hr\/#organization\"},\"potentialAction\":[{\"@type\":\"SearchAction\",\"target\":{\"@type\":\"EntryPoint\",\"urlTemplate\":\"https:\/\/multi-mam.com\/hr\/?s={search_term_string}\"},\"query-input\":{\"@type\":\"PropertyValueSpecification\",\"valueRequired\":true,\"valueName\":\"search_term_string\"}}],\"inLanguage\":\"hr-HR\"},{\"@type\":\"Organization\",\"@id\":\"https:\/\/multi-mam.com\/hr\/#organization\",\"name\":\"Multi-Mam\",\"url\":\"https:\/\/multi-mam.com\/hr\/\",\"logo\":{\"@type\":\"ImageObject\",\"inLanguage\":\"hr-HR\",\"@id\":\"https:\/\/multi-mam.com\/hr\/#\/schema\/logo\/image\/\",\"url\":\"https:\/\/multi-mam.com\/app\/uploads\/sites\/23\/2023\/03\/multi-mam-logotype.png\",\"contentUrl\":\"https:\/\/multi-mam.com\/app\/uploads\/sites\/23\/2023\/03\/multi-mam-logotype.png\",\"width\":70,\"height\":96,\"caption\":\"Multi-Mam\"},\"image\":{\"@id\":\"https:\/\/multi-mam.com\/hr\/#\/schema\/logo\/image\/\"}}]}<\/script>\n<!-- \/ Yoast SEO plugin. -->","yoast_head_json":{"title":"Refluks - Multi-Mam","description":"Mo\u017eda \u0107ete primijetiti da va\u0161a beba izbacuje mlijeko tijekom ili odmah nakon dojenja. Ovo je uobi\u010dajena pojava i naziva se refluks i u ve\u0107ini slu\u010dajeva nije razlog za brigu.","robots":{"index":"index","follow":"follow","max-snippet":"max-snippet:-1","max-image-preview":"max-image-preview:large","max-video-preview":"max-video-preview:-1"},"canonical":"https:\/\/multi-mam.com\/hr\/savjeti-strucnjaka\/refluks\/","og_locale":"hr_HR","og_type":"article","og_title":"Refluks - Multi-Mam","og_description":"Mo\u017eda \u0107ete primijetiti da va\u0161a beba izbacuje mlijeko tijekom ili odmah nakon dojenja. Ovo je uobi\u010dajena pojava i naziva se refluks i u ve\u0107ini slu\u010dajeva nije razlog za brigu.","og_url":"https:\/\/multi-mam.com\/hr\/savjeti-strucnjaka\/refluks\/","og_site_name":"Multi-Mam","article_modified_time":"2023-08-02T14:27:06+00:00","twitter_card":"summary_large_image","twitter_misc":{"Est. reading time":"3 minutes"},"schema":{"@context":"https:\/\/schema.org","@graph":[{"@type":"WebPage","@id":"https:\/\/multi-mam.com\/hr\/savjeti-strucnjaka\/refluks\/","url":"https:\/\/multi-mam.com\/hr\/savjeti-strucnjaka\/refluks\/","name":"Refluks - Multi-Mam","isPartOf":{"@id":"https:\/\/multi-mam.com\/hr\/#website"},"datePublished":"2023-03-08T09:37:53+00:00","dateModified":"2023-08-02T14:27:06+00:00","description":"Mo\u017eda \u0107ete primijetiti da va\u0161a beba izbacuje mlijeko tijekom ili odmah nakon dojenja. Ovo je uobi\u010dajena pojava i naziva se refluks i u ve\u0107ini slu\u010dajeva nije razlog za brigu.","breadcrumb":{"@id":"https:\/\/multi-mam.com\/hr\/savjeti-strucnjaka\/refluks\/#breadcrumb"},"inLanguage":"hr-HR","potentialAction":[{"@type":"ReadAction","target":["https:\/\/multi-mam.com\/hr\/savjeti-strucnjaka\/refluks\/"]}]},{"@type":"BreadcrumbList","@id":"https:\/\/multi-mam.com\/hr\/savjeti-strucnjaka\/refluks\/#breadcrumb","itemListElement":[{"@type":"ListItem","position":1,"name":"Home","item":"https:\/\/multi-mam.com\/hr\/"},{"@type":"ListItem","position":2,"name":"Savjeti stru\u010dnjaka","item":"https:\/\/multi-mam.com\/hr\/savjeti-strucnjaka\/"},{"@type":"ListItem","position":3,"name":"Refluks"}]},{"@type":"WebSite","@id":"https:\/\/multi-mam.com\/hr\/#website","url":"https:\/\/multi-mam.com\/hr\/","name":"Multi-Mam","description":"","publisher":{"@id":"https:\/\/multi-mam.com\/hr\/#organization"},"potentialAction":[{"@type":"SearchAction","target":{"@type":"EntryPoint","urlTemplate":"https:\/\/multi-mam.com\/hr\/?s={search_term_string}"},"query-input":{"@type":"PropertyValueSpecification","valueRequired":true,"valueName":"search_term_string"}}],"inLanguage":"hr-HR"},{"@type":"Organization","@id":"https:\/\/multi-mam.com\/hr\/#organization","name":"Multi-Mam","url":"https:\/\/multi-mam.com\/hr\/","logo":{"@type":"ImageObject","inLanguage":"hr-HR","@id":"https:\/\/multi-mam.com\/hr\/#\/schema\/logo\/image\/","url":"https:\/\/multi-mam.com\/app\/uploads\/sites\/23\/2023\/03\/multi-mam-logotype.png","contentUrl":"https:\/\/multi-mam.com\/app\/uploads\/sites\/23\/2023\/03\/multi-mam-logotype.png","width":70,"height":96,"caption":"Multi-Mam"},"image":{"@id":"https:\/\/multi-mam.com\/hr\/#\/schema\/logo\/image\/"}}]}},"_links":{"self":[{"href":"https:\/\/multi-mam.com\/hr\/wp-json\/wp\/v2\/pages\/155","targetHints":{"allow":["GET"]}}],"collection":[{"href":"https:\/\/multi-mam.com\/hr\/wp-json\/wp\/v2\/pages"}],"about":[{"href":"https:\/\/multi-mam.com\/hr\/wp-json\/wp\/v2\/types\/page"}],"author":[{"embeddable":true,"href":"https:\/\/multi-mam.com\/hr\/wp-json\/wp\/v2\/users\/2"}],"replies":[{"embeddable":true,"href":"https:\/\/multi-mam.com\/hr\/wp-json\/wp\/v2\/comments?post=155"}],"version-history":[{"count":1,"href":"https:\/\/multi-mam.com\/hr\/wp-json\/wp\/v2\/pages\/155\/revisions"}],"predecessor-version":[{"id":162,"href":"https:\/\/multi-mam.com\/hr\/wp-json\/wp\/v2\/pages\/155\/revisions\/162"}],"up":[{"embeddable":true,"href":"https:\/\/multi-mam.com\/hr\/wp-json\/wp\/v2\/pages\/117"}],"wp:attachment":[{"href":"https:\/\/multi-mam.com\/hr\/wp-json\/wp\/v2\/media?parent=155"}],"wp:term":[{"taxonomy":"from-article-database","embeddable":true,"href":"https:\/\/multi-mam.com\/hr\/wp-json\/wp\/v2\/from-article-database?post=155"}],"curies":[{"name":"wp","href":"https:\/\/api.w.org\/{rel}","templated":true}]}}